{"id":9577,"date":"2024-09-08T19:25:43","date_gmt":"2024-09-08T19:25:43","guid":{"rendered":"https:\/\/travelshelper.com\/staging\/?page_id=9577"},"modified":"2026-03-13T23:08:33","modified_gmt":"2026-03-13T23:08:33","slug":"apia","status":"publish","type":"page","link":"https:\/\/travelshelper.com\/pt\/destinations\/australia-and-oceania\/samoa\/apia\/","title":{"rendered":"Apia"},"content":{"rendered":"<p>Localizada na segunda maior ilha de Samoa, na costa centro-norte, \u00c1pia, a vibrante capital, \u00e9 uma mistura especial de legado cultural e desenvolvimento moderno. Situada no distrito pol\u00edtico de Tuamasaga, \u00c1pia \u00e9 o centro pol\u00edtico, econ\u00f4mico e cultural de Samoa, sendo a \u00fanica cidade ali. Esta introdu\u00e7\u00e3o analisa a topografia, o clima, a infraestrutura e o centro de atividades do Pac\u00edfico que caracterizam a cidade.<\/p>\n<p>Com uma popula\u00e7\u00e3o de cerca de 35.974 habitantes segundo o censo de 2021, os limites f\u00edsicos de Apia abrangem a vila de Letogo, a leste, at\u00e9 a \u00e1rea industrializada da vila de Vaitele, a oeste. Estrategicamente localizada em um porto natural na foz do rio Vaisigano, a cidade oferece um cen\u00e1rio deslumbrante com o Monte Vaea, o \u00faltimo local de descanso do eminente escritor Robert Louis Stevenson, erguendo-se majestosamente ao sul. Duas grandes serras que se estendem para o sul, em ambos os lados do rio, definem o horizonte da cidade; estradas, incluindo a Cross Island Road, uma das poucas vias que atravessam a ilha de norte a sul, serpenteiam por essas serras.<\/p>\n<p>Apia se enquadra na classifica\u00e7\u00e3o clim\u00e1tica de K\u00f6ppen como &#034;Af&#034; e possui um ambiente de floresta tropical \u00famida. Temperaturas constantes durante todo o ano, com m\u00e9dia de aproximadamente 26\u00b0C (79\u00b0F), definem esse ambiente. A cidade tem uma esta\u00e7\u00e3o seca e outra chuvosa distintas; julho e agosto s\u00e3o os meses mais secos, com m\u00e9dias de precipita\u00e7\u00e3o de cerca de 80 mil\u00edmetros. Em compara\u00e7\u00e3o, o per\u00edodo mais chuvoso vai de dezembro a mar\u00e7o, e a precipita\u00e7\u00e3o mensal geralmente ultrapassa 300 mililitros. O ambiente tropical de Apia n\u00e3o define seu clima; em vez disso, ventos al\u00edsios e ciclones espor\u00e1dicos o moldam, produzindo padr\u00f5es clim\u00e1ticos distintos. A cidade recebe cerca de 3.000 mililitros de chuva anualmente, o que sustenta ecossistemas ricos e plantas luxuriantes.<\/p>\n<p>Crucial para o com\u00e9rcio exterior de Samoa, o Porto de Apia \u00e9 o maior e mais movimentado porto do pa\u00eds. Al\u00e9m das balsas que ligam Tokelau e Samoa Americana, ele abriga g\u00e1s GLP, importa\u00e7\u00f5es de combust\u00edvel e navios porta-cont\u00eaineres. Este movimentado porto enfatiza a import\u00e2ncia de Apia como porta de entrada para pessoas e com\u00e9rcio, possibilitando assim a intera\u00e7\u00e3o cultural e o desenvolvimento econ\u00f4mico.<\/p>\n<p>A infraestrutura de transporte da cidade \u00e9 bastante desenvolvida e apresenta um sistema vi\u00e1rio completo e tipicamente bem conservado. Embora as estradas n\u00e3o pavimentadas atendam a um tr\u00e1fego menos regular, a maioria das estradas principais \u00e9 pavimentada. Seguindo os padr\u00f5es regionais, os ve\u00edculos trafegam pelo lado esquerdo da estrada desde setembro de 2009. O governo samoano iniciou uma reforma significativa das vias arteriais ao redor da \u00c1rea Urbana de Apia em 2012, alargando progressivamente rodovias importantes para lidar com o crescente volume de tr\u00e1fego.<\/p>\n<p>Apia \u00e9 atendida por uma grande rede privatizada de \u00f4nibus e t\u00e1xis, embora n\u00e3o haja ferrovias ou bondes. Dentro da cidade, caminhar ainda \u00e9 um meio de transporte popular; as pessoas costumam percorrer pequenas dist\u00e2ncias a p\u00e9. Embora motocicletas e bicicletas sejam relativamente raras, o aumento da propriedade de carros causou congestionamentos e, consequentemente, grandes gastos em infraestrutura vi\u00e1ria.<\/p>\n<p>A principal entrada estrangeira para Samoa \u00e9 o Aeroporto Internacional Faleolo, a quarenta minutos de carro a oeste de Apia. Grandes companhias a\u00e9reas nacionais, como a Polynesian Airlines e a Talofa Airways, operam voos de Samoa para a regi\u00e3o do Pac\u00edfico e al\u00e9m. O aeroporto menor de Fagali, o Aeroporto de Fagali&#039;i, tamb\u00e9m historicamente possibilitou voos dom\u00e9sticos e algumas rotas internacionais para Pago Pago, na Samoa Americana, melhorando assim a conectividade tanto para moradores quanto para visitantes.<\/p>","protected":false},"excerpt":{"rendered":"<p>Localizada na segunda maior ilha de Samoa, na costa centro-norte, \u00c1pia, a vibrante capital, \u00e9 uma mistura especial de legado cultural e desenvolvimento moderno. Situada no distrito pol\u00edtico de Tuamasaga, \u00c1pia \u00e9 o centro pol\u00edtico, econ\u00f4mico e cultural de Samoa, sendo a \u00fanica cidade ali. Esta introdu\u00e7\u00e3o analisa a topografia, o clima, a infraestrutura e o centro de atividades do Pac\u00edfico que caracterizam a cidade.<\/p>","protected":false},"author":1,"featured_media":4230,"parent":9568,"menu_order":0,"comment_status":"closed","ping_status":"closed","template":"elementor_theme","meta":{"_eb_attr":"","footnotes":""},"class_list":["post-9577","page","type-page","status-publish","has-post-thumbnail"],"_links":{"self":[{"href":"https:\/\/travelshelper.com\/pt\/wp-json\/wp\/v2\/pages\/9577","targetHints":{"allow":["GET"]}}],"collection":[{"href":"https:\/\/travelshelper.com\/pt\/wp-json\/wp\/v2\/pages"}],"about":[{"href":"https:\/\/travelshelper.com\/pt\/wp-json\/wp\/v2\/types\/page"}],"author":[{"embeddable":true,"href":"https:\/\/travelshelper.com\/pt\/wp-json\/wp\/v2\/users\/1"}],"replies":[{"embeddable":true,"href":"https:\/\/travelshelper.com\/pt\/wp-json\/wp\/v2\/comments?post=9577"}],"version-history":[{"count":0,"href":"https:\/\/travelshelper.com\/pt\/wp-json\/wp\/v2\/pages\/9577\/revisions"}],"up":[{"embeddable":true,"href":"https:\/\/travelshelper.com\/pt\/wp-json\/wp\/v2\/pages\/9568"}],"wp:featuredmedia":[{"embeddable":true,"href":"https:\/\/travelshelper.com\/pt\/wp-json\/wp\/v2\/media\/4230"}],"wp:attachment":[{"href":"https:\/\/travelshelper.com\/pt\/wp-json\/wp\/v2\/media?parent=9577"}],"curies":[{"name":"wp","href":"https:\/\/api.w.org\/{rel}","templated":true}]}}