{"id":9568,"date":"2024-09-08T19:18:21","date_gmt":"2024-09-08T19:18:21","guid":{"rendered":"https:\/\/travelshelper.com\/staging\/?page_id=9568"},"modified":"2026-03-13T23:09:26","modified_gmt":"2026-03-13T23:09:26","slug":"samoa","status":"publish","type":"page","link":"https:\/\/travelshelper.com\/pt\/destinations\/australia-and-oceania\/samoa\/","title":{"rendered":"Samoa"},"content":{"rendered":"<p>Oficialmente o Estado Independente de Samoa, Samoa \u00e9 uma fascinante na\u00e7\u00e3o insular polin\u00e9sia com rica hist\u00f3ria, cultura e beleza natural. Refletindo sua orienta\u00e7\u00e3o geogr\u00e1fica para o Oceano Pac\u00edfico, foi conhecida como Samoa Ocidental at\u00e9 1997. Juntamente com duas ilhas menores habitadas, Manono e Apolima, esta na\u00e7\u00e3o insular \u00e9 composta por duas ilhas principais: Savai&#039;i e Upolu; v\u00e1rias ilhas desabitadas, notadamente as Ilhas Aleipata \u2014 Nu&#039;utele, Nu&#039;ulua, Fanuatapu e Namua. Estrategicamente posicionada no Pac\u00edfico, Samoa fica a 64 km a oeste da Samoa Americana e pr\u00f3xima a outras ilhas do Pac\u00edfico, incluindo Tonga, Fiji, Wallis e Futuna, servindo como um centro de jun\u00e7\u00e3o hist\u00f3rica e cultural.<\/p>\n<p>O centro de Samoa \u00e9 \u00c1pia, a capital, onde o governo contempor\u00e2neo se mistura com a cultura ancestral. H\u00e1 cerca de 3.500 anos, o povo Lapita \u2014 conhecido por sua habilidade na navega\u00e7\u00e3o \u2014 foi o primeiro a encontrar e ocupar as Ilhas Samoa. A constru\u00e7\u00e3o das bases da l\u00edngua e da identidade cultural samoanas \u2014 que resistiram ao tempo e \u00e0s influ\u00eancias externas \u2014 nos ajuda a compreend\u00ea-los.<\/p>\n<p>Com 11 divis\u00f5es administrativas, cada uma com sua pr\u00f3pria base cultural e constitucional, Samoa funciona como uma democracia parlamentar unificada. O caminho de Samoa para a independ\u00eancia, como um estado soberano membro da Comunidade das Na\u00e7\u00f5es, \u00e9 uma evid\u00eancia de sua tenacidade e autonomia. De 1899 a 1915, foi uma col\u00f4nia alem\u00e3; posteriormente, esteve sob controle conjunto brit\u00e2nico e neozeland\u00eas at\u00e9 conquistar a independ\u00eancia em 1\u00ba de janeiro de 1962. Os sistemas governamentais e sociais de Samoa refletem esse legado de influ\u00eancia colonial, por\u00e9m, a regi\u00e3o manteve seu pr\u00f3prio car\u00e1ter cultural.<\/p>\n<p>Conhecido como Fa\u02bba S\u0101moa, o modo de vida tradicional samoano ainda exerce grande influ\u00eancia nos \u00e2mbitos social e pol\u00edtico. Constru\u00eddo ao longo de 3.000 anos, sua estrutura cultural destaca a fam\u00edlia, o respeito e a comunidade. Fa\u02bba S\u0101moa preservou seus costumes, institui\u00e7\u00f5es sociais e idioma, apesar de d\u00e9cadas de influ\u00eancia europeia. Os pilares da identidade samoana s\u00e3o costumes culturais, incluindo a &#034;cerim\u00f4nia ava&#034;, um ritual s\u00f3brio para conceder t\u00edtulos de chefe matai, e a confec\u00e7\u00e3o da fina &#034;ie toga&#034;.<\/p>\n<p>Rica em deuses, contos da cria\u00e7\u00e3o e figuras lend\u00e1rias como Tagaloa e Nafanua \u2014 a deusa da guerra \u2014, a mitologia samoana coexiste com o cristianismo, que o povo samoano adotou e trouxe por mission\u00e1rios. Embora cren\u00e7as e pr\u00e1ticas antigas ainda flores\u00e7am, especialmente em rela\u00e7\u00e3o a Fa\u02bba Samoa, hoje cerca de 98% dos samoanos se identificam como crist\u00e3os.<\/p>\n<p>A sociedade samoana \u00e9 conhecida pela vida em comunidade; as tradicionais moradias abertas, ou fale, s\u00e3o a melhor representa\u00e7\u00e3o desse estilo de vida. Essas constru\u00e7\u00f5es, sem muros, criam isolamento e prote\u00e7\u00e3o ambiental com o uso de folhas de coqueiro. As poderosas dan\u00e7as sasa e fa&#039;ataupati retratam a v\u00edvida express\u00e3o cultural do povo samoano, enquanto os movimentos suaves da dan\u00e7a siva samoana \u2014 que conta uma hist\u00f3ria \u2014 evidenciam suas celebra\u00e7\u00f5es e os encontros comunit\u00e1rios giram em torno dessas dan\u00e7as, acompanhados pelo ritmo de esteiras enroladas ou tambores de madeira.<\/p>\n<p>Outra evid\u00eancia do rico legado cultural da ilha \u00e9 a habilidade construtiva dos Tufuga fai fale, construtores tradicionais samoanos. Esses construtores tamb\u00e9m contribuem para a forma\u00e7\u00e3o da estrutura mais ampla das formas de arte cultural samoana.<\/p>","protected":false},"excerpt":{"rendered":"<p>Oficialmente o Estado Independente de Samoa, Samoa \u00e9 uma fascinante na\u00e7\u00e3o insular polin\u00e9sia com rica hist\u00f3ria, cultura e beleza natural. Refletindo sua orienta\u00e7\u00e3o geogr\u00e1fica para o Oceano Pac\u00edfico, foi conhecida como Samoa Ocidental at\u00e9 1997. Juntamente com duas ilhas menores habitadas, Manono e Apolima, esta na\u00e7\u00e3o insular \u00e9 composta por duas ilhas principais: Savai&#039;i e Upolu; v\u00e1rias ilhas desabitadas, notadamente as Ilhas Aleipata \u2014 Nu&#039;utele, Nu&#039;ulua, Fanuatapu e Namua. Estrategicamente posicionada no Pac\u00edfico, Samoa fica a 64 km a oeste da Samoa Americana e pr\u00f3xima a outras ilhas do Pac\u00edfico, incluindo Tonga, Fiji, Wallis e Futuna, servindo como um centro de jun\u00e7\u00e3o hist\u00f3rica e cultural.<\/p>","protected":false},"author":1,"featured_media":3536,"parent":24105,"menu_order":0,"comment_status":"closed","ping_status":"closed","template":"elementor_theme","meta":{"_eb_attr":"","footnotes":""},"class_list":["post-9568","page","type-page","status-publish","has-post-thumbnail"],"_links":{"self":[{"href":"https:\/\/travelshelper.com\/pt\/wp-json\/wp\/v2\/pages\/9568","targetHints":{"allow":["GET"]}}],"collection":[{"href":"https:\/\/travelshelper.com\/pt\/wp-json\/wp\/v2\/pages"}],"about":[{"href":"https:\/\/travelshelper.com\/pt\/wp-json\/wp\/v2\/types\/page"}],"author":[{"embeddable":true,"href":"https:\/\/travelshelper.com\/pt\/wp-json\/wp\/v2\/users\/1"}],"replies":[{"embeddable":true,"href":"https:\/\/travelshelper.com\/pt\/wp-json\/wp\/v2\/comments?post=9568"}],"version-history":[{"count":0,"href":"https:\/\/travelshelper.com\/pt\/wp-json\/wp\/v2\/pages\/9568\/revisions"}],"up":[{"embeddable":true,"href":"https:\/\/travelshelper.com\/pt\/wp-json\/wp\/v2\/pages\/24105"}],"wp:featuredmedia":[{"embeddable":true,"href":"https:\/\/travelshelper.com\/pt\/wp-json\/wp\/v2\/media\/3536"}],"wp:attachment":[{"href":"https:\/\/travelshelper.com\/pt\/wp-json\/wp\/v2\/media?parent=9568"}],"curies":[{"name":"wp","href":"https:\/\/api.w.org\/{rel}","templated":true}]}}