{"id":9534,"date":"2024-09-08T17:58:51","date_gmt":"2024-09-08T17:58:51","guid":{"rendered":"https:\/\/travelshelper.com\/staging\/?page_id=9534"},"modified":"2026-03-13T23:07:31","modified_gmt":"2026-03-13T23:07:31","slug":"tonga","status":"publish","type":"page","link":"https:\/\/travelshelper.com\/pt\/destinations\/australia-and-oceania\/tonga\/","title":{"rendered":"Tonga"},"content":{"rendered":"<p>Situada no centro da Polin\u00e9sia, uma sub-regi\u00e3o da Oceania, Tonga \u00e9 uma interessante na\u00e7\u00e3o insular, formalmente conhecida como Reino de Tonga. Bela e com um rico legado cultural, Tonga \u00e9 um pa\u00eds insular. Composta por 171 ilhas, das quais apenas 45 s\u00e3o habitadas, esta na\u00e7\u00e3o insular se estende por uma grande dist\u00e2ncia pelo sul do Oceano Pac\u00edfico. A superf\u00edcie total de Tonga \u00e9 de apenas 750.000 quil\u00f4metros quadrados (290.000 milhas quadradas), mas suas ilhas est\u00e3o espalhadas por impressionantes 700.000 quil\u00f4metros quadrados (270.000 milhas quadradas). Em 2021, cerca de 70% dos 104.494 habitantes de Tonga viviam na ilha principal, Tongatapu.<\/p>\n<p>Geograficamente, Tonga \u00e9 um arquip\u00e9lago singular que se estende por aproximadamente 800 quil\u00f4metros (500 milhas) de norte a sul. Seus vizinhos incluem Wallis e Futuna (Fran\u00e7a), Fiji a noroeste, Samoa a nordeste, Vanuatu e Nova Caled\u00f4nia (Fran\u00e7a) a oeste, Niue a leste e Kermadec (Nova Zel\u00e2ndia) a sudoeste. A cerca de 1.800 quil\u00f4metros (1.100 milhas) da Ilha Norte da Nova Zel\u00e2ndia, Tonga \u00e9 uma parte significativa do complexo terreno geopol\u00edtico do Pac\u00edfico.<\/p>\n<p>T\u00e3o intrigante quanto a topografia de Tonga \u00e9 sua hist\u00f3ria. A civiliza\u00e7\u00e3o Lapita, um grupo de imigrantes polin\u00e9sios, estabeleceu-se nas ilhas h\u00e1 cerca de 2.500 anos, preparando assim as bases para o futuro povo tongan\u00eas. Ao criar progressivamente uma identidade \u00e9tnica, l\u00edngua e cultura distintas, esses imigrantes tornaram-se bastante proeminentes no Pac\u00edfico Sul. Conhecido como Imp\u00e9rio Tu\u02bbi Tonga, o primeiro rei tongan\u00eas, \u02bbAho\u02bbeitu, governou durante essa era de coloniza\u00e7\u00e3o e expansionismo tongan\u00eas.<\/p>\n<p>Sob o reinado de \u02bbAho\u02bbeitu e seus sucessores, Tonga evoluiu para uma talassocracia e uma pot\u00eancia regional com ampla influ\u00eancia sobre o Pac\u00edfico. De partes das Ilhas Salom\u00e3o e toda a Nova Caled\u00f4nia e Fiji, a oeste, at\u00e9 Samoa, Niue e at\u00e9 mesmo partes da atual Polin\u00e9sia Francesa, a leste, o Imp\u00e9rio Tu\u02bbi Tonga subjugou e governou um territ\u00f3rio consider\u00e1vel. O imp\u00e9rio tornou-se conhecido por sua influ\u00eancia econ\u00f4mica, \u00e9tnica e cultural, que perdurou por muito tempo ap\u00f3s a rebeli\u00e3o samoana do s\u00e9culo XIII e a eventual descoberta das ilhas pelos europeus em 1616.<\/p>\n<p>A rela\u00e7\u00e3o \u00fanica de Tonga com as pot\u00eancias coloniais define sua hist\u00f3ria moderna. De 1900 a 1970, Tonga foi um estado protegido pela Gr\u00e3-Bretanha, protegido por um Tratado de Amizade. Embora Tonga nunca tenha cedido sua soberania a um pa\u00eds estrangeiro, o Reino Unido supervisionou sua pol\u00edtica externa nesse per\u00edodo. Esse compromisso incans\u00e1vel com a soberania \u00e9 prova da vontade do povo tongan\u00eas de preservar sua liberdade.<\/p>\n<p>Tonga avan\u00e7ou significativamente em dire\u00e7\u00e3o ao governo moderno em 2010, passando de uma monarquia absoluta convencional para uma monarquia semiconstitucional. Essa mudan\u00e7a ocorreu em parte gra\u00e7as \u00e0s reformas legislativas que abriram caminho para as primeiras elei\u00e7\u00f5es representativas parciais do pa\u00eds. Essa evolu\u00e7\u00e3o pol\u00edtica demonstra o compromisso cont\u00ednuo de Tonga em equilibrar o modernismo com a heran\u00e7a, mantendo assim a relev\u00e2ncia e a funcionalidade de seus sistemas de governo no s\u00e9culo XXI.<\/p>\n<p>A presen\u00e7a mundial de Tonga \u00e9 demonstrada por sua participa\u00e7\u00e3o em diversos grupos importantes. Faz parte das Na\u00e7\u00f5es Unidas, do F\u00f3rum das Ilhas do Pac\u00edfico, da Alian\u00e7a dos Pequenos Estados Insulares e da Comunidade das Na\u00e7\u00f5es. Essas alian\u00e7as demonstram o envolvimento de Tonga em assuntos regionais e globais, bem como seu compromisso em enfrentar os desafios espec\u00edficos que as pequenas na\u00e7\u00f5es insulares enfrentam.<\/p>","protected":false},"excerpt":{"rendered":"<p>Situada no centro da Polin\u00e9sia, uma sub-regi\u00e3o da Oceania, Tonga \u00e9 uma interessante na\u00e7\u00e3o insular, formalmente conhecida como Reino de Tonga. Bela e com um rico legado cultural, Tonga \u00e9 um pa\u00eds insular. Composta por 171 ilhas, das quais apenas 45 s\u00e3o habitadas, esta na\u00e7\u00e3o insular se estende por uma grande dist\u00e2ncia pelo sul do Oceano Pac\u00edfico. A superf\u00edcie total de Tonga \u00e9 de apenas 750.000 quil\u00f4metros quadrados (290.000 milhas quadradas), mas suas ilhas est\u00e3o espalhadas por impressionantes 700.000 quil\u00f4metros quadrados (270.000 milhas quadradas). Em 2021, cerca de 70% dos 104.494 habitantes de Tonga viviam na ilha principal, Tongatapu.<\/p>","protected":false},"author":1,"featured_media":4050,"parent":24105,"menu_order":0,"comment_status":"closed","ping_status":"closed","template":"elementor_theme","meta":{"_eb_attr":"","footnotes":""},"class_list":["post-9534","page","type-page","status-publish","has-post-thumbnail"],"_links":{"self":[{"href":"https:\/\/travelshelper.com\/pt\/wp-json\/wp\/v2\/pages\/9534","targetHints":{"allow":["GET"]}}],"collection":[{"href":"https:\/\/travelshelper.com\/pt\/wp-json\/wp\/v2\/pages"}],"about":[{"href":"https:\/\/travelshelper.com\/pt\/wp-json\/wp\/v2\/types\/page"}],"author":[{"embeddable":true,"href":"https:\/\/travelshelper.com\/pt\/wp-json\/wp\/v2\/users\/1"}],"replies":[{"embeddable":true,"href":"https:\/\/travelshelper.com\/pt\/wp-json\/wp\/v2\/comments?post=9534"}],"version-history":[{"count":0,"href":"https:\/\/travelshelper.com\/pt\/wp-json\/wp\/v2\/pages\/9534\/revisions"}],"up":[{"embeddable":true,"href":"https:\/\/travelshelper.com\/pt\/wp-json\/wp\/v2\/pages\/24105"}],"wp:featuredmedia":[{"embeddable":true,"href":"https:\/\/travelshelper.com\/pt\/wp-json\/wp\/v2\/media\/4050"}],"wp:attachment":[{"href":"https:\/\/travelshelper.com\/pt\/wp-json\/wp\/v2\/media?parent=9534"}],"curies":[{"name":"wp","href":"https:\/\/api.w.org\/{rel}","templated":true}]}}