{"id":9044,"date":"2024-09-07T10:13:08","date_gmt":"2024-09-07T10:13:08","guid":{"rendered":"https:\/\/travelshelper.com\/staging\/?page_id=9044"},"modified":"2026-03-13T16:27:47","modified_gmt":"2026-03-13T16:27:47","slug":"antigua-guatemala","status":"publish","type":"page","link":"https:\/\/travelshelper.com\/pt\/destinations\/north-america\/guatemala\/antigua\/","title":{"rendered":"Antigua Guatemala"},"content":{"rendered":"<p>Ant\u00edgua Guatemala est\u00e1 situada em meio \u00e0s terras altas onduladas da Guatemala central, uma cidade com cerca de 34.685 habitantes, segundo o censo de 2007, servindo como sede do Departamento de Sacatep\u00e9quez. Antigamente, lar de cerca de 65.000 habitantes em seu apogeu no s\u00e9culo XVIII, a cidade ocupa uma \u00e1rea definida por cristas vulc\u00e2nicas e vales f\u00e9rteis que moldaram sua ascens\u00e3o como capital colonial e Patrim\u00f4nio Mundial da UNESCO. Suas fachadas barrocas e seu tra\u00e7ado ortogonal colocam Ant\u00edgua no centro da mem\u00f3ria hist\u00f3rica guatemalteca. No espa\u00e7o de meio mil\u00eanio, convuls\u00f5es s\u00edsmicas e a resili\u00eancia humana forjaram um local cujas tranquilas art\u00e9rias de paralelep\u00edpedos sussurram tanto a grandeza imperial quanto o dinamismo contempor\u00e2neo.<\/p>\n<p>Fundada em 1543 como capital da Capitania Geral da Guatemala, Ant\u00edgua rapidamente assumiu um papel de primazia regional. A vista panor\u00e2mica da cidade \u2014 emoldurada pelo Vulc\u00e3o de \u00c1gua e seus irm\u00e3os vulc\u00e2nicos g\u00eameos \u2014 convidou urbanistas a tra\u00e7ar uma malha palaciana coroada por grandiosos complexos eclesi\u00e1sticos. Ao longo dos s\u00e9culos seguintes, arquitetos e artes\u00e3os imbu\u00edram os edif\u00edcios p\u00fablicos com um vocabul\u00e1rio barroco austero: pilastras, front\u00f5es arqueados e portais elaboradamente esculpidos. Em meados do s\u00e9culo XVIII, as pra\u00e7as e portais de Ant\u00edgua exemplificavam o refinamento metropolitano nos confins do sul da Nova Espanha, reputa\u00e7\u00e3o selada quando a UNESCO inscreveu a cidade em sua lista do Patrim\u00f4nio Mundial em 1979.<\/p>\n<p>O terremoto de 29 de julho de 1773 destruiu os alicerces da cidade e espalhou sua popula\u00e7\u00e3o pelo interior. Ap\u00f3s o tremor, a maioria dos moradores fugiu para a seguran\u00e7a da Cidade da Guatemala, deixando Ant\u00edgua definhando em ru\u00ednas. Por d\u00e9cadas, igrejas, reparti\u00e7\u00f5es p\u00fablicas e conventos permaneceram como mon\u00f3litos ocos \u2014 testemunhos tanto da fragilidade ecol\u00f3gica quanto da resist\u00eancia humana. Foi somente em 1944, quando o presidente Jorge Ubico declarou os remanescentes como Monumento Nacional, que uma preserva\u00e7\u00e3o s\u00e9ria come\u00e7ou. Artes\u00e3os retornaram aos portais em ru\u00ednas, enxertando nova argamassa em pedras desgastadas pelo tempo, e os primeiros esfor\u00e7os de reconstru\u00e7\u00e3o parcial come\u00e7aram a trazer vida de volta \u00e0s portas abandonadas.<\/p>\n<p>O Parque Central continua sendo o cora\u00e7\u00e3o pulsante da vida urbana, com suas passarelas circulares conc\u00eantricas irradiando de uma fonte restaurada do s\u00e9culo XVII. L\u00e1, os moradores se re\u00fanem sob as \u00e1rvores enfeitadas ao meio-dia e novamente ao entardecer, quando o ar esfria e a pra\u00e7a brilha \u00e0 luz de lampi\u00f5es. Em seu flanco norte, ergue-se o Arco de Santa Catalina, originalmente concebido no s\u00e9culo XVII como uma passagem coberta para freiras enclausuradas. Sua esbelta torre do rel\u00f3gio, enxertada na d\u00e9cada de 1830, agora emoldura uma das imagens fotogr\u00e1ficas mais ic\u00f4nicas da regi\u00e3o: a forma p\u00e1lida do arco em contraste com a silhueta imponente do Vulc\u00e3o de \u00c1gua.<\/p>\n<p>A cada Quaresma, Ant\u00edgua assume uma singularidade devota. A partir da Quarta-feira de Cinzas, paroquianos e peregrinos visitantes percorrem as rotas processionais suavizadas por milhares de passos. Sob seus p\u00e9s, tapetes ef\u00eameros \u2014 tecidos com serragem tingida, p\u00e9talas de flores, agulhas de pinheiro e, \u00e0s vezes, frutas maduras \u2014 transformam as pedras do cal\u00e7amento em tape\u00e7arias vibrantes. Semana ap\u00f3s semana, confrarias eclesi\u00e1sticas patrocinam essas obras de arte ef\u00eameras, culminando na solenidade da Semana Santa no Domingo de Ramos e na Sexta-feira Santa. Nesses momentos, as camadas de f\u00e9 e hist\u00f3ria da cidade convergem enquanto o incenso flutua em torno de claustros em ru\u00ednas e portais barrocos.<\/p>\n<p>O turismo se tornou o principal motor econ\u00f4mico da cidade. Ant\u00edgua agora funciona como um centro para exploradores com destino \u00e0s florestas tropicais da Am\u00e9rica Central, vilas nas terras altas e costas caribenhas. Excurs\u00f5es de cruzeiros partindo de portos do Pac\u00edfico e do Atl\u00e2ntico frequentemente incluem Ant\u00edgua em seus itiner\u00e1rios, atraindo milhares de pessoas para passear por suas ruas todos os dias. Uma pr\u00f3spera comunidade de aposentados, formada por expatriados da Am\u00e9rica do Norte e da Europa, empresta um toque internacional aos caf\u00e9s e mercados de artesanato locais, infundindo \u00e0 cidade uma demanda constante por servi\u00e7os e comodidades.<\/p>\n<p>A agricultura j\u00e1 sustentou a popula\u00e7\u00e3o de Ant\u00edgua tanto quanto o com\u00e9rcio. As plan\u00edcies ao redor produziam colheitas abundantes \u2014 milho, feij\u00e3o e \u00e1rvores frut\u00edferas prosperavam em solos vulc\u00e2nicos de fertilidade prodigiosa. O cultivo do caf\u00e9 surgiu posteriormente como uma cultura comercial, com os gr\u00e3os da regi\u00e3o valorizados pela cooperativa nacional Anacaf\u00e9. Nas \u00faltimas d\u00e9cadas, pequenas planta\u00e7\u00f5es e cooperativas t\u00eam encantado visitantes que buscam tanto as bebidas de tom \u00e2mbar quanto a experi\u00eancia de conhecer as tradi\u00e7\u00f5es do gr\u00e3o \u00e0 x\u00edcara.<\/p>\n<p>Programas de imers\u00e3o lingu\u00edstica est\u00e3o entre as ofertas mais diferenciadas da cidade. Institutos de ensino de espanhol cresceram como um tecido secund\u00e1rio para a economia, recebendo estudantes da Europa, \u00c1sia e Am\u00e9rica do Norte. As salas de aula t\u00eam vista para p\u00e1tios de azulejos e buganv\u00edlias floridas, onde os instrutores orientam exerc\u00edcios de gram\u00e1tica e conversa\u00e7\u00e3o em meio ao burburinho dos mercados locais. Para muitos, Ant\u00edgua serve como ponto de entrada n\u00e3o apenas para o espanhol guatemalteco, mas tamb\u00e9m para a compreens\u00e3o da cultura ind\u00edgena, dos legados coloniais e das identidades em camadas que comp\u00f5em a Am\u00e9rica Central moderna.<\/p>\n<p>As op\u00e7\u00f5es culin\u00e1rias abrangem o familiar e o ex\u00f3tico. No mercado municipal, ao lado da rodovi\u00e1ria central, vendedores servem caf\u00e9 da manh\u00e3 chap\u00edn com feij\u00e3o refrito, ovo frito, banana-da-terra e queijo fresco, tudo acompanhado de tortilhas artesanais. Al\u00e9m desse centro, restaurantes oferecem tapas de estilo mediterr\u00e2neo, pizzas de massa fina, tigelas de ramen, hamb\u00fargueres e tortas de estilo brit\u00e2nico. Confeiteiros criam \u00e9clairs e croissants cujas coberturas brilham sob as luzes das vitrines. Por meio dessas ofertas, a cena gastron\u00f4mica de Ant\u00edgua reflete uma justaposi\u00e7\u00e3o de tradi\u00e7\u00e3o local e influ\u00eancia global, cada prato um microcosmo da personalidade evolutiva da cidade.<\/p>\n<p>A malha vi\u00e1ria da cidade se estende do Parque Central como ponto de origem, uma malha de avenidas e calles alinhada por uma b\u00fassola. As avenidas numeradas de um a oito correm no sentido norte-sul, indicadas como norte ou sul por sua latitude em rela\u00e7\u00e3o \u00e0 5\u00aa Calle. Transversalmente, as ruas de um a nove correm no sentido leste-oeste, identificadas como orient ou poniente pela longitude em rela\u00e7\u00e3o \u00e0 4\u00aa Avenida. A maioria das esquinas n\u00e3o possui sinaliza\u00e7\u00e3o, convidando os rec\u00e9m-chegados a consultar conselhos locais ou correr o risco de vagar sem rumo por paralelep\u00edpedos cujas superf\u00edcies irregulares refletem s\u00e9culos de tr\u00e1fego de pedestres.<\/p>\n<p>As ru\u00ednas da era colonial de Ant\u00edgua est\u00e3o entre suas atra\u00e7\u00f5es mais fascinantes. Os restos mortais de conventos e edif\u00edcios civis evocam narrativas de aspira\u00e7\u00e3o divina e ru\u00edna s\u00edsmica. Ap\u00f3s o terremoto de 1773, as estruturas permaneceram abandonadas at\u00e9 que esfor\u00e7os de conserva\u00e7\u00e3o em meados do s\u00e9culo XX as tornaram acess\u00edveis novamente. Os visitantes que entram nesses espa\u00e7os se deparam com palimpsestos em camadas de alvenaria \u2014 portas semi-fechadas, ab\u00f3badas arqueadas, por\u00e9m sem sustenta\u00e7\u00e3o, e fachadas com vest\u00edgios de pedra esculpida que sobreviveram \u00e0 f\u00faria do tremor.<\/p>\n<p>A Catedral de S\u00e3o Jos\u00e9, cuja fachada data de 1680, persiste como um dos portais barrocos mais grandiosos da Am\u00e9rica Central. A maior parte de sua nave sucumbiu ao tremor, mas o frontisp\u00edcio ornamentado permanece praticamente intacto. A reconstru\u00e7\u00e3o do s\u00e9culo XIX permitiu que o edif\u00edcio retomasse suas fun\u00e7\u00f5es eclesi\u00e1sticas, enquanto suas ru\u00ednas testemunham a habilidade e a f\u00e9 dos artes\u00e3os do s\u00e9culo XVIII. Perto dali, o Col\u00e9gio de S\u00e3o Jer\u00f4nimo oferece um contraste de escala intimista \u2014 uma escola de curta dura\u00e7\u00e3o, conclu\u00edda em 1757, que abrigou frades merced\u00e1rios antes de ser convertida em alf\u00e2ndega. Seus jardins claustrais, centrados em uma graciosa fonte, agora servem como locais para recitais de dan\u00e7a e festivais culturais, emoldurando vistas do vulc\u00e3o distante.<\/p>\n<p>A leste, o Convento das Capuchinhas preserva as celas silenciosas outrora habitadas pelas freiras de Sarago\u00e7a. Paredes fragmentadas d\u00e3o lugar a jardins internos, onde buganv\u00edlias e \u00e1rvores c\u00edtricas florescem em canteiros geom\u00e9tricos. Subindo a um terra\u00e7o, os visitantes desfrutam de uma vista panor\u00e2mica dos telhados de azulejos e das terras altas circundantes. Uma curta caminhada leva ao Convento de Santa Clara, cuja fachada posterior, ricamente ornamentada com estuque moldado, registra o gosto elaborado das irm\u00e3s franciscanas. Sob seus arcos, um jardim no p\u00e1tio coleta luz para a medita\u00e7\u00e3o vespertina e a contempla\u00e7\u00e3o silenciosa.<\/p>\n<p>Entre as ru\u00ednas eclesi\u00e1sticas mais visitadas est\u00e1 San Francisco el Grande. Sua forma de m\u00faltiplas c\u00fapulas abriga os restos mortais de Hermano Pedro de San Jos\u00e9 Betancurt, o primeiro santo nativo da Guatemala a ser canonizado. Parcialmente reconstru\u00edda ap\u00f3s o terremoto, a igreja permanece ativa e abriga um modesto museu dedicado \u00e0 vida de servi\u00e7o do santo aos indigentes. A poucos quarteir\u00f5es a oeste, o vasto complexo de La Recolecci\u00f3n se estende em dire\u00e7\u00e3o \u00e0 esta\u00e7\u00e3o rodovi\u00e1ria. Outrora um mosteiro recoleto, sofreu terremotos em 1717 e 1753 antes que o terremoto de Santa Marta em 1773 o reduzisse a uma concha cavernosa. A tranquilidade permeia seus jardins, permitindo aos visitantes percorrer seus caminhos no claustro em solid\u00e3o contemplativa.<\/p>\n<p>O Museu das Tradi\u00e7\u00f5es da Semana Santa est\u00e1 instalado no antigo convento de Sor Juana de Maldonado, onde pain\u00e9is est\u00e1ticos e instala\u00e7\u00f5es de v\u00eddeo recontam as prociss\u00f5es quaresmais de Ant\u00edgua. Na 4\u00aa Calle Oriente, o Museu Numism\u00e1tico do Banco Industrial apresenta a hist\u00f3ria monet\u00e1ria do pa\u00eds, com suas galerias compactas exibindo moedas coloniais e esp\u00e9cimes modernos. Pr\u00f3ximo, o ChocoMuseo convida os visitantes a temperar chocolate e aprender sobre o cultivo do cacau \u2014 do gr\u00e3o \u00e0 barra \u2014, e o Museu Casa del Tejido Antiguo ilustra t\u00e9cnicas de tecelagem maia ao longo dos s\u00e9culos, com seus artes\u00e3os em teares oferecendo tecidos para compra. Ao sul da pra\u00e7a, o Museu Santiago de los Caballeros ocupa o antigo Pal\u00e1cio dos Capitanes Generales, exibindo artefatos pr\u00e9-hisp\u00e2nicos e rel\u00edquias coloniais.<\/p>\n<p>Essas m\u00faltiplas camadas de hist\u00f3ria convergem no Parque Central, onde arcos coloniais se encontram com bancos contempor\u00e2neos e vendedores ambulantes vendem cart\u00f5es-postais sob as copas de jacarand\u00e1. As art\u00e9rias de pedra de Ant\u00edgua carregam uma intrincada estratifica\u00e7\u00e3o temporal, unindo designs de inspira\u00e7\u00e3o asteca, floreios barrocos espanh\u00f3is e o com\u00e9rcio moderno impulsionado pelo turismo. A narrativa da cidade emerge n\u00e3o em uma \u00e9poca, mas em v\u00e1rias \u2014 seus vest\u00edgios e reconstru\u00e7\u00f5es coexistem em um presente vivido que honra o passado sem nostalgia.<\/p>\n<p>Em cada verga rachada e em cada rua iluminada pelo p\u00f4r do sol, Antigua Guatemala se revela como uma cidade em di\u00e1logo cont\u00ednuo: entre meio ambiente e arquitetura, entre mem\u00f3ria e renova\u00e7\u00e3o, e entre peregrina\u00e7\u00e3o e cotidiano. Suas fachadas barrocas e ru\u00ednas salpicadas de musgo narram uma cr\u00f4nica de ambi\u00e7\u00e3o, f\u00e9, colapso e renascimento. Para o viajante que percorre suas ruas com passos atentos, a cidade oferece mais do que fotografias e cart\u00f5es-postais; ela oferece hist\u00f3rias cheias de nuances, entrela\u00e7adas em cada arco e p\u00e1tio, \u00e0 espera de serem descobertas por aqueles dispostos a ouvir.<\/p>","protected":false},"excerpt":{"rendered":"<p>Ant\u00edgua Guatemala, \u00e0s vezes chamada de Ant\u00edgua ou La Antigua, \u00e9 uma cidade localizada no planalto central da Guatemala. Esta encantadora cidade, caracterizada por suas ruas de paralelep\u00edpedos e arquitetura colonial colorida, serviu como capital da Capitania Geral da Guatemala de 1543 a 1773. Sua extensa hist\u00f3ria e arquitetura de influ\u00eancia barroca lhe renderam a prestigiosa distin\u00e7\u00e3o de Patrim\u00f4nio Mundial da UNESCO em 1979.<\/p>","protected":false},"author":1,"featured_media":4137,"parent":9021,"menu_order":0,"comment_status":"closed","ping_status":"closed","template":"elementor_theme","meta":{"_eb_attr":"","footnotes":""},"class_list":["post-9044","page","type-page","status-publish","has-post-thumbnail"],"_links":{"self":[{"href":"https:\/\/travelshelper.com\/pt\/wp-json\/wp\/v2\/pages\/9044","targetHints":{"allow":["GET"]}}],"collection":[{"href":"https:\/\/travelshelper.com\/pt\/wp-json\/wp\/v2\/pages"}],"about":[{"href":"https:\/\/travelshelper.com\/pt\/wp-json\/wp\/v2\/types\/page"}],"author":[{"embeddable":true,"href":"https:\/\/travelshelper.com\/pt\/wp-json\/wp\/v2\/users\/1"}],"replies":[{"embeddable":true,"href":"https:\/\/travelshelper.com\/pt\/wp-json\/wp\/v2\/comments?post=9044"}],"version-history":[{"count":0,"href":"https:\/\/travelshelper.com\/pt\/wp-json\/wp\/v2\/pages\/9044\/revisions"}],"up":[{"embeddable":true,"href":"https:\/\/travelshelper.com\/pt\/wp-json\/wp\/v2\/pages\/9021"}],"wp:featuredmedia":[{"embeddable":true,"href":"https:\/\/travelshelper.com\/pt\/wp-json\/wp\/v2\/media\/4137"}],"wp:attachment":[{"href":"https:\/\/travelshelper.com\/pt\/wp-json\/wp\/v2\/media?parent=9044"}],"curies":[{"name":"wp","href":"https:\/\/api.w.org\/{rel}","templated":true}]}}