{"id":8997,"date":"2024-09-06T20:44:09","date_gmt":"2024-09-06T20:44:09","guid":{"rendered":"https:\/\/travelshelper.com\/staging\/?page_id=8997"},"modified":"2026-03-13T17:19:57","modified_gmt":"2026-03-13T17:19:57","slug":"berkeley-springs","status":"publish","type":"page","link":"https:\/\/travelshelper.com\/pt\/destinations\/north-america\/united-states\/berkeley-springs\/","title":{"rendered":"Berkeley Springs"},"content":{"rendered":"<p>Berkeley Springs (oficialmente a cidade de Bath) \u00e9 uma pequena cidade tur\u00edstica hist\u00f3rica aninhada no sop\u00e9 dos Apalaches da Virg\u00ednia Ocidental. Sua popula\u00e7\u00e3o \u00e9 inferior a 1.000 habitantes (cerca de 899 no censo de 2020) \u2013 uma das menores cidades-sede dos EUA. Localizada no Panhandle Oriental (Condado de Morgan), a cidade fica na foz do Warm Spring Run a 656 p\u00e9s de altitude, cercada por colinas e montanhas arborizadas. O Condado de Washington, Maryland, faz fronteira a poucos quil\u00f4metros ao norte atrav\u00e9s do Rio Potomac. A geografia d\u00e1 a Berkeley Springs um charme rural: o terreno ao redor se eleva abruptamente (notavelmente a Montanha Cacapon, com ~2.320 p\u00e9s de altura), e 42 km (~26 mi) a sudeste fica Martinsburg, Virg\u00ednia Ocidental, enquanto 58 km (~36 mi) a leste fica Hagerstown, Maryland.<\/p>\n<p><strong>Berkeley Springs em n\u00fameros:<\/strong> Este \u00e9 um perfil de uma cidade pequena:<\/p>\n<ul>\n<li><strong>Popula\u00e7\u00e3o:<\/strong> ~900 (2020), uma ligeira queda em rela\u00e7\u00e3o aos mil habitantes das contagens anteriores. A cidade ocupa apenas 0,3 milhas quadradas.<\/li>\n<li><strong>Renda e Economia:<\/strong> Possui riqueza modesta: a renda familiar m\u00e9dia \u00e9 de cerca de <strong>$36,250<\/strong> (estimativa de 2017), bem abaixo da m\u00e9dia dos EUA. O desemprego \u00e9 baixo (~3,6%), mas cerca de 19,2% dos moradores vivem na pobreza. Muitos empregos locais est\u00e3o nos setores de turismo, servi\u00e7os de sa\u00fade\/spa, governo e varejo.<\/li>\n<li><strong>Demografia:<\/strong> Quase todos s\u00e3o cidad\u00e3os americanos; a cidade \u00e9 majoritariamente branca. A idade m\u00e9dia \u00e9 alta (cerca de 44 anos), o que reflete seu apelo para aposentados e fam\u00edlias de longa data. Os valores e custos dos im\u00f3veis s\u00e3o moderados \u2013 em parte porque n\u00e3o se trata de um centro urbano.<\/li>\n<\/ul>\n<p><strong>Localiza\u00e7\u00e3o e clima:<\/strong> Berkeley Springs fica na regi\u00e3o dos Apalaches, uma regi\u00e3o de montanhas e florestas onduladas. Possui um clima continental \u00famido: ver\u00f5es quentes e \u00famidos e invernos frios e com neve. A cidade \u00e9 famosa por suas fontes termais (temperatura constante de 23\u00b0C) que jorram no parque municipal. Essas fontes caracterizam Berkeley Springs h\u00e1 s\u00e9culos \u2013 elas atra\u00edram nativos americanos e, posteriormente, colonos em busca de \u00e1guas curativas.<\/p>\n<p><strong>Instant\u00e2neo hist\u00f3rico:<\/strong> As fontes s\u00e3o utilizadas desde os tempos pr\u00e9-coloniais. Ali\u00e1s, George Washington certa vez fez um esbo\u00e7o aqui (\u00e9 poss\u00edvel at\u00e9 ver uma banheira no parque estadual que leva o nome de sua suposta visita). Em 1776, a legislatura da Virg\u00ednia incorporou oficialmente a cidade de Bath \u00e0s Warm Springs, nomeando-a em homenagem a Bath, na Inglaterra. No s\u00e9culo XIX, Bath (Berkeley Springs) era conhecida como um spa; escritores como Washington Irving e Robert Louis Stevenson elogiavam suas \u00e1guas curativas. Quando a Virg\u00ednia Ocidental se separou da Virg\u00ednia em 1863, a cidade passou para a Virg\u00ednia Ocidental; seu nome &#034;Post Office&#034; (Berkeley Springs) tornou-se comum. Ao longo de sua hist\u00f3ria, Berkley Springs tem sido um tranquilo destino tur\u00edstico. Hoje, voc\u00ea ainda ver\u00e1 vest\u00edgios do turismo vitoriano \u2013 o elegante edif\u00edcio Bathhouse (constru\u00eddo em 1939) e parques que preservam as fontes da era colonial.<\/p>\n<p><strong>Cultura e ambiente local:<\/strong> Berkeley Springs tem a atmosfera de uma pequena cidade dos Apalaches. Fala-se ingl\u00eas (alguns moradores mais velhos podem ter um leve sotaque das montanhas) e a vida cotidiana flui em um ritmo tranquilo. Os vizinhos se conhecem; passeando pela Main Street, voc\u00ea frequentemente troca cumprimentos amig\u00e1veis. A cidade tem um vi\u00e9s art\u00edstico: muitos artistas e aposentados moram aqui, e galerias e lojas de artesanato locais se alinham no centro da cidade. As tradi\u00e7\u00f5es se concentram nas nascentes. Por exemplo, a Degusta\u00e7\u00e3o Internacional de \u00c1gua de Berkeley Springs (todo m\u00eas de fevereiro) \u00e9 mundialmente famosa por ser a maior e mais longa competi\u00e7\u00e3o do tipo em qualquer lugar. Al\u00e9m disso, todo m\u00eas de outubro, o Festival da Manteiga de Ma\u00e7\u00e3 (que acontece desde 1974) atrai multid\u00f5es para ver a cidra prensada e ouvir m\u00fasica. Esses festivais personificam o esp\u00edrito amig\u00e1vel da comunidade: um visitante observa: &#034;Berkeley Springs parece uma joia escondida \u2013 seu povo se orgulha de sua heran\u00e7a, e os festivais aqui parecem festivos e aconchegantes&#034;. Os moradores locais costumam falar sobre a &#034;sensa\u00e7\u00e3o de paz&#034; que permeia a cidade, um legado da conviv\u00eancia com as nascentes h\u00e1 s\u00e9culos.<\/p>\n<p><strong>Principais atra\u00e7\u00f5es:<\/strong> H\u00e1 mais coisas para fazer do que voc\u00ea imagina em um lugar t\u00e3o pequeno:<\/p>\n<ul>\n<li><strong>Parque Estadual e Balne\u00e1rios de Berkeley Springs:<\/strong> A joia da coroa. O Parque Estadual (no centro da cidade) preserva a fonte termal original. Voc\u00ea pode visitar o hist\u00f3rico Banho Romano e o museu, e at\u00e9 pagar para tomar um banho mineral ou uma massagem. (A entrada para ver as piscinas de \u00e1guas termais e o museu \u00e9 gratuita, mas o banho exige uma taxa modesta.) \u00c9 literalmente por isso que a cidade \u00e9 famosa \u2013 os moradores dizem que a \u00e1gua \u00e9 terap\u00eautica para qualquer dor.<\/li>\n<li><strong>Banheira de George Washington:<\/strong> Um pouco mais adiante, h\u00e1 um pequeno museu que abriga a lend\u00e1ria banheira de pedra na qual o presidente Washington supostamente se banhou durante uma visita. (\u00c9 mais simb\u00f3lico do que funcional, mas \u00e9 uma oportunidade peculiar para fotos.)<\/li>\n<li><strong>Arte e Hist\u00f3ria Local:<\/strong> O Museu do Condado de Morgan (no antigo pr\u00e9dio da cadeia do condado) fica ao lado do parque e conta a hist\u00f3ria local. Diversas galerias de arte e est\u00fadios exp\u00f5em cer\u00e2mica, vidro, pinturas e artesanato. Um passeio pela Rua Fairfax encontrar\u00e1 lojas exclusivas (livros, antiguidades e joias).<\/li>\n<li><strong>Recrea\u00e7\u00e3o ao ar livre:<\/strong> Dez milhas ao sul da cidade fica o Parque Estadual Cacapon Resort, que oferece trilhas para caminhadas (incluindo a Montanha Cacapon, com seus 700 metros de altura), um campo de golfe e nata\u00e7\u00e3o no lago\/praia. Muitos visitantes combinam um dia de spa com uma caminhada ou piquenique \u00e0 tarde. A Floresta Nacional George Washington e a Trilha dos Apalaches, ali perto, tamb\u00e9m oferecem trilhas em \u00e1reas selvagens.<\/li>\n<li><strong>Vinhedos e Degusta\u00e7\u00e3o:<\/strong> Berkeley Springs fica no extremo norte da regi\u00e3o vin\u00edcola do Vale de Shenandoah. Alguns vinhedos e vin\u00edcolas locais (como Cacapon e Warm Springs Winery) ficam a uma curta dist\u00e2ncia de carro e oferecem degusta\u00e7\u00f5es.<\/li>\n<li><strong>Centro e restaurantes:<\/strong> O centro hist\u00f3rico (com sua arquitetura do s\u00e9culo XVIII) \u00e9 muito agrad\u00e1vel para caminhadas. N\u00e3o deixe de tomar caf\u00e9 da manh\u00e3 em um dos aconchegantes caf\u00e9s ou experimentar o favorito local \u2013 waffles belgas no The Wild Bean. O sul dos Apalaches \u00e9 conhecido por sua culin\u00e1ria farta, e aqui voc\u00ea pode saborear truta, churrasco e tortas caseiras em restaurantes locais. Um restaurante local continua famoso por seu presunto e ovos caipiras. Como a cidade \u00e9 pequena, \u00e9 comum encontrar moradores locais no restaurante ou nos correios, o que s\u00f3 contribui para a atmosfera amig\u00e1vel e de vizinhan\u00e7a.<\/li>\n<\/ul>\n<p><strong>Vis\u00e3o pr\u00e1tica:<\/strong> N\u00e3o h\u00e1 grandes aeroportos ou trens em Berkeley Springs. A maioria dos visitantes voa para Washington Dulles (IAD, ~112 km ao norte) ou Baltimore\/Washington (BWI, ~145 km) e aluga um carro. Fica a cerca de 2 horas de carro de Washington, D.C. (pela I-270 e I-70 oeste). A cidade \u00e9 servida diretamente pela Rodovia US 522 (que segue no sentido norte-sul) e pela Rota 9 de WV (vindo de Martinsburg, WV). A paisagem ao longo do caminho \u00e9 rural, t\u00edpica dos Apalaches \u2013 linda, mas sinuosa, ent\u00e3o dirija com cuidado. (No inverno, correntes ou ve\u00edculos com tra\u00e7\u00e3o nas quatro rodas podem ser necess\u00e1rios em trechos com gelo.)<\/p>\n<p>Uma vez aqui, tudo em Berkeley Springs fica perto. O parque central e as lojas ficam a menos de 800 metros um do outro, ent\u00e3o \u00e9 f\u00e1cil explorar a cidade a p\u00e9. T\u00e1xis s\u00e3o praticamente inexistentes, ent\u00e3o alugar um carro \u00e9 recomendado para chegar a lugares como o Parque Cacapon ou trilhas distantes.<\/p>\n<p><strong>Dicas locais:<\/strong> Leve dinheiro para pequenas compras (algumas pousadas e lojas s\u00f3 aceitam dinheiro) e d\u00ea uma gorjeta de 15 a 20% em restaurantes. A etiqueta padr\u00e3o americana se aplica (apertos de m\u00e3o, &#034;por favor\/obrigado&#034;). Os moradores locais s\u00e3o muito hospitaleiros \u2013 n\u00e3o se surpreenda se uma gar\u00e7onete puxar conversa ou se outro cliente oferecer dicas sobre trilhas. Seguran\u00e7a: Berkeley Springs \u00e9 extremamente segura; a criminalidade \u00e9 m\u00ednima. (\u00c9 comum ver todos trancando apenas seus porta-malas, n\u00e3o as portas.) No entanto, se voc\u00ea estiver caminhando, fique atento \u00e0 vida selvagem: ursos-negros e carrapatos podem aparecer nas florestas, ent\u00e3o planeje-se adequadamente. O sinal de celular pode ser irregular nas serras \u2013 um mapa impresso ou GPS offline \u00e9 uma boa ideia ao explorar estradas secund\u00e1rias. Aproveite as fontes termais e o charme de uma cidade pequena e lembre-se de que a \u00e1rea rural de WV enfrenta risco de inc\u00eandios florestais no final do ver\u00e3o \u2013 verifique os avisos locais se voc\u00ea planeja fazer fogueiras.<\/p>","protected":false},"excerpt":{"rendered":"<p>Berkeley Springs, uma cidade encantadora aninhada nos Montes Apalaches, serve como sede do Condado de Morgan, Virg\u00ednia Ocidental. Este local pitoresco, situado no panhandle oriental do estado, \u00e9 frequentemente chamado pelo seu nome hist\u00f3rico, Cidade de Bath. As origens da cidade remontam a 1776, quando a Assembleia Legislativa da Virg\u00ednia a incorporou ao redor das fontes naturais, chamando-a de Bath. No entanto, desde 1802, \u00e9 comumente conhecida como Berkeley Springs, em homenagem \u00e0 sua ag\u00eancia postal original. Segundo o censo de 2020, a popula\u00e7\u00e3o da cidade era de 758 habitantes, tornando-a uma parte pitoresca, por\u00e9m significativa, da \u00e1rea metropolitana de Hagerstown-Martinsburg.<\/p>","protected":false},"author":1,"featured_media":17466,"parent":8072,"menu_order":0,"comment_status":"closed","ping_status":"closed","template":"elementor_theme","meta":{"_eb_attr":"","footnotes":""},"class_list":["post-8997","page","type-page","status-publish","has-post-thumbnail"],"_links":{"self":[{"href":"https:\/\/travelshelper.com\/pt\/wp-json\/wp\/v2\/pages\/8997","targetHints":{"allow":["GET"]}}],"collection":[{"href":"https:\/\/travelshelper.com\/pt\/wp-json\/wp\/v2\/pages"}],"about":[{"href":"https:\/\/travelshelper.com\/pt\/wp-json\/wp\/v2\/types\/page"}],"author":[{"embeddable":true,"href":"https:\/\/travelshelper.com\/pt\/wp-json\/wp\/v2\/users\/1"}],"replies":[{"embeddable":true,"href":"https:\/\/travelshelper.com\/pt\/wp-json\/wp\/v2\/comments?post=8997"}],"version-history":[{"count":0,"href":"https:\/\/travelshelper.com\/pt\/wp-json\/wp\/v2\/pages\/8997\/revisions"}],"up":[{"embeddable":true,"href":"https:\/\/travelshelper.com\/pt\/wp-json\/wp\/v2\/pages\/8072"}],"wp:featuredmedia":[{"embeddable":true,"href":"https:\/\/travelshelper.com\/pt\/wp-json\/wp\/v2\/media\/17466"}],"wp:attachment":[{"href":"https:\/\/travelshelper.com\/pt\/wp-json\/wp\/v2\/media?parent=8997"}],"curies":[{"name":"wp","href":"https:\/\/api.w.org\/{rel}","templated":true}]}}