{"id":8991,"date":"2024-09-06T18:39:21","date_gmt":"2024-09-06T18:39:21","guid":{"rendered":"https:\/\/travelshelper.com\/staging\/?page_id=8991"},"modified":"2026-03-13T21:29:18","modified_gmt":"2026-03-13T21:29:18","slug":"fontes-amarelas","status":"publish","type":"page","link":"https:\/\/travelshelper.com\/pt\/destinations\/north-america\/united-states\/yellow-springs\/","title":{"rendered":"Fontes Amarelas"},"content":{"rendered":"<p>Yellow Springs, Ohio, \u00e9 uma pequena vila com apenas 3.697 habitantes (censo de 2020). Fica no Condado de Greene e faz parte da \u00e1rea metropolitana de Dayton. Embora pequena em n\u00famero, sua popula\u00e7\u00e3o oscilou entre 3.500 e 4.000 habitantes nas \u00faltimas d\u00e9cadas.<\/p>\n<p>A vila \u00e9 majoritariamente branca (cerca de 78% em 2010), com uma minoria negra significativa (cerca de 12%). Os moradores hisp\u00e2nicos\/latinos representam uma pequena porcentagem. Yellow Springs tem um perfil mais velho: a idade m\u00e9dia era de 48,5 anos (2010), acima da m\u00e9dia nacional. Uma grande parcela das fam\u00edlias n\u00e3o \u00e9 formada por fam\u00edlias ou por indiv\u00edduos que vivem sozinhos (incluindo estudantes, aposentados e fam\u00edlias unipessoais). Economicamente, as rendas s\u00e3o moderadas: a mediana familiar em 2010 era de aproximadamente US$ 56.000 e apenas cerca de 6,7% das fam\u00edlias estavam abaixo da linha da pobreza. O n\u00edvel de escolaridade \u00e9 alto \u2014 muitos moradores locais possuem diploma universit\u00e1rio, em parte devido \u00e0 presen\u00e7a do Antioch College.<\/p>\n<p>A economia de Yellow Springs \u00e9 ecl\u00e9tica. \u00c9 conhecida pelo varejo e turismo: o centro de Yellow Springs conta com mais de 100 lojas, galerias e caf\u00e9s em uma \u00e1rea de dois quarteir\u00f5es. Muitas delas s\u00e3o de propriedade de artistas ou artes\u00e3os locais, refletindo a \u00eanfase da vila em artes, artesanato e alimentos org\u00e2nicos. O Antioch College, uma pequena escola de artes liberais, historicamente tem sido um grande empregador local (e reabriu em 2011 ap\u00f3s um breve fechamento). A agricultura (fazendas leiteiras como a Young&#039;s Jersey Dairy) tamb\u00e9m desempenha um papel: a Young&#039;s Dairy \u00e9 uma das maiores fazendas de latic\u00ednios de Ohio e serve como um local popular com um minigolfe e um zool\u00f3gico interativo. As rendas medianas (como observado) s\u00e3o decentes, mas as casas s\u00e3o mais caras do que se poderia esperar para a \u00e1rea rural de Ohio, impulsionadas pela demanda de estrangeiros (artistas, trabalhadores da \u00e1rea de tecnologia) que se mudam para c\u00e1. Em resumo, Yellow Springs funciona como um centro bo\u00eamio de nicho \u2013 sua economia atende principalmente moradores locais e visitantes atra\u00eddos por sua singularidade.<\/p>\n<p>Yellow Springs est\u00e1 situada no sudoeste de Ohio, a cerca de 48 quil\u00f4metros a leste de Dayton e 80 quil\u00f4metros a oeste de Columbus. Situa-se a cerca de 300 metros de altitude no vale do Rio Little Miami. Esta \u00e1rea \u00e9 suavemente ondulada, com parte do sop\u00e9 dos Apalaches em transi\u00e7\u00e3o para plan\u00edcies glaciais. O Rio Little Miami Scenic (um Rio Nacional Selvagem e C\u00eanico) corre ao sul da cidade, ladeado por desfiladeiros de calc\u00e1rio.<\/p>\n<p>A vila est\u00e1 aninhada entre parques estaduais florestais (ao norte e oeste) e terras agr\u00edcolas abertas (a leste). Fica bem longe de qualquer rodovia interestadual; a rodovia principal mais pr\u00f3xima \u00e9 a I-675, perto de Dayton. Yellow Springs se orgulha de sua localiza\u00e7\u00e3o no &#034;Centro-Oeste&#034;: os solos s\u00e3o ricos, a terra \u00e9 verde com bosques e pastagens dec\u00edduas, e riachos e lagos pontilham as colinas. \u00c9 um ref\u00fagio acess\u00edvel de Cincinnati (cerca de 1 hora a sudoeste) ou Columbus (1,5 hora a leste), mas parece um vilarejo remoto devido \u00e0s estradas sinuosas do condado.<\/p>\n<p>Yellow Springs tem um clima continental \u00famido. Os ver\u00f5es s\u00e3o quentes e, \u00e0s vezes, \u00famidos; as m\u00e1ximas diurnas ficam em torno de 29 a 30 \u00b0C. Os invernos podem ser frios: as m\u00ednimas m\u00e9dias chegam a 20 \u00b0C (cerca de -5 \u00b0C) e a neve \u00e9 \u200b\u200bcomum (v\u00e1rios metros por ano). O outono e a primavera apresentam folhagens e flores coloridas, respectivamente. A vila vivencia as quatro esta\u00e7\u00f5es distintamente e, embora seja bem sombreada por \u00e1rvores na cidade, o clima pode ser inst\u00e1vel (tempestades no ver\u00e3o, tempestades de gelo ocasionais no inverno). (Um guia de viagem observa m\u00e1ximas no ver\u00e3o de ~30 \u00b0C e m\u00ednimas no inverno de ~6 \u00b0C, o que \u00e9 t\u00edpico desta regi\u00e3o de Ohio.)<\/p>\n<p>Yellow Springs tem uma origem ut\u00f3pica \u00fanica e um passado hist\u00f3rico. Foi fundada por seguidores do reformador social Robert Owen, que almejavam criar uma comunidade ut\u00f3pica inspirada em Indiana. Eles batizaram a nova vila em homenagem \u00e0s &#034;fontes amarelas&#034; \u2013 fontes minerais ricas em ferro da regi\u00e3o, conhecidas por seus benef\u00edcios \u00e0 sa\u00fade. No entanto, o experimento comunit\u00e1rio oweniano fracassou em poucos anos, embora a cidade tenha sobrevivido por conta pr\u00f3pria. Foi declarada vila incorporada em 1856.<\/p>\n<p>A descoberta da antiguidade e da natureza desempenhou um papel importante: no final do s\u00e9culo XIX, a Little Miami Railroad trouxe visitantes a YS em busca de cura nas fontes termais. A antiga esta\u00e7\u00e3o ferrovi\u00e1ria (hoje um caf\u00e9) ainda existe e remonta \u00e0quela \u00e9poca.<\/p>\n<p>Em 1850, o Antioch College foi fundado aqui (embora as aulas tenham come\u00e7ado alguns anos depois), com Horace Mann como seu primeiro reitor. Antioch tornou-se famosa pela educa\u00e7\u00e3o progressista e pelo modelo de trabalho-estudo desenvolvido pelo presidente Arthur E. Morgan na d\u00e9cada de 1920. Isso atraiu livres-pensadores e intelectuais. Ao longo de d\u00e9cadas, o YS desenvolveu uma reputa\u00e7\u00e3o &#034;bo\u00eamia&#034;.<\/p>\n<p>No entanto, a Universidade de Antioch (que se separou da faculdade) enfrentou crises financeiras; em 2008, a faculdade fechou, mas ex-alunos a reativaram, reabrindo em 2011. A faculdade, com seu fluxo constante de alunos e eventos, influencia fortemente a vida da cidade. Muitos professores e graduados permanecem na cidade, fomentando neg\u00f3cios como o Antioch Bookplate (hoje Creative Memories) na d\u00e9cada de 1920.<\/p>\n<p>Ao longo do s\u00e9culo XX, Yellow Springs permaneceu um ref\u00fagio para inconformistas \u2013 artistas, ativistas e ecologistas. Seu centro hist\u00f3rico (alguns pr\u00e9dios agora no Registro Nacional) e os vales ao redor (Glen Helen, Clifton Gorge) atraem amantes da natureza h\u00e1 muito tempo. Hoje, vest\u00edgios dessas eras persistem: as casas vitorianas da pequena cidade, a Reserva Natural Glen Helen, administrada pela comunidade (entrada gratuita) e uma vibrante cena art\u00edstica remontam ao legado de inova\u00e7\u00e3o e ambientalismo plantado em sua funda\u00e7\u00e3o.<\/p>\n<p>Yellow Springs \u00e9 conhecida por sua atmosfera amig\u00e1vel, peculiar e progressista. Caracter\u00edstica local: O ingl\u00eas \u00e9 falado universalmente, mas \u00e9 comum ver camisetas ou adesivos de para-choque proclamando valores liberais, slogans que priorizam a Terra ou slogans espirituosos (uma lenda local diz que as placas pol\u00edticas de Yellow Springs nunca &#034;v\u00e3o para o lado errado&#034; em \u00e9poca de elei\u00e7\u00f5es!). A vila tem um toque decididamente contracultural. Muitos moradores s\u00e3o artistas, professores ou assistentes sociais; por outro lado, uma parcela se desloca para empregos na \u00e1rea de tecnologia em Dayton. \u00c9 comum encontrar algu\u00e9m acariciando um cachorro na coleira ou andando de bicicleta pela cidade de chinelos.<\/p>\n<p>Considerando seu tamanho, YS tem uma concentra\u00e7\u00e3o surpreendente de artes. Inaugura\u00e7\u00f5es de galerias, concertos folcl\u00f3ricos e espet\u00e1culos de teatro experimental acontecem com frequ\u00eancia. O Conselho de Artes de Yellow Springs organiza eventos como o Art on the Lawn todo m\u00eas de agosto (com mais de 100 expositores de artesanato). Duas vezes por ano (junho e outubro), a Feira de Rua toma conta do centro da cidade. Este \u00e9 um grande destaque: mais de 25.000 pessoas se re\u00fanem no centro de dois quarteir\u00f5es para m\u00fasica ao vivo, comida e centenas de barracas de artesanato. (A feira \u00e9 t\u00e3o grande que acontece semestralmente \u2013 uma vez em junho, outra em outubro, sempre energizando a comunidade.) Cerveja local, sorvete artesanal (Young&#039;s Jersey Dairy) e bandas de bluegrass ou folk s\u00e3o atra\u00e7\u00f5es constantes dos festivais.<\/p>\n<p>Yellow Springs tamb\u00e9m abriga eventos menores: o Florida Avenue Festival (uma feira de rua), exibi\u00e7\u00f5es de filmes ao ar livre, leituras de poesia e feiras de produtores sazonais. H\u00e1 uma not\u00e1vel corrente de ativismo social e antiguerra; com\u00edcios ou marchas (\u00e0s vezes liderados por estudantes de Antioch) n\u00e3o s\u00e3o incomuns. No entanto, voc\u00ea tamb\u00e9m ver\u00e1 fam\u00edlias fazendo piqueniques no Village Green, aulas de ioga \u00e0s ter\u00e7as-feiras e crian\u00e7as pedalando pelas ruas tranquilas.<\/p>\n<p>O ritmo aqui \u00e9 tranquilo, mas envolvente. As pessoas valorizam a sustentabilidade (lixeiras de reciclagem por toda parte, cooperativas de alimentos locais, uma grande horta comunit\u00e1ria). Muitos moradores s\u00e3o vegetarianos ou veganos, o que reflete a voca\u00e7\u00e3o consciente da cidade. Apesar de seu pequeno tamanho, YS tem um grupo diversificado de restaurantes (de bistr\u00f4s americanos sofisticados a caf\u00e9s com comida da fazenda \u00e0 mesa, at\u00e9 mesmo restaurantes caribenhos e mediterr\u00e2neos). Em qualquer tarde, pode-se ouvir um coral comunit\u00e1rio cantando, ver uma trupe de marionetes se apresentando ou encontrar o prefeito local na padaria.<\/p>\n<p>No geral, Yellow Springs parece estar entrando em uma feira de arte ao ar livre. \u00c9 conhecida como uma das cidades mais amig\u00e1veis \u200b\u200b\u2013 estranhos s\u00e3o rapidamente recebidos, animais de estima\u00e7\u00e3o podem ser acariciados e conversas sobre sustentabilidade ou paz frequentemente se insinuam. O lema da vila (ainda vis\u00edvel em placas antigas) \u00e9 &#034;Encontre-se Aqui&#034;, capturando a sensa\u00e7\u00e3o de que YS acolhe o inconformismo e incentiva a autoexpress\u00e3o criativa.<\/p>\n<p>As atra\u00e7\u00f5es de Yellow Springs envolvem tanto a natureza e o esp\u00edrito quanto os locais espec\u00edficos. Imperd\u00edveis incluem:<\/p>\n<ul>\n<li><strong>Reserva Natural Glen Helen:<\/strong> Adjacente ao Antioch College, esta reserva de 400 hectares \u00e9 um o\u00e1sis selvagem de cachoeiras, carvalhos vermelhos e pinheiros brancos. O Yellow Spring (riacho rico em ferro) que deu nome \u00e0 cidade fica aqui. As trilhas populares variam de circuitos f\u00e1ceis at\u00e9 o circuito Glen Helen de 32 quil\u00f4metros. Os destaques c\u00eanicos incluem as Cataratas de Bridgerton e as Cascatas G\u00eameas. Com entrada gratuita, \u00e9 um recurso comunit\u00e1rio muito apreciado para caminhadas, observa\u00e7\u00e3o de p\u00e1ssaros e nata\u00e7\u00e3o em piscinas naturais.<\/li>\n<li><strong>Reserva Natural Estadual de Clifton Gorge:<\/strong> Ao norte da cidade, o Clifton Gorge apresenta impressionantes penhascos de calc\u00e1rio sobre o Rio Little Miami. Passarelas e trilhas de madeira serpenteiam ao longo de corredeiras e piscinas naturais repletas de trutas. A Trilha Circular de 2,4 km (estacionamento na Flatstone Dr.) \u00e9 ideal para fam\u00edlias, oferecendo vistas das paredes \u00edngremes do desfiladeiro. O Parque Estadual John Bryan, ao lado, amplia a paisagem. Essas reservas s\u00e3o excelentes para entusiastas de geologia e fotografia.<\/li>\n<li><strong>Trilha C\u00eanica de Little Miami:<\/strong> Esta ciclovia de 125 quil\u00f4metros segue o corredor do Rio Little Miami, atravessando o Condado de Greene. Ela atravessa Yellow Springs (na Rua Corry). Os visitantes costumam alugar bicicletas para pedalar at\u00e9 vilarejos vizinhos, como Xenia, ou pontos mais distantes. As cores do outono ao longo da trilha s\u00e3o especialmente famosas.<\/li>\n<li><strong>Centro de Yellow Springs:<\/strong> O centro da vila em si \u00e9 uma atra\u00e7\u00e3o. Possui mais de 65 lojas e restaurantes locais. Os destaques incluem a Dark Star Books (uma livraria\/caf\u00e9 aconchegante), a Soulgoode Variety (cervejas artesanais e comida de pub), a Kismet Boutique (roupas \u00e9tnicas), a Safari Ice Cream &amp; Sweet Shop e a Hippie Skillet. A Feira de Agricultores do Centro (primavera-outono, aos s\u00e1bados) exp\u00f5e produtos e artesanato locais. A hist\u00f3rica Mills Lawn School (hoje um centro de artes comunit\u00e1rio) e a centen\u00e1ria Igreja de S\u00e3o Marcos s\u00e3o emblem\u00e1ticas do patrim\u00f4nio da cidade.<\/li>\n<li><strong>Latic\u00ednios Young&#039;s Jersey:<\/strong> Uma fazenda familiar a v\u00e1rios quil\u00f4metros da cidade, com restaurante, sorveteria, zool\u00f3gico interativo, minigolfe e campos de rebatidas. \u00c9 um sucesso entre fam\u00edlias e todos que desejam sorvete local fresco (o de menta com chocolate \u00e9 famoso). Embora n\u00e3o seja um &#034;must&#034; cultural no sentido art\u00edstico, \u00e9 um importante marco local que atrai pessoas de todo o sudoeste de Ohio.<\/li>\n<li><strong>Cervejaria Yellow Springs:<\/strong> Na Avenida Xenia, esta cervejaria artesanal local oferece comida de pub e cervejas premiadas. \u00c9 um ponto de encontro tanto para moradores da cidade quanto para visitantes, e frequentemente oferece m\u00fasica ao vivo na sala de degusta\u00e7\u00e3o (no subsolo, com paredes de tijolos).<\/li>\n<\/ul>\n<p>Para os f\u00e3s de hist\u00f3ria: o Antioch Hall e o bairro hist\u00f3rico na Rua Xenia exibem arquitetura do s\u00e9culo XIX. O Hidden Lake e o Addison Trails Park oferecem passeios mais tranquilos. E logo al\u00e9m: o famoso Parque Estadual John Bryan e mais pontes cobertas. Mas, para a maioria, a combina\u00e7\u00e3o de caminhadas por Glen Helen e passeios pelo centro da cidade s\u00e3o as melhores experi\u00eancias em Yellow Springs.<\/p>\n<p>Yellow Springs n\u00e3o tem aeroporto nem trem Amtrak. O aeroporto mais pr\u00f3ximo \u00e9 o Aeroporto Internacional de Dayton (cerca de 32 km a noroeste), com servi\u00e7o de traslado ou t\u00e1xi para a cidade. O Aeroporto de Cincinnati\/Northern Kentucky (CVG) fica a cerca de 96 km a sudoeste (1 a 1,5 hora de carro). De carro, o acesso a YS \u00e9 melhor pela US-35 a partir de Dayton (sa\u00edda em Yellow Springs) ou pelas rodovias estaduais 68\/72 a partir de Xenia. N\u00e3o h\u00e1 trens urbanos. Um \u00f4nibus p\u00fablico (GREYHOUND) j\u00e1 serviu de Dayton a Cincinnati via YS, mas os hor\u00e1rios s\u00e3o limitados. No geral, planeje dirigir ou pegar um t\u00e1xi a partir de Dayton.<\/p>\n<p>Yellow Springs \u00e9 extremamente amig\u00e1vel para pedestres e ciclistas. O centro da cidade pode ser percorrido a p\u00e9 de ponta a ponta em minutos. A maioria das acomoda\u00e7\u00f5es fica a uma curta caminhada do centro da cidade. O centro da cidade oferece amplo estacionamento p\u00fablico gratuito perto da US High School e na esquina da Main Street. Bicicletas podem ser alugadas em lojas locais (ou use a sua pr\u00f3pria). Como a vila \u00e9 pequena (7 km\u00b2), um carro particular s\u00f3 \u00e9 necess\u00e1rio para explorar \u00e1reas externas como Glen Helen, Clifton Gorge ou Young&#039;s Dairy. Esses parques t\u00eam estacionamentos. Pneus de neve s\u00e3o recomendados no inverno para acessar Glen Helen em estradas com gelo, mas os moradores limpam a neve rapidamente nas ruas principais.<\/p>\n<p>Moeda: USD, idioma: ingl\u00eas (os moradores locais tamb\u00e9m podem falar espanhol fluentemente). Yellow Springs tem um clima amig\u00e1vel e informal. As pessoas cumprimentam na rua, conversam com facilidade e tratam os animais de estima\u00e7\u00e3o com gentileza (c\u00e3es soltos em muitas \u00e1reas). Em lojas ou restaurantes, \u00e9 educado cumprimentar os funcion\u00e1rios. \u00c9 costume dar gorjeta de cerca de 15% em restaurantes. O ver\u00e3o pode ser lotado (especialmente durante feiras de rua), ent\u00e3o paci\u00eancia \u00e9 bem-vinda em restaurantes e no tr\u00e2nsito. No inverno, a cidade fica mais tranquila e dirigir pode exigir cautela em estradas de cascalho at\u00e9 os parques.<\/p>\n<p>YS \u00e9 muito seguro. \u00c9 uma vila pequena com baixa criminalidade; quem est\u00e1 de fora nota a confian\u00e7a do porta-a-porta (os moradores costumam deixar as bicicletas destrancadas ou o compartilhamento de bicicletas aberto). As medidas urbanas tradicionais s\u00e3o suficientes (trancar os carros no estacionamento externo, etc.). Fique atento a ciclistas e pedestres, especialmente nos fins de semana de festivais, quando crian\u00e7as e fam\u00edlias est\u00e3o por toda parte.<\/p>\n<p>Um ponto inusitado: a &#034;Fonte Amarela&#034; ainda existe em Glen Helen, mas nunca foi usada para beber \u00e1gua (ao contr\u00e1rio da lenda) \u2013 ent\u00e3o n\u00e3o tente pegar uma po\u00e7\u00e3o de cura no riacho. Em vez disso, aprecie a beleza natural pessoalmente.<\/p>\n<p>Resumindo, Yellow Springs \u00e9 uma cidadezinha f\u00e1cil de percorrer a p\u00e9. Conselhos aos visitantes: tragam cal\u00e7ados confort\u00e1veis \u200b\u200b(voc\u00eas far\u00e3o muitas caminhadas e trilhas), estejam preparados para o sinal de celular baixo nas reservas naturais e planejem com anteced\u00eancia se visitarem no ver\u00e3o (reservem a hospedagem com anteced\u00eancia para as datas dos festivais). Caso contr\u00e1rio, relaxem \u2013 este \u00e9 um lugar onde voc\u00eas podem realmente &#034;se encontrar&#034;, como diz o lema da vila, em uma aut\u00eantica comunidade de cidade pequena de Ohio.<a href=\"https:\/\/travelshelper.com\/pt\/destinos\/america-do-norte\/estados-unidos-da-america\/berkeley-springs\/\" target=\"_self\" aria-labelledby=\"uael-post-8997\"><br \/>\n<\/a><\/p>","protected":false},"excerpt":{"rendered":"<p>Yellow Springs \u00e9 uma vila pitoresca situada na parte norte do Condado de Greene, Ohio, Estados Unidos. O censo de 2020 aponta uma popula\u00e7\u00e3o de 3.697 habitantes. Not\u00e1vel por abrigar o prestigiado Antioch College, este local faz parte da \u00e1rea metropolitana de Dayton. Al\u00e9m de sua beleza natural, esta vila oferece um contexto hist\u00f3rico not\u00e1vel que destaca uma mistura \u00fanica de legado cultural e cen\u00e1rios c\u00eanicos.<\/p>","protected":false},"author":1,"featured_media":17583,"parent":8072,"menu_order":0,"comment_status":"closed","ping_status":"closed","template":"elementor_theme","meta":{"_eb_attr":"","footnotes":""},"class_list":["post-8991","page","type-page","status-publish","has-post-thumbnail"],"_links":{"self":[{"href":"https:\/\/travelshelper.com\/pt\/wp-json\/wp\/v2\/pages\/8991","targetHints":{"allow":["GET"]}}],"collection":[{"href":"https:\/\/travelshelper.com\/pt\/wp-json\/wp\/v2\/pages"}],"about":[{"href":"https:\/\/travelshelper.com\/pt\/wp-json\/wp\/v2\/types\/page"}],"author":[{"embeddable":true,"href":"https:\/\/travelshelper.com\/pt\/wp-json\/wp\/v2\/users\/1"}],"replies":[{"embeddable":true,"href":"https:\/\/travelshelper.com\/pt\/wp-json\/wp\/v2\/comments?post=8991"}],"version-history":[{"count":0,"href":"https:\/\/travelshelper.com\/pt\/wp-json\/wp\/v2\/pages\/8991\/revisions"}],"up":[{"embeddable":true,"href":"https:\/\/travelshelper.com\/pt\/wp-json\/wp\/v2\/pages\/8072"}],"wp:featuredmedia":[{"embeddable":true,"href":"https:\/\/travelshelper.com\/pt\/wp-json\/wp\/v2\/media\/17583"}],"wp:attachment":[{"href":"https:\/\/travelshelper.com\/pt\/wp-json\/wp\/v2\/media?parent=8991"}],"curies":[{"name":"wp","href":"https:\/\/api.w.org\/{rel}","templated":true}]}}