{"id":8985,"date":"2024-09-06T18:23:11","date_gmt":"2024-09-06T18:23:11","guid":{"rendered":"https:\/\/travelshelper.com\/staging\/?page_id=8985"},"modified":"2026-03-13T18:39:49","modified_gmt":"2026-03-13T18:39:49","slug":"saratoga-springs","status":"publish","type":"page","link":"https:\/\/travelshelper.com\/pt\/destinations\/north-america\/united-states\/saratoga-springs\/","title":{"rendered":"Saratoga Springs"},"content":{"rendered":"<p>Saratoga Springs \u00e9 uma pequena cidade no norte do estado de Nova York, com cerca de 28.500 habitantes segundo o censo de 2020. A popula\u00e7\u00e3o \u00e9 predominantemente branca (aproximadamente 87%), com comunidades hisp\u00e2nicas, asi\u00e1ticas e afro-americanas menores. A cidade \u00e9 relativamente rica: a renda familiar m\u00e9dia \u00e9 de cerca de US$ 100.000 e a renda per capita, de cerca de US$ 67.000. O turismo impulsiona grande parte da economia local. De fato, o famoso encontro de corridas de ver\u00e3o no Hip\u00f3dromo de Saratoga, sozinho, gera cerca de US$ 371 milh\u00f5es em atividade econ\u00f4mica regional e quase 3.000 empregos a cada ano. Quando combinadas com o cassino de Saratoga, o local de m\u00fasica e dan\u00e7a (SPAC) e o vizinho Parque Hist\u00f3rico Nacional de Saratoga, as atra\u00e7\u00f5es da cidade injetam mais de US$ 647 milh\u00f5es na regi\u00e3o anualmente. Em suma, Saratoga Springs \u00e9 uma cidade de tamanho modesto, cuja economia e car\u00e1ter giram em torno de sua hist\u00f3ria como resort e centro de entretenimento.<\/p>\n<p>Saratoga Springs fica no nordeste da Am\u00e9rica do Norte, no interior do estado de Nova York, a cerca de 48 quil\u00f4metros ao norte de Albany. Fica no extremo sul do sop\u00e9 das montanhas Adirondack, onde o amplo vale do Rio Hudson encontra planaltos ondulados e arborizados. A paisagem \u00e9 suave: ruas arborizadas na cidade e algumas colinas baixas e rios nas proximidades. Uma caracter\u00edstica distintiva \u00e9 a abund\u00e2ncia de fontes minerais \u2013 Saratoga \u00e9 mundialmente famosa por cerca de 21 fontes naturais de \u00e1gua rica em minerais. (\u00c1gua com v\u00e1rios minerais dissolvidos vaza do solo dentro e ao redor dos parques da cidade.) O clima \u00e9 continental \u00famido: os ver\u00f5es tendem a ser quentes e \u00famidos, enquanto os invernos s\u00e3o frios com neve. A precipita\u00e7\u00e3o \u00e9 moderada durante todo o ano, com tempestades no final do ver\u00e3o comuns e queda de neve significativa no inverno que ocasionalmente cobre a \u00e1rea. O Congress Park e o vizinho Saratoga Spa State Park s\u00e3o exuberantes com vegeta\u00e7\u00e3o no ver\u00e3o e se transformam em jardins nevados e pistas de gelo no inverno.<\/p>\n<p>Muito antes da coloniza\u00e7\u00e3o europeia, as fontes eram reverenciadas pelos povos ind\u00edgenas. No final do s\u00e9culo XVIII, as \u00e1guas de Saratoga atra\u00edam visitantes coloniais, e a vila come\u00e7ou a crescer no in\u00edcio do s\u00e9culo XIX. Saratoga foi oficialmente estabelecida como vila em 1826 e elevada \u00e0 categoria de cidade em 1915. A prosperidade inicial veio das ferrovias: a linha Saratoga &amp; Schenectady (1832) trouxe ricos buscadores de sa\u00fade da cidade de Nova York para &#034;se curar&#034;, e grandes hot\u00e9is surgiram ao redor do Congress Park. Em 1777, as Batalhas de Saratoga, na Guerra da Independ\u00eancia, ocorreram a poucos quil\u00f4metros a leste (no atual Parque Hist\u00f3rico Nacional de Saratoga), consolidando a import\u00e2ncia nacional da regi\u00e3o, embora o campo de batalha em si esteja fora dos limites da cidade atual.<\/p>\n<p>Ao longo do s\u00e9culo XIX, Saratoga era conhecida como o principal destino termal do pa\u00eds, com &#034;Rainha dos Spas&#034; frequentemente presente na mistura de nomes devido \u00e0s suas famosas \u00e1guas. As corridas de cavalo come\u00e7aram na d\u00e9cada de 1860 (o Hip\u00f3dromo de Saratoga foi inaugurado em 1863 e transferido para o seu local atual em 1864), e os jogos de azar j\u00e1 foram amplamente difundidos ao redor do Lago Saratoga. No final do s\u00e9culo XIX, Saratoga era uma cidade tur\u00edstica de luxo, dependente de suas fontes, corridas de ver\u00e3o, hot\u00e9is de luxo e comodidades de lazer. Ao longo do s\u00e9culo XX, o auge dos tratamentos termais diminuiu, mas a infraestrutura da cidade (banhos hist\u00f3ricos, parques e espa\u00e7os culturais) perdura. Um projeto da WPA em meados da d\u00e9cada de 1930 (liderado por Franklin D. Roosevelt) construiu o moderno Roosevelt Baths &amp; Spa no Congress Park, preservando a tradi\u00e7\u00e3o termal. Hoje, Saratoga Springs combina essas camadas de hist\u00f3ria \u2013 heran\u00e7a nativa, spas e hot\u00e9is do s\u00e9culo XIX e vida de resort do s\u00e9culo XX \u2013 em seu car\u00e1ter.<\/p>\n<p>O car\u00e1ter de Saratoga Springs \u00e9 moldado por sua dupla identidade: cidade pequena e destino tur\u00edstico. O ingl\u00eas \u00e9 falado universalmente, refletindo a comunidade predominantemente de ascend\u00eancia europeia. Por todo o centro da cidade, vitrines e caf\u00e9s vitorianos escondem uma animada cena art\u00edstica e um calend\u00e1rio repleto de eventos. Moradores e visitantes se misturam para um caf\u00e9 ou almo\u00e7o em um p\u00e1tio ensolarado; lojistas e vizinhos cumprimentam os transeuntes com genu\u00edna cordialidade. De fato, Saratoga \u00e9 frequentemente conhecida por sua atmosfera amig\u00e1vel, de &#034;cidade pequena&#034; \u2013 um guia observa que &#034;a cidade simp\u00e1tica adora dar festas&#034;, sediando festivais e encontros o ano todo. Um exemplo \u00e9 o ritmo sazonal: em julho e agosto, as corridas de cavalos puro-sangue dominam a cena local, enquanto nos meses mais frios, os moradores dan\u00e7am na Spinning Room do instituto de dan\u00e7a local ou patinam no gelo no Congress Park. M\u00fasica e dan\u00e7a tamb\u00e9m prosperam \u2013 o Saratoga Performing Arts Center (SPAC), no parque estadual, traz apresenta\u00e7\u00f5es de orquestra e bal\u00e9 de n\u00edvel internacional todo ver\u00e3o, e um festival de jazz de fim de semana acontece l\u00e1 desde a d\u00e9cada de 1970. A cidade at\u00e9 organiza encontros de nicho: em fevereiro, o Flurry Folk Dance Festival \u2013 o maior evento do g\u00eanero nos Estados Unidos \u2013 atrai mais de 5.000 entusiastas para contras, dan\u00e7as cajun e valsas. Na v\u00e9spera de Ano Novo, a celebra\u00e7\u00e3o da Primeira Noite de Saratoga ostenta o maior festival de fogos de artif\u00edcio do g\u00eanero no Nordeste, fora da cidade de Nova York.<\/p>\n<p>A vida cotidiana aqui \u00e9 geralmente tranquila. O ritmo n\u00e3o \u00e9 apressado: no ver\u00e3o, \u00e9 poss\u00edvel ver corredores na trilha \u00e0 beira do rio ao amanhecer, frequentadores do almo\u00e7o tomando ch\u00e1 gelado e turistas passeando pelas butiques da Broadway. Os moradores locais tendem a ser conscientes e educados em rela\u00e7\u00e3o \u00e0 sa\u00fade; voc\u00ea ver\u00e1 ciclistas na Broadway e sess\u00f5es de ioga na hora do almo\u00e7o no parque. Apesar de todos os eventos, h\u00e1 uma reconfortante cordialidade de cidade pequena \u2013 um gar\u00e7om reconhecer\u00e1 um cliente regular e os lojistas podem saber seu nome. No entanto, o fluxo de visitantes tamb\u00e9m significa uma certa energia animada: todos os fins de semana nos meses quentes trazem casais vestidos com sedas de corrida ou frequentadores de shows em trajes elegantes, garantindo que a cidade nunca fique completamente silenciosa. Em resumo, Saratoga Springs parece uma cidade termal refinada que tamb\u00e9m sabe celebrar \u2013 amig\u00e1vel, despretensiosa e antenada em arte, hist\u00f3ria e cavalos.<\/p>\n<p>Os principais pontos tur\u00edsticos e experi\u00eancias se irradiam do centro da cidade. O mais importante \u00e9 o hist\u00f3rico Hip\u00f3dromo de Saratoga, onde espectadores se re\u00fanem todo ver\u00e3o para assistir \u00e0s corridas de cavalos puro-sangue em uma arquibancada emoldurada pelos contrafortes do Adirondack. Perto dali fica o Congress Park, uma pra\u00e7a c\u00edvica paisag\u00edstica com fontes minerais e o ornamentado Canfield Casino (hoje um museu da hist\u00f3ria do jogo). Ao sul fica o Saratoga Spa State Park: uma \u00e1rea verde de 1.000 hectares com suas pr\u00f3prias fontes, os Banhos Minerais Lincoln, em estilo rom\u00e2nico, e a Victoria Pool (um luxuoso banho p\u00fablico) ao ar livre. Museus de arte e hist\u00f3ria abundam: o Museu Nacional da Dan\u00e7a e Hall da Fama e o Museu do Autom\u00f3vel de Saratoga ficam dentro dos limites da cidade, enquanto o Museu Nacional da Corrida e Hall da Fama fica perto da pista. Yaddo, um retiro de artistas com jardins famosos, fica a uma curta dist\u00e2ncia a leste. Na cidade, a Broadway \u00e9 a principal rua hist\u00f3rica \u2013 aqui, os visitantes exploram lojas de antiguidades, galerias (com artistas e artesanatos locais) e uma renomada loja de livros de culin\u00e1ria e ch\u00e1, relaxando em bancos abastecidos por \u00e1gua fresca de nascente. Para os f\u00e3s de artes c\u00eanicas, o Saratoga Performing Arts Center (SPAC), no parque, recebe concertos de ver\u00e3o da Orquestra da Filad\u00e9lfia e do New York City Ballet, tornando seu moderno anfiteatro um ponto cultural imperd\u00edvel. Por fim, nos arredores da cidade, fica o Parque Hist\u00f3rico Nacional de Saratoga (Schuylerville), com seu campo de batalha da Guerra da Independ\u00eancia e seu centro de visitantes, oferecendo um passeio panor\u00e2mico e educativo para os aficionados por hist\u00f3ria.<\/p>\n<p>Saratoga Springs \u00e9 facilmente acess\u00edvel por estrada ou avi\u00e3o. O Aeroporto Internacional de Albany (ALB) fica a cerca de 30 minutos de carro ao sul pela Interstate 87. A Amtrak atende Saratoga Springs nas rotas Adirondack e Ethan Allen, conectando-as com a cidade de Nova York e Burlington, Vermont. De carro, a I-87 (Adirondack Northway) passa a leste da cidade (sa\u00edda 15), e a US Route 9 segue de norte a sul pelo centro da cidade. Vindo do oeste, estradas sinuosas de duas pistas que partem do Lago George e das Adirondacks chegam a Saratoga. No ver\u00e3o, espere mais tr\u00e1fego devido \u00e0s corridas; no inverno, as estradas rurais podem ter neve.<\/p>\n<p>O centro compacto \u00e9 bastante acess\u00edvel a p\u00e9, especialmente nos arredores da Broadway, do Congress Park e da Circular Street. Um bonde gratuito sazonal (de meados de julho at\u00e9 o Dia do Trabalho) circula a cada 30 minutos entre o centro e os principais pontos tur\u00edsticos (a pista de atletismo, o cassino, o parque estadual e o lago). A Autoridade de Transporte do Distrito da Capital (CDTA) tamb\u00e9m opera \u00f4nibus entre Albany e Saratoga, com paradas no aeroporto e no centro da cidade. Dentro da cidade, \u00f4nibus locais atendem a cidade e o Parque Estadual Saratoga Spa. T\u00e1xis e aplicativos de transporte compartilhado (Uber\/Lyft) est\u00e3o dispon\u00edveis, mas costumam ficar lotados nas noites de ver\u00e3o. Muitas atra\u00e7\u00f5es oferecem estacionamento no local.<\/p>\n<p>A moeda \u00e9 o d\u00f3lar americano. O ingl\u00eas \u00e9 a l\u00edngua universal. A gorjeta m\u00e9dia \u00e9 uma pr\u00e1tica padr\u00e3o nos EUA (15% a 20% em restaurantes). O traje \u00e9 casual \u2013 os visitantes costumam combinar roupas casuais (para atividades ao ar livre\/pista) com trajes mais elegantes para eventos especiais (cal\u00e7as compridas para shows noturnos, por exemplo). Os moradores de Saratoga Springs s\u00e3o geralmente educados e prestativos; um sorriso r\u00e1pido ou um &#034;ol\u00e1&#034; fazem toda a diferen\u00e7a. Em termos de seguran\u00e7a, Saratoga Springs \u00e9 tipicamente tranquila e familiar. Precau\u00e7\u00f5es habituais se aplicam (tranque o carro no estacionamento, tome cuidado com os pertences pessoais em caso de aglomera\u00e7\u00e3o). Os fins de semana de corrida de ver\u00e3o podem parecer lotados, mas a ordem \u00e9 mantida \u2013 a presen\u00e7a policial aumenta nesses dias, e a maioria dos visitantes relata se sentir bastante segura.<a href=\"https:\/\/travelshelper.com\/pt\/destinos\/america-do-norte\/estados-unidos-da-america\/berkeley-springs\/\" target=\"_self\" aria-labelledby=\"uael-post-8997\"><br \/>\n<\/a><\/p>","protected":false},"excerpt":{"rendered":"<p>Saratoga Springs, a city located in Saratoga County, New York, has captivated visitors for more than two centuries with its vibrant culture and rich history. With 28,491 residents as of the 2020 census, this little city is well-known for its mineral springs, which have long drawn tourists looking for rest and renewal. The city&#8217;s name honors these natural springs, which have been vital in Saratoga Springs&#8217; growth as a top vacation spot.<\/p>","protected":false},"author":1,"featured_media":17537,"parent":8072,"menu_order":0,"comment_status":"closed","ping_status":"closed","template":"elementor_theme","meta":{"_eb_attr":"","footnotes":""},"class_list":["post-8985","page","type-page","status-publish","has-post-thumbnail"],"_links":{"self":[{"href":"https:\/\/travelshelper.com\/pt\/wp-json\/wp\/v2\/pages\/8985","targetHints":{"allow":["GET"]}}],"collection":[{"href":"https:\/\/travelshelper.com\/pt\/wp-json\/wp\/v2\/pages"}],"about":[{"href":"https:\/\/travelshelper.com\/pt\/wp-json\/wp\/v2\/types\/page"}],"author":[{"embeddable":true,"href":"https:\/\/travelshelper.com\/pt\/wp-json\/wp\/v2\/users\/1"}],"replies":[{"embeddable":true,"href":"https:\/\/travelshelper.com\/pt\/wp-json\/wp\/v2\/comments?post=8985"}],"version-history":[{"count":0,"href":"https:\/\/travelshelper.com\/pt\/wp-json\/wp\/v2\/pages\/8985\/revisions"}],"up":[{"embeddable":true,"href":"https:\/\/travelshelper.com\/pt\/wp-json\/wp\/v2\/pages\/8072"}],"wp:featuredmedia":[{"embeddable":true,"href":"https:\/\/travelshelper.com\/pt\/wp-json\/wp\/v2\/media\/17537"}],"wp:attachment":[{"href":"https:\/\/travelshelper.com\/pt\/wp-json\/wp\/v2\/media?parent=8985"}],"curies":[{"name":"wp","href":"https:\/\/api.w.org\/{rel}","templated":true}]}}