{"id":8949,"date":"2024-09-06T15:29:24","date_gmt":"2024-09-06T15:29:24","guid":{"rendered":"https:\/\/travelshelper.com\/staging\/?page_id=8949"},"modified":"2026-03-13T17:49:35","modified_gmt":"2026-03-13T17:49:35","slug":"glenwood-springs","status":"publish","type":"page","link":"https:\/\/travelshelper.com\/pt\/destinations\/north-america\/united-states\/glenwood-springs\/","title":{"rendered":"Glenwood Springs"},"content":{"rendered":"<p>Glenwood Springs \u00e9 uma pequena cidade do Colorado com cerca de 10.000 habitantes, mas com grande reputa\u00e7\u00e3o nas Montanhas Rochosas. Situa-se a cerca de 1.750 metros de altitude no &#034;Vale Roaring Fork&#034;, no oeste do Colorado, onde os rios Colorado e Roaring Fork se encontram. A economia e o estilo de vida de Glenwood Springs h\u00e1 muito se concentram no turismo e na recrea\u00e7\u00e3o ao ar livre. \u00c9 famosa por abrigar a maior piscina de \u00e1guas termais minerais do mundo (um legado da cultura de spas do s\u00e9culo XIX). Como uma cidade pequena, seu PIB per capita \u00e9 modesto; a renda familiar m\u00e9dia gira em torno de US$ 87.000 (superior \u00e0 de muitas cidades tur\u00edsticas do Colorado), enquanto a taxa de pobreza \u00e9 relativamente baixa. Not\u00e1veis \u200b\u200b37% dos moradores se identificam como hisp\u00e2nicos ou latinos, refletindo uma vibrante comunidade latina, e cerca de 62% s\u00e3o brancos (n\u00e3o hisp\u00e2nicos). Com uma m\u00e9dia de idade mais alta (em torno de 45 anos) e uma for\u00e7a de trabalho majoritariamente local, Glenwood Springs parece uma cidade montanhosa independente. Seus principais setores s\u00e3o assist\u00eancia m\u00e9dica (o Valley View Hospital \u00e9 um grande empregador), hospitalidade (hospedagem, restaurantes) e turismo ao ar livre (esta\u00e7\u00f5es de esqui, empresas de rafting).<\/p>\n<p>Glenwood Springs fica no centro do Colorado, a cerca de 240 quil\u00f4metros a oeste de Denver, pela Interestadual 70. Est\u00e1 aninhada no acidentado Glenwood Canyon \u2014 um corredor c\u00eanico ao longo do Rio Colorado, ladeado por imponentes pared\u00f5es de penhascos vermelhos. A cidade \u00e9 a porta de entrada ocidental para um nexo de vales: daqui, uma rodovia leva ao sul at\u00e9 Aspen (esqui maravilhoso), outra ao noroeste em dire\u00e7\u00e3o a Vail, e a I-70 a leste at\u00e9 o alto deserto. A paisagem ao redor \u00e9 a cl\u00e1ssica regi\u00e3o montanhosa: encostas de pinheiros e carvalhos, mesas de arenito dram\u00e1ticas e a bacia hidrogr\u00e1fica do Hanging Lake, esculpida por geleiras, a nordeste. A geologia da regi\u00e3o \u00e9 ativa \u2014 fontes termais literalmente borbulham atrav\u00e9s de falhas e rochas calc\u00e1rias. O clima de Glenwood \u00e9 de montanha continental: os invernos s\u00e3o frios e com neve (embora mais amenos do que na Cordilheira Frontal do Colorado), e os ver\u00f5es s\u00e3o quentes e relativamente secos. Existem v\u00e1rios microclimas ao redor da cidade \u2014 as \u00e1reas pr\u00f3ximas ao rio tendem a ser mais frias e verdes do que os topos das mesas mais secas. No geral, por\u00e9m, pode-se esperar sol intenso durante o dia, noites frias e possibilidade de trovoadas \u00e0 tarde no ver\u00e3o. A primavera e o outono costumam ser esta\u00e7\u00f5es de transi\u00e7\u00e3o curtas. Na pr\u00e1tica, o clima \u00e9 geralmente ameno o suficiente para o turismo durante todo o ano: praticantes de trilhas, esquiadores e frequentadores de spas se re\u00fanem aqui em diferentes esta\u00e7\u00f5es.<\/p>\n<p>A hist\u00f3ria de Glenwood Springs est\u00e1 entrela\u00e7ada com hist\u00f3rias de pioneiros e pioneiros. Originalmente chamada de &#034;Barlow&#034;, em homenagem ao garimpeiro Jacob Barlow (que descobriu as famosas fontes termais em 1883), a cidade mudou seu nome em 1884, em homenagem \u00e0 cidade natal de Barlow, Glenwood, Iowa. A cidade cresceu rapidamente em torno das fontes terap\u00eauticas: visitantes abastados constru\u00edram grandes hot\u00e9is e o servi\u00e7o ferrovi\u00e1rio da ferrovia Denver &amp; Rio Grande a conectava ao restante do Colorado. Ali\u00e1s, o presidente Theodore Roosevelt passou f\u00e9rias em Glenwood Springs em 1905, ajudando a coloc\u00e1-la no mapa como um ref\u00fagio nacional. A cidade foi incorporada em 1886 e se tornou um centro de transporte nas Montanhas Rochosas.<\/p>\n<p>Os principais pontos de virada incluem o desenvolvimento da energia hidrel\u00e9trica no in\u00edcio do s\u00e9culo XX (a barragem em Glenwood Canyon trouxe eletricidade em 1909) e a constru\u00e7\u00e3o posterior de grandes rodovias. No final do s\u00e9culo XX, a identidade de Glenwood mudou um pouco de um resort spa para uma base de recrea\u00e7\u00e3o. Novas atra\u00e7\u00f5es como o Glenwood Caverns Adventure Park (inaugurado na d\u00e9cada de 1990 na Iron Mountain, acima da cidade) e a convers\u00e3o de algumas casas de banho em locais de entretenimento diversificaram seu apelo. \u00c9 importante ressaltar que Glenwood Springs nunca fechava completamente no inverno (ao contr\u00e1rio de algumas esta\u00e7\u00f5es de esqui), ent\u00e3o desenvolveu uma economia est\u00e1vel, impulsionada pelos moradores. Em suma, de suas ra\u00edzes como uma cidade termal no s\u00e9culo XIX at\u00e9 seu papel atual como porta de entrada para esqui e caminhadas, a hist\u00f3ria de Glenwood Springs \u00e9 de constante reinven\u00e7\u00e3o. Hoje, seu legado do s\u00e9culo XX sobrevive em edif\u00edcios de casas de banho de tijolo e madeira na Bathhouse Row, em hot\u00e9is centen\u00e1rios e em um ethos comunit\u00e1rio que valoriza tanto o patrim\u00f4nio hist\u00f3rico quanto a vida ao ar livre.<\/p>\n<p>Glenwood Springs tem um car\u00e1ter de cidade pequena do oeste com um toque amig\u00e1vel e ao ar livre. O idioma oficial \u00e9 o ingl\u00eas e, com sua popula\u00e7\u00e3o de 37% de latinos, o espanhol tamb\u00e9m \u00e9 falado com bastante frequ\u00eancia. A comunidade celebra uma famosa tradi\u00e7\u00e3o local: o festival Strawberry Days, um evento de ver\u00e3o de v\u00e1rios dias fundado em 1898 e que \u00e9 a celebra\u00e7\u00e3o municipal mais antiga do Colorado. (O nome do festival reflete as hist\u00f3ricas fazendas de morango do vale.) Al\u00e9m disso, a cultura local mistura elementos cl\u00e1ssicos de cidade montanhosa \u2013 um pouco do esp\u00edrito cowboy de rodeio, hist\u00f3ria da minera\u00e7\u00e3o e tradi\u00e7\u00f5es da fronteira \u2013 com a cultura dos esquiadores e guias de rio. A vida cotidiana aqui segue um ritmo descontra\u00eddo de montanha: as pessoas costumam ser vistas em trajes casuais para atividades ao ar livre (botas de caminhada ou camisetas com logotipos de esqui), e os centros sociais s\u00e3o caf\u00e9s, cervejarias e parques \u00e0 beira do rio, em vez de bares ou casas noturnas. Um passeio pela Grand Avenue (a pitoresca rua principal) revela galerias de arte, livrarias e uma mistura de antigas churrascarias e novos bistr\u00f4s gourmet \u2013 mostrando como a cidade equilibra tradi\u00e7\u00e3o e modernidade.<\/p>\n<p>Os moradores costumam ser extrovertidos e acolhedores. Ciclistas, alpinistas e passeadores de c\u00e3es costumam parar para conversar. Os pr\u00e9dios de dois andares e as ruas arborizadas de Glenwood criam uma atmosfera de escala humana. O ritmo \u00e9 tranquilo: fortes nevascas fazem com que as pessoas planejem projetos de inverno sem pressa, enquanto as longas noites de ver\u00e3o incentivam churrascos e shows gratuitos ao ar livre. Talvez devido \u00e0 hist\u00f3ria das fontes termais, h\u00e1 tamb\u00e9m uma tend\u00eancia hol\u00edstica \u2013 cl\u00ednicas locais e est\u00fadios de ioga coexistem com fornecedores de equipamentos de pesca com mosca. No geral, a &#034;sensa\u00e7\u00e3o&#034; de Glenwood Springs \u00e9 de bem-estar e aventura: um lugar onde fam\u00edlias vivem h\u00e1 gera\u00e7\u00f5es, mas onde os rec\u00e9m-chegados s\u00e3o atra\u00eddos pelos rios azul-celeste, esqui a menos de uma hora de dist\u00e2ncia e uma reputa\u00e7\u00e3o de boa sa\u00fade e divers\u00e3o ao ar livre.<\/p>\n<p>Os destaques imperd\u00edveis de Glenwood Springs est\u00e3o todos ligados \u00e0s suas \u00e1guas e montanhas. O Glenwood Hot Springs Resort \u00e9 lend\u00e1rio: cont\u00e9m uma &#034;Grande Piscina&#034;, internacionalmente famosa como a maior piscina de \u00e1guas termais minerais do mundo. Alimentada por fontes naturais a 50\u00b0C e resfriada a agrad\u00e1veis \u200b\u200b40\u00b0C para nata\u00e7\u00e3o, a Piscina Principal cont\u00e9m mais de 4,8 milh\u00f5es de litros de \u00e1gua mineral. Banhar-se nessas \u00e1guas termais \u00e9 um ritual que remonta aos \u00edndios Ute e aos primeiros colonizadores. Ao lado, o hist\u00f3rico Yampah Spa &amp; Vapor Caves oferece outra experi\u00eancia \u00fanica: cavernas termais internas onde o ar \u00famido e quente e os vapores minerais criam uma sauna natural. Para passear, pegue o telef\u00e9rico at\u00e9 o Glenwood Caverns Adventure Park. Situado no topo da Iron Mountain (a 2.150 metros), este parque tem\u00e1tico oferece passeios por cavernas antigas de calc\u00e1rio e brinquedos emocionantes (uma montanha-russa e um balan\u00e7o gigante) com vistas espetaculares do c\u00e2nion.<\/p>\n<p>Uma curta viagem de carro leva voc\u00ea ao Hanging Lake, uma das trilhas mais famosas do Colorado. A trilha estreita de 1,9 km sobe cerca de 300 metros at\u00e9 um lago cristalino e azul-turquesa, cercado por cachoeiras e pared\u00f5es de pedra travertino. (\u00c9 necess\u00e1rio ter permiss\u00e3o para trilhas, j\u00e1 que o lago \u00e9 um Patrim\u00f4nio Natural Nacional protegido.) Outras atra\u00e7\u00f5es ao ar livre incluem o Sunlight Mountain Resort (uma \u00e1rea de esqui local a nordeste da cidade) e o rafting de alto n\u00edvel no Rio Colorado, passando pelo Glenwood Canyon (corredeiras c\u00eanicas emolduradas por penhascos vermelhos). Na cidade, um passeio pela Grand Avenue revela a arquitetura vitoriana de casas de banho, lojas locais e caf\u00e9s. N\u00e3o deixe de visitar o Hahn&#039;s Peak Park, no centro da cidade \u2013 um pequeno, mas cl\u00e1ssico, parque de montanha situado ao lado do rio.<\/p>\n<p>Glenwood Springs tamb\u00e9m oferece atra\u00e7\u00f5es culturais: o hist\u00f3rico Hotel Colorado (onde Teddy Roosevelt se hospedou) abriga um museu de hist\u00f3ria local. O Glenwood Vaudeville Revue \u00e9 um popular teatro com jantar que captura o charme antigo de Glenwood. E quem gosta de atividades ao ar livre pode aproveitar a nova Glenwood Canyon Recreation Path \u2013 uma trilha pavimentada para ciclismo ao longo do Rio Colorado. Em resumo, as &#034;principais atra\u00e7\u00f5es&#034; de Glenwood giram em torno da \u00e1gua e da aventura: fontes termais, paisagens montanhosas, cavernas alpinas e trilhas. Tudo isso faz com que at\u00e9 mesmo esta pequena cidade pare\u00e7a um lugar para f\u00e9rias.<\/p>\n<p>Glenwood Springs n\u00e3o possui um aeroporto principal pr\u00f3prio. Os voos comerciais mais pr\u00f3ximos s\u00e3o para o Aeroporto Internacional de Denver (a cerca de 353 km de dist\u00e2ncia) ou Colorado Springs (340 km). No entanto, para um acesso mais pr\u00f3ximo no inverno, os viajantes costumam voar para o Aeroporto do Condado de Eagle (Vail) ou para o Aeroporto do Condado de Aspen\/Pitkin e, em seguida, dirigir de 1 a 1,5 hora pela Interestadual 70 e estradas de alta montanha. De carro, Glenwood \u00e9 f\u00e1cil de chegar: fica na sa\u00edda 116 da I-70, a 90 minutos a leste de Grand Junction e 25 minutos a oeste de Vail\/Aspen pela Rodovia Estadual 82. O trem California Zephyr da Amtrak para em Glenwood Springs, oferecendo uma op\u00e7\u00e3o de trem panor\u00e2mico saindo de Denver ou da \u00e1rea da Ba\u00eda de S\u00e3o Francisco. Bustang, o servi\u00e7o de \u00f4nibus estadual do Colorado, e \u00f4nibus de esqui tamb\u00e9m atendem a cidade.<\/p>\n<p>O centro de Glenwood Springs \u00e9 bastante compacto e muito f\u00e1cil de percorrer a p\u00e9. Um \u00f4nibus urbano gratuito (&#034;Ride Glenwood&#034;) passa a cada 30 minutos em um circuito pela cidade, conectando \u00e1reas residenciais, lojas e fontes termais. No ver\u00e3o e no inverno, muitos ciclistas podem ser vistos nas cal\u00e7adas largas ou na ciclovia ao longo do rio. A maioria dos visitantes, no entanto, aluga um carro para se aventurar nas montanhas ao redor (a menos que se hospede em uma esta\u00e7\u00e3o de esqui com transporte pr\u00f3prio). As estradas no inverno podem ficar escorregadias com neve, portanto, pneus 4x4 ou de neve s\u00e3o uma boa ideia ao dirigir em altitudes mais elevadas. Algumas atra\u00e7\u00f5es (como o in\u00edcio da trilha Hanging Lake) agora exigem transporte ou estacionamento pago; muitas lojas de equipamentos e hot\u00e9is oferecem servi\u00e7o de transporte para esquiadores e praticantes de trilhas.<\/p>\n<p>A moeda \u00e9 o d\u00f3lar americano. O ingl\u00eas \u00e9 falado em todos os lugares, mas com uma grande popula\u00e7\u00e3o hisp\u00e2nica, voc\u00ea pode ouvir espanhol com frequ\u00eancia. Dar gorjetas de ~18% em restaurantes e guias \u00e9 padr\u00e3o. A vestimenta \u00e9 casual ao ar livre o ano todo: pense em camadas no inverno (o sol da montanha ainda pode ser forte) e shorts\/camiseta no ver\u00e3o (mas traga uma jaqueta para noites frias). Respeite o ar livre: permane\u00e7a nas trilhas, mantenha uma dist\u00e2ncia segura da vida selvagem (le\u00f5es da montanha e ursos habitam as florestas) e verifique a previs\u00e3o do tempo antes de caminhadas alpinas - tempestades podem chegar rapidamente. No inverno, esteja atento a avalanches se aventurar fora de \u00e1reas estabelecidas. O sol da montanha \u00e9 intenso em altitude; protetor solar e chap\u00e9us s\u00e3o essenciais. Por fim, embora Glenwood Springs seja relativamente segura, esteja ciente de que as rodovias (especialmente a I-70) est\u00e3o cheias de caminh\u00f5es. Use as faixas de pedestres na cidade e sempre use o cinto de seguran\u00e7a.<a href=\"https:\/\/travelshelper.com\/pt\/destinos\/america-do-norte\/estados-unidos-da-america\/berkeley-springs\/\" target=\"_self\" aria-labelledby=\"uael-post-8997\"><br \/>\n<\/a><\/p>","protected":false},"excerpt":{"rendered":"<p>Glenwood Springs, um vibrante munic\u00edpio aut\u00f4nomo que serve como sede do Condado de Garfield, Colorado, est\u00e1 localizado na jun\u00e7\u00e3o dos rios Roaring Fork e Colorado. Com 9.963 habitantes segundo o Censo dos Estados Unidos de 2020, esta pequena, por\u00e9m not\u00e1vel cidade \u00e9 um polo na regi\u00e3o. Glenwood Springs \u00e9 um polo central entre o Vale Roaring Fork e um conjunto de cidades menores espalhadas ao longo do Rio Colorado; sua localiza\u00e7\u00e3o estrat\u00e9gica ajuda a explicar sua import\u00e2ncia hist\u00f3rica e moderna.<\/p>","protected":false},"author":1,"featured_media":17477,"parent":8072,"menu_order":0,"comment_status":"closed","ping_status":"closed","template":"elementor_theme","meta":{"_eb_attr":"","footnotes":""},"class_list":["post-8949","page","type-page","status-publish","has-post-thumbnail"],"_links":{"self":[{"href":"https:\/\/travelshelper.com\/pt\/wp-json\/wp\/v2\/pages\/8949","targetHints":{"allow":["GET"]}}],"collection":[{"href":"https:\/\/travelshelper.com\/pt\/wp-json\/wp\/v2\/pages"}],"about":[{"href":"https:\/\/travelshelper.com\/pt\/wp-json\/wp\/v2\/types\/page"}],"author":[{"embeddable":true,"href":"https:\/\/travelshelper.com\/pt\/wp-json\/wp\/v2\/users\/1"}],"replies":[{"embeddable":true,"href":"https:\/\/travelshelper.com\/pt\/wp-json\/wp\/v2\/comments?post=8949"}],"version-history":[{"count":0,"href":"https:\/\/travelshelper.com\/pt\/wp-json\/wp\/v2\/pages\/8949\/revisions"}],"up":[{"embeddable":true,"href":"https:\/\/travelshelper.com\/pt\/wp-json\/wp\/v2\/pages\/8072"}],"wp:featuredmedia":[{"embeddable":true,"href":"https:\/\/travelshelper.com\/pt\/wp-json\/wp\/v2\/media\/17477"}],"wp:attachment":[{"href":"https:\/\/travelshelper.com\/pt\/wp-json\/wp\/v2\/media?parent=8949"}],"curies":[{"name":"wp","href":"https:\/\/api.w.org\/{rel}","templated":true}]}}