{"id":8943,"date":"2024-09-06T15:20:18","date_gmt":"2024-09-06T15:20:18","guid":{"rendered":"https:\/\/travelshelper.com\/staging\/?page_id=8943"},"modified":"2026-03-13T18:14:42","modified_gmt":"2026-03-13T18:14:42","slug":"tecopa","status":"publish","type":"page","link":"https:\/\/travelshelper.com\/pt\/destinations\/north-america\/united-states\/tecopa\/","title":{"rendered":"Tecopa"},"content":{"rendered":"<p>Uma pequena comunidade des\u00e9rtica, Tecopa teve uma popula\u00e7\u00e3o registrada de apenas 120 pessoas em 2020 (abaixo dos cerca de 150 da d\u00e9cada anterior). Isso a torna um dos menores locais censit\u00e1rios da Calif\u00f3rnia. A grande maioria dos moradores \u00e9 branca. O censo de 2010 constatou que cerca de 79% dos 150 habitantes da cidade se identificaram como brancos, com uma pequena porcentagem (aproximadamente 5%) de nativos americanos e alguns multirraciais. Minorias \u00e9tnicas ou raciais e hisp\u00e2nicos s\u00e3o muito poucos (menos de 10% combinados). A idade m\u00e9dia \u00e9 alta \u2013 em torno de 57 a 60 anos \u2013 indicando uma popula\u00e7\u00e3o em grande parte mais velha. Muitas fam\u00edlias s\u00e3o de aposentados ou de fam\u00edlias locais de longa data.<\/p>\n<p>Tecopa n\u00e3o possui base industrial; sua economia \u00e9 voltada para servi\u00e7os e turismo. Historicamente, era um acampamento de minera\u00e7\u00e3o, mas desde meados do s\u00e9culo XX depende das fontes termais, da agricultura modesta e dos servi\u00e7os de visita\u00e7\u00e3o. Um pequeno neg\u00f3cio de cultivo de t\u00e2maras (China Ranch) e algumas pousadas e restaurantes atendem turistas. A renda familiar m\u00e9dia \u00e9 baixa (cerca de US$ 27.000) e uma fra\u00e7\u00e3o significativa dos moradores vive abaixo da linha da pobreza. Em suma, os &#034;n\u00fameros&#034; de Tecopa pintam o quadro de uma vila des\u00e9rtica muito pequena e envelhecida, dependente do turismo e da agricultura leve.<\/p>\n<p>Tecopa fica no sudeste da Calif\u00f3rnia, no deserto de Mojave, no condado de Inyo. Situa-se a cerca de 640 metros de altitude, em uma bacia \u00e1rida remota, a cerca de 48 quil\u00f4metros a oeste da fronteira com Nevada e nos arredores do Parque Nacional do Vale da Morte. A paisagem \u00e9 \u00e1rida e acidentada: terrenos des\u00e9rticos planos cercados por montanhas escarpadas (as cadeias de montanhas Nopah e Panamint ficam a oeste e norte) e entrecortadas por c\u00e2nions de calc\u00e1rio. O rio Amargosa flui sazonalmente por um desfiladeiro profundo pr\u00f3ximo. Este posto avan\u00e7ado remoto \u00e9 acessado apenas por rodovias estaduais sinuosas (CA-127 de norte a sul ou CA-178 de oeste).<\/p>\n<p>Tecopa fica em um amplo planalto des\u00e9rtico sob um c\u00e9u vasto. A leste, erguem-se as Montanhas Brancas e, um pouco mais al\u00e9m, a nordeste, fica a Cordilheira Salt Springs, em Nevada. China Ranch, com suas tamareiras e vegeta\u00e7\u00e3o exuberante, fica a 8 km ao sul, ao longo de um bra\u00e7o do Rio Amargosa. As cidades mais pr\u00f3ximas s\u00e3o Pahrump, Nevada (cerca de 96 km a leste) e Shoshone, Calif\u00f3rnia (8 km ao norte).<\/p>\n<p>O clima \u00e9 \u00e1rido e des\u00e9rtico. Os ver\u00f5es s\u00e3o extremamente quentes; as m\u00e1ximas m\u00e9dias em julho ultrapassam 38\u00b0C, e os picos em meados do ver\u00e3o podem chegar a 43\u00b0C. O c\u00e9u \u00e9 quase sempre limpo e a precipita\u00e7\u00e3o \u00e9 m\u00ednima (Tecopa tem uma m\u00e9dia de apenas 13 cm por ano). Os invernos s\u00e3o amenos para os padr\u00f5es continentais; as m\u00e1ximas diurnas podem chegar a 15\u00b0C, e noites congelantes (1\u00b0C) s\u00e3o poss\u00edveis. A neve \u00e9 \u200b\u200bpraticamente inexistente. Em suma, Tecopa est\u00e1 sujeita aos extremos do clima des\u00e9rtico: sol escaldante durante o dia, frio intenso \u00e0 noite, com praticamente nenhuma precipita\u00e7\u00e3o.<\/p>\n<p>A hist\u00f3ria de Tecopa est\u00e1 enraizada tanto na heran\u00e7a ind\u00edgena quanto no empreendedorismo de fronteira. Os nativos americanos (as tribos Koso e Chemehuevi) conheciam essas nascentes h\u00e1 s\u00e9culos. Em meados do s\u00e9culo XIX, a Antiga Trilha Espanhola passava n\u00e3o muito longe daqui, e os pioneiros que viajavam pelas rotas do Mojave e do Vale Owens provavelmente conheciam suas \u00e1guas (ali\u00e1s, o nome Tecopa homenageia um chefe paiute local). Na d\u00e9cada de 1870, ca\u00e7adores de minerais descobriram dep\u00f3sitos de prata e chumbo nas montanhas pr\u00f3ximas.<\/p>\n<p>Em 1875-1877, os irm\u00e3os William e Wallace Brown abriram uma mina de chumbo e prata em um local chamado Brownsville (posteriormente Tecopa Heights). Jonas Osborne comprou a opera\u00e7\u00e3o e, em 1877, renomeou o assentamento para &#034;Tecopa&#034;, em homenagem ao chefe local. Uma ag\u00eancia dos correios foi aberta naquele mesmo ano, marcando o reconhecimento oficial do acampamento. No entanto, o boom inicial da minera\u00e7\u00e3o foi breve e irregular; em 1879, o min\u00e9rio se esgotou e o campo estava em grande parte deserto.<\/p>\n<p>Tecopa sobreviveu como uma pequena esta\u00e7\u00e3o de cria\u00e7\u00e3o de gado e abastecimento de \u00e1gua mineral. Em 1907, a Ferrovia Tonopah and Tidewater chegou \u00e0 regi\u00e3o (contornando a orla do Vale da Morte), revitalizando Tecopa como uma breve parada ferrovi\u00e1ria. Uma nova ag\u00eancia dos correios foi aberta, conectando-a \u00e0s redes nacionais de correio. Mas, na d\u00e9cada de 1930, at\u00e9 a ferrovia fechou, e Tecopa voltou a decair.<\/p>\n<p>A era moderna come\u00e7ou depois de 1957, quando as minas pr\u00f3ximas (minas de talco em Talc Hill) fecharam. Nas d\u00e9cadas de 1960 e 1970, o governo federal vendeu terras estaduais ao redor das fontes termais, abrindo a \u00e1rea para o desenvolvimento privado. Empreendedores constru\u00edram pequenos spas e mot\u00e9is perto das fontes naturais. No final do s\u00e9culo XX, Tecopa reinventou-se como um retiro de \u00e1guas termais: as Tecopa Hot Springs (os banhos p\u00fablicos) foram inauguradas, e v\u00e1rios resorts r\u00fasticos (Tecopa Spa, instala\u00e7\u00f5es no China Ranch e outros) surgiram ao redor das \u00e1guas minerais quentes. O DNA da cidade mudou de posto avan\u00e7ado de minera\u00e7\u00e3o para comunidade termal. Hoje, sua hist\u00f3ria ecoa em um punhado de pr\u00e9dios antigos e minas abandonadas, mas o marco marcante ainda \u00e9 o conjunto de fontes termais naturais que fizeram de Tecopa um ref\u00fagio no deserto.<\/p>\n<p>Tecopa \u00e9 t\u00e3o tranquila e esparsa quanto sua paisagem, com um car\u00e1ter rural e descontra\u00eddo. L\u00edngua e Pessoas: O ingl\u00eas \u00e9 universal aqui; praticamente todos falam ingl\u00eas em casa. A comunidade \u00e9 pequena e predominantemente mais velha. Os moradores locais recebem os estranhos com a cordialidade de uma cidade pequena americana, mas a vida aqui transcorre em um ritmo tranquilo. Um visitante observou que o ritmo \u00e9 &#034;lento como o p\u00f4r do sol&#034;: as tardes passam com apenas o calor para quebrar o sil\u00eancio.<\/p>\n<p>Apesar do seu tamanho, Tecopa organiza alguns eventos locais. Todo m\u00eas de novembro, o corpo de bombeiros volunt\u00e1rios organiza o &#034;Firehouse Fling&#034; \u2013 um jantar comunit\u00e1rio com dan\u00e7a que arrecada fundos para o corpo de bombeiros. Desde 2014, a cidade tamb\u00e9m realiza o Tecopa Takeover Music Festival, um pequeno encontro de m\u00fasicos locais e visitantes que apresentam sons roots e folk. Esses eventos refletem o esp\u00edrito &#034;fa\u00e7a voc\u00ea mesmo&#034; de Tecopa e seu objetivo de manter fortes la\u00e7os comunit\u00e1rios em um lugar remoto.<\/p>\n<p>Tecopa parece isolada, mas n\u00e3o hostil. Exala uma atmosfera de acampamento de fronteira: pores do sol empoeirados, palmeiras e cactos espalhados, o ronco ocasional de uma caminhonete passando. \u00c0 noite, o c\u00e9u estrelado \u00e9 vasto e brilhante. N\u00e3o h\u00e1 vida noturna de verdade; as noites s\u00e3o passadas tranquilamente (muitas vezes nas fontes termais sob o luar). A aus\u00eancia de multid\u00f5es \u2013 e at\u00e9 mesmo de sem\u00e1foros ou postos de gasolina \u2013 \u00e9 palp\u00e1vel. No entanto, os visitantes frequentemente relatam que os moradores locais s\u00e3o amig\u00e1veis \u200b\u200be curiosos: voc\u00ea pode ser convidado para conversar no caf\u00e9 ou nas fontes, ou questionado sobre a vida na &#034;cidade&#034; al\u00e9m do deserto. Em suma, Tecopa parece remota e contemplativa. \u00c9 um lugar onde as rotinas di\u00e1rias s\u00e3o movidas pelas necessidades e pela natureza (regar plantas, verificar a correspond\u00eancia, relaxar em uma fonte termal) em vez dos rel\u00f3gios e carros de uma cidade grande.<\/p>\n<p>O charme de Tecopa reside em seu cen\u00e1rio natural. As fontes termais s\u00e3o a principal atra\u00e7\u00e3o: diversas piscinas geot\u00e9rmicas e spas espalhados pela cidade permitem que os viajantes mergulhem em \u00e1gua mineral o ano todo. Na \u00c1rea de Recrea\u00e7\u00e3o Estadual de Tecopa Hot Springs, \u00e9 poss\u00edvel banhar-se em modestas piscinas ao ar livre, alimentadas pelas \u00e1guas das fontes termais do Furnace Creek Ranch (anteriormente chamadas de Tecopa Hot Springs). Uma curta viagem de carro ao sul leva \u00e0 Fazenda de T\u00e2maras China Ranch, um o\u00e1sis inesperado com palmeiras exuberantes. Os visitantes podem passear por um bosque de tamareiras, experimentar milk-shakes de t\u00e2mara e caminhar ao longo do Rio Amargosa.<\/p>\n<p>Al\u00e9m das nascentes, o Parque Nacional do Vale da Morte fica a uma curta dist\u00e2ncia de carro (cerca de 64 quil\u00f4metros ao norte). Muitas pessoas usam Tecopa como um pitoresco posto avan\u00e7ado perto do parque. Um passeio de um dia ao Vale da Morte revela paisagens espetaculares (Bacia Badwater, Ponta Zabriskie, as dunas de Mesquite Flat, etc.) que complementam dramaticamente a tranquilidade de uma pequena cidade de Tecopa.<\/p>\n<p>Perto de Shoshone, a apenas 8 km ao norte, fica o Museu Shoshone (em um hotel hist\u00f3rico de quatro quartos), que exibe artefatos de minera\u00e7\u00e3o e nativos americanos, contextualizando a hist\u00f3ria da regi\u00e3o. Os amantes da natureza tamb\u00e9m encontram atra\u00e7\u00f5es: o Spring Mountain Ranch e o Amargosa Chaos s\u00e3o trilhas curtas por c\u00e2nions, e o Lago Grimshaw (um raro reservat\u00f3rio no deserto) \u00e0s vezes \u00e9 usado por esquiadores aqu\u00e1ticos.<\/p>\n<p>Em resumo, as experi\u00eancias imperd\u00edveis incluem:<\/p>\n<ul>\n<li>Mergulhando nas fontes termais p\u00fablicas e do resort de Tecopa (frequentemente citadas como o motivo das pessoas irem at\u00e9 l\u00e1).<\/li>\n<li>Explorando o Parque Nacional do Vale da Morte, acess\u00edvel pela cidade.<\/li>\n<li>Visitando China Ranch para provar produtos de t\u00e2maras e caminhar pelas margens do rio.<\/li>\n<li>Visita ao pequeno Museu Shoshone para conhecer a hist\u00f3ria local.<\/li>\n<li>Fa\u00e7a off-road nas Dunas Dumont (para ve\u00edculos de aventura) ou fa\u00e7a caminhadas em trilhas pitorescas no deserto.<br \/>\nCada uma delas incorpora a mistura de natureza acidentada e o charme peculiar de cidade pequena de Tecopa.<\/li>\n<\/ul>\n<p>N\u00e3o h\u00e1 aeroporto ou esta\u00e7\u00e3o de trem em Tecopa. A maioria dos visitantes chega de carro. A cidade fica na jun\u00e7\u00e3o das rodovias 127 e 178, na Calif\u00f3rnia. A oeste (sul), a rodovia 178 leva 145 quil\u00f4metros para dentro da Calif\u00f3rnia via Inyokern (com acesso \u00e0 \u00e1rea de Ridgecrest), enquanto a leste (norte) a rodovia 127 conecta Nevada e a Interestadual 15 em Baker. Os principais aeroportos mais pr\u00f3ximos s\u00e3o os de Las Vegas, NV (McCarran International, ~193 quil\u00f4metros a leste) ou Los Angeles, CA (LAX, ~370 quil\u00f4metros a sudoeste). Os aeroportos regionais mais pr\u00f3ximos incluem Bishop (ao norte) ou o terminal menor de Las Vegas. N\u00e3o h\u00e1 servi\u00e7o ferrovi\u00e1rio de passageiros aqui.<\/p>\n<p>Tecopa em si \u00e9 extremamente pequena e, em grande parte, acess\u00edvel a p\u00e9 (lojas, caf\u00e9s, spas e acomoda\u00e7\u00f5es se concentram ao longo de sua rua principal). No entanto, um carro \u00e9 essencial para explorar al\u00e9m da cidade. Observe que o &#034;transporte p\u00fablico&#034; local \u00e9 m\u00ednimo: um \u00f4nibus quinzenal conectava Tecopa a Pahrump, Nevada (via Eastern Sierra Transit), mas o servi\u00e7o foi suspenso. Carros alugados ou ve\u00edculos particulares s\u00e3o a \u00fanica maneira pr\u00e1tica de visitar as fontes termais e as atra\u00e7\u00f5es ao redor. Ve\u00edculos off-road s\u00e3o necess\u00e1rios para lugares como as Dunas de Dumont. As condi\u00e7\u00f5es das estradas s\u00e3o geralmente boas (rodovias de duas pistas), mas os motoristas devem ficar atentos a animais selvagens ou animais selvagens \u00e0 noite no deserto.<\/p>\n<p>A moeda \u00e9 o d\u00f3lar americano e o idioma principal \u00e9 o ingl\u00eas. Os visitantes devem se preparar para as condi\u00e7\u00f5es do deserto: leve \u00e1gua, use protetor solar e evite atividades ao ar livre durante o calor do meio-dia. A cobertura de celular \u00e9 irregular; algumas \u00e1reas podem ficar sem sinal. Os supermercados mais pr\u00f3ximos ficam em Pahrump, NV, ou Bishop, CA, ent\u00e3o planeje seus suprimentos adequadamente.<\/p>\n<p>Tecopa \u00e9 muito segura para os padr\u00f5es gerais \u2013 a criminalidade \u00e9 praticamente inexistente devido \u00e0 comunidade pequena e unida. Os vizinhos tendem a se cumprimentar calorosamente; um &#034;ol\u00e1&#034; educado na loja ou nas fontes termais \u00e9 comum. Forasteiros achar\u00e3o as pessoas prestativas, mas lembre-se de que esta n\u00e3o \u00e9 uma &#034;cidade resort&#034; no sentido mais refinado: trajes modestos e maneiras discretas s\u00e3o a norma. N\u00e3o h\u00e1 peculiaridades legais al\u00e9m da lei da Calif\u00f3rnia (observe os limites de velocidade e n\u00e3o perturbe a vida selvagem ou propriedades privadas). Resumindo, encare Tecopa como um destino rural tranquilo: seja amig\u00e1vel, mantenha um ritmo tranquilo e voc\u00ea se encaixar\u00e1 perfeitamente.<a href=\"https:\/\/travelshelper.com\/pt\/destinos\/america-do-norte\/estados-unidos-da-america\/berkeley-springs\/\" target=\"_self\" aria-labelledby=\"uael-post-8997\"><br \/>\n<\/a><\/p>","protected":false},"excerpt":{"rendered":"<p>Tecopa \u00e9 uma \u00e1rea designada pelo censo (CDP) localizada no Deserto de Mojave, na regi\u00e3o sudeste do Condado de Inyo, Calif\u00f3rnia. Caracterizada por sua import\u00e2ncia hist\u00f3rica e beleza natural, esta pequena cidade mudou significativamente ao longo dos anos. Refletindo os costumes e culturas dos \u00edndios Koso e Chemehuevi, o passado de Tecopa est\u00e1 intimamente ligado ao deles. Impulsionada pela possibilidade de riqueza mineral das minas pr\u00f3ximas, a \u00e1rea viu um aumento not\u00e1vel no n\u00famero de pioneiros no final do s\u00e9culo XIX.<\/p>","protected":false},"author":1,"featured_media":17576,"parent":8072,"menu_order":0,"comment_status":"closed","ping_status":"closed","template":"elementor_theme","meta":{"_eb_attr":"","footnotes":""},"class_list":["post-8943","page","type-page","status-publish","has-post-thumbnail"],"_links":{"self":[{"href":"https:\/\/travelshelper.com\/pt\/wp-json\/wp\/v2\/pages\/8943","targetHints":{"allow":["GET"]}}],"collection":[{"href":"https:\/\/travelshelper.com\/pt\/wp-json\/wp\/v2\/pages"}],"about":[{"href":"https:\/\/travelshelper.com\/pt\/wp-json\/wp\/v2\/types\/page"}],"author":[{"embeddable":true,"href":"https:\/\/travelshelper.com\/pt\/wp-json\/wp\/v2\/users\/1"}],"replies":[{"embeddable":true,"href":"https:\/\/travelshelper.com\/pt\/wp-json\/wp\/v2\/comments?post=8943"}],"version-history":[{"count":0,"href":"https:\/\/travelshelper.com\/pt\/wp-json\/wp\/v2\/pages\/8943\/revisions"}],"up":[{"embeddable":true,"href":"https:\/\/travelshelper.com\/pt\/wp-json\/wp\/v2\/pages\/8072"}],"wp:featuredmedia":[{"embeddable":true,"href":"https:\/\/travelshelper.com\/pt\/wp-json\/wp\/v2\/media\/17576"}],"wp:attachment":[{"href":"https:\/\/travelshelper.com\/pt\/wp-json\/wp\/v2\/media?parent=8943"}],"curies":[{"name":"wp","href":"https:\/\/api.w.org\/{rel}","templated":true}]}}