{"id":8937,"date":"2024-09-06T15:04:53","date_gmt":"2024-09-06T15:04:53","guid":{"rendered":"https:\/\/travelshelper.com\/staging\/?page_id=8937"},"modified":"2026-03-13T17:43:29","modified_gmt":"2026-03-13T17:43:29","slug":"desert-hot-springs","status":"publish","type":"page","link":"https:\/\/travelshelper.com\/pt\/destinations\/north-america\/united-states\/desert-hot-springs\/","title":{"rendered":"Desert Hot Springs"},"content":{"rendered":"<p>Desert Hot Springs (DHS) \u00e9 uma pequena cidade no Vale Coachella, no sul da Calif\u00f3rnia, famosa por suas fontes termais minerais e resorts de spa. Em 2025, tinha cerca de 34.000 habitantes, o que a torna uma comunidade tranquila e dispersa. A popula\u00e7\u00e3o \u00e9 predominantemente hisp\u00e2nica ou latina (segundo uma contagem, cerca de dois ter\u00e7os dos residentes), e o restante, em sua maioria, branca n\u00e3o hisp\u00e2nica. A renda familiar m\u00e9dia \u00e9 de cerca de US$ 50.350, modesta para os padr\u00f5es da Calif\u00f3rnia, e cerca de 19% da popula\u00e7\u00e3o vive na pobreza. A m\u00e9dia de idade \u00e9 menor do que a m\u00e9dia nacional. DHS n\u00e3o possui um grande setor corporativo; a economia local \u00e9 constru\u00edda sobre o turismo (os resorts de spa), ind\u00fastria leve (h\u00e1 uma f\u00e1brica de bolas de golfe nas proximidades e alguns centros de distribui\u00e7\u00e3o) e empregos no setor de servi\u00e7os. O slogan da cidade, &#034;Cidade do Sol Eterno&#034;, destaca seu marketing: literalmente constru\u00edda sobre um recurso natural, as fontes termais minerais.<\/p>\n<p>Geograficamente, Desert Hot Springs fica no extremo norte do Vale Coachella (o &#034;Vale do Sol&#034;), a cerca de 80 quil\u00f4metros a leste do centro de Los Angeles. Fica no Condado de Riverside, a poucos quil\u00f4metros ao norte de Palm Springs e ao sul das Montanhas San Bernardino. A cidade se estende no fundo do vale a cerca de 330 m de altitude. Ao redor do DHS est\u00e3o as cordilheiras baixas das Montanhas San Jacinto e Indio, que abrigam trilhas para caminhadas em altitudes mais elevadas e os aqu\u00edferos que alimentam as nascentes. O terreno \u00e9 t\u00edpico do alto deserto da Calif\u00f3rnia: plan\u00edcies arenosas e rochosas pontilhadas de creosoto e cactos, delimitadas por cumes montanhosos recortados. A noroeste, avista-se o Monte San Jacinto elevando-se a 3.260 m. O elemento paisag\u00edstico que define a paisagem s\u00e3o as pr\u00f3prias fontes termais \u2013 in\u00fameros po\u00e7os e piscinas espalhados pela cidade se enchem de \u00e1gua mineral aquecida geotermicamente (que produzem os resorts de spa caracter\u00edsticos da cidade).<\/p>\n<p>O clima de Desert Hot Springs \u00e9 um ambiente des\u00e9rtico cl\u00e1ssico: ver\u00f5es muito quentes e extremamente secos e invernos amenos. De acordo com dados clim\u00e1ticos, os ver\u00f5es aqui s\u00e3o &#034;sufocantes, \u00e1ridos e quase sempre sem nuvens&#034;. As m\u00e1ximas diurnas de junho a setembro costumam atingir 38 a 43 \u00b0C, ocasionalmente at\u00e9 mais. Mesmo para os padr\u00f5es des\u00e9rticos, DHS \u00e9 quente: as m\u00e1ximas m\u00e9dias de julho ficam em torno de 39 \u00b0C. As noites de ver\u00e3o esfriam at\u00e9 a casa dos 21 \u00b0C, proporcionando algum al\u00edvio. A chuva \u00e9 quase inexistente no ver\u00e3o, com apenas algumas tempestades no m\u00e1ximo. Os invernos s\u00e3o quentes em compara\u00e7\u00e3o com a maior parte dos EUA: em janeiro, as m\u00e1ximas diurnas ficam em torno de 15 \u00b0C e as m\u00ednimas em torno de 5 \u00b0C. Geada \u00e9 poss\u00edvel, mas neve \u00e9 \u200b\u200bextremamente rara (raramente mais do que um tra\u00e7o). Esse clima, juntamente com a \u00e1gua rica em minerais, \u00e9 o motivo pelo qual as pessoas chamam DHS de &#034;Palm Springs dos Hippies&#034; ou a capital dos spas da Calif\u00f3rnia. O ar \u00e9 excepcionalmente seco (a umidade no ver\u00e3o costuma ficar na casa de um d\u00edgito), ent\u00e3o manter-se hidratado \u00e9 crucial no ver\u00e3o. \u00d3culos de sol e protetor solar s\u00e3o altamente recomendados durante todo o ano.<\/p>\n<h2>Fontes termais do deserto em n\u00fameros (popula\u00e7\u00e3o, demografia, economia)<\/h2>\n<p>Desert Hot Springs \u00e9 uma das pequenas cidades que mais crescem na Calif\u00f3rnia. Sua popula\u00e7\u00e3o em 2020 era de cerca de 32.512 habitantes, e as proje\u00e7\u00f5es a colocam acima de 34.000 at\u00e9 2025. O crescimento vem tanto de nascimentos locais quanto da migra\u00e7\u00e3o de outras partes da Calif\u00f3rnia e de fora do estado, atra\u00edda por moradias acess\u00edveis e sol. A cidade \u00e9 notavelmente diversa: brancos n\u00e3o hisp\u00e2nicos comp\u00f5em cerca de 36% da popula\u00e7\u00e3o, enquanto o restante \u00e9 majoritariamente hisp\u00e2nico\/latinos ou de outras ra\u00e7as (indicando uma participa\u00e7\u00e3o hisp\u00e2nica de aproximadamente dois ter\u00e7os). H\u00e1 tamb\u00e9m comunidades consider\u00e1veis \u200b\u200bde indiv\u00edduos multirraciais. Economicamente, a renda familiar m\u00e9dia de US$ 50.349 \u00e9 menor do que a m\u00e9dia da Calif\u00f3rnia, refletindo que o DHS \u00e9 mais de classe m\u00e9dia. Os principais setores incluem turismo (hot\u00e9is e resorts s\u00e3o os principais empregadores), manufatura (especialmente a produ\u00e7\u00e3o de bolas de golfe em f\u00e1bricas pr\u00f3ximas) e varejo. A taxa de pobreza \u00e9 pouco menos de 20%, superior \u00e0 m\u00e9dia nacional, devido \u00e0 economia de cidade pequena e \u00e0 significativa popula\u00e7\u00e3o de aposentados com renda fixa. Muitas fam\u00edlias aqui s\u00e3o formadas por unidades familiares ou aposentados atra\u00eddos pelo estilo de vida tranquilo.<\/p>\n<h2>Localiza\u00e7\u00e3o (regi\u00e3o, paisagem, clima)<\/h2>\n<p>Desert Hot Springs ocupa uma bacia des\u00e9rtica no sul da Calif\u00f3rnia, dentro da sub-regi\u00e3o do Deserto do Colorado, no Deserto de Sonora. Fica ao norte de Palm Springs, a aproximadamente 34\u00b0N de latitude e 116\u00b030\u2032W de longitude. A altitude da cidade \u00e9 de cerca de 330 m acima do n\u00edvel do mar, o que \u00e9 mais alto do que Palm Springs, nas proximidades, e, portanto, proporciona noites ligeiramente mais frias. A paisagem \u00e9 plana a levemente ondulada de areia e cascalho com vegeta\u00e7\u00e3o esparsa (ocotillo, i\u00faca, arbustos de creosoto). Ao redor do DHS est\u00e3o colinas baixas (as Pequenas Montanhas de San Bernardino) e, mais longe, os altos picos das Montanhas de San Jacinto. A caracter\u00edstica geogr\u00e1fica que define, \u00e9 claro, s\u00e3o as fontes termais geot\u00e9rmicas que percolam abaixo da superf\u00edcie. A \u00e1gua dessas fontes termais (naturalmente em torno de 49-60\u00b0C) \u00e9 canalizada para muitos dos spas e piscinas da cidade. Na verdade, \u00e9 poss\u00edvel relaxar em fontes termais aquecidas em dezenas de spas aqui \u2014 uma atra\u00e7\u00e3o geogr\u00e1fica \u00fanica.<\/p>\n<p>Como observado, o clima \u00e9 \u00e1rido des\u00e9rtico. Oficialmente, Desert Hot Springs se qualifica como clima des\u00e9rtico quente (K\u00f6ppen BWh). Apresenta precipita\u00e7\u00e3o anual extremamente baixa (menos de 15 cm) e alta evapora\u00e7\u00e3o. Os ver\u00f5es s\u00e3o longos e brutalmente quentes: dados clim\u00e1ticos oficiais descrevem os meses de ver\u00e3o como &#034;sufocantes e \u00e1ridos&#034;, com m\u00e1ximas m\u00e9dias de julho e agosto acima de 38\u00b0C. O c\u00e9u est\u00e1 quase sempre limpo no ver\u00e3o. Os invernos s\u00e3o breves e amenos: as m\u00e1ximas de dezembro e janeiro ficam em torno de 15\u00b0C, com noites amenas. A precipita\u00e7\u00e3o se concentra nos meses mais frios (dezembro a fevereiro pode trazer algumas tempestades, embora a precipita\u00e7\u00e3o de inverno seja baixa para os padr\u00f5es dos EUA). O efeito de &#034;sombra de chuva&#034; das montanhas significa que o DHS v\u00ea menos nuvens do que Palm Springs, ligeiramente ao sul. Os visitantes devem notar especialmente o calor do ver\u00e3o: at\u00e9 mesmo os moradores locais programam atividades extenuantes para a manh\u00e3\/noite. No entanto, a baixa umidade e a alta intensidade do sol tamb\u00e9m contribuem para dias de inverno brilhantes e secos, que atraem muitos forasteiros que fogem de climas mais frios.<\/p>\n<h2>Instant\u00e2neo hist\u00f3rico (origens e marcos)<\/h2>\n<p>A hist\u00f3ria de Desert Hot Springs est\u00e1 intimamente ligada \u00e0s suas fontes. Os povos ind\u00edgenas (a tribo Cahuilla) conheciam as \u00e1guas quentes h\u00e1 mil\u00eanios. Em tempos mais recentes, Cabot Yerxa \u00e9 um nome lend\u00e1rio aqui. Yerxa era um exc\u00eantrico fazendeiro que chegou \u00e0 regi\u00e3o por volta de 1913 em busca de &#034;\u00e1gua milagrosa&#034;. Ele construiu sua pr\u00f3pria cabana com telhado de palha (chamada &#034;Cabana Ninho da \u00c1guia&#034;, agora no Registro Nacional) em 1914 e, posteriormente, construiu a impressionante Cabot&#039;s Pueblo House em Miracle Hill \u2013 uma casa de pedra e museu em estilo pueblo, constru\u00edda \u00e0 m\u00e3o, com 35 c\u00f4modos. Essas estruturas (ainda de p\u00e9) s\u00e3o marcos do Departamento de Seguran\u00e7a Interna (DHS), simbolizando a busca pela promessa terap\u00eautica das fontes no in\u00edcio do s\u00e9culo XX.<\/p>\n<p>A primeira incorpora\u00e7\u00e3o formal de uma cidade ao redor das fontes termais ocorreu em 1963, quando Desert Hot Springs foi declarada cidade (em parte, numa tentativa de capitalizar o turismo). Inicialmente, a cidade era um tanto espartana \u2013 muitos dos primeiros mot\u00e9is atra\u00edam hippies e adeptos da Nova Era. Nas d\u00e9cadas seguintes, no entanto, empreendedores constru\u00edram resorts spa cada vez mais luxuosos, promovendo o DHS como um lugar para relaxar em piscinas minerais quentes. Uma era crucial foi o boom das d\u00e9cadas de 1980 e 1990, quando grandes resorts como Two Bunch Palms e Miracle Springs foram inaugurados ou expandidos, consolidando a identidade da cidade como &#034;a Cidade Spa da Calif\u00f3rnia&#034;. Nos \u00faltimos anos, o DHS continuou a desenvolver \u00e1reas residenciais, mas as fontes termais permanecem o centro de sua narrativa hist\u00f3rica e econ\u00f4mica.<\/p>\n<h2>Vibra\u00e7\u00e3o cultural (car\u00e1ter local, tradi\u00e7\u00f5es, festivais, estilo de vida)<\/h2>\n<p>Desert Hot Springs tem uma cultura distinta de &#034;resort spa&#034;. O lema da cidade, &#034;Cidade do Sol Eterno&#034;, sugere sua atmosfera otimista e descontra\u00edda. Muitos moradores trabalham na ind\u00fastria da hospitalidade: de fato, a cidade se autodenomina &#034;O\u00e1sis de Bem-Estar da Calif\u00f3rnia&#034;. As manh\u00e3s podem come\u00e7ar com aulas de ioga com vista para o Vale Coachella, tardes em uma piscina termal sob as palmeiras e noites apreciando a culin\u00e1ria mexicana local ou jazz no p\u00e1tio de um resort. A popula\u00e7\u00e3o \u00e9 amig\u00e1vel e ecl\u00e9tica. O ingl\u00eas \u00e9 amplamente falado, mas o espanhol \u00e9 igualmente comum (refletindo a heran\u00e7a hisp\u00e2nica de aproximadamente 65% da cidade). Voc\u00ea frequentemente ouvir\u00e1 conversas em spanglish em lojas ou ouvir\u00e1 m\u00fasica mariachi em festivais locais.<\/p>\n<p>Os eventos no DHS geralmente s\u00e3o voltados para a comunidade ou com temas de sa\u00fade e bem-estar. Costumava haver feiras multiculturais anuais, celebra\u00e7\u00f5es do Cinco de Mayo e caminhadas art\u00edsticas (muitas vezes beneficiando institui\u00e7\u00f5es de caridade locais). Um evento marcante (especialmente na vizinha Palm Springs) s\u00e3o as confer\u00eancias de Yoga para o Bem-Estar, que refletem as influ\u00eancias da Nova Era na regi\u00e3o. Embora o DHS n\u00e3o seja um centro de vida noturna como Palm Springs, ele ocasionalmente recebe shows, exposi\u00e7\u00f5es de carros cl\u00e1ssicos e festivais culturais no anfiteatro local ou nas escolas. No ver\u00e3o, o ar carrega sons de pessoas se divertindo nas piscinas de hidromassagem; no inverno, as luzes de Natal costumam enfeitar as palmeiras, adicionando um toque festivo.<\/p>\n<p>O estilo de vida no DHS \u00e9 geralmente relaxado e consciente. As pessoas costumam se vestir casualmente \u2013 o traje t\u00edpico de resort pode ser chinelos e trajes de banho, mesmo em p\u00fablico, devido ao calor o ano todo. Muitas casas s\u00e3o modestas fazendas no deserto. O ritmo \u00e9 mais lento do que em Los Angeles ou S\u00e3o Francisco: seus vizinhos podem frequentar o spa \u00e0 tarde e depois curtir uma noite tranquila em casa. Os moradores locais costumam dar \u00eanfase \u00e0 sa\u00fade: \u00e9 comum ver pessoas tomando banhos de imers\u00e3o di\u00e1rios, caminhando no novo Rancho Mirage Dog Park (que tamb\u00e9m tem fontes termais!) ou experimentando novas tend\u00eancias de bem-estar. Politicamente e socialmente, Desert Hot Springs \u00e9 diverso; com uma mistura de fam\u00edlias da classe trabalhadora e aposentados pr\u00f3speros (especialmente os &#034;snowbirds&#034; que passam o ver\u00e3o no norte). A vibra\u00e7\u00e3o geral \u00e9 de comunidade e serenidade: um lugar onde as d\u00e1divas termais da natureza moldam a vida cotidiana.<\/p>\n<h2>Principais atra\u00e7\u00f5es (pontos tur\u00edsticos e experi\u00eancias imperd\u00edveis)<\/h2>\n<p>As fontes termais s\u00e3o a principal atra\u00e7\u00e3o do Desert Hot Springs. Os turistas v\u00eam aqui especificamente para mergulhar em \u00e1guas mornas e ricas em minerais. Entre os spas de destaque est\u00e3o o Two Bunch Palms (um retiro de luxo de longa data com piscinas cercadas por palmeiras e banhos de lama) e o Miracle Springs Resort. Muitos spas e mot\u00e9is menores oferecem piscinas para uso diurno (alguns at\u00e9 enchem banheiras gigantes nas esquinas com \u00e1gua termal). A experi\u00eancia de simplesmente flutuar em \u00e1guas mornas cercadas por montanhas des\u00e9rticas, dia ou noite, \u00e9 \u00fanica nesta regi\u00e3o.<\/p>\n<p>Um marco ic\u00f4nico \u00e9 o Museu Pueblo de Cabot. Visitar o Pueblo de Cabot (constru\u00eddo pela Cabin Yerxa) \u00e9 como entrar na vis\u00e3o de um antigo explorador: paredes de adobe feitas \u00e0 m\u00e3o, artefatos nativos americanos e \u00e1gua termal canalizada por uma antiga casa de banhos. Situado em Miracle Hill, o museu conta sua hist\u00f3ria \u2013 muitos o veem como um exemplo vivo da tradi\u00e7\u00e3o local.<\/p>\n<p>Perto do DHS, o Jardim Bot\u00e2nico Moorten em Palm Springs (ao sul da cidade) exibe plantas do deserto em casas de vidro tipo &#034;cactarium&#034; \u2013 vale um breve desvio. Caminhadas s\u00e3o populares nas colinas pr\u00f3ximas: Indian Canyons (Palms ao sul) e Palm Canyon (artes rupestres e o\u00e1sis de palmeiras) ficam a poucos quil\u00f4metros de dist\u00e2ncia. As trilhas de Indian Canyons s\u00e3o famosas por seus palmeirais e cachoeiras (Ivy Park, Murray Canyon). Um mirante imperd\u00edvel \u00e9 o Keys View (no Parque Nacional Joshua Tree ou no lado de Palm Springs), de onde voc\u00ea pode avistar at\u00e9 o Mar de Salton e a fronteira mexicana em um dia claro.<\/p>\n<p>Dentro da cidade, o Miracle Park e a \u00e1rea do Centro C\u00edvico sediam pequenos eventos p\u00fablicos e feiras livres nos meses mais frios. Especialmente no inverno, o telef\u00e9rico de Palm Springs fica a uma curta dist\u00e2ncia de carro (a tradi\u00e7\u00e3o local \u00e9 pegar o telef\u00e9rico at\u00e9 2.680 metros no Monte San Jacinto para ver neve e apreciar a vista). Golfistas tamb\u00e9m lotam o Desert Hot Springs; a cidade tem seu pr\u00f3prio campo de golfe Desert Dunes, localizado em meio \u00e0s dunas. No geral, os visitantes do DHS passam a maior parte do tempo relaxando em um spa ou explorando a paisagem natural ao redor. A cidade em si \u00e9 tranquila \u2013 seus principais &#034;pontos tur\u00edsticos&#034; s\u00e3o as fontes termais e a atmosfera relaxante.<\/p>\n<h2>Vis\u00e3o pr\u00e1tica (como chegar, como se locomover, dicas)<\/h2>\n<p>Desert Hot Springs \u00e9 acess\u00edvel de carro e a melhor maneira de chegar \u00e9 pelo Aeroporto Internacional de Palm Springs (PSP), a cerca de 24 quil\u00f4metros ao sul (aproximadamente 20 minutos). As principais companhias a\u00e9reas voam para PSP de todos os Estados Unidos, e de l\u00e1 voc\u00ea pode alugar um carro ou pegar um servi\u00e7o de traslado para o DHS. Para voos internacionais ou mais op\u00e7\u00f5es, o Aeroporto Internacional de Los Angeles (LAX) fica a cerca de 193 quil\u00f4metros a oeste. Por estrada, a I-10 (leste-oeste) passa ao sul da cidade (sa\u00edda em Palm Drive\/CA-62). De Los Angeles ou San Diego, siga para o leste na I-10 at\u00e9 Indio e depois para o norte na CA-62. N\u00e3o h\u00e1 servi\u00e7o de trem. A Greyhound oferece \u00f4nibus para Palm Springs e Indio; de l\u00e1, voc\u00ea deve pegar um t\u00e1xi local para o norte.<\/p>\n<p>Desert Hot Springs \u00e9 uma cidade de baixa densidade populacional, ent\u00e3o alugar um carro \u00e9 mais conveniente. As ruas s\u00e3o largas e desimpedidas; raramente h\u00e1 congestionamento aqui. GPS ou mapas s\u00e3o \u00fateis \u2013 as ruas s\u00e3o dispostas em grade, mas a numera\u00e7\u00e3o pode ser escassa. N\u00e3o h\u00e1 transporte p\u00fablico local, exceto por um servi\u00e7o de transporte por telefone para idosos. \u00c9 poss\u00edvel chamar t\u00e1xis e servi\u00e7os de transporte compartilhado atendem a cidade esporadicamente. A maioria dos visitantes simplesmente dirige do hotel\/spa at\u00e9 as atra\u00e7\u00f5es. As \u00e1reas centrais (Palace Drive, Palm Drive) t\u00eam cal\u00e7adas para caminhadas curtas, mas as dist\u00e2ncias gerais s\u00e3o grandes demais para serem percorridas a p\u00e9 confortavelmente. Os limites de velocidade tendem a ser de 56 a 72 km\/h na cidade (observe os pedestres perto de hot\u00e9is resort e no centro da cidade).<\/p>\n<p><strong>Dicas b\u00e1sicas:<\/strong><\/p>\n<ul>\n<li><strong>Moeda e pagamento:<\/strong> D\u00f3lares americanos. Cart\u00f5es de cr\u00e9dito s\u00e3o amplamente utilizados; leve algum dinheiro em esp\u00e9cie para pequenas compras ou gorjetas. H\u00e1 alguns caixas eletr\u00f4nicos na cidade e nos resorts.<\/li>\n<li><strong>Linguagem:<\/strong> Ingl\u00eas e espanhol s\u00e3o idiomas comuns. A equipe do hotel e do spa falar\u00e1 ambos com prazer. Ingl\u00eas b\u00e1sico geralmente \u00e9 suficiente, mas saber algumas sauda\u00e7\u00f5es em espanhol pode ser \u00fatil.<\/li>\n<li><strong>Etiqueta local:<\/strong> Os moradores de Desert Hot Springs geralmente s\u00e3o informais. Um aceno amig\u00e1vel ou um &#034;ol\u00e1&#034; \u00e9 comum. Lembre-se, estamos na Calif\u00f3rnia: n\u00e3o deixe objetos de valor \u00e0 vista no seu carro (tranque-o e leve ou cubra seus pertences). Os lodges geralmente oferecem roup\u00f5es e toalhas, mas \u00e9 educado pedir em vez de levar extras.<\/li>\n<li><strong>Clima e Traje:<\/strong> No ver\u00e3o, prepare-se para o calor extremo. Leve \u00f3culos escuros, protetor solar, chap\u00e9u e roupas leves. No inverno, os dias ainda podem ser quentes, mas as noites exigem um su\u00e9ter ou jaqueta. Mergulhos noturnos em fontes termais geralmente exigem um roup\u00e3o leve. As fontes termais do deserto t\u00eam ar muito seco, ent\u00e3o leve protetor labial e hidratante. Hidrata\u00e7\u00e3o (garrafas de \u00e1gua) \u00e9 importante aqui o tempo todo.<\/li>\n<li><strong>Seguran\u00e7a:<\/strong> O deserto \u00e9 extremamente seguro, mas precau\u00e7\u00f5es padr\u00e3o se aplicam. Sempre use bastante protetor solar e beba \u00e1gua no ver\u00e3o para evitar insola\u00e7\u00e3o. Ao caminhar, fique atento \u00e0 presen\u00e7a de cascav\u00e9is (especialmente na primavera) e leve um bast\u00e3o de caminhada. Evite caminhar ao meio-dia no ver\u00e3o. Ventos moderados ou tempestades de areia ocasionais podem ocorrer; se as estradas parecerem empoeiradas, tenha cuidado (pisca-pisca ligado). A criminalidade \u00e9 baixa, mas n\u00e3o nula; os visitantes devem trancar as portas dos hot\u00e9is e dos carros e usar os cofres dos hot\u00e9is para guardar objetos de valor. Servi\u00e7os de emerg\u00eancia: ligue para o 911. Hospitais nas proximidades de Palm Springs atendem moradores do DHS.<\/li>\n<li><strong>Outro:<\/strong> O fuso hor\u00e1rio \u00e9 Pac\u00edfico (UTC\u20138, PDT no ver\u00e3o). Os restaurantes s\u00e3o casualmente vestidos; embora alguns spas prefiram n\u00e3o usar trajes de banho, \u00e9 comum ver clientes de shorts ou sand\u00e1lias. \u00c9 comum dar gorjetas de 15% a 20% em restaurantes e servi\u00e7os de spa. A \u00e1gua local \u00e9 dura, mas segura; muitos visitantes aproveitam a fonte mineral gratuita em Rancho Mirage (a uma curta dist\u00e2ncia ao sul) ou as banheiras de hidromassagem em seus resorts.<\/li>\n<\/ul>\n<p>Em ess\u00eancia, Desert Hot Springs oferece uma estadia tranquila e focada no bem-estar. Seus aspectos pr\u00e1ticos s\u00e3o f\u00e1ceis para viajantes que falam ingl\u00eas: as pessoas s\u00e3o prestativas e as comodidades s\u00e3o de padr\u00e3o ocidental. Aprenda algumas frases de cortesia em espanhol, beba bastante l\u00edquido e respeite o ambiente do deserto, e sua visita ser\u00e1 tranquila. O charme da cidade reside em sua simplicidade \u2013 siga o exemplo dos moradores locais e relaxe nas fontes termais sob o c\u00e9u do deserto.<a href=\"https:\/\/travelshelper.com\/pt\/destinos\/america-do-norte\/estados-unidos-da-america\/berkeley-springs\/\" target=\"_self\" aria-labelledby=\"uael-post-8997\"><br \/>\n<\/a><\/p>","protected":false},"excerpt":{"rendered":"<p>Desert Hot Springs, uma cidade aninhada no Condado de Riverside, Calif\u00f3rnia, \u00e9 uma joia \u00fanica no Vale Coachella. Conhecida por suas fontes termais naturais, a cidade cresceu significativamente ao longo das d\u00e9cadas, com sua popula\u00e7\u00e3o aumentando de 2.700 na d\u00e9cada de 1970 para 32.512 no censo de 2020. Esse r\u00e1pido crescimento \u00e9 uma prova do apelo da cidade e do fasc\u00ednio de seus recursos naturais.<\/p>","protected":false},"author":1,"featured_media":17530,"parent":8072,"menu_order":0,"comment_status":"closed","ping_status":"closed","template":"elementor_theme","meta":{"_eb_attr":"","footnotes":""},"class_list":["post-8937","page","type-page","status-publish","has-post-thumbnail"],"_links":{"self":[{"href":"https:\/\/travelshelper.com\/pt\/wp-json\/wp\/v2\/pages\/8937","targetHints":{"allow":["GET"]}}],"collection":[{"href":"https:\/\/travelshelper.com\/pt\/wp-json\/wp\/v2\/pages"}],"about":[{"href":"https:\/\/travelshelper.com\/pt\/wp-json\/wp\/v2\/types\/page"}],"author":[{"embeddable":true,"href":"https:\/\/travelshelper.com\/pt\/wp-json\/wp\/v2\/users\/1"}],"replies":[{"embeddable":true,"href":"https:\/\/travelshelper.com\/pt\/wp-json\/wp\/v2\/comments?post=8937"}],"version-history":[{"count":0,"href":"https:\/\/travelshelper.com\/pt\/wp-json\/wp\/v2\/pages\/8937\/revisions"}],"up":[{"embeddable":true,"href":"https:\/\/travelshelper.com\/pt\/wp-json\/wp\/v2\/pages\/8072"}],"wp:featuredmedia":[{"embeddable":true,"href":"https:\/\/travelshelper.com\/pt\/wp-json\/wp\/v2\/media\/17530"}],"wp:attachment":[{"href":"https:\/\/travelshelper.com\/pt\/wp-json\/wp\/v2\/media?parent=8937"}],"curies":[{"name":"wp","href":"https:\/\/api.w.org\/{rel}","templated":true}]}}