{"id":8925,"date":"2024-09-06T14:36:18","date_gmt":"2024-09-06T14:36:18","guid":{"rendered":"https:\/\/travelshelper.com\/staging\/?page_id=8925"},"modified":"2026-03-13T17:42:55","modified_gmt":"2026-03-13T17:42:55","slug":"eureka-springs","status":"publish","type":"page","link":"https:\/\/travelshelper.com\/pt\/destinations\/north-america\/united-states\/eureka-springs\/","title":{"rendered":"Eureka Springs"},"content":{"rendered":"<p>Eureka Springs \u00e9 uma cidade pequena, mas encantadora, nas Montanhas Ozark, no noroeste do Arkansas. Sua popula\u00e7\u00e3o \u00e9 pequena \u2013 cerca de 2.200 pessoas vivem aqui \u2013 mas a \u00e1rea urbana \u00e9 maior do que a da maioria das cidades desse porte, pois seu distrito hist\u00f3rico sobe colinas \u00edngremes com ruas sinuosas. Demograficamente, Eureka Springs \u00e9 predominantemente branca (n\u00e3o hisp\u00e2nica) \u2013 cerca de 85% dos residentes \u2013 com afro-americanos, nativos americanos, asi\u00e1ticos e hisp\u00e2nicos compondo o restante (os hisp\u00e2nicos representam cerca de 6% da popula\u00e7\u00e3o). A cidade tem uma idade m\u00e9dia mais avan\u00e7ada (cerca de 51 anos), refletindo sua popularidade entre aposentados e artistas. A renda familiar m\u00e9dia \u00e9 de cerca de US$ 41.800, um pouco abaixo da m\u00e9dia nacional. Eureka Springs n\u00e3o possui ind\u00fastria pesada; a economia local depende do turismo, das artes e de pequenos neg\u00f3cios. Muitos moradores trabalham na \u00e1rea de hospitalidade (hot\u00e9is, restaurantes, galerias) ou se deslocam para empregos em cidades pr\u00f3ximas (Fayetteville, Springfield).<\/p>\n<p>Eureka Springs est\u00e1 situada nas Montanhas Ozark (parte das Terras Altas Interiores dos EUA). Fica a cerca de 433 m de altitude, alta o suficiente para que os invernos possam ser frios. A paisagem ao redor \u00e9 composta por colinas de calc\u00e1rio densamente arborizadas e riachos alimentados por nascentes. As ruas da cidade serpenteiam pelos contornos das colinas, dando-lhe uma sensa\u00e7\u00e3o \u00fanica de cidade &#034;esteira&#034; (uma rua principal, a Spring Street, sobe muitos quarteir\u00f5es). N\u00e3o h\u00e1 rio atravessando a cidade; em vez disso, nascentes naturais borbulham em parques e por\u00f5es. O clima \u00e9 subtropical \u00famido com fortes mudan\u00e7as sazonais: os ver\u00f5es s\u00e3o quentes e \u00famidos (as m\u00e1ximas em julho ficam em torno de 32 \u00b0C) e os invernos s\u00e3o frios (as m\u00e1ximas diurnas em dezembro e janeiro ficam apenas na casa dos 3 \u00b0C, cerca de 3 a 4 \u00b0C). A neve \u00e9 \u200b\u200bcomum no inverno. O outono traz folhagens coloridas \u00e0s Ozarks, e a primavera pode ser agradavelmente quente. No geral, o cen\u00e1rio montanhoso de Eureka faz com que o clima seja mais temperado do que o das terras baixas do Arkansas \u2014 ver\u00f5es mais frios e invernos mais frios do que, digamos, Little Rock.<\/p>\n<h2>Eureka Springs em N\u00fameros (Popula\u00e7\u00e3o, Demografia, Economia)<\/h2>\n<p>Eureka Springs \u00e9 notoriamente pequena: sua popula\u00e7\u00e3o, segundo o censo de 2020, era de 2.166 habitantes (estimativas recentes s\u00e3o muito semelhantes, em torno de 2.200). Essa popula\u00e7\u00e3o est\u00e1 distribu\u00edda por aproximadamente 17,9 km\u00b2 da \u00e1rea urbana, o que a torna escassamente povoada. A idade m\u00e9dia \u00e9 excepcionalmente alta (cerca de 50,9 anos) devido ao grande n\u00famero de aposentados e propriet\u00e1rios de casas de veraneio. A cidade tem apresentado crescimento lento ou at\u00e9 mesmo um leve decl\u00ednio populacional nas \u00faltimas d\u00e9cadas, em parte devido aos altos custos de moradia nesta cidade tur\u00edstica. A composi\u00e7\u00e3o racial \u00e9 predominantemente branca (cerca de 84% a 86%). Hisp\u00e2nicos\/latinos representam cerca de 5% a 6% da popula\u00e7\u00e3o (com ra\u00edzes frequentemente na agricultura local e em empregos no setor de servi\u00e7os). H\u00e1 uma dispers\u00e3o de moradores negros, nativos americanos e asi\u00e1ticos. Em rela\u00e7\u00e3o \u00e0 renda, a renda familiar m\u00e9dia de Eureka gira em torno de US$ 41.800, abaixo da m\u00e9dia nacional. O custo de vida \u00e9 relativamente alto para o Arkansas (impulsionado por alugu\u00e9is e servi\u00e7os p\u00fablicos baseados no turismo), ent\u00e3o muitos trabalhadores moram fora da cidade ou se deslocam diariamente. Cerca de 10\u201311% dos moradores est\u00e3o abaixo da linha da pobreza, o que \u00e9 menor que a taxa nacional.<\/p>\n<p>Eureka Springs tem poucos grandes empregadores. Sua economia gira em torno do turismo: hot\u00e9is, pousadas, restaurantes, galerias de arte e lojas de varejo. No ver\u00e3o, a economia prospera com o turismo; no inverno, a cidade desacelera (embora ainda receba h\u00f3spedes para o Ano Novo e eventos locais). Artes e artesanato s\u00e3o culturalmente importantes: h\u00e1 dezenas de galerias e est\u00fadios que atendem o p\u00fablico tur\u00edstico. Uma parte \u00fanica da economia \u00e9 a energia alternativa: Eureka Springs tem muitas casas movidas a energia solar e foi pioneira na ado\u00e7\u00e3o de constru\u00e7\u00f5es sustent\u00e1veis \u200b\u200b(em parte gra\u00e7as ao engenheiro florestal e vision\u00e1rio da cidade de Ozark, John Tyler). Em termos educacionais, existe um pequeno sistema de escolas p\u00fablicas e algumas escolas especializadas (por exemplo, para artes ou estudos hol\u00edsticos). A economia de Eureka \u00e9 ecl\u00e9tica e principalmente voltada para servi\u00e7os \u2013 uma cidade onde o charme hist\u00f3rico se tornou o principal produto de exporta\u00e7\u00e3o.<\/p>\n<h2>Localiza\u00e7\u00e3o (regi\u00e3o, paisagem, clima)<\/h2>\n<p>Eureka Springs fica nas Montanhas Ozark, no Centro-Oeste, no Condado de Carroll, no noroeste do Arkansas. Situa-se nas coordenadas 36\u00b024\u2032N, 93\u00b044\u2032W, na divisa com o Missouri. A cidade \u00e9 famosa por ser constru\u00edda na encosta de uma colina \u00edngreme, por isso muitos endere\u00e7os usam descri\u00e7\u00f5es de elevador ou escada em vez da numera\u00e7\u00e3o das ruas (por exemplo, &#034;No limite da cidade, um homem vende melancias na 30th W.&#034;, destacando como a malha vi\u00e1ria se divide). Todo o distrito central \u00e9 um Marco Hist\u00f3rico Nacional constru\u00eddo no topo de colinas acima de &#034;Basin Spring&#034;, uma pra\u00e7a circular popular. A leste e oeste da cidade encontram-se cumes e vales arborizados. Uma importante caracter\u00edstica geogr\u00e1fica \u00e9 Turner Ward Knob, um ponto em um cume a oeste da cidade com vista para cinco estados em um dia claro (Missouri, Kansas, Oklahoma, Arkansas e a esquina do Tennessee), embora Turner Ward Knob em si esteja em terras privadas.<\/p>\n<p>Quanto ao clima, Eureka Springs tem um clima subtropical \u00famido (Cfa) com esta\u00e7\u00f5es bem pronunciadas. Os ver\u00f5es s\u00e3o quentes e \u00famidos \u2013 julho e agosto t\u00eam temperaturas m\u00e1ximas com m\u00e9dia de 32\u00b0C, e a umidade pode fazer com que pare\u00e7a mais quente. As noites de ver\u00e3o s\u00e3o quentes (geralmente n\u00e3o muito abaixo de 21\u00b0C). O outono traz al\u00edvio com dias mais frescos e noites frescas. Os invernos s\u00e3o frios e ocasionalmente com neve: as m\u00e1ximas em dezembro e janeiro t\u00eam em m\u00e9dia 4\u00b0C e as m\u00ednimas \u22126\u00b0C. A neve pode se acumular, mas geralmente derrete em uma ou duas semanas. A primavera \u00e9 agrad\u00e1vel at\u00e9 o final de maio, com temperaturas variando de frias a quentes. A precipita\u00e7\u00e3o \u00e9 distribu\u00edda de forma bastante uniforme (com pico na primavera e no ver\u00e3o), mas tempestades ocasionais podem causar inunda\u00e7\u00f5es em muitas cavidades (Eureka \u00e9 conhecida por enchentes repentinas se chover forte). No geral, pense em Eureka Springs como tendo quatro esta\u00e7\u00f5es distintas \u2014 fontes verdejantes, ver\u00f5es quentes, outonos coloridos e invernos frios \u2014 tudo isso em um ambiente temperado de montanha.<\/p>\n<h2>Instant\u00e2neo hist\u00f3rico (origens e marcos)<\/h2>\n<p>A hist\u00f3ria de Eureka Springs come\u00e7a com suas fontes curativas. Muito antes de se tornar uma cidade, as \u00e1guas locais (fontes ricas em minerais) eram conhecidas por suas propriedades medicinais. Acredita-se que o primeiro colono permanente tenha sido Alvah Jackson, em 1856, que promoveu as fontes para doen\u00e7as oculares. Em 1879, o empres\u00e1rio Samuel Saunders organizou a promo\u00e7\u00e3o do turismo. A cidade foi oficialmente demarcada e incorporada em 1880, literalmente no Dia dos Namorados. Investidores constru\u00edram hot\u00e9is, casas de banho e casas vitorianas perto das fontes, e Eureka Springs rapidamente se tornou um destino tur\u00edstico da moda. No final da d\u00e9cada de 1880, era a segunda maior cidade do Arkansas, recebendo visitantes de St. Louis, Chicago e outras localidades.<\/p>\n<p>Os anos de gl\u00f3ria de 1880 a 1910 deixaram um legado arquitet\u00f4nico duradouro. Todo o centro da cidade est\u00e1 no Registro Nacional de Lugares Hist\u00f3ricos, com centenas de estruturas da era vitoriana preservadas. Edif\u00edcios famosos incluem o Crescent Hotel (inaugurado em 1886 como um resort de luxo) e o Ozark Bathhouse, abastecido por nascentes. O distrito hist\u00f3rico de Eureka est\u00e1 t\u00e3o intacto que, em 1972, toda a cidade foi inclu\u00edda no NRHP \u2013 mais tarde, foi nomeada &#034;Destino Distinto&#034; pelo National Trust por seu car\u00e1ter.<\/p>\n<p>O turismo declinou em meados do s\u00e9culo XX (a Grande Depress\u00e3o e as mudan\u00e7as no turismo prejudicaram muitas cidades tur\u00edsticas). Mas Eureka Springs vivenciou um renascimento cultural a partir das d\u00e9cadas de 1960 e 1970. Artistas, artes\u00e3os e pessoas que retornaram \u00e0 cidade descobriram o charme da cidade e abriram galerias e lojas. Esse fluxo criativo salvou muitos dos antigos hot\u00e9is da demoli\u00e7\u00e3o, transformando-os em pousadas e B&amp;Bs. O Crescent Hotel, por exemplo, foi reaberto no final da d\u00e9cada de 1970 (ap\u00f3s um per\u00edodo como casa de repouso) e tornou-se famoso por suas supostas assombra\u00e7\u00f5es. O fechamento da Crescent Retirement Home em 1972 levou \u00e0 sua restaura\u00e7\u00e3o como hotel e museu de fen\u00f4menos paranormais.<\/p>\n<p>Hoje, a identidade de Eureka Springs se firma como uma hist\u00f3rica cidade termal vitoriana transformada em centro de artes e turismo. Sua funda\u00e7\u00e3o em torno das nascentes, sua incorpora\u00e7\u00e3o em 1880 e sua sobreviv\u00eancia como distrito hist\u00f3rico s\u00e3o marcos importantes. Cada fonte alimentada por nascentes, cada antiga rua de tijolos e cada viela sinuosa s\u00e3o uma homenagem \u00e0quela origem no s\u00e9culo XIX. Os viajantes apreciam o fato de Eureka nunca ter perdido sua heran\u00e7a: os hot\u00e9is, os postes de luz e at\u00e9 os postes telef\u00f4nicos parecem muito com os de mais de um s\u00e9culo atr\u00e1s.<\/p>\n<h2>Vibra\u00e7\u00e3o cultural (car\u00e1ter local, tradi\u00e7\u00f5es, festivais, estilo de vida)<\/h2>\n<p>Eureka Springs tem uma atmosfera peculiar e art\u00edstica de hospitalidade sulista. Sua popula\u00e7\u00e3o \u00e9 uma mistura de moradores locais de longa data, artes\u00e3os, hippies e aposentados, todos se misturando com turistas. O ingl\u00eas \u00e9 falado universalmente; ouve-se um pouco de espanhol (refletindo a modesta comunidade hisp\u00e2nica do Arkansas). Os moradores locais s\u00e3o geralmente amig\u00e1veis \u200b\u200be informais \u2013 um aperto de m\u00e3o caloroso, a oferta de ch\u00e1 doce e a disposi\u00e7\u00e3o para conversar s\u00e3o comuns. A cidade atrai pessoas criativas: artistas em atividade em galerias, m\u00fasicos folk nos pubs e artistas de teatro (Eureka Springs tem sua pr\u00f3pria e aclamada companhia de teatro com jantar, &#034;Intrigue&#034;).<\/p>\n<p>A culin\u00e1ria local destaca a culin\u00e1ria sulista com toques de Ozark. Churrasco, peixe-gato e grits s\u00e3o populares, juntamente com cervejas locais. Uma tradi\u00e7\u00e3o incomum, mas adorada: todo outono, Eureka sedia um Festival de Bluegrass e Churrasco no fim de semana do Dia do Trabalho, celebrando a m\u00fasica das montanhas e os mestres de churrasco locais. Historicamente, tamb\u00e9m havia um &#034;Campeonato Mundial de Chamadas de Peru&#034; todo m\u00eas de novembro, refletindo o cen\u00e1rio rural (embora esse evento tenha sido interrompido nos \u00faltimos anos). O maior festival moderno em Eureka \u00e9 talvez o Illuminate the Falls (um evento iluminado no centro da cidade em dezembro), ou o Desfile de Natal e festival de rua (a cidade se aprimora com decora\u00e7\u00f5es tradicionais em dezembro). Mais recentemente, a cidade realizou celebra\u00e7\u00f5es do Orgulho (uma homenagem \u00e0 sua surpreendente comunidade LGBTQ+) e um popular Festival Grego todo m\u00eas de outubro (devido ao fato de uma das fam\u00edlias fundadoras ser de ascend\u00eancia grega).<\/p>\n<p>O cotidiano em Eureka Springs gira em torno da hospitalidade e da vida ao ar livre. As manh\u00e3s podem come\u00e7ar com uma aula de ioga em um dos parques de arte ou um passeio pelo Basin Spring Park (a \u00e1rea das fontes no centro da cidade). \u00c0 tarde, os turistas passeiam pelas lojas ou seguem trilhas para caminhadas acima da cidade (como a Trilha das L\u00e1grimas ou as trilhas do Parque Municipal de Lake Leatherwood). As noites podem incluir m\u00fasica ao vivo em um sal\u00e3o de m\u00fasica local ou um tour fantasmag\u00f3rico por pubs (Eureka abra\u00e7a sua reputa\u00e7\u00e3o de mal-assombrada). O Halloween \u00e9 uma grande festa por aqui \u2013 as pessoas se fantasiam o m\u00eas todo. O ritmo de vida \u00e9 tranquilo: o hor\u00e1rio de funcionamento das lojas geralmente fecha no meio da tarde para que os propriet\u00e1rios possam participar de eventos comunit\u00e1rios ou passeios nas montanhas.<\/p>\n<p>Uma caracter\u00edstica marcante da cultura Eureka \u00e9 sua autossufici\u00eancia e esp\u00edrito comunit\u00e1rio. Por exemplo, a cidade opera diversas cooperativas comunit\u00e1rias (uma cooperativa de cr\u00e9dito, uma cooperativa de alimentos) e possui diversos grupos de teatro e m\u00fasica comunit\u00e1rios. Os moradores costumam dizer &#034;n\u00f3s mesmos fazemos&#034; ao se referir a festivais ou melhorias c\u00edvicas. Politicamente, a cidade tem uma inclina\u00e7\u00e3o conservadora (como \u00e9 comum na zona rural do Arkansas), mas em quest\u00f5es sociais os moradores tendem a ser tolerantes e de mente aberta (provavelmente influenciados pela cultura art\u00edstica).<\/p>\n<h2>Principais atra\u00e7\u00f5es (pontos tur\u00edsticos e experi\u00eancias imperd\u00edveis)<\/h2>\n<p>As atra\u00e7\u00f5es de Eureka Springs combinam hist\u00f3ria, arte e natureza. A famosa Capela Thorncrown costuma estar no topo da lista: uma impressionante estrutura de vidro e madeira constru\u00edda em 1980 em uma clareira na floresta, onde as paredes se perdem na mata. Esta capela \u00e9 mundialmente conhecida por sua arquitetura e \u00e9 tanto um passeio pela natureza quanto um local espiritual.<\/p>\n<p>O centro da cidade \u00e9 o cora\u00e7\u00e3o das atra\u00e7\u00f5es. O hist\u00f3rico Crescent Hotel (foto acima) \u00e9 um grandioso resort da era vitoriana transformado em museu e pousada. Os h\u00f3spedes podem visitar o &#034;Hotel Mais Assombrado dos Estados Unidos&#034;, jantar em seu elegante restaurante ou simplesmente apreciar sua arquitetura com torres. O Basin Spring Park (a \u00e1rea de fontes no centro da cidade) apresenta dezenas de fontes abastecidas por nascentes borbulhando pelas ruas. Passear pelas ruas Spring e Main \u00e9 uma atra\u00e7\u00e3o \u00e0 parte: mais de cem lojas e galerias de arte se alinham nas colinas sinuosas, vendendo artesanato local, joias, antiguidades e comidas regionais.<\/p>\n<p>Locais ao ar livre e com belas paisagens tamb\u00e9m est\u00e3o nas proximidades. A est\u00e1tua do &#034;Cristo de Ozarks&#034; \u2013 um monumento de Jesus de 20 metros de altura no topo da Magnetic Mountain \u2013 oferece vista para a cidade a poucos quil\u00f4metros de dist\u00e2ncia. H\u00e1 tamb\u00e9m o Blue Spring Heritage Center (uma propriedade centen\u00e1ria com jardins nativos de Ozark) e o Lake Leatherwood City Park (a 11 quil\u00f4metros a oeste, um amplo parque com trilhas para caminhadas, ciclismo e um lago). Os amantes da vida selvagem visitam o Turpentine Creek Wildlife Refuge, nos arredores da cidade, onde grandes felinos (tigres e le\u00f5es) s\u00e3o resgatados e podem ser avistados. Os turistas tamb\u00e9m exploram o Mulladay Hollow Aquatic &amp; Trail, e a \u00e1rea conhecida como &#034;Onyx Cave&#034; possui uma caverna artificial na US-23.<\/p>\n<p>A cena art\u00edstica em si \u00e9 uma atra\u00e7\u00e3o: as in\u00fameras galerias de Eureka e o Museu Hist\u00f3rico de Eureka Springs atraem os amantes da cultura. A \u00d3pera de Ozarks, no Inspiration Point, oferece concertos de m\u00fasica cl\u00e1ssica ao ar livre em um teatro em um celeiro vermelho (aberto de junho a setembro). Se voc\u00ea visitar perto do Halloween, a Grande Paix\u00e3o (turn\u00ea anterior) atraiu dezenas de milhares de pessoas. Em resumo, os pontos tur\u00edsticos imperd\u00edveis incluem a Capela Thorncrown, o Crescent Hotel, o Parque Basin Spring e um passeio noturno pelas ruas vitorianas cintilantes. Cada atra\u00e7\u00e3o pode ser acompanhada de uma refei\u00e7\u00e3o em um restaurante local \u2013 alimentando tanto a alma quanto o est\u00f4mago.<\/p>\n<h2>Vis\u00e3o pr\u00e1tica (como chegar, como se locomover, dicas)<\/h2>\n<p>Eureka Springs \u00e9 relativamente remota. Os aeroportos principais mais pr\u00f3ximos s\u00e3o o Northwest Arkansas National (XNA), perto de Bentonville (cerca de 120 km a noroeste), o Springfield-Branson National (SGF), no Missouri (cerca de 112 km ao norte) e o Springdale Municipal (27 km). De qualquer um deles, recomenda-se alugar um carro (geralmente n\u00e3o h\u00e1 \u00f4nibus). De carro, Eureka \u00e9 servida pela US-62 (que atravessa a cidade de leste a oeste) e pela US-412\/US-23 (de norte a sul at\u00e9 Harrison). Da I-49, pegue a sa\u00edda 33 (Hwy 62 leste) para Eureka. A viagem pelas Ozarks \u00e9 pitoresca, mas montanhosa \u2013 prepare-se para curvas fechadas e fique atento \u00e0 vida selvagem que passa por l\u00e1. O servi\u00e7o de \u00f4nibus interestadual (Greyhound) para nas proximidades de Harrison ou Springdale, mas n\u00e3o em Eureka.<\/p>\n<p>Eureka Springs \u00e9 um lugar muito agrad\u00e1vel para se caminhar em seu centro hist\u00f3rico \u2013 muitas ruas s\u00e3o exclusivas para pedestres ou t\u00eam cal\u00e7adas estreitas. No entanto, por ser constru\u00edda em morros, esteja preparado para degraus e caminhadas \u00edngremes. Grande parte do centro hist\u00f3rico \u00e9 de fato constru\u00eddo como um labirinto de escadas e vielas (a ideia de dirigir por todas as ruas \u00e9 rid\u00edcula); muitos hot\u00e9is oferecem carros de transporte nas encostas. O distrito comercial central (Ruas Spring, Main, Mountain e Center) pode ser explorado a p\u00e9. Para atra\u00e7\u00f5es fora do centro (por exemplo, Capela Thorncrown, Hotel Crescent, Lago Leatherwood), \u00e9 necess\u00e1rio um carro. O estacionamento na cidade \u00e9 gratuito na rua ou em vagas p\u00fablicas (as placas indicam o limite de duas horas perto das lojas). Tenha cuidado ao dirigir ap\u00f3s o anoitecer nas ruas estreitas e sinuosas que entram e saem da cidade.<\/p>\n<p><strong>Dicas b\u00e1sicas:<\/strong><\/p>\n<ul>\n<li><strong>Moeda e pagamento:<\/strong> D\u00f3lares americanos. Cart\u00f5es de cr\u00e9dito s\u00e3o geralmente aceitos em lojas e restaurantes (alguns pequenos estabelecimentos podem aceitar apenas dinheiro, embora isso seja raro). \u00c9 aconselh\u00e1vel levar algumas notas pequenas para gorjetas ou compras ocasionais no mercado.<\/li>\n<li><strong>Linguagem:<\/strong> O ingl\u00eas \u00e9 o idioma dominante. (Os visitantes de ver\u00e3o e os artistas de Eureka acrescentam algumas l\u00ednguas estrangeiras de vez em quando.) A polidez americana b\u00e1sica \u00e9 muito importante (\u201cpor favor\u201d, \u201cobrigado\u201d).<\/li>\n<li><strong>Acomoda\u00e7\u00f5es:<\/strong> Eureka Springs n\u00e3o possui grandes hot\u00e9is \u2013 a cidade \u00e9 composta por pousadas, mot\u00e9is vintage e acomoda\u00e7\u00f5es boutique. Verifique os hor\u00e1rios com aten\u00e7\u00e3o: muitos B&amp;Bs exigem reserva e t\u00eam hor\u00e1rio de funcionamento limitado. Se chegar tarde, avise o gerente da pousada.<\/li>\n<li><strong>Roupas:<\/strong> Nos meses quentes, vista-se em camadas (as noites podem ser mais frescas nas colinas). Sapatos confort\u00e1veis \u200b\u200bpara caminhar s\u00e3o essenciais \u2013 aquelas escadas e paralelep\u00edpedos precisam de bons solados. No inverno, leve casacos, gorros e luvas (neve \u00e9 \u200b\u200bcomum). E sempre leve \u00f3culos de sol \u2013 o brilho dos pr\u00e9dios vitorianos pintados de branco e a neve ocasional podem ser intensos.<\/li>\n<li><strong>Etiqueta:<\/strong> Eureka \u00e9 amig\u00e1vel e peculiar. Voc\u00ea pode encontrar artistas de rua; dar gorjeta a eles (ou, em restaurantes locais, dar gorjeta de 15% a 18%) \u00e9 costume. Os motoristas d\u00e3o passagem aos pedestres em muitas ruas estreitas. Os americanos dirigem do lado direito da rua aqui. Nas lojas, sinta-se \u00e0 vontade para passear e conversar com os lojistas. Respeite a sinaliza\u00e7\u00e3o local: algumas escadas hist\u00f3ricas s\u00e3o de m\u00e3o \u00fanica ou apenas para h\u00f3spedes de hot\u00e9is.<\/li>\n<li><strong>Seguran\u00e7a:<\/strong> Eureka Springs \u00e9 muito segura \u2013 crimes violentos s\u00e3o extremamente raros. De dia ou de noite, o centro da cidade \u00e9 bem patrulhado pela pol\u00edcia de cidade pequena. Precau\u00e7\u00f5es padr\u00e3o se aplicam: tranque o carro e n\u00e3o exiba objetos de valor. A cobertura de celular \u00e9 boa com v\u00e1rias operadoras (embora em trilhas remotas ou cavernas possa cair). Eureka pode inundar brevemente ap\u00f3s chuvas fortes (algumas ruas podem ser temporariamente alagadas), portanto, observe as barricadas de rua durante tempestades.<\/li>\n<\/ul>\n<p>No geral, visitar Eureka Springs \u00e9 como voltar no tempo, mas com a praticidade dos tempos modernos. Os moradores locais est\u00e3o acostumados com os turistas \u2013 os lojistas est\u00e3o ansiosos para conversar sobre a hist\u00f3ria da cidade, e os funcion\u00e1rios da \u00e1rea de hospitalidade conhecem cada atalho pelo labirinto de ruas. Se voc\u00ea estiver dirigindo para o Arkansas vindo do Missouri ou dos aeroportos de Branson, Eureka \u00e9 bem sinalizada e vale o desvio. Mas lembre-se de que \u00e9 pequena e hist\u00f3rica: planeje dias de viagem mais curtos entre as atra\u00e7\u00f5es e aproveite cada canto desta vila montanhosa de conto de fadas.<a href=\"https:\/\/travelshelper.com\/pt\/destinos\/america-do-norte\/estados-unidos-da-america\/berkeley-springs\/\" target=\"_self\" aria-labelledby=\"uael-post-8997\"><br \/>\n<\/a><\/p>","protected":false},"excerpt":{"rendered":"<p>Eureka Springs, escondida no Condado de Carroll, Arkansas, \u00e9 um tesouro das Montanhas Ozark, diretamente adjacente \u00e0 divisa com o Missouri. Uma das duas sedes do condado, Eureka Springs tem uma hist\u00f3ria rica e um charme \u00fanico que encanta visitantes h\u00e1 d\u00e9cadas. O censo de 2020 registra 2.166 habitantes na cidade.<\/p>","protected":false},"author":1,"featured_media":17518,"parent":8072,"menu_order":0,"comment_status":"closed","ping_status":"closed","template":"elementor_theme","meta":{"_eb_attr":"","footnotes":""},"class_list":["post-8925","page","type-page","status-publish","has-post-thumbnail"],"_links":{"self":[{"href":"https:\/\/travelshelper.com\/pt\/wp-json\/wp\/v2\/pages\/8925","targetHints":{"allow":["GET"]}}],"collection":[{"href":"https:\/\/travelshelper.com\/pt\/wp-json\/wp\/v2\/pages"}],"about":[{"href":"https:\/\/travelshelper.com\/pt\/wp-json\/wp\/v2\/types\/page"}],"author":[{"embeddable":true,"href":"https:\/\/travelshelper.com\/pt\/wp-json\/wp\/v2\/users\/1"}],"replies":[{"embeddable":true,"href":"https:\/\/travelshelper.com\/pt\/wp-json\/wp\/v2\/comments?post=8925"}],"version-history":[{"count":0,"href":"https:\/\/travelshelper.com\/pt\/wp-json\/wp\/v2\/pages\/8925\/revisions"}],"up":[{"embeddable":true,"href":"https:\/\/travelshelper.com\/pt\/wp-json\/wp\/v2\/pages\/8072"}],"wp:featuredmedia":[{"embeddable":true,"href":"https:\/\/travelshelper.com\/pt\/wp-json\/wp\/v2\/media\/17518"}],"wp:attachment":[{"href":"https:\/\/travelshelper.com\/pt\/wp-json\/wp\/v2\/media?parent=8925"}],"curies":[{"name":"wp","href":"https:\/\/api.w.org\/{rel}","templated":true}]}}