{"id":8763,"date":"2024-09-04T20:13:20","date_gmt":"2024-09-04T20:13:20","guid":{"rendered":"https:\/\/travelshelper.com\/staging\/?page_id=8763"},"modified":"2026-03-13T17:33:52","modified_gmt":"2026-03-13T17:33:52","slug":"dallas","status":"publish","type":"page","link":"https:\/\/travelshelper.com\/pt\/destinations\/north-america\/united-states\/dallas\/","title":{"rendered":"Dallas"},"content":{"rendered":"<p>Dallas personifica o esp\u00edrito de cidade grande do Texas: ampla, din\u00e2mica e repleta de estilo sulista. Dallas tinha 1.304.379 habitantes em 2020, tornando-se a 9\u00aa maior cidade dos EUA e a terceira do Texas (depois de Houston e San Antonio). Sua \u00e1rea metropolitana (Dallas\u2013Fort Worth) \u00e9 enorme, com mais de 7,63 milh\u00f5es de habitantes (a 4\u00aa maior \u00e1rea metropolitana dos EUA). A economia de Dallas \u00e9 muito poderosa e diversificada: o PIB da regi\u00e3o metropolitana era de cerca de US$ 689,9 bilh\u00f5es em 2022. Historicamente constru\u00edda com base em algod\u00e3o, gado e petr\u00f3leo, a Dallas moderna \u00e9 um polo de defesa, tecnologia, telecomunica\u00e7\u00f5es, bancos e transporte. Abriga 11 sedes da Fortune 500 nos limites da cidade \u2013 empresas como AT&amp;T, Southwest Airlines, Texas Instruments e Tenet Healthcare. Combinada com a vizinha Fort Worth, a regi\u00e3o metropolitana abriga 23 empresas da Fortune 500 (a 2\u00aa no Texas). Esses setores financeiros e corporativos definem o car\u00e1ter de Dallas: \u00e9 uma capital empresarial com arranha-c\u00e9us luxuosos e um aeroporto internacional (DFW) que \u00e9 um dos mais movimentados do mundo.<\/p>\n<p>Dallas fica no norte do Texas, nas plan\u00edcies costeiras do sul dos Estados Unidos. Fica longe de qualquer oceano, o que a torna uma das maiores metr\u00f3poles do interior do pa\u00eds. A altitude da cidade \u00e9 de cerca de 152 metros. Geograficamente, Dallas n\u00e3o possui obst\u00e1culos naturais \u2013 \u00e9 famosa por ser plana e ter um padr\u00e3o de grade, o que incentiva a expans\u00e3o urbana. O Rio Trinity serpenteia pela cidade, e a Prefeitura de Dallas e o Parque Klyde Warren foram constru\u00eddos adjacentes a ele. O clima da cidade \u00e9 subtropical \u00famido (K\u00f6ppen Cfa). Os ver\u00f5es s\u00e3o muito quentes e \u00famidos: as m\u00e1ximas m\u00e9dias em julho e agosto chegam a meados dos 32 \u00b0C, e os \u00edndices de calor frequentemente excedem 40 \u00b0C. Os visitantes devem esperar sol escaldante e tempestades severas ocasionais. Os invernos s\u00e3o amenos: as m\u00e1ximas m\u00e9dias de janeiro ficam em torno de 14 \u00b0C, com geadas infrequentes e neve rara (a queda m\u00e9dia de neve \u00e9 \u200b\u200bde apenas ~3,8 cm). Frentes frias repentinas podem trazer alguns dias de clima invernal, mas, em geral, os invernos em Dallas s\u00e3o breves e moderados. A primavera e o outono s\u00e3o esta\u00e7\u00f5es de transi\u00e7\u00e3o agrad\u00e1veis, com flores silvestres (azul-do-campo) e temperaturas amenas.<\/p>\n<p>Antes de Dallas se tornar uma cidade, a \u00e1rea abrigava as tribos Caddo, Wichita, Tawakoni e Comanche. Era nominalmente territ\u00f3rio espanhol (e posteriormente mexicano) at\u00e9 o Texas conquistar a independ\u00eancia em 1836. A hist\u00f3ria moderna de Dallas come\u00e7ou em 1841, quando o comerciante John Neely Bryan avaliou um local em uma &#034;travessia de rocha branca&#034; do Rio Trinity e estabeleceu um posto comercial. Dois anos depois, ele se estabeleceu l\u00e1 permanentemente e batizou a comunidade de Dallas (possivelmente em homenagem ao vice-presidente George M. Dallas, embora as teorias variem). A Rep\u00fablica do Texas anexou a \u00e1rea em 1845, e o Condado de Dallas foi formado em 1846. A cidade foi incorporada em 1856. Por d\u00e9cadas, foi uma modesta cidade ribeirinha e posto avan\u00e7ado de fronteira.<\/p>\n<p>O verdadeiro boom veio com as ferrovias ap\u00f3s a Guerra Civil. Nas d\u00e9cadas de 1880 e 1890, Dallas havia se tornado um centro comercial e industrial de algod\u00e3o (com a constru\u00e7\u00e3o de descaro\u00e7adoras e armaz\u00e9ns) e um centro ferrovi\u00e1rio que ligava o Texas ao leste. O Edif\u00edcio Pretoriano (1909) foi um dos primeiros arranha-c\u00e9us a oeste do Mississippi, simbolizando a crescente ambi\u00e7\u00e3o de Dallas. A descoberta de petr\u00f3leo no vizinho leste do Texas em 1930 transformou Dallas em uma capital financeira de energia quase da noite para o dia; muitos bancos e empresas se mudaram para c\u00e1 para atender \u00e0 ind\u00fastria petrol\u00edfera. Durante a Segunda Guerra Mundial, Dallas fabricou ve\u00edculos militares e aeronaves em enormes f\u00e1bricas, consolidando ainda mais seu papel industrial.<\/p>\n<p>O momento hist\u00f3rico mais sombrio de Dallas foi o assassinato do presidente John F. Kennedy em 22 de novembro de 1963, na Dealey Plaza. O Texas School Book Depository (hoje Museu do Sexto Andar) domina os passeios culturais pelo centro, enquanto a cidade luta com esse legado. Nas d\u00e9cadas do p\u00f3s-guerra, Dallas se tornou uma metr\u00f3pole em expans\u00e3o, anexando sub\u00farbios e construindo novas rodovias (I-35E, I-30, I-45, I-20). Tornou-se um centro financeiro e banc\u00e1rio (&#034;Big D&#034; em finan\u00e7as), ao mesmo tempo em que fomentava uma cena art\u00edstica vibrante (o Dallas Theater Center, o trem leve DART na d\u00e9cada de 1990) e uma identidade cultural (a Reunion Tower foi inaugurada em 1978, e o Arts District cresceu). Eventos not\u00e1veis \u200b\u200bincluem o atentado a bomba de 1934 (geral) ou 1960 (naval) ao Petroleum Building (incidentes de terrorismo dom\u00e9stico) e trag\u00e9dias modernas como o ataque \u00e0 pol\u00edcia em 2016. Em suma, a hist\u00f3ria de Dallas \u00e9 uma hist\u00f3ria de transforma\u00e7\u00e3o de posto de com\u00e9rcio de fronteira para pot\u00eancia em petr\u00f3leo e tecnologia, com cap\u00edtulos de expans\u00e3o, expans\u00e3o e renova\u00e7\u00e3o.<\/p>\n<p>Dallas combina a hospitalidade sulista com a agita\u00e7\u00e3o de uma cidade grande. O car\u00e1ter local \u00e9 confiante, cort\u00eas e, \u00e0s vezes, chamativo. As pessoas se vestem bem (botas de cowboy ou ternos s\u00e3o igualmente comuns) e a polidez &#034;senhor\/senhora&#034; \u00e9 generalizada. A cultura da cidade \u00e9 um rico caldeir\u00e3o cultural: fortes comunidades afro-americanas, hisp\u00e2nicas e asi\u00e1ticas contribuem para o mosaico da cidade. O orgulho texano \u00e9 profundo: a influ\u00eancia do time de futebol americano Dallas Cowboys \u00e9 sentida em todos os lugares (h\u00e1 mais Rolex falsos do que aut\u00eanticos, dizem alguns, no estado; e muitos usam bon\u00e9s com o &#034;Jerry World&#034;). Mas, al\u00e9m do futebol americano, o lado cosmopolita de Dallas \u00e9 evidente em seu distrito art\u00edstico, restaurantes sofisticados (churrascarias sofisticadas, culin\u00e1ria Tex-Mex e internacional) e ind\u00fastrias de ponta.<\/p>\n<p>Dallas tem muitos festivais e tradi\u00e7\u00f5es. O M\u00eas da Arte (outubro) v\u00ea o maior distrito art\u00edstico urbano cont\u00edguo do pa\u00eds enlouquecer com inaugura\u00e7\u00f5es, e a Feira de Artes Contempor\u00e2neas chega \u00e0 cidade. O Festival Internacional de Cinema de Dallas exibe o cinema internacional. O Orgulho de Dallas \u00e9 grande (Dallas tem uma das maiores comunidades LGBTQIA+ dos EUA e se orgulha de ser acolhedora). As celebra\u00e7\u00f5es do Juneteenth s\u00e3o importantes (Dallas foi uma das primeiras a adotar o feriado). No ver\u00e3o, a Feira Estadual do Texas (realizada no vizinho Fair Park em outubro) \u00e9 uma grande atra\u00e7\u00e3o, completa com o Big Tex, brinquedos no meio do caminho e frituras (&#034;tudo \u00e9 maior&#034;, de fato). O Quatro de Julho tem fogos de artif\u00edcio por toda a cidade (&#034;Fourth at the Star&#034;, perto do est\u00e1dio dos Cowboys, ou os fogos de artif\u00edcio no centro da cidade).<\/p>\n<p>A vida no bairro varia: Deep Ellum pulsa com m\u00fasica ao vivo e murais, Uptown Dallas (ao longo da Oak Lawn Ave) fervilha de bares e restaurantes, e Bishop Arts em Oak Cliff parece uma vila descolada. H\u00e1 tamb\u00e9m uma forte cultura gastron\u00f4mica de churrasco e Tex-Mex: food trucks de tacos, churrascarias e restaurantes casuais texanos est\u00e3o por toda parte (Dallas tem at\u00e9 sua pr\u00f3pria &#034;Margarita Mile&#034; para coquet\u00e9is). No geral, a vibe de Dallas \u00e9 acolhedora, mas agitada \u2013 um lugar onde neg\u00f3cios acontecem e as pessoas fazem networking, mas muitas vezes terminam o dia com um Dr Pepper gelado (o refrigerante favorito do Texas) ou um taco de peito bovino.<\/p>\n<p>Dallas oferece marcos ic\u00f4nicos do horizonte e atra\u00e7\u00f5es diversas. O s\u00edmbolo mais conhecido \u00e9 a Reunion Tower \u2013 a torre de observa\u00e7\u00e3o em forma de bola ao longo do Rio Trinity \u2013 cujo GeO-Deck oferece vistas panor\u00e2micas da cidade. Perto dali, fica o Museu Perot de Natureza e Ci\u00eancia, um impressionante marco arquitet\u00f4nico repleto de exposi\u00e7\u00f5es interativas sobre geologia, espa\u00e7o e f\u00f3sseis de dinossauros. O CityPASS e as listas de turistas o destacam como uma das principais atra\u00e7\u00f5es de Dallas. O Arboreto e Jardim Bot\u00e2nico de Dallas (a leste da cidade, no Lago White Rock) \u00e9 famoso por suas exibi\u00e7\u00f5es sazonais de flores (tulipas da primavera, rosas do ver\u00e3o, cris\u00e2ntemos do outono) e por uma exposi\u00e7\u00e3o anual na primavera.<\/p>\n<p>No Arts District, no centro da cidade (o maior do pa\u00eds), o Museu de Arte de Dallas e o Nasher Sculpture Center atraem amantes da arte. Do outro lado da Dealey Plaza, no centro da cidade, fica o Sixth Floor Museum (no antigo Book Depository), dedicado ao assassinato de JFK. O Zool\u00f3gico de Dallas (op\u00e7\u00e3o CityPASS) e o Dallas World Aquarium (aqu\u00e1rio hist\u00f3rico da cidade) s\u00e3o atra\u00e7\u00f5es populares para fam\u00edlias. F\u00e3s de esportes podem visitar o AT&amp;T Stadium ou o American Airlines Center, ou assistir aos jogos do Cowboys, Mavericks (NBA) ou Stars (NHL). Para a hist\u00f3ria local, o Centro Presidencial George W. Bush (campus da SMU) e o Museu do Holocausto e dos Direitos Humanos de Dallas (no West End) s\u00e3o not\u00e1veis.<\/p>\n<p>A recrea\u00e7\u00e3o ao ar livre \u00e9 abundante: a Katy Trail \u00e9 uma trilha urbana de 5,6 quil\u00f4metros que atravessa Uptown; o White Rock Lake Park oferece op\u00e7\u00f5es de remo e corrida; e o Klyde Warren Park (debru\u00e7ado sobre a Woodall Rodgers Freeway) \u00e9 um o\u00e1sis verde com food trucks e programa\u00e7\u00e3o gratuita. Visite tamb\u00e9m os hist\u00f3ricos clubes de arte de rua e m\u00fasica do Deep Ellum, o restaurado Teatro Perot em West Dallas e o vibrante Bishop Arts District para compras em butiques e caf\u00e9s. Em suma, as atra\u00e7\u00f5es imperd\u00edveis de Dallas variam do refinamento (exposi\u00e7\u00f5es do Museu Perot, deck Reunion) ao popular (o Arts District, restaurantes do Bishop Arts).<\/p>\n<p>Dallas \u00e9 um importante centro de tr\u00e2nsito. O Aeroporto Internacional de Dallas\/Fort Worth (DFW) \u2013 entre Dallas e Fort Worth \u2013 \u00e9 um dos aeroportos mais movimentados do mundo, com voos diretos para o mundo todo. O Aeroporto Love Field (DAL), no norte de Dallas, opera muitos voos dom\u00e9sticos (sudoeste e Alasca). A rede interestadual \u00e9 extensa: a I-35E norte-sul, a I-30 leste-oeste passando pelo centro da cidade, a I-45 sul, a I-20 sul e a I-635 circularam a cidade. O Dallas Area Rapid Transit (DART) oferece trens leves (quatro linhas cobrindo cerca de 145 km) e \u00f4nibus; as linhas Verde e Laranja ligam o aeroporto ao centro da cidade. A Linha Laranja do DART oferece transporte direto de DFW para o centro da cidade e pr\u00f3ximo ao Centro de Conven\u00e7\u00f5es.<\/p>\n<p>Dallas \u00e9 muito voltada para carros \u2013 espere tr\u00e2nsito intenso \u00e0s vezes e planeje viagens mais longas. H\u00e1 muitas vagas de estacionamento no centro da cidade, mas elas podem ser caras; muitos visitantes usam o DART ou aplicativos de transporte compartilhado para evitar o problema. No centro de Dallas, bairros como Uptown, Downtown e Deep Ellum s\u00e3o acess\u00edveis a p\u00e9. O ciclismo tem crescido (h\u00e1 um programa de compartilhamento e vias verdes), mas cuidado com o calor.<\/p>\n<p>Dallas fica no Fuso Hor\u00e1rio Central (UTC-6). Ingl\u00eas e espanhol s\u00e3o amplamente falados. Como na maioria das cidades dos EUA, leve d\u00f3lares americanos e verifique a previs\u00e3o do tempo (tempestades de ver\u00e3o podem ser dram\u00e1ticas). Uma gorjeta de 15% a 20% em restaurantes \u00e9 a norma. Dallas \u00e9 geralmente segura em \u00e1reas tur\u00edsticas; crimes violentos costumam se concentrar em partes distantes de South Dallas e Oak Cliff, portanto, vigil\u00e2ncia constante \u00e9 aconselh\u00e1vel. Prote\u00e7\u00e3o solar \u00e9 fundamental (queimaduras solares podem ocorrer at\u00e9 mesmo pelo reflexo de vidros de arranha-c\u00e9us). A idade m\u00ednima para consumo de bebidas alco\u00f3licas \u00e9 21 anos, e o Texas d\u00e1 grande import\u00e2ncia \u00e0 etiqueta do churrasco (\u00e9 aceit\u00e1vel discutir pol\u00edtica texana, mas n\u00e3o se meta com um peito bovino texano!).<\/p>\n<p>Em suma, Dallas \u00e9 uma cidade moderna e vibrante com profundas ra\u00edzes tradicionais. Seu horizonte e estilo refletem a arrojada \u00e9tica texana, enquanto seus bairros acolhem a todos com o verdadeiro calor sulista. De polo de alta tecnologia a distrito de artes de classe mundial, do lend\u00e1rio Tex-Mex \u00e0 tradi\u00e7\u00e3o dos cowboys, Dallas oferece uma experi\u00eancia sulista complexa e cosmopolita \u2013 uma cidade ao mesmo tempo p\u00e9 no ch\u00e3o e inspiradora.<a href=\"https:\/\/travelshelper.com\/pt\/destinos\/america-do-norte\/estados-unidos-da-america\/berkeley-springs\/\" target=\"_self\" aria-labelledby=\"uael-post-8997\"><br \/>\n<\/a><\/p>","protected":false},"excerpt":{"rendered":"<p>Dallas \u00e9 uma metr\u00f3pole vibrante e din\u00e2mica situada no estado do Texas, EUA. Com uma popula\u00e7\u00e3o de 7,5 milh\u00f5es de habitantes, \u00e9 a cidade mais populosa da regi\u00e3o metropolitana de Dallas-Fort Worth, a \u00e1rea metropolitana mais populosa do Texas e a quarta mais populosa dos Estados Unidos. A sede do Condado de Dallas, Dallas, abrange os condados de Collin, Denton, Kaufman e Rockwall. Depois de Houston e San Antonio, Dallas \u00e9 a nona cidade mais populosa dos Estados Unidos e a terceira mais populosa do Texas, segundo o censo de 2020. Dallas, na regi\u00e3o Norte do Texas, \u00e9 o centro da maior \u00e1rea metropolitana do sul dos Estados Unidos e a maior \u00e1rea metropolitana do interior dos Estados Unidos sem conex\u00e3o naveg\u00e1vel com o mar.<\/p>","protected":false},"author":1,"featured_media":3097,"parent":8072,"menu_order":0,"comment_status":"closed","ping_status":"closed","template":"elementor_theme","meta":{"_eb_attr":"","footnotes":""},"class_list":["post-8763","page","type-page","status-publish","has-post-thumbnail"],"_links":{"self":[{"href":"https:\/\/travelshelper.com\/pt\/wp-json\/wp\/v2\/pages\/8763","targetHints":{"allow":["GET"]}}],"collection":[{"href":"https:\/\/travelshelper.com\/pt\/wp-json\/wp\/v2\/pages"}],"about":[{"href":"https:\/\/travelshelper.com\/pt\/wp-json\/wp\/v2\/types\/page"}],"author":[{"embeddable":true,"href":"https:\/\/travelshelper.com\/pt\/wp-json\/wp\/v2\/users\/1"}],"replies":[{"embeddable":true,"href":"https:\/\/travelshelper.com\/pt\/wp-json\/wp\/v2\/comments?post=8763"}],"version-history":[{"count":0,"href":"https:\/\/travelshelper.com\/pt\/wp-json\/wp\/v2\/pages\/8763\/revisions"}],"up":[{"embeddable":true,"href":"https:\/\/travelshelper.com\/pt\/wp-json\/wp\/v2\/pages\/8072"}],"wp:featuredmedia":[{"embeddable":true,"href":"https:\/\/travelshelper.com\/pt\/wp-json\/wp\/v2\/media\/3097"}],"wp:attachment":[{"href":"https:\/\/travelshelper.com\/pt\/wp-json\/wp\/v2\/media?parent=8763"}],"curies":[{"name":"wp","href":"https:\/\/api.w.org\/{rel}","templated":true}]}}