{"id":8748,"date":"2024-09-04T19:12:38","date_gmt":"2024-09-04T19:12:38","guid":{"rendered":"https:\/\/travelshelper.com\/staging\/?page_id=8748"},"modified":"2026-03-13T17:33:15","modified_gmt":"2026-03-13T17:33:15","slug":"valle-de-los-ciervos","status":"publish","type":"page","link":"https:\/\/travelshelper.com\/pt\/destinations\/north-america\/united-states\/deer-valley\/","title":{"rendered":"Valle de los Ciervos"},"content":{"rendered":"<p>Localizada na Cordilheira Wasatch, em Utah, Deer Valley \u00e9 um resort de montanha de renome mundial, e n\u00e3o uma cidade. Na verdade, Deer Valley n\u00e3o \u00e9 uma cidade incorporada, mas sim o nome de uma luxuosa esta\u00e7\u00e3o de esqui localizada em Park City. No entanto, para os viajantes, funciona como um destino em si. Em n\u00fameros, a comunidade de Deer Valley (que muitas vezes inclui bairros vizinhos) tem cerca de 8.300 a 8.500 residentes permanentes. Esses residentes tendem a ser ricos (renda individual m\u00e9dia de cerca de US$ 80.000) e bem-educados, com uma idade mediana em torno de 41 anos. Quase todos s\u00e3o cidad\u00e3os americanos; residentes nascidos no exterior s\u00e3o muito poucos (refletindo a demografia geral de Utah). Economicamente, a ess\u00eancia da \u00e1rea \u00e9 o turismo. O Deer Valley Resort, de propriedade da Alterra Mountain Company, domina o mercado de trabalho local, juntamente com a hospitalidade, a gastronomia e o mercado imobili\u00e1rio de luxo. Um perfil imobili\u00e1rio descreve Deer Valley como &#034;conhecido por suas opulentas casas de esqui e servi\u00e7os de classe mundial, como restaurantes, escola de esqui e hospedagem&#034; \u2013 um resumo conciso do que impulsiona a economia local. (Fora o turismo, praticamente n\u00e3o h\u00e1 ind\u00fastria ou manufatura independente em Deer Valley.)<\/p>\n<p>Deer Valley est\u00e1 localizado no alto das Montanhas Rochosas, no norte de Utah. O resort fica a nordeste de Park City, no Condado de Summit, a cerca de 51 km a sudeste do centro de Salt Lake City. Ocupa a face norte das montanhas de Park City, centralizada em torno do Snow Park (a \u00e1rea de base) e estendendo-se at\u00e9 o Pico Lady Morgan. A paisagem ao redor \u00e9 \u00edngreme, com bosques de pinheiros e abetos e cumes acidentados. Dos telef\u00e9ricos ou trilhas de Deer Valley, voc\u00ea avista c\u00e2nions arborizados e o vale de Park City. A aproximadamente 1.980 a 2.130 metros de altitude, o ar \u00e9 rarefeito o suficiente para proporcionar uma verdadeira sensa\u00e7\u00e3o de montanha (e criar vistas panor\u00e2micas espetaculares da Cordilheira Wasatch, em Utah).<\/p>\n<p>O clima em Deer Valley \u00e9 alpino. De acordo com dados climatol\u00f3gicos, ele se qualifica como continental \u00famido (K\u00f6ppen Dfb). Isso significa que tem invernos frios e com neve e ver\u00f5es quentes. Em termos pr\u00e1ticos, as temperaturas no inverno costumam cair abaixo de 0\u00b0F (\u201318\u00b0C) durante a noite, e as m\u00e1ximas diurnas costumam ficar entre 30\u00b0F e 40\u00b0F (0\u00b0C e 5\u00b0C). Importante ressaltar que a queda de neve \u00e9 \u200b\u200babundante: Deer Valley tem uma m\u00e9dia de cerca de 660 cent\u00edmetros de neve por ano. Essa grande camada de neve mant\u00e9m a temporada de esqui longa (geralmente do final de novembro a abril). Os dias de ver\u00e3o s\u00e3o tipicamente quentes (20\u00b0C a 27\u00b0C), embora as noites esfriem rapidamente; o ar pode ser \u00famido devido a tempestades de mon\u00e7\u00f5es ocasionais. Deer Valley tem quatro esta\u00e7\u00f5es distintas \u2013 verde exuberante e cachoeiras na primavera, dias ensolarados de montanha no ver\u00e3o, folhagem brilhante no outono e um para\u00edso de inverno nevado. A altitude significa sol forte o ano todo, portanto, os visitantes s\u00e3o aconselhados a usar protetor solar mesmo em dias frios.<\/p>\n<h2>Deer Valley em N\u00fameros (Popula\u00e7\u00e3o, Demografia, Economia)<\/h2>\n<p>Como observado, Deer Valley em si n\u00e3o \u00e9 um munic\u00edpio, mas para contextualizar, pode-se considerar a \u00e1rea de Park City. Park City tinha cerca de 8.396 residentes em 2020. Na pr\u00e1tica, a \u00e1rea de servi\u00e7o de Deer Valley (incluindo os bairros de Upper Deer Valley) tem um tamanho semelhante: aproximadamente 8.300 pessoas. A popula\u00e7\u00e3o local \u00e9 mais velha e rica: a renda familiar m\u00e9dia \u00e9 da ordem de US$ 80-90 mil e a renda per capita em torno de US$ 37.000. A cidade de Park City (e, portanto, Deer Valley) \u00e9 predominantemente branca n\u00e3o hisp\u00e2nica (~85-90%), com pequenas comunidades asi\u00e1ticas e hisp\u00e2nicas e muito poucos afro-americanos. Residentes nascidos no exterior s\u00e3o uma minoria modesta (Park City \u00e9 popular entre visitantes internacionais e trabalhadores sazonais, mas a maioria dos residentes de longa dura\u00e7\u00e3o nasceu nos EUA).<\/p>\n<p>A economia de Deer Valley gira quase inteiramente em torno de recrea\u00e7\u00e3o ao ar livre e hospitalidade. Esqui e servi\u00e7os de montanha geram a grande maioria dos empregos. O pr\u00f3prio Deer Valley Resort emprega milhares de pessoas no inverno, e muitos dos restaurantes, lojas e hot\u00e9is da cidade atendem a turistas de esqui. O mercado imobili\u00e1rio \u00e9 outro motor econ\u00f4mico \u2013 as casas de esqui e condom\u00ednios de alto padr\u00e3o da regi\u00e3o representam um mercado multibilion\u00e1rio. Essencialmente, n\u00e3o h\u00e1 ind\u00fastrias ou grandes neg\u00f3cios n\u00e3o tur\u00edsticos aqui. Al\u00e9m disso, a economia mais ampla de Park City contribui: durante o ver\u00e3o, o turismo se concentra em caminhadas, ciclismo e festivais (como o Deer Valley Music Festival), o que tamb\u00e9m aumenta a renda local. N\u00e3o \u00e9 incomum que Park City (incluindo Deer Valley) gere mais de meio bilh\u00e3o de d\u00f3lares por ano em receita tur\u00edstica. O turismo sazonal significa que muitos empregos s\u00e3o de meio per\u00edodo ou baseados em hor\u00e1rios de alta temporada. No geral, a riqueza, o baixo desemprego e a infraestrutura de Deer Valley refletem uma economia moldada pela ind\u00fastria de esqui e resorts.<\/p>\n<h2>Localiza\u00e7\u00e3o (regi\u00e3o, paisagem, clima)<\/h2>\n<p>Deer Valley fica na regi\u00e3o de Mountain West, nos Estados Unidos, na parte centro-norte oeste de Utah. Geograficamente, ocupa a Cordilheira Wasatch, que por sua vez faz parte das Montanhas Rochosas. Os telef\u00e9ricos do resort alcan\u00e7am at\u00e9 cerca de 9.570 p\u00e9s no Pico Flagstaff, enquanto a base tem cerca de 6.570 p\u00e9s, proporcionando uma queda vertical de 3.000 p\u00e9s. O terreno ao redor inclui picos altos, bacias formadas por geleiras e densas florestas de con\u00edferas. O clima, como observado, \u00e9 de montanha continental: os invernos s\u00e3o dominados pela umidade do Pac\u00edfico que despeja neve pesada sobre o Wasatch, enquanto os ver\u00f5es veem c\u00e9us limpos com tempestades ocasionais. (Pela classifica\u00e7\u00e3o de K\u00f6ppen, Deer Valley cai na zona Dfb.) No inverno, as tempestades frequentemente envolvem as montanhas, deixando o Wasatch com neve profunda em vales frios. A altitude significa ar mais rarefeito, ent\u00e3o mesmo os dias ensolarados de ver\u00e3o podem ser frescos \u2013 por exemplo, a temperatura m\u00e1xima m\u00e9dia em julho \u00e9 de cerca de 27\u00b0C, com noites na casa dos 10\u00b0C. No inverno, espere neve no solo do final de novembro a meados de abril. No geral, a localiza\u00e7\u00e3o e o clima de Deer Valley fazem dela uma cl\u00e1ssica \u00e1rea de esqui das Montanhas Rochosas: picos pitorescos, invernos secos e ensolarados (quando o sol brilha) e campos de flores silvestres no ver\u00e3o.<\/p>\n<h2>Instant\u00e2neo hist\u00f3rico (origens e marcos)<\/h2>\n<p>A hist\u00f3ria de Deer Valley como \u00e1rea de lazer remonta a quase um s\u00e9culo. Na d\u00e9cada de 1930, Park City sediou carnavais anuais de esqui e, em 1936-37, a WPA construiu algumas das primeiras trilhas nessas montanhas. Em 1946, os moradores locais (Ralph Burns e Bill Carpenter) instalaram o primeiro telef\u00e9rico na \u00e1rea, no que hoje \u00e9 a pista de Snow Park. Por muitas d\u00e9cadas, esse terreno foi conhecido simplesmente como Park City Ski Area. A grande virada ocorreu em 1981, quando o empres\u00e1rio de Salt Lake City, Edgar Stern, fundou o Deer Valley Resort como uma opera\u00e7\u00e3o de esqui independente. Ele recrutou o medalhista de ouro ol\u00edmpico noruegu\u00eas Stein Eriksen para chefiar a escola de esqui, estabelecendo um padr\u00e3o de alto servi\u00e7o e luxo. A partir dessa funda\u00e7\u00e3o, Deer Valley expandiu-se rapidamente: no final da d\u00e9cada de 1980, adicionou telef\u00e9ricos e pistas nos picos Bald e Lady Morgan, nas proximidades. Uma peculiaridade not\u00e1vel da hist\u00f3ria \u00e9 que Deer Valley proibiu o snowboard desde sua inaugura\u00e7\u00e3o \u2014 ele continua sendo um dos tr\u00eas principais resorts dos EUA que atendem exclusivamente esquiadores (uma tradi\u00e7\u00e3o que reflete o ambiente tradicional da montanha).<\/p>\n<p>Deer Valley tamb\u00e9m desempenhou um papel no cen\u00e1rio mundial: foi um local de competi\u00e7\u00e3o durante os Jogos Ol\u00edmpicos de Inverno de 2002 em Salt Lake City. O resort sediou todos os eventos masculinos e femininos de moguls, a\u00e9reos e slalom, recebendo milhares de espectadores. Na prepara\u00e7\u00e3o para 2002, Deer Valley investiu em melhorias na produ\u00e7\u00e3o de neve e nos alojamentos para se preparar para os holofotes globais. Ap\u00f3s as Olimp\u00edadas, Deer Valley continuou a se modernizar \u2013 adicionando novos telef\u00e9ricos em 2007 (expandindo o lado de Lady Morgan) e mais uma vez em 2013. Em 2017, a propriet\u00e1ria de Deer Valley (Intrawest) se fundiu com a Alterra Mountain Company, trazendo Deer Valley para um portf\u00f3lio com Squaw Valley e outros grandes resorts. Hoje, Deer Valley ainda \u00e9 amplamente conhecido por sua tradi\u00e7\u00e3o ininterrupta de esqui de luxo, um legado enraizado em sua funda\u00e7\u00e3o em 1981 e sustentado por reinvestimento consistente.<\/p>\n<h2>Vibra\u00e7\u00e3o cultural (car\u00e1ter local, tradi\u00e7\u00f5es, festivais, estilo de vida)<\/h2>\n<p>A vibra\u00e7\u00e3o cultural de Deer Valley pode ser melhor descrita como uma vida de montanha de alto padr\u00e3o. A comunidade e o resort t\u00eam reputa\u00e7\u00e3o de luxo e servi\u00e7o. As acomoda\u00e7\u00f5es em Deer Valley definem esse tom \u2013 lodges cinco estrelas (Stein Eriksen Lodge, Montage, St. Regis) se alinham nas encostas, e restaurantes gourmet (como o Glitretind no Stein Eriksen) atendem a uma clientela internacional. Consequentemente, a popula\u00e7\u00e3o local \u00e9 mais rica e com mentalidade internacional do que em cidades montanhosas t\u00edpicas. O ingl\u00eas \u00e9 o idioma principal, mas voc\u00ea tamb\u00e9m ouvir\u00e1 mandarim, japon\u00eas e outras l\u00ednguas entre os h\u00f3spedes. Deer Valley \u00e9 popular entre fam\u00edlias ricas e celebridades que buscam privacidade, ent\u00e3o h\u00e1 um ar discreto e exclusivo (embora todos tendam a ser amig\u00e1veis \u200b\u200be a gostar de atividades ao ar livre).<\/p>\n<p>O estilo de vida aqui \u00e9 decididamente voltado para a vida ao ar livre. No inverno, as manh\u00e3s come\u00e7am no primeiro telef\u00e9rico e terminam com encontros apr\u00e9-ski, muitas vezes no ambiente social de Park City. No ver\u00e3o, Deer Valley fecha o servi\u00e7o de telef\u00e9rico, mas muitos moradores vivem em Deer Valley o ano todo para acessar os 88 quil\u00f4metros de trilhas para caminhadas e ciclismo que se estendem do Snow Park e do Sun Peak. Passeios a cavalo, corrida em trilha e stand-up paddle nos lagos pr\u00f3ximos s\u00e3o passatempos comuns. O sistema de trilhas de Deer Valley se conecta a centenas de quil\u00f4metros de trilhas Wasatch, tornando a temporada mais voltada para esportes de aventura do que para mero relaxamento.<\/p>\n<p>Deer Valley sedia alguns eventos anuais que atraem visitantes al\u00e9m dos esquiadores. O Deer Valley Music Festival (parte da Orquestra Sinf\u00f4nica de Utah) realiza concertos de ver\u00e3o no anfiteatro de Snow Park, trazendo artistas de m\u00fasica cl\u00e1ssica e jazz. O Mountain Beer Festival (normalmente no final do ver\u00e3o) acontece no Snow Park, com cervejas artesanais e m\u00fasica ao vivo com vista para o vale. Fora isso, as tradi\u00e7\u00f5es pendem para o modernismo montanhoso \u2013 os fogos de artif\u00edcio do 4 de julho refletem o patriotismo das esta\u00e7\u00f5es de esqui, e h\u00e1 exposi\u00e7\u00f5es de arte ocasionais e eventos gastron\u00f4micos nos alojamentos. Como Park City fica perto, os moradores tamb\u00e9m frequentam os festivais maiores, como o Festival de Cinema de Sundance em janeiro (que transforma toda a cidade).<\/p>\n<p>A sensa\u00e7\u00e3o geral em Deer Valley \u00e9 de tranquilidade, confian\u00e7a e sa\u00fade. Os vizinhos costumam cumpriment\u00e1-los nas trilhas, e h\u00e1 um ethos de simpatia t\u00edpico da &#034;escola das montanhas&#034; (embora as famosas normas sociais educadas de Utah tamb\u00e9m prevale\u00e7am aqui). Muitos moradores se mudaram de outras partes do pa\u00eds ou do mundo, ent\u00e3o as conversas costumam incluir hist\u00f3rias de viagem. O ritmo \u00e9 tranquilo \u2013 ioga ao amanhecer ou caf\u00e9 da manh\u00e3 em um caf\u00e9 com vista para as montanhas s\u00e3o t\u00edpicos em um dia de semana, e voc\u00ea pode notar ternos e gravatas em reuni\u00f5es de neg\u00f3cios em uma semana e camisas de flanela em churrascos na semana seguinte. Apesar do alto padr\u00e3o de vida, Deer Valley mant\u00e9m uma atmosfera informal e familiar: chinelos e fleece s\u00e3o pe\u00e7as essenciais no guarda-roupa. No geral, sua atmosfera combina a rusticidade do oeste com um toque de luxo cosmopolita.<\/p>\n<h2>Principais atra\u00e7\u00f5es (pontos tur\u00edsticos e experi\u00eancias imperd\u00edveis)<\/h2>\n<p>O pr\u00f3prio Deer Valley Resort \u00e9 a principal atra\u00e7\u00e3o. Aficionados por esqui e snowboard (e, no caso de Deer Valley, entusiastas exclusivamente de esqui) v\u00eam aqui especificamente para experimentar suas pistas meticulosamente preparadas e seu servi\u00e7o excepcional. Visitar o resort, mesmo no ver\u00e3o, vale a pena: voc\u00ea pode andar de g\u00f4ndola (incluindo os telef\u00e9ricos de alta velocidade Empire ou Sterling Express) para vistas panor\u00e2micas das montanhas. A vista do topo do Pico Flagstaff \u00e9 particularmente deslumbrante. Para quem n\u00e3o esquia, um passeio panor\u00e2mico de telef\u00e9rico e um almo\u00e7o em um dos caf\u00e9s no topo da montanha proporcionam um gostinho da experi\u00eancia.<\/p>\n<p>No inverno, os visitantes podem ter aulas de esqui na aclamada escola de esqui de Deer Valley ou simplesmente desfrutar de seus chal\u00e9s aconchegantes e iluminados por lareiras, al\u00e9m de comodidades luxuosas (como a piscina coberta e o spa do Stein Eriksen Lodge). No ver\u00e3o, o resort se transforma em um playground para caminhadas e ciclismo: os 88 quil\u00f4metros de trilhas est\u00e3o abertos para mountain bike ou trekking. Passeios de cavalo e pesca com mosca no Rio Provo tamb\u00e9m s\u00e3o organizados pelo Snow Park. O anfiteatro ao ar livre do Snow Park recebe concertos ocasionais (de folk a cl\u00e1ssico) durante os meses de ver\u00e3o, frequentemente acompanhados de cervejas artesanais locais.<\/p>\n<p>A hist\u00f3rica Main Street de Park City (a poucos quil\u00f4metros de Deer Valley) fica a uma curta dist\u00e2ncia de carro e vale a pena uma visita. L\u00e1, voc\u00ea encontrar\u00e1 butiques, galerias de arte e diversos restaurantes \u2013 um gostinho do charme de uma cidadezinha do oeste americano com um toque moderno. O Parque Ol\u00edmpico de Utah (constru\u00eddo para as Olimp\u00edadas de 2002) tamb\u00e9m fica pr\u00f3ximo, oferecendo uma tirolesa e um museu que exp\u00f5e a heran\u00e7a do esqui de Utah. Para paisagens panor\u00e2micas, a subida do Little Cottonwood Canyon at\u00e9 Alta ou a regi\u00e3o de Snowbird revela mais da grandiosidade de Wasatch. (Alguns viajantes at\u00e9 fazem um passeio de um dia para ver o Grande Lago Salgado.)<\/p>\n<p>Para comer e relaxar, n\u00e3o deixe de visitar os restaurantes de montanha nos alojamentos de Deer Valley \u2013 desde os fartos buf\u00eas nos lodges at\u00e9 o jantar sofisticado no Silver Lake Lodge, no Snow Park. E mesmo al\u00e9m dos limites do resort, as atra\u00e7\u00f5es exclusivas para o ver\u00e3o incluem passeios de minera\u00e7\u00e3o de prata e passeios de tobog\u00e3 alpino em Park City, ou o parque de divers\u00f5es Park City Mountain Village. Basicamente, a lista de atra\u00e7\u00f5es imperd\u00edveis de Deer Valley gira em torno de aproveitar as montanhas \u2013 seja de esqui ou t\u00eanis \u2013 com o conforto do resort.<\/p>\n<h2>Vis\u00e3o pr\u00e1tica (como chegar, como se locomover, dicas)<\/h2>\n<p>A maneira mais f\u00e1cil de chegar a Deer Valley \u00e9 pelo Aeroporto Internacional de Salt Lake City (SLC), a cerca de 56 quil\u00f4metros a oeste. De SLC, voc\u00ea pode alugar um carro ou pegar um dos v\u00e1rios servi\u00e7os de transporte para Park City; a viagem (pela I-80 e depois para o sul pela rodovia 224) geralmente leva de 45 a 50 minutos. Se voc\u00ea voar em um voo particular, o Aeroporto Municipal de Park City (96 quil\u00f4metros ao norte) tamb\u00e9m oferece servi\u00e7o limitado, mas a maioria dos voos comerciais parte de Salt Lake City. De carro, Deer Valley \u00e9 acessado pela rodovia 224, saindo da Interstate 80; as entradas do resort (Snow Park e Empire Canyon) s\u00e3o bem sinalizadas. As estradas ao redor geralmente est\u00e3o em boas condi\u00e7\u00f5es, mas esteja preparado para terrenos montanhosos \u00edngremes e sinuosos ao sair da rodovia interestadual. No inverno, leve correntes ou certifique-se de que seu carro tenha pneus para neve \u2013 os regulamentos estaduais exigem dispositivos de tra\u00e7\u00e3o quando as condi\u00e7\u00f5es exigirem. As Montanhas Rochosas podem ter mudan\u00e7as clim\u00e1ticas repentinas, portanto, reserve um tempo extra de viagem na primavera\/outono.<\/p>\n<p>Em Park City, Deer Valley \u00e9 principalmente uma \u00e1rea de resort de esqui, ent\u00e3o o transporte local \u00e9 voltado para o transporte de pessoas ao redor das pistas e alojamentos. Park City oferece uma rede de \u00f4nibus gratuita (Park City Transit) que funciona o ano todo, conectando os alojamentos de Deer Valley \u00e0 Main Street, no centro da cidade, e outros bairros. O servi\u00e7o \u00e9 frequente na temporada de esqui (\u00f4nibus com c\u00f3digo de cores e nomes de \u00e1reas de telef\u00e9rico), tornando o carro praticamente desnecess\u00e1rio se voc\u00ea planeja ficar na montanha. T\u00e1xis e transporte compartilhado est\u00e3o dispon\u00edveis, mas podem ser caros devido \u00e0s curtas dist\u00e2ncias. Muitos visitantes simplesmente caminham at\u00e9 o ponto de esqui ou usam o \u00f4nibus e os telef\u00e9ricos privativos do resort (dentro das \u00e1reas do resort, os pr\u00f3prios telef\u00e9ricos transportam os esquiadores para as subidas). Se voc\u00ea alugar um carro no ver\u00e3o, encontrar\u00e1 estacionamento nos alojamentos de Deer Valley, mas o tr\u00e1fego na montanha no ver\u00e3o \u00e9 leve, e muitos optam por ir de bicicleta ou a p\u00e9 at\u00e9 lojas e trilhas. Notavelmente, Deer Valley n\u00e3o tem sem\u00e1foros \u2013 as estradas s\u00e3o em grande parte de duas pistas e tranquilas. O centro de Park City fica a apenas 5 a 10 minutos de \u00f4nibus ou carro de Deer Valley.<\/p>\n<p><strong>Dicas b\u00e1sicas:<\/strong><\/p>\n<ul>\n<li><strong>Idioma e moeda:<\/strong> Ingl\u00eas \u00e9 a l\u00edngua do dia a dia. Como um resort internacional, muitos trabalhadores tamb\u00e9m sabem espanhol, mandarim ou japon\u00eas. A moeda \u00e9 o d\u00f3lar americano. Cart\u00f5es de cr\u00e9dito\/d\u00e9bito s\u00e3o amplamente aceitos (h\u00e1 muitos caixas eletr\u00f4nicos). As tomadas oferecem voltagem padr\u00e3o americana (120 V).<\/li>\n<li><strong>Clima e Vestu\u00e1rio:<\/strong> Leve camadas de roupa. Mesmo no ver\u00e3o, as manh\u00e3s come\u00e7am frescas e esquentam rapidamente por volta do meio-dia. No inverno, o clima pode variar de frio a surpreendentemente ensolarado (a neve reflete a luz do sol). Leve sempre um casaco quente para as noites e prote\u00e7\u00e3o solar (protetor solar, protetor labial, chap\u00e9u) para o dia. Viagens de esqui exigem equipamentos imperme\u00e1veis \u200b\u200be \u00f3culos de prote\u00e7\u00e3o.<\/li>\n<li><strong>Sa\u00fade e Seguran\u00e7a:<\/strong> A altitude (1.980 a 2.980 metros) faz com que as queimaduras solares apare\u00e7am mais rapidamente e as atividades pare\u00e7am mais extenuantes. Mantenha-se hidratado e suba lentamente para se aclimatar. No inverno, leve documento de identidade e roupas quentes se for se aventurar para longe das \u00e1reas principais. Animais selvagens (veados e, ocasionalmente, cabras-montesas) est\u00e3o presentes, mas geralmente evitam pessoas; ainda assim, n\u00e3o alimente nem se aproxime de animais. Crian\u00e7as devem ser supervisionadas nos telef\u00e9ricos. A etiqueta padr\u00e3o para trilhas de montanha se aplica (ceda a passagem na subida, leve o lixo para fora).<\/li>\n<li><strong>Etiqueta:<\/strong> Moradores e funcion\u00e1rios de esta\u00e7\u00f5es de esqui esperam cortesia e educa\u00e7\u00e3o. Park City \u00e9 conhecida pela simpatia. Um simples &#034;obrigado&#034; aos operadores de telef\u00e9ricos ou instrutores de esqui \u00e9 costumeiro. Gorjetas (15% a 20%) s\u00e3o a norma para instrutores de esqui, motoristas e gar\u00e7ons. Respeite as regras da esta\u00e7\u00e3o (por exemplo, n\u00e3o pratique snowboard) e o hor\u00e1rio de sil\u00eancio nos alojamentos. Festas barulhentas nos bairros s\u00e3o desaprovadas.<\/li>\n<li><strong>Costumes locais:<\/strong> O fuso hor\u00e1rio de Deer Valley \u00e9 o Hor\u00e1rio Padr\u00e3o das Montanhas Rochosas (UTC-7) ou MDT no ver\u00e3o. As leis sobre bebidas alco\u00f3licas s\u00e3o simples (para maiores de 21 anos \u00e9 permitido beber; as lojas de bebidas s\u00e3o estatais, mas bares\/restaurantes servem bebidas). Uber\/Lyft operam em Park City. Se voc\u00ea planeja fazer caminhadas, observe que trilhas em altitudes mais elevadas podem exigir uma licen\u00e7a gratuita ou uma taxa; consulte o site do resort para eventos sazonais de ver\u00e3o ou passeios operados por telef\u00e9ricos que voc\u00ea precisa reservar com anteced\u00eancia.<\/li>\n<\/ul>\n<p>Em suma, Deer Valley atende principalmente aos visitantes que buscam conforto em um ambiente montanhoso. Considera\u00e7\u00f5es pr\u00e1ticas se concentram na viagem \u00e0s montanhas (altitude, clima e transporte por telef\u00e9rico ou van, em vez de metros de quarteir\u00f5es de pedestres). Com tudo isso em mente, os viajantes consideram o resort excepcionalmente amig\u00e1vel e conveniente \u2013 mesmo durante a alta temporada de esqui, a equipe e a infraestrutura mant\u00eam o fluxo tranquilo. Seja voc\u00ea um esquiador experiente ou um caminhante tranquilo, Deer Valley o recebe nas montanhas com facilidade e servi\u00e7o excepcional.<a href=\"https:\/\/travelshelper.com\/pt\/destinos\/america-do-norte\/estados-unidos-da-america\/berkeley-springs\/\" target=\"_self\" aria-labelledby=\"uael-post-8997\"><br \/>\n<\/a><\/p>","protected":false},"excerpt":{"rendered":"<p>Deer Valley, uma esta\u00e7\u00e3o de esqui alpino situada na Cordilheira Wasatch, est\u00e1 localizada a 58 km a leste de Salt Lake City, na pitoresca cidade de Park City, Utah. Frequentemente reconhecida por suas comodidades opulentas e servi\u00e7o de primeira classe, Deer Valley \u00e9 regularmente classificada entre as melhores esta\u00e7\u00f5es de esqui da Am\u00e9rica do Norte. O resort oferece uma combina\u00e7\u00e3o especial de esqui de classe mundial, acomoda\u00e7\u00f5es de luxo e dedica\u00e7\u00e3o para proporcionar uma experi\u00eancia incompar\u00e1vel aos h\u00f3spedes, portanto, essa reputa\u00e7\u00e3o \u00e9 merecida.<\/p>","protected":false},"author":1,"featured_media":3601,"parent":8072,"menu_order":0,"comment_status":"closed","ping_status":"closed","template":"elementor_theme","meta":{"_eb_attr":"","footnotes":""},"class_list":["post-8748","page","type-page","status-publish","has-post-thumbnail"],"_links":{"self":[{"href":"https:\/\/travelshelper.com\/pt\/wp-json\/wp\/v2\/pages\/8748","targetHints":{"allow":["GET"]}}],"collection":[{"href":"https:\/\/travelshelper.com\/pt\/wp-json\/wp\/v2\/pages"}],"about":[{"href":"https:\/\/travelshelper.com\/pt\/wp-json\/wp\/v2\/types\/page"}],"author":[{"embeddable":true,"href":"https:\/\/travelshelper.com\/pt\/wp-json\/wp\/v2\/users\/1"}],"replies":[{"embeddable":true,"href":"https:\/\/travelshelper.com\/pt\/wp-json\/wp\/v2\/comments?post=8748"}],"version-history":[{"count":0,"href":"https:\/\/travelshelper.com\/pt\/wp-json\/wp\/v2\/pages\/8748\/revisions"}],"up":[{"embeddable":true,"href":"https:\/\/travelshelper.com\/pt\/wp-json\/wp\/v2\/pages\/8072"}],"wp:featuredmedia":[{"embeddable":true,"href":"https:\/\/travelshelper.com\/pt\/wp-json\/wp\/v2\/media\/3601"}],"wp:attachment":[{"href":"https:\/\/travelshelper.com\/pt\/wp-json\/wp\/v2\/media?parent=8748"}],"curies":[{"name":"wp","href":"https:\/\/api.w.org\/{rel}","templated":true}]}}