{"id":8723,"date":"2024-09-04T14:00:30","date_gmt":"2024-09-04T14:00:30","guid":{"rendered":"https:\/\/travelshelper.com\/staging\/?page_id=8723"},"modified":"2026-03-13T17:42:21","modified_gmt":"2026-03-13T17:42:21","slug":"fort-lauderdale","status":"publish","type":"page","link":"https:\/\/travelshelper.com\/pt\/destinations\/north-america\/united-states\/fort-lauderdale\/","title":{"rendered":"Fort Lauderdale"},"content":{"rendered":"<p>Fort Lauderdale \u00e9 uma cidade costeira de m\u00e9dio porte no sudeste da Fl\u00f3rida, a cerca de 37 quil\u00f4metros ao norte de Miami. Sua popula\u00e7\u00e3o atual \u00e9 de cerca de 185.000 habitantes, tornando-a a maior cidade do Condado de Broward e uma \u00e2ncora not\u00e1vel da \u00e1rea metropolitana de Miami. A economia da cidade \u00e9 uma mistura de turismo, ind\u00fastrias mar\u00edtimas e setores de servi\u00e7os: Port Everglades (o porto de \u00e1guas profundas pr\u00f3ximo) e o Aeroporto Internacional de Fort Lauderdale-Hollywood s\u00e3o os principais motores econ\u00f4micos. A renda per capita \u00e9 relativamente alta \u2013 dados recentes mostram uma renda familiar m\u00e9dia em torno de US$ 128.000, embora quase 15% dos moradores vivam abaixo da linha da pobreza. Demograficamente, Fort Lauderdale continua sendo majoritariamente branca (cerca de 61%), com cerca de 32% dos moradores se identificando como negros ou afro-americanos. Quase um quarto da popula\u00e7\u00e3o \u00e9 estrangeira, especialmente da Am\u00e9rica Latina e do Caribe, o que confere \u00e0 cidade um rico car\u00e1ter multil\u00edngue. O ingl\u00eas predomina, mas o espanhol e o crioulo haitiano tamb\u00e9m s\u00e3o amplamente ouvidos nas ruas. Em suma, o perfil &#034;num\u00e9rico&#034; de Fort Lauderdale \u00e9 o de uma cidade americana de m\u00e9dio porte e rica, com uma popula\u00e7\u00e3o diversificada e cosmopolita, ancorada por uma forte economia de turismo e servi\u00e7os.<\/p>\n<p>Geograficamente, Fort Lauderdale fica na costa atl\u00e2ntica da Fl\u00f3rida \u2013 parte da plan\u00edcie costeira baixa do sul da Fl\u00f3rida. Ocupa uma estreita faixa de terra entre o oceano e uma s\u00e9rie de ilhas-barreira e canais intracosteiros. A cidade \u00e9 \u00e0s vezes chamada de &#034;Veneza da Am\u00e9rica&#034; \u200b\u200bdevido aos seus 265 quil\u00f4metros de canais naveg\u00e1veis. A paisagem \u00e9 plana e exuberante, com palmeiras tropicais\/subtropicais, canais ladeados por manguezais e trechos de zonas \u00famidas costeiras. O clima \u00e9 notoriamente ensolarado e quente: Fort Lauderdale tem uma m\u00e9dia de cerca de 3.000 horas de sol por ano. As m\u00e1ximas diurnas no inverno ficam na faixa de 20\u00b0C a 20\u00b0C, e os ver\u00f5es costumam atingir 27\u00b0C a 35\u00b0C, temperados por brisas oce\u00e2nicas constantes. A precipita\u00e7\u00e3o \u00e9 sazonal (principalmente tempestades de ver\u00e3o) e geadas s\u00e3o praticamente in\u00e9ditas. Resumindo, a cidade desfruta de um clima semitropical com ver\u00f5es quentes e \u00famidos, invernos amenos e ventos al\u00edsios constantes do Atl\u00e2ntico \u2014 condi\u00e7\u00f5es que definem seu ambiente tranquilo e ensolarado.<\/p>\n<p>As origens de Fort Lauderdale remontam a um posto militar avan\u00e7ado, e n\u00e3o a uma lenda antiga. A cidade recebeu o nome de uma pequena fortifica\u00e7\u00e3o constru\u00edda no Rio New em 1838 pelo Major William Lauderdale, do Ex\u00e9rcito dos EUA, durante a Segunda Guerra Seminole. Ap\u00f3s esse in\u00edcio militar, a \u00e1rea foi escassamente povoada at\u00e9 o final do s\u00e9culo XIX. O crescimento constante come\u00e7ou com a chegada da Ferrovia da Costa Leste da Fl\u00f3rida e o boom imobili\u00e1rio na Fl\u00f3rida na d\u00e9cada de 1920. Fort Lauderdale foi formalmente incorporada em 1911 e foi designada sede do rec\u00e9m-criado Condado de Broward em 1915. A prosperidade inicial quase foi prejudicada pelo Grande Furac\u00e3o de Miami de 1926 e pela Grande Depress\u00e3o, que desaceleraram significativamente o desenvolvimento.<\/p>\n<p>A sorte da cidade reviveu durante e ap\u00f3s a Segunda Guerra Mundial. Uma grande base a\u00e9rea naval trouxe milhares de militares, plantando as sementes de um boom populacional no p\u00f3s-guerra. Nas d\u00e9cadas de 1950 e 1960, os conjuntos habitacionais suburbanos se expandiram e a cidade floresceu como um importante destino tur\u00edstico. A outrora modesta vila de pescadores foi reinventada como uma cidade moderna com hot\u00e9is, distritos comerciais e marinas. No final do s\u00e9culo XX, Fort Lauderdale havia se tornado um dos maiores centros de iatismo do mundo e um &#034;playground de inverno&#034; para os amantes da neve. A ind\u00fastria de cruzeiros tamb\u00e9m encontrou um lar aqui \u2013 hoje, Port Everglades est\u00e1 entre os portos de cruzeiros mais movimentados do mundo. Ao longo dessas mudan\u00e7as, Fort Lauderdale manteve uma identidade de &#034;resort costeiro&#034;, mesmo construindo hospitais, universidades (incluindo um campus da Florida Atlantic University) e um distrito financeiro no centro da cidade. Nos \u00faltimos anos, a cidade tem se concentrado na revitaliza\u00e7\u00e3o urbana: novos arranha-c\u00e9us \u00e0 beira-mar, marcos hist\u00f3ricos restaurados e institui\u00e7\u00f5es culturais remodelaram seu horizonte. Mas o legado daquelas primeiras d\u00e9cadas de expans\u00e3o e recess\u00e3o ainda transparece no car\u00e1ter multifacetado de Fort Lauderdale \u2013 desde os condom\u00ednios art d\u00e9co dos anos 1920 em Las Olas at\u00e9 as torres ultramodernas no Intracoastal.<\/p>\n<p>Hoje, Fort Lauderdale parece uma cidade litor\u00e2nea descontra\u00edda, por\u00e9m sofisticada. Sua atmosfera \u00e9 uma mistura de &#034;resort do sul da Fl\u00f3rida&#034; com um toque multicultural. A cultura local reflete suas grandes comunidades hisp\u00e2nicas e caribenhas. Festivais e eventos s\u00e3o abundantes e variados \u2013 por exemplo, o desfile anual do Dia de S\u00e3o Patr\u00edcio no centro da cidade \u00e9 uma grande atra\u00e7\u00e3o, juntamente com festas na praia com tem\u00e1tica caribenha e grandes shows n\u00e1uticos. O ingl\u00eas \u00e9 a l\u00edngua franca, mas em qualquer quarteir\u00e3o voc\u00ea pode ouvir espanhol, crioulo haitiano ou franc\u00eas. De fato, mais de 21% dos moradores nasceram no exterior, dando a restaurantes e lojas um toque global (caf\u00e9s cubanos, padarias jamaicanas, etc.).<\/p>\n<p>Os moradores de Fort Lauderdale tendem a descrever a vida urbana como descontra\u00edda e voltada para o ar livre. Uma rotina t\u00edpica pode incluir atividades matinais na praia ou no canal (corrida, passeios de barco, ioga), um almo\u00e7o tranquilo no Las Olas Boulevard ou \u00e0 beira-mar e encontros noturnos em pubs ou galerias ao ar livre. \u00c9 um lugar onde grande parte da vida social acontece ao ar livre: caf\u00e9s nas cal\u00e7adas, festivais mar\u00edtimos, campos de golfe e feiras de arte. Bairros como Coral Ridge e Victoria Park s\u00e3o acolhedores e amig\u00e1veis, com um estilo &#034;casual da Fl\u00f3rida&#034;. As pessoas geralmente s\u00e3o acess\u00edveis \u2013 instrutores de surfe e ioga se misturam com executivos na cidade para conven\u00e7\u00f5es. Mesmo na temporada tur\u00edstica mais movimentada, as avenidas ladeadas por palmeiras e quil\u00f4metros de parques \u00e0 beira-mar da cidade promovem uma sensa\u00e7\u00e3o de espa\u00e7o e tranquilidade. Em suma, a atmosfera de Fort Lauderdale combina conforto cosmopolita com um ritmo mar\u00edtimo descontra\u00eddo; os visitantes costumam notar que sua personalidade de &#034;irm\u00e3 mais nova de Miami&#034; vem com menos agita\u00e7\u00e3o e mais sol na \u00e1gua.<\/p>\n<p>As atra\u00e7\u00f5es de Fort Lauderdale concentram-se em sol, mar e cultura. A principal delas \u00e9 a Praia de Fort Lauderdale, um trecho de 11 quil\u00f4metros de areia fina e clara, ladeado por um amplo cal\u00e7ad\u00e3o sombreado por palmeiras. Esta praia \u00e9 amplamente aclamada como &#034;uma das melhores praias da Fl\u00f3rida&#034;. \u00c1guas rasas e mornas, praias supervisionadas por salva-vidas e f\u00e1cil estacionamento a tornam ideal para fam\u00edlias. Adjacente \u00e0 praia fica a Las Olas Boulevard, uma art\u00e9ria gastron\u00f4mica e comercial com 1,6 quil\u00f4metro de extens\u00e3o que liga o centro da cidade ao oceano. Las Olas ostenta mais de 100 lojas, butiques e galerias de arte, al\u00e9m de dezenas de caf\u00e9s e bistr\u00f4s nas cal\u00e7adas. \u00c9 o cal\u00e7ad\u00e3o badalado da cidade, onde moradores e visitantes se misturam, especialmente \u00e0 noite e nos fins de semana.<\/p>\n<p>No interior, o Fort Lauderdale Riverwalk (tamb\u00e9m chamado de Distrito das Artes e Entretenimento) oferece uma mudan\u00e7a de ritmo. Esta trilha de 4 km \u00e0 beira do rio acompanha o New River, passando pelo centro da cidade e pelo distrito de museus. Ao longo do Riverwalk, voc\u00ea encontrar\u00e1 parques, obras de arte p\u00fablicas e restaurantes \u00e0 beira-mar. Ela passa por dez parques lineares onde \u00e9 poss\u00edvel observar iates, pedalinhos e, ocasionalmente, g\u00f4ndolas tur\u00edsticas (h\u00e1 at\u00e9 um t\u00e1xi aqu\u00e1tico gratuito). O Riverwalk conecta pontos tur\u00edsticos importantes, como o Broward Center for the Performing Arts e o interativo Museu da Descoberta e Ci\u00eancia. Para um vislumbre da natureza, o Bonnet House Museum &amp; Gardens \u00e9 uma parada obrigat\u00f3ria: uma propriedade da d\u00e9cada de 1920 aninhada em meio ao desenvolvimento da cidade. A centen\u00e1ria Bonnet House (uma casa-museu) abrange 14 hectares de jardins exuberantes, com uma casa hist\u00f3rica repleta de arte e antiguidades. Este o\u00e1sis bot\u00e2nico e arquitet\u00f4nico \u2013 com praias, manguezais e jardins coexistindo \u2013 oferece um gostinho da antiga Fl\u00f3rida. Outros destaques incluem a Stranahan House (a estrutura mais antiga de Fort Lauderdale, agora um museu de hist\u00f3ria local) e v\u00e1rias marinas que oferecem passeios de barco e acesso a canais panor\u00e2micos.<\/p>\n<p>Golfistas e viciados em compras consideram os diversos campos de golfe e shoppings da cidade (como o sofisticado Galleria Mall e o Sawgrass Mills) suas principais atra\u00e7\u00f5es. \u00c0 noite, a Las Olas Boulevard, repleta de iates, se ilumina com a m\u00fasica dos bares em coberturas, servindo como ponto de encontro para socializar. E para divers\u00e3o em fam\u00edlia, o Museu da Descoberta e Ci\u00eancia (com exposi\u00e7\u00f5es de dinossauros e um cinema IMAX) \u00e9 um eterno favorito. Imperd\u00edvel: a posi\u00e7\u00e3o de Fort Lauderdale como capital dos cruzeiros significa que o enorme Porto Everglades \u00e9 um lugar visitado por muitos \u2013 seja para embarcar em um cruzeiro pelo Caribe ou para assistir \u00e0 chegada e partida dos enormes transatl\u00e2nticos, uma experi\u00eancia por si s\u00f3.<\/p>\n<p>Fort Lauderdale \u00e9 muito acess\u00edvel. Seu principal aeroporto \u00e9 o Aeroporto Internacional de Fort Lauderdale-Hollywood (FLL), um movimentado centro de voos dom\u00e9sticos e internacionais. O FLL oferece servi\u00e7o direto para 140 destinos e recebe mais de 80.000 viajantes por dia. Um servi\u00e7o de transporte gratuito conecta os terminais do aeroporto \u00e0 esta\u00e7\u00e3o de trem suburbano Tri-Rail (em Dania Beach), que oferece servi\u00e7o regular de trem regional ao longo da costa do sul da Fl\u00f3rida. (A linha Tri-Rail conecta Miami e Palm Beach, com uma parada perto do aeroporto Hollywood-Ft. Lauderdale.) Como alternativa, muitos viajantes voam para o Aeroporto Internacional de Miami, a apenas 48 quil\u00f4metros ao sul, e fazem baldea\u00e7\u00e3o para Fort Lauderdale de carro ou \u00f4nibus. De carro, a Interstate 95 atravessa a cidade de norte a sul, e a Florida&#039;s Turnpike a conecta a Orlando e al\u00e9m.<\/p>\n<p>O centro de Fort Lauderdale e a \u00e1rea da praia s\u00e3o facilmente acess\u00edveis a p\u00e9, especialmente em torno de Las Olas e do Riverwalk. A cidade opera um \u00f4nibus local gratuito (o Sun Trolley) em diversas linhas circulares, o que \u00e9 \u00fatil em zonas tur\u00edsticas. \u00d4nibus regulares do Condado de Broward conectam a maioria dos bairros, e a Tri-Rail atende rotas de passageiros. T\u00e1xis e servi\u00e7os de transporte compartilhado s\u00e3o amplamente dispon\u00edveis. Muitos visitantes acham mais f\u00e1cil alugar um carro, j\u00e1 que atra\u00e7\u00f5es como Sawgrass Mills ou excurs\u00f5es aos Everglades ficam mais distantes. O tr\u00e2nsito pode ser intenso na alta temporada (dezembro a abril) e em feriados prolongados, portanto, \u00e9 aconselh\u00e1vel reservar um tempo extra de viagem.<\/p>\n<p>Fort Lauderdale usa o d\u00f3lar americano. O ingl\u00eas \u00e9 a l\u00edngua oficial, embora muitos moradores tamb\u00e9m falem espanhol ou crioulo. \u00c9 costume dar gorjetas de 15% a 20% em restaurantes e t\u00e1xis. Com seu foco em praia, roupas leves de ver\u00e3o, trajes de banho e prote\u00e7\u00e3o solar s\u00e3o essenciais. Por ser um destino caribenho, tome cuidado com os mosquitos ao amanhecer\/anoitecer. O c\u00f3digo de vestimenta \u00e9 casual (mesmo em restaurantes mais refinados, shorts e camisa polo costumam ser adequados para homens). Fort Lauderdale \u00e9 geralmente segura, mas as precau\u00e7\u00f5es de seguran\u00e7a habituais da cidade se aplicam \u2013 mantenha objetos de valor protegidos, seja vigilante em cal\u00e7adas movimentadas e evite \u00e1reas de praia desertas \u00e0 noite. No geral, o clima \u00e9 amig\u00e1vel e aberto, refletindo o car\u00e1ter da cidade voltado para o visitante.<a href=\"https:\/\/travelshelper.com\/pt\/destinos\/america-do-norte\/estados-unidos-da-america\/berkeley-springs\/\" target=\"_self\" aria-labelledby=\"uael-post-8997\"><br \/>\n<\/a><\/p>","protected":false},"excerpt":{"rendered":"<p>Fort Lauderdale \u00e9 uma cidade costeira vibrante no estado americano da Fl\u00f3rida, a aproximadamente 48 km ao norte de Miami, banhada pelo Oceano Atl\u00e2ntico. Conforme relatado no censo de 2020, Fort Lauderdale, sede do condado e cidade mais populosa do Condado de Broward, possui 182.260 habitantes. Com uma popula\u00e7\u00e3o metropolitana de 6.166.488 habitantes em 2019, Fort Lauderdale ocupa a terceira posi\u00e7\u00e3o entre as cidades mais populosas da regi\u00e3o metropolitana de Miami, atr\u00e1s apenas de Miami e Hialeah. Isso a torna a d\u00e9cima cidade mais populosa da Fl\u00f3rida.<\/p>","protected":false},"author":1,"featured_media":2720,"parent":8072,"menu_order":0,"comment_status":"closed","ping_status":"closed","template":"elementor_theme","meta":{"_eb_attr":"","footnotes":""},"class_list":["post-8723","page","type-page","status-publish","has-post-thumbnail"],"_links":{"self":[{"href":"https:\/\/travelshelper.com\/pt\/wp-json\/wp\/v2\/pages\/8723","targetHints":{"allow":["GET"]}}],"collection":[{"href":"https:\/\/travelshelper.com\/pt\/wp-json\/wp\/v2\/pages"}],"about":[{"href":"https:\/\/travelshelper.com\/pt\/wp-json\/wp\/v2\/types\/page"}],"author":[{"embeddable":true,"href":"https:\/\/travelshelper.com\/pt\/wp-json\/wp\/v2\/users\/1"}],"replies":[{"embeddable":true,"href":"https:\/\/travelshelper.com\/pt\/wp-json\/wp\/v2\/comments?post=8723"}],"version-history":[{"count":0,"href":"https:\/\/travelshelper.com\/pt\/wp-json\/wp\/v2\/pages\/8723\/revisions"}],"up":[{"embeddable":true,"href":"https:\/\/travelshelper.com\/pt\/wp-json\/wp\/v2\/pages\/8072"}],"wp:featuredmedia":[{"embeddable":true,"href":"https:\/\/travelshelper.com\/pt\/wp-json\/wp\/v2\/media\/2720"}],"wp:attachment":[{"href":"https:\/\/travelshelper.com\/pt\/wp-json\/wp\/v2\/media?parent=8723"}],"curies":[{"name":"wp","href":"https:\/\/api.w.org\/{rel}","templated":true}]}}