{"id":8428,"date":"2024-09-03T20:21:35","date_gmt":"2024-09-03T20:21:35","guid":{"rendered":"https:\/\/travelshelper.com\/staging\/?page_id=8428"},"modified":"2026-03-13T18:15:28","modified_gmt":"2026-03-13T18:15:28","slug":"squaw-valley","status":"publish","type":"page","link":"https:\/\/travelshelper.com\/pt\/destinations\/north-america\/united-states\/squaw-valley\/","title":{"rendered":"Squaw Valley"},"content":{"rendered":"<p>Olympic Valley \u2014 lar da esta\u00e7\u00e3o de esqui Palisades Tahoe \u2014 \u00e9 pequena para os padr\u00f5es da cidade. A popula\u00e7\u00e3o permanente \u00e9 inferior a 1.000 habitantes (cerca de 823 no censo de 2010). Os moradores permanentes s\u00e3o principalmente funcion\u00e1rios do resort e suas fam\u00edlias; a popula\u00e7\u00e3o aumenta no inverno e no ver\u00e3o com turistas e trabalhadores sazonais. Demograficamente, \u00e9 uma mistura rural da Calif\u00f3rnia, predominantemente branca e de classe m\u00e9dia. Os dados econ\u00f4micos n\u00e3o s\u00e3o monitorados como os de uma cidade, mas a economia local \u00e9 dominada pelo turismo. Palisades Tahoe (de propriedade da Alterra Mountain Company) \u00e9 o principal empregador e motor econ\u00f4mico. Em geral, a comunidade \u00e9 rica por necessidade, visto que a manuten\u00e7\u00e3o da infraestrutura do resort \u00e9 cara.<\/p>\n<p>Palisades Tahoe (anteriormente chamado de Squaw Valley) fica nas montanhas de Sierra Nevada, na Calif\u00f3rnia, no leste do Condado de Placer. Fica na costa norte do Lago Tahoe, a cerca de 45 minutos a sudoeste de Reno e a 3 horas de Sacramento. O resort fica em Olympic Valley (altitude de ~6.200 p\u00e9s), cercado por picos de granito: Granite Chief ao norte, a Cordilheira Palisades (incluindo KT-22 e Squaw Peak) a oeste e o pr\u00f3prio Monte Palisades de Olympic Valley, com 9.050 p\u00e9s, ao sul. Este \u00e9 um terreno alpino alto: os ver\u00f5es s\u00e3o amenos (60-70 \u00b0F) e secos, enquanto os invernos s\u00e3o muito nevados. O resort normalmente recebe v\u00e1rias centenas de cent\u00edmetros de neve por temporada nas encostas mais altas. Os riachos e florestas da montanha (pinheiros, cedros) d\u00e3o a ele uma apar\u00eancia cl\u00e1ssica da Serra. No inverno, todo o vale costuma estar coberto de neve; no ver\u00e3o, fica verde com prados e flores silvestres.<\/p>\n<p>O vale foi historicamente utilizado pelas tribos Washoe e Maidu, que chamavam a \u00e1rea de Washoe devido \u00e0s suas muitas nascentes. No s\u00e9culo XIX, garimpeiros eram atra\u00eddos pelo vale a caminho das minas de ouro. A hist\u00f3ria moderna come\u00e7a em meados do s\u00e9culo XX: em 1960, o Vale Ol\u00edmpico ganhou aten\u00e7\u00e3o mundial ao sediar os VIII Jogos Ol\u00edmpicos de Inverno. O Comit\u00ea Ol\u00edmpico dos EUA o escolheu apesar de sua localiza\u00e7\u00e3o remota, construindo todas as pistas de esqui, saltos e infraestrutura da vila em poucos anos. O evento colocou o Vale Squaw no mapa como um destino de esqui. (Hoje ainda \u00e9 poss\u00edvel ver as torres de salto de esqui ol\u00edmpico e as placas comemorativas dos jogos.)<\/p>\n<p>Durante d\u00e9cadas, o nome &#034;Squaw Valley&#034; foi usado para o resort. No entanto, a partir da d\u00e9cada de 2010, comunidades nativas locais e outras pessoas enfatizaram que &#034;squaw&#034; \u00e9 um termo ofensivo. Em resposta, o resort foi oficialmente renomeado para Palisades Tahoe em 2021 (e o local postal agora \u00e9 Olympic Valley). Isso representa uma reviravolta moderna na imagem do vale. \u00c0 parte as Olimp\u00edadas, a hist\u00f3ria do vale tem sido relativamente tranquila \u2013 permaneceu um local montanhoso acidentado at\u00e9 que as rodovias interestaduais o tornaram acess\u00edvel. Com o tempo, telef\u00e9ricos foram adicionados (notadamente o Aerial Tram em 1968 e uma g\u00f4ndola em 2018), transformando o vale em um resort aberto o ano todo.<\/p>\n<p>O clima do Vale Ol\u00edmpico \u00e9 o de uma comunidade de resort alpino. A popula\u00e7\u00e3o permanente \u00e9 pequena e, durante o inverno, a cultura gira em torno das pistas. Os esquiadores fazem fila para os primeiros telef\u00e9ricos logo cedo; o apr\u00e8s-ski nos bares e pousadas da vila \u00e9 animado com visitantes internacionais. No ver\u00e3o, os praticantes de trilhas e mountain bike tomam conta, e as lojas e caf\u00e9s da vila atendem a um fluxo constante de fam\u00edlias curtindo o sol e entusiastas de atividades ao ar livre. O idioma predominante \u00e9 o ingl\u00eas, com um n\u00famero surpreendente de sotaques estrangeiros (franc\u00eas, alem\u00e3o, japon\u00eas etc.) ouvidos durante a alta temporada \u2013 refletindo a clientela global do vale.<\/p>\n<p>Moradores e visitantes tendem a gostar de atividades ao ar livre. A vida aqui \u00e9 relativamente simples: roupas para atividades ao ar livre, cal\u00e7ados casuais, jaquetas de esqui no inverno ou fleece no ver\u00e3o. Com exce\u00e7\u00e3o do equipamento de esqui, h\u00e1 pouca moda formal. As conversas geralmente come\u00e7am com coment\u00e1rios sobre o clima ou as condi\u00e7\u00f5es da neve. As noites podem ser passadas em um pub ou ao redor de uma fogueira, compartilhando hist\u00f3rias sobre trilhas e telef\u00e9ricos. Nos fins de semana de feriados prolongados, voc\u00ea pode ver festas de rua na vila com m\u00fasica ao vivo, mas, fora isso, o entretenimento \u00e9 informal \u2013 filmes de esqui em um chal\u00e9 ou m\u00fasica ac\u00fastica ao vivo em um bar. A comunidade \u00e9 amig\u00e1vel, mas \u00e0s vezes reticente; os esquiadores se cumprimentam com um aceno no telef\u00e9rico, os ciclistas de montanha trocam dicas sobre a trilha. Em suma, parece uma cidade montanhosa de alta altitude, onde o ritmo de vida \u00e9 definido pelo nascer do sol nos picos e pela programa\u00e7\u00e3o da temporada de esqui.<\/p>\n<p>A pr\u00f3pria \u00c1rea de Esqui de Palisades Tahoe \u00e9 a atra\u00e7\u00e3o \u00f3bvia. Oferece esqui alpino e snowboard de n\u00edvel internacional em quase 1.435 hectares e 177 pistas, com uma queda vertical de 615 metros. Os aventureiros se aglomeram em terrenos desafiadores, como a \u00edngreme zona de Headwall ou as pistas arborizadas de Granite Chief. Mesmo no ver\u00e3o, a montanha \u00e9 uma atra\u00e7\u00e3o: o telef\u00e9rico ainda funciona (se o tempo permitir) at\u00e9 High Camp, onde se pode jantar com vistas panor\u00e2micas ou caminhar acima da linha das \u00e1rvores. A vila principal na base (The Village at Palisades) \u00e9 uma \u00e1rea de pedestres com lojas, restaurantes e eventos ocasionais. Os visitantes costumam pegar o telef\u00e9rico de alta velocidade que conecta Palisades e os resorts alpinos (o Base-to-Base Express gratuito) apenas pela novidade. Nas proximidades, pode-se explorar a Trilha do Monte Tallac (caminhada extenuante at\u00e9 o cume) ou o Parque Estadual Hist\u00f3rico Donner Memorial (24 quil\u00f4metros a leste) para aprender sobre a hist\u00f3ria da Corrida do Ouro. O pr\u00f3prio Lago Tahoe fica a uma curta dist\u00e2ncia de carro para passeios de barco e praias. No inverno, as atra\u00e7\u00f5es fora de pista incluem o est\u00e1dio ol\u00edmpico de salto de esqui (de silhueta espetacular) e trilhas de esqui cross-country. Embora o Vale Ol\u00edmpico tenha menos atra\u00e7\u00f5es culturais do que uma cidade, a combina\u00e7\u00e3o de hist\u00f3ria ol\u00edmpica, paisagens alpinas deslumbrantes e uma esta\u00e7\u00e3o de esqui de primeira linha o tornam um destino \u00fanico.<\/p>\n<p>Palisades Tahoe \u00e9 um pouco remota. O aeroporto principal mais pr\u00f3ximo \u00e9 o Aeroporto Internacional de Reno-Tahoe (RNO), em Nevada, a cerca de 45 a 60 minutos de dist\u00e2ncia pela I-80. O Aeroporto Internacional de Sacramento (SMF) fica a cerca de 2 horas e 15 minutos a sudoeste. S\u00e3o Francisco (cerca de 3 horas e 15 minutos a 4 horas) \u00e9 outra op\u00e7\u00e3o. Vindo do leste, a rota da US Highway 50 ao redor do Lago Tahoe (saindo de Placerville) ou a I-80 sobre Donner Summit (saindo de Reno\/Sacramento) s\u00e3o as principais estradas. Ambas as rotas nas montanhas podem ficar cobertas de neve no inverno (necess\u00e1rio usar correntes ou alugar um carro com pneus de neve).<\/p>\n<p>O carro \u00e9 mais conveniente. No resort, telef\u00e9ricos e um servi\u00e7o p\u00fablico de transporte em g\u00f4ndola levam os h\u00f3spedes at\u00e9 a montanha. H\u00e1 um telef\u00e9rico gratuito de base a base conectando Palisades e os resorts alpinos no inverno. T\u00e1xis e \u00f4nibus locais operam entre a vila, trilhas principais e algumas cidades pr\u00f3ximas (Tahoe City, Truckee). A dist\u00e2ncia a p\u00e9 \u00e9 limitada \u2013 a Vila em Palisades \u00e9 compacta o suficiente para ser percorrida a p\u00e9, mas as acomoda\u00e7\u00f5es s\u00e3o espalhadas, ent\u00e3o a maioria das pessoas dirige entre as acomoda\u00e7\u00f5es na base e as lojas\/elevadores. Carros alugados s\u00e3o comuns. A cidade de Tahoe City (24 km a leste na Hwy 28) oferece comodidades adicionais e conex\u00f5es de transporte p\u00fablico.<\/p>\n<p>A moeda \u00e9 USD, idioma: ingl\u00eas. Aplicam-se as regras de tr\u00e2nsito da Calif\u00f3rnia (dirija \u00e0 direita, cinto de seguran\u00e7a obrigat\u00f3rio). Visitantes no inverno devem se familiarizar com a seguran\u00e7a em caso de avalanche \u2013 ao se aventurar fora das trilhas sinalizadas, leve o equipamento de resgate adequado. Mesmo nas trilhas, fique atento \u00e0 neve e ao gelo escorregadios. Visitantes no ver\u00e3o devem estar atentos ao clima nas montanhas (tempestades \u00e0 tarde s\u00e3o comuns) e \u00e0 altitude (queimaduras solares acontecem rapidamente a mais de 2.400 metros). Os moradores locais s\u00e3o geralmente amig\u00e1veis, e um sorriso ou um cumprimento nas pistas \u00e9 normal. A gorjeta para instrutores de esqui, guias ou motoristas de transporte segue as normas dos EUA (~15\u201320%). Como sempre em ambientes selvagens, esteja atento \u00e0 vida selvagem e leve o lixo para fora.<\/p>\n<h2>Palisades Tahoe Ski Resort \u2013 Cart\u00e3o de informa\u00e7\u00f5es<\/h2>\n<table>\n<thead>\n<tr>\n<th>Categoria<\/th>\n<th>Detalhes<\/th>\n<\/tr>\n<\/thead>\n<tbody>\n<tr>\n<td scope=\"row\">Localiza\u00e7\u00e3o<\/td>\n<td>Vale Ol\u00edmpico, Calif\u00f3rnia, EUA<\/td>\n<\/tr>\n<tr>\n<td scope=\"row\">Altitude do resort<\/td>\n<td>Base: 6.200 p\u00e9s (1.890 m), Pico: 9.050 p\u00e9s (2.758 m)<\/td>\n<\/tr>\n<tr>\n<td scope=\"row\">Temporada de esqui<\/td>\n<td>Novembro a maio<\/td>\n<\/tr>\n<tr>\n<td scope=\"row\">Pre\u00e7os dos passes de esqui<\/td>\n<td>Varia<\/td>\n<\/tr>\n<tr>\n<td scope=\"row\">Hor\u00e1rios de funcionamento<\/td>\n<td>Diariamente das 9h00 \u00e0s 16h00<\/td>\n<\/tr>\n<tr>\n<td scope=\"row\">N\u00famero de pistas<\/td>\n<td>170+<\/td>\n<\/tr>\n<tr>\n<td scope=\"row\">Comprimento total da pista<\/td>\n<td>200 km (124 milhas)<\/td>\n<\/tr>\n<tr>\n<td scope=\"row\">Corrida mais longa<\/td>\n<td>Corrida na Montanha, 5,15 km<\/td>\n<\/tr>\n<tr>\n<td scope=\"row\">Declives f\u00e1ceis<\/td>\n<td>25%<\/td>\n<\/tr>\n<tr>\n<td scope=\"row\">Declives moderados<\/td>\n<td>45%<\/td>\n<\/tr>\n<tr>\n<td scope=\"row\">Pistas avan\u00e7adas<\/td>\n<td>30%<\/td>\n<\/tr>\n<tr>\n<td scope=\"row\">Dire\u00e7\u00f5es das encostas<\/td>\n<td>Norte, Sul, Leste, Oeste<\/td>\n<\/tr>\n<tr>\n<td scope=\"row\">Esqui noturno<\/td>\n<td>Dispon\u00edvel em datas selecionadas<\/td>\n<\/tr>\n<tr>\n<td scope=\"row\">Fabrica\u00e7\u00e3o de neve<\/td>\n<td>Sim, em 11 de 29 elevadores<\/td>\n<\/tr>\n<tr>\n<td scope=\"row\">Elevadores Totais<\/td>\n<td>29<\/td>\n<\/tr>\n<tr>\n<td scope=\"row\">Capacidade de subida<\/td>\n<td>53.500 pessoas por hora<\/td>\n<\/tr>\n<tr>\n<td scope=\"row\">Elevador mais alto<\/td>\n<td>9.050 p\u00e9s (2.758 m)<\/td>\n<\/tr>\n<tr>\n<td scope=\"row\">G\u00f4ndolas\/Telef\u00e9ricos<\/td>\n<td>1 funitel, 1 telef\u00e9rico<\/td>\n<\/tr>\n<tr>\n<td scope=\"row\">Telef\u00e9ricos<\/td>\n<td>23<\/td>\n<\/tr>\n<tr>\n<td scope=\"row\">Elevadores de arrasto<\/td>\n<td>3<\/td>\n<\/tr>\n<tr>\n<td scope=\"row\">Parques de neve<\/td>\n<td>5<\/td>\n<\/tr>\n<tr>\n<td scope=\"row\">Aluguel de esqui<\/td>\n<td>Dispon\u00edvel<\/td>\n<\/tr>\n<tr>\n<td scope=\"row\">Depois do esqui<\/td>\n<td>V\u00e1rias op\u00e7\u00f5es, incluindo bares, restaurantes e eventos<\/td>\n<\/tr>\n<\/tbody>\n<\/table>","protected":false},"excerpt":{"rendered":"<p>Situado no pitoresco Vale Ol\u00edmpico, a noroeste de Tahoe City, na Serra Nevada, Palisades Tahoe \u00e9 uma esta\u00e7\u00e3o de esqui mundialmente reconhecida no oeste dos Estados Unidos. Originalmente chamado de Squaw Valley, o resort estreou para uso p\u00fablico em 1949. Mas em 2021 mudou seu nome para Palisades Tahoe, demonstrando que levava a inclus\u00e3o e o respeito a s\u00e9rio \u2014 o termo &#034;squaw&#034; \u00e9 depreciativo. Realizados neste resort, os Jogos Ol\u00edmpicos de Inverno de 1960 elevaram seu perfil e lhe deram um significado hist\u00f3rico distinto.<\/p>","protected":false},"author":1,"featured_media":3943,"parent":8072,"menu_order":0,"comment_status":"closed","ping_status":"closed","template":"elementor_theme","meta":{"_eb_attr":"","footnotes":""},"class_list":["post-8428","page","type-page","status-publish","has-post-thumbnail"],"_links":{"self":[{"href":"https:\/\/travelshelper.com\/pt\/wp-json\/wp\/v2\/pages\/8428","targetHints":{"allow":["GET"]}}],"collection":[{"href":"https:\/\/travelshelper.com\/pt\/wp-json\/wp\/v2\/pages"}],"about":[{"href":"https:\/\/travelshelper.com\/pt\/wp-json\/wp\/v2\/types\/page"}],"author":[{"embeddable":true,"href":"https:\/\/travelshelper.com\/pt\/wp-json\/wp\/v2\/users\/1"}],"replies":[{"embeddable":true,"href":"https:\/\/travelshelper.com\/pt\/wp-json\/wp\/v2\/comments?post=8428"}],"version-history":[{"count":0,"href":"https:\/\/travelshelper.com\/pt\/wp-json\/wp\/v2\/pages\/8428\/revisions"}],"up":[{"embeddable":true,"href":"https:\/\/travelshelper.com\/pt\/wp-json\/wp\/v2\/pages\/8072"}],"wp:featuredmedia":[{"embeddable":true,"href":"https:\/\/travelshelper.com\/pt\/wp-json\/wp\/v2\/media\/3943"}],"wp:attachment":[{"href":"https:\/\/travelshelper.com\/pt\/wp-json\/wp\/v2\/media?parent=8428"}],"curies":[{"name":"wp","href":"https:\/\/api.w.org\/{rel}","templated":true}]}}