{"id":8395,"date":"2024-09-03T19:44:52","date_gmt":"2024-09-03T19:44:52","guid":{"rendered":"https:\/\/travelshelper.com\/staging\/?page_id=8395"},"modified":"2026-03-13T18:41:29","modified_gmt":"2026-03-13T18:41:29","slug":"santa-monica","status":"publish","type":"page","link":"https:\/\/travelshelper.com\/pt\/destinations\/north-america\/united-states\/santa-monica\/","title":{"rendered":"Santa Monica"},"content":{"rendered":"<p>Santa Monica \u00e9 uma cidade costeira no lado oeste do Condado de Los Angeles, onde a Ba\u00eda de Santa Monica encontra o Oceano Pac\u00edfico. Ela se estende por cerca de 5 quil\u00f4metros de praia arenosa e topos de penhascos planos. A paisagem inclui amplas trilhas pavimentadas \u00e0 beira-mar, ciclovias e parques com vista para o mar (o mais famoso \u00e9 o Parque Palisades, acima dos penhascos). O clima \u00e9 ameno o ano todo: ver\u00f5es quentes e secos e invernos amenos, muito parecido com o da vizinha Los Angeles, mas geralmente um pouco mais frio no ver\u00e3o devido ao oceano. A \u00e1rea tem neblina matinal (escurid\u00e3o de junho) que frequentemente se dissipa para c\u00e9u ensolarado \u00e0 tarde. As temperaturas t\u00edpicas variam entre 21\u00b0C no ver\u00e3o e 16\u00b0C no inverno, com praticamente nenhuma geada. O sol brilha cerca de 310 dias por ano, tornando Santa Monica essencialmente uma cidade praiana.<\/p>\n<p>A popula\u00e7\u00e3o da cidade de Santa Monica \u00e9 de cerca de 88.000 habitantes (estimativa de 2025). Nas \u00faltimas d\u00e9cadas, diminuiu ligeiramente em rela\u00e7\u00e3o ao pico de 2020, refletindo sua pequena \u00e1rea territorial e os altos custos de moradia. A idade m\u00e9dia est\u00e1 na faixa dos 40 anos e a renda familiar m\u00e9dia \u00e9 de aproximadamente US$ 110.000 (muito alta para os padr\u00f5es dos EUA). A popula\u00e7\u00e3o \u00e9 predominantemente branca (cerca de 67%), com asi\u00e1ticos (~10%) e percentuais menores de negros (5%) e hisp\u00e2nicos (cerca de 13% hisp\u00e2nicos de qualquer ra\u00e7a). A cidade possui uma for\u00e7a de trabalho significativa da classe criativa e tecnol\u00f3gica, como discutido abaixo.<\/p>\n<p>A estimativa de Santa Monica para 2025 \u00e9 de 87.900 habitantes. A densidade populacional da cidade \u00e9 alta (mais de 10.000 pessoas por milha quadrada). Demograficamente, 67% se identificam como brancos, 9,8% asi\u00e1ticos e 4,9% negros, com outros grupos \u00e9tnicos e aqueles que se identificam com duas ou mais ra\u00e7as compondo o restante. Os residentes hisp\u00e2nicos\/latinos representam cerca de 11% da popula\u00e7\u00e3o. Cerca de 42% das fam\u00edlias s\u00e3o formadas por casais.<\/p>\n<p>A economia local \u00e9 robusta e diversificada. Santa Monica se autodenomina parte da &#034;Silicon Beach&#034; devido \u00e0 concentra\u00e7\u00e3o de ind\u00fastrias de tecnologia e criativas. De fato, o setor criativo e tecnol\u00f3gico \u00e9 o que mais emprega: mais de 3.100 empresas em tecnologia da informa\u00e7\u00e3o, cinema, v\u00eddeo, design e publicidade (como Snap, Hulu, Lionsgate etc.) empregam cerca de 29.000 pessoas \u2013 aproximadamente um ter\u00e7o dos empregos da cidade. Outros setores significativos incluem sa\u00fade (10.000 empregos), educa\u00e7\u00e3o (Santa Monica College) e turismo\/hospitalidade (hospedagem, restaurantes). A ind\u00fastria do turismo est\u00e1 crescendo: cerca de 4,6 milh\u00f5es de visitantes visitaram Santa Monica em 2023, gerando aproximadamente US$ 940 milh\u00f5es em gastos locais, gra\u00e7as ao famoso p\u00eder e praia, al\u00e9m dos distritos comerciais da cidade. O varejo tamb\u00e9m \u00e9 not\u00e1vel: pequenas empresas registraram mais de US$ 3,2 bilh\u00f5es em vendas tribut\u00e1veis \u200b\u200bem 2023. Resumindo, a economia de Santa Monica mistura empregos locais em varejo e servi\u00e7os com um n\u00facleo criativo e tecnol\u00f3gico surpreendentemente grande (a maior concentra\u00e7\u00e3o mundial de empresas de m\u00eddia digital e entretenimento fica no lado oeste de Los Angeles).<\/p>\n<p>A cidade ostenta rendas elevadas: renda per capita de aproximadamente US$ 88.900 e renda familiar m\u00e9dia de aproximadamente US$ 109.700, embora sua taxa de pobreza (11,6%) indique desigualdade de renda. As receitas imobili\u00e1rias e tur\u00edsticas financiam as comodidades locais (por exemplo, os distritos de melhoria comercial realizam eventos de rua e manuten\u00e7\u00e3o no centro da cidade). Neg\u00f3cios sustent\u00e1veis \u200b\u200btamb\u00e9m s\u00e3o uma prioridade: Santa Monica promove constru\u00e7\u00f5es verdes, ciclovias e foi classificada entre as cidades &#034;mais sustent\u00e1veis&#034; por suas pol\u00edticas ambientais.<\/p>\n<p>Santa Monica fica no sul da Calif\u00f3rnia, imediatamente a oeste da cidade de Los Angeles (bairro de Venice) e 24 quil\u00f4metros ao norte do aeroporto de Los Angeles (LAX). Ela fica em penhascos planos acima da Ba\u00eda de Santa Monica. O parque Pacific Palisades e as Montanhas de Santa Monica ficam ao norte, enquanto Venice Beach faz fronteira ao sul. Sua orla de 5 quil\u00f4metros inclui a famosa Praia Estadual de Santa Monica (com redes de v\u00f4lei e areia larga). Em terra firme, a cidade \u00e9 predominantemente plana, com uma ligeira inclina\u00e7\u00e3o das Palisades at\u00e9 a \u00e1gua. O ic\u00f4nico P\u00eder de Santa Monica (constru\u00eddo em 1909) se projeta na ba\u00eda, apresentando um pequeno parque de divers\u00f5es, um aqu\u00e1rio e o hist\u00f3rico carrossel do p\u00eder \u2013 s\u00edmbolos da cidade. O principal centro comercial fica ao redor da Third Street e da Broadway, conhecido como o Third Street Promenade (um movimentado cal\u00e7ad\u00e3o) e os quarteir\u00f5es pr\u00f3ximos ao oceano (o &#034;Centro&#034;), todos agitados com lojas, artistas de rua e restaurantes.<\/p>\n<p>Em termos de clima, a localiza\u00e7\u00e3o de Santa Monica no litoral garante pouqu\u00edssima oscila\u00e7\u00e3o de temperatura. Como observa a se\u00e7\u00e3o de clima da Wikip\u00e9dia, Santa Monica desfruta de um clima mediterr\u00e2neo costeiro. A neblina costeira costuma ocorrer do final da primavera ao ver\u00e3o, mas a cidade geralmente fica limpa ao meio-dia. Mesmo nos dias quentes do interior, a brisa do oceano refresca a praia. A precipita\u00e7\u00e3o anual \u00e9 de cerca de 38 cm, principalmente no inverno. Os ver\u00f5es longos e secos e os invernos amenos permitem que caf\u00e9s ao ar livre e festivais de rua aconte\u00e7am o ano todo. A praia e os penhascos s\u00e3o cercados por parques (o Palisades Park se estende pelo topo do penhasco, o Tongva Park \u00e9 um parque mais novo com vista para o mar no centro da cidade), refor\u00e7ando a integra\u00e7\u00e3o entre cidade e mar.<\/p>\n<p>A hist\u00f3ria de Santa Monica reflete o arco mais amplo do sul da Calif\u00f3rnia. A \u00e1rea foi nomeada e reivindicada nas concess\u00f5es de terras mexicanas de 1839 (Rancho San Vicente y Santa M\u00f3nica). A cidade foi formalmente incorporada em 30 de novembro de 1886. Em seus primeiros anos, Santa Monica se desenvolveu como um resort \u00e0 beira-mar para Los Angeles \u2013 hot\u00e9is, casas de banho e p\u00ederes de lazer tornaram-se suas atra\u00e7\u00f5es. No in\u00edcio do s\u00e9culo XX, havia balsas e o &#034;Red Car&#034; (bonde) da Pacific Electric conectando-a a Los Angeles. De fato, os p\u00ederes de divers\u00e3o eram um grande sucesso \u2013 o P\u00eder de Santa Monica foi expandido e se tornou uma grande atra\u00e7\u00e3o na d\u00e9cada de 1920.<\/p>\n<p>Um cap\u00edtulo fundamental \u00e9 a Douglas Aircraft Company, que instalou uma grande f\u00e1brica de avi\u00f5es aqui na d\u00e9cada de 1920; Santa Monica tornou-se um centro de guerra com dezenas de milhares de pessoas empregadas na ind\u00fastria aeroespacial em 1940. Ap\u00f3s a Segunda Guerra Mundial, a f\u00e1brica Douglas\/McDonnell permaneceu significativa at\u00e9 a d\u00e9cada de 1970, criando empregos e o think tank RAND. O fechamento da f\u00e1brica da Douglas (1968-1970) foi um golpe, mas ajudou a pavimentar o caminho para a diversifica\u00e7\u00e3o econ\u00f4mica. A cidade resistiu \u00e0 expans\u00e3o das autoestradas (em 1975, a Santa Monica Freeway foi impedida de continuar para oeste, passando pelo Ocean Park), o que manteve o centro da cidade favor\u00e1vel aos pedestres. Ao longo de d\u00e9cadas, transformou-se em uma pequena cidade cosmopolita: o p\u00eder e a praia permaneceram \u00edcones, mas novos centros comerciais (Third Street) e pequenas empresas de tecnologia come\u00e7aram a defini-la. Eventos not\u00e1veis: o final da d\u00e9cada de 1980 viu conflitos entre desenvolvimento e preserva\u00e7\u00e3o (alguns bairros litor\u00e2neos lutaram contra novos arranha-c\u00e9us). Hoje, a mistura de edif\u00edcios hist\u00f3ricos de meados do s\u00e9culo e novas lojas da moda testemunha a mudan\u00e7a cont\u00ednua.<\/p>\n<p>Santa Monica \u00e9 conhecida por sua atmosfera saud\u00e1vel, progressista e criativa. A cidade \u00e9 residencial e comercial; h\u00e1 muito tempo atrai artistas, empreendedores e um p\u00fablico jovem e profissional, al\u00e9m de aposentados abastados. O ingl\u00eas \u00e9 universal, sendo o espanhol comumente falado entre os trabalhadores do setor de servi\u00e7os e em certos bairros. O estilo de vida prioriza a boa forma: voc\u00ea ver\u00e1 corredores e ciclistas na Ocean Avenue, est\u00fadios de ioga em quase todos os quarteir\u00f5es e feiras livres abertas em muitos dias da semana. A cultura praiana \u00e9 forte \u2013 torres de salva-vidas, jogos de v\u00f4lei e lojas de surfe casuais est\u00e3o por toda parte. A cidade \u00e9 notavelmente amig\u00e1vel para crian\u00e7as (parques infantis, escolas) e tamb\u00e9m para animais de estima\u00e7\u00e3o (praia para c\u00e3es soltos em determinados hor\u00e1rios).<\/p>\n<p>Politicamente e socialmente, Santa Monica \u00e9 bastante liberal; as pol\u00edticas municipais refletem isso. A cidade se orgulha do seu compromisso com o meio ambiente (reciclagem rigorosa, metas de energia renov\u00e1vel, proibi\u00e7\u00e3o de certos pl\u00e1sticos). Artes e tecnologia se misturam aqui: murais de rua e galerias coexistem com espa\u00e7os de coworking e incubadoras de startups. Eventos comunit\u00e1rios refor\u00e7am o car\u00e1ter local: h\u00e1 Concertos no Parque semanais, Noites de Cinema de Ver\u00e3o e celebra\u00e7\u00f5es sazonais (como a S\u00e9rie de Concertos Crepusculares no P\u00eder de Santa Monica). O governo municipal e a C\u00e2mara de Com\u00e9rcio frequentemente destacam o &#034;Compre Local&#034; e neg\u00f3cios sustent\u00e1veis, indicando um foco na \u00e9tica da comunidade.<\/p>\n<p>Em termos de simpatia, o clima em Santa Monica \u00e9 tipicamente acolhedor e descontra\u00eddo. Mesmo no centro da cidade, trajes formais s\u00e3o raros; roupas de praia ou trajes urbanos casuais s\u00e3o a norma. As pessoas tendem a sorrir e cumprimentar com um &#034;ol\u00e1&#034;, embora n\u00e3o t\u00e3o familiar a uma cidade rural quanto talvez o estilo de Santa B\u00e1rbara. H\u00e1 um toque de anonimato urbano (como em qualquer sub\u00farbio de Los Angeles), mas muitos conhecem seus vizinhos. O tr\u00e2nsito \u00e9 um lamento (os moradores locais sabem que n\u00e3o devem tentar subir a ladeira at\u00e9 o LAX na hora do rush), ent\u00e3o paci\u00eancia nas estradas \u00e9 uma regra t\u00e1cita.<\/p>\n<p>As atra\u00e7\u00f5es de Santa Monica s\u00e3o voltadas para o litoral. Claro, o P\u00eder de Santa Monica \u00e9 imperd\u00edvel. Seu carrossel na 2nd Street, roda-gigante e fliperamas remetem a uma atmosfera de divers\u00e3o \u00e0 moda antiga, e o cen\u00e1rio do p\u00eder \u00e9 instantaneamente reconhec\u00edvel (diferente de tudo em Los Angeles). Os brinquedos do Pacific Park, al\u00e9m de um pequeno aqu\u00e1rio e restaurantes, atraem fam\u00edlias e visitantes casuais. Ao lado fica o Palisades Park, um cintur\u00e3o verde no topo de um penhasco com vista para o oceano, ideal para passeios de bicicleta ou caminhadas ao p\u00f4r do sol. Aqui voc\u00ea tem uma das vistas mais ic\u00f4nicas de Los Angeles: o Pac\u00edfico infinito e o contorno de Malibu ao norte.<\/p>\n<p>O Third Street Promenade \u00e9 outra grande atra\u00e7\u00e3o: um bairro comercial exclusivo para pedestres, repleto de butiques, artistas de rua e caf\u00e9s ao ar livre. \u00c9 frequentemente citado como um dos melhores shoppings ao ar livre dos Estados Unidos. O shopping Santa Monica Place, nas proximidades (compras de luxo) e o 4th\/Colorado Arts District (o SMC Performing Arts Center) contribuem para seu apelo. A praia em si \u2013 Santa Monica State Beach \u2013 \u00e9 ampla e bem cuidada, com quadras de v\u00f4lei e ciclovias que se conectam \u00e0 Venice Beach (ao sul) e \u00e0 ciclovia da Marina del Rey (ao norte).<\/p>\n<p>Outros destaques incluem o Tongva Park &amp; \u200b\u200bGreenbelt (um parque mais novo, com v\u00e1rios n\u00edveis, jardins infantis e fontes no centro da cidade) e o Palisades Park (como mencionado). \u00c0 beira-mar, o hist\u00f3rico Angels Knight Pier (Casa de Praia de Caruso) e a Torre do Quartel-General dos Salva-vidas s\u00e3o estruturas not\u00e1veis. Esporte e lazer: Muscle Beach (a academia ao ar livre original da Calif\u00f3rnia) e o North Beach Playground s\u00e3o visitas divertidas. Al\u00e9m disso, o Museu de Arte de Santa Monica e a Bergamot Station (um complexo de arte com dezenas de galerias) atendem aos visitantes \u00e1vidos por cultura. Aqueles que desejam se sentir ancorados localmente podem passear pelo Farmers Market na Arizona Avenue (o ano todo, \u00e0s quartas e s\u00e1bados).<\/p>\n<p>Resumindo, a lista de coisas imperd\u00edveis \u00e9 definida pelo mar e pela divers\u00e3o ao ar livre: um passeio de bicicleta at\u00e9 o p\u00eder, um passeio ao p\u00f4r do sol, patina\u00e7\u00e3o na praia e uma refei\u00e7\u00e3o em um dos muitos restaurantes \u00e0 beira-mar. Santa Monica oferece uma experi\u00eancia cl\u00e1ssica de cidade praiana da Calif\u00f3rnia, atualizada para os tempos modernos com lojas da moda e estilo sustent\u00e1vel.<\/p>\n<p>Santa Monica n\u00e3o possui aeroporto comercial pr\u00f3prio; os visitantes geralmente chegam de avi\u00e3o ao Aeroporto Internacional de Los Angeles (LAX), a apenas 15 minutos de carro ao sul. Os aeroportos de Burbank (BUR) e Long Beach (LGB) tamb\u00e9m s\u00e3o acess\u00edveis de carro ou \u00f4nibus. De carro, a rodovia I-10 termina em Santa Monica (onde encontra a Ocean Avenue). Tamb\u00e9m \u00e9 conectada por ruas de superf\u00edcie a West LA e al\u00e9m. O trem Pacific Surfliner da Amtrak para na vizinha Esta\u00e7\u00e3o Downtown Santa Monica (na 4th Street), conectando-se ao corredor Los Angeles-San Diego.<\/p>\n<p>Santa Monica \u00e9 relativamente pequena. Muitos moradores e visitantes caminham ou andam de bicicleta, especialmente no centro da cidade e ao longo da praia. O transporte p\u00fablico inclui o Big Blue Bus (sistema de \u00f4nibus municipal de Santa Monica) e o trem leve da Linha E do Metr\u00f4 de Los Angeles (Linha Expo), que conecta o centro de Santa Monica (Esta\u00e7\u00e3o Downtown) ao centro de Los Angeles e al\u00e9m, a cada 8 minutos aproximadamente. T\u00e1xis e servi\u00e7os de transporte compartilhado s\u00e3o abundantes nas \u00e1reas centrais, mas podem ser escassos tarde da noite nos bairros perif\u00e9ricos. O estacionamento geralmente tem parqu\u00edmetro nas ruas e em garagens p\u00fablicas; fique atento aos hor\u00e1rios de limpeza das ruas. Como o tr\u00e2nsito pode congestionar as entradas das rodovias, muitos moradores usam bicicletas ou patinetes para trajetos curtos (programas de patinetes e bicicletas compartilhadas s\u00e3o populares).<\/p>\n<p>Aplicam-se as gorjetas habituais da Calif\u00f3rnia. A moeda \u00e9 o d\u00f3lar americano. O ingl\u00eas \u00e9 universal; o espanhol \u00e9 comum em muitos contextos de servi\u00e7o (muitas placas de lojas s\u00e3o bil\u00edngues). A gorjeta de 15 a 20% \u00e9 padr\u00e3o em restaurantes. Sand\u00e1lias e roupas de praia s\u00e3o aceit\u00e1veis \u200b\u200bem quase qualquer lugar durante o dia, embora trajes mais elegantes possam ser escolhidos para restaurantes ou bares sofisticados. Santa Monica \u00e9 geralmente segura \u2013 a criminalidade \u00e9 muito menor do que no centro de Los Angeles. No entanto, tome cuidado com seus pertences em ruas e praias movimentadas. A cidade \u00e9 muito favor\u00e1vel a pedestres e ciclistas, mas sempre respeite a etiqueta local para bicicletas\/patinetes. Tamb\u00e9m \u00e9 bastante internacional e acolhedora; os visitantes devem se sentir confort\u00e1veis \u200b\u200bvestindo o que gostam. Uma observa\u00e7\u00e3o pr\u00e1tica: devido \u00e0 pol\u00edtica local, Santa Monica \u00e9 muito ecologicamente consciente \u2013 os visitantes encontrar\u00e3o esta\u00e7\u00f5es de abastecimento de \u00e1gua (fontes) em vez de garrafas pl\u00e1sticas em muitos parques, e os restaurantes frequentemente incentivam o uso de sacolas reutiliz\u00e1veis.<a href=\"https:\/\/travelshelper.com\/pt\/destinos\/america-do-norte\/estados-unidos-da-america\/berkeley-springs\/\" target=\"_self\" aria-labelledby=\"uael-post-8997\"><br \/>\n<\/a><\/p>","protected":false},"excerpt":{"rendered":"<p>Santa Monica, situada ao longo da pitoresca Ba\u00eda de Santa Monica, na costa sul da Calif\u00f3rnia, \u00e9 uma cidade animada no Condado de Los Angeles. Com uma popula\u00e7\u00e3o de 93.076 habitantes, segundo o Censo dos EUA de 2020, Santa Monica \u00e9 uma famosa cidade tur\u00edstica, elogiada por sua temperatura agrad\u00e1vel, praias de tirar o f\u00f4lego e hotelaria vibrante. Entre as grandes empresas que sustentam a economia diversificada da cidade \u2014 que atua como um importante centro de neg\u00f3cios e lazer \u2014 est\u00e3o Hulu, Universal Music Group, Lionsgate, Illumination e The Recording Academy.<\/p>","protected":false},"author":1,"featured_media":3396,"parent":8072,"menu_order":0,"comment_status":"closed","ping_status":"closed","template":"elementor_theme","meta":{"_eb_attr":"","footnotes":""},"class_list":["post-8395","page","type-page","status-publish","has-post-thumbnail"],"_links":{"self":[{"href":"https:\/\/travelshelper.com\/pt\/wp-json\/wp\/v2\/pages\/8395","targetHints":{"allow":["GET"]}}],"collection":[{"href":"https:\/\/travelshelper.com\/pt\/wp-json\/wp\/v2\/pages"}],"about":[{"href":"https:\/\/travelshelper.com\/pt\/wp-json\/wp\/v2\/types\/page"}],"author":[{"embeddable":true,"href":"https:\/\/travelshelper.com\/pt\/wp-json\/wp\/v2\/users\/1"}],"replies":[{"embeddable":true,"href":"https:\/\/travelshelper.com\/pt\/wp-json\/wp\/v2\/comments?post=8395"}],"version-history":[{"count":0,"href":"https:\/\/travelshelper.com\/pt\/wp-json\/wp\/v2\/pages\/8395\/revisions"}],"up":[{"embeddable":true,"href":"https:\/\/travelshelper.com\/pt\/wp-json\/wp\/v2\/pages\/8072"}],"wp:featuredmedia":[{"embeddable":true,"href":"https:\/\/travelshelper.com\/pt\/wp-json\/wp\/v2\/media\/3396"}],"wp:attachment":[{"href":"https:\/\/travelshelper.com\/pt\/wp-json\/wp\/v2\/media?parent=8395"}],"curies":[{"name":"wp","href":"https:\/\/api.w.org\/{rel}","templated":true}]}}