{"id":8389,"date":"2024-09-03T19:31:42","date_gmt":"2024-09-03T19:31:42","guid":{"rendered":"https:\/\/travelshelper.com\/staging\/?page_id=8389"},"modified":"2026-03-13T18:45:24","modified_gmt":"2026-03-13T18:45:24","slug":"santa-barbara","status":"publish","type":"page","link":"https:\/\/travelshelper.com\/pt\/destinations\/north-america\/united-states\/santa-barbara\/","title":{"rendered":"Santa B\u00e1rbara"},"content":{"rendered":"<p>Santa B\u00e1rbara fica a cerca de 160 quil\u00f4metros a noroeste de Los Angeles, aninhada entre o Oceano Pac\u00edfico e as Montanhas de Santa Ynez. A paisagem da cidade, em frente \u00e0 ba\u00eda, \u00e9 impressionante: um litoral curvo de praias arenosas cercado por colinas verdejantes. O clima \u00e9 notoriamente agrad\u00e1vel, frequentemente comparado ao Mediterr\u00e2neo (ali\u00e1s, \u00e9 apelidada de &#034;Riviera Americana&#034;). O clima \u00e9 mediterr\u00e2neo, com ver\u00f5es quentes e secos, e invernos frios e chuvosos. As temperaturas m\u00e9dias variam de 10\u00b0C no inverno a 21\u00b0C no ver\u00e3o (os ver\u00f5es podem chegar aos 27\u00b0C, mas as noites s\u00e3o mais frescas). O sol brilha mais de 270 dias por ano, e palmeiras prosperam ao lado de figueiras-de-bengala e telhados de telhas em estilo espanhol.<\/p>\n<p>Dentro dos limites da cidade de Santa B\u00e1rbara, h\u00e1 aproximadamente 88.000 habitantes (estimativa de 2023). A popula\u00e7\u00e3o da cidade tem se mantido est\u00e1vel ou em leve decl\u00ednio nos \u00faltimos anos. A idade m\u00e9dia \u00e9 de cerca de 39 anos, e a cidade \u00e9 um pouco mais velha do que a t\u00edpica Calif\u00f3rnia (muitos aposentados e fam\u00edlias). Economicamente, \u00e9 pr\u00f3spera: a renda familiar m\u00e9dia \u00e9 de cerca de US$ 101.000 e a taxa de pobreza \u00e9 de cerca de 13%. Cerca de 53% dos habitantes de Santa B\u00e1rbara s\u00e3o brancos n\u00e3o hisp\u00e2nicos e cerca de 37% se identificam como hisp\u00e2nicos ou latinos (principalmente de ascend\u00eancia mexicana). Comunidades asi\u00e1ticas e negras est\u00e3o presentes, mas em menor escala (cada uma com uma pequena porcentagem). O pre\u00e7o m\u00e9dio de uma casa \u00e9 notavelmente alto (mais de US$ 1,4 milh\u00e3o em 2023) devido ao espa\u00e7o limitado e \u00e0 atratividade costeira.<\/p>\n<p>De acordo com dados recentes, a popula\u00e7\u00e3o da cidade de Santa B\u00e1rbara \u00e9 de cerca de 88.000 habitantes. De 2022 a 2023, houve um ligeiro decl\u00ednio (-0,7%). A renda familiar m\u00e9dia (US$ 101.672) e a renda per capita (aproximadamente US$ 60.000) da cidade s\u00e3o altas para os padr\u00f5es nacionais, refletindo muitos empregos profissionais e acad\u00eamicos. Em termos \u00e9tnicos, cerca de 53% s\u00e3o brancos n\u00e3o hisp\u00e2nicos, cerca de 37% hisp\u00e2nicos (de qualquer ra\u00e7a), com asi\u00e1ticos (predominantemente filipinos e chineses) representando cerca de 3% a 4%.<\/p>\n<p>A economia de Santa B\u00e1rbara \u00e9 diversificada, mas de menor escala. A educa\u00e7\u00e3o (incluindo a vizinha Universidade da Calif\u00f3rnia em Santa B\u00e1rbara) \u00e9 um grande empregador: a UCSB sozinha responde por mais de 5% da economia do condado. Turismo e hospitalidade s\u00e3o importantes \u2013 a arquitetura espanhola hist\u00f3rica da cidade, as praias e a regi\u00e3o vin\u00edcola atraem visitantes o ano todo. A agricultura (morangos, abacates, lim\u00f5es, uvas) e a produ\u00e7\u00e3o de vinho s\u00e3o importantes no condado vizinho. Sa\u00fade (Cottage Hospital, Pacific Clinics) e servi\u00e7os profissionais tamb\u00e9m se destacam. O setor de tecnologia \u00e9 modesto, mas est\u00e1 crescendo (Santa B\u00e1rbara atraiu empresas de telecomunica\u00e7\u00f5es e software). No geral, Santa B\u00e1rbara n\u00e3o \u00e9 dominada por uma \u00fanica ind\u00fastria gigante; em vez disso, o governo local, a educa\u00e7\u00e3o, o turismo e as pequenas empresas sustentam sua economia.<\/p>\n<p>Santa B\u00e1rbara fica na Costa Central da Calif\u00f3rnia, a meio caminho entre Los Angeles e a \u00c1rea da Ba\u00eda de S\u00e3o Francisco (e n\u00e3o muito longe de San Luis Obispo). \u00c9 banhada pelo Oceano Pac\u00edfico ao sul e oeste, pelas Montanhas Santa Ynez ao norte e por colinas onduladas a leste. Essa geografia cria um clima de &#034;camada marinha&#034;: brisas frescas do oceano fluem pelas passagens das montanhas, proporcionando \u00e0 cidade temperaturas confort\u00e1veis \u200b\u200bmesmo no ver\u00e3o. O centro da cidade margeia a orla (Stearns Wharf) e a State Street, e a arquitetura apresenta o estilo neocolonial espanhol, telhados de terracota e cal\u00e7ad\u00f5es ladeados por palmeiras. Mais para o interior, vales levam \u00e0 regi\u00e3o vin\u00edcola de Santa Ynez e Solvang. No geral, a paisagem (chamada de &#034;Mediterr\u00e2nea&#034;) \u00e9 exuberante, com jardins e colinas amarelo-mostarda na primavera.<\/p>\n<p>A regi\u00e3o \u00e9 oficialmente temperada: tanto a NOAA quanto a US News classificam o clima de Santa B\u00e1rbara entre os melhores dos Estados Unidos. A precipita\u00e7\u00e3o m\u00e9dia anual \u00e9 de cerca de 50 cm, principalmente no inverno. A neblina costeira (a &#034;camada marinha&#034;) costuma refrescar as manh\u00e3s de ver\u00e3o, dissipando-se ao meio-dia. Os invernos s\u00e3o frios, mas raramente congelantes, enquanto os ver\u00f5es s\u00e3o quentes, mas sem temperaturas extremas. O clima da cidade foi classificado como o n\u00famero 1 nos EUA em 2023 pela US News &amp; World Report. Esse clima ameno (e o cen\u00e1rio c\u00eanico de oceano e montanhas) contribuem fortemente para a reputa\u00e7\u00e3o de Santa B\u00e1rbara como um lugar id\u00edlico e relaxante.<\/p>\n<p>Santa B\u00e1rbara tem ra\u00edzes profundas. O povo ind\u00edgena Chumash viveu aqui por milhares de anos antes da chegada dos europeus. O explorador espanhol Juan Rodr\u00edguez Cabrillo a visitou em 1542, e o nome da cidade homenageia o nome de sua santa (Santa B\u00e1rbara). O povoamento moderno come\u00e7ou com a Miss\u00e3o Espanhola de Santa B\u00e1rbara (conhecida como a &#034;Rainha das Miss\u00f5es&#034; por sua grandiosidade), fundada em 1786 pelos franciscanos. Um pequeno pueblo cresceu ao redor da miss\u00e3o, juntamente com o Pres\u00eddio de Santa B\u00e1rbara (forte militar).<\/p>\n<p>Um terremoto catastr\u00f3fico seguido de tsunami em 1812 (de magnitude 7,1) arrasou a jovem cidade e a miss\u00e3o ao n\u00edvel do mar. A miss\u00e3o foi reconstru\u00edda e hoje \u00e9 a mais bem preservada de todas as miss\u00f5es da Calif\u00f3rnia (ainda uma igreja ativa). Ap\u00f3s a independ\u00eancia do M\u00e9xico (1821), Santa B\u00e1rbara tornou-se um territ\u00f3rio mexicano de concess\u00e3o de terras (ranchos). Quando a Calif\u00f3rnia se tornou parte dos Estados Unidos (ap\u00f3s o Tratado de Guadalupe Hidalgo de 1848), Santa B\u00e1rbara se americanizou lentamente. Um cais foi constru\u00eddo em 1872 (Stearns Wharf) para melhorar o acesso \u00e0 navega\u00e7\u00e3o, e ferrovias chegaram \u00e0 cidade na d\u00e9cada de 1880, abrindo-a para mais colonos e turistas. No final do s\u00e9culo XIX, j\u00e1 era promovida como um resort \u00e0 beira-mar (os escritos de Charles Nordhoff exaltavam seu clima).<\/p>\n<p>O s\u00e9culo XX foi marcado por prosperidade e desastre. A descoberta de petr\u00f3leo em alto-mar na d\u00e9cada de 1890 deu in\u00edcio \u00e0 era petrol\u00edfera na Calif\u00f3rnia (a primeira perfura\u00e7\u00e3o em alto-mar do mundo ocorreu aqui). Em 1925, um terremoto de magnitude 6,3 (com epicentro abaixo da cidade) destruiu novamente grande parte do centro da cidade, matando 13 pessoas. A cidade foi reconstru\u00edda em um estilo arquitet\u00f4nico coeso, estilo hispano-mourisco, que confere ao centro atual sua apar\u00eancia distinta de telhados vermelhos e estuque branco. O crescimento do p\u00f3s-guerra trouxe novos bairros, ind\u00fastrias (como empresas aeroespaciais) e o turismo moderno. Hoje, a hist\u00f3ria de Santa B\u00e1rbara \u00e9 evidente em seus marcos: a Miss\u00e3o, a antiga torre do tribunal, o Stearns Wharf e conjuntos de casas vitorianas.<\/p>\n<p>O car\u00e1ter de Santa B\u00e1rbara \u00e9 elegante, por\u00e9m despretensioso, refletindo tanto a descontra\u00e7\u00e3o do sul da Calif\u00f3rnia quanto um toque europeu. Ingl\u00eas e espanhol s\u00e3o falados com frequ\u00eancia \u2013 com mais de um ter\u00e7o dos moradores de ascend\u00eancia hisp\u00e2nica. A cidade celebra fortemente sua heran\u00e7a espanhola e mexicana: os nomes das ruas s\u00e3o espanh\u00f3is (a State Street era originalmente Calle Principal) e as tradi\u00e7\u00f5es locais incluem a Fiesta dos Dias Espanh\u00f3is Antigos, realizada todo m\u00eas de agosto \u2013 um desfile de v\u00e1rios dias e festival de rua com dan\u00e7as, m\u00fasica e pompa. Este evento (e muitos outros, como os Desfiles do Solst\u00edcio, os Festivais Gregos e as dan\u00e7as folcl\u00f3ricas Ra\u00edces) ressalta a import\u00e2ncia da heran\u00e7a bicultural (latina). Ao mesmo tempo, Santa B\u00e1rbara tem uma atmosfera art\u00edstica e sofisticada: o bairro Funk Zone abriga galerias de arte e salas de degusta\u00e7\u00e3o de vinhos, e h\u00e1 uma forte valoriza\u00e7\u00e3o da \u00f3pera, do teatro e das artes visuais.<\/p>\n<p>Os moradores locais costumam descrever a vida aqui como &#034;sofistica\u00e7\u00e3o descontra\u00edda&#034;. O ritmo \u00e9 lento para os padr\u00f5es de uma cidade grande: as pessoas passeiam pela State Street de chinelos, jantam ao ar livre ou passam a tarde na praia. Atividades ao ar livre fazem parte do cotidiano \u2013 surfe, caminhadas, ciclismo. A cultura fitness e de bem-estar \u00e9 forte (muitos est\u00fadios de ioga e mercados org\u00e2nicos). Ao mesmo tempo, h\u00e1 riqueza: alguns bairros (Montecito, Hope Ranch) s\u00e3o muito ricos, e os visitantes notam butiques de grife e resorts de luxo. Mas a atitude permanece amig\u00e1vel e voltada para a comunidade: as intera\u00e7\u00f5es s\u00e3o corteses e \u00e9 comum puxar conversa em um caf\u00e9. H\u00e1 uma sensa\u00e7\u00e3o de cidade pequena dentro de uma cidade \u2013 voc\u00ea pode ver autoridades locais eleitas na feira de produtores. Em suma, Santa B\u00e1rbara combina o charme da &#034;Riviera Americana&#034; (avenidas ladeadas por palmeiras, caf\u00e9s em pra\u00e7as mediterr\u00e2neas) com uma consci\u00eancia moderna e progressista (iniciativas de neg\u00f3cios sustent\u00e1veis, infraestrutura para ciclismo, preserva\u00e7\u00e3o de espa\u00e7os abertos).<\/p>\n<p>Grandes eventos d\u00e3o um toque especial a Santa B\u00e1rbara: al\u00e9m da Festa dos Velhos Dias Espanh\u00f3is, h\u00e1 a Parada do Solst\u00edcio de Ver\u00e3o (que celebra as artes locais com carros aleg\u00f3ricos elaborados), o Festival Internacional de Cinema de Santa B\u00e1rbara (que atrai estrelas de Hollywood todo inverno) e os Concertos de Ver\u00e3o no Bowl (concertos no anfiteatro da montanha sob as estrelas). A Universidade da Calif\u00f3rnia, em Santa B\u00e1rbara, tamb\u00e9m oferece uma grande cena estudantil e cultural nas proximidades (concertos, exposi\u00e7\u00f5es de arte). Ao longo do ano, restaurantes nas cal\u00e7adas, m\u00fasicos de rua e feiras de produtores rurais nos fins de semana contribuem para uma atmosfera mediterr\u00e2nea e acolhedora.<\/p>\n<p>As atra\u00e7\u00f5es de Santa B\u00e1rbara destacam sua hist\u00f3ria, beleza natural e estilo de vida descontra\u00eddo. No centro fica a State Street, uma ampla avenida ladeada por palmeiras e flores, com lojas, restaurantes e as charmosas vielas da Funk Zone, com butiques e espa\u00e7os de arte. Ao longo da orla, o Stearns Wharf (constru\u00eddo em 1872) \u00e9 o antigo p\u00eder de madeira com barracas de frutos do mar, um aqu\u00e1rio e vistas panor\u00e2micas da ba\u00eda. O Tribunal do Condado de Santa B\u00e1rbara \u00e9 frequentemente citado como parada obrigat\u00f3ria: este &#034;magn\u00edfico pal\u00e1cio hispano-mourisco&#034; constru\u00eddo em 1929 possui azulejos ornamentados, jardins e uma torre do rel\u00f3gio que voc\u00ea pode escalar. Seus murais e jardins retratam a hist\u00f3ria da cidade e, em dias claros, o mirante oferece vistas para o oceano.<\/p>\n<p>Um pouco ao norte do centro da cidade fica a Old Mission Santa Barbara (a &#034;Rainha das Miss\u00f5es&#034;, fundada em 1786). A miss\u00e3o e seus jardins de rosas atraem turistas e apaixonados por hist\u00f3ria. Perto dela, o Jardim Bot\u00e2nico (com plantas nativas) e o Jardim de Rosas da Miss\u00e3o s\u00e3o paradas tranquilas. No litoral, ficam East Beach e West Beach, amplos parques de areia populares para v\u00f4lei e piqueniques, e o porto (que tem marinas tranquilas e restaurantes de frutos do mar). A uma curta dist\u00e2ncia de carro, subindo a costa, fica o Zool\u00f3gico de Santa B\u00e1rbara, em um penhasco com vista para o mar (\u00e9 um zool\u00f3gico pequeno, mas muito recomendado para fam\u00edlias). Para atividades ao ar livre, o Museu de Arte de Santa B\u00e1rbara e o SOFO (ao sul de Figueroa) oferecem espa\u00e7os culturais, e trilhas para caminhadas nas colinas pr\u00f3ximas (por exemplo, ponto de inspira\u00e7\u00e3o) revelam vistas da cidade e do mar.<\/p>\n<p>Aventurando-se fora da cidade: O Parque Nacional das Ilhas do Canal \u00e9 frequentemente acessado de barco a partir de Santa B\u00e1rbara (caiaque e passeios de vida selvagem para as ilhas de Anacapa ou Santa Cruz). A regi\u00e3o vin\u00edcola (Vale de Santa Ynez) fica a uma curta dist\u00e2ncia de carro para o interior e atrai visitantes por suas salas de degusta\u00e7\u00e3o e campos de girass\u00f3is. No geral, as experi\u00eancias imperd\u00edveis s\u00e3o a combina\u00e7\u00e3o de passear pelas ruas de arquitetura espanhola, relaxar em praias quentes e degustar vinhos e comidas locais. Aqueles que chegam com a expectativa do charme cl\u00e1ssico da Calif\u00f3rnia encontrar\u00e3o muito o que se encantar aqui.<\/p>\n<p>O pequeno Aeroporto SBA de Santa B\u00e1rbara opera voos principalmente para os hubs LAX\/SFO\/SLC. Muitas pessoas voam para Los Angeles (LAX) ou Santa Maria (SMX) e dirigem pela US 101 ou pela pitoresca Highway 1 at\u00e9 Santa B\u00e1rbara (cerca de 1,5 a 2 horas do LAX). O trem Pacific Surfliner Amtrak oferece um servi\u00e7o ferrovi\u00e1rio conveniente ao longo da costa, de San Diego, passando por Los Angeles e seguindo para Santa B\u00e1rbara e San Luis Obispo, com uma esta\u00e7\u00e3o no centro de Santa B\u00e1rbara.<\/p>\n<p>A cidade \u00e9 bastante compacta; o centro e a State Street s\u00e3o facilmente acess\u00edveis a p\u00e9. No entanto, as principais atra\u00e7\u00f5es est\u00e3o espalhadas. O transporte p\u00fablico (\u00f4nibus SBMTD) atende \u00e0 maioria das rotas da cidade (transfer\u00eancias gratuitas para as linhas de trem da costa sul, por exemplo). Muitos visitantes alugam um carro para chegar \u00e0s praias e bairros fora do centro (o estacionamento nas \u00e1reas de praia geralmente \u00e9 gratuito). O ciclismo \u00e9 popular em \u00e1reas planas perto da orla. Para chegar a lugares como Mission ou o porto, \u00e9 mais f\u00e1cil ir de carro ou de \u00f4nibus local. N\u00e3o h\u00e1 sistema de transporte r\u00e1pido; t\u00e1xis e aplicativos de transporte compartilhado operam, mas s\u00e3o menos comuns do que em Los Angeles.<\/p>\n<p>A moeda \u00e9 o d\u00f3lar americano; o ingl\u00eas \u00e9 falado em todos os lugares, embora voc\u00ea tamb\u00e9m ou\u00e7a espanhol com frequ\u00eancia (muitos estabelecimentos afixam card\u00e1pios e placas bil\u00edngues). A gorjeta (15% ou mais) \u00e9 padr\u00e3o em restaurantes e caf\u00e9s. Santa B\u00e1rbara \u00e9 considerada muito segura \u2013 crimes violentos s\u00e3o raros em \u00e1reas tur\u00edsticas \u2013 mas precau\u00e7\u00f5es normais se aplicam (tranque o carro, fique de olho nos pertences na praia). O clima da cidade \u00e9 casual e elegante: jeans ou shorts e uma blusa bonita s\u00e3o trajes perfeitos para a maioria dos ambientes. Protetor solar e chap\u00e9u s\u00e3o recomendados o ano todo (os raios UV podem ser fortes). Se estiver dirigindo, preste aten\u00e7\u00e3o \u00e0s ciclovias e aos pedestres. Os moradores locais s\u00e3o corteses e prestativos; \u00e9 comum cumprimentar estranhos com um amig\u00e1vel &#034;ol\u00e1&#034; ou um sorriso. No geral, a cidade \u00e9 muito acolhedora para os visitantes e a sinaliza\u00e7\u00e3o ao redor \u00e9 boa (o Centro de Visitantes no centro, perto do p\u00eder, \u00e9 um recurso \u00fatil).<a href=\"https:\/\/travelshelper.com\/pt\/destinos\/america-do-norte\/estados-unidos-da-america\/berkeley-springs\/\" target=\"_self\" aria-labelledby=\"uael-post-8997\"><br \/>\n<\/a><\/p>","protected":false},"excerpt":{"rendered":"<p>Santa B\u00e1rbara \u00e9 uma encantadora cidade costeira, sede do Condado de Santa B\u00e1rbara, na Calif\u00f3rnia. Al\u00e9m do Alasca, esta \u00e9 a maior extens\u00e3o de terra na Costa Oeste dos Estados Unidos, aninhada em uma \u00e1rea singular voltada para o sul. Elevando-se abruptamente ao norte, as Montanhas Santa Ynez e o Oceano Pac\u00edfico, que corre para o sul, criam um cen\u00e1rio natural incr\u00edvel que rendeu \u00e0 cidade o apelido de &#034;Riviera Americana&#034; por seu clima mediterr\u00e2neo.<\/p>","protected":false},"author":1,"featured_media":3858,"parent":8072,"menu_order":0,"comment_status":"closed","ping_status":"closed","template":"elementor_theme","meta":{"_eb_attr":"","footnotes":""},"class_list":["post-8389","page","type-page","status-publish","has-post-thumbnail"],"_links":{"self":[{"href":"https:\/\/travelshelper.com\/pt\/wp-json\/wp\/v2\/pages\/8389","targetHints":{"allow":["GET"]}}],"collection":[{"href":"https:\/\/travelshelper.com\/pt\/wp-json\/wp\/v2\/pages"}],"about":[{"href":"https:\/\/travelshelper.com\/pt\/wp-json\/wp\/v2\/types\/page"}],"author":[{"embeddable":true,"href":"https:\/\/travelshelper.com\/pt\/wp-json\/wp\/v2\/users\/1"}],"replies":[{"embeddable":true,"href":"https:\/\/travelshelper.com\/pt\/wp-json\/wp\/v2\/comments?post=8389"}],"version-history":[{"count":0,"href":"https:\/\/travelshelper.com\/pt\/wp-json\/wp\/v2\/pages\/8389\/revisions"}],"up":[{"embeddable":true,"href":"https:\/\/travelshelper.com\/pt\/wp-json\/wp\/v2\/pages\/8072"}],"wp:featuredmedia":[{"embeddable":true,"href":"https:\/\/travelshelper.com\/pt\/wp-json\/wp\/v2\/media\/3858"}],"wp:attachment":[{"href":"https:\/\/travelshelper.com\/pt\/wp-json\/wp\/v2\/media?parent=8389"}],"curies":[{"name":"wp","href":"https:\/\/api.w.org\/{rel}","templated":true}]}}