{"id":8365,"date":"2024-09-03T18:18:47","date_gmt":"2024-09-03T18:18:47","guid":{"rendered":"https:\/\/travelshelper.com\/staging\/?page_id=8365"},"modified":"2026-03-13T18:51:01","modified_gmt":"2026-03-13T18:51:01","slug":"san-antonio","status":"publish","type":"page","link":"https:\/\/travelshelper.com\/pt\/destinations\/north-america\/united-states\/san-antonio\/","title":{"rendered":"San Antonio"},"content":{"rendered":"<p>San Antonio, Texas, estende-se pelo centro-sul do Texas, onde pradarias ondulantes encontram a vegeta\u00e7\u00e3o rasteira do sul do Texas. A paisagem urbana \u00e9 dominada por seus fortes e miss\u00f5es hist\u00f3ricas, e notavelmente pela moderna Torre das Am\u00e9ricas, que perfura o horizonte. Seu cora\u00e7\u00e3o \u00e9 dividido ao meio pelo exuberante San Antonio River Walk, um canal submerso ladeado por pedras, ladeado por p\u00e1tios, restaurantes e lojas (o clima aqui \u00e9 subtropical \u00famido, quente no ver\u00e3o e ameno no inverno). A atmosfera de San Antonio \u00e9 distinta: uma fus\u00e3o da profunda heran\u00e7a hispano-mexicana com o dinamismo contempor\u00e2neo do Texas. A arquitetura predominante \u2013 da fachada de pedra esculpida do \u00c1lamo \u00e0s casas de estuque em tons pastel \u2013 reflete uma hist\u00f3ria que se estende da Espanha do s\u00e9culo XVIII a um presente vibrante e multicultural.<\/p>\n<p>San Antonio \u00e9 uma das maiores cidades dos EUA. Sua popula\u00e7\u00e3o em 2020 era de 1.434.625 habitantes (mais de 1,6 milh\u00e3o na regi\u00e3o metropolitana). Em 2023, aproximava-se de 1,46 milh\u00e3o, continuando a crescer de forma constante. A popula\u00e7\u00e3o de San Antonio \u00e9 notoriamente majoritariamente hisp\u00e2nica: cerca de 64% dos moradores s\u00e3o hisp\u00e2nicos ou latinos, a maioria de ascend\u00eancia mexicana, e cerca de 23% s\u00e3o brancos n\u00e3o hisp\u00e2nicos. H\u00e1 tamb\u00e9m uma comunidade afro-americana significativa (cerca de 6%). A renda mediana da cidade \u00e9 inferior \u00e0 m\u00e9dia nacional, refletindo sua grande base de classe trabalhadora, embora a economia esteja aquecida.<\/p>\n<p>Economicamente, San Antonio \u00e9 diversificada. Historicamente um posto militar avan\u00e7ado (com v\u00e1rias bases consolidadas na Base Conjunta de San Antonio), ainda possui uma das maiores presen\u00e7as militares do pa\u00eds. Outros setores importantes incluem sa\u00fade (o South Texas Medical Center \u00e9 enorme), turismo (Fort Sam Houston e Alamo atraem milh\u00f5es), servi\u00e7os financeiros (sede da USAA para seguros militares) e refino de petr\u00f3leo (a Valero Energy est\u00e1 sediada aqui). Em 2018, o PIB da cidade foi de cerca de US$ 121 bilh\u00f5es, com foco em servi\u00e7os militares, de sa\u00fade, governamentais e empresariais. A cidade tamb\u00e9m atrai conven\u00e7\u00f5es no Centro de Conven\u00e7\u00f5es Henry B. Gonz\u00e1lez. Em 2017, o turismo gerou mais de 130.000 empregos e injetou US$ 13,6 bilh\u00f5es na economia local. San Antonio abriga duas empresas da Fortune 500 \u2013 Valero Energy (petr\u00f3leo) e USAA (seguros) \u2013 e in\u00fameras sedes regionais.<\/p>\n<p>San Antonio fica no sul do Texas, a cerca de 120 quil\u00f4metros do Golfo do M\u00e9xico para o interior. Situa-se a uma altitude de cerca de 208 metros na Escarpa Balcones, onde plan\u00edcies onduladas fazem a transi\u00e7\u00e3o para as colinas costeiras. O clima \u00e9 subtropical \u00famido: os ver\u00f5es s\u00e3o muito quentes e \u00famidos (frequentemente acima de 38\u00b0C), enquanto os invernos s\u00e3o amenos e curtos. San Antonio fica nas plan\u00edcies do sul do Texas, ent\u00e3o o terreno ao redor \u00e9 geralmente plano a suavemente ondulado, com \u00e1rvores esparsas e vegeta\u00e7\u00e3o rasteira. As cinco miss\u00f5es coloniais espanholas da cidade (incluindo o \u00c1lamo) ficam ao longo do Rio San Antonio e s\u00e3o Patrim\u00f4nio Mundial da UNESCO. (As margens do rio e as miss\u00f5es ajudam a suavizar a planura, criando bols\u00f5es de vegeta\u00e7\u00e3o na cidade.)<\/p>\n<p>A hist\u00f3ria de San Antonio come\u00e7a com a era colonial espanhola. Em 1718, o Padre Antonio de Olivares fundou a primeira miss\u00e3o, batizando o local de San Antonio de Valero (que mais tarde se tornou o \u00c1lamo). Naquele mesmo ano, a Espanha estabeleceu o Pres\u00eddio San Antonio de B\u00e9xar (um forte) nas proximidades, e os colonos formaram uma vila ao redor dele. Isso fez de San Antonio o primeiro assentamento civil registrado no que hoje \u00e9 o Texas. Ao longo do s\u00e9culo XVIII, mais miss\u00f5es foram constru\u00eddas ao longo do rio. Em 1821, o Texas conquistou a independ\u00eancia da Espanha como parte do M\u00e9xico, e San Antonio permaneceu um centro vital.<\/p>\n<p>Um momento crucial foi a Batalha do \u00c1lamo em 1836, durante a Revolu\u00e7\u00e3o do Texas: 180 defensores texanos foram sitiados pelo ex\u00e9rcito mexicano de Santa Anna e, embora derrotados com pesadas perdas texanas, o grito de guerra &#034;Lembrem-se do \u00c1lamo&#034; galvanizou a independ\u00eancia do Texas. (A miss\u00e3o do \u00c1lamo tornou-se um santu\u00e1rio da identidade texana.) No s\u00e9culo XIX e in\u00edcio do s\u00e9culo XX, San Antonio cresceu como um centro pecu\u00e1rio e agr\u00edcola, e mais tarde desenvolveu ind\u00fastrias como a Cervejaria Pearl e instala\u00e7\u00f5es militares. Ap\u00f3s a Segunda Guerra Mundial, a consolida\u00e7\u00e3o na Base Conjunta de San Antonio tornou a economia militar ainda mais central. Nas \u00faltimas d\u00e9cadas, a cidade tem visto r\u00e1pido crescimento e diversifica\u00e7\u00e3o, ao mesmo tempo em que abra\u00e7a sua heran\u00e7a multi\u00e9tnica por meio de festivais e institui\u00e7\u00f5es culturais.<\/p>\n<p>A cultura de San Antonio \u00e9 ricamente influenciada pela cultura hisp\u00e2nica e se orgulha de suas ra\u00edzes. Tradi\u00e7\u00f5es espanholas e mexicanas permeiam o cotidiano: a cidade \u00e9 repleta de cores, festas e comidas. O idioma predominante \u00e9 o ingl\u00eas, mas o espanhol \u00e9 amplamente falado (bairros, empresas e sinaliza\u00e7\u00e3o frequentemente s\u00e3o bil\u00edngues). O cotidiano tem um clima de festa: mariachis e m\u00fasica conjunto s\u00e3o comuns, e a culin\u00e1ria Tex-Mex (tacos, enchiladas, peito bovino) \u00e9 onipresente. Um dos maiores eventos da cidade \u00e9 a Fiesta San Antonio, uma celebra\u00e7\u00e3o cultural e hist\u00f3rica que acontece por toda a cidade a cada primavera (\u00e9 o evento mais emblem\u00e1tico da cidade). Muitos moradores usam chap\u00e9us de cowboy, apreciam churrascos em fam\u00edlia e assistem a rodeios e shows de m\u00fasica tejana.<\/p>\n<p>Em termos de estilo, os moradores de San Antonio s\u00e3o amig\u00e1veis \u200b\u200be descontra\u00eddos. H\u00e1 um forte senso de comunidade nos diversos bairros (Alamo Heights, Southtown, King William, etc.). Igrejas (cat\u00f3licas e protestantes) e centros comunit\u00e1rios s\u00e3o os pontos focais. Devido ao calor, a vida aqui costuma girar em torno de atividades noturnas ou espa\u00e7os com ar-condicionado; caf\u00e9s ao ar livre \u00e0 noite s\u00e3o populares. O pr\u00f3prio River Walk \u00e9 como um &#034;o\u00e1sis urbano&#034; onde as pessoas se re\u00fanem para jantar e passear. No geral, a cidade combina sua heran\u00e7a tejana com o vigor texano moderno. Como destaca uma nota cultural, San Antonio \u00e9 uma das 26 Cidades Criativas da UNESCO em Gastronomia (premiada em 2017) \u2013 um aceno \u00e0 sua proemin\u00eancia culin\u00e1ria.<\/p>\n<p><strong>Principais atra\u00e7\u00f5es:<\/strong><\/p>\n<ul>\n<li><strong>O \u00c1lamo (Miss\u00f5es de San Antonio)<\/strong> \u2013 A miss\u00e3o de San Antonio de Valero (\u201cO \u00c1lamo\u201d) \u00e9 o marco mais famoso do Texas. Preservada desde 1700, \u00e9 visitada por mais de 2 milh\u00f5es de pessoas por ano e \u00e9 a principal atra\u00e7\u00e3o tur\u00edstica. Nas proximidades, encontram-se outras quatro miss\u00f5es espanholas (Miss\u00e3o Concepci\u00f3n, San Jos\u00e9, San Juan e Espada) ao longo da Trilha Mission\u00e1ria; coletivamente, essas cinco miss\u00f5es (incluindo o \u00c1lamo) formam a <strong>Parque Hist\u00f3rico Nacional das Miss\u00f5es de San Antonio<\/strong>, Patrim\u00f4nio Mundial da UNESCO. Passeios a p\u00e9 aqui d\u00e3o vida \u00e0 hist\u00f3ria colonial.<\/li>\n<li><strong>Caminhada pelo Rio San Antonio<\/strong> \u2013 Um canal paisag\u00edstico com passarelas e pontes de pedra ao longo do Rio San Antonio, passando pelo centro da cidade. Repleta de caf\u00e9s, restaurantes, lojas e hot\u00e9is, oferece um contraste pitoresco com o calor do Texas. Um passeio de barco pelo River Walk \u00e9 uma experi\u00eancia tur\u00edstica popular. O River Walk \u00e9 frequentemente descrito como a alma da cidade, onde se pode facilmente passar uma tarde jantando e caminhando ao longo do tranquilo rio.<\/li>\n<li><strong>A Torre das Am\u00e9ricas<\/strong> \u2013 Uma torre de observa\u00e7\u00e3o de 238 metros constru\u00edda para a Feira Mundial de 1968, com vista panor\u00e2mica de San Antonio a partir de um mirante e um restaurante girat\u00f3rio no topo. Ela se destaca no Parque Hemisfair, no centro da cidade.<\/li>\n<li><strong>SeaWorld San Antonio e Six Flags Fiesta Texas<\/strong> \u2013 Parques de divers\u00e3o voltados para a fam\u00edlia. O SeaWorld (no oeste de San Antonio) oferece shows de mam\u00edferos marinhos e aqu\u00e1rios. O Six Flags Fiesta Texas (no noroeste) tem montanhas-russas e brinquedos de parque de divers\u00f5es. Ambos est\u00e3o entre as maiores atra\u00e7\u00f5es da regi\u00e3o para crian\u00e7as e aventureiros.<\/li>\n<li><strong>Pra\u00e7a do Mercado (O Mercado)<\/strong> \u2013 A hist\u00f3rica Pra\u00e7a do Mercado, no centro sul, \u00e9 o maior mercado mexicano dos Estados Unidos. Aberto diariamente, \u00e9 uma pra\u00e7a colorida com barracas de artesanato e restaurantes. Os vendedores vendem pi\u00f1atas, sombreros, doces mexicanos e artesanatos \u2013 refletindo a forte cultura hisp\u00e2nica de San Antonio.<\/li>\n<li><strong>Parque Hist\u00f3rico Nacional das Miss\u00f5es de San Antonio<\/strong> (veja \u00c1lamo acima) \u2013 Al\u00e9m da miss\u00e3o no centro da cidade, o parque inclui as Miss\u00f5es Concepci\u00f3n, San Jos\u00e9, San Juan e Espada. Estas est\u00e3o lindamente preservadas, especialmente a Miss\u00e3o Concepci\u00f3n (com afrescos originais). S\u00e3o mais tranquilas que o \u00c1lamo, mas igualmente significativas historicamente.<\/li>\n<li><strong>Outros destaques:<\/strong> O Zool\u00f3gico de San Antonio no Parque Brackenridge, o Museu Witte (ci\u00eancia, hist\u00f3ria, cultura) e o hist\u00f3rico Parque Brackenridge (lar dos Jardins de Ch\u00e1 Japoneses). O hist\u00f3rico Pal\u00e1cio do Governador Espanhol no centro da cidade \u00e9 um dos edif\u00edcios mais antigos do Texas. Tamb\u00e9m vale a pena mencionar o River Parade e os eventos FIESTA, caso sua visita coincida com essas \u00e9pocas do ano.<\/li>\n<\/ul>\n<p><strong>Vis\u00e3o pr\u00e1tica:<\/strong><\/p>\n<ul>\n<li><strong>Como chegar:<\/strong> O Aeroporto Internacional de San Antonio (SAT) atende a cidade, com voos de todos os EUA. Fica ao norte do centro da cidade (a cerca de 16 km de dist\u00e2ncia). As rodovias interestaduais I-35, I-10 e I-37 convergem em torno de San Antonio, tornando-a acess\u00edvel de carro de todas as dire\u00e7\u00f5es (Dallas\/Houston pela I-35, Austin pela I-35 Norte, etc.). \u00d4nibus Greyhound e a Amtrak (Sunset Limited) tamb\u00e9m atendem o centro da cidade. O centro da cidade fica a algumas horas de carro ao sul de Austin e a sudoeste de Houston.<\/li>\n<li><strong>Como se locomover:<\/strong> O sistema de transporte local de San Antonio \u00e9 operado pela VIA Metropolitan Transit (\u00f4nibus e um sistema de \u00f4nibus expresso mais recente). A cidade \u00e9 grande, ent\u00e3o a maioria dos visitantes recorre a carros ou aplicativos de transporte compartilhado. O centro da cidade e a regi\u00e3o do \u00c1lamo s\u00e3o compactos e acess\u00edveis a p\u00e9. T\u00e1xis, Uber\/Lyft e traslados de hot\u00e9is est\u00e3o prontamente dispon\u00edveis. (Observa\u00e7\u00e3o: San Antonio ainda n\u00e3o possui um sistema de trem suburbano ou VLT, embora esteja em planejamento.)<\/li>\n<li><strong>Dicas b\u00e1sicas:<\/strong> A moeda local \u00e9 o d\u00f3lar americano. O ingl\u00eas \u00e9 falado em todos os lugares, mas o espanhol tamb\u00e9m \u00e9 \u00fatil (placas e card\u00e1pios geralmente s\u00e3o bil\u00edngues). Etiqueta no Texas: assim como no sul, as pessoas s\u00e3o educadas e dizem &#034;senhora&#034; e &#034;senhor&#034;. Gorjetas (15% a 20%) s\u00e3o esperadas em restaurantes. Devido ao calor, mantenha-se hidratado e use protetor solar no ver\u00e3o. San Antonio \u00e9 geralmente segura em \u00e1reas tur\u00edsticas, mas, como sempre, tome cuidado com batedores de carteira em locais lotados. Muitos moradores e lojistas s\u00e3o amig\u00e1veis \u200b\u200b\u2013 uma breve sauda\u00e7\u00e3o em espanhol (&#034;Buenos d\u00edas&#034;) \u00e9 sempre apreciada.<a href=\"https:\/\/travelshelper.com\/pt\/destinos\/america-do-norte\/estados-unidos-da-america\/berkeley-springs\/\" target=\"_self\" aria-labelledby=\"uael-post-8997\"><br \/>\n<\/a><\/li>\n<\/ul>","protected":false},"excerpt":{"rendered":"<p>San Antonio, formalmente conhecida como Cidade de San Antonio, \u00e9 uma cidade din\u00e2mica e historicamente significativa situada no estado do Texas. Com uma popula\u00e7\u00e3o de 2,6 milh\u00f5es de habitantes, segundo o Censo dos EUA de 2020, a cidade mais populosa da Grande San Antonio \u00e9 a terceira maior \u00e1rea metropolitana do Texas e a 24\u00aa maior do pa\u00eds. Depois de Houston, \u00e9 a segunda cidade mais populosa do Texas; \u00e9 a sede do Condado de Bexar e ocupa a s\u00e9tima posi\u00e7\u00e3o entre todas as cidades dos Estados Unidos, a segunda no sul dos Estados Unidos.<\/p>","protected":false},"author":1,"featured_media":4038,"parent":8072,"menu_order":0,"comment_status":"closed","ping_status":"closed","template":"elementor_theme","meta":{"_eb_attr":"","footnotes":""},"class_list":["post-8365","page","type-page","status-publish","has-post-thumbnail"],"_links":{"self":[{"href":"https:\/\/travelshelper.com\/pt\/wp-json\/wp\/v2\/pages\/8365","targetHints":{"allow":["GET"]}}],"collection":[{"href":"https:\/\/travelshelper.com\/pt\/wp-json\/wp\/v2\/pages"}],"about":[{"href":"https:\/\/travelshelper.com\/pt\/wp-json\/wp\/v2\/types\/page"}],"author":[{"embeddable":true,"href":"https:\/\/travelshelper.com\/pt\/wp-json\/wp\/v2\/users\/1"}],"replies":[{"embeddable":true,"href":"https:\/\/travelshelper.com\/pt\/wp-json\/wp\/v2\/comments?post=8365"}],"version-history":[{"count":0,"href":"https:\/\/travelshelper.com\/pt\/wp-json\/wp\/v2\/pages\/8365\/revisions"}],"up":[{"embeddable":true,"href":"https:\/\/travelshelper.com\/pt\/wp-json\/wp\/v2\/pages\/8072"}],"wp:featuredmedia":[{"embeddable":true,"href":"https:\/\/travelshelper.com\/pt\/wp-json\/wp\/v2\/media\/4038"}],"wp:attachment":[{"href":"https:\/\/travelshelper.com\/pt\/wp-json\/wp\/v2\/media?parent=8365"}],"curies":[{"name":"wp","href":"https:\/\/api.w.org\/{rel}","templated":true}]}}