{"id":8356,"date":"2024-09-03T18:11:00","date_gmt":"2024-09-03T18:11:00","guid":{"rendered":"https:\/\/travelshelper.com\/staging\/?page_id=8356"},"modified":"2026-03-13T18:15:46","modified_gmt":"2026-03-13T18:15:46","slug":"seattle","status":"publish","type":"page","link":"https:\/\/travelshelper.com\/pt\/destinations\/north-america\/united-states\/seattle\/","title":{"rendered":"Seattle"},"content":{"rendered":"<p>Seattle, Washington, \u00e9 a maior cidade do noroeste do Pac\u00edfico. Sua popula\u00e7\u00e3o urbana era de cerca de 780.000 em 2024, e a \u00e1rea metropolitana da grande Seattle totalizava aproximadamente 4,02 milh\u00f5es de habitantes (15\u00aa maior dos EUA). A cidade est\u00e1 crescendo rapidamente (crescimento de mais de 20% entre 2010 e 2020). Seattle \u00e9 mais diversa do que muitas cidades dos EUA: cerca de 60% dos residentes s\u00e3o brancos n\u00e3o hisp\u00e2nicos, cerca de 17% asi\u00e1ticos e h\u00e1 comunidades significativas de negros, hisp\u00e2nicos e multirraciais. As fam\u00edlias s\u00e3o pr\u00f3speras: a renda mediana est\u00e1 bem acima da m\u00e9dia nacional (cerca de US$ 122.000), refletindo a forte economia de Seattle. De fato, o PIB da regi\u00e3o \u00e9 de aproximadamente US$ 518 bilh\u00f5es (2022), sustentado por grandes corpora\u00e7\u00f5es. Sete empresas da Fortune 500 t\u00eam sede em Seattle \u2013 notadamente Amazon, Starbucks, Nordstrom, Expedia e Zillow \u2013 e sub\u00farbios pr\u00f3ximos abrigam outras como Microsoft e Boeing. A Amazon e a Boeing, em particular, definiram a economia moderna de Seattle, enquanto o Porto de Seattle continua sendo um dos portos mais movimentados do Pac\u00edfico na Am\u00e9rica do Norte.<\/p>\n<p>Os moradores de Seattle desfrutam de um dos custos de vida mais altos do pa\u00eds (os pre\u00e7os dos im\u00f3veis est\u00e3o entre os mais altos das cidades dos EUA), mas tamb\u00e9m de uma das maiores rendas m\u00e9dias. Sua for\u00e7a de trabalho qualificada e empresas globais (a Amazon \u00e9 a segunda maior varejista do mundo) ajudam a sustentar uma economia din\u00e2mica. Essa prosperidade se traduz em abundantes comodidades e servi\u00e7os p\u00fablicos. A demografia de Seattle \u00e9 bastante jovem (idade m\u00e9dia em torno de 35 anos) e bem-educada. A cidade \u00e9 conhecida por uma grande popula\u00e7\u00e3o de profissionais de tecnologia e inovadores \u2013 \u00e9 o ber\u00e7o ou centro de crescimento de empresas como Microsoft, Amazon e in\u00fameras startups. Em resumo, Seattle \u00e9 uma cidade grande e etnicamente diversa, com uma economia de alta tecnologia e aeroespacial em expans\u00e3o e rendas m\u00e9dias elevadas, cercada por uma riqueza de belezas naturais.<\/p>\n<p>Seattle fica no continente da Am\u00e9rica do Norte, ao longo da costa oeste do Pac\u00edfico dos Estados Unidos. Fica no extremo noroeste do estado de Washington, em um istmo entre Puget Sound e o Lago Washington. Em termos geogr\u00e1ficos, o n\u00facleo da cidade se estende pela Ba\u00eda Elliott, uma enseada de Puget Sound. O terreno ao redor \u00e9 dram\u00e1tico: imediatamente a oeste est\u00e3o as colinas \u00edngremes e florestas perenes da Pen\u00ednsula Ol\u00edmpica, e a leste se erguem os picos da Cordilheira Cascade (o Monte Rainier se eleva a mais de 4.200 metros a cerca de 96 quil\u00f4metros a sudeste). Os arranha-c\u00e9us do centro da cidade se aglomeram ao longo da orla, mas de muitos mirantes da cidade \u00e9 poss\u00edvel ver \u00e1gua e montanhas emoldurando o horizonte. O clima de Seattle \u00e9 notoriamente mar\u00edtimo ameno: os invernos s\u00e3o frios, longos e \u00famidos, enquanto os ver\u00f5es s\u00e3o quentes e geralmente secos. Raramente fica extremamente frio ou quente. Na pr\u00e1tica, isso significa invernos chuvosos e cinzentos com garoa (aproximadamente 150 dias de chuva mensur\u00e1vel por ano) e dias curtos e ensolarados, enquanto os ver\u00f5es (julho a setembro) s\u00e3o geralmente ensolarados, com temperaturas frequentemente entre 21 e 27 \u00b0C. A neve \u00e9 \u200b\u200bocasional na cidade propriamente dita, mas as montanhas pr\u00f3ximas recebem fortes nevascas (frequentemente centenas de cent\u00edmetros por esta\u00e7\u00e3o), permitindo atividades ao ar livre durante todo o ano. No geral, Seattle desfruta de um ambiente exuberante e temperado, com florestas perenes e brisas oce\u00e2nicas suaves; os visitantes costumam comentar que avistam o Monte Rainier em um dia claro.<\/p>\n<p>A hist\u00f3ria de Seattle come\u00e7ou h\u00e1 muito tempo com as vilas de pescadores nativos americanos (os Duwamish e outros povos) ao longo de Puget Sound. A era moderna da cidade data de meados do s\u00e9culo XIX. Em 1851, o Grupo Denny (os primeiros pioneiros) desembarcou em Alki Point e depois se mudou para o leste, para Elliott Bay, fundando &#034;Seattle&#034; (nome em homenagem a um chefe nativo local) em 1852. As primeiras ind\u00fastrias foram a explora\u00e7\u00e3o madeireira e a constru\u00e7\u00e3o naval, aproveitando as vastas florestas e o porto de \u00e1guas profundas. A corrida do ouro para o Alasca na d\u00e9cada de 1890 fez de Seattle uma cidade de entrada e, em 1909, a cidade sediou a Exposi\u00e7\u00e3o Alasca-Yukon-Pac\u00edfico, estimulando o crescimento do campus do Distrito Universit\u00e1rio. Um grande boom ocorreu em 1962, quando a cidade sediou a Exposi\u00e7\u00e3o do S\u00e9culo 21 \u2013 a Feira Mundial \u2013 que deixou como legado o Space Needle, a torre de observa\u00e7\u00e3o hist\u00f3rica da cidade e o monotrilho elevado. Essa era de otimismo foi seguida pela ascens\u00e3o da ind\u00fastria e da tecnologia: aeroespacial (a Boeing dominou em meados do s\u00e9culo) e, mais tarde, de software. Nas d\u00e9cadas de 1970 e 1980, empresas como a Microsoft (fundada na vizinha Redmond) e, mais tarde, a Amazon (fundada no centro da cidade em 1994) transformaram Seattle em uma pot\u00eancia tecnol\u00f3gica. Essas empresas atra\u00edram uma for\u00e7a de trabalho diversificada e aten\u00e7\u00e3o global. Nas \u00faltimas d\u00e9cadas, a cidade continuou a evoluir \u2013 as ind\u00fastrias de tecnologia e biotecnologia prosperaram, o com\u00e9rcio internacional via porto se expandiu e o desenvolvimento urbano remodelou os bairros (por exemplo, South Lake Union tem escrit\u00f3rios em arranha-c\u00e9us). Ao longo de tudo isso, Seattle combinou suas ra\u00edzes de fronteira com a inova\u00e7\u00e3o. Por exemplo, a constru\u00e7\u00e3o do Space Needle para a feira de 1962 continua sendo um motivo de orgulho local, simbolizando a vis\u00e3o daquele per\u00edodo para a cidade.<\/p>\n<p>O car\u00e1ter cultural de Seattle \u00e9 uma mistura de liberalismo aventureiro e energia urbana. A l\u00edngua dominante \u00e9 o ingl\u00eas, refletindo a maioria anglo-americana da cidade, mas ouve-se muitas outras l\u00ednguas: vietnamita, mandarim, espanhol e somali s\u00e3o comuns nos bairros. A cultura de Seattle preza tanto a ambi\u00e7\u00e3o tecnol\u00f3gica quanto o amor pela natureza. Voc\u00ea ver\u00e1 profissionais em trajes casuais (jaquetas Patagonia, x\u00edcaras de caf\u00e9 na m\u00e3o) se deslocando para o centro da cidade, e caiaques e ciclistas compartilhando a rua em qualquer dia agrad\u00e1vel. H\u00e1 uma &#034;cultura do caf\u00e9&#034; generalizada: Seattle \u00e9 famosa por sua obsess\u00e3o por caf\u00e9, lar do Starbucks e de in\u00fameros caf\u00e9s independentes. Gr\u00e3os de caf\u00e9 rec\u00e9m-torrados e arte latte artesanal s\u00e3o cenas cotidianas. M\u00fasica e artes t\u00eam um lugar especial na vida local. As ra\u00edzes hist\u00f3ricas do jazz da cidade (clubes da Jackson Street) acabaram dando lugar ao seu papel na d\u00e9cada de 1990 como o ber\u00e7o do grunge rock \u2013 bandas de Seattle como Nirvana e Pearl Jam definiram uma gera\u00e7\u00e3o. Hoje em dia, a m\u00fasica ao vivo est\u00e1 onipresente: pubs locais de bairro oferecem noites de microfone aberto, o Benaroya Hall recebe concertos sinf\u00f4nicos e casas de shows como Neumos ou The Crocodile recebem bandas independentes em turn\u00ea. Toda primavera acontece o Festival Internacional de Cinema de Seattle (um grande evento), e o ver\u00e3o traz feiras culturais de rua quase todos os fins de semana em v\u00e1rios bairros. Por exemplo, no fim de semana do Memorial Day, pode-se aproveitar o Northwest Folklife Festival (m\u00fasica e dan\u00e7a folcl\u00f3rica nos terrenos da Universidade) e o Seafair (corridas e desfiles de hidroavi\u00f5es) em julho. Paradas do Orgulho LGBTQIA+, festivais \u00e9tnicos de rua (como o Festival do Ano Novo Lunar de Chinatown) e o festival de artes Bumbershoot, no Dia do Trabalho, atraem grandes multid\u00f5es.<\/p>\n<p>O cotidiano aqui tem uma qualidade pragm\u00e1tica, de trabalho duro e divers\u00e3o intensa. O t\u00edpico morador de Seattle \u00e9 educado, mas \u00e0s vezes reservado \u2013 um teste de paci\u00eancia no consult\u00f3rio m\u00e9dico pode ser comum \u2013 mas amig\u00e1vel depois de se conhecer. O deslocamento di\u00e1rio geralmente envolve tr\u00e2nsito ou transporte p\u00fablico (muitos usam o VLT Link ou \u00f4nibus e balsas), ent\u00e3o as pessoas tendem a reservar um tempo para a tecnologia para ler ou tomar caf\u00e9 durante o trajeto. Depois do trabalho, \u00e9 comum ver pessoas se exercitando (correndo no Lago Verde, indo a uma academia de escalada ou a um est\u00fadio de ioga local), porque os moradores de Seattle valorizam a boa forma f\u00edsica e a conex\u00e3o com a natureza. \u00c0 noite, os amigos costumam se encontrar para beber ou apreciar o p\u00f4r do sol no Sound. Em resumo, Seattle parece urbana e inovadora durante o dia, mas quando o sol se p\u00f5e (e as flores florescem nos pr\u00e9dios), a cidade mant\u00e9m um clima descontra\u00eddo e ao ar livre que reflete seus arredores sempre verdes.<\/p>\n<p>Seattle ostenta muitos pontos tur\u00edsticos imperd\u00edveis. O mais ic\u00f4nico \u00e9 o Space Needle (conclu\u00eddo em 1962), uma torre de observa\u00e7\u00e3o de 180 metros de altura que oferece vistas de 360\u00b0 do centro da cidade e das montanhas (especialmente magn\u00edficas em dias claros). O Needle ancora o Seattle Center, que tamb\u00e9m inclui o Museu da Cultura Pop (MoPOP) e o vizinho Chihuly Garden &amp; Glass. Perto dali fica a hist\u00f3rica esta\u00e7\u00e3o de monotrilho (constru\u00edda para a feira) e o IMAX Pacific Science Center. O Pike Place Market, no centro da cidade, \u00e9 outro ponto tur\u00edstico: um animado mercado de peixes e produtos agr\u00edcolas, aberto desde 1907, conhecido por suas peixarias &#034;peixe-voador&#034;, barracas de flores e a loja original do Starbucks. Perto dali fica a orla e o Aqu\u00e1rio de Seattle. Ao longo da galeria de arte do centro fica o Museu de Arte de Seattle (SAM), com seu Parque Ol\u00edmpico de Esculturas (do lado de fora, entrada gratuita, com vista para Puget Sound). A Pioneer Square, o bairro hist\u00f3rico de Seattle, apresenta pr\u00e9dios de tijolos do s\u00e9culo XIX, galerias de arte e o exclusivo Underground Tour (visitando vitrines subterr\u00e2neas). Outros destaques incluem o Museu de Hist\u00f3ria e Ind\u00fastria (MOHAI) no Lago Union, o futurista edif\u00edcio EMP (MoPOP) e a Biblioteca P\u00fablica de Seattle (uma maravilha arquitet\u00f4nica). Atra\u00e7\u00f5es naturais nunca est\u00e3o longe: a maioria dos visitantes n\u00e3o perde um passeio de balsa at\u00e9 a Ilha Bainbridge para apreciar a vista do horizonte da cidade a partir de um caf\u00e9, ou uma curta viagem ao Parque Kerry, na colina Queen Anne, para um panorama de cart\u00e3o-postal (Space Needle \u00e0 frente, Monte Rainier atr\u00e1s). Para os f\u00e3s de esportes, o CenturyLink (Lumen) Field e o T-Mobile Park recebem jogos do Seahawks, Sounders e Mariners o ano todo. Em resumo, as atra\u00e7\u00f5es de Seattle variam de arte urbana e arquitetura a mercados aut\u00eanticos e f\u00e1cil acesso a vistas para a \u00e1gua e as montanhas.<\/p>\n<p>O Aeroporto Internacional de Seattle-Tacoma (SEA, comumente chamado de Sea-Tac) \u00e9 a principal porta de entrada, com voos de todo o mundo. O Aeroporto Internacional de Boeing (King County), menor, tamb\u00e9m recebe tr\u00e1fego comercial e privado. Seattle \u00e9 interligada pela Interstate 5 (norte-sul ao longo da cidade) e pela I-90 (leste at\u00e9 Bellevue e al\u00e9m). A rede nacional da Amtrak para na Esta\u00e7\u00e3o King Street, no centro da cidade; a rota Cascades atende Vancouver, BC, e a rota Starlight conecta Los Angeles. As balsas do Colman Dock, no centro da cidade, partem para Bainbridge e Bremerton.<\/p>\n<p>Seattle conta com amplo transporte p\u00fablico. O VLT Link conecta North Seattle ao aeroporto e \u00e0 Federal Way, com extens\u00f5es para Bellevue em breve. \u00d4nibus (King County Metro e Sound Transit) cobrem amplamente a cidade. O monotrilho (constru\u00eddo em 1962) circula rapidamente entre o centro e o centro de Seattle. A malha vi\u00e1ria \u00e9 acidentada \u2013 por exemplo, Capitol Hill e Queen Anne se elevam abruptamente a partir do centro \u2013 mas o centro em si \u00e9 bastante acess\u00edvel a p\u00e9 (especialmente o corredor da 1\u00aa \u00e0 3\u00aa Avenida). A cidade tamb\u00e9m \u00e9 muito favor\u00e1vel ao uso de bicicletas, com muitas ciclovias e a Trilha Burke-Gilman ao longo do Lago Washington. \u00c9 poss\u00edvel dirigir, mas esteja preparado para congestionamentos, especialmente na I-5 durante os hor\u00e1rios de pico. T\u00e1xis e servi\u00e7os de transporte compartilhado s\u00e3o abundantes. Balsas para ilhas pr\u00f3ximas e balsas que cruzam o Sound (por exemplo, para Kingston) s\u00e3o um meio de transporte not\u00e1vel.<\/p>\n<p>A moeda \u00e9 o d\u00f3lar americano e o idioma \u00e9 o ingl\u00eas. Seattle \u00e9 famosa por sua toler\u00e2ncia e progressismo; \u00e9 comum encontrar pessoas de diversas origens e convic\u00e7\u00f5es pol\u00edticas. Dar gorjeta em restaurantes \u00e9 um costume (15 a 20%). A etiqueta segue as normas urbanas t\u00edpicas dos EUA: portas abertas, contato visual breve e um aceno ou &#034;oi&#034; na rua, boas maneiras \u00e0 mesa. Em termos de seguran\u00e7a, Seattle \u00e9 relativamente segura em \u00e1reas tur\u00edsticas, mas tome as precau\u00e7\u00f5es habituais da cidade \u00e0 noite (fique em \u00e1reas bem iluminadas, cuidado com objetos de valor). Os invernos podem ser sombrios e, ocasionalmente, congelantes, ent\u00e3o traga camadas de roupa. Os moradores locais costumam se vestir em camadas e com roupas casuais (jeans, su\u00e9teres, capa de chuva, etc.).<a href=\"https:\/\/travelshelper.com\/pt\/destinos\/america-do-norte\/estados-unidos-da-america\/berkeley-springs\/\" target=\"_self\" aria-labelledby=\"uael-post-8997\"><br \/>\n<\/a><\/p>","protected":false},"excerpt":{"rendered":"<p>Localizada na costa oeste dos Estados Unidos, Seattle \u00e9 uma vibrante cidade portu\u00e1ria. Com uma popula\u00e7\u00e3o de 755.078 habitantes em 2023, Seattle \u00e9 a cidade mais populosa da regi\u00e3o noroeste do Pac\u00edfico da Am\u00e9rica do Norte e do estado de Washington. O Condado de King, em Washington, tem sua sede aqui. Entre as cidades americanas, ocupa a 18\u00aa posi\u00e7\u00e3o em termos de popula\u00e7\u00e3o. Com uma popula\u00e7\u00e3o de 4,02 milh\u00f5es, a regi\u00e3o metropolitana de Seattle \u00e9 a d\u00e9cima quinta maior do pa\u00eds. Entre as grandes cidades que mais crescem no pa\u00eds, Seattle apresenta um impressionante crescimento de 21,1% entre 2010 e 2020.<\/p>","protected":false},"author":1,"featured_media":4370,"parent":8072,"menu_order":0,"comment_status":"closed","ping_status":"closed","template":"elementor_theme","meta":{"_eb_attr":"","footnotes":""},"class_list":["post-8356","page","type-page","status-publish","has-post-thumbnail"],"_links":{"self":[{"href":"https:\/\/travelshelper.com\/pt\/wp-json\/wp\/v2\/pages\/8356","targetHints":{"allow":["GET"]}}],"collection":[{"href":"https:\/\/travelshelper.com\/pt\/wp-json\/wp\/v2\/pages"}],"about":[{"href":"https:\/\/travelshelper.com\/pt\/wp-json\/wp\/v2\/types\/page"}],"author":[{"embeddable":true,"href":"https:\/\/travelshelper.com\/pt\/wp-json\/wp\/v2\/users\/1"}],"replies":[{"embeddable":true,"href":"https:\/\/travelshelper.com\/pt\/wp-json\/wp\/v2\/comments?post=8356"}],"version-history":[{"count":0,"href":"https:\/\/travelshelper.com\/pt\/wp-json\/wp\/v2\/pages\/8356\/revisions"}],"up":[{"embeddable":true,"href":"https:\/\/travelshelper.com\/pt\/wp-json\/wp\/v2\/pages\/8072"}],"wp:featuredmedia":[{"embeddable":true,"href":"https:\/\/travelshelper.com\/pt\/wp-json\/wp\/v2\/media\/4370"}],"wp:attachment":[{"href":"https:\/\/travelshelper.com\/pt\/wp-json\/wp\/v2\/media?parent=8356"}],"curies":[{"name":"wp","href":"https:\/\/api.w.org\/{rel}","templated":true}]}}