{"id":8341,"date":"2024-09-03T16:24:09","date_gmt":"2024-09-03T16:24:09","guid":{"rendered":"https:\/\/travelshelper.com\/staging\/?page_id=8341"},"modified":"2026-03-13T18:07:27","modified_gmt":"2026-03-13T18:07:27","slug":"portland","status":"publish","type":"page","link":"https:\/\/travelshelper.com\/pt\/destinations\/north-america\/united-states\/portland\/","title":{"rendered":"Portland"},"content":{"rendered":"<p>Portland, Oregon, estende-se ao longo do Rio Willamette, em meio a colinas verdejantes e montanhas baixas. O horizonte da cidade \u00e9 modesto, pontuado por torres de vidro e a\u00e7o, com o Monte Hood frequentemente vis\u00edvel atrav\u00e9s de aberturas nas nuvens a leste. Uma beleza r\u00fastica e banhada pela chuva define os arredores; \u00e1rvores e parques se misturam a bairros de tijolos e madeira. Foi nesse cen\u00e1rio do noroeste do Pac\u00edfico que o car\u00e1ter moderno de Portland tomou forma \u2013 uma mistura de cultura urbana e natureza selvagem.<\/p>\n<h2>Portland em n\u00fameros<\/h2>\n<p>A popula\u00e7\u00e3o de Portland \u00e9 da ordem de seiscentos mil habitantes. Os dados do Censo de 2020 contabilizaram 652.503 residentes na cidade (contra 583.776 em 2010). As estimativas atuais giram em torno de 620 a 630 mil, refletindo um ligeiro decl\u00ednio nos \u00faltimos anos. A cidade \u00e9 predominantemente branca (cerca de 70%), com asi\u00e1tico-americanos (~8%), residentes negros (~6%) e hisp\u00e2nicos\/latinos (~10%) compondo a maior parte do restante. A economia de Portland \u00e9 diversificada: possui um forte setor de tecnologia (\u00e0s vezes chamado de &#034;Floresta do Sil\u00edcio&#034;) e grande presen\u00e7a de empresas como Nike, Intel e Columbia Sportswear. A manufatura, particularmente de chips semicondutores e roupas esportivas, \u00e9 importante. Sa\u00fade, finan\u00e7as, educa\u00e7\u00e3o e um famoso cen\u00e1rio de alimentos artesanais e cervejarias completam a economia. Grandes empregadores incluem governo, empresas de alta tecnologia e universidades.<\/p>\n<h2>Localiza\u00e7\u00e3o<\/h2>\n<p>Portland fica no noroeste do Pac\u00edfico dos Estados Unidos (Am\u00e9rica do Norte), no estado de Oregon. Fica perto da conflu\u00eancia dos rios Willamette e Columbia. A cidade cobre uma plan\u00edcie de vale a cerca de 15 a 200 p\u00e9s de altitude, com colinas baixas a oeste e leste. Perto do nordeste ergue-se a Cordilheira Cascade, cujos vulc\u00f5es cobertos de neve (notavelmente o Monte Hood, a 80 quil\u00f4metros de dist\u00e2ncia) pairam sobre o horizonte em dias claros. O clima de Portland \u00e9 mediterr\u00e2neo de ver\u00e3o quente (K\u00f6ppen Csb): os ver\u00f5es s\u00e3o quentes e secos, os invernos s\u00e3o frios, \u00famidos e frequentemente nublados. A cidade recebe chuvas abundantes no inverno, auxiliando sua vegeta\u00e7\u00e3o exuberante, mas as secas de ver\u00e3o s\u00e3o t\u00edpicas. As temperaturas raramente atingem m\u00e1ximas ou m\u00ednimas extremas, gra\u00e7as \u00e0 influ\u00eancia mar\u00edtima, embora ondas de calor ou ondas de frio ocasionais ocorram.<\/p>\n<h2>Instant\u00e2neo hist\u00f3rico<\/h2>\n<p>A regi\u00e3o de Portland foi habitada inicialmente por nativos americanos de l\u00edngua chinooka. No in\u00edcio da d\u00e9cada de 1840, colonos americanos \u2013 incluindo Francis Pettygrove e Asa Lovejoy \u2013 reivindicaram terras que se tornariam o centro de Portland. Reza a lenda que, em 1845, um cara ou coroa entre Pettygrove (&#034;P&#034;) e Lovejoy (&#034;L&#034;) decidiu o nome da cidade; a moeda de um centavo de Pettygrove venceu, dando-nos Portland (em vez de &#034;Boston&#034;). A cidade foi demarcada em 8 de fevereiro de 1851. Portland cresceu rapidamente como um centro madeireiro e comercial, transportando madeira e trigo rio abaixo para a Calif\u00f3rnia e al\u00e9m. Em 1850, tornou-se a capital territorial (at\u00e9 1855). No final do s\u00e9culo XIX e in\u00edcio do s\u00e9culo XX, Portland ganhou apelidos como &#034;Cidade das Rosas&#034; (sediando seu primeiro Festival das Rosas em 1907) e desenvolveu uma reputa\u00e7\u00e3o de pol\u00edtica progressista. Os marcos incluem a incorpora\u00e7\u00e3o em 1851, a chegada das ferrovias na d\u00e9cada de 1880 e a Exposi\u00e7\u00e3o do Centen\u00e1rio Lewis &amp; Clark de 1905, que destacou a cidade. A Segunda Guerra Mundial trouxe um boom tempor\u00e1rio (com estaleiros e um estaleiro da Kaiser em Vanport, uma comunidade residencial em tempos de guerra). A catastr\u00f3fica enchente de Vanport em 1948 \u2013 que destruiu aquele projeto habitacional \u2013 foi outro ponto de virada, levando a mudan\u00e7as duradouras na popula\u00e7\u00e3o e no mercado imobili\u00e1rio da cidade. Nas \u00faltimas d\u00e9cadas, a economia de Portland se voltou para a alta tecnologia e os servi\u00e7os, e sua cultura passou a enfatizar a sustentabilidade urbana e as artes.<\/p>\n<h2>Vibra\u00e7\u00e3o cultural<\/h2>\n<p>O car\u00e1ter local de Portland \u00e9 ecl\u00e9tico e orgulhosamente peculiar. A cidade atrai pessoas por sua vibrante cena cultural \u2013 incluindo cervejarias artesanais, barracas de comida, festivais de m\u00fasica e uma pr\u00f3spera comunidade art\u00edstica. O ingl\u00eas \u00e9 a l\u00edngua principal (falada pela maioria das fam\u00edlias), com um pouco de espanhol e v\u00e1rias l\u00ednguas asi\u00e1ticas e do Pac\u00edfico faladas em bairros de imigrantes. A popula\u00e7\u00e3o \u00e9 geralmente progressista e adepta \u00e0 vida ao ar livre; muitos moradores andam de bicicleta ou fazem trilhas regularmente. &#034;Keep Portland Weird&#034; \u2013 um lema agora famoso \u2013 reflete uma comunidade que valoriza os neg\u00f3cios independentes e a cultura alternativa. Por exemplo, Portland \u00e9 celebrada por sua cultura gastron\u00f4mica, com uma abund\u00e2ncia de chefs de primeira linha, barracas de comida, mercados e cervejarias. Eventos anuais incluem o Portland Rose Festival (in\u00edcio do ver\u00e3o), o Oregon Brewers Festival e in\u00fameros festivais culturais que refletem sua diversidade. A vida aqui tem um ritmo geralmente tranquilo: vizinhos conversam em caf\u00e9s, parques parecem bem frequentados e caminhar ou andar de bicicleta \u00e9 comum. Apesar de seu tamanho, Portland mant\u00e9m bols\u00f5es de aconchego e hospitalidade amig\u00e1vel. Como observa um guia, \u201cas pessoas v\u00e3o para Portland em busca de um peda\u00e7o de sua vibrante cultura \u2013 pela comida e cerveja, pelas artes, pelas comunidades culturais, pelos festivais ou pela vida noturna\u201d.<\/p>\n<h2><strong>Principais atra\u00e7\u00f5es<\/strong><\/h2>\n<ul>\n<li><strong>Parque Washington<\/strong> \u2013 Um grande parque arborizado a oeste do centro da cidade. Ele abriga o famoso Jardim Internacional de Testes de Rosas e o Jardim Japon\u00eas de Portland, ambos jardins renomados; o Zool\u00f3gico do Oregon; e o Arboreto Hoyt. Os visitantes costumam passar um dia inteiro aqui, entre canteiros de rosas, lagos de carpas e trilhas sombreadas.<\/li>\n<li><strong>Desfiladeiro do Rio Columbia<\/strong> \u2013 Embora seja um pouco fora da cidade, o Desfiladeiro Columbia \u00e9 um passeio de um dia imperd\u00edvel. A estrada panor\u00e2mica que sobe o desfiladeiro apresenta cachoeiras impressionantes (incluindo as imponentes Cataratas Multnomah) e mirantes com vista para o Rio Columbia. \u00c9 frequentemente mencionado entre os principais passeios de Portland.<\/li>\n<li><strong>Mans\u00e3o Pittock<\/strong> \u2013 Uma imponente mans\u00e3o no topo de uma colina, constru\u00edda em 1914 por Henry Pittock (fundador do jornal Oregonian). Restaurada e aberta como museu, oferece vistas panor\u00e2micas da cidade e um vislumbre da elite de Portland no in\u00edcio do s\u00e9culo XX. (Esfor\u00e7os comunit\u00e1rios a salvaram da demoli\u00e7\u00e3o na d\u00e9cada de 1960.)<\/li>\n<li><strong>Cidade dos Livros de Powell<\/strong> \u2013 A maior livraria independente do mundo, ocupando um quarteir\u00e3o inteiro no centro de Portland. Suas prateleiras abrigam mais de um milh\u00e3o de livros usados \u200b\u200be novos. Tamb\u00e9m conta com cantinhos de leitura e uma cafeteria. Eventos liter\u00e1rios e palestras com autores s\u00e3o comuns aqui.<\/li>\n<li><strong>Jardim Chin\u00eas Lan Su<\/strong> \u2013 Um jardim tranquilo e aut\u00eantico no estilo de Suzhou, na Chinatown da Cidade Velha. Constru\u00eddo por artes\u00e3os chineses, oferece caminhos sinuosos, pavilh\u00f5es cobertos e paisagens de lagos, proporcionando um ref\u00fagio tranquilo em meio \u00e0 cidade.<\/li>\n<li><strong>Museu de Ci\u00eancia e Ind\u00fastria do Oregon (OMSI)<\/strong> \u2013 Um museu de ci\u00eancias interativo na orla leste. Os destaques incluem um cinema OMNIMAX, um planet\u00e1rio e um submarino aposentado da Marinha dos EUA (USS Blueback) que os visitantes podem visitar. \u00c9 popular entre as fam\u00edlias por suas exposi\u00e7\u00f5es interativas sobre energia, tecnologia e hist\u00f3ria natural.<\/li>\n<li><strong>Mercado de s\u00e1bado em Portland<\/strong> \u2013 Uma feira de artesanato ao ar livre no bairro de Chinatown, na Cidade Velha, que acontece da primavera at\u00e9 dezembro. Fundada em 1974, tornou-se uma das maiores feiras ao ar livre do pa\u00eds. Artes\u00e3os vendem joias, artesanatos, roupas e alimentos feitos \u00e0 m\u00e3o; a feira atrai mais de um milh\u00e3o de visitantes anualmente.<\/li>\n<\/ul>\n<h2>Vis\u00e3o pr\u00e1tica<\/h2>\n<ul>\n<li><strong>Como chegar:<\/strong> O Aeroporto Internacional de Portland (PDX) \u00e9 o principal aeroporto, com voos diretos para muitas cidades dos EUA e destinos internacionais. Do centro da cidade, a Linha Vermelha do VLT MAX oferece uma conex\u00e3o direta: uma viagem s\u00f3 de ida at\u00e9 o aeroporto leva cerca de 38 minutos (tarifa de US$ 2,80). \u00d4nibus da TriMet tamb\u00e9m atendem o aeroporto. De trem, a linha Cascades da Amtrak conecta Portland a Seattle e Eugene. As principais rodovias (I-5 norte-sul, I-84 leste-oeste, US 26) ligam a cidade a destinos regionais.<\/li>\n<li><strong>Como se locomover:<\/strong> O sistema TriMet (VLT, bonde e \u00f4nibus) cobre a maior parte de Portland. O ciclismo \u00e9 muito popular; a cidade \u00e9 frequentemente classificada entre as mais amig\u00e1veis \u200b\u200bpara bicicletas dos EUA. O centro da cidade \u00e9 compacto e acess\u00edvel a p\u00e9 (em particular, a Pioneer Courthouse Square e o Pearl District). Dirigir \u00e9 vi\u00e1vel, mas estacionar pode ser escasso ou caro em bairros movimentados. Muitos moradores de Portland usam um cart\u00e3o Hop ou aplicativo para pagar passagens de \u00f4nibus e trens. Servi\u00e7os de transporte compartilhado (Uber\/Lyft) s\u00e3o onipresentes.<\/li>\n<li><strong>Dicas b\u00e1sicas:<\/strong> A moeda \u00e9 o d\u00f3lar americano. O ingl\u00eas \u00e9 a l\u00edngua principal (o espanhol tamb\u00e9m \u00e9 falado por muitos moradores, especialmente no nordeste de Portland). Em restaurantes e t\u00e1xis, \u00e9 costume dar uma gorjeta de cerca de 15% a 20% da conta. Em geral, Portland \u00e9 segura para os padr\u00f5es urbanos, mas deve-se tomar as precau\u00e7\u00f5es normais da cidade (evitar \u00e1reas desertas \u00e0 noite e guardar objetos de valor). Os moradores locais prezam a educa\u00e7\u00e3o e a consci\u00eancia ambiental; trajes casuais s\u00e3o a norma.<a href=\"https:\/\/travelshelper.com\/pt\/destinos\/america-do-norte\/estados-unidos-da-america\/berkeley-springs\/\" target=\"_self\" aria-labelledby=\"uael-post-8997\"><br \/>\n<\/a><\/li>\n<\/ul>","protected":false},"excerpt":{"rendered":"<p>Portland, aninhada no buc\u00f3lico noroeste do Pac\u00edfico, \u00e9 a cidade mais populosa do Oregon, um estado americano. Localizada propositalmente no noroeste do estado, esta cidade vibrante serve como ponto de encontro dos rios Columbia e Willamette. Portland \u00e9 a sede do condado de Multnomah, o condado mais populoso do Oregon, ocupando, portanto, um lugar indispens\u00e1vel na estrutura administrativa e cultural do estado. Com uma popula\u00e7\u00e3o de 652.503 habitantes segundo o censo de 2020, Portland, a 26\u00aa cidade mais populosa dos Estados Unidos, com Seattle sendo a cidade mais populosa do noroeste do Pac\u00edfico, \u00e9 a segunda cidade mais populosa da Costa Oeste. Com quase 2,5 milh\u00f5es de habitantes, a \u00e1rea metropolitana de Portland ocupa a 25\u00aa posi\u00e7\u00e3o entre as \u00e1reas metropolitanas mais populosas dos Estados Unidos. A \u00e1rea metropolitana de Portland abriga notavelmente quase metade da popula\u00e7\u00e3o do Oregon, o que enfatiza seu polo central de influ\u00eancia e import\u00e2ncia para as atividades.<\/p>","protected":false},"author":1,"featured_media":4170,"parent":8072,"menu_order":0,"comment_status":"closed","ping_status":"closed","template":"elementor_theme","meta":{"_eb_attr":"","footnotes":""},"class_list":["post-8341","page","type-page","status-publish","has-post-thumbnail"],"_links":{"self":[{"href":"https:\/\/travelshelper.com\/pt\/wp-json\/wp\/v2\/pages\/8341","targetHints":{"allow":["GET"]}}],"collection":[{"href":"https:\/\/travelshelper.com\/pt\/wp-json\/wp\/v2\/pages"}],"about":[{"href":"https:\/\/travelshelper.com\/pt\/wp-json\/wp\/v2\/types\/page"}],"author":[{"embeddable":true,"href":"https:\/\/travelshelper.com\/pt\/wp-json\/wp\/v2\/users\/1"}],"replies":[{"embeddable":true,"href":"https:\/\/travelshelper.com\/pt\/wp-json\/wp\/v2\/comments?post=8341"}],"version-history":[{"count":0,"href":"https:\/\/travelshelper.com\/pt\/wp-json\/wp\/v2\/pages\/8341\/revisions"}],"up":[{"embeddable":true,"href":"https:\/\/travelshelper.com\/pt\/wp-json\/wp\/v2\/pages\/8072"}],"wp:featuredmedia":[{"embeddable":true,"href":"https:\/\/travelshelper.com\/pt\/wp-json\/wp\/v2\/media\/4170"}],"wp:attachment":[{"href":"https:\/\/travelshelper.com\/pt\/wp-json\/wp\/v2\/media?parent=8341"}],"curies":[{"name":"wp","href":"https:\/\/api.w.org\/{rel}","templated":true}]}}