{"id":8331,"date":"2024-09-03T15:25:07","date_gmt":"2024-09-03T15:25:07","guid":{"rendered":"https:\/\/travelshelper.com\/staging\/?page_id=8331"},"modified":"2026-03-13T18:08:36","modified_gmt":"2026-03-13T18:08:36","slug":"palm-springs","status":"publish","type":"page","link":"https:\/\/travelshelper.com\/pt\/destinations\/north-america\/united-states\/palm-springs\/","title":{"rendered":"Palm Springs"},"content":{"rendered":"<p>Palm Springs \u00e9 uma cidade e resort de m\u00e9dio porte no Vale Coachella, no sul da Calif\u00f3rnia. A popula\u00e7\u00e3o era de 44.575 no censo de 2020. Ao contr\u00e1rio da maioria das cidades do seu tamanho, Palm Springs abriga uma grande popula\u00e7\u00e3o transit\u00f3ria: aposentados e &#034;snowbirds&#034; de regi\u00f5es mais frias se re\u00fanem aqui no inverno, triplicando temporariamente o n\u00famero de pessoas dispon\u00edveis. Notavelmente, mais de 30% dos residentes em tempo integral t\u00eam 65 anos ou mais, e a idade m\u00e9dia de cerca de 55 anos reflete sua reputa\u00e7\u00e3o como um para\u00edso para aposentados. Palm Springs \u00e9 economicamente impulsionada pelo turismo, im\u00f3veis e setores de servi\u00e7os. A renda familiar m\u00e9dia \u00e9 de cerca de US$ 57.900 e a pobreza em torno de 16%; os valores dos im\u00f3veis s\u00e3o altos (casa m\u00e9dia ~US$ 398.000) devido \u00e0 atratividade da \u00e1rea. A economia local recebe milh\u00f5es de visitantes anualmente, especialmente para golfe, festivais culturais e casamentos, al\u00e9m de conven\u00e7\u00f5es de cinema e tecnologia em andamento.<\/p>\n<p>Palm Springs fica no Deserto de Sonora, no sul da Calif\u00f3rnia, a cerca de 160 quil\u00f4metros a leste de Los Angeles. Geograficamente, fica no Vale Coachella \u2013 parte do amplo Deserto do Colorado \u2013 emoldurado por montanhas. A oeste, erguem-se as Montanhas San Jacinto (atingindo 3.335 metros no Monte San Jacinto), e a leste est\u00e3o as montanhas Santa Rosa e Little San Bernardino. O fundo do vale \u00e9 seco e plano, a cerca de 146 metros acima do n\u00edvel do mar. O clima \u00e9 \u00e1rido: Palm Springs \u00e9 famosa por seu clima des\u00e9rtico quente (K\u00f6ppen BWh), com mais de 300 dias de sol por ano. Os ver\u00f5es s\u00e3o extremamente quentes (frequentemente ultrapassando 43\u00b0C) e os invernos s\u00e3o curtos e amenos, geralmente acima de zero. A chuva \u00e9 escassa \u2013 a m\u00e9dia anual de chuvas \u00e9 de apenas 13 cm. Essa insola\u00e7\u00e3o implac\u00e1vel permite que apenas plantas resistentes \u00e0 seca (palmeiras, cactos) flores\u00e7am sem irriga\u00e7\u00e3o. No geral, a localiza\u00e7\u00e3o e o clima de Palm Springs fazem dela um para\u00edso para quem gosta de esquiar e um verdadeiro o\u00e1sis em meio ao deserto \u00e1rido.<\/p>\n<p>A regi\u00e3o de Palm Springs foi originalmente o lar do povo Cahuilla por s\u00e9culos antes da chegada dos europeus. Eles chamavam os o\u00e1sis naturais de Se-Khi (&#034;\u00e1gua fervente&#034;) e usavam as fontes termais, ladeadas por palmeiras e carvalhos, no inverno para abrigo e cerim\u00f4nias. A tribo Agua Caliente, dos \u00edndios Cahuilla, mant\u00e9m uma reserva sob a cidade atualmente. A cidade moderna come\u00e7ou a tomar forma no in\u00edcio do s\u00e9culo XX. Em 1938, Palm Springs foi oficialmente incorporada, tendo sido promovida como um resort de sa\u00fade no deserto e um o\u00e1sis de fruticultura (a economia inicial cultivava t\u00e2maras, frutas c\u00edtricas e azeitonas).<\/p>\n<p>Palm Springs realmente prosperou ap\u00f3s a Segunda Guerra Mundial. Estrelas e magnatas de Hollywood descobriram o clima ensolarado do vale e encomendaram casas e hot\u00e9is exclusivos no estilo moderno de meados do s\u00e9culo. Not\u00e1veis \u200b\u200bcomo Frank Sinatra, John Wayne e Lucille Ball constru\u00edram casas aqui. A arquitetura da \u00e9poca (plantas planas, vida dentro e fora de casa) tornou-se parte da identidade de Palm Springs. O crescimento cultural da cidade refletiu essa riqueza: teatros, galerias e uma crescente cena art\u00edstica surgiram nas d\u00e9cadas de 1950 e 1960. Nas \u00faltimas d\u00e9cadas, Palm Springs revitalizou seu legado de meados do s\u00e9culo por meio da preserva\u00e7\u00e3o e do turismo. A cidade \u00e9 internacionalmente conhecida pelo design &#034;Palm Springs Modern&#034;, organizando tours de arquitetura e o festival anual Modernism Week, que celebra sua heran\u00e7a dos anos 1950.<\/p>\n<p>Palm Springs tem um ambiente caracter\u00edstico de cidade tur\u00edstica. O ingl\u00eas \u00e9 a l\u00edngua oficial, mas muitos moradores falam espanhol ou outras l\u00ednguas; a popula\u00e7\u00e3o da cidade \u00e9 composta por cerca de 79% de brancos e 25% de hisp\u00e2nicos\/latinos. Seu toque internacional deve muito ao turismo: visitantes de todos os EUA, Canad\u00e1 e outros lugares v\u00eam para jogar golfe, praticar spas e participar de conven\u00e7\u00f5es. O estilo de vida \u00e9 descontra\u00eddo e voltado para o lazer. Os dias s\u00e3o passados \u200b\u200bna piscina, em campos de golfe ou passeando pelas ruas arborizadas. Os passatempos populares incluem ioga ao amanhecer, exposi\u00e7\u00f5es de carros antigos e jantares ao ar livre em p\u00e1tios arejados.<\/p>\n<p>Palm Springs tamb\u00e9m se orgulha de sua vibrante cena art\u00edstica e de festivais. Al\u00e9m da Semana do Modernismo (eventos de tours arquitet\u00f4nicos em fevereiro e, \u00e0s vezes, em outubro), a cidade sedia um famoso Festival Internacional de Cinema todo m\u00eas de janeiro. A cidade conta com uma grande comunidade LGBTQ+ e eventos relacionados (como a Festa do Branco e a Parada do Orgulho Gay), o que reflete sua reputa\u00e7\u00e3o como uma das cidades mais gay-friendly dos Estados Unidos. O centro da cidade (Avenida Caballeros e Palm Canyon Drive) conta com butiques ecl\u00e9ticas, galerias de arte e teatros. \u00c0 noite, luzes cintilantes iluminam restaurantes e bares, proporcionando uma vida noturna sofisticada e casual. No geral, a atmosfera combina o charme descontra\u00eddo do deserto com explos\u00f5es de energia urbana durante os eventos. Quem passa por l\u00e1 costuma notar a calorosa sauda\u00e7\u00e3o da cidade \u2013 &#034;Palm Springs \u00e9 legal&#034; \u2013 em meio a um orgulho consciente da hist\u00f3ria local e do chique de meados do s\u00e9culo.<\/p>\n<p>Os visitantes de Palm Springs s\u00e3o atra\u00eddos por sua combina\u00e7\u00e3o de atra\u00e7\u00f5es naturais e arquitet\u00f4nicas. A principal delas \u00e9 o Telef\u00e9rico de Palm Springs. Em uma subida de telef\u00e9rico de 10 minutos, o telef\u00e9rico leva os visitantes a 1.873 metros, do deserto at\u00e9 as montanhas. Os telef\u00e9ricos e a esta\u00e7\u00e3o alpina (a 2.696 metros) oferecem vistas panor\u00e2micas do vale, neve no inverno, trilhas para caminhadas e restaurantes. \u00c9 uma maravilha da engenharia de 1963 (ainda utilizando os telef\u00e9ricos Rotair originais) e uma maneira \u00fanica de vivenciar cinco zonas clim\u00e1ticas em um \u00fanico passeio.<\/p>\n<p>Entusiastas do ar livre podem dirigir apenas alguns minutos para fora da cidade para explorar os Indian Canyons e o Tahquitz Canyon. Esses o\u00e1sis no deserto oferecem leitos de riachos sombreados por palmeiras e trilhas nativas americanas atrav\u00e9s de imponentes pared\u00f5es de c\u00e2nions. Uma subida vigorosa pelas Cahuilla Falls ou Murray Canyon revela cachoeiras sazonais e vest\u00edgios da irriga\u00e7\u00e3o de Cahuilla. Para paisagens des\u00e9rticas mais acidentadas, o Parque Nacional Joshua Tree (a uma curta dist\u00e2ncia de carro a leste) \u00e9 ic\u00f4nico por suas \u00e1rvores de Joshua e forma\u00e7\u00f5es rochosas austeras, um passeio de um dia imperd\u00edvel saindo de Palm Springs.<\/p>\n<p>Palm Springs tamb\u00e9m possui in\u00fameros locais culturais e arquitet\u00f4nicos. O Museu de Arte de Palm Springs abriga arte moderna e nativa americana. F\u00e3s de arquitetura podem visitar casas famosas: a vizinha Taliesin West, de Frank Lloyd Wright (sua casa de inverno e campus de sua escola de arquitetura), est\u00e1 aberta para visita\u00e7\u00e3o. As resid\u00eancias modernistas da cidade \u2013 como a Casa Kaufmann e a casa de lua de mel de Elvis \u2013 podem ser visitadas de carro ou em visitas guiadas. No fundo do vale, a Reserva do Vale Coachella e ref\u00fagios de vida selvagem protegem a flora e a fauna locais, enquanto o Jardim Bot\u00e2nico Moorten exibe cactos e suculentas exclusivos do Deserto de Sonora.<\/p>\n<p>O centro da cidade em si \u00e9 animado com atra\u00e7\u00f5es. A Palm Canyon Drive (a rua principal) ostenta letreiros de neon de meados do s\u00e9culo e a Cal\u00e7ada das Estrelas, que homenageia celebridades. Perto dali, o Museu do Ar e a est\u00e1tua de Frank Sinatra no IGA relembram o legado do showbiz da cidade. Amantes da gastronomia e das compras aproveitam as feiras de produtores semanais e as feiras de produtores durante todo o ano, que celebram produtos frescos e artesanato. Em suma, os pontos tur\u00edsticos imperd\u00edveis de Palm Springs variam de vistas do deserto (bonde, c\u00e2nions) a locais culturais (passeios de meados do s\u00e9culo, museus) \u2013 tudo interligado por palmeiras ondulantes e sol sem fim.<\/p>\n<p>Palm Springs \u00e9 facilmente acess\u00edvel. O Aeroporto Internacional de Palm Springs (PSP) fica a oeste do centro da cidade e recebe voos dom\u00e9sticos dos principais hubs (Los Angeles, S\u00e3o Francisco, Phoenix), bem como rotas sazonais. O Aeroporto Internacional de Los Angeles (LAX) fica a cerca de 193 km a oeste, a 2 a 2,5 horas de carro pela I-10. As linhas Sunset Limited e Texas Eagle da Amtrak param nas proximidades de Palm Springs, e \u00f4nibus de longa dist\u00e2ncia atendem o vale. Para motoristas, a Interstate 10 atravessa Palm Springs de leste a oeste (conectando-se a Los Angeles a oeste e Phoenix\/Arizona a leste), e a CA-111 e a CA-62 d\u00e3o acesso \u00e0s \u00e1reas des\u00e9rticas ao redor.<\/p>\n<p>Palm Springs \u00e9 altamente dependente de carros, especialmente para chegar aos c\u00e2nions ou campos de golfe mais distantes. No entanto, o centro da cidade \u00e9 ideal para ciclistas e pedestres, com muitos hot\u00e9is oferecendo aluguel de bicicletas. O transporte p\u00fablico local \u00e9 fornecido pela SunLine Transit Agency, que opera \u00f4nibus ao longo dos principais corredores do vale (incluindo Palm Canyon Dr e East Palm Canyon). Uma linha regional de VLT (em constru\u00e7\u00e3o) conectar\u00e1 Palm Springs a outras cidades do Vale Coachella. Para a maioria dos visitantes, alugar carros ou usar o servi\u00e7o de transporte compartilhado \u00e9 a maneira mais f\u00e1cil. O estacionamento nas ruas de Palm Springs \u00e9 abundante e geralmente gratuito, exceto em vagas com parqu\u00edmetro e \u00e1reas para eventos especiais.<\/p>\n<p>A moeda \u00e9 o d\u00f3lar americano e o ingl\u00eas \u00e9 universalmente compreendido (o espanhol tamb\u00e9m \u00e9 comum entre os funcion\u00e1rios de servi\u00e7o). O c\u00f3digo de vestimenta \u00e9 casual \u2013 pense em shorts, sand\u00e1lias e chap\u00e9us de sol no ver\u00e3o (al\u00e9m de uma jaqueta leve nas noites de inverno no deserto). O sol do deserto pode ser intenso; protetor solar e bastante \u00e1gua s\u00e3o essenciais, especialmente em caminhadas. A gorjeta segue a pr\u00e1tica padr\u00e3o dos EUA (15 a 20% em restaurantes, t\u00e1xis e guias). A cortesia \u00e9 a norma (um aceno ou um &#034;obrigado&#034; faz toda a diferen\u00e7a). A seguran\u00e7a \u00e9 geralmente boa \u2013 Palm Springs tem pouca criminalidade em \u00e1reas tur\u00edsticas, embora, como em qualquer cidade, seja preciso ter cuidado com os pertences em locais lotados. No ver\u00e3o, tenha cuidado com o calor extremo e as enchentes repentinas das mon\u00e7\u00f5es de ver\u00e3o em lavagens nas montanhas. No geral, uma estadia aqui combina a liberdade do alto deserto com o conforto de uma cidade tur\u00edstica bem desenvolvida.<a href=\"https:\/\/travelshelper.com\/pt\/destinos\/america-do-norte\/estados-unidos-da-america\/berkeley-springs\/\" target=\"_self\" aria-labelledby=\"uael-post-8997\"><br \/>\n<\/a><\/p>","protected":false},"excerpt":{"rendered":"<p>Palm Springs \u00e9 uma cidade tur\u00edstica des\u00e9rtica no Condado de Riverside, Calif\u00f3rnia, Estados Unidos, aninhada no Vale Coachella, no Deserto do Colorado. Com uma \u00e1rea de quase 240 km\u00b2, \u00e9 a maior cidade do Condado de Riverside em extens\u00e3o territorial. Com mais de 10% do territ\u00f3rio da cidade, a reserva ind\u00edgena Agua Caliente Band of Cahuilla exibe um padr\u00e3o xadrez caracter\u00edstico. Al\u00e9m de ser uma caracter\u00edstica marcante da topografia da cidade, esta reserva \u00e9 o centro administrativo da mais populosa da Calif\u00f3rnia.<\/p>","protected":false},"author":1,"featured_media":3401,"parent":8072,"menu_order":0,"comment_status":"closed","ping_status":"closed","template":"elementor_theme","meta":{"_eb_attr":"","footnotes":""},"class_list":["post-8331","page","type-page","status-publish","has-post-thumbnail"],"_links":{"self":[{"href":"https:\/\/travelshelper.com\/pt\/wp-json\/wp\/v2\/pages\/8331","targetHints":{"allow":["GET"]}}],"collection":[{"href":"https:\/\/travelshelper.com\/pt\/wp-json\/wp\/v2\/pages"}],"about":[{"href":"https:\/\/travelshelper.com\/pt\/wp-json\/wp\/v2\/types\/page"}],"author":[{"embeddable":true,"href":"https:\/\/travelshelper.com\/pt\/wp-json\/wp\/v2\/users\/1"}],"replies":[{"embeddable":true,"href":"https:\/\/travelshelper.com\/pt\/wp-json\/wp\/v2\/comments?post=8331"}],"version-history":[{"count":0,"href":"https:\/\/travelshelper.com\/pt\/wp-json\/wp\/v2\/pages\/8331\/revisions"}],"up":[{"embeddable":true,"href":"https:\/\/travelshelper.com\/pt\/wp-json\/wp\/v2\/pages\/8072"}],"wp:featuredmedia":[{"embeddable":true,"href":"https:\/\/travelshelper.com\/pt\/wp-json\/wp\/v2\/media\/3401"}],"wp:attachment":[{"href":"https:\/\/travelshelper.com\/pt\/wp-json\/wp\/v2\/media?parent=8331"}],"curies":[{"name":"wp","href":"https:\/\/api.w.org\/{rel}","templated":true}]}}