{"id":8297,"date":"2024-09-03T14:24:43","date_gmt":"2024-09-03T14:24:43","guid":{"rendered":"https:\/\/travelshelper.com\/staging\/?page_id=8297"},"modified":"2026-03-13T18:02:23","modified_gmt":"2026-03-13T18:02:23","slug":"nova-orleans","status":"publish","type":"page","link":"https:\/\/travelshelper.com\/pt\/destinations\/north-america\/united-states\/new-orleans\/","title":{"rendered":"Nova Orleans"},"content":{"rendered":"<p>Aninhada ao longo do baixo rio Mississippi, no sudeste da Louisiana, Nova Orleans hoje \u00e9 uma cidade de aproximadamente 380.000 pessoas (censo de 2020), tornando-se a maior cidade da Louisiana e a capital cultural do sul dos Estados Unidos. Em 2025, a popula\u00e7\u00e3o da cidade era estimada em cerca de 351.000, ap\u00f3s d\u00e9cadas de flutua\u00e7\u00e3o devido \u00e0 migra\u00e7\u00e3o e desastres naturais. A demografia de Nova Orleans \u00e9 distinta - uma comunidade majoritariamente afro-americana (cerca de 55% negra em estimativas recentes) com popula\u00e7\u00f5es brancas significativas (cerca de 32%), hisp\u00e2nicas\/latinas e outras minorias. Sua economia \u00e9 ricamente diversificada: historicamente constru\u00edda nas ind\u00fastrias portu\u00e1ria, petrol\u00edfera e petroqu\u00edmica, hoje Nova Orleans tamb\u00e9m prospera no ensino superior, na sa\u00fade e, especialmente, no turismo e nos setores criativos. De fato, o turismo sozinho gerou cerca de US$ 5,5 bilh\u00f5es em impacto econ\u00f4mico em 2017, respondendo por cerca de 40% da receita de impostos sobre vendas da cidade.<\/p>\n<p>Nova Orleans desfruta de um clima subtropical ameno: invernos exuberantes e ver\u00f5es longos e quentes. A cidade fica ao n\u00edvel do mar ao longo da Costa do Golfo \u2014 metade da cidade, na verdade, fica no n\u00edvel do mar ou abaixo dele e depende de diques e bombas para o controle de enchentes. A precipita\u00e7\u00e3o anual \u00e9 abundante (cerca de 137 mm por ano), com ver\u00f5es abafados frequentemente elevando a temperatura acima de 32\u00b0C e invernos geralmente bem acima de zero (m\u00e9dia di\u00e1ria de janeiro em torno de 0,7\u00b0C). O ambiente subtropical da cidade lhe rendeu o apelido de &#034;A Cidade Que a Import\u00e2ncia Esqueceu&#034;, uma homenagem ao seu clima quente e ritmo tranquilo. Bayous pantanosos, parques ladeados por carvalhos e carvalhos vivos pingando musgo espanhol s\u00e3o onipresentes na paisagem moderna, mesmo com arranha-c\u00e9us se erguendo no centro da cidade.<\/p>\n<p>Nova Orleans \u00e9 o centro cultural, econ\u00f4mico e acad\u00eamico da Louisiana. De acordo com o Censo dos EUA de 2020, sua popula\u00e7\u00e3o urbana era de 383.997 (com a \u00e1rea metropolitana de Nova Orleans-Metairie em torno de 1 milh\u00e3o). Em 2025, esse n\u00famero dever\u00e1 ter diminu\u00eddo ligeiramente para ~351.000. A composi\u00e7\u00e3o racial da cidade \u00e9 majoritariamente afro-americana (cerca de 55%), com brancos representando cerca de 32%, hisp\u00e2nicos\/latinos ~5%, asi\u00e1ticos 2% e o restante nativos americanos ou multirraciais. Economicamente, Nova Orleans gera cerca de US$ 51 bilh\u00f5es em Produto Metropolitano Bruto anual (dados de 2023), colocando-a entre as 25 maiores economias urbanas do pa\u00eds. Wall Street pode dominar Nova York, mas Nova Orleans domina o transporte mar\u00edtimo da Costa do Golfo: opera um dos maiores portos mar\u00edtimos do mundo e \u00e9 um importante centro de refino de petr\u00f3leo e produ\u00e7\u00e3o petroqu\u00edmica. A cidade tamb\u00e9m \u00e9 um polo educacional e de sa\u00fade (sede de institui\u00e7\u00f5es como a Universidade Tulane e a Ochsner Health) e um polo tecnol\u00f3gico em crescimento. Crucialmente, a hospitalidade e as ind\u00fastrias criativas s\u00e3o grandes empregadores; s\u00f3 o turismo e as conven\u00e7\u00f5es geram milh\u00f5es anualmente. Em suma, em n\u00fameros, Nova Orleans \u00e9 uma cidade sulista de m\u00e9dio porte com enorme influ\u00eancia econ\u00f4mica devido aos seus setores portu\u00e1rio, energ\u00e9tico e cultural.<\/p>\n<p>A Cidade Crescente fica na Am\u00e9rica do Norte, no cora\u00e7\u00e3o do Sul Profundo. Geograficamente, est\u00e1 situada na margem leste do Rio Mississippi, a cerca de 145 quil\u00f4metros rio acima do Golfo do M\u00e9xico. Os arredores s\u00e3o uma plan\u00edcie costeira plana: p\u00e2ntanos e deltas fluviais ao sul e zonas \u00famidas a leste. Esse terreno baixo significa que Nova Orleans est\u00e1 majoritariamente no n\u00edvel do mar ou abaixo dele, o que exige um extenso sistema de diques. Ao contr\u00e1rio de Denver, em uma plan\u00edcie, ou de Denver, nas montanhas, Nova Orleans \u00e9 uma cidade fluvial, moldada pela \u00e1gua em todas as dire\u00e7\u00f5es: o grande rio a oeste, o Lago Pontchartrain ao norte, o Golfo ao sul. Uma piada diz que ela est\u00e1 &#034;sentada na terra, suspensa na \u00e1gua&#034;. O calor do ver\u00e3o \u00e9 amenizado pelas brisas do Golfo e pelos numerosos canais; os invernos s\u00e3o amenos.<\/p>\n<p>As origens de Nova Orleans remontam ao in\u00edcio do s\u00e9culo XVIII. Colonos franceses sob o comando de Jean-Baptiste Le Moyne de Bienville fundaram a cidade em 1718 em uma curva em forma de crescente do Mississippi. Sua imponente arquitetura francesa e seus top\u00f4nimos refletem esse passado colonial. Em 1763, ap\u00f3s a Guerra dos Sete Anos, a Fran\u00e7a cedeu a Louisiana (e Nova Orleans) \u00e0 Espanha, antes de Napole\u00e3o devolv\u00ea-la aos franceses em 1800. Apenas tr\u00eas anos depois, em 1803, os Estados Unidos adquiriram Nova Orleans na Compra da Louisiana, abrindo o Mississippi ao com\u00e9rcio americano. Nova Orleans prosperou na era pr\u00e9-guerra: em 1840, era a terceira maior cidade dos EUA e a maior de todo o Sul. Seu porto rivalizava com os de Boston e Filad\u00e9lfia em volume, e o algod\u00e3o e o a\u00e7\u00facar a tornaram uma cidade rica, embora altamente estratificada. Um ponto de virada ocorreu durante a Guerra de 1812. Em janeiro de 1815, o General Andrew Jackson liderou uma for\u00e7a americana heterog\u00eanea para derrotar os brit\u00e2nicos na Batalha de Nova Orleans, consolidando o lugar da cidade na hist\u00f3ria dos EUA.<\/p>\n<p>Ap\u00f3s a Guerra Civil, Nova Orleans navegou pela Reconstru\u00e7\u00e3o e pelas leis de Jim Crow, permanecendo um vibrante centro comercial at\u00e9 o s\u00e9culo XX. O jazz nasceu aqui no in\u00edcio dos anos 1900 e, na d\u00e9cada de 1920, a vida noturna do French Quarter era lend\u00e1ria. No final do s\u00e9culo XX, a cidade resistiu a per\u00edodos de expans\u00e3o e recess\u00e3o. Em 2005, o furac\u00e3o Katrina desferiu um golpe devastador. A maior parte da cidade foi inundada devido ao rompimento de diques, mais de 1.800 moradores pereceram e a popula\u00e7\u00e3o caiu pela metade. A recupera\u00e7\u00e3o foi dr\u00e1stica em algumas partes: o centro e alguns bairros foram reconstru\u00eddos, enquanto outros ainda carregam cicatrizes. A Nova Orleans de hoje carrega a marca de todas essas eras. Placas hist\u00f3ricas decoram a Jackson Square (que remontam \u00e0 era de Bienville), mas as vitrines tamb\u00e9m anunciam consultores de energia e startups de tecnologia. A cat\u00e1strofe do furac\u00e3o Katrina continua sendo um marco definitivo, mas o mesmo acontece com o ressurgimento da cidade, equilibrando o respeito pelo passado com o crescimento moderno.<\/p>\n<p>Nova Orleans tem um sabor cultural singular \u2013 uma mistura de influ\u00eancias francesas, espanholas, africanas, caribenhas e sulistas. Seu car\u00e1ter local fica claro assim que voc\u00ea desembarca do avi\u00e3o ou navio de cruzeiro: placas de rua em franc\u00eas (por exemplo, &#034;Rue&#034; para rua), uma atitude descontra\u00edda e m\u00fasica onipresente nas cal\u00e7adas. A heran\u00e7a francesa e crioula perdura n\u00e3o apenas na arquitetura, mas tamb\u00e9m nas tradi\u00e7\u00f5es vivas. Falantes de franc\u00eas e dialetos crioulos da Louisiana s\u00e3o raros hoje em dia, mas alguns idosos ainda conversam nessas l\u00ednguas. Mais comumente, o ingl\u00eas cotidiano da Louisiana \u00e9 temperado com frases cajun e crioulas (&#034;lagniappe&#034;, &#034;lagniappe&#034; significa &#034;um pouco mais&#034;, etc.). A cidade comemorou seu bicenten\u00e1rio em 2018 com alegria franco-i\u00eddiche, reconhecendo suas ra\u00edzes franc\u00f3fonas.<\/p>\n<p>A tradi\u00e7\u00e3o reina em Nova Orleans. Como um guia observa poeticamente, &#034;Nova Orleans \u00e9 uma cidade de h\u00e1bitos que evolu\u00edram para tradi\u00e7\u00f5es vener\u00e1veis&#034;. Feij\u00f5es vermelhos de domingo, funerais de jazz e bailes de m\u00e1scaras carnavalescos come\u00e7aram como costumes cotidianos e se tornaram marcos da cidade. A temporada anual de desfiles de Mardi Gras (Carnaval) \u00e9 a express\u00e3o mais v\u00edvida dessa heran\u00e7a: semanas de bailes de m\u00e1scaras e desfiles noturnos onde &#034;krewes&#034; fantasiados jogam contas de contas pelas ruas. Mas mesmo fora do Mardi Gras, o esp\u00edrito de celebra\u00e7\u00e3o \u00e9 constante. Jazz ao vivo sai dos clubes da Frenchmen Street todas as noites, e festivais preenchem o calend\u00e1rio o ano todo \u2013 do Jazz &amp; Heritage Festival a cada primavera ao Congo Square Rhythms no ver\u00e3o, ao French Quarter Festival e in\u00fameros desfiles \u00e9tnicos.<\/p>\n<p>Comparado a outras grandes cidades, o ritmo de vida em Nova Orleans parece l\u00e2nguido. Os moradores locais se orgulham da hospitalidade e do calor humano sulistas. Estranhos costumam cumprimentar com um sorriso ou um simp\u00e1tico &#034;Como vai?&#034; \u2013 mesmo em uma delicatessen ou em uma loja de consertos. Como observou um visitante, &#034;os moradores exalam calor e simpatia&#034;, uma caracter\u00edstica atribu\u00edda \u00e0 caridade crist\u00e3 e ao charme do velho mundo da cidade. Os caf\u00e9s na Jackson Square se espalham ao ar livre, com pessoas relaxando e tomando caf\u00e9 com leite e beignets. M\u00fasicos de rua tocando ao sol s\u00e3o t\u00e3o comuns quanto caminhonetes na rua. No entanto, por tr\u00e1s dessa convivialidade, h\u00e1 um humor afiado: os nova-orleanenses brincam que a cidade \u00e9 t\u00e3o tranquila que &#034;at\u00e9 os rel\u00f3gios demoram&#034;.<\/p>\n<p>Apesar desses encantos, a vida aqui tem seu lado sombrio. A cidade luta h\u00e1 muito tempo contra a desigualdade econ\u00f4mica e a criminalidade. Por d\u00e9cadas, Nova Orleans sofreu uma das maiores taxas de homic\u00eddio dos Estados Unidos. Essa realidade ameniza a imagem, que de outra forma seria fantasiosa. Nos \u00faltimos cinco anos, a cidade fez alguns progressos na seguran\u00e7a p\u00fablica; em meados de 2024, os crimes relatados ca\u00edram cerca de 26% em compara\u00e7\u00e3o com o ano anterior. Os visitantes ainda s\u00e3o aconselhados a permanecerem alertas, especialmente ap\u00f3s o anoitecer. Mas, com mais frequ\u00eancia, um rec\u00e9m-chegado se lembrar\u00e1 dos gentis motoristas de bonde, do doce aroma das magn\u00f3lias e do riso f\u00e1cil das pessoas no Caf\u00e9 du Monde. No final das contas, &#034;a atmosfera do French Quarter&#034; - a simp\u00e1tica placa do French Quarter em franc\u00eas nas esquinas, os guarda-chuvas vermelhos, as varandas de ferro forjado - \u00e9 o que deixa uma impress\u00e3o duradoura.<\/p>\n<p>Para qualquer viajante, Nova Orleans oferece um banquete de pontos tur\u00edsticos imperd\u00edveis. O principal deles \u00e9 o French Quarter, o centro hist\u00f3rico fundado em 1718. Seu cora\u00e7\u00e3o \u00e9 a Jackson Square \u2013 uma pra\u00e7a p\u00fablica dominada pela Catedral de St. Louis, de pedra branca (a mais antiga catedral cat\u00f3lica em atividade cont\u00ednua nos EUA). Ao redor da pra\u00e7a e da vizinha Bourbon Street, encontram-se sobrados em tons pastel com varandas de ferro ornamentadas e floridas. Aqui, pode-se visitar lugares lend\u00e1rios: m\u00fasicos balan\u00e7ando na varanda, est\u00e1tuas, vendedores de arte de rua e o mundialmente famoso Caf\u00e9 du Monde, que serve bolinhos de pralin\u00e9 e caf\u00e9 de chic\u00f3ria. O Quarter tamb\u00e9m abriga o Preservation Hall, para concertos noturnos de jazz ac\u00fastico, e as butiques da Royal Street, para antiguidades e belas artes.<\/p>\n<p>Al\u00e9m do Quarter, atra\u00e7\u00f5es n\u00e3o faltam. O Museu Nacional da Segunda Guerra Mundial, no Warehouse District, tem sido repetidamente classificado entre os melhores museus dos Estados Unidos \u2013 exposi\u00e7\u00f5es imersivas sobre o desembarque do Dia D, Midway e outros atraem f\u00e3s de hist\u00f3ria militar. Os amantes da arte ir\u00e3o gravitar para o Museu de Arte de Nova Orleans (NOMA) e o adjacente Jardim de Esculturas Sydney e Walda Besthoff no City Park. Os moradores de Crescent City admiram o Parque e o Zool\u00f3gico Audubon na parte alta da cidade, e at\u00e9 mesmo o adorado City Park, com seus carvalhos centen\u00e1rios e jardins bot\u00e2nicos. Para divers\u00e3o panor\u00e2mica, o Steamboat Natchez, \u00e0 beira do rio, oferece passeios di\u00e1rios de roda de p\u00e1s pelo horizonte. Imperd\u00edveis s\u00e3o os cemit\u00e9rios acima do solo (como o St. Louis n\u00ba 1) \u2013 sinistras &#034;Cidades dos Mortos&#034;, onde mausol\u00e9us ornamentados abrigam gera\u00e7\u00f5es de nova-orleanenses.<\/p>\n<p>Pontos tur\u00edsticos cl\u00e1ssicos tamb\u00e9m incluem o Garden District, a poucos quil\u00f4metros da parte alta da cidade, onde imponentes mans\u00f5es do s\u00e9culo XIX ladeiam ruas sombreadas por carvalhos. \u00c9 poss\u00edvel pegar o hist\u00f3rico bonde da St. Charles Avenue ao longo de uma cobertura de carvalhos e passar pela Universidade Loyola at\u00e9 as imponentes colunas da Universidade Tulane. O Museu de Arte e o Memorial Confederado, na cidade, completam as paradas mais voltadas para a cultura. No geral, h\u00e1 uma tens\u00e3o agrad\u00e1vel entre bairros hist\u00f3ricos desgastados (a &#034;eleg\u00e2ncia suave e a decad\u00eancia suave&#034; da antiga Nova Orleans) e bairros modernos revitalizados, repletos de galerias e caf\u00e9s. Cada esquina oferece um gostinho da hist\u00f3ria complexa da cidade: os bares de neon da Bourbon Street vibram ao lado de casas em estilo colonial franc\u00eas; os diques baixos lembram que o poderoso rio e o golfo nunca est\u00e3o longe.<\/p>\n<p>Nova Orleans \u00e9 bem conectada. O Aeroporto Internacional Louis Armstrong de Nova Orleans (MSY) fica a cerca de 17 quil\u00f4metros a oeste do centro da cidade; ele atende dezenas de companhias a\u00e9reas e rotas diretas para cidades do mundo todo. Mais pr\u00f3ximo, o pequeno Aeroporto Lakefront oferece voos regionais limitados. As principais rodovias tamb\u00e9m convergem para l\u00e1, tornando-a um cruzamento da Costa do Golfo: as rodovias interestaduais 10 e 610 circundam a cidade, enquanto a I-55 e a I-59 seguem para o norte. A linha Crescent da Amtrak (de Nova York a Nova Orleans) chega diariamente ao Terminal de Passageiros Union, convenientemente pr\u00f3ximo \u00e0s linhas de bonde e \u00e0 rodovi\u00e1ria. De carro, as rotas c\u00eanicas ao longo do rio (US-61) ou do Golfo (US-90) oferecem passeios memor\u00e1veis.<\/p>\n<p>Ao chegar \u00e0 cidade, os visitantes encontram diversas op\u00e7\u00f5es de transporte p\u00fablico. Os famosos bondes verdes e vermelhos da cidade atravessam os principais corredores \u2013 as linhas Riverfront, Canal Street, St. Charles (para Garden District) e Rampart-St. Claude. Esses charmosos bondes antigos (alguns datam da d\u00e9cada de 1920) oferecem uma maneira f\u00e1cil de explorar a cidade a partir da superf\u00edcie. Um sistema abrangente de \u00f4nibus (RTA) cobre todos os bairros, e a moderna extens\u00e3o da linha de bondes sobre trilhos leves (inaugurada em 2016) chega \u00e0 Tulane Avenue. T\u00e1xis, servi\u00e7os de transporte por aplicativo e balsas fluviais (para Algiers Point, do outro lado do Mississippi) s\u00e3o abundantes. Observe que o French Quarter em si \u00e9 muito acess\u00edvel a p\u00e9 e, em grande parte, livre de tr\u00e1fego de carros. Muitos moradores e turistas se locomovem a p\u00e9 ou de bicicleta.<\/p>\n<p>A moeda \u00e9 o d\u00f3lar americano e o ingl\u00eas \u00e9 falado universalmente (embora muitos card\u00e1pios ainda listem pratos com nomes franceses). A gorjeta \u00e9 um costume \u2013 cerca de 15% a 20% em restaurantes e bares. O ritmo e o c\u00f3digo de vestimenta da cidade s\u00e3o informais; roupas casuais s\u00e3o aceitas em quase todos os lugares (embora restaurantes sofisticados possam exigir palet\u00f3 para homens). Os moradores de Nova Orleans s\u00e3o r\u00e1pidos em cumprimentar &#034;ya&#039;ll&#034;, ent\u00e3o conversar com um amig\u00e1vel &#034;bonjour&#034; ou &#034;merci&#034; (obrigado) ao passar \u00e9 sempre apreciado. Culturalmente, as pessoas aqui se movem lentamente \u2013 se estiver com pressa, reserve mais tempo do que o habitual.<\/p>\n<p>Historicamente, Nova Orleans tem taxas de criminalidade mais altas do que muitas cidades, mas as condi\u00e7\u00f5es variam de acordo com o bairro. As \u00e1reas mais tur\u00edsticas (French Quarter, CBD, Garden District) s\u00e3o geralmente seguras durante o dia. Os visitantes devem tomar as precau\u00e7\u00f5es normais \u00e0 noite, permanecer em \u00e1reas iluminadas e manter seus pertences seguros. O NOPD observa que a criminalidade em geral vem diminuindo em 2024. Acima de tudo, um comportamento sensato do viajante (n\u00e3o exibir objetos de valor, viajar em grupo, se poss\u00edvel, ap\u00f3s o anoitecer) ajudar\u00e1 a garantir uma viagem agrad\u00e1vel. Primeiros socorros ou atendimento policial est\u00e3o prontamente dispon\u00edveis no centro da cidade. Com essas precau\u00e7\u00f5es observadas, Nova Orleans continua sendo uma cidade acolhedora \u2013 que recompensa o visitante de mente aberta com m\u00fasica, comida e hospitalidade sulistas inesquec\u00edveis.<a href=\"https:\/\/travelshelper.com\/pt\/destinos\/america-do-norte\/estados-unidos-da-america\/berkeley-springs\/\" target=\"_self\" aria-labelledby=\"uael-post-8997\"><br \/>\n<\/a><\/p>","protected":false},"excerpt":{"rendered":"<p>Nova Orleans, frequentemente chamada de NOLA ou Big Easy, \u00e9 uma cidade-par\u00f3quia consolidada situada ao longo do Rio Mississippi, no sudeste da Louisiana. Com uma popula\u00e7\u00e3o de 383.997 habitantes, o censo americano de 2020 classifica esta cidade como a mais populosa da Louisiana e do territ\u00f3rio da Louisiana Francesa. \u00c9 a terceira cidade mais populosa do Sul Profundo e a d\u00e9cima segunda cidade mais populosa do sudeste dos Estados Unidos. Para a regi\u00e3o da Costa do Golfo dos Estados Unidos, Nova Orleans serve como um importante porto e um reconhecido centro comercial e econ\u00f4mico.<\/p>","protected":false},"author":1,"featured_media":3170,"parent":8072,"menu_order":0,"comment_status":"closed","ping_status":"closed","template":"elementor_theme","meta":{"_eb_attr":"","footnotes":""},"class_list":["post-8297","page","type-page","status-publish","has-post-thumbnail"],"_links":{"self":[{"href":"https:\/\/travelshelper.com\/pt\/wp-json\/wp\/v2\/pages\/8297","targetHints":{"allow":["GET"]}}],"collection":[{"href":"https:\/\/travelshelper.com\/pt\/wp-json\/wp\/v2\/pages"}],"about":[{"href":"https:\/\/travelshelper.com\/pt\/wp-json\/wp\/v2\/types\/page"}],"author":[{"embeddable":true,"href":"https:\/\/travelshelper.com\/pt\/wp-json\/wp\/v2\/users\/1"}],"replies":[{"embeddable":true,"href":"https:\/\/travelshelper.com\/pt\/wp-json\/wp\/v2\/comments?post=8297"}],"version-history":[{"count":0,"href":"https:\/\/travelshelper.com\/pt\/wp-json\/wp\/v2\/pages\/8297\/revisions"}],"up":[{"embeddable":true,"href":"https:\/\/travelshelper.com\/pt\/wp-json\/wp\/v2\/pages\/8072"}],"wp:featuredmedia":[{"embeddable":true,"href":"https:\/\/travelshelper.com\/pt\/wp-json\/wp\/v2\/media\/3170"}],"wp:attachment":[{"href":"https:\/\/travelshelper.com\/pt\/wp-json\/wp\/v2\/media?parent=8297"}],"curies":[{"name":"wp","href":"https:\/\/api.w.org\/{rel}","templated":true}]}}