{"id":8219,"date":"2024-09-01T20:08:53","date_gmt":"2024-09-01T20:08:53","guid":{"rendered":"https:\/\/travelshelper.com\/staging\/?page_id=8219"},"modified":"2026-03-13T17:59:34","modified_gmt":"2026-03-13T17:59:34","slug":"miami-beach","status":"publish","type":"page","link":"https:\/\/travelshelper.com\/pt\/destinations\/north-america\/united-states\/miami-beach\/","title":{"rendered":"Miami Beach"},"content":{"rendered":"<p>Miami Beach \u00e9 uma cidade menor em popula\u00e7\u00e3o, mas supera seu peso no turismo. A cidade em si tinha cerca de 78.000 residentes em 2025, abaixo dos aproximadamente 82.000 em 2020. (\u00c9 efetivamente parte da maior \u00e1rea metropolitana de Miami, que totaliza mais de 6 milh\u00f5es de pessoas.) A idade m\u00e9dia de Miami Beach \u00e9 mais velha \u2013 em torno de 47 anos \u2013 refletindo sua popularidade entre aposentados e visitantes de inverno, embora a popula\u00e7\u00e3o sazonal infle nos meses de inverno com os snowbirds. Economicamente, Miami Beach prospera em im\u00f3veis e hospitalidade: a renda familiar m\u00e9dia \u00e9 relativamente alta (cerca de US$ 67.000) devido aos bairros ricos e \u00e0 economia impulsionada por resorts. As taxas de desemprego tendem a ser baixas, enquanto a pobreza \u00e9 baixa para os padr\u00f5es nacionais (~14%). Racial e etnicamente, a cidade \u00e9 bastante diversa: cerca de 56% se identificam como brancos (n\u00e3o hisp\u00e2nicos), com grandes comunidades hisp\u00e2nicas\/latinas e outras minorias. Quase 60% dos moradores falam espanhol em casa, refletindo a forte influ\u00eancia da migra\u00e7\u00e3o latino-americana e caribenha.<\/p>\n<p>Miami Beach \u00e9 uma cidade tur\u00edstica tropical localizada em uma cadeia de ilhas barreira ao longo da costa atl\u00e2ntica da Fl\u00f3rida, a leste da cidade continental de Miami. A cidade abrange a Ilha de Miami Beach (onde fica South Beach), as Ilhas Normandia e Biscayne, e ilhas menores \u2013 todas separadas do continente pela Ba\u00eda Biscayne. Fica no extremo sul da Am\u00e9rica do Norte, no estado americano da Fl\u00f3rida, sendo, portanto, considerada parte do sudeste dos Estados Unidos. A paisagem \u00e9 plana e oce\u00e2nica, com quil\u00f4metros de praias arenosas de frente para o Oceano Atl\u00e2ntico a leste e ba\u00edas\/lagoas a oeste. N\u00e3o h\u00e1 montanhas ou colinas \u2013 apenas palmeiras, cal\u00e7ad\u00f5es cercados por palmeiras e os famosos edif\u00edcios Art D\u00e9co em tons past\u00e9is de South Beach.<\/p>\n<p>O clima \u00e9 verdadeiramente tropical. Miami Beach tem ver\u00f5es quentes e \u00famidos e invernos amenos e quentes. Ela se encontra na zona de &#034;mon\u00e7\u00f5es tropicais&#034;: o ver\u00e3o (maio a outubro) traz frequentes tempestades \u00e0 tarde e risco de furac\u00f5es, com m\u00e1ximas diurnas frequentemente entre 27 e 32 \u00b0C (acima de 30 \u00b0C). Os meses de inverno s\u00e3o quentes (m\u00e1ximas de janeiro em torno de 15 a 21 \u00b0C) e raramente veem temperaturas abaixo de 10 \u00b0C. A esta\u00e7\u00e3o chuvosa atinge o pico no final do ver\u00e3o, contribuindo para uma precipita\u00e7\u00e3o m\u00e9dia anual em torno de 132 cm, com julho e setembro sendo especialmente chuvosos. Furac\u00f5es e tempestades tropicais podem amea\u00e7ar de junho a novembro, portanto, os viajantes durante essa temporada devem monitorar as previs\u00f5es. No geral, o clima \u00e9 favor\u00e1vel \u00e0 praia o ano todo, mas prote\u00e7\u00e3o solar e roupas leves s\u00e3o essenciais no ver\u00e3o, enquanto uma jaqueta leve \u00e9 \u200b\u200bsuficiente para as noites mais frias de inverno.<\/p>\n<p>A hist\u00f3ria de Miami Beach como resort remonta ao in\u00edcio do s\u00e9culo XX. As ilhas eram em grande parte desabitadas at\u00e9 a constru\u00e7\u00e3o da primeira ponte elevada. Em 1913, o desenvolvimento teve in\u00edcio quando o financista John S. Collins concluiu a Ponte Collins sobre a Ba\u00eda de Biscayne, na \u00e9poca a ponte de madeira mais longa do mundo. Collins (e mais tarde Carl Fisher, um magnata da ind\u00fastria automobil\u00edstica e incorporador sexagen\u00e1rio) come\u00e7ou a vender terras e a construir hot\u00e9is. A cidade de &#034;Miami Beach&#034; foi oficialmente incorporada em 1915. Miami Beach cresceu na d\u00e9cada de 1920 com o boom imobili\u00e1rio na Fl\u00f3rida; muitos de seus ic\u00f4nicos hot\u00e9is Art D\u00e9co datam de 1923 a 1943. O Distrito Hist\u00f3rico Art D\u00e9co em South Beach tornou-se particularmente not\u00e1vel \u2013 na verdade, foi listado no Registro Nacional de Lugares Hist\u00f3ricos dos EUA em 1979 como o maior conjunto de arquitetura Art D\u00e9co do mundo.<\/p>\n<p>As d\u00e9cadas seguintes foram marcadas por altos e baixos. Em meados do s\u00e9culo, Miami Beach tornou-se um ref\u00fagio popular para aposentados e celebridades. As d\u00e9cadas de 1960 e 1970 trouxeram um decl\u00ednio, com a migra\u00e7\u00e3o de alguns turistas para outros lugares, mas os esfor\u00e7os de preserva\u00e7\u00e3o dos edif\u00edcios Art D\u00e9co nas d\u00e9cadas de 1980 e 1990 desencadearam um renascimento. Hoje, Miami Beach \u00e9 mundialmente famosa como uma cidade-museu Art D\u00e9co, tendo se reinventado in\u00fameras vezes. Sua hist\u00f3ria inicial \u2013 dos coqueirais de Collins e do Hotel Flamingo (por volta de 1920) aos resorts luxuosos de hoje \u2013 \u00e9 um testemunho do turismo sustent\u00e1vel e do crescimento impulsionado pelo mercado imobili\u00e1rio.<\/p>\n<p>Miami Beach \u00e9 uma das cidades americanas mais cosmopolitas. Ingl\u00eas e espanhol s\u00e3o comuns; ali\u00e1s, mais da metade da popula\u00e7\u00e3o fala espanhol em casa. A cultura da cidade \u00e9 uma mistura vibrante de influ\u00eancias cubanas, haitianas, europeias e americanas, presentes na gastronomia, na m\u00fasica e na vida urbana. Seus bairros t\u00eam caracter\u00edsticas distintas: a chique South Beach (SoBe) \u00e9 conhecida pelo glamour das casas noturnas, ritmos latinos e uma grande comunidade LGBT; Mid-Beach e North Beach t\u00eam uma atmosfera residencial mais tranquila e familiar.<\/p>\n<p>Tradicionalmente, a vida em Miami Beach gira em torno da cultura da praia e da vida noturna. South Beach, em particular, \u00e9 famosa por sua energia 24 horas: casas noturnas sofisticadas, festas na piscina e eventos repletos de celebridades (pense nas noites quentes na Ocean Drive ou no Club Space). Durante o dia, \u00e9 um para\u00edso para banhos de sol, esportes aqu\u00e1ticos e o estilo de vida casual dos lounges de praia. Os moradores locais aproveitam a atividade f\u00edsica ao ar livre ao longo das trilhas \u00e0 beira-mar, e a cidade tem uma cena de moda e arte significativa (por exemplo, Miami Beach sedia a feira anual de arte contempor\u00e2nea Art Basel todo m\u00eas de dezembro, atraindo multid\u00f5es internacionais). Os festivais refletem essa mistura \u2013 por exemplo, o Calle Ocho\/Carnaval Miami em Little Havana (mar\u00e7o) e o Miami Beach Pride (mar\u00e7o) celebram as culturas latina e LGBTQIA+, enquanto o South Beach Food &amp; Wine Festival (fevereiro) e o Winter Music Conference (mar\u00e7o) atraem multid\u00f5es globais de culin\u00e1ria e dance music.<\/p>\n<p>No dia a dia, Miami Beach \u00e9 agitada e um tanto glamourosa. Muitas pessoas trabalham em turismo e hotelaria ou em finan\u00e7as\/tecnologia na vizinha Miami. H\u00e1 uma corrente de luxo casual \u2013 de cal\u00e7adas repletas de caf\u00e9s a butiques sofisticadas e cafeterias cubanas. Apesar da imagem de festa, os moradores locais tamb\u00e9m mant\u00eam um forte senso de comunidade: fam\u00edlias aproveitam os parques de praia e h\u00e1 um clima descontra\u00eddo quando as pessoas se cumprimentam sob o sol da Fl\u00f3rida. Em suma, a atmosfera de Miami Beach \u00e9 eletrizante, sofisticada e multicultural \u2013 uma cidade \u00e0 beira-mar onde sabores latino-americanos, artistas globais e a vida marinha se misturam perfeitamente \u00e0 rotina di\u00e1ria.<\/p>\n<p>As atra\u00e7\u00f5es de Miami Beach se concentram principalmente em suas praias, arquitetura e vida cultural. A mais famosa \u00e9 South Beach (frequentemente chamada de SoBe), uma faixa de praia de 3 quil\u00f4metros com ondas azul-turquesa e areia branca. Seu adjacente Distrito Art D\u00e9co (centrado na Ocean Drive e na Collins Avenue) \u00e9 um grande atrativo \u2013 centenas de hot\u00e9is, apartamentos e monumentos em tons pastel vibrantes constru\u00eddos entre as d\u00e9cadas de 1920 e 1940. Explorar este bairro hist\u00f3rico a p\u00e9 ou de bicicleta (por exemplo, no tour pelo Distrito Arquitet\u00f4nico de Miami Beach) \u00e9 uma experi\u00eancia imperd\u00edvel.<\/p>\n<p>Outros pontos tur\u00edsticos imperd\u00edveis incluem o Lincoln Road Mall, um cal\u00e7ad\u00e3o a c\u00e9u aberto com lojas e restaurantes; o museu Wolfsonian-FIU (um museu de design Art D\u00e9co em um hotel reformado da d\u00e9cada de 1920); o Bass Museum of Art (arte contempor\u00e2nea em um edif\u00edcio neorrenascentista); e o Holocaust Memorial (uma escultura m\u00f3vel ao ar livre). Para belezas naturais, o Jardim Bot\u00e2nico de Miami Beach e o South Pointe Park (na ponta de South Beach, com vista para o farol) s\u00e3o ref\u00fagios tranquilos. Nenhuma descri\u00e7\u00e3o estaria completa sem o Miami Beach Boardwalk, que se estende por quil\u00f4metros ao norte pela areia. A vida noturna e o entretenimento se concentram nas casas noturnas iluminadas por neon da Ocean Drive, al\u00e9m de bares premium em terra\u00e7os.<\/p>\n<p>Nas proximidades, o Lincoln Road Market (realizado mensalmente) oferece artesanato e comida local. Se voc\u00ea se aventurar um pouco al\u00e9m da ponte, o Museu Art D\u00e9co e o Centro de Conven\u00e7\u00f5es de Miami Beach (local da Art Basel) podem ser inclu\u00eddos. Em resumo, os pontos tur\u00edsticos imperd\u00edveis de Miami Beach combinam lazer \u00e0 beira-mar com arte e design \u2013 das praias ensolaradas \u00e0s feiras de arte de n\u00edvel internacional \u2013 tudo refletindo o charme litor\u00e2neo e o toque global da cidade.<\/p>\n<p>Miami Beach n\u00e3o possui aeroporto comercial, mas \u00e9 facilmente acess\u00edvel pelo Aeroporto Internacional de Miami (MIA), a cerca de 19 quil\u00f4metros do interior de Miami. O MIA oferece diversos voos internacionais e dom\u00e9sticos. Os aeroportos de Fort Lauderdale-Hollywood (FLL) e Palm Beach (PBI) tamb\u00e9m ficam a 72 a 112 quil\u00f4metros e podem ser utilizados. Do aeroporto, voc\u00ea pode pegar um t\u00e1xi, um servi\u00e7o de transporte compartilhado ou o Metrobus\/Miami Beach Airport Flyer para Miami Beach. As cal\u00e7adas (Julia Tuttle e Venetian) conectam as ilhas \u00e0 cidade de Miami.<\/p>\n<p>Em Miami Beach, o carro \u00e9 opcional. South Beach \u00e9 muito acess\u00edvel a p\u00e9 e de bicicleta; o servi\u00e7o gratuito Miami Beach Trolley opera diversas rotas circulares (linhas South Beach, Collins, Mid-Beach e North Beach). Os sistemas Metrorail e Metrobus atendem a \u00e1rea continental de Miami, e o Metrorail conecta o aeroporto e o centro da cidade. Geralmente, \u00e9 necess\u00e1rio um estacionamento se voc\u00ea dirige, e o estacionamento na rua pode ser dif\u00edcil em SoBe. T\u00e1xis compartilhados (Uber\/Lyft) e o sistema de \u00f4nibus Miami-Dade tamb\u00e9m atendem Miami Beach. Em geral, planeje caminhar ou andar de bicicleta em South Beach e, quem sabe, alugar um carro para passeios de um dia para o norte, at\u00e9 Palm Beach, ou para o oeste, at\u00e9 os Everglades.<\/p>\n<p>A moeda \u00e9 o d\u00f3lar americano; gorjetas (15\u201320% em restaurantes\/bares) s\u00e3o esperadas. Ingl\u00eas e espanhol s\u00e3o amplamente compreendidos (muitos card\u00e1pios e placas s\u00e3o bil\u00edngues). O traje \u00e9 bem casual; roupas de praia, chinelos e shorts s\u00e3o comuns durante o dia. A cidade \u00e9 segura em \u00e1reas tur\u00edsticas, mas furtos podem acontecer \u2013 fique de olho nos pertences na praia e em p\u00e1tios lotados. Prote\u00e7\u00e3o solar \u00e9 crucial o ano todo (protetor solar, chap\u00e9us) devido \u00e0 forte radia\u00e7\u00e3o UV. Se visitar na temporada de furac\u00f5es (junho a novembro), fique atento aos alertas meteorol\u00f3gicos (embora grandes tempestades sejam raras). Planeje evitar a praia \u00e0 tarde no pico do ver\u00e3o (os \u00edndices de calor podem aumentar), optando pelo in\u00edcio da manh\u00e3 ou pelo final da tarde. Por fim, a cortesia com os moradores locais e o respeito ao hor\u00e1rio de sil\u00eancio ap\u00f3s as 22h contribuir\u00e3o muito para se misturar \u00e0 comunidade de amantes da praia e moradores.<a href=\"https:\/\/travelshelper.com\/pt\/destinos\/america-do-norte\/estados-unidos-da-america\/berkeley-springs\/\" target=\"_self\" aria-labelledby=\"uael-post-8997\"><br \/>\n<\/a><\/p>","protected":false},"excerpt":{"rendered":"<p>Miami Beach, parte da \u00e1rea metropolitana de Miami, no sul da Fl\u00f3rida, \u00e9 uma cidade tur\u00edstica costeira no Condado de Miami-Dade, Fl\u00f3rida, e \u00e9 um lugar vibrante e vibrante. Situada em uma sequ\u00eancia de ilhas-barreira naturais e artificiais entre a tranquila Ba\u00eda de Biscayne e o vasto Oceano Atl\u00e2ntico, esta cidade \u00e9 a \u00fanica que divide Miami Beach da cidade continental. Entre os v\u00e1rios bairros de Miami Beach, South Beach \u00e9 o mais conhecido, com 6,5 km\u00b2 (2,5 milhas quadradas). Juntamente com o centro de Miami e o Porto de Miami, South Beach forma o ativo centro financeiro do sul da Fl\u00f3rida.<\/p>","protected":false},"author":1,"featured_media":3272,"parent":8072,"menu_order":0,"comment_status":"closed","ping_status":"closed","template":"elementor_theme","meta":{"_eb_attr":"","footnotes":""},"class_list":["post-8219","page","type-page","status-publish","has-post-thumbnail"],"_links":{"self":[{"href":"https:\/\/travelshelper.com\/pt\/wp-json\/wp\/v2\/pages\/8219","targetHints":{"allow":["GET"]}}],"collection":[{"href":"https:\/\/travelshelper.com\/pt\/wp-json\/wp\/v2\/pages"}],"about":[{"href":"https:\/\/travelshelper.com\/pt\/wp-json\/wp\/v2\/types\/page"}],"author":[{"embeddable":true,"href":"https:\/\/travelshelper.com\/pt\/wp-json\/wp\/v2\/users\/1"}],"replies":[{"embeddable":true,"href":"https:\/\/travelshelper.com\/pt\/wp-json\/wp\/v2\/comments?post=8219"}],"version-history":[{"count":0,"href":"https:\/\/travelshelper.com\/pt\/wp-json\/wp\/v2\/pages\/8219\/revisions"}],"up":[{"embeddable":true,"href":"https:\/\/travelshelper.com\/pt\/wp-json\/wp\/v2\/pages\/8072"}],"wp:featuredmedia":[{"embeddable":true,"href":"https:\/\/travelshelper.com\/pt\/wp-json\/wp\/v2\/media\/3272"}],"wp:attachment":[{"href":"https:\/\/travelshelper.com\/pt\/wp-json\/wp\/v2\/media?parent=8219"}],"curies":[{"name":"wp","href":"https:\/\/api.w.org\/{rel}","templated":true}]}}