{"id":8139,"date":"2024-09-01T13:05:58","date_gmt":"2024-09-01T13:05:58","guid":{"rendered":"https:\/\/travelshelper.com\/staging\/?page_id=8139"},"modified":"2026-03-13T17:53:48","modified_gmt":"2026-03-13T17:53:48","slug":"kansas-city","status":"publish","type":"page","link":"https:\/\/travelshelper.com\/pt\/destinations\/north-america\/united-states\/kansas-city\/","title":{"rendered":"Kansas City"},"content":{"rendered":"<p>Kansas City abrange a divisa do Missouri e do Kansas, mas aqui nos concentramos em Kansas City, Missouri (frequentemente chamada simplesmente de &#034;Kansas City&#034;, com popula\u00e7\u00e3o de aproximadamente 500.000 habitantes). Kansas City \u00e9 uma importante metr\u00f3pole do Centro-Oeste, historicamente conhecida pelo jazz, pela culin\u00e1ria de churrasco e por uma rede de fontes \u2013 entre outras distin\u00e7\u00f5es culturais. Hoje, Kansas City abriga cerca de 508.000 pessoas (estimativa de 2023), com uma popula\u00e7\u00e3o metropolitana de aproximadamente 2,1 milh\u00f5es. Fica na regi\u00e3o das Grandes Plan\u00edcies, na conflu\u00eancia dos rios Missouri e Kansas (sul do Missouri). A cidade em si se estende por um terreno predominantemente plano, com a famosa est\u00e9tica de pedra e churrasqueira em bairros como o Country Club Plaza (arquitetura de inspira\u00e7\u00e3o espanhola). O clima de Kansas City \u00e9 continental \u00famido: ver\u00f5es quentes e \u00famidos (tempestades frequentes) e invernos frios e com neve (com risco de tornados na primavera).<\/p>\n<p>Economicamente, Kansas City tem uma base ampla e diversificada. O PIB da regi\u00e3o metropolitana \u00e9 de cerca de US$ 146 bilh\u00f5es. Os principais setores incluem bioci\u00eancias (sa\u00fade animal\/pesquisa farmac\u00eautica \u2013 Kansas City \u00e9 l\u00edder global, com 113.969 trabalhadores em \u00e1reas relacionadas \u00e0 bioci\u00eancia) e um robusto setor de tecnologia (cerca de 77.700 empregados em tecnologia em 2024). A log\u00edstica e a distribui\u00e7\u00e3o s\u00e3o enormes, gra\u00e7as \u00e0 localiza\u00e7\u00e3o de Kansas City (principais p\u00e1tios ferrovi\u00e1rios e rodovias interestaduais), empregando mais de 105.000 pessoas. Servi\u00e7os financeiros e seguros (cerca de 77.000 empregos) tamb\u00e9m s\u00e3o proeminentes. A manufatura (especialmente o processamento de alimentos, devido \u00e0s liga\u00e7\u00f5es agr\u00edcolas do Missouri) tamb\u00e9m continua fazendo parte da economia. A renda familiar m\u00e9dia em Kansas City, Missouri, \u00e9 de aproximadamente US$ 67.449 (2023), com uma taxa de pobreza em torno de 14,6%. Nas \u00faltimas d\u00e9cadas, Kansas City atraiu sedes corporativas e startups, refletindo sua localiza\u00e7\u00e3o central nos EUA e seu custo de vida relativamente baixo.<\/p>\n<h2>Kansas City em n\u00fameros<\/h2>\n<p>A cidade de Kansas City, Missouri, tinha cerca de 508.233 habitantes em 2023. A composi\u00e7\u00e3o demogr\u00e1fica \u00e9 diversificada: aproximadamente 54,5% brancos (n\u00e3o hisp\u00e2nicos), 25,5% afro-americanos e 12,3% hisp\u00e2nicos ou latinos. Asi\u00e1ticos e outros grupos \u00e9tnicos comp\u00f5em o restante. Essa diversidade alimenta um vibrante cen\u00e1rio multicultural (observe as consider\u00e1veis \u200b\u200bcomunidades hisp\u00e2nicas nas zonas sul e sudoeste da cidade). A idade m\u00e9dia de Kansas City est\u00e1 na faixa dos 30 e poucos anos. A renda familiar m\u00e9dia (~US$ 67 mil) e o valor dos im\u00f3veis s\u00e3o modestos (a m\u00e9dia dos valores dos im\u00f3veis gira em torno de US$ 200 mil, embora algumas \u00e1reas sejam bem mais altas), refletindo seu contexto no Centro-Oeste.<\/p>\n<p>Em termos de escala metropolitana, Kansas City \u00e9 uma das maiores metr\u00f3poles dos EUA: cerca de 2,1 milh\u00f5es de habitantes, a 30\u00aa maior do pa\u00eds (segundo o censo de 2020). A economia metropolitana em geral gira em torno de US$ 146 bilh\u00f5es (2019), tornando-a um forte polo regional de neg\u00f3cios e cultura nas Plan\u00edcies e Ozarks. Per capita, a regi\u00e3o metropolitana tem alta participa\u00e7\u00e3o da for\u00e7a de trabalho e significativa presen\u00e7a corporativa. Esportes e eventos tamb\u00e9m contribuem: os times profissionais de Kansas City (Chiefs da NFL, Royals da MLB, Sporting KC da MLS) atraem a aten\u00e7\u00e3o nacional e impacto econ\u00f4mico.<\/p>\n<h2>Localiza\u00e7\u00e3o<\/h2>\n<p>Kansas City, Missouri, fica na divisa entre Missouri e Kansas, no Centro-Oeste dos EUA. Fica na conflu\u00eancia do Rio Missouri (alguns quil\u00f4metros ao norte do centro da cidade) e seu afluente, o Rio Kansas (que atravessa o lado do Kansas). A paisagem \u00e9 predominantemente plana com colinas suaves; pontos mais altos not\u00e1veis \u200b\u200bincluem Penn Valley e os Parques Swope. A altitude de Kansas City \u00e9 de aproximadamente 260 m acima do n\u00edvel do mar.<\/p>\n<p>A cidade \u00e9 um cruzamento de transportes: a Interestadual 70 atravessa Kansas City de leste a oeste, conectando-se a St. Louis (leste) e Denver (oeste); a Interestadual 35 segue para o norte em dire\u00e7\u00e3o ao Kansas (para Des Moines) e para o sul em dire\u00e7\u00e3o a Oklahoma City; a Interestadual 29 segue para o norte, para Iowa. A localiza\u00e7\u00e3o central da cidade nos EUA significa que ela fica a um dia de carro de grande parte dos Estados Unidos.<\/p>\n<p>O clima \u00e9 continental: os ver\u00f5es s\u00e3o quentes e \u00famidos (m\u00e1ximas m\u00e9dias em julho de ~32\u00b0C, com noites abafadas). Os invernos s\u00e3o frios (m\u00e1ximas em janeiro em torno de 2\u00b0C, m\u00ednimas na casa dos 10\u00b0C, com cerca de 50 cm de neve por ano). A primavera e o outono s\u00e3o per\u00edodos de transi\u00e7\u00e3o, embora tempestades severas (e tornados ocasionais) possam ocorrer na primavera. Festivais ao ar livre podem estar sujeitos a mudan\u00e7as clim\u00e1ticas repentinas. No geral, Kansas City tem quatro esta\u00e7\u00f5es distintas \u2013 um fator que os visitantes devem considerar ao planejar.<\/p>\n<h2>Instant\u00e2neo hist\u00f3rico<\/h2>\n<p>As origens de Kansas City remontam \u00e0 expans\u00e3o para o oeste no s\u00e9culo XIX. Come\u00e7ou como um porto fluvial (Westport Landing) no Rio Missouri, batizado em homenagem ao Rio Kansas (e, por fim, a uma tribo ind\u00edgena americana). Ap\u00f3s a Guerra Civil, cresceu rapidamente devido \u00e0 constru\u00e7\u00e3o de ferrovias e \u00e0 sua localiza\u00e7\u00e3o estrat\u00e9gica como porta de entrada para o Oeste. Em 1870, Kansas City j\u00e1 era uma cidade importante e, na virada do s\u00e9culo XX, era um importante centro de estocagem e processamento de carne para o pa\u00eds. Durante esse per\u00edodo, Kansas City tamb\u00e9m se tornou um importante centro de jazz e cultura afro-americana (particularmente no distrito da 18th &amp; Vine, onde lendas como Charlie Parker se apresentaram e onde hoje se encontra o Museu do Beisebol da Liga Negra).<\/p>\n<p>Ao longo do s\u00e9culo XX, a cidade consolidou-se com seus sub\u00farbios (d\u00e9cadas de 1940 a 1960) e continuou a se expandir. O famoso distrito comercial Country Club Plaza foi constru\u00eddo em 1922 como um dos primeiros shoppings voltados para autom\u00f3veis. Ap\u00f3s algum decl\u00ednio em meados do s\u00e9culo, a revitaliza\u00e7\u00e3o come\u00e7ou na d\u00e9cada de 1990, com a reforma do centro e novos investimentos culturais. Nos \u00faltimos anos, Kansas City emergiu com um novo horizonte de torres de escrit\u00f3rios e hot\u00e9is modernos. (Um empreendimento marcante foi o Kauffman Center for the Performing Arts, inaugurado em 2011, que inaugurou um novo crescimento no Power &amp; Light District no centro da cidade.) Hoje, Kansas City honra sua heran\u00e7a jazz\u00edstica (o Museu Americano do Jazz), celebra seus campe\u00f5es esportivos (vit\u00f3rias no Super Bowl, vit\u00f3rias na World Series) e mant\u00e9m a hospitalidade do Centro-Oeste. Assim, a narrativa hist\u00f3rica \u00e9 uma hist\u00f3ria de passagem pela fronteira, vibrantes encruzilhadas culturais e renova\u00e7\u00e3o urbana resiliente.<\/p>\n<h2>Vibra\u00e7\u00e3o cultural<\/h2>\n<p>Kansas City possui uma identidade cultural forte e distinta. O jazz floresceu aqui nas d\u00e9cadas de 1920 e 1930, nos clubes da 18th &amp; Vine, e continua sendo uma tradi\u00e7\u00e3o ativa at\u00e9 hoje. A cidade abriga dezenas de casas de shows de jazz, clubes e jam sessions todas as noites. O Museu Americano do Jazz (no hist\u00f3rico bairro da 18th &amp; Vine) e o Festival Anual de Jazz e Patrim\u00f4nio de Kansas City, realizado todos os ver\u00f5es, refletem esse legado.<\/p>\n<p>Igualmente ic\u00f4nica \u00e9 a cultura do churrasco em Kansas City: a cidade afirma ter mais de 100 churrascarias, e os moradores locais levam suas carnes defumadas lentamente muito a s\u00e9rio. Todos os famosos estilos regionais (como pontas queimadas e molho agridoce) podem ser encontrados, e h\u00e1 at\u00e9 um aplicativo m\u00f3vel &#034;KC BBQ Experience&#034; que avalia os mestres da churrasqueira. Churrascarias (como Arthur Bryant&#039;s, Gates e Jack Stack) s\u00e3o refer\u00eancias gastron\u00f4micas, frequentemente citadas como imperd\u00edveis pelos visitantes.<\/p>\n<p>Outra marca registrada peculiar de Kansas City s\u00e3o as in\u00fameras fontes. Apelidada de &#034;Cidade das Fontes&#034;, Kansas City possui mais de 200 fontes ornamentais \u2013 perdendo apenas para Roma no total. (Voc\u00ea ver\u00e1 fontes em parques, rotat\u00f3rias e p\u00e1tios por toda a cidade.) Estas n\u00e3o s\u00e3o apenas decora\u00e7\u00f5es, mas sim s\u00edmbolos c\u00edvicos adorados \u2013 um indicador do orgulho c\u00edvico de Kansas City e de sua \u00eanfase em espa\u00e7os p\u00fablicos.<\/p>\n<p>Em termos de esportes e festivais, Kansas City demonstra forte orgulho c\u00edvico. Os recentes campeonatos da NFL do Kansas City Chiefs (temporadas de 2019 e 2022) reacenderam o entusiasmo da cidade; &#034;celebra\u00e7\u00f5es&#034; como os desfiles da vit\u00f3ria tornam-se grandes eventos comunit\u00e1rios. O Kansas City Royals (MLB) e o Sporting Kansas City (MLS) atraem seus pr\u00f3prios f\u00e3s. A cidade tamb\u00e9m sedia eventos renomados: o evento de gado e rodeio American Royal (desde 1899), uma grande exposi\u00e7\u00e3o de gado realizada todo outono, e o Festival da Cerveja Boulevardia, que reflete o crescente cen\u00e1rio de cervejarias artesanais de Kansas City.<\/p>\n<p>Cada bairro contribui para a atmosfera: os distritos de Westport e River Market s\u00e3o conhecidos pela vida noturna e gastronomia; o Crossroads Arts District tem galerias e feiras de arte da Primeira Sexta-feira; o 18th &amp; Vine Historic Jazz District (que tamb\u00e9m abriga o Museu de Beisebol da Negro Leagues) \u00e9 um centro cultural de jazz e hist\u00f3ria dos direitos civis. Em todos os bairros, os moradores s\u00e3o geralmente pr\u00e1ticos e amig\u00e1veis, refletindo a hospitalidade do Centro-Oeste. O ingl\u00eas \u00e9 universal, mas na zona sul da cidade voc\u00ea ouvir\u00e1 espanhol com frequ\u00eancia (em algumas escolas e empresas). No geral, Kansas City oferece uma atmosfera acolhedora e vibrante \u2013 com a escala de uma cidade grande, mas com um cora\u00e7\u00e3o local.<\/p>\n<h2>Principais atra\u00e7\u00f5es<\/h2>\n<p>As atra\u00e7\u00f5es de Kansas City abrangem institui\u00e7\u00f5es culturais, hist\u00f3ria e entretenimento. Os principais atrativos incluem:<\/p>\n<ul>\n<li><strong>Museu e Memorial Nacional da Primeira Guerra Mundial<\/strong> \u2013 Localizado na torre do Memorial da Liberdade, no centro da cidade, este \u00e9 um dos museus da Primeira Guerra Mundial mais completos do pa\u00eds. A torre do memorial tamb\u00e9m oferece vistas panor\u00e2micas da cidade.<\/li>\n<li><strong>Museu de Arte Nelson-Atkins<\/strong> \u2013 Um museu de arte aclamado internacionalmente (famoso por sua escultura de Shostakovich e suas &#034;Esta\u00e7\u00f5es Celestes&#034; ao ar livre). A entrada \u00e9 gratuita e o acervo do museu abrange desde arte asi\u00e1tica at\u00e9 contempor\u00e2nea. (O edif\u00edcio neocl\u00e1ssico e o espelho d&#039;\u00e1gua do Nelson s\u00e3o, por si s\u00f3, fotog\u00eanicos.)<\/li>\n<li><strong>Museu do Jazz Americano e Museu de Beisebol das Ligas Negras<\/strong> \u2013 Ambos no hist\u00f3rico 18th &amp; Vine District. O Museu do Jazz apresenta a hist\u00f3ria do jazz de Kansas City (com grava\u00e7\u00f5es de arquivo), enquanto o Museu das Ligas Negras narra os pioneiros do beisebol afro-americano. (Essas institui\u00e7\u00f5es destacam os principais legados culturais de Kansas City.)<\/li>\n<li><strong>Pra\u00e7a do Country Club<\/strong> \u2013 Um sofisticado distrito de compras ao ar livre, projetado em arquitetura espanhola, com fontes e telhados de cer\u00e2mica. \u00c9 um local popular para compras, restaurantes e observa\u00e7\u00e3o de pessoas, especialmente durante a Cerim\u00f4nia Anual de Ilumina\u00e7\u00e3o da Pra\u00e7a, no Dia de A\u00e7\u00e3o de Gra\u00e7as.<\/li>\n<li><strong>Union Station e Cidade da Ci\u00eancia<\/strong> \u2013 A hist\u00f3rica Union Station (constru\u00edda em 1914) \u00e9 agora uma atra\u00e7\u00e3o para toda a fam\u00edlia, com restaurantes, um centro de ci\u00eancias interativo (Cidade da Ci\u00eancia) e exposi\u00e7\u00f5es ocasionais. (Adequado para crian\u00e7as, mas interessante tamb\u00e9m para adultos.)<\/li>\n<li><strong>Centro da Coroa<\/strong> \u2013 Adjacente \u00e0 Union Station, o Crown Center \u00e9 um complexo de uso misto com a sede corporativa da Hallmark, lojas e o Legoland Discovery Center \u2013 \u00f3timo para fam\u00edlias. Ao lado, o <strong>Pra\u00e7a Crown Center<\/strong> hospeda eventos sazonais (como a pista de gelo anual).<\/li>\n<li><strong>Zool\u00f3gico de Kansas City<\/strong> \u2013 Localizado no Parque Swope, um dos principais zool\u00f3gicos do pa\u00eds (constru\u00eddo ao redor de um lago de 26 hectares), ele apresenta um grande recinto africano com elefantes, girafas e grandes felinos, al\u00e9m da Pra\u00e7a dos Pinguins de Helzberg.<\/li>\n<li><strong>Boulevard Drive-In Theater<\/strong> \u2013 Uma experi\u00eancia cl\u00e1ssica de cinema drive-in em funcionamento desde 1950. Este lugar nost\u00e1lgico \u00e9 adorado pelos moradores locais por suas sess\u00f5es duplas de ver\u00e3o sob as estrelas.<\/li>\n<li><strong>Parque de Esculturas e Fontes Aqu\u00e1ticas Nelson-Atkins<\/strong> \u2013 Al\u00e9m do museu interno, o terreno do Nelson inclui esculturas ao ar livre e uma enorme fonte iluminada com luzes coloridas nas noites de ver\u00e3o.<\/li>\n<\/ul>\n<p>Muitas dessas atra\u00e7\u00f5es podem ser exploradas com o bonde gratuito KC Streetcar no centro da cidade (uma linha de 3,5 quil\u00f4metros que conecta o River Market, passando pelo centro da cidade, \u00e0 Union Station e \u00e0 Crossroads). Ali\u00e1s, a recente revitaliza\u00e7\u00e3o urbana de Kansas City tornou o centro mais acess\u00edvel a p\u00e9, com novos restaurantes, cervejarias e obras de arte p\u00fablica (a \u00e1rea da Boulevardia e o River Market). Juntas, as atra\u00e7\u00f5es destacam a mistura de heran\u00e7a do Centro-Oeste (fontes, churrasco, jazz) com as artes e o entretenimento de uma cidade grande.<\/p>\n<h2>Vis\u00e3o pr\u00e1tica<\/h2>\n<p>O principal aeroporto \u00e9 o Aeroporto Internacional de Kansas City (MCI, frequentemente denominado MCI\/Kansas City), a cerca de 24 quil\u00f4metros a noroeste do centro da cidade. O MCI oferece dezenas de voos dom\u00e9sticos (Chicago, Dallas, Denver, Nova York, etc.) e algumas rotas internacionais (por exemplo, para Londres ou Cidade do M\u00e9xico). Para quem dirige, Kansas City \u00e9 facilmente acess\u00edvel pela I-35 e I-70. Se vier de trem, a esta\u00e7\u00e3o Kansas City da Amtrak (no Missouri) oferece servi\u00e7o di\u00e1rio pela linha Southwest Chief (rota de costa a costa) \u2013 embora os hor\u00e1rios sejam limitados. Aeroportos regionais (por exemplo, Kansas City, Aeroporto do Kansas ou Columbia Regional) s\u00e3o muito menores, ent\u00e3o a maioria dos viajantes usa o MCI.<\/p>\n<p>O sistema de bonde gratuito (KC) do centro da cidade oferece viagens convenientes ao longo da Main Street e Grand Blvd (do River Market ao Crown Center\/Union Station) e, principalmente, os passeios s\u00e3o <em>livre<\/em> para passageiros. (O bonde est\u00e1 sendo estendido para o norte e conectar\u00e1 Westport e o Country Club Plaza at\u00e9 2025.) Al\u00e9m disso, a cidade opera uma rede de \u00f4nibus (RideKC) que cobre o metr\u00f4; no entanto, a expans\u00e3o urbana significa que, para \u00e1reas suburbanas e viagens de neg\u00f3cios de alta temporada, muitos visitantes recorrem a carros alugados, servi\u00e7os de transporte compartilhado ou t\u00e1xis. As principais atra\u00e7\u00f5es no centro e nos sub\u00farbios (Zool\u00f3gico, Crown Center) s\u00e3o mais facilmente acess\u00edveis de carro. O centro e Crossroads s\u00e3o bastante acess\u00edveis a p\u00e9, e o ciclismo \u00e9 popular em diversas trilhas.<\/p>\n<p>A moeda \u00e9 o d\u00f3lar americano e o ingl\u00eas \u00e9 o idioma principal (cerca de 12% dos residentes s\u00e3o hisp\u00e2nicos, ent\u00e3o o espanhol \u00e9 o segundo idioma mais comum na regi\u00e3o). A gorjeta segue as normas americanas (15% a 20% em restaurantes). Os motoristas de Kansas City observam as mesmas regras de tr\u00e2nsito que em outros lugares dos EUA (dirigir pelo lado direito). Uma observa\u00e7\u00e3o sobre seguran\u00e7a: o centro de Kansas City \u00e9 geralmente seguro durante o dia e no in\u00edcio da noite (com presen\u00e7a policial vis\u00edvel nas zonas tur\u00edsticas), mas, como em qualquer cidade grande, \u00e9 preciso ficar atento aos arredores \u00e0 noite. A regi\u00e3o do Rio Missouri pode inundar na primavera, portanto, verifique os avisos sazonais antes de ir aos parques ribeirinhos. Para a previs\u00e3o do tempo, prepare-se para a esta\u00e7\u00e3o \u2013 os ver\u00f5es podem ser propensos a tempestades, os invernos podem trazer gelo.<\/p>\n<p>Em suma, um visitante de Kansas City deve esperar comodidades de uma cidade grande com uma atmosfera simples. A infraestrutura (estradas, redes hoteleiras, restaurantes) \u00e9 moderna e amig\u00e1vel aos visitantes. A \u00eanfase em artes e culin\u00e1ria significa que voc\u00ea encontrar\u00e1 facilmente comida internacional ao lado de churrascarias, e falar ingl\u00eas \u00e9 tudo o que \u00e9 necess\u00e1rio para se virar. A \u00e1rea de Kansas City possui v\u00e1rios distritos comerciais e culturais importantes, ent\u00e3o planejar a log\u00edstica ajuda: por exemplo, Downtown, Country Club Plaza e Westport n\u00e3o s\u00e3o adjacentes, ent\u00e3o reserve tempo de carro ou traslados de \u00f4nibus entre eles. Mas, em geral, KCMO \u00e9 bem organizada, amig\u00e1vel e tem bastante sinaliza\u00e7\u00e3o em ingl\u00eas, para que os viajantes se sintam em casa rapidamente.<a href=\"https:\/\/travelshelper.com\/pt\/destinos\/america-do-norte\/estados-unidos-da-america\/berkeley-springs\/\" target=\"_self\" aria-labelledby=\"uael-post-8997\"><br \/>\n<\/a><\/p>","protected":false},"excerpt":{"rendered":"<p>Kansas City, Missouri (frequentemente abreviada como KC ou KCMO), \u00e9 a cidade mais populosa e extensa do estado do Missouri. Embora fa\u00e7a fronteira com os condados de Clay, Platte e Cass, a maior parte de Kansas City fica no Condado de Jackson. Com uma popula\u00e7\u00e3o de quase 2.392.035 habitantes e abrangendo a divisa entre os estados Missouri e Kansas, esta cidade \u00e9 o polo central da \u00e1rea metropolitana de Kansas City. No censo de 2020, Kansas City, a sexta cidade mais populosa do Centro-Oeste e a 37\u00aa cidade mais populosa dos Estados Unidos, tinha uma popula\u00e7\u00e3o de 508.090 habitantes.<\/p>","protected":false},"author":1,"featured_media":3057,"parent":8072,"menu_order":0,"comment_status":"closed","ping_status":"closed","template":"elementor_theme","meta":{"_eb_attr":"","footnotes":""},"class_list":["post-8139","page","type-page","status-publish","has-post-thumbnail"],"_links":{"self":[{"href":"https:\/\/travelshelper.com\/pt\/wp-json\/wp\/v2\/pages\/8139","targetHints":{"allow":["GET"]}}],"collection":[{"href":"https:\/\/travelshelper.com\/pt\/wp-json\/wp\/v2\/pages"}],"about":[{"href":"https:\/\/travelshelper.com\/pt\/wp-json\/wp\/v2\/types\/page"}],"author":[{"embeddable":true,"href":"https:\/\/travelshelper.com\/pt\/wp-json\/wp\/v2\/users\/1"}],"replies":[{"embeddable":true,"href":"https:\/\/travelshelper.com\/pt\/wp-json\/wp\/v2\/comments?post=8139"}],"version-history":[{"count":0,"href":"https:\/\/travelshelper.com\/pt\/wp-json\/wp\/v2\/pages\/8139\/revisions"}],"up":[{"embeddable":true,"href":"https:\/\/travelshelper.com\/pt\/wp-json\/wp\/v2\/pages\/8072"}],"wp:featuredmedia":[{"embeddable":true,"href":"https:\/\/travelshelper.com\/pt\/wp-json\/wp\/v2\/media\/3057"}],"wp:attachment":[{"href":"https:\/\/travelshelper.com\/pt\/wp-json\/wp\/v2\/media?parent=8139"}],"curies":[{"name":"wp","href":"https:\/\/api.w.org\/{rel}","templated":true}]}}