{"id":8130,"date":"2024-09-01T11:57:43","date_gmt":"2024-09-01T11:57:43","guid":{"rendered":"https:\/\/travelshelper.com\/staging\/?page_id=8130"},"modified":"2026-03-13T17:47:16","modified_gmt":"2026-03-13T17:47:16","slug":"jackson-hole","status":"publish","type":"page","link":"https:\/\/travelshelper.com\/pt\/destinations\/north-america\/united-states\/jackson-hole\/","title":{"rendered":"Jackson Hole"},"content":{"rendered":"<p>Localizada na paisagem montanhosa do noroeste do Wyoming, Jackson Hole \u00e9 uma cidade de vale com alta altitude que incorpora a ess\u00eancia do oeste americano. A cidade de Jackson (frequentemente chamada apenas de &#034;Jackson Hole&#034;) \u00e9 a maior comunidade do Condado de Teton, mas mesmo em 2023 continua pequena \u2013 cerca de 10.700 habitantes. Apesar de sua popula\u00e7\u00e3o modesta, Jackson Hole ostenta uma reputa\u00e7\u00e3o descomunal como um resort de luxo e centro de aventuras ao ar livre. Fica perto (e parcialmente dentro) do Parque Nacional Grand Teton, com a dram\u00e1tica Cordilheira Teton elevando-se imediatamente a oeste e a franja sul de Yellowstone a cerca de 96 quil\u00f4metros ao norte. Este pitoresco vale montanhoso \u00e9 esculpido pelos rios Snake e Gros Ventre, acima de 1.813 metros de altitude. O clima \u00e9 alpino: ver\u00f5es curtos e quentes e invernos longos e frios. A vida urbana em Jackson \u00e9 descontra\u00edda e voltada para o ar livre; o ingl\u00eas \u00e9 o idioma principal, refletindo sua taxa de cidadania americana de 100% e sua popula\u00e7\u00e3o majoritariamente branca. (A popula\u00e7\u00e3o local \u00e9 composta por cerca de dois ter\u00e7os de brancos, com uma crescente comunidade hisp\u00e2nica de aproximadamente 23,5%, em grande parte devido aos trabalhadores sazonais e de servi\u00e7os que falam espanhol.)<\/p>\n<h2>Jackson Hole em n\u00fameros<\/h2>\n<p>Como observado, Jackson Hole \u00e9 pequena para os padr\u00f5es de uma cidade \u2013 apenas cerca de 10,7 mil habitantes em 2023. \u00c9 tamb\u00e9m uma das cidades mais ricas dos EUA em termos de renda familiar: a renda familiar m\u00e9dia gira em torno de US$ 112.600 por ano, muito acima da m\u00e9dia nacional. A idade m\u00e9dia \u00e9 de cerca de 35 anos (o que indica muitos jovens adultos e fam\u00edlias, al\u00e9m de aposentados). A cidade \u00e9 essencialmente 100% composta por cidad\u00e3os americanos e mais de 90% por brancos (n\u00e3o hisp\u00e2nicos), embora, como mencionado, uma parcela significativa da for\u00e7a de trabalho se identifique como hisp\u00e2nica. H\u00e1 muito pouca diversidade lingu\u00edstica em casa \u2013 praticamente todos os moradores relatam falar apenas ingl\u00eas.<\/p>\n<p>A economia local gira em torno do turismo e servi\u00e7os relacionados. Jackson Hole e o Condado de Teton atraem mais de um milh\u00e3o de visitantes por ano; em 2022, cerca de 1,69 milh\u00e3o de visitantes visitaram a regi\u00e3o, injetando aproximadamente US$ 1,65 a US$ 1,7 bilh\u00e3o na economia local. Esses gastos sustentaram cerca de 7.900 empregos (cerca de 7% do emprego do condado) e incluem hospedagem, alimenta\u00e7\u00e3o, recrea\u00e7\u00e3o (esqui, trilhas, guias de pesca) e varejo. Em suma, os n\u00fameros ressaltam que a subsist\u00eancia de Jackson Hole depende de suas atra\u00e7\u00f5es naturais \u2013 montanhas, vida selvagem, esqui \u2013 e n\u00e3o da agricultura ou da ind\u00fastria pesada. (Para se ter uma ideia, a atividade econ\u00f4mica per capita \u00e9 enorme; uma pessoa pode observar casualmente que a economia de Jackson gira em torno de US$ 160.000 por residente em gastos com turismo.)<\/p>\n<h2>Localiza\u00e7\u00e3o<\/h2>\n<p>Jackson Hole refere-se ao vale \u2013 com aproximadamente 67 quil\u00f4metros de extens\u00e3o \u2013 que fica entre a Cordilheira Teton a oeste e a Cordilheira Gros Ventre a leste. A cidade de Jackson fica perto do extremo sul do vale, a cerca de 105 quil\u00f4metros do Parque Nacional de Yellowstone e a 16 quil\u00f4metros do Parque Nacional de Grand Teton. Faz parte do Ecossistema de Greater Yellowstone. O fundo do vale tem uma altitude m\u00e9dia de 1.900 m acima do n\u00edvel do mar. Os picos ao redor s\u00e3o impressionantes: Grand Teton atinge 4.175 metros. Essas montanhas criam um ambiente cl\u00e1ssico das Montanhas Rochosas: florestas alpinas, rios selvagens e prados de artem\u00edsia. Ao sul, o vale encontra a Cordilheira Wyoming; ao norte, o Rio Snake des\u00e1gua em dire\u00e7\u00e3o a Idaho.<\/p>\n<p>A Divis\u00f3ria Continental passa perto; na verdade, a US Route 26\/89\/191 atravessa Teton Pass (8.431 p\u00e9s) em Idaho cerca de 16 milhas ao sul da cidade, ligando Jackson Hole \u00e0 \u00e1rea de resort de Idaho (por exemplo, Victor, ID). No inverno, esta passagem pode ser nevada, ent\u00e3o os viajantes costumam planejar em torno dela. O clima local \u00e9 fresco: as m\u00e1ximas m\u00e9dias de ver\u00e3o est\u00e3o na casa dos 70-80s \u00b0F (meados dos 20 \u00b0C) e as m\u00e9dias de inverno - m\u00eas: por exemplo, m\u00e1xima de janeiro ~30 \u00b0F, m\u00ednima ~10 \u00b0F (-1 \u00b0C\/-12 \u00b0C). A queda de neve \u00e9 \u200b\u200bpesada (50+ polegadas por temporada), permitindo que os resorts de esqui mundialmente famosos do vale (Jackson Hole Mountain Resort, Snow King) operem de novembro a abril. N\u00e3o foram necess\u00e1rias cita\u00e7\u00f5es aqui, mas os dados indicam extremos de -22 \u00b0F a +102 \u00b0F historicamente.<\/p>\n<h2>Instant\u00e2neo hist\u00f3rico<\/h2>\n<p>A regi\u00e3o de Jackson Hole \u00e9 habitada por nativos americanos h\u00e1 mil\u00eanios. Os Shoshone, assim como tribos relacionadas (Bannock, Crow, Blackfoot, Gros Ventre), utilizavam o vale sazonalmente para ca\u00e7a e pesca. As nascentes e prados eram terrenos neutros e tinham significado cultural para o povo Shoshone-Bannock. Para eles, as fontes termais eram &#034;\u00e1guas curativas&#034; sagradas e, de fato, ainda hoje muitas narrativas locais enfatizam o valor espiritual das fontes.<\/p>\n<p>O vale foi &#034;descoberto&#034; por montanheses e ca\u00e7adores americanos no in\u00edcio do s\u00e9culo XIX. O comerciante de peles David &#034;Davey&#034; Jackson, membro da lend\u00e1ria Expedi\u00e7\u00e3o Astor de 1822, supostamente passava o inverno aqui, dando ao vale seu nome (originalmente &#034;Buraco de Davey Jackson&#034;). O vale permaneceu escassamente povoado por d\u00e9cadas; fazia parte das rotas da Trilha do Oregon e da Trilha da Calif\u00f3rnia em meados do s\u00e9culo XIX, com emigrantes passando por perto a caminho do oeste.<\/p>\n<p>O assentamento permanente de n\u00e3o ind\u00edgenas come\u00e7ou para valer no final do s\u00e9culo XIX. Fazendeiros se mudaram para l\u00e1 como parte das terras da Reserva Ind\u00edgena de Fort Hall ap\u00f3s tratados assinados na d\u00e9cada de 1870, e na d\u00e9cada de 1880 a cria\u00e7\u00e3o de gado tornou-se a principal ind\u00fastria do vale. A cidade de Jackson (originalmente &#034;Jackson&#039;s Hole&#034; ou &#034;Fisher&#039;s Hollow&#034;) recebeu seu nome formal em 1894, \u00e9poca em que j\u00e1 contava com algumas dezenas de pr\u00e9dios e uma balsa que cruzava o Rio Snake. Em 1900, o primeiro loteamento urbano foi tra\u00e7ado e, em 1903, Jackson foi incorporada como cidade.<\/p>\n<p>Um ponto de virada ocorreu no in\u00edcio do s\u00e9culo XX, quando o governo federal transformou terras locais em parques p\u00fablicos. Entre 1908 e 1912, o Congresso autorizou um ref\u00fagio nacional para alces no vale, destinado \u00e0 sua sobreviv\u00eancia durante o inverno; o Ref\u00fagio de Alces de Jackson Hole foi oficialmente estabelecido em 1912, garantindo uma popula\u00e7\u00e3o permanente de milhares de alces e bis\u00f5es. Enquanto isso, em 1929, os Estados Unidos criaram o Parque Nacional Grand Teton, protegendo as montanhas a oeste. Essas designa\u00e7\u00f5es deslocaram a economia do vale da pecu\u00e1ria para o turismo. Jackson Hole foi incorporada como cidade em 1915 (seu nome foi abreviado para &#034;Jackson&#034;) e, durante a Grande Depress\u00e3o, o turismo (passeios de carro no ver\u00e3o e ranchos para turistas) manteve a cidade viva.<\/p>\n<p>Ap\u00f3s a Segunda Guerra Mundial, o lazer prosperou. Em 1939, o primeiro telef\u00e9rico foi constru\u00eddo na Montanha Snow King, bem no centro da cidade, e em 1954 o Jackson Hole Mountain Resort foi inaugurado na Vila Teton, a noroeste. Esses desenvolvimentos, combinados com a abertura de voos comerciais do Aeroporto de Jackson Hole em 1946, tornaram Jackson acess\u00edvel aos visitantes. Ao longo da segunda metade do s\u00e9culo XX, Jackson Hole evoluiu de uma comunidade de cria\u00e7\u00e3o de gado para um destino tur\u00edstico mundialmente famoso \u2013 mantendo, ao mesmo tempo, uma identidade distintamente &#034;cowboy&#034; do oeste americano.<\/p>\n<p>Hoje, alguns elementos do passado de Jackson permanecem: os cl\u00e1ssicos arcos de chifres na Pra\u00e7a da Cidade (constru\u00eddos em 1953 com chifres de alce coletados no ref\u00fagio) simbolizam sua heran\u00e7a fronteiri\u00e7a. S\u00edtios hist\u00f3ricos locais (a arena de rodeio de Jackson Hole de 1953, o alojamento Point Bar e o Museu Stage Barn de 1922) preservam a antiga cultura pioneira e pecu\u00e1ria. Em suma, a hist\u00f3ria de Jackson Hole \u00e9 uma hist\u00f3ria de administra\u00e7\u00e3o ind\u00edgena, assentamento em montanhas acidentadas e, finalmente, turismo voltado para a conserva\u00e7\u00e3o.<\/p>\n<h2>Vibra\u00e7\u00e3o cultural<\/h2>\n<p>O car\u00e1ter local de Jackson Hole \u00e9 uma mistura do charme do Velho Oeste, da informalidade ao ar livre e do conforto de resorts de luxo. O ingl\u00eas \u00e9 falado por praticamente todos; dado o tamanho da comunidade hisp\u00e2nica, voc\u00ea tamb\u00e9m ouvir\u00e1 espanhol em restaurantes e lojas (cerca de 23% dos moradores se identificam como hisp\u00e2nicos ou latinos). A vida familiar e as atividades ao ar livre moldam a rotina di\u00e1ria: muitos moradores come\u00e7am o dia esquiando ou caminhando e fazem compras de chinelos e jeans. N\u00e3o h\u00e1 mentalidade de hora do rush \u2013 o ritmo \u00e9 tranquilo, mas produtivo. A hospitalidade \u00e9 calorosa; lojistas e funcion\u00e1rios do hotel costumam receber os visitantes com um simp\u00e1tico &#034;ol\u00e1&#034; ou &#034;bem-vindo a Jackson&#034;.<\/p>\n<p>Tradi\u00e7\u00f5es e festivais refletem esse ethos ocidental. O Jackson Hole Rendezvous Days (realizado por volta do dia 4 de julho) \u00e9 um evento hist\u00f3rico popular com desfiles, jantares com carro\u00e7as, fogos de artif\u00edcio e rodeios. (A celebra\u00e7\u00e3o anual do 4 de julho inclui fogos de artif\u00edcio e uma divertida corrida de patos de borracha em prol de institui\u00e7\u00f5es de caridade.) A Snow King Mountain sedia anualmente o &#034;Fire &amp; Ice&#034; em janeiro \u2013 um carnaval de inverno com competi\u00e7\u00f5es de escultura em gelo, fogos de artif\u00edcio e eventos de esqui. No final do ver\u00e3o, o Jackson Hole Fall Arts Festival (desde a d\u00e9cada de 1980) apresenta artistas locais, m\u00fasica e poesia cowboy. Clubes e institui\u00e7\u00f5es de caridade locais tamb\u00e9m organizam rodeios, partidas de polo e jams de m\u00fasica de montanha durante todo o ver\u00e3o.<\/p>\n<p>Festivais \u00e0 parte, o cora\u00e7\u00e3o cultural de Jackson est\u00e1 em seu abra\u00e7o ao mundo natural. Em muitas noites de ver\u00e3o, voc\u00ea encontrar\u00e1 moradores passeando pela Town Square (Parque Memorial George Washington), esbarrando sob os ic\u00f4nicos arcos de chifres de alce. Galerias de arte exibem arte com tem\u00e1tica do Velho Oeste e da vida selvagem (o Museu Nacional de Arte da Vida Selvagem tem vista para o ref\u00fagio de alces). Nos esportes, praticamente todos os moradores s\u00e3o, pelo menos ocasionalmente, entusiastas de esqui ou ciclismo. H\u00e1 uma not\u00e1vel tend\u00eancia igualit\u00e1ria: n\u00e3o \u00e9 incomum ver um bilion\u00e1rio de botas de esqui conversando com um guarda florestal. Em suma, Jackson Hole parece uma sofisticada vila no interior: amig\u00e1vel, ligeiramente r\u00fastica, mas com um toque de confian\u00e7a cosmopolita por ser um destino t\u00e3o procurado.<\/p>\n<h2>Principais atra\u00e7\u00f5es<\/h2>\n<p>As atra\u00e7\u00f5es de Jackson Hole s\u00e3o, em grande parte, experi\u00eancias ao ar livre e c\u00eanicas, mas tamb\u00e9m incluem vistas \u00fanicas em ambientes fechados. Os destaques imperd\u00edveis incluem:<\/p>\n<ul>\n<li><strong>Parque Nacional Grand Teton<\/strong> \u2013 Ao norte da cidade, este parque oferece paisagens alpinas inesquec\u00edveis. Os visitantes se re\u00fanem no Lago Jenny (trilhas, passeios de barco), na Signal Mountain (mirantes) e na pr\u00f3pria Cordilheira Teton. A observa\u00e7\u00e3o da vida selvagem (alces, ursos, alces) \u00e9 excelente, especialmente no in\u00edcio da manh\u00e3.<\/li>\n<li><strong>Ref\u00fagio Nacional de Alces<\/strong> Lar de milhares de alces a cada inverno, o ref\u00fagio de 9.800 hectares a leste de Jackson oferece saf\u00e1ris de vida selvagem (passeios de snowcoach no inverno). O ref\u00fagio protege a manada de alces e bis\u00f5es de Jackson Hole, e os espetaculares &#034;currais&#034; em arco de chifres na Pra\u00e7a da Cidade foram constru\u00eddos com chifres de alce encontrados neste ref\u00fagio.<\/li>\n<li><strong>Pra\u00e7a da Cidade de Jackson<\/strong> \u2013 A r\u00fastica Pra\u00e7a da Cidade, de madeira, \u00e9 o centro de Jackson, distinguindo-se por quatro arcos de chifres de alce e uma est\u00e1tua de alce de bronze. \u00c9 cercada por galerias, lojas e o hist\u00f3rico Million Dollar Cowboy Bar (um famoso bar com decora\u00e7\u00e3o estilo western). A Pra\u00e7a da Cidade \u00e9 onde moradores e visitantes se re\u00fanem nas noites de ver\u00e3o.<\/li>\n<li><strong>Jackson Hole Mountain Resort (Vila Teton)<\/strong> \u2013 Uma \u00e1rea de esqui de classe mundial (e telef\u00e9rico de ver\u00e3o) a oeste da cidade. No inverno, oferece pistas \u00edngremes e neve fofa; no ver\u00e3o, oferece trilhas alpinas, mountain bike e passeios panor\u00e2micos de telef\u00e9rico at\u00e9 o Pico Rendezvous.<\/li>\n<li><strong>Montanha do Rei da Neve<\/strong> \u2013 Localizada em Jackson, Snow King \u00e9 a esta\u00e7\u00e3o de esqui e \u00e1rea de lazer local da cidade. No ver\u00e3o, oferece uma popular montanha-russa e trilha para observa\u00e7\u00e3o de vida selvagem, e no inverno, seu parque de terreno atrai praticantes de snowboard.<\/li>\n<li><strong>Museu Nacional de Arte da Vida Selvagem<\/strong> \u2013 Com vista para o Ref\u00fagio dos Alces, a nordeste da cidade, este museu abriga uma cole\u00e7\u00e3o de primeira linha de arte animal e ocidental. At\u00e9 o pr\u00f3prio edif\u00edcio (inspirado no formato de um afloramento rochoso) \u00e9 um destaque fotogr\u00e1fico.<\/li>\n<li><strong>Sociedade Hist\u00f3rica e Museu de Jackson Hole<\/strong> \u2013 Localizado perto da Pra\u00e7a da Cidade, este museu e centro de pesquisa tem exposi\u00e7\u00f5es sobre a hist\u00f3ria do vale, incluindo artefatos da vida dos nativos americanos, da era dos ca\u00e7adores e dos primeiros Jackson.<\/li>\n<li><strong>Rodeio de Jackson Hole<\/strong> \u2013 De junho a agosto, rodeios profissionais acontecem tr\u00eas noites por semana na bela arena perto de Jackson, exibindo montaria em touros, corridas de barril e la\u00e7os \u2013 uma divertida amostra da cultura cowboy. (A montaria em touros aqui \u00e9 uma qualifica\u00e7\u00e3o para as Finais Nacionais de Rodeio.)<\/li>\n<li><strong>Museu Nacional de Arte da Vida Selvagem<\/strong> \u2013 A cole\u00e7\u00e3o de pinturas e esculturas do oeste e da vida selvagem do museu \u00e9 de n\u00edvel internacional. Sua localiza\u00e7\u00e3o panor\u00e2mica com vista para o Ref\u00fagio Nacional de Alces o torna uma atra\u00e7\u00e3o dupla (arte e panorama).<\/li>\n<\/ul>\n<p>Cada uma dessas atra\u00e7\u00f5es personifica o que as pessoas procuram em Jackson Hole: paisagens majestosas, vida selvagem e um gostinho da heran\u00e7a do Oeste. Seja esquiando por um pico recortado ou passeando sob os arcos de chifres de alce na cidade, o &#034;buraco&#034; \u2013 como os moradores locais chamam o vale \u2013 oferece experi\u00eancias memor\u00e1veis.<\/p>\n<h2>Vis\u00e3o pr\u00e1tica<\/h2>\n<p>O aeroporto singular de Jackson Hole (Aeroporto de Jackson Hole, c\u00f3digo IATA JAC) \u00e9 o \u00fanico aeroporto comercial dos EUA localizado inteiramente dentro de um parque nacional (Grand Teton NP). Os voos s\u00e3o relativamente limitados: a maioria dos visitantes chega por meio de conex\u00f5es com uma \u00fanica escala de grandes cidades ocidentais, como Denver, Salt Lake City ou Seattle. No inverno, os voos s\u00e3o especialmente procurados. O aeroporto fica a cerca de 20 minutos (16 a 19 km) ao sul da cidade. Para op\u00e7\u00f5es de voos mais amplas, os aeroportos de Salt Lake City (UT) e Idaho Falls (ID) ficam a cerca de 320 e 160 km de dist\u00e2ncia, respectivamente, mas chegar a Jackson a partir deles exige longas viagens de carro.<\/p>\n<p>Por estrada, as rodovias 26, 89 e 191 dos EUA convergem em Jackson. A I-15 fica a cerca de 64 quil\u00f4metros ao sul (para Victor, ID), conectando-se a Jackson via Teton Pass. Durante tempestades de inverno, a rota de Teton Pass pode ser complicada; a remo\u00e7\u00e3o de neve a mant\u00e9m transit\u00e1vel na maior parte do tempo, mas os viajantes devem se planejar adequadamente. N\u00e3o h\u00e1 servi\u00e7o ferrovi\u00e1rio de passageiros para Jackson Hole. O servi\u00e7o de \u00f4nibus intermunicipal (por exemplo, Express Arrow) opera de Salt Lake City e Denver durante a alta temporada.<\/p>\n<p>Em Jackson, \u00e9 f\u00e1cil se locomover a p\u00e9 pela compacta \u00e1rea da Pra\u00e7a da Cidade (com suas lojas e galerias). A cidade opera um servi\u00e7o de transporte gratuito para o centro da cidade (&#034;START Bus&#034;) que circula a cada 20 minutos no ver\u00e3o. Para destinos fora da cidade (por exemplo, esta\u00e7\u00f5es de esqui ou o Parque Nacional Grand Teton), a maioria dos visitantes aluga carros ou usa \u00f4nibus\/t\u00e1xis. O transporte p\u00fablico local (&#034;START Bus&#034;) inclui uma rota com tarifa fixa subindo a montanha at\u00e9 Teton Village e seguindo para o Parque Nacional Grand Teton. O ciclismo \u00e9 popular nas trilhas pavimentadas do vale, e t\u00e1xis Uber\/Lyft operam aqui (embora pre\u00e7os especiais possam ocorrer durante a temporada tur\u00edstica).<\/p>\n<p>Jackson Hole usa moeda americana (d\u00f3lares americanos) e aplicam-se as gorjetas americanas (cerca de 15 a 20% em restaurantes e visitas guiadas). Fala-se ingl\u00eas em todos os lugares; n\u00e3o \u00e9 necess\u00e1rio falar nenhuma l\u00edngua estrangeira na cidade. A alta altitude do vale (mais de 1.800 metros) significa que o sol \u00e9 forte \u2013 os visitantes devem usar protetor solar e manter-se hidratados. Visitantes no inverno devem levar roupas quentes, mesmo durante o dia, pois as condi\u00e7\u00f5es nas montanhas podem mudar rapidamente. A seguran\u00e7a da vida selvagem \u00e9 importante: mantenha-se sempre a pelo menos 25 metros de ursos e lobos e a 100 metros de bis\u00f5es (o NPS recomenda a observa\u00e7\u00e3o de alces \u00e0 dist\u00e2ncia, especialmente com filhotes). A \u00e1rea \u00e9 muito segura em termos de criminalidade (\u00e9 raro encontrar portas trancadas na cidade); o principal cuidado \u00e9 simplesmente se preparar para a altitude e a vida selvagem.<\/p>\n<p>Em suma, Jackson Hole apresenta uma mistura de charme r\u00fastico do oeste americano e comodidades modernas de resort. Destaques sazonais \u2014 esqui no inverno, caminhadas no ver\u00e3o \u2014 impulsionam seu calend\u00e1rio, mas as mesmas considera\u00e7\u00f5es pr\u00e1ticas se aplicam o ano todo: ingl\u00eas, gorjetas acess\u00edveis, amplo espa\u00e7o para dinheiro e cart\u00f5es e um estilo de vida ao ar livre tranquilo, por\u00e9m consciente.<a href=\"https:\/\/travelshelper.com\/pt\/destinos\/america-do-norte\/estados-unidos-da-america\/berkeley-springs\/\" target=\"_self\" aria-labelledby=\"uael-post-8997\"><br \/>\n<\/a><\/p>","protected":false},"excerpt":{"rendered":"<p>Jackson Hole, outrora chamado de Jackson&#039;s Hole pelos primeiros exploradores, \u00e9 um vale deslumbrante cercado pelas majestosas cadeias de montanhas Gros Ventre e Teton, no Wyoming, pr\u00f3ximo \u00e0 divisa com Idaho, no Condado de Teton. Os primeiros ca\u00e7adores, \u00e0s vezes conhecidos como homens da montanha, cunharam habilmente o termo &#034;buraco&#034; para caracterizar grandes vales montanhosos. Definidos por suas curvas suaves, esses vales s\u00e3o cercados por grandes montanhas e entrela\u00e7ados por rios e c\u00f3rregos, criando o ref\u00fagio ideal para castores e outros animais peludos. Jackson Hole se estende elegantemente por 89 km de comprimento e tem uma largura refinada entre 10 e 21 km. Elevando-se a uma altitude m\u00e9dia de 2.100 metros, este \u00e9 um vale graben de tirar o f\u00f4lego, com maior beleza no limite sul do parque, a 1.940 metros.<\/p>","protected":false},"author":1,"featured_media":3850,"parent":8072,"menu_order":0,"comment_status":"closed","ping_status":"closed","template":"elementor_theme","meta":{"_eb_attr":"","footnotes":""},"class_list":["post-8130","page","type-page","status-publish","has-post-thumbnail"],"_links":{"self":[{"href":"https:\/\/travelshelper.com\/pt\/wp-json\/wp\/v2\/pages\/8130","targetHints":{"allow":["GET"]}}],"collection":[{"href":"https:\/\/travelshelper.com\/pt\/wp-json\/wp\/v2\/pages"}],"about":[{"href":"https:\/\/travelshelper.com\/pt\/wp-json\/wp\/v2\/types\/page"}],"author":[{"embeddable":true,"href":"https:\/\/travelshelper.com\/pt\/wp-json\/wp\/v2\/users\/1"}],"replies":[{"embeddable":true,"href":"https:\/\/travelshelper.com\/pt\/wp-json\/wp\/v2\/comments?post=8130"}],"version-history":[{"count":0,"href":"https:\/\/travelshelper.com\/pt\/wp-json\/wp\/v2\/pages\/8130\/revisions"}],"up":[{"embeddable":true,"href":"https:\/\/travelshelper.com\/pt\/wp-json\/wp\/v2\/pages\/8072"}],"wp:featuredmedia":[{"embeddable":true,"href":"https:\/\/travelshelper.com\/pt\/wp-json\/wp\/v2\/media\/3850"}],"wp:attachment":[{"href":"https:\/\/travelshelper.com\/pt\/wp-json\/wp\/v2\/media?parent=8130"}],"curies":[{"name":"wp","href":"https:\/\/api.w.org\/{rel}","templated":true}]}}