{"id":8116,"date":"2024-09-01T02:05:01","date_gmt":"2024-09-01T02:05:01","guid":{"rendered":"https:\/\/travelshelper.com\/staging\/?page_id=8116"},"modified":"2026-03-13T17:47:37","modified_gmt":"2026-03-13T17:47:37","slug":"indianapolis","status":"publish","type":"page","link":"https:\/\/travelshelper.com\/pt\/destinations\/north-america\/united-states\/indianapolis\/","title":{"rendered":"Indianapolis"},"content":{"rendered":"<p>Indian\u00e1polis, capital e maior cidade de Indiana, \u00e9 um centro vital da cultura e do com\u00e9rcio do Centro-Oeste. Frequentemente apelidada de &#034;Cidade Circular&#034; e &#034;Encruzilhada da Am\u00e9rica&#034;, Indian\u00e1polis ancora o cora\u00e7\u00e3o urbano do estado, com uma popula\u00e7\u00e3o de cerca de 880.000 habitantes (censo de 2020) e uma \u00e1rea metropolitana de mais de 2 milh\u00f5es. Situa-se \u00e0s margens do Rio White (na conflu\u00eancia com Fall Creek), no centro de Indiana. Hoje, Indian\u00e1polis \u00e9 um importante centro de transporte e distribui\u00e7\u00e3o (rodovi\u00e1rio, ferrovi\u00e1rio e a\u00e9reo), situado no f\u00e9rtil Cintur\u00e3o do Milho, com um clima de ver\u00f5es quentes e \u00famidos e invernos frios. Sua economia \u00e9 ampla: Indian\u00e1polis ocupa aproximadamente a 28\u00aa maior economia metropolitana dos EUA, impulsionada por ind\u00fastrias que v\u00e3o desde farmac\u00eautica e automotiva at\u00e9 tecnologia e sa\u00fade. Nas \u00faltimas d\u00e9cadas, a popula\u00e7\u00e3o e a influ\u00eancia da cidade cresceram significativamente, impulsionando agora uma economia local diversificada.<\/p>\n<h2>Indian\u00e1polis em n\u00fameros<\/h2>\n<p>A pr\u00f3pria Indian\u00e1polis (a cidade-condado consolidada) tinha 887.642 residentes no censo de 2020. Nos \u00faltimos anos, a popula\u00e7\u00e3o da cidade se estabilizou perto desse n\u00edvel, enquanto a regi\u00e3o metropolitana de Indian\u00e1polis ultrapassa 2 milh\u00f5es. A economia metropolitana ultrapassa US$ 145 bilh\u00f5es (dados de 2019), tornando-a aproximadamente a 28\u00aa maior do pa\u00eds. Por ra\u00e7a e etnia, a cidade \u00e9 cada vez mais diversificada. Brancos n\u00e3o hisp\u00e2nicos comp\u00f5em cerca de metade da popula\u00e7\u00e3o (aproximadamente 50\u201354%), afro-americanos cerca de 28% e cerca de 12\u201313% dos residentes se identificam como hisp\u00e2nicos ou latinos. Comunidades asi\u00e1ticas menores (cerca de 4%) e multirraciais tamb\u00e9m contribuem. A idade mediana est\u00e1 na faixa dos 30 anos e a renda familiar mediana \u00e9 da ordem de US$ 63.000. Com uma taxa de pobreza na faixa dos 15 anos, o padr\u00e3o de vida de Indian\u00e1polis est\u00e1 aproximadamente em linha com as normas nacionais (custo de vida cerca de 7% abaixo da m\u00e9dia nacional).<\/p>\n<p>Economicamente, Indian\u00e1polis e sua regi\u00e3o possuem uma combina\u00e7\u00e3o de ind\u00fastrias avan\u00e7adas de manufatura, ci\u00eancias biol\u00f3gicas, log\u00edstica e servi\u00e7os. Notavelmente, a cidade abriga muitas empresas da Fortune 500 (sa\u00fade, seguros, produtos farmac\u00eauticos) e a regi\u00e3o \u00e9 l\u00edder global em produtos farmac\u00eauticos e sa\u00fade animal. (Por exemplo, a Eli Lilly tem sede nas proximidades.) Outros setores proeminentes incluem a manufatura automotiva e aeroespacial, tecnologia da informa\u00e7\u00e3o e finan\u00e7as. O transporte \u00e9 central: o aeroporto, os p\u00e1tios ferrovi\u00e1rios e os cruzamentos rodovi\u00e1rios de Indian\u00e1polis servem como um polo para o Cintur\u00e3o do Milho. De fato, um resumo recente observa que a economia de Indian\u00e1polis \u00e9 classificada como a 28\u00aa maior dos EUA, com uma grande concentra\u00e7\u00e3o de ind\u00fastrias que v\u00e3o &#034;de produtos farmac\u00eauticos e transporte a tecnologia e sa\u00fade&#034;. A sa\u00fade tamb\u00e9m \u00e9 um setor local importante (com v\u00e1rios sistemas hospitalares importantes e o centro m\u00e9dico da Universidade de Indiana). No geral, Indian\u00e1polis hoje ostenta uma economia que mistura ra\u00edzes industriais do Centro-Oeste (manufatura, log\u00edstica) com crescentes ind\u00fastrias de alta tecnologia e pesquisa.<\/p>\n<h2>Localiza\u00e7\u00e3o<\/h2>\n<p>Geograficamente, Indian\u00e1polis est\u00e1 localizada no centro-leste do Centro-Oeste da Am\u00e9rica do Norte, no estado de Indiana (Centro-Oeste dos Estados Unidos). A cidade \u00e9 essencialmente plana a suavemente ondulada, parte da vasta regi\u00e3o das Plan\u00edcies dos Grandes Lagos e do Cintur\u00e3o do Milho. Situa-se \u00e0s margens do Rio White (na foz do Riacho Fall), no centro do Condado de Marion. A paisagem ao redor \u00e9 predominantemente composta por terras agr\u00edcolas e desenvolvimento urbano, em vez de montanhas ou litoral. A cidade fica a cerca de 185 quil\u00f4metros a oeste de Cincinnati e 270 quil\u00f4metros ao norte de Louisville. As rodovias interestaduais I-65, I-70 e I-74 convergem para o centro da cidade ou pr\u00f3ximo a ele, tornando-a literalmente a &#034;Encruzilhada da Am\u00e9rica&#034;.<\/p>\n<p>Indian\u00e1polis tem um clima continental \u00famido (K\u00f6ppen Dfa). Os ver\u00f5es variam de mornos a quentes e \u00famidos, os invernos s\u00e3o frios (frequentemente com neve) e a precipita\u00e7\u00e3o \u00e9 moderada durante todo o ano. As m\u00e1ximas m\u00e9dias no ver\u00e3o atingem entre 30 e 35 \u00b0C, com umidade frequente, enquanto as m\u00ednimas no inverno podem cair abaixo de -6 \u00b0C, em m\u00e9dia. A primavera e o outono s\u00e3o bastante amenos, embora tempestades e condi\u00e7\u00f5es clim\u00e1ticas severas (granizo, tornados ocasionais) ocorram nos meses de transi\u00e7\u00e3o. A cidade tem as quatro esta\u00e7\u00f5es distintas, com cerca de 1000 mm de precipita\u00e7\u00e3o por ano.<\/p>\n<h2>Instant\u00e2neo hist\u00f3rico<\/h2>\n<p>Indian\u00e1polis foi deliberadamente fundada no in\u00edcio do s\u00e9culo XIX para ser a capital do estado. Em 1821, a legislatura estadual de Indiana delimitou Indian\u00e1polis em uma \u00e1rea de antigas terras agr\u00edcolas dos nativos americanos de Delaware. O local \u2013 escolhido por sua localiza\u00e7\u00e3o central no novo estado \u2013 tornou-se a sede do Condado de Marion em 1822 e foi formalmente designada capital de Indiana em 1825. O crescimento inicial foi lento at\u00e9 meados do s\u00e9culo XIX, mas a posi\u00e7\u00e3o da cidade na Estrada Nacional (conclu\u00edda para Indian\u00e1polis em 1827) e, posteriormente, a chegada das ferrovias desencadearam um boom. Em 1861, Indian\u00e1polis era um importante centro ferrovi\u00e1rio e, durante a Guerra Civil, seus p\u00e1tios ferrovi\u00e1rios a tornaram um centro log\u00edstico crucial para a Uni\u00e3o. Entre 1860 e 1870, como resultado, a popula\u00e7\u00e3o da cidade mais que dobrou.<\/p>\n<p>No final do s\u00e9culo XIX e in\u00edcio do s\u00e9culo XX, Indian\u00e1polis se industrializou rapidamente. Novas ind\u00fastrias, como a de processamento de carne, metalurgia e, por fim, a de fabrica\u00e7\u00e3o de autom\u00f3veis, se consolidaram. Em 1890, a cidade ultrapassava 100.000 habitantes. Um evento marcante foi a inaugura\u00e7\u00e3o do Indianapolis Motor Speedway em 1909 (no sub\u00farbio de Speedway); a primeira corrida das 500 Milhas de Indian\u00e1polis foi realizada l\u00e1 em 1911 e se tornou uma tradi\u00e7\u00e3o anual e s\u00edmbolo da cidade.<\/p>\n<p>Um ponto de virada crucial ocorreu em 1970, quando os governos da cidade de Indian\u00e1polis e do Condado de Marion se fundiram sob o nome &#034;Unigov&#034;. Isso consolidou os limites de Indian\u00e1polis praticamente da noite para o dia, incorporando cidades perif\u00e9ricas \u00e0 estrutura urbana. A consolida\u00e7\u00e3o da cidade e do condado expandiu significativamente sua base tribut\u00e1ria e seu alcance administrativo (embora ainda tenha deixado algumas cidades como Lawrence e Beech Grove relativamente aut\u00f4nomas). No final do s\u00e9culo XX, Indian\u00e1polis se autodenominou conscientemente um centro para esportes amadores e profissionais \u2013 construindo o Lucas Oil Stadium (casa do time de futebol americano Colts) e promovendo eventos como os campeonatos da NCAA \u2013 o que estimulou o crescimento econ\u00f4mico e o turismo.<\/p>\n<p>Hoje, a heran\u00e7a arquitet\u00f4nica da cidade, do s\u00e9culo XIX e in\u00edcio do s\u00e9culo XX, \u00e9 vis\u00edvel em marcos como o Indiana Statehouse (conclu\u00eddo em 1888) e o Monumento aos Soldados e Marinheiros (inaugurado em 1902 no Monument Circle). O Forte Benjamin Harrison (constru\u00eddo em 1903 a leste da cidade) e os memoriais da Primeira Guerra Mundial (na pra\u00e7a ao norte do centro) refletem o desenvolvimento c\u00edvico de Indian\u00e1polis. No geral, a hist\u00f3ria de Indian\u00e1polis \u00e9 marcada pelo r\u00e1pido crescimento no s\u00e9culo XIX, de cidade de fronteira a cidade moderna, seguido pela expans\u00e3o em meados do s\u00e9culo XX e por uma mudan\u00e7a cultural no final do s\u00e9culo XX em dire\u00e7\u00e3o a esportes, conven\u00e7\u00f5es e turismo.<\/p>\n<h2>Vibra\u00e7\u00e3o cultural<\/h2>\n<p>Indian\u00e1polis hoje combina a hospitalidade do Centro-Oeste com um ambiente surpreendentemente cosmopolita para sua regi\u00e3o. O idioma predominante \u00e9 o ingl\u00eas americano, e a cidade tradicionalmente tem sido majoritariamente branca; mas, como observado acima, as comunidades afro-americanas e hisp\u00e2nicas s\u00e3o proeminentes e crescentes. Os moradores locais costumam se referir a si mesmos como &#034;Hoosiers&#034; (o nome fict\u00edcio do estado) e s\u00e3o conhecidos por uma atitude amig\u00e1vel e p\u00e9 no ch\u00e3o. Os bairros t\u00eam sabores distintos: por exemplo, o centro cultural do centro \u00e9 Monument Circle (&#034;Cidade do C\u00edrculo&#034;), agitado e descontra\u00eddo; Broad Ripple (ao norte) \u00e9 descolado e art\u00edstico; o distrito da Mass Ave (Avenida Massachusetts), a leste do centro, \u00e9 conhecido por restaurantes e teatro ao vivo; e \u00e1reas suburbanas como Carmel e Fishers circundam a \u00e1rea metropolitana com uma atmosfera familiar suburbana.<\/p>\n<p>Eventos culturais anuais refletem tradi\u00e7\u00e3o e diversidade. A mais famosa \u00e9 a temporada de corridas de maio, que inclui o Festival 500, que dura um m\u00eas e culmina na corrida automobil\u00edstica Indian\u00e1polis 500, uma celebra\u00e7\u00e3o que abrange toda a cidade com desfiles e fogos de artif\u00edcio. O ver\u00e3o traz a Feira Estadual de Indiana (final de julho) \u2013 uma das maiores da regi\u00e3o, com exposi\u00e7\u00f5es agr\u00edcolas, uma pista de corrida, concertos e competi\u00e7\u00f5es de 4 horas. O final do ver\u00e3o tamb\u00e9m inclui a Sinfonia na Pradaria e a grande exibi\u00e7\u00e3o de fogos de artif\u00edcio do 4 de Julho (frequentemente realizada no USS Indianapolis Memorial no Parque Estadual White River). No in\u00edcio do ver\u00e3o, o Indy Jazz Fest e o India Fest acontecem no centro da cidade, enquanto no final do ver\u00e3o acontece a Indiana Black Expo Summer Celebration (um grande festival cultural). O outono traz festivais de bairro (como o Festival de Halloween de Irvington e v\u00e1rios eventos de futebol americano universit\u00e1rio em universidades pr\u00f3ximas). No inverno, a ilumina\u00e7\u00e3o de \u00e1rvores e um show de luzes no zool\u00f3gico do centro da cidade marcam a temporada.<\/p>\n<p>A cultura esportiva tamb\u00e9m est\u00e1 imbu\u00edda da vida cotidiana. Indian\u00e1polis tem times profissionais em v\u00e1rios esportes importantes: o Indianapolis Colts (futebol americano) da NFL e o Indiana Pacers (basquete) da NBA jogam em est\u00e1dios no centro da cidade e ambos atraem torcedores apaixonados. Na primavera, a sede da NCAA traz eventos esportivos universit\u00e1rios para c\u00e1; a cidade tamb\u00e9m costuma sediar as seletivas ol\u00edmpicas e o futebol americano de arena. O automobilismo continua lend\u00e1rio (a corrida anual da IndyCar atrai aten\u00e7\u00e3o global). H\u00e1 tamb\u00e9m uma forte comunidade de corrida e ciclismo, incentivada por diversos parques e trilhas (como a Trilha Monon).<\/p>\n<p>A cena culin\u00e1ria e art\u00edstica floresceu recentemente. A cidade conquistou reputa\u00e7\u00e3o por suas cervejarias artesanais e gastronomia criativa; os pratos locais favoritos incluem sandu\u00edches de lombo de porco, torta de creme de a\u00e7\u00facar Hoosier e a revitalizada gastronomia basca de classe mundial na \u00e1rea de pit stop da Indy 500. Organiza\u00e7\u00f5es art\u00edsticas \u2013 da cl\u00e1ssica (Sinfonia de Indian\u00e1polis no Teatro Hilbert Circle) \u00e0 contempor\u00e2nea (Clowes Memorial Hall no campus da Universidade Butler) \u2013 contribuem com um toque cultural. Em suma, Indian\u00e1polis oferece uma atmosfera equilibrada de &#034;cidade do Centro-Oeste&#034;: amig\u00e1vel e acess\u00edvel, com comodidades urbanas como museus e universidades, mas nunca sem o calor da cidade natal de Hoosier.<\/p>\n<h2>Principais atra\u00e7\u00f5es<\/h2>\n<p>Indian\u00e1polis oferece muitas atra\u00e7\u00f5es para os visitantes, desde monumentos ic\u00f4nicos a museus extraordin\u00e1rios. Entre os pontos tur\u00edsticos not\u00e1veis, est\u00e3o:<\/p>\n<ul>\n<li><strong>Museu Infantil de Indian\u00e1polis<\/strong> \u2013 O maior museu infantil do mundo (fundado em 1926), \u00e9 um museu interativo que atrai fam\u00edlias de todo o pa\u00eds.<\/li>\n<li><strong>Parque Estadual do Rio Branco<\/strong> \u2013 Um parque urbano pitoresco ao longo do Rio White, que abriga o Zool\u00f3gico de Indian\u00e1polis e o Museu Eiteljorg de \u00cdndios Americanos e Arte Ocidental. O parque tamb\u00e9m abriga a sede da NCAA e seu Hall dos Campe\u00f5es, al\u00e9m de oferecer trilhas e espa\u00e7os verdes \u00e0 beira do rio.<\/li>\n<li><strong>Aut\u00f3dromo de Indian\u00e1polis (IMS)<\/strong> \u2013 Localizado nos arredores da cidade, esta lend\u00e1ria pista de corrida (casa das 500 Milhas de Indian\u00e1polis) oferece passeios e o circuito adjacente <strong>Museu do Hall da Fama<\/strong> (exibindo carros de corrida hist\u00f3ricos). At\u00e9 mesmo os f\u00e3s que n\u00e3o curtem corrida acham a hist\u00f3ria do automobilismo fascinante.<\/li>\n<li><strong>C\u00edrculo de Monumentos e Monumento aos Soldados e Marinheiros<\/strong> \u2013 O centro da cidade, o Monument Circle (conclu\u00eddo em 1902), abriga o Monumento aos Soldados e Marinheiros de Indiana, com 86 metros de altura. A pra\u00e7a ao redor homenageia os veteranos de guerra de Indiana e \u00e9 um ponto central para desfiles e reuni\u00f5es. Perto dali, ficam o Capit\u00f3lio Estadual de Indiana e a Pra\u00e7a do Memorial de Guerra (d\u00e9cada de 1930), todos constru\u00eddos com calc\u00e1rio local e refletindo a heran\u00e7a da cidade.<\/li>\n<li><strong>Museu de Arte de Indian\u00e1polis (Newfields)<\/strong> \u2013 A poucos quil\u00f4metros ao norte do centro da cidade, Newfields \u00e9 um importante museu de arte com amplos jardins. Seu acervo abrange 5.000 anos de arte, e seus jardins incluem o parque 100 Acres e a Lilly House.<\/li>\n<li><strong>Trilha Cultural e Distrito de Artes da Mass Avenue<\/strong> \u2013 A Trilha Cultural de Indian\u00e1polis \u00e9 uma trilha urbana de 13 quil\u00f4metros para caminhadas e ciclismo que conecta os bairros do centro da cidade. Ao longo dela, o bairro da Avenida Massachusetts (&#034;Mass Ave&#034;) abriga teatros, galerias, butiques e restaurantes \u2013 refletindo a florescente cena art\u00edstica de Indian\u00e1polis.<\/li>\n<li><strong>Capit\u00f3lio Estadual e Resid\u00eancia do Governador<\/strong> \u2013 O elegante Capit\u00f3lio Estadual de Indiana (1888) est\u00e1 aberto para visita\u00e7\u00e3o. Visite tamb\u00e9m a Resid\u00eancia do Governador (sede oficial) e o reformado Memorial de Guerra de Indiana (museu e jardins da Segunda Guerra Mundial).<\/li>\n<li><strong>Est\u00e1dio Lucas Oil e Gainbridge Fieldhouse<\/strong> \u2013 Para os f\u00e3s de esportes, assistir a um jogo da NFL (Colts) ou da NBA (Pacers\/Fever) oferece uma experi\u00eancia t\u00edpica de Indy em duas arenas de \u00faltima gera\u00e7\u00e3o (inauguradas em 2008 e 1999, respectivamente).<\/li>\n<\/ul>\n<p>Cada uma dessas atra\u00e7\u00f5es \u00e9 facilmente acess\u00edvel a partir do centro da cidade. O turismo \u00e9 complementado pelo centro da cidade, ideal para pedestres, e pelos eventos culturais frequentes (festivais sazonais, shows ao ar livre, feiras livres). Muitos visitantes simplesmente apreciam os &#034;passeios pelos monumentos&#034; pelo centro de Circle, seguidos de visitas a museus ou um passeio no Parque Estadual White River.<\/p>\n<h2>Vis\u00e3o pr\u00e1tica<\/h2>\n<p>A principal porta de entrada a\u00e9rea \u00e9 o Aeroporto Internacional de Indian\u00e1polis (IND), a cerca de 24 quil\u00f4metros a sudoeste do centro da cidade. O IND oferece in\u00fameras conex\u00f5es dom\u00e9sticas (Atlanta, Chicago, Denver, etc.) e algumas rotas internacionais. N\u00e3o h\u00e1 servi\u00e7o de trem da Amtrak diretamente para Indian\u00e1polis; \u00f4nibus intermunicipais (Greyhound, Barons) chegam \u00e0 esta\u00e7\u00e3o intermodal da cidade no centro da cidade. As principais rodovias (I-65 de Chicago\/Alabama, I-70 de Ohio\/Kentucky, I-74 de Illinois) convergem para Indian\u00e1polis, tornando-a facilmente acess\u00edvel de carro.<\/p>\n<p>Uma vez na cidade, o centro de Indian\u00e1polis \u00e9 relativamente compacto. Uma maneira popular de conhecer a regi\u00e3o do Circle and Canal \u00e9 pela passarela e ciclovia Joliet-Indianapolis, ou fazendo um passeio de charrete nos meses mais quentes. A IndyGo, operadora de transporte p\u00fablico da cidade, opera linhas de \u00f4nibus por toda a cidade e sub\u00farbios (a maioria cobra uma pequena tarifa; observe que o \u00f4nibus r\u00e1pido da Linha Vermelha \u00e9 uma linha mais recente e frequente). No entanto, grande parte da cultura e da vida noturna de Indian\u00e1polis est\u00e1 espalhada, ent\u00e3o muitos visitantes preferem t\u00e1xis ou servi\u00e7os de transporte compartilhado (Uber\/Lyft) por conveni\u00eancia. H\u00e1 muitas vagas de estacionamento no centro e em atra\u00e7\u00f5es suburbanas (geralmente gratuitas ou de baixo custo). Bicicletas e patinetes el\u00e9tricos s\u00e3o populares em trilhas pavimentadas (como a Trilha Monon), especialmente com tempo bom.<\/p>\n<p>A moeda \u00e9 o d\u00f3lar americano. A gorjeta \u00e9 habitual (cerca de 15% a 20% em restaurantes ou ag\u00eancias de turismo). O ingl\u00eas \u00e9 falado universalmente, embora voc\u00ea possa ouvir um pouco de espanhol ou outras l\u00ednguas entre os moradores. A regi\u00e3o \u00e9 geralmente muito segura para viajantes; o centro da cidade fica animado at\u00e9 tarde da noite nos fins de semana, embora se apliquem as precau\u00e7\u00f5es habituais da cidade contra pequenos furtos. A maioria dos americanos dirige do lado direito da rua e usa tomadas el\u00e9tricas de 120 volts (tipo A\/B). N\u00e3o s\u00e3o necess\u00e1rias vacinas ou vistos especiais para viajantes da Am\u00e9rica do Norte ou da Europa. O sistema de seguran\u00e7a do aeroporto exige documento de identidade com foto para voos dom\u00e9sticos, e as regras padr\u00e3o da TSA dos EUA (limites de l\u00edquidos, etc.) se aplicam.<\/p>\n<p>No geral, Indian\u00e1polis oferece a quem visita a cidade pela primeira vez uma introdu\u00e7\u00e3o f\u00e1cil \u00e0 vida urbana do Centro-Oeste dos EUA: moradores que falam ingl\u00eas, boas estradas, padr\u00f5es clim\u00e1ticos previs\u00edveis e todas as principais comodidades modernas. Os visitantes podem desfrutar com seguran\u00e7a de uma cidade diversificada \u2013 de museus de classe mundial a festivais de bairro \u2013 com a certeza de que servi\u00e7os ao consumidor no estilo americano (cart\u00f5es de cr\u00e9dito, caixas eletr\u00f4nicos, farm\u00e1cias) est\u00e3o por toda parte. Em uma \u00fanica viagem, \u00e9 poss\u00edvel vivenciar a cultura, a arquitetura e a hospitalidade de Hoosier em um ambiente urbano bem organizado.<a href=\"https:\/\/travelshelper.com\/pt\/destinos\/america-do-norte\/estados-unidos-da-america\/berkeley-springs\/\" target=\"_self\" aria-labelledby=\"uael-post-8997\"><br \/>\n<\/a><\/p>","protected":false},"excerpt":{"rendered":"<p>Indian\u00e1polis, comumente chamada de Indy, \u00e9 a capital e a cidade mais populosa do estado americano de Indiana, al\u00e9m de ser a sede do Condado de Marion. Localizada na plan\u00edcie central do estado, ao longo da conflu\u00eancia oeste do Rio White, Indian\u00e1polis adotou o apelido oficial de &#034;Encruzilhada da Am\u00e9rica&#034;. Este slogan captura tanto sua import\u00e2ncia hist\u00f3rica como polo de transporte quanto sua relativa proximidade com outros grandes mercados norte-americanos.<\/p>","protected":false},"author":1,"featured_media":3199,"parent":8072,"menu_order":0,"comment_status":"closed","ping_status":"closed","template":"elementor_theme","meta":{"_eb_attr":"","footnotes":""},"class_list":["post-8116","page","type-page","status-publish","has-post-thumbnail"],"_links":{"self":[{"href":"https:\/\/travelshelper.com\/pt\/wp-json\/wp\/v2\/pages\/8116","targetHints":{"allow":["GET"]}}],"collection":[{"href":"https:\/\/travelshelper.com\/pt\/wp-json\/wp\/v2\/pages"}],"about":[{"href":"https:\/\/travelshelper.com\/pt\/wp-json\/wp\/v2\/types\/page"}],"author":[{"embeddable":true,"href":"https:\/\/travelshelper.com\/pt\/wp-json\/wp\/v2\/users\/1"}],"replies":[{"embeddable":true,"href":"https:\/\/travelshelper.com\/pt\/wp-json\/wp\/v2\/comments?post=8116"}],"version-history":[{"count":0,"href":"https:\/\/travelshelper.com\/pt\/wp-json\/wp\/v2\/pages\/8116\/revisions"}],"up":[{"embeddable":true,"href":"https:\/\/travelshelper.com\/pt\/wp-json\/wp\/v2\/pages\/8072"}],"wp:featuredmedia":[{"embeddable":true,"href":"https:\/\/travelshelper.com\/pt\/wp-json\/wp\/v2\/media\/3199"}],"wp:attachment":[{"href":"https:\/\/travelshelper.com\/pt\/wp-json\/wp\/v2\/media?parent=8116"}],"curies":[{"name":"wp","href":"https:\/\/api.w.org\/{rel}","templated":true}]}}