{"id":7628,"date":"2024-08-27T21:07:30","date_gmt":"2024-08-27T21:07:30","guid":{"rendered":"https:\/\/travelshelper.com\/staging\/?page_id=7628"},"modified":"2026-03-13T23:47:54","modified_gmt":"2026-03-13T23:47:54","slug":"brasilia","status":"publish","type":"page","link":"https:\/\/travelshelper.com\/pt\/destinations\/south-america\/brazil\/brasilia\/","title":{"rendered":"Bras\u00edlia"},"content":{"rendered":"<p>Na vasta extens\u00e3o do planalto interiorano do Brasil, uma faixa p\u00e1lida de avenidas corta gramados bem cuidados e jardins esculpidos. Aqui se ergue Bras\u00edlia, uma cidade de curvas de concreto e c\u00e9u aberto, concebida n\u00e3o por s\u00e9culos de crescimento, mas por um \u00fanico e ambicioso golpe de planejamento. Desde sua inaugura\u00e7\u00e3o em 21 de abril de 1960, no governo do presidente Juscelino Kubitschek, Bras\u00edlia carrega o peso da expectativa: unir uma na\u00e7\u00e3o em expans\u00e3o, honrar a promessa da modernidade e servir como um emblema vivo das aspira\u00e7\u00f5es do Brasil. Hoje, \u00e9 a terceira cidade mais populosa do pa\u00eds \u2014 depois de S\u00e3o Paulo e Rio de Janeiro \u2014 e ostenta o maior PIB per capita entre as principais metr\u00f3poles latino-americanas, um testemunho tanto de sua centralidade pol\u00edtica quanto de seu dinamismo econ\u00f4mico.<\/p>\n<p>No final da d\u00e9cada de 1950, a lideran\u00e7a brasileira decidiu que a capital deveria se mudar do litoral populoso para uma localiza\u00e7\u00e3o mais central, fomentando assim um senso de unidade entre regi\u00f5es d\u00edspares. A ousada jogada do presidente Kubitschek recrutou tr\u00eas vision\u00e1rios: o urbanista L\u00facio Costa, o arquiteto Oscar Niemeyer e o engenheiro civil Joaquim Cardozo. O plano diretor de Costa projetou uma cidade em forma de avi\u00e3o \u2014 sua fuselagem como um eixo principal abrangente, sua cabine como a sede do poder \u2014 e dividida em setores distintos para hot\u00e9is, finan\u00e7as, embaixadas, habita\u00e7\u00e3o e muito mais. Nesse esqueleto, Niemeyer esculpiu formas brancas e contempor\u00e2neas, enquanto o paisagista Roberto Burle Marx adicionou exuberantes faixas de vegeta\u00e7\u00e3o nativa, ancorando a cidade reluzente em seu contexto de savana tropical.<\/p>\n<p>O efeito geral foi nada menos que revolucion\u00e1rio. Bras\u00edlia personificava um novo ethos urbano: clareza de prop\u00f3sito, zoneamento funcional e pureza arquitet\u00f4nica. Cada curva, coluna e espelho d&#039;\u00e1gua carregava um significado, uma revers\u00e3o deliberada da expans\u00e3o org\u00e2nica que caracterizara as capitais anteriores. Ao situar os minist\u00e9rios ao longo de superquadras numeradas com precis\u00e3o e reservar faixas exclusivas para com\u00e9rcio e cultura, Costa estabeleceu uma l\u00f3gica t\u00e3o racional quanto po\u00e9tica.<\/p>\n<p>Passeie sob os imponentes arcos parab\u00f3licos da Catedral de Bras\u00edlia \u2014 sua estrutura hiperboloide sustentada por dezesseis colunas esbeltas \u2014 e voc\u00ea sentir\u00e1 uma gra\u00e7a silenciosa, como se o pr\u00f3prio ar tivesse sido moldado pela luz. Este espa\u00e7o sagrado, conclu\u00eddo em 1970, captura o talento de Niemeyer para unir a monumentalidade \u00e0 eleg\u00e2ncia leve. Em outro lugar, o Congresso Nacional se ergue como duas vastas tigelas, uma invertida, ladeada por torres g\u00eameas: uma representa\u00e7\u00e3o visual do equil\u00edbrio legislativo das casas.<\/p>\n<p>No cora\u00e7\u00e3o do &#034;avi\u00e3o&#034;, a Pra\u00e7a dos Tr\u00eas Poderes serve como cabine de comando de Bras\u00edlia. Dispostos em torno de um amplo espelho d&#039;\u00e1gua, o Pal\u00e1cio do Planalto (executivo), o Congresso (legislativo) e o Supremo Tribunal Federal (judici\u00e1rio) dialogam silenciosamente. Mais adiante, ao longo do Eixo Monumental \u2014 a fuselagem \u2014, duas largas avenidas paralelas abra\u00e7am a Esplanada dos Minist\u00e9rios, onde cada minist\u00e9rio ocupa sua pr\u00f3pria faixa de gramado e vidro, como asas individuais que se estendem a partir de uma espinha central.<\/p>\n<p>As alas residenciais da cidade, chamadas de &#034;ala A&#034; e &#034;ala B&#034;, abrigam superblocos de apartamentos projetados para funcion\u00e1rios p\u00fablicos e suas fam\u00edlias. Cada superbloco aninha conjuntos de edif\u00edcios em torno de espa\u00e7os verdes comunit\u00e1rios e playgrounds, refletindo a cren\u00e7a de Costa de que a arquitetura deve atender tanto \u00e0s necessidades coletivas quanto ao conforto pessoal. As plantas de Burle Marx \u2014 gram\u00edneas altas, cr\u00f3tons vermelho-fogo e caminhos sinuosos \u2014 suavizam o horizonte de concreto, oferecendo um ref\u00fagio do sol do meio-dia.<\/p>\n<ul>\n<li>Catedral de Bras\u00edlia: Famosa por sua forma hiperboloide e vitrais do ch\u00e3o ao teto, as colunas esbeltas da catedral se abrem em dire\u00e7\u00e3o ao c\u00e9u, convidando a luz do sol a brincar no piso de m\u00e1rmore.<\/li>\n<li>Pal\u00e1cio da Alvorada: A resid\u00eancia oficial do presidente, modesta mas impressionante, paira sobre um espelho d&#039;\u00e1gua, com sua silhueta de colunata refletida na \u00e1gua parada.<\/li>\n<li>Congresso Nacional: As torres g\u00eameas e as c\u00e2maras legislativas em formato de tigela representam a tens\u00e3o e o equil\u00edbrio inerentes \u00e0 governan\u00e7a democr\u00e1tica.<\/li>\n<li>Supremo Tribunal Federal: Estrutura mais compacta e curva, completa o trio da Pra\u00e7a dos Tr\u00eas Poderes, com sua austera fachada de vidro sugerindo transpar\u00eancia e pondera\u00e7\u00e3o.<\/li>\n<\/ul>\n<p>A ousada experi\u00eancia de Bras\u00edlia n\u00e3o passou despercebida. Em 1987, a UNESCO inscreveu a cidade em sua lista do Patrim\u00f4nio Mundial, enaltecendo &#034;um exemplo excepcional do movimento modernista na arquitetura e no planejamento urbano&#034;. Tr\u00eas d\u00e9cadas depois, em 2017, a UNESCO homenageou Bras\u00edlia novamente como &#034;Cidade do Design&#034;, reconhecendo sua influ\u00eancia cont\u00ednua nas ind\u00fastrias criativas e no discurso arquitet\u00f4nico. Essas designa\u00e7\u00f5es refor\u00e7aram a identidade da cidade como um laborat\u00f3rio de inova\u00e7\u00e3o, onde galerias, est\u00fadios e festivais encontram terreno f\u00e9rtil em meio a estruturas governamentais.<\/p>\n<p>Al\u00e9m de seu papel como centro nevr\u00e1lgico da pol\u00edtica brasileira, Bras\u00edlia funciona como um importante polo de rela\u00e7\u00f5es internacionais. Mais de 120 embaixadas estrangeiras se alinham em seu Setor de Embaixadas, criando um microcosmo da diplomacia global. Enviados passeiam de uma chancelaria a outra sob a sombra de ac\u00e1cias, enquanto adidos culturais coordenam exposi\u00e7\u00f5es que trazem fragmentos de culturas distantes para esta capital planejada.<\/p>\n<p>Os viajantes chegam pelo terceiro aeroporto mais movimentado do Brasil, que liga Bras\u00edlia a todos os principais destinos dom\u00e9sticos e a uma crescente lista de rotas internacionais. Todos os dias, jatos transportam autoridades, empres\u00e1rios e turistas para a cidade, refor\u00e7ando a dupla identidade de Bras\u00edlia como sede administrativa e centro de interc\u00e2mbio global.<\/p>\n<p>Bras\u00edlia provou sua for\u00e7a no cen\u00e1rio esportivo internacional. Em 2013, sediou partidas da Copa das Confedera\u00e7\u00f5es da FIFA e, um ano depois, recebeu milhares de torcedores de futebol para a Copa do Mundo de 2014, com seu est\u00e1dio brilhando sob o c\u00e9u equatorial. Durante os Jogos Ol\u00edmpicos de Ver\u00e3o do Rio 2016, a cidade sediou jogos preliminares de futebol, demonstrando sua capacidade de sediar eventos de magnitude global. Esses eventos deixaram um legado de infraestrutura aprimorada \u2013 novas vias, linhas de transporte expandidas e instala\u00e7\u00f5es esportivas reformadas \u2013 que beneficia os moradores muito depois do apito final.<\/p>\n<p>Legalmente, Bras\u00edlia n\u00e3o \u00e9 um munic\u00edpio, mas sim parte do Distrito Federal, uma \u00e1rea administrativa com seu pr\u00f3prio governador e c\u00e2mara legislativa. O distrito abrange 33 regi\u00f5es administrativas, cada uma com um grau de autonomia local. Em seu cerne est\u00e1 o Plano Piloto, o &#034;plano piloto&#034; original projetado por Costa. Este territ\u00f3rio esbelto e cruciforme abriga os pr\u00e9dios governamentais, superquadras residenciais e institui\u00e7\u00f5es culturais \u2014 o cora\u00e7\u00e3o pulsante da capital. Visitantes que se afastam de seus limites encontram cidades menores e paisagens rurais, um lembrete de que Bras\u00edlia \u00e9 tanto uma metr\u00f3pole quanto um testemunho do interior brasileiro.<\/p>\n<p>Circulando por Bras\u00edlia, voc\u00ea se depara com a intera\u00e7\u00e3o entre escala e intimidade. Ao subir em uma das passarelas de pedestres que cruzam o Eixo Monumental, voc\u00ea se sentir\u00e1 diminu\u00eddo diante de avenidas intermin\u00e1veis. No entanto, ao entrar em um dos parques sombreados ou parar para comer uma tapioca em uma barraca de rua, o calor da cidade se infiltra. As noites aqui s\u00e3o temperadas por brisas frescas e pontuadas pelo brilho suave dos postes de luz nas fachadas curvas. M\u00fasicos se re\u00fanem no gramado em frente ao Museu Nacional, dedilhando acordes enquanto as fam\u00edlias fazem piquenique na grama. Uma sensa\u00e7\u00e3o de calma permeia o ambiente, mesmo com o barulho do tr\u00e2nsito ao longe.<\/p>\n<p>Bras\u00edlia desafia compara\u00e7\u00f5es f\u00e1ceis. N\u00e3o \u00e9 antiga nem gen\u00e9rica; \u00e9 a manifesta\u00e7\u00e3o f\u00edsica da determina\u00e7\u00e3o de um pa\u00eds em moldar seu destino. Para viajantes atra\u00eddos por lugares onde a arquitetura fala por si, onde o planejamento se torna poesia, a capital oferece li\u00e7\u00f5es e tamb\u00e9m encantos. Caminhe por suas avenidas, pare sob os arcos de Niemeyer e voc\u00ea sentir\u00e1 n\u00e3o apenas o peso da ideologia, mas tamb\u00e9m a fr\u00e1gil beleza da ambi\u00e7\u00e3o humana, expressa na pedra e no c\u00e9u. Em Bras\u00edlia, cada canto guarda uma hist\u00f3ria \u2014 e cada hist\u00f3ria nos lembra que mesmo a cidade mais cuidadosamente planejada pode surpreender aqueles que se d\u00e3o ao trabalho de ouvir.<\/p>","protected":false},"excerpt":{"rendered":"<p>Bras\u00edlia, which stands in the Brazilian highlands, epitomizes modernist architectural ideas and creative urban planning. Originally founded on April 21, 1960, under President Juscelino Kubitschek, this city was meant to replace Rio de Janeiro as the next capital of Brazil. After S\u00e3o Paulo and Rio de Janeiro, Bras\u00edlia is today the third most populous city in Brazil as well as the seat of government. Its economic relevance is shown by its greatest GDP per capita among big Latin American cities.<\/p>","protected":false},"author":1,"featured_media":4060,"parent":7508,"menu_order":0,"comment_status":"closed","ping_status":"closed","template":"elementor_theme","meta":{"_eb_attr":"","footnotes":""},"class_list":["post-7628","page","type-page","status-publish","has-post-thumbnail"],"_links":{"self":[{"href":"https:\/\/travelshelper.com\/pt\/wp-json\/wp\/v2\/pages\/7628","targetHints":{"allow":["GET"]}}],"collection":[{"href":"https:\/\/travelshelper.com\/pt\/wp-json\/wp\/v2\/pages"}],"about":[{"href":"https:\/\/travelshelper.com\/pt\/wp-json\/wp\/v2\/types\/page"}],"author":[{"embeddable":true,"href":"https:\/\/travelshelper.com\/pt\/wp-json\/wp\/v2\/users\/1"}],"replies":[{"embeddable":true,"href":"https:\/\/travelshelper.com\/pt\/wp-json\/wp\/v2\/comments?post=7628"}],"version-history":[{"count":0,"href":"https:\/\/travelshelper.com\/pt\/wp-json\/wp\/v2\/pages\/7628\/revisions"}],"up":[{"embeddable":true,"href":"https:\/\/travelshelper.com\/pt\/wp-json\/wp\/v2\/pages\/7508"}],"wp:featuredmedia":[{"embeddable":true,"href":"https:\/\/travelshelper.com\/pt\/wp-json\/wp\/v2\/media\/4060"}],"wp:attachment":[{"href":"https:\/\/travelshelper.com\/pt\/wp-json\/wp\/v2\/media?parent=7628"}],"curies":[{"name":"wp","href":"https:\/\/api.w.org\/{rel}","templated":true}]}}