{"id":7331,"date":"2024-08-25T12:58:27","date_gmt":"2024-08-25T12:58:27","guid":{"rendered":"https:\/\/travelshelper.com\/staging\/?page_id=7331"},"modified":"2026-03-14T00:05:32","modified_gmt":"2026-03-14T00:05:32","slug":"guiana","status":"publish","type":"page","link":"https:\/\/travelshelper.com\/pt\/destinations\/south-america\/guyana\/","title":{"rendered":"Guiana"},"content":{"rendered":"<p>A Guiana se estende ao longo do extremo norte da Am\u00e9rica do Sul, com seu litoral esguio ro\u00e7ando as ondas do Oceano Atl\u00e2ntico. Com 214.969 quil\u00f4metros quadrados, este pa\u00eds \u00e9 o terceiro menor do continente, mas suas vastas \u00e1reas selvagens lhe conferem uma das menores densidades populacionais do mundo. A capital, Georgetown, ergue-se na margem leste do rio Demerara \u2014 suas fachadas em tons pastel e arquitetura colonial ecoam s\u00e9culos de mudan\u00e7as, enquanto o burburinho do com\u00e9rcio e do governo pulsa por suas ruas.<\/p>\n<p>A oeste, o Rio Essequibo esculpe amplos canais atrav\u00e9s de plan\u00edcies baixas antes de desaguar no Atl\u00e2ntico. Ao sul e sudoeste, as imensas florestas brasileiras pressionam a fronteira com a Guiana. No flanco leste fica o Suriname, enquanto a Venezuela guarda al\u00e9m das curvas farpadas do Rio Cuyuni. Essas fronteiras colocam a Guiana dentro do que antes era chamado de \u00cdndias Ocidentais Brit\u00e2nicas, uma ponte viva entre o mundo caribenho e a extens\u00e3o continental.<\/p>\n<p>Mas n\u00e3o \u00e9 apenas o litoral ou a capital que definem este lugar. No interior, o terreno eleva-se em suaves colinas, seguido por planaltos de rochas pr\u00e9-cambrianas, a &#034;terra das muitas \u00e1guas&#034;. Riachos cristalinos tra\u00e7am falhas geol\u00f3gicas e criam cascatas onde a \u00e1gua da chuva abriu caminhos por mil\u00eanios. A faixa costeira, mais estreita que um dedo, abriga arrozais e planta\u00e7\u00f5es de cana-de-a\u00e7\u00facar em meio a manguezais, enquanto, al\u00e9m, estende-se o verde formid\u00e1vel da Amaz\u00f4nia \u2014 a maior floresta tropical do planeta, que se espalha por dois ter\u00e7os da superf\u00edcie da Guiana.<\/p>\n<p>Este ber\u00e7o florestal pertence tanto aos seus habitantes humanos quanto \u00e0s suas on\u00e7as e jacar\u00e9s-a\u00e7u. Nove na\u00e7\u00f5es ind\u00edgenas \u2014 Wai Wai, Macushi, Patamona, Lokono, Kalina, Wapichana, Pemon, Akawaio e Warao \u2014 convivem com e dentro desses ecossistemas. Muito antes de os europeus navegarem pela foz dos rios da Guiana, os povos Lokono e Kalina eram os principais administradores da terra. Suas aldeias se aglomeram ao longo das margens dos rios e clareiras, onde a pesca e o cultivo de mandioca continuam essenciais para a vida cotidiana.<\/p>\n<p>As tradi\u00e7\u00f5es orais falam de canoas deslizando por canais iluminados pela lua, redes de pesca lan\u00e7adas com paci\u00eancia e habilidade. Suas l\u00ednguas, ainda faladas pelos mais velhos, carregam nomes de lugares mais antigos que os mapas coloniais \u2014 marcadores de afloramentos rochosos, po\u00e7os escondidos ou \u00e1reas de ca\u00e7a. Embora os postos mission\u00e1rios e as pol\u00edticas nacionais tenham remodelado aspectos da cultura ind\u00edgena, as comunidades hoje reivindicam direitos a t\u00edtulos de terra e revivem artesanatos, cerim\u00f4nias e hist\u00f3rias amea\u00e7adas de extin\u00e7\u00e3o.<\/p>\n<p>No in\u00edcio do s\u00e9culo XVII, comerciantes holandeses estabeleceram postos avan\u00e7ados ao longo dos rios Pomeroon e Berbice. Fortes e armaz\u00e9ns de madeira se erguiam entre os assentamentos amer\u00edndios, trocando wampum e penas por tecidos e ferramentas de ferro. No final do s\u00e9culo XVIII, os brit\u00e2nicos suplantaram os holandeses, consolidando as tr\u00eas col\u00f4nias \u2014 Demerara, Essequibo e Berbice \u2014 na Guiana Brit\u00e2nica. Sob o dom\u00ednio colonial, arrozais e planta\u00e7\u00f5es de a\u00e7\u00facar expandiram-se para o interior, impulsionados por africanos escravizados e, ap\u00f3s a aboli\u00e7\u00e3o, por trabalhadores contratados da \u00cdndia, China e Portugal.<\/p>\n<p>A vida nas planta\u00e7\u00f5es contrastava fortemente com a vida nas aldeias amer\u00edndias. Chamin\u00e9s de tijolos expeliam fuma\u00e7a, as vozes dos capatazes ecoavam pelos campos e o estalo dos cortadores de cana se misturava ao clangor das m\u00e1quinas. No entanto, al\u00e9m dessas fileiras de fileiras, estendiam-se florestas sem estradas e plan\u00edcies, onde o mogno e o mato-verde se destacavam. Essa dualidade \u2014 cultivo intensivo em contato com a natureza selvagem ancestral \u2014 moldaria a economia e a cultura da Guiana por s\u00e9culos.<\/p>\n<p>Em 26 de maio de 1966, a bandeira do Reino Unido foi arriada e a bandeira azul, verde e branca de uma Guiana independente foi hasteada sobre Georgetown. Quatro anos depois, em 1970, o pa\u00eds tornou-se uma rep\u00fablica dentro da Commonwealth, afirmando a autogovernan\u00e7a e mantendo os la\u00e7os com as institui\u00e7\u00f5es compartilhadas pela monarquia brit\u00e2nica. O legado do dom\u00ednio brit\u00e2nico permanece vis\u00edvel: o ingl\u00eas reina como l\u00edngua oficial, o sistema judici\u00e1rio segue as tradi\u00e7\u00f5es do direito consuetudin\u00e1rio e campos de cr\u00edquete ainda pontilham os parques urbanos.<\/p>\n<p>No entanto, al\u00e9m do ingl\u00eas da rainha, a fala cotidiana flui em crioulo guianense \u2014 uma l\u00edngua mel\u00f3dica, baseada no ingl\u00eas, salpicada de cad\u00eancias da \u00c1frica Ocidental, indiana, holandesa e ind\u00edgena. Ela permeia conversas em barracas de mercado e salas de estar, tecendo um tecido comum entre pessoas de ascend\u00eancia indiana, africana, chinesa, portuguesa, europeia e mesti\u00e7a.<\/p>\n<p>A Guiana ocupa uma posi\u00e7\u00e3o rara: a \u00fanica na\u00e7\u00e3o sul-americana a falar ingl\u00eas por lei, mas culturalmente inserida no Caribe angl\u00f3fono. Abriga a sede da CARICOM, a Comunidade do Caribe, onde pequenos Estados insulares e vizinhos continentais se re\u00fanem para alinhar pol\u00edticas econ\u00f4micas e sociais. Em 2008, a Guiana foi cofundadora da Uni\u00e3o das Na\u00e7\u00f5es Sul-Americanas, sinalizando seu compromisso com a coopera\u00e7\u00e3o continental em \u00e1reas como infraestrutura e gest\u00e3o ambiental.<\/p>\n<p>Festivais e comidas refletem essa dualidade. Durante o Mashramani \u2014 comemora\u00e7\u00e3o do status de rep\u00fablica \u2014, desfiles de rua transbordam de bandas de steel pan e dan\u00e7arinos em trajes vibrantes. Na primavera, o Phagwah (ou Holi) salpica as cidades com p\u00f3 colorido e doces, enquanto as noites de Deepavali brilham com fileiras de lamparinas de barro, marcando o triunfo da luz sobre a escurid\u00e3o. Cada celebra\u00e7\u00e3o carrega a marca dos imigrantes indianos, cujos pratos de arroz temperados com curry e roti compartilham mesas com ensopados de pimenteiro e p\u00e3o de mandioca, unindo tradi\u00e7\u00f5es ancestrais.<\/p>\n<p>Agricultura, minera\u00e7\u00e3o e silvicultura constitu\u00edram a espinha dorsal da economia da Guiana durante a maior parte do s\u00e9culo XX. Pedreiras de bauxita e minas de ouro geravam receitas de exporta\u00e7\u00e3o, enquanto vastas florestas de teca e cerejeira abasteciam os mercados madeireiros no exterior. Ainda assim, 41% dos cidad\u00e3os viviam abaixo da linha da pobreza em 2017, um sinal de desigualdades gritantes, apesar da riqueza de recursos.<\/p>\n<p>Em 2015, pesquisas s\u00edsmicas revelaram reservas substanciais de petr\u00f3leo offshore. Em 2019, plataformas de petr\u00f3leo surgiram no Atl\u00e2ntico e, em 2020, o PIB do pa\u00eds cresceu cerca de 49%, marcando uma das expans\u00f5es mais r\u00e1pidas do mundo. Estimativas recentes indicam reservas recuper\u00e1veis \u200b\u200bem torno de 11 bilh\u00f5es de barris \u2014 o suficiente para posicionar a Guiana entre os maiores produtores de petr\u00f3leo per capita at\u00e9 2025. Trata-se da adi\u00e7\u00e3o mais significativa \u00e0s reservas globais de petr\u00f3leo desde a d\u00e9cada de 1970, remodelando as expectativas em rela\u00e7\u00e3o \u00e0s receitas governamentais, ao investimento estrangeiro e \u00e0 geopol\u00edtica regional.<\/p>\n<p>A grande promessa do petr\u00f3leo chega em meio a desafios urgentes. Um relat\u00f3rio do Banco Mundial de 2023 observou melhorias no \u00cdndice de Desenvolvimento Humano da Guiana desde 2015 \u2014 um sinal de melhores indicadores de sa\u00fade, educa\u00e7\u00e3o e renda \u2014, mas a pobreza persiste em muitas comunidades. As disparidades entre centros urbanos em expans\u00e3o como Georgetown e \u00e1reas remotas do interior aumentam, \u00e0 medida que estradas, hospitais e escolas lutam para acompanhar o ritmo.<\/p>\n<p>As preocupa\u00e7\u00f5es ambientais pesam bastante. A perfura\u00e7\u00e3o offshore traz riscos de vazamentos de petr\u00f3leo que podem devastar a pesca costeira e os recifes de corais, enquanto o desenvolvimento em terra pode invadir habitats de florestas tropicais que abrigam on\u00e7as-pintadas, gavi\u00f5es-reais e centenas de esp\u00e9cies de orqu\u00eddeas. Em reconhecimento, o governo e parceiros internacionais come\u00e7aram a elaborar pol\u00edticas para extra\u00e7\u00e3o sustent\u00e1vel, compartilhamento de receitas e zonas de conserva\u00e7\u00e3o. Estradas para campos de ouro no interior do pa\u00eds s\u00e3o constru\u00eddas com controles de eros\u00e3o, e os planos para um fundo soberano visam proteger as gera\u00e7\u00f5es futuras da volatilidade dos mercados de petr\u00f3leo.<\/p>\n<p>A riqueza natural da Guiana \u2014 suas cachoeiras, savanas, montanhas semelhantes a tepuis e redes fluviais \u2014 oferece uma alternativa \u00e0 extra\u00e7\u00e3o de recursos. Operadores de ecoturismo guiam os visitantes at\u00e9 Iwokrama, uma reserva de 3.700 quil\u00f4metros quadrados onde tamandu\u00e1s-bandeira vagam, e at\u00e9 as Cataratas de Kaieteur, onde uma \u00fanica gota d&#039;\u00e1gua despenca 226 metros em uma piscina verde-jade. Jantares em fogueiras sob um c\u00e9u estrelado estimulam conversas tranquilas sobre conserva\u00e7\u00e3o, enquanto caminhadas matinais revelam bandos de \u00edbis-escarlates se alimentando nas margens dos rios.<\/p>\n<p>As comunidades locais se beneficiam cada vez mais da renda do turismo, oferecendo estadias em casas de fam\u00edlia e oficinas culturais que compartilham artesanato e hist\u00f3rias amer\u00edndias. Esses empreendimentos oferecem incentivos tang\u00edveis para proteger florestas e cursos d&#039;\u00e1gua. \u00c0 medida que a Guiana descobre novas fontes de receita, o ecoturismo se destaca como um modelo de crescimento equilibrado \u2014 que valoriza ecossistemas intactos tanto quanto os ganhos econ\u00f4micos.<\/p>\n<p>A cultura da Guiana carrega a marca da servid\u00e3o, da escravid\u00e3o, da migra\u00e7\u00e3o e da troca. Africanos escravizados, desenraizados de diversas sociedades da \u00c1frica Ocidental, teceram novos padr\u00f5es de cren\u00e7as e rituais dentro da estrutura colonial brit\u00e2nica. Seus descendentes hoje celebram feriados crist\u00e3os e mant\u00eam can\u00e7\u00f5es folcl\u00f3ricas que ecoam ritmos ancestrais. Trabalhadores indianos, que chegaram sob contrato ap\u00f3s a emancipa\u00e7\u00e3o, trouxeram consigo tradi\u00e7\u00f5es hindus e mu\u00e7ulmanas que ainda marcam o calend\u00e1rio, com suas cozinhas repletas de dhal e cabrito ao curry, al\u00e9m de piment\u00f5es e bolinhos de peixe.<\/p>\n<p>Imigrantes chineses e portugueses, embora em menor n\u00famero, introduziram pr\u00e1ticas culin\u00e1rias e comerciais que se infiltraram em cidades e vilas. Ao longo do tempo, casamentos inter\u00e9tnicos e dificuldades compartilhadas deram origem a comunidades de heran\u00e7a mista que confundem fronteiras \u00e9tnicas n\u00edtidas. Em Georgetown, pode-se passar por um templo sikh, uma igreja pentecostal e uma mesquita a poucos quarteir\u00f5es \u2014 uma arquitetura de f\u00e9 que flui de hist\u00f3rias de movimento e adapta\u00e7\u00e3o.<\/p>\n<p>De muitas maneiras, a Guiana se situa entre mundos: geografia sul-americana e cultura caribenha, campos de petr\u00f3leo modernos e florestas antigas, metr\u00f3poles costeiras e vilas do interior. Seus rios caudalosos tra\u00e7am rotas tanto para o mar aberto quanto para o cora\u00e7\u00e3o selvagem do continente. Festivais re\u00fanem sabores e sons da \u00c1sia, \u00c1frica e Europa, ao som de tambores que remontam aos povos Warao e Macuxi.<\/p>\n<p>Para os leitores que buscam um retrato honesto deste pa\u00eds, a Guiana n\u00e3o se conforma a contrastes simples. Ela oferece a poeira das estradas da savana e o brilho das copas das \u00e1rvores da floresta tropical, o zumbido das plataformas mar\u00edtimas e o farfalhar das folhas sob os p\u00e9s descal\u00e7os. Seu povo \u2014 indo-guianense, afro-guianense, amer\u00edndio e outros \u2014 est\u00e1 construindo um futuro que deve honrar tanto a promessa econ\u00f4mica quanto os limites ecol\u00f3gicos.<\/p>\n<p>\u00c0 beira da \u00e1gua, onde os manguezais se protegem contra as mar\u00e9s, o horizonte abriga plataformas de petr\u00f3leo e barcos de pesca. No interior, onde sombras verdes se movem sob cristas iluminadas pelo sol, ouvem-se os chamados dos macacos bugios e o riso das crian\u00e7as correndo pelas margens dos rios. Esta \u00e9 a Guiana: uma terra definida pela \u00e1gua, pelas pessoas e pelo delicado equil\u00edbrio entre progresso e preserva\u00e7\u00e3o.<\/p>","protected":false},"excerpt":{"rendered":"<p>Guyana, formally designated as the\u00a0Co-operative Republic of Guyana, is situated on the northern coastline of\u00a0South America.\u00a0Guyana, with one of the lowest population densities globally, encompasses a geographical area of 214,969 square kilometers, rendering it the third smallest sovereign state by size in continental\u00a0South America, behind\u00a0Uruguay\u00a0and\u00a0Suriname.\u00a0Georgetown, the capital city, is the largest urban center in the country and functions as the political and economic nucleus.<\/p>","protected":false},"author":1,"featured_media":3020,"parent":24096,"menu_order":0,"comment_status":"closed","ping_status":"closed","template":"elementor_theme","meta":{"_eb_attr":"","footnotes":""},"class_list":["post-7331","page","type-page","status-publish","has-post-thumbnail"],"_links":{"self":[{"href":"https:\/\/travelshelper.com\/pt\/wp-json\/wp\/v2\/pages\/7331","targetHints":{"allow":["GET"]}}],"collection":[{"href":"https:\/\/travelshelper.com\/pt\/wp-json\/wp\/v2\/pages"}],"about":[{"href":"https:\/\/travelshelper.com\/pt\/wp-json\/wp\/v2\/types\/page"}],"author":[{"embeddable":true,"href":"https:\/\/travelshelper.com\/pt\/wp-json\/wp\/v2\/users\/1"}],"replies":[{"embeddable":true,"href":"https:\/\/travelshelper.com\/pt\/wp-json\/wp\/v2\/comments?post=7331"}],"version-history":[{"count":0,"href":"https:\/\/travelshelper.com\/pt\/wp-json\/wp\/v2\/pages\/7331\/revisions"}],"up":[{"embeddable":true,"href":"https:\/\/travelshelper.com\/pt\/wp-json\/wp\/v2\/pages\/24096"}],"wp:featuredmedia":[{"embeddable":true,"href":"https:\/\/travelshelper.com\/pt\/wp-json\/wp\/v2\/media\/3020"}],"wp:attachment":[{"href":"https:\/\/travelshelper.com\/pt\/wp-json\/wp\/v2\/media?parent=7331"}],"curies":[{"name":"wp","href":"https:\/\/api.w.org\/{rel}","templated":true}]}}