{"id":7237,"date":"2024-08-23T20:38:18","date_gmt":"2024-08-23T20:38:18","guid":{"rendered":"https:\/\/travelshelper.com\/staging\/?page_id=7237"},"modified":"2026-03-14T00:16:06","modified_gmt":"2026-03-14T00:16:06","slug":"venezuela","status":"publish","type":"page","link":"https:\/\/travelshelper.com\/pt\/destinations\/south-america\/venezuela\/","title":{"rendered":"Venezuela"},"content":{"rendered":"<p>A Venezuela se estende ao longo da extremidade norte da Am\u00e9rica do Sul, com seu formato afilando-se como uma vela desamarrada entre o Mar do Caribe e a ondula\u00e7\u00e3o do Atl\u00e2ntico. Ao longo de 916.445 quil\u00f4metros quadrados, seu relevo varia das plan\u00edcies costeiras varridas pelo vento at\u00e9 a eleva\u00e7\u00e3o dos Andes do norte, e depois para o leste, em dire\u00e7\u00e3o ao mosaico do Planalto das Guianas e dos vastos llanos. Aqui, a vida se desenvolve em cidades densamente povoadas do norte, em comunidades remotas em deltas de rios e no topo dos p\u00e1ramos enevoados, onde geleiras se agarram \u00e0s encostas andinas.<\/p>\n<p>As praias de areia branca do Caribe ficam bem pr\u00f3ximas do pa\u00eds \u2014 ilhas como Margarita, agora repleta de hot\u00e9is e escolas de surfe, ou os at\u00f3is de coral de Los Roques, onde \u00e1guas cristalinas refletem pin\u00e1culos de palmeiras. No interior, uma faixa de picos montanhosos se estende da fronteira com a Col\u00f4mbia at\u00e9 o estado de Sucre, no leste do pa\u00eds. Viajantes que sobem em dire\u00e7\u00e3o ao Pico Bol\u00edvar enfrentam o ar rarefeito a quase 5.000 metros, enquanto abaixo, vales abrigam a capital, Caracas \u2014 uma cidade cercada por rochas e nuvens, cujas ruas respiram tanto o com\u00e9rcio quanto a agita\u00e7\u00e3o.<\/p>\n<p>A leste das terras altas, o solo se aplana em llanos: pastagens irrigadas pelas chuvas sazonais, onde o gado pasta sob um c\u00e9u que cintila com o calor. Mais al\u00e9m, o rio Orinoco serpenteia por florestas, transportando madeira, barca\u00e7as de petr\u00f3leo e tradi\u00e7\u00f5es ao longo de sua corrente lamacenta. No extremo sudeste, os tepuis se erguem como planaltos fraturados, coroados pelo Salto \u00c1ngel \u2014 a \u00e1gua despenca um quil\u00f4metro vertical antes de suspirar na floresta tropical abaixo.<\/p>\n<p>A bandeira da Espanha, fincada pela primeira vez em solo venezuelano em 1522, encontrou resist\u00eancia nas comunidades ind\u00edgenas cujas linhas de defesa se estendiam do litoral \u00e0 selva. Em 1811, l\u00edderes crioulos falavam abertamente em separa\u00e7\u00e3o; uma d\u00e9cada depois, a Gr\u00e3-Col\u00f4mbia emergiu, apenas para se fragmentar em 1830, dando origem \u00e0 pr\u00f3pria rep\u00fablica venezuelana. No entanto, a autoridade se mostrou ilus\u00f3ria. O s\u00e9culo XIX transcorreu sob caudilhos regionais, ex\u00e9rcitos em marcha e constitui\u00e7\u00f5es reescritas para atender a qualquer general que governasse.<\/p>\n<p>Em meados do s\u00e9culo, o petr\u00f3leo come\u00e7ou a vazar, mas a governan\u00e7a permaneceu desigual. Somente depois de 1958 a Venezuela entrou em um per\u00edodo de governos eleitos, impulsionada pela alta dos pre\u00e7os do petr\u00f3leo. Caracas cresceu junto com a esperan\u00e7a de estabilidade duradoura, mesmo enquanto a popula\u00e7\u00e3o rural observava o dinheiro fluir para o norte. Quando os motins de Caracazo eclodiram em 1989 \u2014 desencadeados por cortes de subs\u00eddios e medidas de austeridade \u2014 os pilares do consenso ru\u00edram. Dois levantes armados em 1992 e um impeachment presidencial em 1993 aprofundaram a desilus\u00e3o.<\/p>\n<p>Uma nova constitui\u00e7\u00e3o surgiu em 1999, sob o presidente Hugo Ch\u00e1vez. Programas sociais, financiados pelo petr\u00f3leo, expandiram o acesso a cl\u00ednicas e escolas. Estat\u00edsticas brutas mostraram decl\u00ednios na pobreza e na desigualdade at\u00e9 o in\u00edcio dos anos 2000. No entanto, com o pico e a queda dos pre\u00e7os, o controle do Estado se intensificou. Na d\u00e9cada de 2010, a escassez de produtos b\u00e1sicos, a infla\u00e7\u00e3o galopante e a desvaloriza\u00e7\u00e3o da moeda levaram fam\u00edlias a fazer filas para comprar p\u00e3o e a recorrer a redes de remessas no exterior. Protestos pol\u00edticos em 2013 e novamente em 2014 pressionaram por mudan\u00e7as, apenas para ver as institui\u00e7\u00f5es se deteriorarem. Autoridades internacionais marcam a Venezuela hoje com liberdades restringidas, censura e acusa\u00e7\u00f5es de corrup\u00e7\u00e3o.<\/p>\n<p>O petr\u00f3leo define a identidade moderna da Venezuela. As reservas sob o Lago Maracaibo e o Cintur\u00e3o do Orinoco est\u00e3o entre as maiores do mundo. A estatal petrol\u00edfera financiou obras p\u00fablicas e gastos sociais. Com o tempo, o investimento em explora\u00e7\u00e3o e manuten\u00e7\u00e3o caiu, \u00e0 medida que as receitas diminu\u00edam, levando \u00e0 queda da produ\u00e7\u00e3o. Campos que antes enviavam milh\u00f5es de barris para os mercados globais agora enfrentam dificuldades com infraestrutura obsoleta. As tentativas de diversifica\u00e7\u00e3o em torno da agricultura \u2014 caf\u00e9, cacau \u2014 permaneceram marginais. San\u00e7\u00f5es e a perda de ativos estrangeiros custaram dezenas de bilh\u00f5es de d\u00f3lares, agravando a escassez de pe\u00e7as e capacidade de refino.<\/p>\n<p>A eletricidade, outrora um orgulho para a hidrel\u00e9trica de Guri, agora sofre com os baixos n\u00edveis de \u00e1gua e a falta de investimento. Apag\u00f5es recorrentes afetam a vida urbana, interrompendo hospitais e f\u00e1bricas. Em uma terra de rios, a energia el\u00e9trica se tornou t\u00e3o escassa quanto o diesel na bomba.<\/p>\n<p>As viagens a\u00e9reas dependem do Aeroporto Internacional Sim\u00f3n Bol\u00edvar, perto de Caracas, e de La Chinita, nos arredores de Maracaibo. Os principais portos de La Guaira e Puerto Cabello movimentam petr\u00f3leo bruto, gr\u00e3os e importa\u00e7\u00f5es de bens de consumo. Estradas \u2014 com cerca de 100.000 quil\u00f4metros de extens\u00e3o \u2014 correm para leste, oeste e sul, embora um ter\u00e7o delas permane\u00e7a sem pavimenta\u00e7\u00e3o. Ferrovias prometiam conectar cidades, mas estagnaram devido a d\u00edvidas e atrasos. Linhas de metr\u00f4 em Caracas, Maracaibo e Val\u00eancia oferecem al\u00edvio para o congestionamento rodovi\u00e1rio, mas, al\u00e9m das cidades do norte, as \u00e1reas rurais dependem de barcos fluviais que descem o Orinoco ou de trilhas de terra que desaparecem na chuva.<\/p>\n<p>Cerca de 93% dos venezuelanos vivem em zonas urbanas, muitos a menos de 100 quil\u00f4metros da costa. Caracas chega a mais de cinco milh\u00f5es de habitantes, com uma mar\u00e9 humana inundando cerros (encostas) e condom\u00ednios fechados. Em outros lugares, Barquisimeto, Val\u00eancia e Maracay se aglomeram em cintur\u00f5es industriais; M\u00e9rida fica em altitude, com seu telef\u00e9rico subindo em dire\u00e7\u00e3o a alturas glaciais e pequenos hot\u00e9is de pedra em tons pastel. Ao sul do Orinoco, Ciudad Guayana surge em uma conflu\u00eancia \u2014 um eco das cidades sovi\u00e9ticas planejadas, agora reorientadas em torno do a\u00e7o, do alum\u00ednio e da log\u00edstica portu\u00e1ria.<\/p>\n<p>Desde 1999, estima-se que seis milh\u00f5es de pessoas deixaram a Venezuela, trilhando caminhos de di\u00e1spora pela Am\u00e9rica Latina e al\u00e9m. Os que permanecem formam fam\u00edlias extensas, compartilhando fardos e recursos escassos.<\/p>\n<p>O esp\u00edrito da Venezuela emerge nos festivais ao meio-dia e em momentos de tranquilidade sob os coqueiros. Tribos ind\u00edgenas \u2014 Wayuu, Pemon, Warao \u2014 carregam l\u00ednguas mais antigas que a pr\u00f3pria rep\u00fablica. Ritmos afro-venezuelanos pulsam em formas baseadas em tambores como o tambor; a arquitetura colonial espanhola ancora pra\u00e7as com fontes de pedra e igrejas de estuque. Ondas de imigrantes europeus da It\u00e1lia, Portugal e Fran\u00e7a, no s\u00e9culo XIX, adicionaram ensopados de dialetos e culin\u00e1rias. As ruas de hoje vendem arepas recheadas com queijo, bananas-da-terra fritas e ensopados ricamente temperados, cada prato um testemunho de hist\u00f3rias em camadas.<\/p>\n<p>Prociss\u00f5es religiosas percorrem ruas poeirentas em dias festivos. Em Zulia, os moradores remam at\u00e9 ilhotas sagradas no Lago Maracaibo, entoando preces pelos pescadores perdidos nas tempestades. Na Sierra Nevada, lhamas vagam pelo ar rarefeito, com seus rebanhos vigiados por camponeses que os protegem contra a geada.<\/p>\n<p>O Planalto das Guianas se estende al\u00e9m do alcance da maioria dos viajantes, onde tepuis \u2014 montanhas de topo plano \u2014 se erguem como blocos de pedra ca\u00eddos. O Salto \u00c1ngel se derrama da borda do Auyan-tepui, com sua pluma de respingos vis\u00edvel apenas de pontos de observa\u00e7\u00e3o selecionados. Rio abaixo, canais de manguezais e ilhas em forma de fita esculpem o Delta do Orinoco em uma malha viva de \u00e1gua e lodo. On\u00e7as, jacar\u00e9s e botos-cor-de-rosa deslizam pela densa vegeta\u00e7\u00e3o sob o c\u00e9u das mon\u00e7\u00f5es.<\/p>\n<p>As zonas de conserva\u00e7\u00e3o \u2014 entre elas, o Parque Nacional Canaima \u2014 cobrem quase um ter\u00e7o da \u00e1rea terrestre, mas cortes or\u00e7ament\u00e1rios e minera\u00e7\u00e3o ilegal amea\u00e7am a vida selvagem e a qualidade da \u00e1gua. Nos Llanos, fazendas de gado invadem \u00e1reas \u00famidas, enquanto a expans\u00e3o urbana erode as florestas das terras altas.<\/p>\n<p>Destinos famosos como Margarita e Morrocoy, que j\u00e1 atra\u00edram turistas em busca de sol por todo o Caribe, hoje, os viajantes encontram trilhas mais verdes nos vales deslumbrantes dos Andes, em passeios fluviais que serpenteiam por manguezais ou em hospedagens com pescadores em Los Roques. O telef\u00e9rico de M\u00e9rida continua sendo uma atra\u00e7\u00e3o, levando os h\u00f3spedes a locais de piquenique a mais de 4.000 metros de altitude. Ecolodges ao longo do Orinoco oferecem energia solar e servi\u00e7os de guia fluvial, proporcionando vislumbres de tribos remotas e \u00e1guas escuras como petr\u00f3leo ao entardecer.<\/p>\n<p>Empreendedores locais experimentam cervejas artesanais feitas com cascas de cacau e passeios art\u00edsticos por bairros coloniais revitalizados. Embora as dificuldades econ\u00f4micas persistam, esses pequenos empreendimentos demonstram resili\u00eancia.<\/p>\n<p>A Venezuela encontra-se numa encruzilhada. Os seus vastos recursos \u2013 chuvas, rios, petr\u00f3leo \u2013 poderiam financiar a recupera\u00e7\u00e3o. O seu povo demonstrou adaptabilidade ao longo de d\u00e9cadas de turbul\u00eancia. No entanto, o impasse pol\u00edtico e a decad\u00eancia institucional limitam o progresso. \u00c0 medida que as fam\u00edlias enviam remessas do estrangeiro e os servi\u00e7os humanit\u00e1rios preenchem as lacunas em medicamentos e alimentos, o futuro da rep\u00fablica depende da renova\u00e7\u00e3o da infraestrutura e da confian\u00e7a.<\/p>","protected":false},"excerpt":{"rendered":"<p>Venezuela, located in the northern part of South America, showcases a blend of natural beauty and human resilience. Bound by Colombia, Guyana, and Brazil, this country has a strategic location along important marine and aerial paths connecting North and South America. Aruba, Bonaire, Cura\u00e7ao, Trinidad and Tobago&#8217;s Caribbean islands add to the geographic diversity of the area.<\/p>","protected":false},"author":1,"featured_media":4583,"parent":24096,"menu_order":0,"comment_status":"closed","ping_status":"closed","template":"elementor_theme","meta":{"_eb_attr":"","footnotes":""},"class_list":["post-7237","page","type-page","status-publish","has-post-thumbnail"],"_links":{"self":[{"href":"https:\/\/travelshelper.com\/pt\/wp-json\/wp\/v2\/pages\/7237","targetHints":{"allow":["GET"]}}],"collection":[{"href":"https:\/\/travelshelper.com\/pt\/wp-json\/wp\/v2\/pages"}],"about":[{"href":"https:\/\/travelshelper.com\/pt\/wp-json\/wp\/v2\/types\/page"}],"author":[{"embeddable":true,"href":"https:\/\/travelshelper.com\/pt\/wp-json\/wp\/v2\/users\/1"}],"replies":[{"embeddable":true,"href":"https:\/\/travelshelper.com\/pt\/wp-json\/wp\/v2\/comments?post=7237"}],"version-history":[{"count":0,"href":"https:\/\/travelshelper.com\/pt\/wp-json\/wp\/v2\/pages\/7237\/revisions"}],"up":[{"embeddable":true,"href":"https:\/\/travelshelper.com\/pt\/wp-json\/wp\/v2\/pages\/24096"}],"wp:featuredmedia":[{"embeddable":true,"href":"https:\/\/travelshelper.com\/pt\/wp-json\/wp\/v2\/media\/4583"}],"wp:attachment":[{"href":"https:\/\/travelshelper.com\/pt\/wp-json\/wp\/v2\/media?parent=7237"}],"curies":[{"name":"wp","href":"https:\/\/api.w.org\/{rel}","templated":true}]}}