{"id":7225,"date":"2024-08-23T20:00:24","date_gmt":"2024-08-23T20:00:24","guid":{"rendered":"https:\/\/travelshelper.com\/staging\/?page_id=7225"},"modified":"2026-03-14T00:29:25","modified_gmt":"2026-03-14T00:29:25","slug":"cusco","status":"publish","type":"page","link":"https:\/\/travelshelper.com\/pt\/destinations\/south-america\/peru\/cusco\/","title":{"rendered":"Cusco"},"content":{"rendered":"<p>Cusco ocupa um vale estreito nos Andes, com ruas esculpidas em pedra e muralhas que retratam a dupla heran\u00e7a da cidade. A cerca de 3.400 metros acima do n\u00edvel do mar, situa-se na curva do rio Huatanay e onde dois mundos \u2014 o inca e o colonial \u2014 se encontram. No Peru moderno, Cusco \u00e9 a capital de sua prov\u00edncia e departamento, com uma popula\u00e7\u00e3o de mais de 428.000 habitantes em 2017. O passado e o presente da cidade, em camadas, revelam-se em cada pra\u00e7a, templo e mercado.<\/p>\n<p>Cusco se estende ao longo do vale do rio Huatanay (ou Watanay). Ao norte, ergue-se a cordilheira Vilcabamba, com picos que atingem entre 4.000 e 6.000 metros; Salcantay, com 6.271 metros, fica a cerca de 60 quil\u00f4metros a noroeste. O clima local se enquadra na categoria de planalto subtropical (K\u00f6ppen Cwb). Entre abril e setembro, o c\u00e9u diurno brilha limpo, as temperaturas ficam perto de 10 \u00b0C, com o ponto mais frio em julho, e ocorrem geadas noturnas. De outubro a mar\u00e7o, as chuvas encharcam colinas em socalcos e lavam vielas estreitas; a m\u00e9dia de novembro \u00e9 de 13,3 \u00b0C. Apesar do granizo frequente e da geada ocasional, a \u00faltima queda de neve ocorreu em junho de 1911. As leituras di\u00e1rias oscilam entre 0,2 \u00b0C e 20,9 \u00b0C, embora os extremos variem de -8,9 \u00b0C a 30 \u00b0C. A intensidade solar atinge o pico em julho, semelhante a janeiro no Hemisf\u00e9rio Norte, enquanto fevereiro oferece o menor n\u00famero de horas de sol.<\/p>\n<p>Muito antes da chegada dos soldados espanh\u00f3is, Cusco era o cora\u00e7\u00e3o do Imp\u00e9rio Inca. A malha urbana original aderia ao terreno, com ruas serpenteando por encostas \u00edngremes e arqueando-se sobre riachos. Os primeiros habitantes cultivavam uma grande variedade de variedades de batata \u2014 cerca de 3.000 variedades \u2014 em terra\u00e7os montanhosos. Arquitetos incas ergueram templos de pedra finamente talhada, entre eles o Qurikancha, o Templo do Sol, e constru\u00edram fortifica\u00e7\u00f5es urbanas ao redor de Sacsayhuam\u00e1n. Por volta de 1100 d.C., a cultura Killke j\u00e1 havia constru\u00eddo os primeiros cursos da fortaleza e esculpido aquedutos para canalizar a \u00e1gua da montanha.<\/p>\n<p>As for\u00e7as de Francisco Pizarro chegaram em 1535. Desmantelaram muralhas de pal\u00e1cios, transformaram pedras em igrejas e fundaram a cidade espanhola sobre funda\u00e7\u00f5es incas. A Catedral de Santo Domingo agora se ergue onde antes se erguiam templos. Em v\u00e1rios terremotos ao longo dos s\u00e9culos, a alvenaria inca sobreviveu \u00e0s funda\u00e7\u00f5es coloniais, um testemunho silencioso da precis\u00e3o da engenharia.<\/p>\n<p>A pegada urbana de Cusco reflete dois sistemas em tens\u00e3o e harmonia. Construtores pr\u00e9-colombianos respeitavam a &#034;matriz geogr\u00e1fica&#034;, alinhando ruas a cumes, espelhando os contornos das colinas e direcionando a \u00e1gua por canais pavimentados. Os espanh\u00f3is impuseram uma grade sobre esse padr\u00e3o, esculpindo pra\u00e7as \u2014 com destaque para a Plaza de Armas \u2014 no cora\u00e7\u00e3o da cidade. Fachadas coloniais escondem cantaria incaica em muitas constru\u00e7\u00f5es; uma arqueologia em camadas para quem observa atentamente.<\/p>\n<p>Em 1972, o governo peruano declarou o centro hist\u00f3rico Patrim\u00f4nio Cultural da Na\u00e7\u00e3o. Onze anos depois, a UNESCO o reconheceu como Patrim\u00f4nio Mundial. As autoridades criaram uma zona central de estruturas preservadas, cercada por uma barreira que se estende at\u00e9 as colinas circundantes.<\/p>\n<p>A economia de Cusco mudou ao longo dos s\u00e9culos \u2014 de reserva imperial a posto colonial avan\u00e7ado, de polo agr\u00edcola a destino global. Nos campos ao redor, agricultores cultivam milho e tub\u00e9rculos nativos, enquanto produtores artesanais produzem cerveja, chocolates e gr\u00e3os de caf\u00e9 torrados. Ind\u00fastrias extrativas operam nas margens da cidade, embora as tend\u00eancias de emprego dependam do turismo. Desde o in\u00edcio dos anos 2000, o n\u00famero de visitantes ultrapassou 1,2 milh\u00e3o anualmente; em 2019, mais de 2,7 milh\u00f5es de turistas entraram na regi\u00e3o. Os gastos tur\u00edsticos aumentaram de aproximadamente US$ 837 milh\u00f5es em 2002 para US$ 2,47 bilh\u00f5es em 2009. Cusco agora mant\u00e9m um n\u00edvel de emprego pr\u00f3ximo ao pleno.<\/p>\n<p>Para acomodar o crescente n\u00famero de chegadas, as autoridades aprovaram a constru\u00e7\u00e3o do Aeroporto Internacional de Chinchero. Situado a 3.700 metros de altitude, em colinas a noroeste da cidade, o aeroporto visa conectar Cusco diretamente com a Am\u00e9rica do Norte e a Europa, sem passar por Lima. Ele substituir\u00e1 o Aeroporto Internacional Alejandro Velasco Astete, que leva o nome do piloto que realizou o primeiro voo Lima-Cusco em 1925. At\u00e9 a inaugura\u00e7\u00e3o de Chinchero, o Astete oferece voos para cinco destinos dom\u00e9sticos e tr\u00eas internacionais.<\/p>\n<p>A culin\u00e1ria de Cusco combina influ\u00eancias andinas, coloniais e modernas. Vendedores ambulantes vendem choclo con queso \u2014 milho de gr\u00e3o grosso com queijo fresco \u2014 ao lado de barracas que oferecem cuy al horno, porquinho-da-\u00edndia assado e dourado na brasa. Picanter\u00edas servem sopas substanciosas e carnes fritas: caldo de panza (sopa de tripa), costillar frito (costela frita), malaya frita (bife de fraldinha). Outros pratos levam nomes espanh\u00f3is \u2014 chuleta frita, churrasco al jugo \u2014 mas adaptam ingredientes locais. A leguminosa tarwi, assada ou misturada em saladas como solterito de kuchicara, oferece prote\u00edna vegetal. A carne de porco salteada aparece como chicharr\u00f3n, enquanto cora\u00e7\u00f5es grelhados na brasa como coraz\u00f3n a la brasa. Restaurantes de fus\u00e3o combinam pratos b\u00e1sicos andinos com t\u00e9cnicas internacionais, mas mant\u00eam uma base de tub\u00e9rculos nativos e ervas selvagens.<\/p>\n<p>Cusco funciona como um portal para a heran\u00e7a inca. Machu Picchu, 80 quil\u00f4metros ao norte, est\u00e1 no topo da maioria dos roteiros. Os caminhantes seguem a Trilha Inca, atravessando passagens elevadas antes de emergir na cidadela ao amanhecer. Trens serpenteiam pelos c\u00e2nions dos rios para aqueles que preferem uma subida mais suave.<\/p>\n<p>Dentro dos limites da cidade, Sacsayhuam\u00e1n ergue-se sobre uma crista acima da extremidade norte. Pedras gigantes, cada uma pesando at\u00e9 100 toneladas, se encaixam sem argamassa. Em seus terra\u00e7os, os visitantes observam as nuvens se precipitarem sobre o vale. Perto dali, o aqueduto e a estrada de Killke ligam templos pr\u00e9-hist\u00f3ricos \u00e0 fortaleza.<\/p>\n<p>Al\u00e9m do conhecido, ru\u00ednas se espalham pelo Vale Watanay. Tip\u00f3n exibe canais de \u00e1gua corrente em amplos terra\u00e7os. Em \u00d1usta Hisp&#039;ana, pedras esculpidas se erguem como um jardim de esculturas. Incahuasi reivindica o t\u00edtulo de s\u00edtio inca mais alto, com quase 4.000 metros de altitude. Moray mergulha em plataformas conc\u00eantricas \u2014 um experimento agr\u00edcola em microclimas. Vilcabamba, o \u00faltimo ref\u00fagio dos governantes incas, encontra-se escondido em encostas arborizadas. Vitcos e Patallaqta repousam sob palmeiras cobertas de musgo, com suas paredes parcialmente cobertas por videiras.<\/p>\n<p>Cusco se conecta por trem a Juliaca e Arequipa atrav\u00e9s da linha principal da Ferrovia do Sul, que termina na esta\u00e7\u00e3o Wanchaq. Da esta\u00e7\u00e3o San Pedro, a linha faz uma curva para sudeste em dire\u00e7\u00e3o a Santa Ana e Quillabamba, a rota hist\u00f3rica para Machu Picchu. A PeruRail opera os trens, oferecendo janelas panor\u00e2micas e vag\u00f5es-restaurante.<\/p>\n<p>Estradas se estendem da cidade como raios. Rodovias ligam Cusco a Abancay, a rota mais r\u00e1pida para Lima em cerca de 20 horas, e a Puno, \u00e0s margens do Lago Titicaca. \u00d4nibus partem de hora em hora para Puerto Maldonado, Arequipa e Juliaca, passando por passagens de montanha e plan\u00edcies de alta altitude.<\/p>\n<p>Cusco continua sendo uma cidade de pedras e mem\u00f3rias, onde cada canto conta uma hist\u00f3ria de trabalho, conquista e renova\u00e7\u00e3o. Sua economia depende de solos e pedras, de tub\u00e9rculos e turistas, de uma arquitetura que se curva, mas que perdura. Aqui, a altitude agu\u00e7a os sentidos: o ar frio que antecede o amanhecer, o brilho do sol na rocha p\u00e1lida, o grito distante de um falc\u00e3o sobre terra\u00e7os que ondulam como ondas do oceano. A cidade j\u00e1 serviu a um imp\u00e9rio; hoje, ergue-se na encruzilhada do passado e do presente, da montanha e do c\u00e9u. Em suas pra\u00e7as, em suas ru\u00ednas, os visitantes vislumbram resist\u00eancia e mudan\u00e7a, em um lugar que prospera nos limites da respira\u00e7\u00e3o e do tempo.<\/p>","protected":false},"excerpt":{"rendered":"<p>Cusco, the historic capital of the Inca Empire, exemplifies Peru&#8217;s profound history and cultural legacy. Nestled high in the Andes Mountains, this city presents tourists with a special fusion of pre-Columbian and colonial Spanish influences. While its lively markets and local cuisine give a sense of modern Peruvian life, its cobblestone walkways, great plazas, and well-preserved architecture carry visitors back in time.<\/p>","protected":false},"author":1,"featured_media":3211,"parent":7175,"menu_order":0,"comment_status":"closed","ping_status":"closed","template":"elementor_theme","meta":{"_eb_attr":"","footnotes":""},"class_list":["post-7225","page","type-page","status-publish","has-post-thumbnail"],"_links":{"self":[{"href":"https:\/\/travelshelper.com\/pt\/wp-json\/wp\/v2\/pages\/7225","targetHints":{"allow":["GET"]}}],"collection":[{"href":"https:\/\/travelshelper.com\/pt\/wp-json\/wp\/v2\/pages"}],"about":[{"href":"https:\/\/travelshelper.com\/pt\/wp-json\/wp\/v2\/types\/page"}],"author":[{"embeddable":true,"href":"https:\/\/travelshelper.com\/pt\/wp-json\/wp\/v2\/users\/1"}],"replies":[{"embeddable":true,"href":"https:\/\/travelshelper.com\/pt\/wp-json\/wp\/v2\/comments?post=7225"}],"version-history":[{"count":0,"href":"https:\/\/travelshelper.com\/pt\/wp-json\/wp\/v2\/pages\/7225\/revisions"}],"up":[{"embeddable":true,"href":"https:\/\/travelshelper.com\/pt\/wp-json\/wp\/v2\/pages\/7175"}],"wp:featuredmedia":[{"embeddable":true,"href":"https:\/\/travelshelper.com\/pt\/wp-json\/wp\/v2\/media\/3211"}],"wp:attachment":[{"href":"https:\/\/travelshelper.com\/pt\/wp-json\/wp\/v2\/media?parent=7225"}],"curies":[{"name":"wp","href":"https:\/\/api.w.org\/{rel}","templated":true}]}}