{"id":35488,"date":"2024-11-30T23:23:21","date_gmt":"2024-11-30T23:23:21","guid":{"rendered":"https:\/\/travelshelper.com\/staging\/?page_id=35488"},"modified":"2026-03-11T02:09:40","modified_gmt":"2026-03-11T02:09:40","slug":"mantenha-se-seguro-e-saudavel-no-bahrein","status":"publish","type":"page","link":"https:\/\/travelshelper.com\/pt\/destinations\/asia\/bahrain\/stay-safe-healthy-in-bahrain\/","title":{"rendered":"Mantenha-se seguro e saud\u00e1vel no Bahrein"},"content":{"rendered":"<h2 class=\"wp-block-heading\">Fique seguro no Bahrein<\/h2>\n\n\n\n<p>O Bahrein quase viveu uma guerra civil em 2011, com centenas de mortos, centenas de feridos e um n\u00famero significativo de ativistas e profissionais m\u00e9dicos presos e torturados. Embora os grandes protestos tenham sido implacavelmente reprimidos, o ambiente permanece vol\u00e1til, e protestos, tumultos e assassinatos cometidos pela pol\u00edcia podem ocorrer a qualquer momento. Viajantes devem evitar as regi\u00f5es e comunidades rurais do noroeste do pa\u00eds. Grandes protestos podem ocorrer a qualquer momento e, embora possam se tornar violentos \u00e0s vezes, raramente s\u00e3o antiocidentais. Evite locais onde grandes grupos de pessoas pare\u00e7am estar se reunindo.<\/p>\n\n\n\n<p>No Bahrein, a incid\u00eancia m\u00e9dia de crimes sociais \u00e9 baixa, enquanto crimes violentos s\u00e3o incomuns. Roubos, furtos e furtos, no entanto, ocorrem. Crimes menores, como furto de carteiras e roubo de carteiras, foram registrados, principalmente nos antigos bairros de mercado, conhecidos como souks. As casas noturnas da maioria dos hot\u00e9is s\u00e3o frequentadas por indiv\u00edduos mal-intencionados. Apesar de os hot\u00e9is terem medidas de seguran\u00e7a suficientes, incluindo c\u00e2meras, houve casos de h\u00f3spedes que invadiram seus quartos.<\/p>\n\n\n\n<p>Se voc\u00ea estiver na Exhibition Avenue (perto de Hoora), tenha cuidado, pois as mulheres podem ter encontros desagrad\u00e1veis \u200b\u200bcom sauditas (principalmente) embriagados. \u00c9 uma boa ideia levar um rapaz com voc\u00ea se for l\u00e1 (especialmente \u00e0 noite).<\/p>\n\n\n\n<h3 class=\"wp-block-heading\">Crime<\/h3>\n\n\n\n<p>Aproximadamente 4.000 cidad\u00e3os brit\u00e2nicos vivem no Bahrein, e milhares de outros o visitam anualmente. A maioria das visitas ocorre sem incidentes. Apesar de a criminalidade ser rara na maioria das regi\u00f5es, os turistas devem tomar precau\u00e7\u00f5es, incluindo o uso de servi\u00e7os de t\u00e1xi confi\u00e1veis.<\/p>\n\n\n\n<h3 class=\"wp-block-heading\">Drogas<\/h3>\n\n\n\n<p>Mesmo vest\u00edgios de subst\u00e2ncias ilegais s\u00e3o absolutamente restritos. Mesmo em tr\u00e2nsito por um aeroporto de um pa\u00eds para outro, consumir ou portar narc\u00f3ticos ilegais pode resultar em pris\u00e3o e expuls\u00e3o. Comprar ou vender drogas e narc\u00f3ticos ilegais \u00e9 uma infra\u00e7\u00e3o grave, com pena m\u00e1xima de pris\u00e3o perp\u00e9tua.<\/p>\n\n\n\n<p>Alguns itens cosm\u00e9ticos e recargas de cigarros eletr\u00f4nicos podem conter subst\u00e2ncias proibidas, como \u00f3leo de CBD, no Bahrein.<\/p>\n\n\n\n<p>\u00c9 aconselh\u00e1vel levar consigo uma carta m\u00e9dica se estiver a utilizar medicamentos sujeitos a receita m\u00e9dica. Se pretende importar medicamentos sujeitos a receita m\u00e9dica para o Bahrein, poder\u00e1 ser necess\u00e1rio obter autoriza\u00e7\u00e3o pr\u00e9via das autoridades. Antes de viajar, deve contactar a Embaixada ou o consulado do Bahrein mais pr\u00f3ximo.<\/p>\n\n\n\n<h3 class=\"wp-block-heading\">\u00c1lcool<\/h3>\n\n\n\n<p>O consumo de \u00e1lcool \u00e9 legal no Bahrein, onde h\u00e1 diversos bares, restaurantes licenciados e lojas de bebidas alco\u00f3licas; no entanto, o comportamento alcoolizado em p\u00fablico ou dirigir sob a influ\u00eancia de \u00e1lcool \u00e9 ilegal, sujeitando o infrator a multa, pris\u00e3o e\/ou deporta\u00e7\u00e3o, bem como \u00e0 suspens\u00e3o da carteira de habilita\u00e7\u00e3o. Agress\u00e3o f\u00edsica e destrui\u00e7\u00e3o de propriedade p\u00fablica sob a influ\u00eancia de \u00e1lcool s\u00e3o crimes que podem resultar em pris\u00e3o.<\/p>\n\n\n\n<h3 class=\"wp-block-heading\">Condu\u00e7\u00e3o<\/h3>\n\n\n\n<p>No Bahrein, h\u00e1 toler\u00e2ncia zero para dirigir sob efeito de \u00e1lcool. Se voc\u00ea for pego com, mesmo que seja apenas um vest\u00edgio, de \u00e1lcool no organismo, poder\u00e1 ser indiciado e preso. Viola\u00e7\u00f5es da lei, como dirigir muito pr\u00f3ximo da traseira do carro, excesso de velocidade, ultrapassagens abusivas, furar a faixa de rodagem e uso de celular ao volante podem resultar em multas pesadas. H\u00e1 um grande n\u00famero de radares de velocidade em estradas e rodovias. O uso do cinto de seguran\u00e7a \u00e9 obrigat\u00f3rio. A n\u00e3o observ\u00e2ncia pode resultar em multa.<\/p>\n\n\n\n<p><strong>Leis de Tr\u00e2nsito<\/strong><\/p>\n\n\n\n<ul class=\"wp-block-list\">\n<li>O tr\u00e1fego flui pela direita.<\/li>\n\n\n\n<li>Nas rotat\u00f3rias, os carros dentro da rotat\u00f3ria t\u00eam prefer\u00eancia sobre aqueles que tentam entrar.<\/li>\n\n\n\n<li>Os motoristas frequentemente excedem o limite de velocidade, apesar das penalidades severas, incluindo multas e poss\u00edvel pris\u00e3o.<\/li>\n\n\n\n<li>A pol\u00edcia pode deter motoristas por infra\u00e7\u00f5es de tr\u00e2nsito.<\/li>\n\n\n\n<li>\u00c9 ilegal usar o celular enquanto dirige, embora seja muito comum.<\/li>\n\n\n\n<li>Os motoristas s\u00e3o obrigados a usar cintos de seguran\u00e7a.<\/li>\n\n\n\n<li>O tr\u00e2nsito fica mais congestionado nos fins de semana com o fluxo de ve\u00edculos de pa\u00edses vizinhos.<\/li>\n<\/ul>\n\n\n\n<h3 class=\"wp-block-heading\">C\u00f3digo de vestimenta<\/h3>\n\n\n\n<p>Os barenitas geralmente se vestem de forma conservadora, com trajes tradicionais, e podem ficar irritados quando outros se vestem mal ou de forma contr\u00e1ria \u00e0s normas isl\u00e2micas.<\/p>\n\n\n\n<p>Em locais p\u00fablicos, como shoppings, restaurantes e parques, recomenda-se o uso de trajes adequados. As roupas n\u00e3o devem ser transparentes, expor partes do corpo de forma indecente ou exibir imagens ou mensagens desagrad\u00e1veis. Se voc\u00ea visitar um desses locais com traje inadequado, poder\u00e1 ser solicitado a se retirar (a maioria dos grandes shoppings exibe placas alertando que roupas respeit\u00e1veis \u200b\u200bdevem ser usadas). Qualquer tipo de nudez \u00e9 estritamente proibido, at\u00e9 mesmo tomar sol sem blusa. Durante o m\u00eas do Ramad\u00e3, quando a humildade \u00e9 incentivada, esses princ\u00edpios s\u00e3o mantidos ainda mais rigorosamente.<\/p>\n\n\n\n<h3 class=\"wp-block-heading\">Religi\u00e3o<\/h3>\n\n\n\n<p>No Bahrein, as cren\u00e7as religiosas isl\u00e2micas s\u00e3o altamente reverenciadas. Qualquer desrespeito a ideias ou pr\u00e1ticas religiosas \u00e9 considerado extremamente desrespeitoso e pode resultar em multa pesada e\/ou pris\u00e3o. Outras religi\u00f5es s\u00e3o respeitadas e podem ser praticadas livremente no Bahrein. Siga algumas diretrizes simples de respeito:<\/p>\n\n\n\n<p>Os mu\u00e7ulmanos realizam cinco ora\u00e7\u00f5es di\u00e1rias. Voc\u00ea notar\u00e1 que as mesquitas usam alto-falantes para chamar os fi\u00e9is para a ora\u00e7\u00e3o. Esteja ciente de que carros que n\u00e3o estejam perto de uma mesquita podem parar em um acostamento para rezar discretamente.<\/p>\n\n\n\n<p>Os mu\u00e7ulmanos jejuam do amanhecer ao p\u00f4r do sol durante o m\u00eas sagrado do Ramad\u00e3. Durante o m\u00eas do Ramad\u00e3, comer, beber, fumar, tocar m\u00fasica alta e dan\u00e7ar em p\u00fablico durante o dia s\u00e3o proibidos e penalizados por lei, mesmo para n\u00e3o mu\u00e7ulmanos.<\/p>\n\n\n\n<h3 class=\"wp-block-heading\">Clima e desastres naturais<\/h3>\n\n\n\n<p>O Bahrein costuma ter temperaturas extremamente altas. De junho a agosto, a temperatura pode ultrapassar 50\u00b0C.<\/p>\n\n\n\n<p>Para evitar insola\u00e7\u00e3o e desidrata\u00e7\u00e3o:<\/p>\n\n\n\n<ul class=\"wp-block-list\">\n<li>beba bastante \u00e1gua<\/li>\n\n\n\n<li>evite longos per\u00edodos no calor<\/li>\n<\/ul>\n\n\n\n<p>Tempestades de areia e poeira acontecem com frequ\u00eancia.<\/p>\n\n\n\n<h3 class=\"wp-block-heading\">Manifesta\u00e7\u00f5es<\/h3>\n\n\n\n<p>Manifesta\u00e7\u00f5es e protestos ocasionais s\u00e3o poss\u00edveis. Isso pode envolver tentativas de interromper o tr\u00e2nsito, bem como dist\u00farbios em \u00e1reas rurais e perto de centros econ\u00f4micos. Raramente, isso leva a conflitos localizados entre as for\u00e7as de seguran\u00e7a do governo e os manifestantes. Ocasionalmente, anivers\u00e1rios de eventos importantes no Bahrein aumentam a probabilidade de manifesta\u00e7\u00f5es espont\u00e2neas. No passado, casos semelhantes ocorreram em Sitra, Bani Jamra, Karbabad, Saar, Karzakan, na Rodovia Budaiya e em vilarejos vizinhos.<\/p>\n\n\n\n<p>Embora n\u00e3o tenha havido amea\u00e7as ou ataques diretos contra cidad\u00e3os brit\u00e2nicos at\u00e9 o momento, voc\u00ea deve ter cuidado, seguir os conselhos das autoridades locais e estar atento aos arredores, onde quer que esteja na ilha.<\/p>\n\n\n\n<p>Aqueles que por engano se encontram nas proximidades de uma manifesta\u00e7\u00e3o violenta est\u00e3o em risco.<\/p>\n\n\n\n<p>Se voc\u00ea se deparar com uma grande aglomera\u00e7\u00e3o ou manifesta\u00e7\u00e3o p\u00fablica, evacue a \u00e1rea rapidamente. Se observar um objeto suspeito, evite se aproximar ou toc\u00e1-lo. Afaste-se e ligue para o 999 ou para a Linha de Emerg\u00eancia da Pol\u00edcia 8000 8008.<\/p>\n\n\n\n<p>Durante o dia, o tr\u00e2nsito nas principais rodovias costuma ser tranquilo. H\u00e1 v\u00e1rios postos de controle policial.<\/p>\n\n\n\n<p>Durante as manifesta\u00e7\u00f5es, as estradas podem ficar intransit\u00e1veis, exigindo desvios. Eles podem lev\u00e1-lo a territ\u00f3rios desconhecidos. Voc\u00ea deve se familiarizar com outros caminhos.<\/p>\n\n\n\n<p>A opini\u00e3o p\u00fablica local na regi\u00e3o continua sendo impactada pelos acontecimentos regionais. Voc\u00ea deve estar ciente das sensibilidades locais em rela\u00e7\u00e3o a essas quest\u00f5es. Acompanhe as not\u00edcias e esteja atento a acontecimentos locais e regionais que possam gerar agita\u00e7\u00e3o p\u00fablica.<\/p>\n\n\n\n<p>O Minist\u00e9rio do Interior emitiu um lembrete de que todos os residentes e h\u00f3spedes devem portar documento de identifica\u00e7\u00e3o com foto. Uma multa de at\u00e9 300 BHD poder\u00e1 ser aplicada caso voc\u00ea n\u00e3o apresente documento de identifica\u00e7\u00e3o com foto quando solicitado por um membro do governo do Bahrein, conforme exigido pela legisla\u00e7\u00e3o do Bahrein.<\/p>\n\n\n\n<h2 class=\"wp-block-heading\">Mantenha-se saud\u00e1vel no Bahrein<\/h2>\n\n\n\n<p>Beba bastante \u00e1gua. Pode ficar extremamente quente (at\u00e9 50 graus Celsius) e \u00famido de abril a agosto. Proteja-se do sol usando um guarda-chuva. Manter-se hidratado \u00e9 fundamental, principalmente se voc\u00ea estiver ao ar livre durante o dia. \u00c1gua engarrafada est\u00e1 dispon\u00edvel para compra a pre\u00e7os extremamente baixos em quase todos os lugares da cidade, em &#034;Cold Stores&#034; e pequenos restaurantes.<\/p>\n\n\n\n<p>Pequenas garrafas geladas s\u00e3o vendidas por vendedores ambulantes no souk, mas voc\u00ea pode acabar gastando mais do que a garrafa vale. Se voc\u00ea quiser ficar no Bahrein por um longo per\u00edodo, pode contratar uma loja de bebidas geladas local para entregar \u00e1gua engarrafada em seu apartamento ou contratar um servi\u00e7o de entrega de \u00e1gua por meio de uma das muitas lojas da ilha. Muitas lojas de bebidas geladas (assim como alguns hot\u00e9is) entregam seus produtos (ou refei\u00e7\u00f5es) gratuitamente em seu hotel ou apartamento.<\/p>\n\n\n\n<h3 class=\"wp-block-heading\">COVID 19<\/h3>\n\n\n\n<p>N\u00e3o h\u00e1 restri\u00e7\u00f5es devido \u00e0 COVID-19 em \u00e1reas p\u00fablicas, e todos os estabelecimentos comerciais, incluindo lojas, bancos e restaurantes, est\u00e3o operando normalmente. O uso de m\u00e1scaras \u00e9 opcional em ambientes internos e externos (exceto em unidades de sa\u00fade).<\/p>\n\n\n\n<p>N\u00e3o h\u00e1 limites relacionados \u00e0 COVID-19 quanto \u00e0 disponibilidade de hospedagem e instala\u00e7\u00f5es, incluindo hot\u00e9is e unidades de aluguel privadas.<\/p>\n\n\n\n<p>Se voc\u00ea acredita estar apresentando sintomas de COVID-19, ligue para a linha direta local no n\u00famero 444 e siga as recomenda\u00e7\u00f5es das autoridades. Para perguntas gerais sobre a COVID-19 no Bahrein, entre em contato com o Minist\u00e9rio da Sa\u00fade pelo e-mail covid19@moh.gov.bh. Aqueles que testarem positivo para COVID-19 ser\u00e3o contatados pelas autoridades por meio do aplicativo &#034;BeAware&#034; e ser\u00e3o obrigados a se isolar em casa ou em um hotel por 7 dias (se totalmente vacinados) ou 10 dias (se n\u00e3o vacinados) a partir da data da infec\u00e7\u00e3o. Ao obter um resultado negativo de PCR em um hospital particular, o per\u00edodo de autoisolamento pode ser encerrado mais cedo. Se necess\u00e1rio, o tratamento para COVID-19 ser\u00e1 fornecido gratuitamente.<\/p>","protected":false},"excerpt":{"rendered":"<p>O Bahrein quase viveu uma guerra civil em 2011, com centenas de mortos, centenas de feridos e um n\u00famero significativo de ativistas e profissionais m\u00e9dicos presos e torturados. Embora os grandes protestos tenham sido implacavelmente reprimidos, o ambiente permanece vol\u00e1til, e protestos, tumultos e assassinatos cometidos pela pol\u00edcia podem ocorrer a qualquer momento. Viajantes devem evitar as regi\u00f5es e comunidades rurais do noroeste do pa\u00eds. Grandes protestos podem ocorrer a qualquer momento e, embora possam se tornar violentos \u00e0s vezes, raramente s\u00e3o antiocidentais. Evite locais onde grandes grupos de pessoas pare\u00e7am estar se reunindo.<\/p>","protected":false},"author":1,"featured_media":35491,"parent":35335,"menu_order":0,"comment_status":"closed","ping_status":"closed","template":"elementor_theme","meta":{"_eb_attr":"","footnotes":""},"class_list":["post-35488","page","type-page","status-publish","has-post-thumbnail"],"_links":{"self":[{"href":"https:\/\/travelshelper.com\/pt\/wp-json\/wp\/v2\/pages\/35488","targetHints":{"allow":["GET"]}}],"collection":[{"href":"https:\/\/travelshelper.com\/pt\/wp-json\/wp\/v2\/pages"}],"about":[{"href":"https:\/\/travelshelper.com\/pt\/wp-json\/wp\/v2\/types\/page"}],"author":[{"embeddable":true,"href":"https:\/\/travelshelper.com\/pt\/wp-json\/wp\/v2\/users\/1"}],"replies":[{"embeddable":true,"href":"https:\/\/travelshelper.com\/pt\/wp-json\/wp\/v2\/comments?post=35488"}],"version-history":[{"count":0,"href":"https:\/\/travelshelper.com\/pt\/wp-json\/wp\/v2\/pages\/35488\/revisions"}],"up":[{"embeddable":true,"href":"https:\/\/travelshelper.com\/pt\/wp-json\/wp\/v2\/pages\/35335"}],"wp:featuredmedia":[{"embeddable":true,"href":"https:\/\/travelshelper.com\/pt\/wp-json\/wp\/v2\/media\/35491"}],"wp:attachment":[{"href":"https:\/\/travelshelper.com\/pt\/wp-json\/wp\/v2\/media?parent=35488"}],"curies":[{"name":"wp","href":"https:\/\/api.w.org\/{rel}","templated":true}]}}