{"id":35472,"date":"2024-11-30T22:59:50","date_gmt":"2024-11-30T22:59:50","guid":{"rendered":"https:\/\/travelshelper.com\/staging\/?page_id=35472"},"modified":"2026-03-11T02:07:26","modified_gmt":"2026-03-11T02:07:26","slug":"tradicoes-e-costumes-no-bahrein","status":"publish","type":"page","link":"https:\/\/travelshelper.com\/pt\/destinations\/asia\/bahrain\/traditions-customs-in-bahrain\/","title":{"rendered":"Tradi\u00e7\u00f5es e costumes no Bahrein"},"content":{"rendered":"<p>O Bahrein \u00e9 um pa\u00eds acolhedor, mas voc\u00ea deve sempre demonstrar respeito e educa\u00e7\u00e3o em rela\u00e7\u00e3o \u00e0s suas tradi\u00e7\u00f5es culturais e religiosas. Ao visitar \u00e1reas frequentadas por \u00e1rabes locais, \u00e9 prefer\u00edvel usar cal\u00e7as compridas em vez de shorts, e as mulheres devem evitar vestidos transparentes.<\/p>\n\n\n\n<p>Trajes de banho, biqu\u00ednis e shorts s\u00e3o trajes aceit\u00e1veis \u200b\u200bem clubes de praia e hot\u00e9is. Em p\u00fablico, n\u00e3o demonstre afeto por pessoas do sexo oposto. Pessoas do sexo oposto j\u00e1 foram presas por se beijarem em p\u00fablico, e isso \u00e9 socialmente inaceit\u00e1vel. Evite sempre brigar e nunca entre em debates, especialmente com um morador local.<\/p>\n\n\n\n<p>A religi\u00e3o oficial do reino \u00e9 o islamismo. \u00c9 seguido por mais de 70% da popula\u00e7\u00e3o. Crist\u00e3os, budistas e hindus comp\u00f5em a parcela restante. Uma pequena fra\u00e7\u00e3o dos habitantes n\u00e3o declara qualquer afilia\u00e7\u00e3o religiosa. A Igreja e o Estado n\u00e3o s\u00e3o separados. A Sharia (lei isl\u00e2mica) se aplica neste caso. O conceito de liberdade religiosa est\u00e1 consagrado na Constitui\u00e7\u00e3o. \u00c9 um fato. N\u00e3o existe persegui\u00e7\u00e3o religiosa aqui. Representantes de v\u00e1rias religi\u00f5es t\u00eam permiss\u00e3o para observar livremente seus ritos e celebrar feriados.<\/p>\n\n\n\n<p>A comunidade mu\u00e7ulmana \u00e9 heterog\u00eanea. Os mu\u00e7ulmanos sunitas consideram os bedu\u00ednos seus antepassados. Os xiitas, segundo suas cren\u00e7as, descendem do Profeta. A maioria dos xiitas pertence \u00e0 comunidade \u00e9tnica e religiosa Baharna. S\u00e3o tradicionais e piedosos. Sunitas e xiitas estabelecem comunidades separadas. Seus conflitos legais s\u00e3o resolvidos por tribunais distintos.<\/p>\n\n\n\n<p>A posi\u00e7\u00e3o social das mulheres no Bahrein \u00e9 superior \u00e0 da maioria dos pa\u00edses \u00e1rabes. Aqui, as mulheres podem trabalhar. Elas constituem quase um ter\u00e7o da for\u00e7a de trabalho do pa\u00eds. Elas t\u00eam acesso \u00e0 educa\u00e7\u00e3o e \u00e0 sa\u00fade. Aproximadamente 60% das mulheres possuem diploma universit\u00e1rio. H\u00e1 muitas mulheres no mundo dos neg\u00f3cios. As mulheres ainda s\u00e3o sub-representadas na pol\u00edtica. Elas est\u00e3o ausentes da autoridade governamental. N\u00e3o h\u00e1 leis oficiais que violem os direitos das mulheres. No entanto, a regulamenta\u00e7\u00e3o entra em conflito com a lei Sharia, que exige que as mulheres cubram o rosto e o corpo. A maioria das mulheres usa um chador que n\u00e3o cobre o rosto. O niqab esconde totalmente o rosto das mulheres de fam\u00edlias mais tradicionais. Mulheres estrangeiras s\u00e3o toleradas pelos nativos. No entanto, voc\u00ea deve cobrir os ombros e as pernas. Al\u00e9m disso, h\u00e1 requisitos para homens estrangeiros. \u00c9 proibido aparecer em p\u00fablico usando shorts e roupas esportivas.<\/p>\n\n\n\n<p>Esta democracia \u00e9 resultado do r\u00e1pido crescimento econ\u00f4mico do Bahrein, que atrai um grande n\u00famero de estrangeiros. O Bahrein \u00e9 a na\u00e7\u00e3o mu\u00e7ulmana mais liberal. Moradores de outros pa\u00edses \u00e1rabes costumam passar f\u00e9rias aqui. O pa\u00eds vende e consome bebidas alco\u00f3licas. Durante o m\u00eas sagrado do Ramad\u00e3, os padr\u00f5es morais se tornam mais rigorosos. Nesse per\u00edodo, os fi\u00e9is jejuam. Os mu\u00e7ulmanos s\u00e3o proibidos de comer e beber durante o dia durante esse per\u00edodo.<\/p>\n\n\n\n<p>A religi\u00e3o influencia a etiqueta. A m\u00e3o esquerda \u00e9 tradicionalmente considerada suja por ser usada para higiene pessoal. \u00c9 aceit\u00e1vel aceitar comida e dinheiro, mas apenas com a m\u00e3o direita. Ao entrar em uma casa ou mesquita, os sapatos devem ser tirados. N\u00e3o se pode apontar os p\u00e9s para o interlocutor, olhar fixamente nos olhos dele, comer enquanto se caminha ou gesticular ativamente durante uma conversa.<\/p>\n\n\n\n<p>A fam\u00edlia \u00e9 de suma import\u00e2ncia para os cidad\u00e3os do pa\u00eds. As mulheres se casam muito jovens, a partir dos 14 anos. Os homens se casam entre 20 e 22 anos. \u00c9 pr\u00e1tica comum resgatar noivas. A poligamia \u00e9 permitida pela lei Sharia. Mas cada esposa deve ter sua pr\u00f3pria resid\u00eancia confort\u00e1vel. Al\u00e9m disso, existem casamentos transit\u00f3rios (muta). Eles s\u00e3o aceitos exclusivamente pelos xiitas. Uma recompensa \u00e9 dada \u00e0 mulher na conclus\u00e3o de tal casamento. Formalmente, os direitos da mulher s\u00e3o equivalentes aos de uma esposa comum. Seus filhos tamb\u00e9m s\u00e3o considerados leg\u00edtimos. Ela se qualifica para um mahr (presente do marido). A dura\u00e7\u00e3o do casamento pode ser prolongada por um n\u00famero indeterminado de vezes. Uma mulher deve fazer uma pausa antes de se casar novamente ap\u00f3s um casamento fracassado. Essa pausa \u00e9 necess\u00e1ria para descartar a possibilidade de gravidez. Durante esse hiato de quatro a vinte semanas, o marido continua a ajudar a esposa.<\/p>\n\n\n\n<p>Ap\u00f3s a independ\u00eancia do pa\u00eds em 1971, a cultura do Bahrein come\u00e7ou a florescer significativamente. Al\u00e9m do desenvolvimento da arte tradicional, a arte moderna tamb\u00e9m est\u00e1 crescendo. O Impressionismo, o Expressionismo e o Surrealismo est\u00e3o ganhando popularidade. Exposi\u00e7\u00f5es frequentes de arte moderna s\u00e3o organizadas. Diversos museus e galerias s\u00e3o utilizados para esse fim. As artes tradicionais da caligrafia \u00e1rabe, cer\u00e2mica, joalheria e ferraria s\u00e3o dignas de nota. A literatura tamb\u00e9m come\u00e7ou a se desenvolver rapidamente no final do s\u00e9culo XX. A forte influ\u00eancia ocidental \u00e9 inerente a ela. O Bahrein, ao contr\u00e1rio de outras na\u00e7\u00f5es isl\u00e2micas, tem um grande n\u00famero de poetisas que publicam suas obras.<\/p>\n\n\n\n<p>A m\u00fasica \u00e1rabe, indiana e persa impactou a m\u00fasica tradicional do Bahrein. Os estilos mais populares s\u00e3o Saut, Fijri e Liwa. Os cidad\u00e3os do Bahrein est\u00e3o envolvidos na minera\u00e7\u00e3o de p\u00e9rolas h\u00e1 muito tempo. Os mergulhadores de p\u00e9rolas desenvolveram sua pr\u00f3pria cultura, incluindo a m\u00fasica. Fijri \u00e9 a m\u00fasica dos mergulhadores de p\u00e9rolas. \u00c9 importante notar que existem can\u00e7\u00f5es costeiras e can\u00e7\u00f5es do mar. Liwa \u00e9 a m\u00fasica dos povos africanos. A m\u00fasica \u00e1rabe conhecida como saut \u00e9 tocada em oud, instrumento de percuss\u00e3o e rebab. M\u00fasica moderna tamb\u00e9m existe. H\u00e1 bandas que tocam rock. O Bahrein tamb\u00e9m possui est\u00fadios de grava\u00e7\u00e3o. Cinema n\u00e3o \u00e9 ilegal. Mas filmes locais praticamente nunca s\u00e3o feitos.<\/p>","protected":false},"excerpt":{"rendered":"<p>O Bahrein \u00e9 um pa\u00eds acolhedor, mas voc\u00ea deve sempre demonstrar respeito e educa\u00e7\u00e3o em rela\u00e7\u00e3o \u00e0s suas tradi\u00e7\u00f5es culturais e religiosas. Ao visitar \u00e1reas frequentadas por \u00e1rabes locais, \u00e9 prefer\u00edvel usar cal\u00e7as compridas em vez de shorts, e as mulheres devem evitar vestidos transparentes.<\/p>","protected":false},"author":1,"featured_media":35474,"parent":35335,"menu_order":0,"comment_status":"closed","ping_status":"closed","template":"elementor_theme","meta":{"_eb_attr":"","footnotes":""},"class_list":["post-35472","page","type-page","status-publish","has-post-thumbnail"],"_links":{"self":[{"href":"https:\/\/travelshelper.com\/pt\/wp-json\/wp\/v2\/pages\/35472","targetHints":{"allow":["GET"]}}],"collection":[{"href":"https:\/\/travelshelper.com\/pt\/wp-json\/wp\/v2\/pages"}],"about":[{"href":"https:\/\/travelshelper.com\/pt\/wp-json\/wp\/v2\/types\/page"}],"author":[{"embeddable":true,"href":"https:\/\/travelshelper.com\/pt\/wp-json\/wp\/v2\/users\/1"}],"replies":[{"embeddable":true,"href":"https:\/\/travelshelper.com\/pt\/wp-json\/wp\/v2\/comments?post=35472"}],"version-history":[{"count":0,"href":"https:\/\/travelshelper.com\/pt\/wp-json\/wp\/v2\/pages\/35472\/revisions"}],"up":[{"embeddable":true,"href":"https:\/\/travelshelper.com\/pt\/wp-json\/wp\/v2\/pages\/35335"}],"wp:featuredmedia":[{"embeddable":true,"href":"https:\/\/travelshelper.com\/pt\/wp-json\/wp\/v2\/media\/35474"}],"wp:attachment":[{"href":"https:\/\/travelshelper.com\/pt\/wp-json\/wp\/v2\/media?parent=35472"}],"curies":[{"name":"wp","href":"https:\/\/api.w.org\/{rel}","templated":true}]}}