{"id":35452,"date":"2024-11-30T22:41:22","date_gmt":"2024-11-30T22:41:22","guid":{"rendered":"https:\/\/travelshelper.com\/staging\/?page_id=35452"},"modified":"2026-03-11T02:11:40","modified_gmt":"2026-03-11T02:11:40","slug":"vida-noturna-no-bahrein","status":"publish","type":"page","link":"https:\/\/travelshelper.com\/pt\/destinations\/asia\/bahrain\/nightlife-in-bahrain\/","title":{"rendered":"Vida noturna no Bahrein"},"content":{"rendered":"<p>A vida noturna do Bahrein \u00e9 bastante desenvolvida, o que \u00e9 surpreendente. Isso se deve principalmente \u00e0 toler\u00e2ncia do governo e ao grande n\u00famero de estrangeiros que vivem no pa\u00eds. O Bahrein \u00e9 frequentemente chamado de &#034;Hava\u00ed do Oriente M\u00e9dio&#034;. Todos encontrar\u00e3o divers\u00e3o ap\u00f3s o p\u00f4r do sol. Em todo o pa\u00eds, h\u00e1 discotecas, bares de karaok\u00ea e casas noturnas com m\u00fasica ao vivo.<\/p>\n\n\n\n<p>Adliya \u00e9 especialmente famosa por sua vida noturna. Este \u00e9 o bairro bo\u00eamio de Manama. Hot\u00e9is de luxo oferecem diversas op\u00e7\u00f5es de entretenimento noturno. Bebidas alco\u00f3licas s\u00e3o permitidas em todo o pa\u00eds, inclusive em casas noturnas. Isso atrai turistas de pa\u00edses \u00e1rabes vizinhos, mais conservadores.<\/p>\n\n\n\n<h2 class=\"wp-block-heading\">Bares e clubes no Bahrein<\/h2>\n\n\n\n<p>Como praticamente todos os estabelecimentos licenciados devem ser afiliados a hot\u00e9is de quatro e cinco estrelas, n\u00e3o h\u00e1 um distrito de vida noturna distinto em Manama; em vez disso, h\u00e1 uma distribui\u00e7\u00e3o em grade de locais pela cidade. Depois que um bar funciona h\u00e1 algum tempo, ele ganha reputa\u00e7\u00e3o entre os moradores locais, e muitos deles se tornam estabelecimentos bem conhecidos em todos os Estados do Golfo. Um desses estabelecimentos \u00e9 o Sherlock Holmes (Gulf Hotel, Manama), um bar tem\u00e1tico com uma hist\u00f3ria distinta. Embora bastante confort\u00e1vel, ele n\u00e3o conseguiu se livrar de sua apar\u00eancia tradicional de pub londrino e oferece m\u00fasica ao vivo na maioria das noites da semana, que costumam ser lotadas de clientes regulares; no entanto, os fins de semana no Bahrein tamb\u00e9m podem ser extremamente lotados.<\/p>\n\n\n\n<p>O Trader Vic&#039;s (Le Meridien, Manama) fica perto de uma das praias de Manama e oferece uma vista deslumbrante do Golfo, a partir do conforto de seu interior com ar-condicionado. \u00c9 famoso por seus coquet\u00e9is inspirados nos Mares do Sul, servidos em belas jarras, tornando-se um dos melhores lugares da cidade para um p\u00f4r do sol. O Warbler Club (Baisan Hotel, Manama) \u00e9 outro estabelecimento que oferece m\u00fasica ao vivo regularmente, p\u00fablico atraente e comida deliciosa de bar. Este \u00e9 um dos melhores lugares no Bahrein para os f\u00e3s de esportes desfrutarem de um drinque, j\u00e1 que conta com diversas televis\u00f5es grandes sintonizadas em todos os jogos.<\/p>\n\n\n\n<h3 class=\"wp-block-heading\">Bar do Centro<\/h3>\n\n\n\n<p><em>Endere\u00e7o: 1507 King Faisal Highway, Manama \u2013 Hor\u00e1rio de funcionamento: Diariamente: 16h-2h<\/em><\/p>\n\n\n\n<p>O Downtown, uma se\u00e7\u00e3o do Intercontinental Regency Hotel, \u00e9 um dos favoritos dos moradores e turistas e atrai grandes multid\u00f5es, especialmente em noites com m\u00fasica ao vivo. O local apresenta bandas locais, noites de microfone aberto e jam sessions, e quarta-feira \u00e9 a Noite das Mulheres.<\/p>\n\n\n\n<h3 class=\"wp-block-heading\">Pub irland\u00eas do JJ<\/h3>\n\n\n\n<p><em>Endere\u00e7o: Bloco 326, Al Qudaibiya, Manama<\/em><\/p>\n\n\n\n<p>O bar do JJ \u00e9 um estabelecimento amplo com um ambiente acolhedor e uma grande variedade de chopes. H\u00e1 in\u00fameras atividades semanais, incluindo karaok\u00ea, quizzes de pub, noite das mulheres e m\u00fasica ao vivo com a banda da casa, The Noise.<\/p>\n\n\n\n<h3 class=\"wp-block-heading\">A toutinegra<\/h3>\n\n\n\n<p><em>Endere\u00e7o: Bloco 320, Manama \u2013 Hor\u00e1rio de funcionamento: Diariamente: 12h-2h<\/em><\/p>\n\n\n\n<p>O Warbler, um famoso pub esportivo de estilo brit\u00e2nico que sedia eventos quase todas as noites, fica dentro do Baisan International Hotel. H\u00e1 dan\u00e7a, m\u00fasica ao vivo, transmiss\u00e3o de eventos esportivos importantes, Ladies&#039; Night \u00e0s ter\u00e7as-feiras e uma cozinha completa que serve uma variedade de pratos.<\/p>\n\n\n\n<h3 class=\"wp-block-heading\">A toutinegra<\/h3>\n\n\n\n<p><em>Endere\u00e7o: Bloco 320, Manama \u2013 Hor\u00e1rio de funcionamento: Diariamente: 12h-2h<\/em><\/p>\n\n\n\n<p>O Warbler, um famoso pub esportivo de estilo brit\u00e2nico que sedia eventos quase todas as noites, fica dentro do Baisan International Hotel. H\u00e1 dan\u00e7a, m\u00fasica ao vivo, transmiss\u00e3o de eventos esportivos importantes, Ladies&#039; Night \u00e0s ter\u00e7as-feiras e uma cozinha completa que serve uma variedade de pratos.<\/p>\n\n\n\n<h2 class=\"wp-block-heading\">Restaurantes e culin\u00e1ria no Bahrein<\/h2>\n\n\n\n<p>No Bahrein, o pre\u00e7o e a qualidade da comida variam bastante. Se voc\u00ea n\u00e3o quiser gastar muito, pode escolher entre uma variedade de hot\u00e9is com pre\u00e7os variados. A vida de expatriado envolve muitas refei\u00e7\u00f5es fora de casa, ent\u00e3o sinta-se \u00e0 vontade para pedir dicas atualizadas a qualquer pessoa; eles geralmente ficar\u00e3o felizes em ajudar. Em Manama, o boca a boca \u00e9 muito influente.<\/p>\n\n\n\n<p>Adilya, Mezzaluna (3808 Road, Manama) \u00e9 um tesouro no centro do bairro gastron\u00f4mico e um dos restaurantes mais populares de Manama, ent\u00e3o certifique-se de fazer sua reserva com bastante anteced\u00eancia. O chef franc\u00eas do Mezzaluna prepara uma grande variedade de pratos internacionais, e os fil\u00e9s de costela s\u00e3o altamente recomendados. O restaurante est\u00e1 localizado em uma antiga mans\u00e3o do Bahrein com decora\u00e7\u00e3o que combina com o estilo.<\/p>\n\n\n\n<p>Enquanto isso, o Jim&#039;s (Avenida Osama bin Zaid, Manama) se tornou uma institui\u00e7\u00e3o para expatriados, conhecido tanto por suas vodcas de chocolate artesanais quanto por seu caf\u00e9 da manh\u00e3 irland\u00eas completo, servido em um charmoso ambiente campestre. Gra\u00e7as \u00e0 simpatia e ao senso de humor do Jim, este restaurante no Bahrein tende a ficar extremamente lotado, ent\u00e3o fa\u00e7a reservas com anteced\u00eancia.<\/p>\n\n\n\n<p>O moderno Casa Blu (Sheikh Isa Avenue, Manama), em estilo \u00e1rabe, \u00e9 decorado com m\u00e1quinas de escrever vintage, caixas registradoras antigas danificadas, div\u00e3s luxuosos e hip-hop ao vivo, tudo isso contribui para o ambiente do restaurante. A culin\u00e1ria \u00e9 t\u00e3o excelente quanto o ambiente.<\/p>\n\n\n\n<h2 class=\"wp-block-heading\">Onde comer e beber no Bahrein<\/h2>\n\n\n\n<p>Como conv\u00e9m \u00e0 sua reputa\u00e7\u00e3o como o \u00fanico estado do Golfo onde o \u00e1lcool pode ser comprado legalmente, a vida noturna e gastron\u00f4mica do Bahrein \u00e9 popular entre expatriados locais e turistas sauditas.<\/p>\n\n\n\n<p>Em Manama, os bares esportivos s\u00e3o populares, e o JJ&#039;s Irish Restaurant \u00e9 um dos melhores. O Bizarre Lounge no Le M\u00e9ridien e o Casa Bar &amp; Terrace no Mercure Grand Seef s\u00e3o dois dos melhores bares e casas noturnas entre os hot\u00e9is de luxo da regi\u00e3o. O Ibrida no Ramee Grand Hotel e o Club XS no Ramee Rose Hotel s\u00e3o casas noturnas populares. Na maioria das casas noturnas famosas, promo\u00e7\u00f5es de happy hour e noites para mulheres acontecem durante a semana.<\/p>\n\n\n\n<h3 class=\"wp-block-heading\">Brunch<\/h3>\n\n\n\n<p>Com a a\u00e7\u00e3o na pista s\u00f3 come\u00e7ando mais tarde, por que n\u00e3o come\u00e7ar o dia com uma tradi\u00e7\u00e3o local popular? Brunchs suntuosos &#034;coma \u00e0 vontade&#034; s\u00e3o servidos em in\u00fameros restaurantes por Manama, especialmente em hot\u00e9is de luxo como o Le M\u00e9ridien e o Ritz Carlton. Sextas e s\u00e1bados s\u00e3o os dias mais populares. Voc\u00ea pagar\u00e1 um valor fixo (normalmente de 20 a 40 BHD \/ US$ 50 a US$ 100) por toda a comida e bebida que conseguir consumir em 3 a 4 horas. Se voc\u00ea chegar cedo para a corrida do pr\u00f3ximo ano, muitos restaurantes celebrar\u00e3o o Dia de S\u00e3o Patr\u00edcio em 17 de mar\u00e7o com eventos tem\u00e1ticos especiais.<\/p>\n\n\n\n<h3 class=\"wp-block-heading\">Buf\u00ea<\/h3>\n\n\n\n<p>Al\u00e9m do brunch, v\u00e1rios dos melhores hot\u00e9is e restaurantes da cidade oferecem buffets &#034;coma \u00e0 vontade&#034; durante a semana, principalmente nas noites de quarta a sexta. Os buffets mais populares incluem noites tem\u00e1ticas no Crowne Plaza, culin\u00e1ria indiana \u00e0s quintas e sextas no Lanterns Restaurant e frutos do mar \u00e0s quintas-feiras no Le M\u00e9ridien.<\/p>\n\n\n\n<h3 class=\"wp-block-heading\">Justi\u00e7a<\/h3>\n\n\n\n<p>Muitos dos melhores restaurantes de Manama est\u00e3o localizados no bairro de Adliya. Caf\u00e9s populares incluem o Coco&#039;s, que serve culin\u00e1ria tradicional americana, e o Caf\u00e9 Lilou, com um toque parisiense. O Rasoi by Vineet serve alguns dos melhores pratos da culin\u00e1ria indiana em Manama; nas proximidades, o Polo Gastropub, no Palace Boutique Hotel, oferece hamb\u00fargueres saborosos e m\u00fasica ao vivo, e o The Meat Company serve cortes nobres de carne.<\/p>\n\n\n\n<h3 class=\"wp-block-heading\">Culin\u00e1ria do Bahrein<\/h3>\n\n\n\n<p>N\u00e3o deixe Manama sem experimentar a deliciosa culin\u00e1ria local. Receitas populares incluem machboos (arroz arom\u00e1tico com sabor de carne), carne grelhada com khubus (p\u00e3o macio), nasheef (ensopado de batata e carne) e luqaimat (bolinhos doces). O Haji Gahwa \u00e9 um caf\u00e9 de rua no Souk de Manama que serve refei\u00e7\u00f5es caseiras deliciosas e baratas, enquanto o Basta 23, no Shopping Riyadat, oferece uma vers\u00e3o contempor\u00e2nea da culin\u00e1ria tradicional local.<\/p>","protected":false},"excerpt":{"rendered":"<p>A vida noturna do Bahrein \u00e9 bastante desenvolvida, o que \u00e9 surpreendente. Isso se deve principalmente \u00e0 toler\u00e2ncia do governo e ao grande n\u00famero de estrangeiros que vivem no pa\u00eds. O Bahrein \u00e9 frequentemente chamado de &#034;Hava\u00ed do Oriente M\u00e9dio&#034;. Todos encontrar\u00e3o divers\u00e3o ap\u00f3s o p\u00f4r do sol. Em todo o pa\u00eds, h\u00e1 discotecas, bares de karaok\u00ea e casas noturnas com m\u00fasica ao vivo.<\/p>","protected":false},"author":1,"featured_media":35455,"parent":35335,"menu_order":0,"comment_status":"closed","ping_status":"closed","template":"elementor_theme","meta":{"_eb_attr":"","footnotes":""},"class_list":["post-35452","page","type-page","status-publish","has-post-thumbnail"],"_links":{"self":[{"href":"https:\/\/travelshelper.com\/pt\/wp-json\/wp\/v2\/pages\/35452","targetHints":{"allow":["GET"]}}],"collection":[{"href":"https:\/\/travelshelper.com\/pt\/wp-json\/wp\/v2\/pages"}],"about":[{"href":"https:\/\/travelshelper.com\/pt\/wp-json\/wp\/v2\/types\/page"}],"author":[{"embeddable":true,"href":"https:\/\/travelshelper.com\/pt\/wp-json\/wp\/v2\/users\/1"}],"replies":[{"embeddable":true,"href":"https:\/\/travelshelper.com\/pt\/wp-json\/wp\/v2\/comments?post=35452"}],"version-history":[{"count":0,"href":"https:\/\/travelshelper.com\/pt\/wp-json\/wp\/v2\/pages\/35452\/revisions"}],"up":[{"embeddable":true,"href":"https:\/\/travelshelper.com\/pt\/wp-json\/wp\/v2\/pages\/35335"}],"wp:featuredmedia":[{"embeddable":true,"href":"https:\/\/travelshelper.com\/pt\/wp-json\/wp\/v2\/media\/35455"}],"wp:attachment":[{"href":"https:\/\/travelshelper.com\/pt\/wp-json\/wp\/v2\/media?parent=35452"}],"curies":[{"name":"wp","href":"https:\/\/api.w.org\/{rel}","templated":true}]}}