{"id":35418,"date":"2024-11-30T21:45:41","date_gmt":"2024-11-30T21:45:41","guid":{"rendered":"https:\/\/travelshelper.com\/staging\/?page_id=35418"},"modified":"2026-03-11T01:22:03","modified_gmt":"2026-03-11T01:22:03","slug":"dinheiro-e-compras-no-bahrein","status":"publish","type":"page","link":"https:\/\/travelshelper.com\/pt\/destinations\/asia\/bahrain\/money-shopping-in-bahrain\/","title":{"rendered":"Dinheiro e compras no Bahrein"},"content":{"rendered":"<p>O Bahrein abriga complexos comerciais modernos e souks tradicionais, garantindo que a ilha atenda a todos os gostos. No Bahrein, fazer compras \u00e9 muito mais do que um hobby; \u00e9 um estilo de vida. \u00c0s sextas e s\u00e1bados, que comp\u00f5em o fim de semana do Golfo, as \u00e1reas comerciais ficam movimentadas com turistas de todos os pa\u00edses em busca de ofertas, restaurantes e encontros sociais.<\/p>\n\n\n\n<p>Se a alta costura e as marcas de grife s\u00e3o atraentes, parece que um novo shopping center abre a cada m\u00eas. Em termos de layout, decora\u00e7\u00e3o e ambiente, cada hotel \u00e9 \u00fanico. O Al Seef \u00e9 um dos maiores shoppings da ilha, mas o Al A&#039;ali n\u00e3o fica muito atr\u00e1s em termos de tamanho. O Bahrain Mall, o Dana Mall e o Sitra Mall est\u00e3o todos localizados em Sanabis, enquanto o Sitra Mall fica um pouco mais afastado do centro comercial. O amplo centro da cidade do Bahrain tamb\u00e9m \u00e9 um complexo recreativo totalmente equipado com dois hot\u00e9is, um parque aqu\u00e1tico e um cinema multiplex.<\/p>\n\n\n\n<p>No extremo oposto, os souks tradicionais s\u00e3o igualmente agrad\u00e1veis \u200b\u200be oferecem uma variedade compar\u00e1vel de produtos. Descontra\u00eddos e hospitaleiros, eles oferecem aos turistas uma experi\u00eancia al\u00e9m de pechinchas. O Souk de Manama \u00e9 o maior e mais popular, enquanto o Souk de Muharraq oferece um aut\u00eantico ambiente de vilarejo dentro da cidade. O Souk iraniano em Isa Town oferece uma grande variedade de produtos usados, bugigangas e at\u00e9 mesmo um intrigante mercado de p\u00e1ssaros. Em Adilya, h\u00e1 muitos comerciantes de tapetes e lojas de artesanato que vendem artesanato do Bahrein.<\/p>\n\n\n\n<h2 class=\"wp-block-heading\">Dinheiro no Bahrein<\/h2>\n\n\n\n<p>O Dinar Bahrein (BD) \u00e9 a moeda do Bahrein e \u00e9 dividido em 1.000 fils. Um dinar vale quase tr\u00eas d\u00f3lares (US$ 2,66, para ser exato, j\u00e1 que a taxa de c\u00e2mbio \u00e9 fixa), tornando-o uma das moedas mais poderosas do mundo (perdendo apenas para o Kuwait), e isso pode ser dif\u00edcil de se ajustar. Aparentemente, uma corrida de t\u00e1xi barata de 10 dinares custa, na verdade, quase US$ 27 e, portanto, um esquema de extors\u00e3o!<\/p>\n\n\n\n<p>O dinar \u00e9 uma moeda livremente convers\u00edvel, sem restri\u00e7\u00f5es de importa\u00e7\u00e3o ou exporta\u00e7\u00e3o no momento. 5 fils, 10 fils, 25 fils, 50 fils e 100 fils s\u00e3o as denomina\u00e7\u00f5es das moedas (raramente se v\u00eaem moedas de 500 fils, mas elas s\u00e3o v\u00e1lidas). As notas v\u00eam em denomina\u00e7\u00f5es de 500 fils (BD 1\/2), BD 1, BD 5, BD 10 e BD 20.<\/p>\n\n\n\n<p>O dinar est\u00e1 atrelado ao rial saudita em 1:10, e o rial \u00e9 aceito em quase todos os lugares a essa taxa. No entanto, voc\u00ea quase certamente receber\u00e1 o troco em dinares, e os hot\u00e9is podem tentar extorquir uma pequena parte do seu dinheiro. Se voc\u00ea estiver vindo da Ar\u00e1bia Saudita, n\u00e3o h\u00e1 necessidade de trocar seu dinheiro, mas tente se livrar de quaisquer dinares extras antes de sair do pa\u00eds, pois eles s\u00e3o dif\u00edceis de trocar em qualquer lugar, mesmo na Ar\u00e1bia Saudita.<\/p>\n\n\n\n<h2 class=\"wp-block-heading\">Pre\u00e7os no Bahrein<\/h2>\n\n\n\n<p>O Bahrein, assim como outros pa\u00edses do Golfo, n\u00e3o \u00e9 barato. Uma boa refei\u00e7\u00e3o pode custar cerca de BD$ 4,00, e o aluguel de um carro por 10 a 20 dls\/dia \u00e9 aceit\u00e1vel. No entanto, as di\u00e1rias de hot\u00e9is podem impactar seu or\u00e7amento: um quarto de hotel mediano pode custar BD$ 50. Se quiser um bom neg\u00f3cio, evite ir ao Bahrein para o evento anual de F\u00f3rmula 1 em abril. Os pre\u00e7os dos hot\u00e9is triplicar\u00e3o. Durante a corrida, um quarto no Gulf Hotel pode custar mais de BD$ 300 por noite.<\/p>\n\n\n\n<h2 class=\"wp-block-heading\">Compras no Bahrein<\/h2>\n\n\n\n<p>No Bahrein, h\u00e1 muitos grandes shoppings com lojas de luxo e de marcas famosas do mundo todo, farm\u00e1cias, supermercados, pra\u00e7as de alimenta\u00e7\u00e3o, caf\u00e9s tradicionais e modernos, \u00e1reas de lazer e fliperamas, teatros (3D e 2D) e at\u00e9 mesmo um port\u00e3o de entrada para um parque aqu\u00e1tico.<\/p>\n\n\n\n<p>Uma visita ao souk local \u00e9 obrigat\u00f3ria. L\u00e1, voc\u00ea pode pechinchar o pre\u00e7o de &#034;rolexes&#034;, joias e uma variedade de outros itens. Muitos alfaiates excepcionais podem ser encontrados no souk. Se voc\u00ea ficar tempo suficiente (digamos, uma semana), poder\u00e1 usar sua roupa favorita e &#034;copi\u00e1-la&#034; com precis\u00e3o em qualquer material da vasta sele\u00e7\u00e3o dispon\u00edvel.<\/p>\n\n\n\n<p>O Bahrein \u00e9 um pa\u00eds extremamente caro. No entanto, muitas pessoas querem levar para casa lembran\u00e7as deste local deslumbrante. O famoso bazar \u00e1rabe tradicional deve ser sua primeira parada. L\u00e1 voc\u00ea pode comprar a maioria das lembran\u00e7as. As galerias coloridas de lojas chamar\u00e3o sua aten\u00e7\u00e3o imediatamente. Al\u00e9m disso, os vendedores \u00e1rabes s\u00e3o excepcionalmente persuasivos. Eles certamente conseguir\u00e3o persuadi-lo a comprar at\u00e9 o item mais in\u00fatil.<\/p>\n\n\n\n<p>A vantagem dos mercados \u00e1rabes \u00e9 a possibilidade de pechinchar. \u00c9 vital faz\u00ea-lo, pois a maioria dos comerciantes define seus pre\u00e7os considerando a possibilidade de negocia\u00e7\u00e3o. Voc\u00ea poder\u00e1 comprar um produto por duas ou at\u00e9 tr\u00eas vezes menos do que o pre\u00e7o inicial, se persistir. Barganhar \u00e9 um verdadeiro espet\u00e1culo. O comprador sai e retorna durante a transa\u00e7\u00e3o. O vendedor cerra os punhos e ajusta o pre\u00e7o. Al\u00e9m disso, voc\u00ea pode pechinchar em pequenas lojas particulares. No entanto, fazer isso em um grande shopping ou centro comercial pode ser considerado desagrad\u00e1vel e desconsiderado.<\/p>\n\n\n\n<p>Bab Al Bahrain \u00e9 o mercado mais famoso do Bahrein. Fica em Manama. S\u00e3o ruas sinuosas e estreitas. Caminhar por elas \u00e9 como entrar em um aut\u00eantico conto de fadas \u00e1rabe. Aqui voc\u00ea pode comprar souvenirs exclusivos, produtos frescos, produtos tradicionais e especiarias. Lembre-se de que alguns produtos s\u00e3o importados da China. Eles s\u00e3o bem mais baratos do que outros. Portanto, se voc\u00ea deseja levar algo \u00e1rabe nativo como lembran\u00e7a, \u00e9 melhor escolher o item com cuidado e gastar um pouco mais em um souvenir que valha a pena.<\/p>\n\n\n\n<p>O Gold Souq (Mercado de Ouro) est\u00e1 situado no centro da vibrante paisagem urbana de Manama. Aqui voc\u00ea encontra a mais ampla sele\u00e7\u00e3o de joias de ouro, al\u00e9m de outros metais preciosos e p\u00e9rolas. Voc\u00ea pode comprar an\u00e9is, pulseiras e outros itens. Al\u00e9m disso, h\u00e1 produtos exclusivos e especiais no mercado. Mesmo com um or\u00e7amento limitado, voc\u00ea pode encontrar uma vers\u00e3o adequada de joias folheadas a ouro a um pre\u00e7o acess\u00edvel. O Gold Souq \u00e9 um local onde se pode obter sensa\u00e7\u00f5es inesquec\u00edveis e sensa\u00e7\u00f5es maravilhosas. Voc\u00ea pode experimentar qualquer joia, mesmo que decida n\u00e3o compr\u00e1-la.<\/p>\n\n\n\n<p>O City Center Mall \u00e9 um destino popular tanto para moradores quanto para turistas. Al\u00e9m de passear pelas lojas elegantes e fazer compras, voc\u00ea tamb\u00e9m pode saborear um lanche em um restaurante fant\u00e1stico e se divertir no parque aqu\u00e1tico. O shopping Capital Mall ir\u00e1 surpreend\u00ea-lo n\u00e3o apenas com seus produtos exclusivos, mas tamb\u00e9m com a oportunidade de ver o trabalho de artes\u00e3os e artes\u00e3os do Bahrein.<\/p>\n\n\n\n<p>Se voc\u00ea estiver viajando para o Bahrein para fazer compras, tamb\u00e9m precisa estar atento ao hor\u00e1rio de funcionamento das lojas e aos intervalos de tr\u00eas horas. Os vendedores come\u00e7am a trabalhar \u00e0s 9h. As lojas fecham por volta das 21h. A semana \u00fatil vai de s\u00e1bado a quinta-feira. Sexta-feira costuma ser um dia tranquilo para os varejistas. As lojas fecham hoje \u00e0s 16h.<\/p>\n\n\n\n<p>Al Muharraq \u00e9 um famoso local de compras para viajantes que gostam de comprar uma variedade de souvenirs. Aqui voc\u00ea encontrar\u00e1 uma vasta variedade de especiarias, halva, caf\u00e9, doces e outras deliciosas iguarias \u00e1rabes pelos pre\u00e7os mais acess\u00edveis. No entanto, \u00e9 recomend\u00e1vel visitar este local com um guia local. Caso contr\u00e1rio, existe a possibilidade de se perder. A Asia Carpet &amp; Antiques \u00e9 uma loja intrigante. H\u00e1 uma variedade de tapetes e antiguidades incomuns dispon\u00edveis para compra.<\/p>\n\n\n\n<p>Depois de decidir onde comprar, voc\u00ea deve considerar o que gostaria de trazer de volta como lembran\u00e7a da sua viagem. Os itens mais populares s\u00e3o itens de alta qualidade em estilo \u00e1rabe. Pode ser uma fantasia de dan\u00e7a oriental, um par de sapatos com bico curvado ou outras roupas de cores vibrantes. No Oriente, o tecido \u00e9 oferecido em uma ampla variedade, o que permite selecionar a melhor alternativa para cada tipo de bordado. As p\u00e9rolas tamb\u00e9m s\u00e3o bastante populares por serem criadas no Bahrein, ao contr\u00e1rio de muitas outras coisas que s\u00e3o frequentemente importadas. Lembran\u00e7as populares que expressam a cultura e o ambiente de um pa\u00eds como o Bahrein incluem pinturas, lumin\u00e1rias, narguil\u00e9s e cer\u00e2micas.<\/p>\n\n\n\n<h3 class=\"wp-block-heading\">Complexo de compras Al Aali<\/h3>\n\n\n\n<p><em>Rd No 2819, Seef, Bahrein<\/em><\/p>\n\n\n\n<p>O Complexo de Compras Al Aali, localizado no setor comercial de Seef, oferece uma experi\u00eancia de compras diferenciada e sofisticada. Este ambiente requintado cumpre sua promessa de glamour, moda e luxo atemporal com seus arredores luxuosos, ambiente sofisticado e uma infinidade de marcas de luxo.<\/p>\n\n\n\n<p>O complexo de 52.000 metros quadrados foi inaugurado em 1996 como um destino de compras de alto padr\u00e3o, com um design arquitet\u00f4nico diferenciado que integra com eleg\u00e2ncia a arquitetura contempor\u00e2nea ao estilo \u00e1rabe tradicional. A nova extens\u00e3o destaca o componente mais moderno do complexo, mesclando o contempor\u00e2neo ao hist\u00f3rico.<\/p>\n\n\n\n<p>O \u00e1trio central ostenta uma espetacular cobertura de vidro que filtra a luz para o espa\u00e7o comercial e cria uma atmosfera ao ar livre que se estende at\u00e9 a moderna ala Saraya. O Complexo de Compras Al A&#039;ali abriga lojas de m\u00f3veis para casa, lojas de presentes de luxo, revendedores de p\u00e9rolas e um spa.<\/p>\n\n\n\n<h3 class=\"wp-block-heading\">Bab Al Bahrein<\/h3>\n\n\n\n<p><em>Endere\u00e7o: 304 Bab Al Bahrain Ave<\/em><\/p>\n\n\n\n<p>O Bab Al Bahrain est\u00e1 situado na entrada do Souq de Manama, na capital do Bahrein, Manama. Foi constru\u00eddo em 1949 e anteriormente abrigava escrit\u00f3rios administrativos do governo. O hist\u00f3rico Souk de Manama fica atr\u00e1s do Bab Al Bahrain.<\/p>\n\n\n\n<p>Trata-se de um animado conjunto de lojas que vendem uma variedade de produtos do mundo todo, incluindo tecidos, especiarias, incensos, fragr\u00e2ncias, artesanato e souvenirs, al\u00e9m de itens mais contempor\u00e2neos. O Souq de Manama tamb\u00e9m abriga uma variedade de cafeterias cl\u00e1ssicas. O souq \u00e9 emblem\u00e1tico do Bahrein; os visitantes certamente apreciar\u00e3o sua estadia l\u00e1.<\/p>\n\n\n\n<h3 class=\"wp-block-heading\">Shopping Bahrein Dragon City<\/h3>\n\n\n\n<p><em>Endere\u00e7o: Diyar Al-Muharraq<\/em><\/p>\n\n\n\n<p>Dragon City \u00e9 o maior centro comercial de atacado e varejo do Reino do Bahrein, com mais de 787 unidades comerciais.<\/p>\n\n\n\n<p>Dragon City est\u00e1 localizada a sudoeste de Diyar Al Muharraq, pr\u00f3xima ao Aeroporto Internacional do Bahrein, ao moderno Porto Khalifa Bin Salman e a Manama, a capital do Reino do Bahrein. A Dragon City est\u00e1 repleta de elementos arquitet\u00f4nicos e culturais chineses e oferece produtos chineses da mais alta qualidade a moradores, comerciantes e turistas.<\/p>\n\n\n\n<h3 class=\"wp-block-heading\">Bahrain Mall<\/h3>\n\n\n\n<p><em>Avenida 28, Sanabis, Bahrein<\/em><\/p>\n\n\n\n<p>O Bahrain Mall \u00e9 o principal destino de compras para fam\u00edlias no cora\u00e7\u00e3o da zona comercial do Bahrein. O Bahrain Mall \u00e9 o principal destino de compras para fam\u00edlias e turistas do Bahrein, Ar\u00e1bia Saudita, Kuwait e Catar, com mais de 120 marcas internacionais e o primeiro hipermercado do pa\u00eds.<\/p>\n\n\n\n<p>A fachada de tijolos vermelhos, que lembra um reduto \u00e9tnico, personifica a renomada cultura do Bahrein. Experimente a emo\u00e7\u00e3o de fazer compras de classe mundial em um ambiente tradicional. As palmeiras do deserto, as fontes, as velas e as tendas do Centre Court representam a hist\u00f3ria \u00e1rabe.<\/p>\n\n\n\n<h3 class=\"wp-block-heading\">Bloco 338<\/h3>\n\n\n\n<p><em>Estrada n\u00ba 3831, Manama<\/em><\/p>\n\n\n\n<p>O Bloco 338 \u00e9 um ador\u00e1vel bairro de pedestres repleto de restaurantes internacionais, galerias de arte e boutiques, localizado no cora\u00e7\u00e3o de Manama.<\/p>\n\n\n\n<p>O Bloco 338, conhecido como o bairro gastron\u00f4mico mais badalado do Bahrein, oferece uma variedade de restaurantes que atendem a clientes de todas as idades e prefer\u00eancias, com op\u00e7\u00f5es que v\u00e3o desde refei\u00e7\u00f5es requintadas \u00e0 culin\u00e1ria tradicional do Bahrein, passando por um drinque relaxante. Al\u00e9m dessa experi\u00eancia gastron\u00f4mica excepcional, o Bloco 338 oferece diversas op\u00e7\u00f5es de lojas excelentes em suas ruas laterais e, ao longo dos anos, se tornou uma \u00e1rea pr\u00f3spera para entusiastas da arte.<\/p>\n\n\n\n<p>O Bloco 338 \u00e9 conhecido como o bairro gastron\u00f4mico mais badalado do Bahrein, com uma variedade de restaurantes que agradam a pessoas de todas as idades e prefer\u00eancias.<\/p>\n\n\n\n<h3 class=\"wp-block-heading\">Centro da cidade do Bahrein<\/h3>\n\n\n\n<p><em>AlSeef<\/em><\/p>\n\n\n\n<p>O centro da cidade de Bahrein \u00e9 o destino de varejo, lazer e entretenimento mais popular do Bahrein, com mais de 13,5 milh\u00f5es de visitas anuais.<\/p>\n\n\n\n<p>O centro da cidade de Bahrein abrange mais de 158.000 m\u00b2 de espa\u00e7o de varejo e conta com mais de 340 marcas exclusivas e 60 estabelecimentos gastron\u00f4micos, al\u00e9m de neg\u00f3cios not\u00e1veis \u200b\u200bcomo o maior hipermercado Carrefour do reino, Saks Fifth Avenue, Debenhams, Centrepoint, Pottery Barn e Home Centre.<\/p>\n\n\n\n<p>As op\u00e7\u00f5es integradas de entretenimento familiar no shopping incluem um Cineco Cinema com 20 salas e um Magic Planet. Al\u00e9m disso, o shopping fica ao lado de dois hot\u00e9is cinco estrelas, o Westin Hotel City Centre Bahrain e o Le Meridien Hotel City Centre Bahrain.<\/p>\n\n\n\n<h3 class=\"wp-block-heading\">Cidade Dourada<\/h3>\n\n\n\n<p><em>Avenida do Governo, Manama<\/em><\/p>\n\n\n\n<p>Gold City, um exemplo brilhante de varejo especializado, transporta cada visitante para um souk de ouro contempor\u00e2neo. Galerias exclusivas dedicadas a metais preciosos e pedras preciosas est\u00e3o dispon\u00edveis para clientes exigentes. M\u00f3veis modernos, uma equipe simp\u00e1tica e servi\u00e7os de manobrista gratuitos colocam Gold City em um patamar \u00e0 parte. Aqui, os clientes podem entrar e comprar com confian\u00e7a.<\/p>\n\n\n\n<p>Como um pa\u00eds com uma longa hist\u00f3ria de com\u00e9rcio, o Reino do Bahrein continua a fomentar o setor do ouro. As pol\u00edticas favor\u00e1veis \u200b\u200baos neg\u00f3cios e o f\u00e1cil acesso da Gold City ao Reino da Ar\u00e1bia Saudita e a outros pa\u00edses do Conselho de Coopera\u00e7\u00e3o do Golfo (GCC) fazem dela o principal destino para empresas de joias de marca que buscam estabelecer presen\u00e7a na regi\u00e3o.<\/p>\n\n\n\n<h3 class=\"wp-block-heading\">Shopping de Dilmunia<\/h3>\n\n\n\n<p><em>Ilha Dilmunia<\/em><\/p>\n\n\n\n<p>Mall of Dilmunia, um centro de varejo, restaurantes da moda, entretenimento animado e divers\u00e3o aventureira com uma identidade distinta.<\/p>\n\n\n\n<p>Incorporando forma e fun\u00e7\u00e3o, o Mall of Dilmunia foi criado para aprimorar suas experi\u00eancias de compras tradicionais! Do design elegante e sofisticado, \u00e0 paisagem exuberante, ao enorme canal e \u00e0s fontes dan\u00e7antes, ao primeiro aqu\u00e1rio confi\u00e1vel do Reino.<\/p>\n\n\n\n<p>Um tanque cil\u00edndrico colossal com mais de dezessete metros de altura que abrigar\u00e1 mais de duas mil e quinhentas esp\u00e9cies de peixes marinhos e corais, um presente visual maravilhoso e uma fant\u00e1stica oportunidade educacional.<\/p>\n\n\n\n<h3 class=\"wp-block-heading\">Shopping MODA<\/h3>\n\n\n\n<p><em>Bahrain World Trade Center, Torre Oeste, 2\u00ba andar, Manama, Bahrein<\/em><\/p>\n\n\n\n<p>O MODA Mall \u00e9 um destino de compras e gastronomia para todas as ocasi\u00f5es, com a maior cole\u00e7\u00e3o de marcas internacionais de luxo.<\/p>\n\n\n\n<p>O MODA Mall \u00e9 um destino de compras e gastronomia para qualquer ocasi\u00e3o, localizado no hist\u00f3rico Bahrain World Trade Center. O MODA Mall oferece o maior portf\u00f3lio de marcas premium de designers internacionais, com mais de 80 marcas de moda, reunidas sob o mesmo teto no Reino do Bahrein, permitindo que todos se sintam especiais. O MODA Mall deve sua origem ao antigo Sheraton Complex, que possui um legado de luxo de trinta anos.<\/p>\n\n\n\n<h3 class=\"wp-block-heading\">Souq de Muharraq<\/h3>\n\n\n\n<p><em>Muharraq<\/em><\/p>\n\n\n\n<p>O Souq de Muharraq, menor que o Souq de Manama, oferece uma grande variedade de itens e doces renomados. Al Qaisariya, a \u00e1rea mais antiga do souq, oferece uma experi\u00eancia de compras encantadora. O Souq al Qaisariya \u00e9 uma parte essencial da &#034;P\u00e9rola, evid\u00eancia de uma economia insular&#034; (Patrim\u00f4nio Mundial da UNESCO).<\/p>\n\n\n\n<h3 class=\"wp-block-heading\">Sword Mall<\/h3>\n\n\n\n<p><em>Distrito de Seef, Manama<\/em><\/p>\n\n\n\n<p>O Seef Mall, o primeiro shopping aut\u00eantico do Bahrein, \u00e9 hoje um dos destinos de compras e entretenimento mais familiares do reino. Sua arquitetura distinta e seus espa\u00e7os abertos e iluminados convidam os compradores a explorar e relaxar enquanto exploram.<\/p>\n\n\n\n<p>O shopping est\u00e1 idealmente localizado no bairro de Seef e atrai um grande n\u00famero de visitantes semanalmente, atra\u00eddos pela variedade de marcas de estilo de vida, varejo, moda e joias de classe mundial, al\u00e9m das op\u00e7\u00f5es de entretenimento para toda a fam\u00edlia. O Seef Mall conta com 370 lojas em uma \u00e1rea total de 13.200 m\u00b2, com quase 6.800 m\u00b2 de \u00e1rea bruta loc\u00e1vel (ABL), incluindo, entre outras, M&amp;S, BHS, H&amp;M, Mango, Zara e Sun &amp; Sand Sport.<\/p>\n\n\n\n<p>Em duas charmosas e arejadas pra\u00e7as de alimenta\u00e7\u00e3o, 55 restaurantes, barracas de comida e caf\u00e9s oferecem uma deliciosa variedade de op\u00e7\u00f5es gastron\u00f4micas para satisfazer todos os paladares. O parque tem\u00e1tico coberto do Seef Mall, Magic Island, \u00e9 uma grande atra\u00e7\u00e3o para fam\u00edlias, oferecendo uma experi\u00eancia emocionante para jovens e adultos. Ele mant\u00e9m as crian\u00e7as entretidas por horas enquanto os pais fazem compras, tornando-se o lugar perfeito para um passeio em fam\u00edlia. Al\u00e9m disso, o Seef Mall abriga um dos maiores cinemas multiplex do Oriente M\u00e9dio, com um cineplex com seis salas e um megaplex com dez salas; convenientemente localizado pr\u00f3ximo \u00e0s pra\u00e7as de alimenta\u00e7\u00e3o, \u00e9 um sonho para quem vai ao cinema.<\/p>\n\n\n\n<h3 class=\"wp-block-heading\">Seef Mall Muharraq<\/h3>\n\n\n\n<p><em>Avenida 29, Arad<\/em><\/p>\n\n\n\n<p>O Seef Mall \u00e9 conhecido pelos servi\u00e7os de entretenimento que oferece, principalmente para crian\u00e7as, que se divertem produtivamente enquanto os pais fazem compras, tornando-se um destino ideal para um passeio em fam\u00edlia. O shopping conta com uma \u00e1rea de recrea\u00e7\u00e3o infantil bem equipada, salas de cuidados com beb\u00eas e o parque tem\u00e1tico coberto Magic Island.<\/p>\n\n\n\n<p>Ele tamb\u00e9m conta com um cineplex Seef com seis telas e um megaplex Seef com dez telas, o que o torna um dos maiores multiplexes de cinema do Oriente M\u00e9dio.<\/p>\n\n\n\n<h3 class=\"wp-block-heading\">Souq Al Cesareia<\/h3>\n\n\n\n<p>O Souq Al Qaisariya \u00e9 a parte mais antiga do historicamente significativo Souq de Muharraq. Este Souq e seus arredores s\u00e3o o segundo patrim\u00f4nio cultural tombado pela UNESCO no Bahrein. O Souq Al Qaisariya oferece uma experi\u00eancia de compras encantadoramente pitoresca. Aqui, voc\u00ea pode comprar uma variedade de produtos ind\u00edgenas, incluindo p\u00e9rolas e especiarias naturais. O Souq Al Qaisariya, um componente do Projeto &#034;Peroliza\u00e7\u00e3o, Testemunho de uma Economia Insular&#034;, funciona como uma c\u00e1psula do tempo, proporcionando um vislumbre do passado do Bahrein.<\/p>\n\n\n\n<p>Passe a tarde passeando pelo souk e pela Trilha das P\u00e9rolas, com seus 3 quil\u00f4metros de extens\u00e3o. Voc\u00ea pode concluir seu passeio pela Trilha das P\u00e9rolas com um lanche no Saffron by Jena, no Souq Al Qaisariya, depois de ouvir hist\u00f3rias e experi\u00eancias interessantes sobre a antiga ind\u00fastria de p\u00e9rolas do Bahrein. O piso deste restaurante tradicional do Bahrein \u00e9 revestido com uma madbasa, um instrumento usado para espremer t\u00e2maras para obter mela\u00e7o. A madbasa, descoberta no in\u00edcio da constru\u00e7\u00e3o, foi preservada como um artefato hist\u00f3rico.<\/p>\n\n\n\n<h3 class=\"wp-block-heading\">As Avenidas Bahrein<\/h3>\n\n\n\n<p><em>Ba\u00eda do Bahrein, Manama<\/em><\/p>\n\n\n\n<p>O The Avenues \u2013 Bahrain \u00e9 o primeiro destino de compras e lazer do g\u00eanero no Reino do Bahrein, com uma localiza\u00e7\u00e3o \u00fanica \u00e0 beira-mar, com 1,5 km de extens\u00e3o. O empreendimento apresenta um novo conceito para o Reino, com um design inspirado no The Avenues of Kuwait, que proporciona aos h\u00f3spedes a sensa\u00e7\u00e3o de estar ao ar livre, mas ainda dentro de casa, protegidos do calor por um teto iluminado pelo sol.<\/p>\n\n\n\n<p>O espa\u00e7o para loca\u00e7\u00e3o do projeto \u00e9 de aproximadamente 40.000 metros quadrados e conta com 130 estabelecimentos, dos quais 50% ser\u00e3o restaurantes e caf\u00e9s com vista para a Ba\u00eda do Bahrein. O empreendimento tamb\u00e9m conta com uma ampla \u00e1rea de entretenimento familiar com sala de jogos, 10 cinemas, parques p\u00fablicos, passarelas e vagas de estacionamento.<\/p>\n\n\n\n<p>A constru\u00e7\u00e3o da Fase II do projeto recebeu autoriza\u00e7\u00e3o oficial. Isso oferecer\u00e1 30.000 metros quadrados adicionais de espa\u00e7o para loca\u00e7\u00e3o, al\u00e9m de novos bairros e um hotel com 210 quartos. Isso tornar\u00e1 o The Avenues \u2013 Bahrain um local atraente para os cidad\u00e3os do Bahrein, bem como para turistas do Conselho de Coopera\u00e7\u00e3o do Golfo (CCG) e internacionais que v\u00eam em busca de compras, lazer e uma estadia agrad\u00e1vel.<\/p>","protected":false},"excerpt":{"rendered":"<p>O Bahrein abriga complexos comerciais modernos e souks tradicionais, garantindo que a ilha atenda a todos os gostos. No Bahrein, fazer compras \u00e9 muito mais do que um hobby; \u00e9 um estilo de vida. \u00c0s sextas e s\u00e1bados, que comp\u00f5em o fim de semana do Golfo, as \u00e1reas comerciais ficam movimentadas com turistas de todos os pa\u00edses em busca de ofertas, restaurantes e encontros sociais.<\/p>","protected":false},"author":1,"featured_media":35420,"parent":35335,"menu_order":0,"comment_status":"closed","ping_status":"closed","template":"elementor_theme","meta":{"_eb_attr":"","footnotes":""},"class_list":["post-35418","page","type-page","status-publish","has-post-thumbnail"],"_links":{"self":[{"href":"https:\/\/travelshelper.com\/pt\/wp-json\/wp\/v2\/pages\/35418","targetHints":{"allow":["GET"]}}],"collection":[{"href":"https:\/\/travelshelper.com\/pt\/wp-json\/wp\/v2\/pages"}],"about":[{"href":"https:\/\/travelshelper.com\/pt\/wp-json\/wp\/v2\/types\/page"}],"author":[{"embeddable":true,"href":"https:\/\/travelshelper.com\/pt\/wp-json\/wp\/v2\/users\/1"}],"replies":[{"embeddable":true,"href":"https:\/\/travelshelper.com\/pt\/wp-json\/wp\/v2\/comments?post=35418"}],"version-history":[{"count":0,"href":"https:\/\/travelshelper.com\/pt\/wp-json\/wp\/v2\/pages\/35418\/revisions"}],"up":[{"embeddable":true,"href":"https:\/\/travelshelper.com\/pt\/wp-json\/wp\/v2\/pages\/35335"}],"wp:featuredmedia":[{"embeddable":true,"href":"https:\/\/travelshelper.com\/pt\/wp-json\/wp\/v2\/media\/35420"}],"wp:attachment":[{"href":"https:\/\/travelshelper.com\/pt\/wp-json\/wp\/v2\/media?parent=35418"}],"curies":[{"name":"wp","href":"https:\/\/api.w.org\/{rel}","templated":true}]}}