{"id":35412,"date":"2024-11-30T21:37:11","date_gmt":"2024-11-30T21:37:11","guid":{"rendered":"https:\/\/travelshelper.com\/staging\/?page_id=35412"},"modified":"2026-03-11T02:09:09","modified_gmt":"2026-03-11T02:09:09","slug":"coisas-para-fazer-no-bahrein","status":"publish","type":"page","link":"https:\/\/travelshelper.com\/pt\/destinations\/asia\/bahrain\/things-to-do-in-bahrain\/","title":{"rendered":"Coisas para fazer no Bahrein"},"content":{"rendered":"<p>O Grande Pr\u00eamio do Bahrein de F\u00f3rmula 1, realizado em abril no Circuito Internacional do Bahrein, \u00e9 o evento anual mais importante do pa\u00eds. Planeje com anteced\u00eancia, pois os ingressos est\u00e3o esgotados e os pre\u00e7os dos hot\u00e9is dispararam. Normalmente, as primeiras reservas t\u00eam direito a descontos que variam de 10% a 20%. Dependendo da arquibancada, os ingressos custam entre BD 150 e BD 60.<\/p>\n\n\n\n<p>O mergulho est\u00e1 crescendo em popularidade no Bahrein. L\u00e1, existem in\u00fameros centros de mergulho. As \u00e1guas costeiras quentes est\u00e3o repletas de vida aqu\u00e1tica. Existem cerca de 400 esp\u00e9cies de peixes aqui. H\u00e1 tamb\u00e9m centenas de esp\u00e9cies de corais que sustentam a vida marinha. As \u00e1guas do norte abrigam uma maior biodiversidade. No entanto, peixes-boi s\u00e3o encontrados no sul dos Estados Unidos. O mergulho recreativo, derivado da palavra &#034;naufr\u00e1gio&#034;, tamb\u00e9m \u00e9 comum. Existem in\u00fameros naufr\u00e1gios de v\u00e1rios per\u00edodos na costa. Outro local popular no norte \u00e9 o mergulho em correnteza. Este \u00e9 um exemplo de mergulho de correnteza. Tamb\u00e9m s\u00e3o comuns a pesca de p\u00e9rolas e a coleta de esponjas.<\/p>\n\n\n\n<p>As p\u00e9rolas produzidas no Bahrein s\u00e3o as mais finas do mundo. A probabilidade de encontrar uma ostra contendo uma p\u00e9rola \u00e9 muito alta. Aproximadamente 1 em 100. Voc\u00ea pode ficar com todo o tesouro. Mesmo no inverno, a alta temperatura da \u00e1gua (20 \u00b0C) torna o mergulho poss\u00edvel durante todo o ano. No entanto, de junho a setembro \u00e9 a \u00e9poca ideal para esta atividade. Atualmente, n\u00e3o h\u00e1 correntes significativas. H\u00e1 escolas de surfe dispon\u00edveis no Bahrein. O litoral e as condi\u00e7\u00f5es clim\u00e1ticas s\u00e3o ideais para esta atividade. Os locais mais agrad\u00e1veis \u200b\u200bficam no norte, perto da capital. O kitesurf \u00e9 outro esporte popular.<\/p>\n\n\n\n<p>O Bahrein \u00e9 o ponto focal do Oriente M\u00e9dio h\u00e1 eras. \u00c9 in\u00fatil visitar o pa\u00eds se voc\u00ea n\u00e3o tiver interesse em conhecer pelo menos uma das riquezas culturais do reino. O maravilhoso Museu Nacional do Bahrein \u00e9 um excelente ponto de partida para aventureiros. Voc\u00ea tamb\u00e9m pode visitar o legado de p\u00e9rolas de Muharraq. Ele abriga diversas antigas mans\u00f5es reais e estabelecimentos comerciais.<\/p>\n\n\n\n<p>O Bahrein oferece uma rara oportunidade de montar cavalos \u00e1rabes puro-sangue. Esta \u00e9 uma das ra\u00e7as de cavalos mais antigas, criada na Pen\u00ednsula Ar\u00e1bica entre os s\u00e9culos IV e VI. Eles t\u00eam uma taxa de crescimento moderada, mas s\u00e3o incrivelmente graciosos e belos. Ao longo da costa e no deserto, uma infinidade de est\u00e1bulos e centros de equita\u00e7\u00e3o oferecem passeios a cavalo. O deserto pode ser atravessado de jipe \u200b\u200bpara os entusiastas da velocidade. Isso \u00e9 poss\u00edvel tanto como passageiro quanto como condutor. Uma viagem a qualquer pa\u00eds \u00e1rabe \u00e9 incompleta sem um passeio de camelo. No Bahrein, tamb\u00e9m \u00e9 uma forma popular de entretenimento. Por exemplo, voc\u00ea pode andar de camelo at\u00e9 a famosa \u00c1rvore da Vida.<\/p>\n\n\n\n<p>Glamping no deserto \u00e9 uma atividade local bastante incomum. A palavra \u00e9 composta por dois conceitos aparentemente contradit\u00f3rios: &#034;acampamento&#034; e &#034;glamouroso&#034;. Em uma bela tenda com Wi-Fi, m\u00f3veis luxuosos e colch\u00f5es, qualquer um pode se sentir como Lawrence da Ar\u00e1bia. Diversos estabelecimentos oferecem esses servi\u00e7os em diversas \u00e1reas. H\u00e1 banheiros, playgrounds e uma televis\u00e3o dispon\u00edveis para os turistas. Este servi\u00e7o \u00e9 muito apreciado. Portanto, as reservas devem ser feitas com anteced\u00eancia. De novembro a mar\u00e7o \u00e9 a \u00e9poca ideal para glamping.<\/p>\n\n\n\n<p>No Bahrein, caminhadas e trekking s\u00e3o atividades incomuns. As ilhas s\u00e3o quase planas. O cume fica a apenas 122 metros acima do n\u00edvel do mar. No entanto, a extens\u00e3o da costa \u00e9 de 160 quil\u00f4metros. Portanto, o trekking \u00e9 composto por caminhadas costeiras. Al\u00e9m disso, h\u00e1 rotas no norte, perto de Al Qurayyah. Elas diferem em seus n\u00edveis de complexidade. H\u00e1 mais trilhas ao redor de Madnat Isa. No Reino, n\u00e3o h\u00e1 montanhas ou colinas de verdade. No entanto, o mountain bike continua popular. Manama \u00e9 acess\u00edvel de mountain bike para passeios de um dia. A capital oferece servi\u00e7os de aluguel de equipamentos.<\/p>\n\n\n\n<p>As \u00e1guas costeiras quentes e rasas est\u00e3o repletas de peixes. Existem cerca de 300 esp\u00e9cies de peixes. A pesca \u00e9 popular entre os nativos e estrangeiros do Bahrein. Aqui voc\u00ea encontrar\u00e1 peixes-papagaio, peixes-anjo, garoupas, barracudas, peixes-palha\u00e7o e outras criaturas dos recifes tropicais. Hot\u00e9is e empresas de turismo planejam excurs\u00f5es de pesca. Existem poucas praias onde se pode praticar atividades ao ar livre. No entanto, elas s\u00e3o excelentes: amplas, espa\u00e7osas, com areia fina e a infraestrutura necess\u00e1ria. N\u00e3o se deve abusar da leni\u00eancia dos moradores do Bahrein com os turistas. Em praias p\u00fablicas que n\u00e3o sejam de propriedade de hot\u00e9is, n\u00e3o se deve usar trajes de banho com costas excessivamente decotadas. N\u00e3o \u00e9 recomendado que homens usem sungas curtas. As sungas devem ser usadas com shorts.<\/p>\n\n\n\n<p>A Praia Bahrain Al \u00e9 um destino popular para f\u00e9rias em fam\u00edlia, especialmente para crian\u00e7as pequenas. A Praia Amwaj, no Bahrein, \u00e9 um \u00f3timo local para kitesurf. Tamb\u00e9m \u00e9 muito apreciada por jet skis. Outros viajantes podem achar esta \u00e1rea um tanto barulhenta. O Forte de Arad, no Bahrein, \u00e9 uma pequena praia localizada perto de um forte antigo. As atividades populares incluem piqueniques, caminhadas e jogos de praia. Ao p\u00f4r do sol, a praia Bahrain Hidd oferece uma vista espetacular de Manama. Al\u00e9m disso, piqueniques na praia s\u00e3o mais comuns do que nadar. Bahrain Jazair \u00e9 uma praia de um quil\u00f4metro de extens\u00e3o famosa entre os moradores locais. Aqui, h\u00e1 muita divers\u00e3o para crian\u00e7as. Na praia, h\u00e1 diversos equipamentos para alugar. Bahrain Karbabad \u00e9 um belo local perto do Forte de Bahrein.<\/p>\n\n\n\n<p>A resposta do Reino do Bahrein \u00e0 conserva\u00e7\u00e3o da vida selvagem no Oriente M\u00e9dio foi a cria\u00e7\u00e3o do Parque de Vida Selvagem Al Areen. Esperava-se que a cria\u00e7\u00e3o de tal reserva auxiliasse na execu\u00e7\u00e3o de iniciativas semelhantes em outras na\u00e7\u00f5es da regi\u00e3o. O santu\u00e1rio de vida selvagem foi constru\u00eddo para proteger animais \u00e1rabes raros, como o \u00f3rix, o adax e a gazela-de-reem. \u00c9 \u00f3timo para amantes de animais e fam\u00edlias. Voc\u00ea pode explor\u00e1-lo e observar criaturas em seu habitat natural. Aqui, os turistas poder\u00e3o desfrutar de momentos de lazer instrutivos e montar excelentes cavalos.<\/p>\n\n\n\n<p>O Ramee Rose Hotel abriga uma das melhores casas noturnas do Bahrein. A pista de dan\u00e7a costuma ficar lotada nos fins de semana. Bebidas de cortesia para mulheres e &#034;happy hours&#034; estendidos para h\u00f3spedes atraem o p\u00fablico. Os turistas podem se divertir em discotecas com letreiros de neon brilhantes. A boate Ramee Grand \u00e9 o epicentro da vida noturna do Bahrein e est\u00e1 se tornando um destino cada vez mais popular para expatriados relaxarem \u00e0 noite.<\/p>\n\n\n\n<p>A vida noturna do pa\u00eds oferece op\u00e7\u00f5es para todos os gostos. A ilha est\u00e1 localizada na costa leste da Ar\u00e1bia Saudita, o que a torna um ponto de encontro para viajantes dos Estados Unidos, Europa e Oriente M\u00e9dio. Cidades sauditas, como Dhahran e al-Khobar, est\u00e3o localizadas perto do escrit\u00f3rio do comandante do Rei Fahd, que liga a Ar\u00e1bia Saudita ao Bahrein. Isso facilita o acesso \u00e0 ilha. O estado combina clubes e pubs que refletem as diversas nacionalidades da regi\u00e3o. Al\u00e9m disso, a ilha \u00e9 popular entre os turistas, j\u00e1 que o consumo de \u00e1lcool \u00e9 permitido.<\/p>\n\n\n\n<p>A Primavera da Cultura \u00e9 um evento muito concorrido. Visitantes do exterior poder\u00e3o participar da m\u00fasica nacional. A ilha realiza festivais de dan\u00e7a durante esse per\u00edodo. \u00c0 noite, os visitantes podem competir para ser o melhor cantor ou int\u00e9rprete de dan\u00e7as latino-americanas. Esta \u00e9 a celebra\u00e7\u00e3o cultural mais vibrante da regi\u00e3o do Golfo P\u00e9rsico. Ao longo do m\u00eas, artistas, artistas e autores de todo o mundo celebram juntos todos os feriados culturais. Tradicionalmente, a programa\u00e7\u00e3o \u00e9 t\u00e3o concorrida que os participantes precisam reservar ingressos com meses de anteced\u00eancia.<\/p>\n\n\n\n<h2 class=\"wp-block-heading\">Parque Adhari<\/h2>\n\n\n\n<p><em>Ain Adhari Road Bloco 388 Edif\u00edcio 111 Reino do Bahrein<\/em><\/p>\n\n\n\n<p>O Adhari Park \u00e9 um parque de divers\u00f5es no Reino do Bahrein, centrado na antiga fonte de \u00e1gua doce Ain Adari.<\/p>\n\n\n\n<p>O Parque Adhari \u00e9 um novo destino tur\u00edstico no Bahrein, localizado perto do Parque Nacional Adhari. Seu objetivo \u00e9 ser a atra\u00e7\u00e3o familiar n\u00famero um no GCC, com 38 emocionantes brinquedos ao ar livre e em ambientes fechados para pessoas de todas as idades, um Centro de Entretenimento Familiar, 10 op\u00e7\u00f5es de alimenta\u00e7\u00e3o na pra\u00e7a de alimenta\u00e7\u00e3o, restaurantes, cafeterias e muito mais.<\/p>\n\n\n\n<h2 class=\"wp-block-heading\">Parque e Reserva de Vida Selvagem Al Areen<\/h2>\n\n\n\n<p><em>Caixa Postal 28690, Reino do Bahrein<\/em><\/p>\n\n\n\n<p>Na Reserva Natural Al Areen, no Bahrein, esp\u00e9cies de plantas e animais s\u00e3o conservadas e cultivadas h\u00e1 mais de tr\u00eas d\u00e9cadas. Observe diversos animais, p\u00e1ssaros e plantas do deserto em seus habitats naturais. Passeie pelo parque e aproxime-se das aves nativas que circulam livremente. Ou fa\u00e7a um passeio de \u00f4nibus para aprender sobre todas as esp\u00e9cies em exposi\u00e7\u00e3o, incluindo o leopardo-\u00e1rabe, o avestruz, a gazela-\u00e1rabe, o \u00f3rix e muitas outras!<\/p>\n\n\n\n<h2 class=\"wp-block-heading\">Circuito Internacional do Bahrein<\/h2>\n\n\n\n<p><em>Port\u00e3o 255, Avenida Golfo do Bahrein, Umm Jidar 1062, Sakhir, Bahrein<\/em><\/p>\n\n\n\n<p>O Circuito Internacional do Bahrein (BIC) \u00e9 um local de \u00faltima gera\u00e7\u00e3o para automobilismo, localizado no cora\u00e7\u00e3o do deserto do Sakhir. O circuito foi projetado pelo renomado engenheiro alem\u00e3o Hermann Tilke e incorpora muitos elementos culturais locais.<\/p>\n\n\n\n<p>A constru\u00e7\u00e3o completa da instala\u00e7\u00e3o levou menos de 18 meses, o que custou cerca de US$ 150 milh\u00f5es e exigiu uma iniciativa significativa para desenvolver a \u00e1rea.<\/p>\n\n\n\n<p>O BIC possui mais tra\u00e7ados de pistas certificados pela FIA do que qualquer outra instala\u00e7\u00e3o no mundo. Isso permite que a pista sedie uma variedade de eventos de automobilismo. O circuito de Grand Prix, com 5.412 metros, recebe frequentemente competi\u00e7\u00f5es internacionais, como o Grande Pr\u00eamio Gulf Air de F\u00f3rmula 1 do Bahrein, as Seis Horas do Bahrein do Campeonato Mundial de Endurance da FIA, corridas da GP2 Series e a Porsche Mobil 1 Supercup.<\/p>\n\n\n\n<h2 class=\"wp-block-heading\">Gravidade<\/h2>\n\n\n\n<p><em>Edif\u00edcio 234, Avenida 62, Zallaq 1058 Bahrein<\/em><\/p>\n\n\n\n<p>O primeiro paraquedismo indoor no Bahrein.<\/p>\n\n\n\n<p>A sensa\u00e7\u00e3o de queda livre em um dos mais altos t\u00faneis de vento, criado com vidro temperado e medindo 12 metros de altura, \u00e9 imposs\u00edvel resistir.<\/p>\n\n\n\n<p>Pule como se estivesse pulando de um avi\u00e3o, mas sem paraquedas e sem sequer embarcar! Todos podem aproveitar essa experi\u00eancia de voo corporal, exceto aqueles que n\u00e3o est\u00e3o dispostos a embarcar em uma jornada transformadora.<\/p>\n\n\n\n<p>Podemos garantir que voc\u00ea ter\u00e1 uma experi\u00eancia incr\u00edvel e extraordin\u00e1ria.<\/p>\n\n\n\n<h2 class=\"wp-block-heading\">Ilhas Dar<\/h2>\n\n\n\n<p><em>1005 Porto Pescador de Sitra, Sitra, Reino do Bahrein<\/em><\/p>\n\n\n\n<p>O resort de praia da Ilha Al Dar oferece excurs\u00f5es regulares de mergulho para coletar p\u00e9rolas e cruzeiros para a Ilha Jarada, onde voc\u00ea pode se ver tomando sol sozinho em uma faixa de areia branca e boiando em suas \u00e1guas cristalinas. Al\u00e9m das p\u00e9rolas, \u00e9 poss\u00edvel observar at\u00e9 30 esp\u00e9cies de corais e mais de 200 esp\u00e9cies de peixes. Observar golfinhos entre os v\u00e1rios recifes de corais pr\u00f3ximos \u00e9 outra atividade favorita, e os melhores hor\u00e1rios para avist\u00e1-los s\u00e3o ao nascer ou ao p\u00f4r do sol.<\/p>\n\n\n\n<p>Um passeio de um dia aos recifes de p\u00e9rolas \u00e9 bastante agrad\u00e1vel. Fa\u00e7a um passeio de dhow para uma experi\u00eancia mais aut\u00eantica. Voc\u00ea pode pedir pratos da culin\u00e1ria \u00e1rabe, e os mergulhadores de p\u00e9rolas v\u00e3o te presentear com hist\u00f3rias mar\u00edtimas.<\/p>\n\n\n\n<p>Os amantes da vida selvagem devem fazer a viagem de balsa de 45 minutos do P\u00eder Al Dur at\u00e9 a Ilha Hawar. As Ilhas Hawar s\u00e3o consideradas uma reserva natural de import\u00e2ncia internacional e oferecem praias limpas e a oportunidade de observar golfinhos e aves incomuns devido \u00e0 sua localiza\u00e7\u00e3o no centro de sua rota migrat\u00f3ria.<\/p>\n\n\n\n<h2 class=\"wp-block-heading\">Ilhas Hawar<\/h2>\n\n\n\n<p><em>Ilhas Hawar<\/em><\/p>\n\n\n\n<p>O Bahrein controla as Ilhas Hawar, um arquip\u00e9lago de ilhas des\u00e9rticas no Golfo P\u00e9rsico do Bahrein. Os amantes da vida selvagem devem fazer a viagem de balsa de 45 minutos do P\u00eder Al Dar at\u00e9 a Ilha Hawar.<\/p>\n\n\n\n<p>As Ilhas Hawar s\u00e3o consideradas um ref\u00fagio natural de import\u00e2ncia internacional, oferecendo praias imaculadas e a oportunidade de observar golfinhos e esp\u00e9cies incomuns em sua rota migrat\u00f3ria.<\/p>\n\n\n\n<h2 class=\"wp-block-heading\">Karting (BIKC)<\/h2>\n\n\n\n<p><em>Port\u00e3o 255, Avenida Golfo do Bahrein, Umm Jidar 1062<\/em><\/p>\n\n\n\n<p>O Circuito Internacional de Kart do Bahrein (BIKC) \u00e9 uma instala\u00e7\u00e3o de \u00faltima gera\u00e7\u00e3o e classe mundial que atende aos n\u00edveis mais b\u00e1sicos do automobilismo. No BIKC, os pilotos do futuro experimentam pela primeira vez o verdadeiro \u00eaxtase das corridas. O BIKC atende \u00e0s mais altas especifica\u00e7\u00f5es internacionais e tem capacidade para sediar campeonatos mundiais da Comiss\u00e3o Internacional de Kart-F\u00e9d\u00e9ration Internationale de l&#039;Automobile (CIK-FIA). Em 2012, o BIKC se tornou o primeiro kart\u00f3dromo do mundo a sediar um evento de n\u00edvel mundial.<\/p>\n\n\n\n<p>A pista do CIK tem 1.414 quil\u00f4metros de extens\u00e3o e 14 curvas. O Campeonato Mundial Sub-18 CIK-FIA e o Trof\u00e9u da Academia, que aconteceram no Bahrein pela primeira vez em 2012, e o mais recente Campeonato Mundial CIK-FIA estavam programados para acontecer l\u00e1. O BIKC oferece uma variedade de atividades de forma\u00e7\u00e3o de equipes, presenciais e corporativas, para kartistas e empresas entusiastas, incluindo experi\u00eancias de Grande Pr\u00eamio e Endurance inspiradas na F\u00f3rmula 1. A pista \u00e9 equipada com holofotes de 200 lux, permitindo que tamb\u00e9m sediasse corridas noturnas.<\/p>\n\n\n\n<h2 class=\"wp-block-heading\">Para\u00edso Perdido de Dilmun<\/h2>\n\n\n\n<p><em>Port\u00e3o 255, Avenida Golfo do Bahrein, Umm Jidar 1062<\/em><\/p>\n\n\n\n<p>O Para\u00edso Perdido de Dilmun \u00e9 atualmente o maior parque aqu\u00e1tico do Bahrein, com uma \u00e1rea total de cerca de 77.000 metros quadrados, uma \u00e1rea constru\u00edda de aproximadamente 45.000 metros quadrados e aproximadamente 20.000 metros quadrados. Cada componente do parque \u00e9 centrado na hist\u00f3ria do per\u00edodo Dilmun, como demonstram as esculturas em pedra e a arquitetura caracter\u00edsticas do parque. Mais de 18 tobo\u00e1guas e atra\u00e7\u00f5es est\u00e3o perfeitamente integrados para criar um o\u00e1sis no deserto e um jardim dos sonhos para os visitantes desfrutarem.<\/p>\n\n\n\n<h2 class=\"wp-block-heading\">Praia de Marassi<\/h2>\n\n\n\n<p><em>Cidade de Al Muharraq<\/em><\/p>\n\n\n\n<p>Dois quil\u00f4metros de praias de areia branca comp\u00f5em a Praia de Marassi, uma atra\u00e7\u00e3o para quem busca um estilo de vida ao ar livre. \u00c9 a primeira pra\u00e7a de food trucks do Bahrein, servindo sabores internacionais e locais de empreendedores independentes. Al\u00e9m de uma \u00e1rea de recrea\u00e7\u00e3o infantil e uma pista de corrida \u00e0 beira-mar, a Praia de Marassi conta com um playground infantil.<\/p>\n\n\n\n<p>Diversos eventos de fim de semana, como feiras livres, filmes ao ar livre e jogos infantis, s\u00e3o frequentemente anunciados. Todos os servi\u00e7os e comodidades da praia de Marassi s\u00e3o da mais alta qualidade e limpeza, e a entrada di\u00e1ria para adultos custa BD2. Este pagamento pode ser parcialmente resgatado por espregui\u00e7adeiras, guarda-s\u00f3is e toalhas.<\/p>\n\n\n\n<h2 class=\"wp-block-heading\">Clube de Golfe Real<\/h2>\n\n\n\n<p><em>Rodovia Al Muaskar, Riffa, Bahrein<\/em><\/p>\n\n\n\n<p>Dois quil\u00f4metros de praias de areia branca comp\u00f5em a Praia de Marassi, uma atra\u00e7\u00e3o para quem busca um estilo de vida ao ar livre. \u00c9 a primeira pra\u00e7a de food trucks do Bahrein, servindo sabores internacionais e locais de empreendedores independentes. Al\u00e9m de uma \u00e1rea de recrea\u00e7\u00e3o infantil e uma pista de corrida \u00e0 beira-mar, a Praia de Marassi conta com um playground infantil.<\/p>\n\n\n\n<p>Diversos eventos de fim de semana, como feiras livres, filmes ao ar livre e jogos infantis, s\u00e3o frequentemente anunciados. Todos os servi\u00e7os e comodidades da praia de Marassi s\u00e3o da mais alta qualidade e limpeza, e a entrada di\u00e1ria para adultos custa BD2. Este pagamento pode ser parcialmente resgatado por espregui\u00e7adeiras, guarda-s\u00f3is e toalhas.<\/p>","protected":false},"excerpt":{"rendered":"<p>O Grande Pr\u00eamio do Bahrein de F\u00f3rmula 1, realizado em abril no Circuito Internacional do Bahrein, \u00e9 o evento anual mais importante do pa\u00eds. Planeje com anteced\u00eancia, pois os ingressos est\u00e3o esgotados e os pre\u00e7os dos hot\u00e9is dispararam. Normalmente, as primeiras reservas t\u00eam direito a descontos que variam de 10% a 20%. Dependendo da arquibancada, os ingressos custam entre BD 150 e BD 60.<\/p>","protected":false},"author":1,"featured_media":35414,"parent":35335,"menu_order":0,"comment_status":"closed","ping_status":"closed","template":"elementor_theme","meta":{"_eb_attr":"","footnotes":""},"class_list":["post-35412","page","type-page","status-publish","has-post-thumbnail"],"_links":{"self":[{"href":"https:\/\/travelshelper.com\/pt\/wp-json\/wp\/v2\/pages\/35412","targetHints":{"allow":["GET"]}}],"collection":[{"href":"https:\/\/travelshelper.com\/pt\/wp-json\/wp\/v2\/pages"}],"about":[{"href":"https:\/\/travelshelper.com\/pt\/wp-json\/wp\/v2\/types\/page"}],"author":[{"embeddable":true,"href":"https:\/\/travelshelper.com\/pt\/wp-json\/wp\/v2\/users\/1"}],"replies":[{"embeddable":true,"href":"https:\/\/travelshelper.com\/pt\/wp-json\/wp\/v2\/comments?post=35412"}],"version-history":[{"count":0,"href":"https:\/\/travelshelper.com\/pt\/wp-json\/wp\/v2\/pages\/35412\/revisions"}],"up":[{"embeddable":true,"href":"https:\/\/travelshelper.com\/pt\/wp-json\/wp\/v2\/pages\/35335"}],"wp:featuredmedia":[{"embeddable":true,"href":"https:\/\/travelshelper.com\/pt\/wp-json\/wp\/v2\/media\/35414"}],"wp:attachment":[{"href":"https:\/\/travelshelper.com\/pt\/wp-json\/wp\/v2\/media?parent=35412"}],"curies":[{"name":"wp","href":"https:\/\/api.w.org\/{rel}","templated":true}]}}