{"id":35405,"date":"2024-11-30T21:18:48","date_gmt":"2024-11-30T21:18:48","guid":{"rendered":"https:\/\/travelshelper.com\/staging\/?page_id=35405"},"modified":"2026-03-11T02:08:23","modified_gmt":"2026-03-11T02:08:23","slug":"coisas-para-ver-no-bahrein","status":"publish","type":"page","link":"https:\/\/travelshelper.com\/pt\/destinations\/asia\/bahrain\/things-to-see-in-bahrain\/","title":{"rendered":"Coisas para ver no Bahrein"},"content":{"rendered":"<p>O Bahrein \u00e9 uma na\u00e7\u00e3o insular com uma rica hist\u00f3ria que abrange milhares de anos e oferece uma combina\u00e7\u00e3o \u00fanica de excurs\u00f5es culturais, entretenimento e recrea\u00e7\u00e3o. Na regi\u00e3o, o primeiro estado j\u00e1 existia no terceiro mil\u00eanio a.C. Em v\u00e1rios momentos da hist\u00f3ria, o territ\u00f3rio pertenceu ao Reino Sass\u00e2nida, ao Califado \u00c1rabe, a Portugal e ao Ir\u00e3. A na\u00e7\u00e3o esteve sob protetorado brit\u00e2nico por um per\u00edodo. Todas essas fases hist\u00f3ricas deixaram sua marca na paisagem do pa\u00eds. Portanto, existem in\u00fameras atra\u00e7\u00f5es de interesse aqui.<\/p>\n\n\n\n<p>Segundo v\u00e1rios arque\u00f3logos, as ilhas abrigaram o estado de Dilmun. Os sum\u00e9rios acreditavam que esta era a origem da civiliza\u00e7\u00e3o. Qal&#039;at al-Bahrain \u00e9 o local onde se encontram os vest\u00edgios desta cultura ancestral. Cientistas descobriram ruas, templos, lojas e pal\u00e1cios com quase 4.000 anos de idade, soterrados sob in\u00fameras camadas culturais, incluindo o castelo portugu\u00eas. Hoje, as escava\u00e7\u00f5es continuam. Atualmente, cerca de um quarto da regi\u00e3o \u00e9 acess\u00edvel. No topo da colina ergue-se um castelo portugu\u00eas chamado Qal&#039;at al-Burtughal. Data do s\u00e9culo XVII. A fortifica\u00e7\u00e3o ainda se encontra em perfeitas condi\u00e7\u00f5es.<\/p>\n\n\n\n<p>V\u00e1rias regi\u00f5es com vastas necr\u00f3poles da civiliza\u00e7\u00e3o Umm Al Nar, da Idade do Bronze, est\u00e3o localizadas ao norte. Estas s\u00e3o as maiores necr\u00f3poles antigas que sobreviveram at\u00e9 os dias atuais. T\u00famulos de pedra t\u00eam um di\u00e2metro de 4,5 a 9 metros e uma altura de 1 a 2 metros. Cer\u00e2mica, selos de pedra ou concha, armas e artefatos de osso foram descobertos nos t\u00famulos. Mais de cem mil desses t\u00famulos est\u00e3o localizados no territ\u00f3rio do Bahrein. O Templo Manama Saar e os t\u00famulos adjacentes datam do mesmo per\u00edodo hist\u00f3rico.<\/p>\n\n\n\n<p>Os portugueses tamb\u00e9m constru\u00edram o Forte de Abu Mahir. \u00c9 uma das v\u00e1rias fortifica\u00e7\u00f5es que protegem rotas de com\u00e9rcio mar\u00edtimo. A fortifica\u00e7\u00e3o est\u00e1 em mau estado. No entanto, o museu \u00e9 acess\u00edvel em seu terreno. Al\u00e9m da hist\u00f3ria da estrutura, voc\u00ea tamb\u00e9m pode aprender sobre a hist\u00f3ria da extra\u00e7\u00e3o de p\u00e9rolas no Bahrein.<\/p>\n\n\n\n<p>Shajarat al-Hayat, frequentemente conhecida como a \u00c1rvore da Vida, \u00e9 uma \u00e1rvore com aproximadamente 400 anos. \u00c9 surpreendente que ela cres\u00e7a de forma independente no deserto. In\u00fameras hist\u00f3rias e suposi\u00e7\u00f5es cobrem o local. \u00c9 considerada a \u00faltima \u00e1rvore do Jardim do \u00c9den. Al\u00e9m disso, presume-se que um rio subterr\u00e2neo nutre suas ra\u00edzes. A \u00e1rvore pertence \u00e0 subesp\u00e9cie Mimosa da esp\u00e9cie Prosopis cineraria. Essas \u00e1rvores podem tolerar temperaturas de at\u00e9 10\u00b0C sem precisar de muita \u00e1gua. Ela tamb\u00e9m pode sobreviver em solos salinos. Suas ra\u00edzes alcan\u00e7am grandes profundidades (dezenas de metros) e podem absorver at\u00e9 mesmo a menor quantidade de \u00e1gua. As folhas absorvem a umidade do ambiente.<\/p>\n\n\n\n<p>O Forte de Arad foi constru\u00eddo no s\u00e9culo XV para defender a Ilha de Muharraq. Foi constru\u00eddo no estilo das fortifica\u00e7\u00f5es \u00e1rabes. O forte \u00e9 quadrado e compacto. Em seus quatro cantos, h\u00e1 torres em forma de cilindro. O forte era excelente para defesa costeira e observa\u00e7\u00e3o. Recentemente, uma grande reconstru\u00e7\u00e3o foi realizada. \u00c0 noite, a fortifica\u00e7\u00e3o hist\u00f3rica \u00e9 iluminada. \u00c9 uma vis\u00e3o de tirar o f\u00f4lego. O Forte de Riffa foi constru\u00eddo em 1812. No entanto, alguns arque\u00f3logos datam sua funda\u00e7\u00e3o no s\u00e9culo XVII. A cidadela era a casa do xeque Salman bin Ahmed. Havia outras ag\u00eancias governamentais localizadas l\u00e1. Isa ibn Ali Al Khalifa, um dos governantes do Bahrein, nasceu na fortaleza.<\/p>\n\n\n\n<p>A resid\u00eancia de Isa ibn Ali Al Khalifa \u00e9 um exemplo soberbo de resid\u00eancia real. Constru\u00edda no estilo \u00e1rabe cl\u00e1ssico, a resid\u00eancia possui um sistema de refrigera\u00e7\u00e3o. Trata-se de uma torre e\u00f3lica, que abastecia o edif\u00edcio com ar frio. A torre ficava desligada durante o inverno. Arcos, m\u00f3veis de madeira, portas, tetos e vitrais adornam o interior.<\/p>\n\n\n\n<p>A Mesquita de Al-Fatih est\u00e1 entre as maiores do mundo. A c\u00fapula principal \u00e9 feita de fibra de vidro. \u00c9 uma verdadeira obra-prima da engenharia. A estrutura \u00e9 moderna. Sua constru\u00e7\u00e3o foi conclu\u00edda em 1987. A entrada \u00e9 bloqueada \u00e0s sextas-feiras (dia sagrado para os mu\u00e7ulmanos) e em outros feriados religiosos. A Mesquita de Al-Khamis \u00e9 a estrutura religiosa mais antiga do pa\u00eds. Acredita-se que a primeira pedra da funda\u00e7\u00e3o do templo tenha sido colocada no s\u00e9culo VII. A mesquita foi reformada diversas vezes. Os seus componentes mais antigos datam do s\u00e9culo XIV. Como mihrab, utiliza-se uma laje do s\u00e9culo XII (um nicho que indica a dire\u00e7\u00e3o onde Meca est\u00e1 localizada).<\/p>\n\n\n\n<p>Little India \u00e9 um bairro em Manama que se assemelha mais a Delhi do que \u00e0 capital do Bahrein. \u00c9 aqui que se encontra o Templo de Krishna, com mais de duzentos anos de idade. H\u00e1 in\u00fameras casas antigas de madeira indiana, lojas de presentes e caf\u00e9s. Os minic\u00e2nions em Al-Bahar s\u00e3o uma atra\u00e7\u00e3o natural. Forma\u00e7\u00f5es rochosas douradas de formas impressionantes servem de habitat de inverno para in\u00fameras aves.<\/p>\n\n\n\n<p>O Wahooo est\u00e1 entre os parques aqu\u00e1ticos mais inovadores e contempor\u00e2neos do Oriente M\u00e9dio. Sua \u00e1rea ultrapassa 15.000 metros quadrados. Com jogos, brinquedos, tobo\u00e1guas e piscinas, o parque aqu\u00e1tico atrai milh\u00f5es de pessoas. O estilo do projeto do parque aqu\u00e1tico \u00e9 &#034;para\u00edso subtropical&#034;. No centro, h\u00e1 uma escuna ancorada. Este \u00e9 um local maravilhoso para pessoas de todas as idades. 30% dos eventos s\u00e3o ao ar livre e 70% em ambientes fechados. Isso garante uma visita agrad\u00e1vel, independentemente do clima. Al\u00e9m disso, como o parque aqu\u00e1tico est\u00e1 localizado no centro da cidade, os visitantes poder\u00e3o passear pelas in\u00fameras lojas. Voc\u00ea ter\u00e1 a oportunidade de dedicar algumas horas \u00e0s compras ou jantar em um restaurante que serve culin\u00e1ria regional.<\/p>\n\n\n\n<p>O Reino das Aves da \u00c1sia \u00e9 um habitat singularmente administrado. Mais de setenta esp\u00e9cies de aves de todo o mundo residem aqui. H\u00e1 500 funcion\u00e1rios aqui. Algumas dessas esp\u00e9cies est\u00e3o amea\u00e7adas. Para ajudar na sua conserva\u00e7\u00e3o, elas s\u00e3o cuidadosamente produzidas e criadas em cativeiro no Reino das Aves da \u00c1sia. O ambiente foi criado n\u00e3o apenas para cativar e entreter toda a fam\u00edlia, mas tamb\u00e9m para proporcionar \u00e0s crian\u00e7as e seus pais um aprendizado educativo. Enquanto passeiam por esses labirintos, os turistas poder\u00e3o tirar belas fotos e vivenciar emo\u00e7\u00f5es maravilhosas.<\/p>\n\n\n\n<h2 class=\"wp-block-heading\">Fortes no Bahrein<\/h2>\n\n\n\n<h3 class=\"wp-block-heading\">Forte de Arad<\/h3>\n\n\n\n<p><em>Forte de Arad, Estrada n\u00ba 4233, Arad, Bahrein<\/em><\/p>\n\n\n\n<p>O Forte de Arad \u00e9 um excelente exemplo da constru\u00e7\u00e3o militar omanense do final do s\u00e9culo XV ao in\u00edcio do s\u00e9culo XVI. Este forte desempenhou um papel significativo na defesa do Bahrein contra saqueadores ao longo dos s\u00e9culos, embora n\u00e3o se saiba ao certo quando foi constru\u00eddo. O forte, restaurado na d\u00e9cada de 1980 com materiais originais, \u00e9 lindamente iluminado \u00e0 noite e realiza festividades peri\u00f3dicas.<\/p>\n\n\n\n<h3 class=\"wp-block-heading\">Forte e Museu do Bahrein<\/h3>\n\n\n\n<p><em>Seef Area Karbabad, prov\u00edncia da capital<\/em><\/p>\n\n\n\n<p>Localizado em Seef e anteriormente conhecido como Porto de Portugal, o Forte do Bahrein ou &#034;Qal&#039;at al-Bahrain&#034; tem 180.000 p\u00e9s quadrados (aproximadamente 17.500 metros quadrados). De 2300 a.C. ao s\u00e9culo XVI, o forte foi habitado. O forte estava localizado na capital da civiliza\u00e7\u00e3o Dilmun e recebeu o nome de Qal&#039;at al-Burtughal.<\/p>\n\n\n\n<p>O s\u00edtio arqueol\u00f3gico do forte revela que ele serviu para fun\u00e7\u00f5es residenciais, p\u00fablicas, comerciais, religiosas e militares. Escava\u00e7\u00f5es arqueol\u00f3gicas revelaram diversas ferramentas e artefatos, incluindo selos do Selo Dilmun, equipamentos de pesca e recipientes para cozinhar e transportar alimentos de Om\u00e3 e da Mesopot\u00e2mia. O Forte do Bahrein, um dos tr\u00eas Patrim\u00f4nios Mundiais da UNESCO no Bahrein, \u00e9 uma constru\u00e7\u00e3o impressionante que homenageia a hist\u00f3ria profunda do Bahrein.<\/p>\n\n\n\n<h3 class=\"wp-block-heading\">Forte Sheikh Salman Bin Ahmed Al Fateh<\/h3>\n\n\n\n<p><em>Forte Sheikh Salman Bin Ahmed Al Fateh, Estrada n\u00ba 368, Riffa<\/em><\/p>\n\n\n\n<p>Devido \u00e0 sua localiza\u00e7\u00e3o em Riffa, o Forte Sheikh Salman bin Ahmed Al-Fateh tamb\u00e9m \u00e9 conhecido como Forte de Riffa. Este local hist\u00f3rico testemunha um dos momentos mais importantes da hist\u00f3ria do Bahrein: os Al Khalifa, a fam\u00edlia reinante do Bahrein, s\u00e3o homenageados em sua bel\u00edssima arquitetura.<\/p>\n\n\n\n<p>Aprenda sobre a fam\u00edlia Al Khalifa por meio de exposi\u00e7\u00f5es cuidadosamente selecionadas que apresentam sua \u00e1rvore geneal\u00f3gica, itens pessoais e passatempos favoritos. Al\u00e9m disso, o forte abriga o Saffron Caf\u00e9, com vista para o pitoresco Vale Al-Haniniya.<\/p>\n\n\n\n<h2 class=\"wp-block-heading\">Museus no Bahrein<\/h2>\n\n\n\n<h3 class=\"wp-block-heading\">Museu Nacional do Bahrein<\/h3>\n\n\n\n<p>Em 15 de dezembro de 1988, o Museu Nacional do Bahrein foi inaugurado pelo falecido emir, Sua Alteza Xeique Isa Bin Salman Al-Khalifa. Era considerado um dos museus mais prestigiados do g\u00eanero na regi\u00e3o do Golfo. O Museu Nacional do Bahrein \u00e9 atualmente um dos marcos culturais mais importantes da ilha.<\/p>\n\n\n\n<p>O edif\u00edcio excepcional, concebido e projetado por Krohn e Hartvig Rasmussen, apresenta um exterior em m\u00e1rmore travertino branco e est\u00e1 estrategicamente posicionado em uma pen\u00ednsula artificial com vista para a ilha de Muharraq. O complexo do museu \u00e9 composto por dois edif\u00edcios interligados, com uma \u00e1rea total de aproximadamente 20.000 metros quadrados. A estrutura principal abriga a \u00e1rea de exposi\u00e7\u00e3o permanente, salas de exposi\u00e7\u00f5es tempor\u00e1rias, uma galeria de arte, um audit\u00f3rio para palestras, um caf\u00e9 e uma loja de presentes. O edif\u00edcio administrativo abriga os escrit\u00f3rios administrativos, salas de pesquisa curatorial, laborat\u00f3rios de conserva\u00e7\u00e3o, constru\u00e7\u00e3o de exposi\u00e7\u00f5es e \u00e1reas de armazenamento do acervo.<\/p>\n\n\n\n<p>6.000 anos de hist\u00f3ria do Bahrein est\u00e3o preservados no museu. Os Sal\u00f5es dos T\u00famulos, Dilmun, Tylos e Isl\u00e3, Costumes e Tradi\u00e7\u00f5es, Com\u00e9rcios e Artesanato Tradicionais e Documentos e Manuscritos d\u00e3o vida \u00e0 hist\u00f3ria do Bahrein. O grande foyer d\u00e1 acesso \u00e0s salas de exposi\u00e7\u00e3o no t\u00e9rreo e no primeiro andar, que est\u00e3o localizadas no t\u00e9rreo e no primeiro andar. O foyer \u00e9 uma enorme \u00e1rea dram\u00e1tica, acentuada por feixes de luz natural, e apresenta a exposi\u00e7\u00e3o &#034;Investindo na Cultura&#034;.<\/p>\n\n\n\n<h2 class=\"wp-block-heading\">Mesquitas no Bahrein<\/h2>\n\n\n\n<h3 class=\"wp-block-heading\">Grande Mesquita Al Fateh<\/h3>\n\n\n\n<p><em>Grande Mesquita Al Fateh, Avenida Awal, esquina da Rodovia Al Fatih<\/em><\/p>\n\n\n\n<p>A Grande Mesquita Al Fateh \u00e9 a maior mesquita do Bahrein e uma das maiores do mundo. Foi constru\u00edda em 1987 sob o patroc\u00ednio do falecido xeque Isa bin Salman Al Khalifa e recebeu o nome de Ahmed Al Fateh. A mesquita acomoda at\u00e9 7.000 fi\u00e9is e \u00e9 encimada pela maior c\u00fapula de fibra de vidro do mundo. Suas paredes s\u00e3o primorosamente adornadas com caligrafia c\u00fafica.<\/p>\n\n\n\n<h3 class=\"wp-block-heading\">Mesquita Al Khamis<\/h3>\n\n\n\n<p><em>Bilad Al Qadim, Rodovia Sheikh Salman<\/em><\/p>\n\n\n\n<p>A Mesquita Al Khamis, constru\u00edda em 692 d.C., \u00e9 uma das primeiras mesquitas do mundo \u00e1rabe. Reconstru\u00edda nos s\u00e9culos 14 e 15, sua funda\u00e7\u00e3o remonta ao s\u00e9culo 11.<\/p>\n\n\n\n<p>Durante o reparo, minaretes g\u00eameos id\u00eanticos foram adicionados \u00e0 hist\u00f3rica estrutura isl\u00e2mica, tornando-a imediatamente identific\u00e1vel.<\/p>\n\n\n\n<h3 class=\"wp-block-heading\">Bait al-Quran<\/h3>\n\n\n\n<p><em>Edif\u00edcio n.\u00ba 17, Estrada n.\u00ba 1901, \u00c1rea Diplom\u00e1tica, Manama.<\/em><\/p>\n\n\n\n<p>Este prestigiado museu abriga uma importante cole\u00e7\u00e3o de manuscritos e escrituras cor\u00e2nicas que datam do s\u00e9culo VII, em um edif\u00edcio adornado com escrita \u00e1rabe. H\u00e1 v\u00e1rias c\u00f3pias do Alcor\u00e3o que s\u00e3o, elas pr\u00f3prias, obras de arte. Algumas c\u00f3pias menores cabem na palma da m\u00e3o, e frases cor\u00e2nicas foram at\u00e9 gravadas em gr\u00e3os de arroz. Al\u00e9m de seu significativo acervo hist\u00f3rico, o espa\u00e7o de exposi\u00e7\u00f5es Bait al Quran frequentemente abriga diversas exposi\u00e7\u00f5es de arte, al\u00e9m de uma pequena mesquita, uma biblioteca renomada e um ambiente de aprendizado para instru\u00e7\u00e3o isl\u00e2mica.<\/p>\n\n\n\n<h2 class=\"wp-block-heading\">Parques no Bahrein<\/h2>\n\n\n\n<p>O Bahrein \u00e9 uma experi\u00eancia \u00fanica para a comunidade global. A express\u00e3o &#034;terra de contrastes&#034; pode ser usada em excesso. No entanto, os viajantes veem o pa\u00eds como uma p\u00e9rola singular no centro dos oceanos. Em um cen\u00e1rio lunar desolado, mais prop\u00edcio para corridas de camelos do que para autom\u00f3veis bem equipados e equipados com tecnologia de ponta, o espetacular projeto paisag\u00edstico \u00e9 uma for\u00e7a arquitet\u00f4nica. O pa\u00eds tem 700 quil\u00f4metros quadrados de extens\u00e3o. Possui cerca de 161 quil\u00f4metros de costa. As maiores ilhas incluem Muharraq, Sitrah, Umm a Nasan e o Grupo Hawar.<\/p>\n\n\n\n<p>O Bahrein \u00e9 frequentemente chamado de &#034;Porta de Entrada para o Golfo P\u00e9rsico&#034;, o que se evidencia na diversidade e toler\u00e2ncia da popula\u00e7\u00e3o. A l\u00edngua oficial \u00e9 o \u00e1rabe. No entanto, o ingl\u00eas \u00e9 frequentemente empregado nos neg\u00f3cios e obrigat\u00f3rio nas escolas. Devido ao grande n\u00famero de expatriados que vivem no Bahrein, outras l\u00ednguas, como o persa e o urdu, s\u00e3o faladas tanto nos mercados tradicionais quanto nos modernos. Ge\u00f3logos descobriram petr\u00f3leo em 1932. Foi a primeira vez que &#034;ouro negro&#034; foi descoberto no lado \u00e1rabe do Golfo P\u00e9rsico.<\/p>\n\n\n\n<p>Antigamente, a pequena ilha era um santu\u00e1rio exuberante, f\u00e9rtil e verdejante. A base da na\u00e7\u00e3o era sua riqueza de nascentes, das quais v\u00e1rias ainda existem no local da antiga civiliza\u00e7\u00e3o Dilmun, famosa por seus produtos vegetais e sua expertise agr\u00edcola. A urbaniza\u00e7\u00e3o e a recupera\u00e7\u00e3o de terras ao longo de muitas gera\u00e7\u00f5es fizeram com que o pa\u00eds se tornasse cada vez mais parecido com seus vizinhos do Golfo P\u00e9rsico: \u00e1rido e impr\u00f3prio para a produ\u00e7\u00e3o da maioria das culturas agr\u00edcolas.<\/p>\n\n\n\n<p>O Parque Pr\u00edncipe Khalifa Bin Salman \u00e9 magn\u00edfico. Em sua propriedade, h\u00e1 um lago, trilhas, restaurantes, centros comerciais, espa\u00e7os de lazer privativos e uma vegeta\u00e7\u00e3o exuberante. Este parque de 80 mil metros quadrados foi constru\u00eddo a um custo de cerca de seis milh\u00f5es de dinares. \u00c9 um dos maiores parques do Bahrein. No parque, voc\u00ea tamb\u00e9m pode alugar patins, pedalinhos e bicicletas. As comodidades no local incluem playground, brinquedos e uma sala de jogos com h\u00f3quei de ar. Voc\u00ea pode jantar no Chai &amp; Chapati ou no restaurante Koffiatto, na torre com vista panor\u00e2mica para o lago.<\/p>\n\n\n\n<p>Os ver\u00f5es do Bahrein s\u00e3o particularmente quentes. As temperaturas de inverno raramente caem abaixo de 17 graus Celsius. N\u00e3o chove com frequ\u00eancia aqui. Chove principalmente no inverno. H\u00e1 poucos solos f\u00e9rteis nesta regi\u00e3o. Apenas 8% da terra \u00e9 utilizada para fins agr\u00edcolas. H\u00e1 tamb\u00e9m um problema de \u00e1gua doce aqui. A vegeta\u00e7\u00e3o e a vida selvagem das ilhas n\u00e3o s\u00e3o particularmente ricas. H\u00e1 195 esp\u00e9cies de plantas, 17 esp\u00e9cies de mam\u00edferos, 14 esp\u00e9cies de r\u00e9pteis e uma \u00fanica esp\u00e9cie de anf\u00edbio. Aqui, muitas aves migrat\u00f3rias passam o inverno. Algumas esp\u00e9cies de p\u00e1ssaros nidificam em ilhas. Numerosas esp\u00e9cies de plantas do Bahrein s\u00e3o bem adaptadas a solos des\u00e9rticos e salinos. Eles s\u00e3o capazes de extrair \u00e1gua de enormes profundidades e absorver a umidade atmosf\u00e9rica. Poucos animais de grande porte habitam as ilhas. Entre eles est\u00e1 a gazela-da-areia. Tamb\u00e9m s\u00e3o encontrados aqui ouri\u00e7os-da-areia, lebres-ar\u00e1bicas e mangustos-indianos. Os desertos abrigam uma variedade de esp\u00e9cies de morcegos.<\/p>\n\n\n\n<p>O Bahrein \u00e9 um dos poucos pa\u00edses do Golfo P\u00e9rsico preocupados com a prote\u00e7\u00e3o ambiental. O Parque de Vida Selvagem Al Areen foi criado em 1976 para proteger a biodiversidade \u00fanica da regi\u00e3o. Al\u00e9m das plantas e animais nativos do Bahrein, h\u00e1 tamb\u00e9m representantes da fauna da \u00c1frica e da \u00c1sia. H\u00e1 mais de 100.000 esp\u00e9cies de plantas, 45 esp\u00e9cies de animais e 82 esp\u00e9cies de aves no parque. In\u00fameras esp\u00e9cies est\u00e3o amea\u00e7adas de extin\u00e7\u00e3o. Esta lista inclui o \u00f3rix-\u00e1rabe, a chita-australiana, o lagarto-monitor-das-estepes, a gazela-persa, a gazela-de-leque e o c\u00e3o-selvagem-africano. A pol\u00edtica do parque prioriza a preserva\u00e7\u00e3o de esp\u00e9cies \u00fanicas, a recria\u00e7\u00e3o de popula\u00e7\u00f5es de animais amea\u00e7adas de extin\u00e7\u00e3o e a reprodu\u00e7\u00e3o de animais em cativeiro. Uma parte do parque \u00e9 aberta ao p\u00fablico. Recebe aproximadamente 200.000 visitantes por ano. A \u00e1rea de recrea\u00e7\u00e3o \u00e9 inacess\u00edvel ao p\u00fablico. \u00c9 frequentada por veterin\u00e1rios, funcion\u00e1rios do parque e uma variedade de profissionais.<\/p>\n\n\n\n<p>A Ba\u00eda de Tubli est\u00e1 localizada entre as ilhas de Bahrein e Sitrah, na parte oriental do pa\u00eds. \u00c9 aqui que se encontra a Ilha Nabih Saleh. A ba\u00eda \u00e9 famosa por sua abundante vida marinha e popula\u00e7\u00e3o de aves. Suas margens s\u00e3o ladeadas por manguezais. A ba\u00eda oferece uma \u00e1rea de desova para in\u00fameras esp\u00e9cies de peixes e camar\u00f5es. Diversas esp\u00e9cies de aves passam o inverno aqui. Devido \u00e0 polui\u00e7\u00e3o e \u00e0s consequ\u00eancias nocivas da ind\u00fastria, a \u00e1rea da reserva diminuiu drasticamente. Desde 1997, no entanto, esfor\u00e7os t\u00eam sido feitos para conservar o ecossistema caracter\u00edstico da regi\u00e3o.<\/p>\n\n\n\n<p>No Golfo P\u00e9rsico, encontra-se o Arquip\u00e9lago de Hawar. As ilhas est\u00e3o quase despovoadas. A tribo bedu\u00edna j\u00e1 habitou esta \u00e1rea. Hoje, por\u00e9m, suas aldeias est\u00e3o desertas. Nas ilhas, restaram apenas a delegacia de pol\u00edcia e o hotel. \u00c9 necess\u00e1ria uma licen\u00e7a de pesca espec\u00edfica. As ilhas abrigam diversas esp\u00e9cies de aves. Aqui, uma esp\u00e9cie rara de corvo-marinho se reproduz. Nas ilhas, mais de sessenta esp\u00e9cies de aves migrat\u00f3rias passam o inverno. Essas aves migram para seus locais de reprodu\u00e7\u00e3o durante a primavera. As aves que nidificam retornam aos seus ninhos. Aqui, podem ser encontradas criaturas \u00fanicas, incluindo o \u00f3rix-\u00e1rabe e a gazela-do-deserto. Perto das ilhas, uma col\u00f4nia significativa de dugongos habita a \u00e1gua. Desde 1997, o territ\u00f3rio est\u00e1 sob prote\u00e7\u00e3o estatal.<\/p>\n\n\n\n<p>A Ba\u00eda \u00c1rabe \u00e9 uma \u00e1rea de conserva\u00e7\u00e3o. Foi recentemente estabelecida na ilha de Muharraq, perto da cidade de Arad. Seu objetivo \u00e9 conservar o ecossistema mar\u00edtimo \u00fanico da regi\u00e3o. Normalmente, golfinhos e botos habitam as \u00e1guas perto do Bahrein. Aqui, \u00e9 menos prov\u00e1vel encontrar baleias e orcas. Dugongos (vacas-marinhas) s\u00e3o frequentemente observados em \u00e1reas costeiras. Estes s\u00e3o os mam\u00edferos marinhos mais peculiares. Existem cerca de 700 esp\u00e9cies de peixes nas \u00e1guas do Golfo P\u00e9rsico. Mais de 80% deles habitam recifes, especialmente corais. Existem trinta esp\u00e9cies de tubar\u00f5es no Golfo P\u00e9rsico, das quais 16 s\u00e3o consideradas amea\u00e7adas de extin\u00e7\u00e3o. Mais ostras-perl\u00edferas s\u00e3o descobertas nas \u00e1guas do Bahrein do que em qualquer outro lugar. Portanto, a minera\u00e7\u00e3o de p\u00e9rolas est\u00e1 bem estabelecida nesta regi\u00e3o.<\/p>\n\n\n\n<p>A ilha de Umm a Nasan \u00e9 propriedade da Coroa. A \u00e1rea \u00e9 proibida para pessoas comuns. A ilha possui uma pequena popula\u00e7\u00e3o de cabras-chifre-de-parafuso. Uma pequena comunidade est\u00e1 situada na margem oeste. V\u00e1rias fam\u00edlias n\u00f4mades residem aqui. Elas cuidam dos veados e gazelas que vivem na ilha. Nos \u00faltimos anos, a opera\u00e7\u00e3o de unidades industriais e usinas de dessaliniza\u00e7\u00e3o teve um impacto negativo consider\u00e1vel nas esp\u00e9cies marinhas da costa. O governo toma medidas para preservar a natureza distinta das ilhas e dos cursos d&#039;\u00e1gua costeiros.<\/p>","protected":false},"excerpt":{"rendered":"<p>O Bahrein \u00e9 uma na\u00e7\u00e3o insular com uma rica hist\u00f3ria que abrange milhares de anos e oferece uma combina\u00e7\u00e3o \u00fanica de excurs\u00f5es culturais, entretenimento e recrea\u00e7\u00e3o. Na regi\u00e3o, o primeiro estado j\u00e1 existia no terceiro mil\u00eanio a.C. Em v\u00e1rios momentos da hist\u00f3ria, o territ\u00f3rio pertenceu ao Reino Sass\u00e2nida, ao Califado \u00c1rabe, a Portugal e ao Ir\u00e3. A na\u00e7\u00e3o esteve sob protetorado brit\u00e2nico por um per\u00edodo. Todas essas fases hist\u00f3ricas deixaram sua marca na paisagem do pa\u00eds. Portanto, existem in\u00fameras atra\u00e7\u00f5es de interesse aqui.<\/p>","protected":false},"author":1,"featured_media":35408,"parent":35335,"menu_order":0,"comment_status":"closed","ping_status":"closed","template":"elementor_theme","meta":{"_eb_attr":"","footnotes":""},"class_list":["post-35405","page","type-page","status-publish","has-post-thumbnail"],"_links":{"self":[{"href":"https:\/\/travelshelper.com\/pt\/wp-json\/wp\/v2\/pages\/35405","targetHints":{"allow":["GET"]}}],"collection":[{"href":"https:\/\/travelshelper.com\/pt\/wp-json\/wp\/v2\/pages"}],"about":[{"href":"https:\/\/travelshelper.com\/pt\/wp-json\/wp\/v2\/types\/page"}],"author":[{"embeddable":true,"href":"https:\/\/travelshelper.com\/pt\/wp-json\/wp\/v2\/users\/1"}],"replies":[{"embeddable":true,"href":"https:\/\/travelshelper.com\/pt\/wp-json\/wp\/v2\/comments?post=35405"}],"version-history":[{"count":0,"href":"https:\/\/travelshelper.com\/pt\/wp-json\/wp\/v2\/pages\/35405\/revisions"}],"up":[{"embeddable":true,"href":"https:\/\/travelshelper.com\/pt\/wp-json\/wp\/v2\/pages\/35335"}],"wp:featuredmedia":[{"embeddable":true,"href":"https:\/\/travelshelper.com\/pt\/wp-json\/wp\/v2\/media\/35408"}],"wp:attachment":[{"href":"https:\/\/travelshelper.com\/pt\/wp-json\/wp\/v2\/media?parent=35405"}],"curies":[{"name":"wp","href":"https:\/\/api.w.org\/{rel}","templated":true}]}}