{"id":35385,"date":"2024-11-30T21:04:58","date_gmt":"2024-11-30T21:04:58","guid":{"rendered":"https:\/\/travelshelper.com\/staging\/?page_id=35385"},"modified":"2026-03-11T01:31:02","modified_gmt":"2026-03-11T01:31:02","slug":"como-se-locomover-no-barem","status":"publish","type":"page","link":"https:\/\/travelshelper.com\/pt\/destinations\/asia\/bahrain\/how-to-get-around-in-bahrain\/","title":{"rendered":"Como se locomover no Bar\u00e9m"},"content":{"rendered":"<p>O Bahrein \u00e9 uma na\u00e7\u00e3o insular compacta no Golfo P\u00e9rsico, com uma rica heran\u00e7a cultural e uma infraestrutura em r\u00e1pida moderniza\u00e7\u00e3o. Para os visitantes, entender como navegar pelo pa\u00eds com efici\u00eancia \u00e9 fundamental para uma experi\u00eancia tranquila. As op\u00e7\u00f5es de transporte no Bahrein s\u00e3o bem desenvolvidas, mas possuem caracter\u00edsticas e regulamenta\u00e7\u00f5es locais \u00fanicas. Os viajantes normalmente entram no reino por via a\u00e9rea ou rodovi\u00e1ria e, uma vez l\u00e1 dentro, escolhem entre \u00f4nibus p\u00fablicos, t\u00e1xis e servi\u00e7os de transporte por aplicativo ou ve\u00edculos particulares, dependendo de suas necessidades. Este guia re\u00fane dicas pr\u00e1ticas e contexto cultural para ajudar qualquer pessoa a se locomover pelo Bahrein com confian\u00e7a e respeito.<\/p>\n\n\n\n<p>O Aeroporto Internacional do Bahrein (BIA) \u00e9 a principal porta de entrada a\u00e9rea do pa\u00eds. Ele opera voos para destinos ao redor do mundo e vem passando por grandes expans\u00f5es para acomodar o crescente volume de passageiros. Nos \u00faltimos anos, o aeroporto passou por melhorias em terminais e instala\u00e7\u00f5es, com planos at\u00e9 mesmo para o desenvolvimento de uma &#034;cidade aeroportu\u00e1ria&#034; em um futuro pr\u00f3ximo. Ao pousar no BIA, o viajante encontrar\u00e1 um aeroporto moderno, por\u00e9m compacto; a imigra\u00e7\u00e3o e a alf\u00e2ndega s\u00e3o geralmente eficientes, embora, como em qualquer aeroporto internacional, algumas filas sejam esperadas. A localiza\u00e7\u00e3o do aeroporto fica a uma curta dist\u00e2ncia de carro do centro de Manama, capital do Bahrein, facilitando o acesso ao centro da cidade. Como o terminal \u00e9 movimentado tanto por visitantes internacionais quanto por tr\u00e2nsito, \u00e9 aconselh\u00e1vel reservar um tempo extra ao chegar ou partir. A expans\u00e3o do aeroporto tamb\u00e9m significa que as autoridades locais est\u00e3o interessadas em melhorar as conex\u00f5es de ida e volta: por exemplo, novas linhas de \u00f4nibus foram adicionadas, ligando o aeroporto aos principais distritos da cidade.<\/p>\n\n\n\n<p>Viajantes que entram no Bahrein por via terrestre usar\u00e3o a King Fahd Causeway, a \u00fanica liga\u00e7\u00e3o terrestre entre o Bahrein e a Ar\u00e1bia Saudita. A ponte \u00e9 uma s\u00e9rie de 25 quil\u00f4metros de pontes e ilhas recuperadas que conecta o Reino do Bahrein \u00e0 Prov\u00edncia Oriental da Ar\u00e1bia Saudita. Este moderno sistema de pontes \u00e9 o resultado de um grande projeto do final do s\u00e9culo XX e simboliza os la\u00e7os estreitos entre os dois pa\u00edses. Atravessar a ponte exige passar por pontos de controle de imigra\u00e7\u00e3o em ambas as extremidades, portanto, os motoristas devem ter todos os documentos de viagem em m\u00e3os. Em fins de semana e feriados movimentados, a ponte pode ficar bastante congestionada, j\u00e1 que muitos sauditas e outros visitantes do Golfo cruzam para o Bahrein para fazer compras, lazer ou trabalho. A vista da ponte em um dia claro revela o impressionante contraste entre as \u00e1guas azuis do Golfo e as ilhas baixas do Bahrein. Depois de passar pela alf\u00e2ndega, os viajantes se encontram nas rodovias bem pavimentadas do Bahrein. A ponte tornou as viagens terrestres entre os estados do Golfo simples; no entanto, se voc\u00ea for de carro, esteja ciente de que retornar \u00e0 Ar\u00e1bia Saudita tamb\u00e9m envolve passar pelo posto de controle na outra dire\u00e7\u00e3o, o que tamb\u00e9m pode causar atrasos em hor\u00e1rios de pico.<\/p>\n\n\n\n<p>Uma vez dentro do Bahrein, locomover-se pela ilha \u00e9 geralmente f\u00e1cil devido ao seu pequeno tamanho \u2013 o Bahrein tem apenas cerca de 50 quil\u00f4metros de norte a sul. A rede rodovi\u00e1ria do pa\u00eds \u00e9 moderna e a maioria dos destinos fica a uma curta dist\u00e2ncia de carro. O Bahrein oferece diversos meios de transporte para se locomover pelo pa\u00eds. \u00d4nibus p\u00fablicos atendem muitas partes da ilha, t\u00e1xis e ve\u00edculos de transporte compartilhado operam entre cidades e vilas, e o aluguel de carros \u00e9 uma op\u00e7\u00e3o popular. Cada meio de transporte tem suas pr\u00f3prias normas e custos. Em \u00e1reas urbanas como Manama, Al Muharraq e outras cidades, carros particulares e t\u00e1xis s\u00e3o os mais comuns, enquanto os \u00f4nibus s\u00e3o usados \u200b\u200bprincipalmente por viajantes e moradores locais. Como visitante, voc\u00ea pode escolher o meio de transporte que melhor se adapta ao seu itiner\u00e1rio: para viagens curtas pela cidade, t\u00e1xis ou Uber podem ser os mais r\u00e1pidos, enquanto viagens mais longas pela ilha podem se beneficiar do aluguel de um carro ou do uso do \u00f4nibus para uma experi\u00eancia local aut\u00eantica. Entender as leis e os costumes de tr\u00e2nsito locais e estar preparado com mapas ou aplicativos tornar\u00e1 a viagem mais tranquila.<\/p>\n\n\n\n<p>A espinha dorsal do transporte p\u00fablico do Bahrein \u00e9 sua rede de \u00f4nibus que cobre toda a cidade. H\u00e1 28 linhas regulares de \u00f4nibus que circulam pela ilha, conectando os principais bairros, distritos comerciais e at\u00e9 mesmo alguns pontos tur\u00edsticos. Esses \u00f4nibus s\u00e3o operados pela Companhia de Transporte P\u00fablico do Bahrein e foram significativamente modernizados nos \u00faltimos anos. Uma grande reforma do servi\u00e7o por volta de 2015 dobrou o n\u00famero de \u00f4nibus nas ruas e introduziu muitas novas rotas. Hoje, a frota \u00e9 moderna: cada \u00f4nibus tem ar-condicionado (uma b\u00ean\u00e7\u00e3o no calor do Bahrein) e oferece Wi-Fi gratuito aos passageiros. Os pre\u00e7os das passagens s\u00e3o muito baixos \u2013 muito mais baratos do que pegar um t\u00e1xi \u2013 tornando os \u00f4nibus uma op\u00e7\u00e3o econ\u00f4mica se o tempo permitir. O governo tamb\u00e9m construiu dezenas de novos pontos de \u00f4nibus e abrigos para acomodar a rede expandida. Os hor\u00e1rios e a frequ\u00eancia dos \u00f4nibus tamb\u00e9m melhoraram; as principais rotas podem ter \u00f4nibus a cada 15 a 30 minutos durante o dia, embora algumas rotas suburbanas ou fora do hor\u00e1rio de pico operem com menos frequ\u00eancia. Notavelmente, h\u00e1 at\u00e9 terminais de \u00f4nibus com ar-condicionado em centros importantes, incluindo o novo terminal do aeroporto, o que ajuda os passageiros a esperar com conforto. Em suma, o sistema de \u00f4nibus \u00e9 confort\u00e1vel e acess\u00edvel, projetado para atender especialmente \u00e0 popula\u00e7\u00e3o trabalhadora e aos estudantes que dependem dele diariamente.<\/p>\n\n\n\n<p>Apesar dessas melhorias, os \u00f4nibus no Bahrein continuam sendo mais populares entre os moradores locais do que entre os turistas. Um dos motivos \u00e9 que os mapas e hor\u00e1rios oficiais das rotas nem sempre s\u00e3o f\u00e1ceis de encontrar, especialmente em ingl\u00eas. Muitos pontos de \u00f4nibus em bairros podem simplesmente listar o n\u00famero da rota sem um hor\u00e1rio. Para um visitante estrangeiro, isso pode significar ter que juntar informa\u00e7\u00f5es. Nos \u00faltimos anos, as autoridades come\u00e7aram a adicionar c\u00f3digos QR nos pontos e displays em tempo real nas principais esta\u00e7\u00f5es, e aplicativos m\u00f3veis (assim como o Google Maps e ferramentas de navega\u00e7\u00e3o semelhantes) podem ajudar a planejar uma viagem de \u00f4nibus. No entanto, os rec\u00e9m-chegados devem estar cientes de que entender o sistema de \u00f4nibus pode exigir um pouco de paci\u00eancia. \u00c9 aconselh\u00e1vel verificar recursos online ou perguntar em um terminal de \u00f4nibus maior sobre o n\u00famero e a dire\u00e7\u00e3o corretos da rota, e ter dinares do Bahrein em moedas pequenas \u00e0 m\u00e3o para pagar a tarifa. O cart\u00e3o de pagamento de \u00f4nibus local, chamado Go Card, \u00e9 geralmente usado por moradores \u2013 ele oferece descontos se voc\u00ea planeja viajar com frequ\u00eancia \u2013 mas os visitantes podem pagar em dinheiro a bordo, com moedas. De qualquer forma, andar de \u00f4nibus pode ser uma maneira agrad\u00e1vel de ver o Bahrein da perspectiva de um morador local, desde que se permita um pouco de flexibilidade no hor\u00e1rio e na escolha da rota.<\/p>\n\n\n\n<p>T\u00e1xis e servi\u00e7os de transporte por aplicativo s\u00e3o outra forma importante de se locomover, especialmente para viajantes que preferem a conveni\u00eancia de um ponto a outro. Nas cidades do Bahrein, h\u00e1 muitos t\u00e1xis: voc\u00ea os encontrar\u00e1 esperando no aeroporto, esta\u00e7\u00f5es de trem e \u00f4nibus, grandes hot\u00e9is, shopping centers e em frente a restaurantes ou escrit\u00f3rios. Tamb\u00e9m \u00e9 f\u00e1cil encontr\u00e1-los na rua. Os t\u00e1xis tradicionais no Bahrein s\u00e3o geralmente sed\u00e3s ou minivans limpos e de modelo recente, e todos funcionam com tax\u00edmetro (mesmo que nem todos os motoristas o utilizem). Nos \u00faltimos anos, servi\u00e7os baseados em aplicativos como o Uber tamb\u00e9m se tornaram amplamente utilizados. O Uber funciona de forma semelhante aqui como em outras cidades: voc\u00ea solicita uma corrida no seu smartphone, o aplicativo mostra o motorista e a tarifa estimada, e o pagamento pode ser cobrado automaticamente ou em dinheiro. Isso \u00e9 popular entre expatriados e visitantes porque elimina o inc\u00f4modo de negociar ou encontrar o troco exato. Seja um t\u00e1xi ou um ve\u00edculo Uber, os motoristas geralmente s\u00e3o profissionais e acostumados com turistas. Muitos falam ingl\u00eas o suficiente para entender endere\u00e7os e instru\u00e7\u00f5es, embora seja sempre \u00fatil ter o nome do seu destino anotado ou no celular. Os t\u00e1xis, assim como os \u00f4nibus, t\u00eam ar-condicionado potente, que os motoristas mant\u00eam ligado \u2013 um conforto importante durante os dias quentes do Bahrein.<\/p>\n\n\n\n<p>O custo de uma corrida de t\u00e1xi no Bahrein \u00e9 regulamentado pelo governo. A tarifa oficial \u00e9 uma tarifa base de BD 1.000 (aproximadamente US$ 2,65) mais BD 0,200 por quil\u00f4metro depois disso. Essa tarifa \u00e9 v\u00e1lida para tarifas com tax\u00edmetro. No entanto, os visitantes devem estar cientes de que os tax\u00edmetros \u00e0s vezes n\u00e3o s\u00e3o usados \u200b\u200bpor todos os motoristas. Na pr\u00e1tica, alguns motoristas podem cobrar uma taxa fixa, muitas vezes mais alta do que a mostrada pelo tax\u00edmetro, especialmente se presumirem que o passageiro n\u00e3o esteja familiarizado com os pre\u00e7os locais. Na verdade, \u00e9 contra as regras que um motorista recuse o tax\u00edmetro; por lei, o t\u00e1xi deve usar o tax\u00edmetro desde o in\u00edcio da viagem. Se um motorista insistir em uma tarifa fixa, voc\u00ea tem o direito de exigir que o tax\u00edmetro seja usado ou de ir embora. Casos de cobran\u00e7a excessiva flagrante s\u00e3o relativamente raros, mas um pouco de vigil\u00e2ncia \u00e9 sensato. Se uma corrida de t\u00e1xi come\u00e7ar no tax\u00edmetro e o motorista tentar mudar para uma tarifa fixa no meio do caminho, voc\u00ea pode lembr\u00e1-lo educadamente do regulamento. No caso improv\u00e1vel de uma disputa s\u00e9ria, o Bahrein permite que os passageiros anotem o n\u00famero da placa e denunciem abusos \u00e0 pol\u00edcia ap\u00f3s o ocorrido. Para viagens de rotina, geralmente \u00e9 poss\u00edvel evitar conflitos usando empresas de t\u00e1xi ou aplicativos reconhecidos, conforme descrito posteriormente.<\/p>\n\n\n\n<p>Para dar algum contexto pr\u00e1tico, uma viagem curta t\u00edpica dentro de Manama (por exemplo, do centro da cidade para uma \u00e1rea comercial suburbana) geralmente fica na faixa de cerca de BD 3\u20135 (cerca de US$ 8\u201313) quando o tax\u00edmetro \u00e9 usado normalmente. Um exemplo pode ser uma corrida de 10 quil\u00f4metros custando cerca de BD 3. No aeroporto, h\u00e1 uma sobretaxa especial: qualquer t\u00e1xi que pegue passageiros no Aeroporto Internacional do Bahrein adiciona uma taxa fixa de BD 2.000 al\u00e9m da tarifa do tax\u00edmetro. Essa taxa extra do aeroporto \u00e9 padr\u00e3o, portanto, os viajantes devem inclu\u00ed-la em seu or\u00e7amento. Caso contr\u00e1rio, viajar de t\u00e1xi \u00e9 bastante econ\u00f4mico em compara\u00e7\u00e3o com muitas cidades ocidentais, j\u00e1 que o combust\u00edvel \u00e9 relativamente barato no Golfo. A gorjeta n\u00e3o \u00e9 obrigat\u00f3ria nos t\u00e1xis do Bahrein, mas arredondar a tarifa ou adicionar alguns Fils \u00e9 visto como cortesia, especialmente se o motorista ajudar com a bagagem.<\/p>\n\n\n\n<p>Existem tamb\u00e9m empresas de t\u00e1xi formais no Bahrein para as quais voc\u00ea pode ligar diretamente. Alguns dos servi\u00e7os mais respeit\u00e1veis \u200b\u200bincluem o Speedy Motor Service (frequentemente abreviado como SMS) e o Online Taxi Bahrain. Essas empresas oferecem corridas de despacho (semelhantes aos t\u00e1xis de r\u00e1dio) e geralmente t\u00eam melhor reputa\u00e7\u00e3o por seguir as regras do tax\u00edmetro. A Bahrain Limo \u00e9 outro servi\u00e7o, operado pela SABTCO (a Saudi Arabian Bus Transport Company, que \u00e9 estatal). A Bahrain Limo oferece servi\u00e7os de carro de alto padr\u00e3o \u2013 seus carros podem ser sed\u00e3s grandes ou at\u00e9 mesmo limusines de luxo \u2013 mas cobram por uma tabela de pre\u00e7os fixa em vez do tax\u00edmetro. A vantagem de usar uma empresa como a Bahrain Limo \u00e9 a certeza: voc\u00ea pode fazer uma reserva (mesmo online), confirmar o tipo de ve\u00edculo e saber a tarifa com anteced\u00eancia. Muitos hot\u00e9is e alguns pr\u00e9dios oficiais usam esses servi\u00e7os por padr\u00e3o para h\u00f3spedes internacionais. Em resumo, se voc\u00ea precisa de uma corrida confi\u00e1vel, pedir a um concierge do hotel ou a um conhecido local para ligar para uma dessas empresas pode garantir uma experi\u00eancia confort\u00e1vel com risco m\u00ednimo de cobran\u00e7as surpresa.<\/p>\n\n\n\n<p>Para viajantes que preferem liberdade total, alugar um carro no Bahrein \u00e9 simples. Diversas locadoras de ve\u00edculos nacionais e internacionais possuem escrit\u00f3rios e quiosques no aeroporto e nas principais cidades. Os pre\u00e7os do aluguel s\u00e3o bastante razo\u00e1veis \u200b\u200bpara os padr\u00f5es internacionais: para um carro compacto, voc\u00ea pode pagar algo em torno de BD 10 a BD 15 por dia, enquanto sed\u00e3s ou SUVs maiores podem custar BD 20 ou um pouco mais por dia. Essas tarifas geralmente incluem quilometragem ilimitada, o que significa que voc\u00ea pode dirigir o quanto quiser sem taxas extras. O combust\u00edvel no Bahrein \u00e9 relativamente barato (para os padr\u00f5es ocidentais) e os postos de gasolina s\u00e3o abundantes, portanto, abastecer n\u00e3o \u00e9 uma preocupa\u00e7\u00e3o frequente. Alugar um carro exige uma carteira de habilita\u00e7\u00e3o v\u00e1lida; o Bahrein reconhece carteiras de habilita\u00e7\u00e3o internacionais de muitos pa\u00edses, mas \u00e9 aconselh\u00e1vel confirmar com sua locadora qual documenta\u00e7\u00e3o \u00e9 exigida. Um dep\u00f3sito com cart\u00e3o de cr\u00e9dito e seguro (geralmente oferecido no balc\u00e3o) s\u00e3o padr\u00e3o. Dirigir nas estradas do Bahrein pode ser bastante agrad\u00e1vel: a qualidade das estradas \u00e9 boa e, como a ilha \u00e9 pequena, os destinos nunca est\u00e3o longe. O tr\u00e2nsito em Manama \u00e9 moderado e o tra\u00e7ado das estradas geralmente \u00e9 bem planejado.<\/p>\n\n\n\n<p>No entanto, se voc\u00ea alugar um carro ou alugar um, dever\u00e1 seguir rigorosamente as leis de tr\u00e2nsito do Bahrein. O pa\u00eds tem limites de velocidade rigorosos: normalmente 50 km\/h em \u00e1reas urbanas (cidades e vilas) e entre 80 e 100 km\/h em rodovias. Algumas rodovias principais ou a ponte podem permitir at\u00e9 120 km\/h, mas geralmente o Bahrein mant\u00e9m os limites de velocidade em 100 km\/h. A aplica\u00e7\u00e3o da lei para infra\u00e7\u00f5es de tr\u00e2nsito \u00e9 bastante rigorosa. C\u00e2meras e patrulhas policiais s\u00e3o comuns em estradas intermunicipais. Multas por excesso de velocidade, avan\u00e7o no sinal vermelho ou outras infra\u00e7\u00f5es podem ser pesadas. Por exemplo, exceder o limite de velocidade por uma ampla margem pode levar a multas pesadas e at\u00e9 mesmo \u00e0 proibi\u00e7\u00e3o de dirigir. N\u00e3o \u00e9 incomum que as autoridades imponham multas na casa das centenas de dinares do Bahrein para viola\u00e7\u00f5es muito graves. Enquanto isso, infra\u00e7\u00f5es menores (como um pequeno excesso de velocidade ou uma chamada telef\u00f4nica sem viva-voz) geralmente resultam em multas de algumas dezenas de dinares. A pol\u00edcia normalmente n\u00e3o para todos os carros aleatoriamente, mas pode realizar pontos de controle ou patrulhas, especialmente em rodovias e perto de \u00e1reas de constru\u00e7\u00e3o. \u00c9 sempre mais seguro dirigir com responsabilidade e prestar aten\u00e7\u00e3o \u00e0 sinaliza\u00e7\u00e3o; motoristas locais tamb\u00e9m obedecer\u00e3o a essas regras, pelo menos quando estiverem em fiscaliza\u00e7\u00e3o. Lembre-se tamb\u00e9m de que no Bahrein dirige-se do lado direito da estrada.<\/p>\n\n\n\n<p>Navegar pelo Bahrein de carro apresenta algumas peculiaridades. A sinaliza\u00e7\u00e3o nas principais estradas geralmente \u00e9 boa e est\u00e1 em \u00e1rabe e ingl\u00eas, mas em cidades menores e \u00e1reas residenciais, a sinaliza\u00e7\u00e3o pode ser escassa. \u00c0s vezes, os cruzamentos n\u00e3o t\u00eam placas de dire\u00e7\u00e3o claras, portanto, \u00e9 altamente recomend\u00e1vel usar um GPS ou aplicativo de mapas. Felizmente, os servi\u00e7os de dados m\u00f3veis e GPS funcionam bem no Bahrein, e aplicativos como Google Maps ou Waze s\u00e3o guias confi\u00e1veis \u200b\u200bpara a maioria das rotas. Se preferir mapas offline, a rede rodovi\u00e1ria \u00e9 bastante simples: Manama fica no centro, conectada por estradas e rodovias \u00e0s vilas do norte e ao aeroporto. O extremo sul da ilha tem menos assentamentos, mas uma rodovia bem conservada circunda a costa. Antes de sair de carro, especialmente se voc\u00ea for sair da cidade principal, \u00e9 uma boa ideia obter instru\u00e7\u00f5es com anteced\u00eancia ou levar um mapa impresso, por precau\u00e7\u00e3o. Lembre-se de que algumas estradas menores podem ter nomes em \u00e1rabe que diferem de qualquer tradu\u00e7\u00e3o em ingl\u00eas.<\/p>\n\n\n\n<p>O tempo de viagem \u00e9 outra considera\u00e7\u00e3o pr\u00e1tica. Manama e outros centros urbanos podem ficar congestionados durante os hor\u00e1rios de pico da manh\u00e3 e da noite durante a semana (aproximadamente das 7h \u00e0s 9h e das 16h \u00e0s 19h). Fora desses per\u00edodos, o tr\u00e2nsito costuma ser tranquilo para os padr\u00f5es ocidentais. O fim de semana no Bahrein cai na sexta-feira e no s\u00e1bado (a semana \u00fatil vai de domingo a quinta-feira). \u00c0s sextas-feiras, os escrit\u00f3rios fecham para as ora\u00e7\u00f5es do meio-dia, e o tr\u00e2nsito costuma ficar mais tranquilo depois; no entanto, shoppings e locais de entretenimento ficam abertos at\u00e9 mais tarde nas noites de quinta-feira, causando um aumento no tr\u00e1fego noturno saindo das cidades. Vale ressaltar que muitas empresas abrem mais tarde na sexta-feira (o dia sagrado) e no in\u00edcio da tarde, o que pode alterar os padr\u00f5es de tr\u00e1fego local. Se voc\u00ea planeja dirigir, lembre-se de que o estacionamento em \u00e1reas centrais, como Manama, geralmente \u00e9 com parqu\u00edmetro ou port\u00f5es. As cidades s\u00e3o compactas, ent\u00e3o estacionar em locais proibidos pode facilmente levar a multas ou reboque. Muitos visitantes acham mais f\u00e1cil estacionar em um shopping ou estacionamento de hotel (geralmente gratuito para os clientes) e depois caminhar ou pegar um t\u00e1xi no centro da cidade.<\/p>\n\n\n\n<p>Al\u00e9m da log\u00edstica, existem algumas considera\u00e7\u00f5es culturais para viajar sem problemas. Os barenitas geralmente s\u00e3o receptivos a estrangeiros e o ingl\u00eas \u00e9 amplamente compreendido, o que torna a comunica\u00e7\u00e3o de planos de viagem relativamente f\u00e1cil. Em t\u00e1xis, \u00e9 educado cumprimentar o motorista (&#034;Salam&#034; para &#034;paz&#034; ou apenas um simples &#034;Ol\u00e1&#034;) ao entrar. Os c\u00f3digos de vestimenta s\u00e3o mais flex\u00edveis em compara\u00e7\u00e3o com alguns vizinhos, mas manter uma postura respeitosa \u00e9 apreciado \u2013 por exemplo, tente sentar-se em sil\u00eancio em um \u00f4nibus ou t\u00e1xi se os moradores locais o fizerem. Se usar \u00f4nibus, esteja ciente de que os assentos priorit\u00e1rios nas primeiras filas podem ser reservados para mulheres e idosos. Homens geralmente n\u00e3o devem ocupar esses assentos se mulheres entrarem. Pedir educadamente informa\u00e7\u00f5es ou ajuda aos moradores locais (em ingl\u00eas ou com algumas frases em \u00e1rabe) geralmente rende bons conselhos; os barenitas est\u00e3o acostumados com turistas e expatriados pedindo orienta\u00e7\u00e3o.<\/p>\n\n\n\n<p>T\u00e1xis e motoristas de carro podem ocasionalmente se envolver em conversas leves. N\u00e3o \u00e9 incomum que um motorista amig\u00e1vel aponte pontos tur\u00edsticos ou d\u00ea dicas de viagem enquanto voc\u00ea dirige. Por exemplo, um motorista de t\u00e1xi pode observar se h\u00e1 uma rota mais f\u00e1cil dispon\u00edvel ou mencionar se h\u00e1 uma estrada fechada \u00e0 frente. Aqueles com interesse na cultura do Bahrein descobrir\u00e3o que esse tipo de conversa pode ser informativo: os barenitas costumam gostar de ouvir sotaques estrangeiros, e se voc\u00ea mencionar algumas palavras em \u00e1rabe como &#034;shukran&#034; (obrigado) ou &#034;kam shhaansa&#034; (quanto custa), isso pode gerar boa vontade. Claro, cada pessoa \u00e9 diferente; se preferir o sil\u00eancio, um aceno educado \u00e9 suficiente.<\/p>\n\n\n\n<p>Em geral, o transporte no Bahrein encontra um equil\u00edbrio entre a conveni\u00eancia moderna e a tradi\u00e7\u00e3o local. Os esfor\u00e7os do estado para melhorar a infraestrutura significam que os motoristas frequentemente trafegam por estradas largas e bem sinalizadas e podem contar com servi\u00e7os como pagamento com cart\u00e3o de cr\u00e9dito (em alguns t\u00e1xis e na m\u00e1quina Go Card do \u00f4nibus) e recursos legais claros, se necess\u00e1rio. Por outro lado, o tecido social tradicional da ilha ainda est\u00e1 presente: voc\u00ea pode ver t\u00e1xis familiares ou jovens locais fazendo fila para entrar em um t\u00e1xi nos fins de semana, refletindo a cultura comunit\u00e1ria. Os hor\u00e1rios de trabalho tamb\u00e9m giram em torno dos hor\u00e1rios de ora\u00e7\u00e3o e das normas sociais, de modo que lojas e restaurantes t\u00eam um ritmo diferente dos calend\u00e1rios ocidentais. Tudo isso molda a maneira como se locomove pelo pa\u00eds.<\/p>\n\n\n\n<p>Em resumo, locomover-se no Bahrein \u00e9 bastante simples, desde que voc\u00ea conhe\u00e7a as op\u00e7\u00f5es e os costumes. O Aeroporto Internacional do Bahrein serve como o principal ponto de entrada para viajantes a\u00e9reos, e a King Fahd Causeway \u00e9 a principal rota terrestre da Ar\u00e1bia Saudita. No Bahrein, 28 linhas de \u00f4nibus formam uma rede \u00fatil, barata, limpa e equipada com comodidades como ar-condicionado e Wi-Fi gratuito. H\u00e1 t\u00e1xis por toda parte e s\u00e3o acess\u00edveis se voc\u00ea usar o tax\u00edmetro; aplicativos de transporte como o Uber facilitam o uso. Alugar um carro \u00e9 uma op\u00e7\u00e3o pr\u00e1tica, considerando o baixo custo do combust\u00edvel e as curtas dist\u00e2ncias, mas dirigir exige aten\u00e7\u00e3o \u00e0s leis de tr\u00e2nsito locais \u2013 os limites de velocidade de 50 km\/h nas cidades e de at\u00e9 80\u2013100 km\/h nas rodovias devem ser obedecidos. Sempre carregue um mapa ou GPS, pois algumas placas podem ser escassas, e esteja ciente das regras de estacionamento nas cidades. Seja para uma viagem de \u00f4nibus com vista panor\u00e2mica ou a flexibilidade de um carro alugado, as estradas e op\u00e7\u00f5es de transporte do Bahrein o levar\u00e3o aos seus destinos. Ao planejar com anteced\u00eancia, respeitar as regulamenta\u00e7\u00f5es locais e manter essas nuances culturais em mente, voc\u00ea pode viajar pelo Bahrein de forma eficiente e aproveitar todas as experi\u00eancias que esta amig\u00e1vel na\u00e7\u00e3o insular tem a oferecer.<\/p>","protected":false},"excerpt":{"rendered":"<p>Existem apenas duas maneiras de chegar ao Bahrein: de avi\u00e3o ou de autom\u00f3vel, pela ponte a\u00e9rea da Ar\u00e1bia Saudita. H\u00e1 voos para destinos em todo o mundo partindo do Aeroporto Internacional do Bahrein, e um enorme projeto est\u00e1 em andamento para modernizar e ampliar suas instala\u00e7\u00f5es.<\/p>","protected":false},"author":1,"featured_media":35387,"parent":35335,"menu_order":0,"comment_status":"closed","ping_status":"closed","template":"elementor_theme","meta":{"_eb_attr":"","footnotes":""},"class_list":["post-35385","page","type-page","status-publish","has-post-thumbnail"],"_links":{"self":[{"href":"https:\/\/travelshelper.com\/pt\/wp-json\/wp\/v2\/pages\/35385","targetHints":{"allow":["GET"]}}],"collection":[{"href":"https:\/\/travelshelper.com\/pt\/wp-json\/wp\/v2\/pages"}],"about":[{"href":"https:\/\/travelshelper.com\/pt\/wp-json\/wp\/v2\/types\/page"}],"author":[{"embeddable":true,"href":"https:\/\/travelshelper.com\/pt\/wp-json\/wp\/v2\/users\/1"}],"replies":[{"embeddable":true,"href":"https:\/\/travelshelper.com\/pt\/wp-json\/wp\/v2\/comments?post=35385"}],"version-history":[{"count":0,"href":"https:\/\/travelshelper.com\/pt\/wp-json\/wp\/v2\/pages\/35385\/revisions"}],"up":[{"embeddable":true,"href":"https:\/\/travelshelper.com\/pt\/wp-json\/wp\/v2\/pages\/35335"}],"wp:featuredmedia":[{"embeddable":true,"href":"https:\/\/travelshelper.com\/pt\/wp-json\/wp\/v2\/media\/35387"}],"wp:attachment":[{"href":"https:\/\/travelshelper.com\/pt\/wp-json\/wp\/v2\/media?parent=35385"}],"curies":[{"name":"wp","href":"https:\/\/api.w.org\/{rel}","templated":true}]}}