{"id":16648,"date":"2024-09-23T16:18:29","date_gmt":"2024-09-23T16:18:29","guid":{"rendered":"https:\/\/travelshelper.com\/staging\/?page_id=16648"},"modified":"2026-03-12T00:24:17","modified_gmt":"2026-03-12T00:24:17","slug":"bad-kissingen","status":"publish","type":"page","link":"https:\/\/travelshelper.com\/pt\/destinations\/europe\/germany\/bad-kissingen\/","title":{"rendered":"Bad Kissingen"},"content":{"rendered":"<p>Bad Kissingen, uma cidade termal com aproximadamente 23.245 habitantes, distribu\u00edda por 69,92 quil\u00f4metros quadrados, situa-se \u00e0s margens do rio Saale, na Franc\u00f4nia, ao sul das montanhas Rh\u00f6n, na Baixa Franc\u00f4nia, na Baviera. Seu status como cidade termal estatal e sede de distrito, aliado \u00e0 elegante arquitetura do s\u00e9culo XIX e in\u00edcio do s\u00e9culo XX e \u00e0s fontes minerais registradas desde 823 d.C., garantiu sua inclus\u00e3o no Patrim\u00f4nio Mundial da UNESCO &#034;Grandes Cidades Termais da Europa&#034; em 2021. Desde sua primeira documenta\u00e7\u00e3o como &#034;chizzicha&#034; em 801 at\u00e9 seu apogeu na alta sociedade sob Ludwig I e o Pr\u00edncipe Regente Luitpold, a narrativa de Bad Kissingen entrela\u00e7a \u00e1guas curativas, intrigas pol\u00edticas e um compromisso com o conforto dos h\u00f3spedes que perdura at\u00e9 hoje.<\/p>\n<p>As primeiras atra\u00e7\u00f5es da cidade centraram-se em suas fontes minerais, que foram notadas sob o dom\u00ednio da Abadia de Fulda no in\u00edcio do s\u00e9culo IX e, posteriormente, sob os Condes de Henneberg e os bispos de W\u00fcrzburg. Em 1279, Kissingen j\u00e1 tinha status urbano e, no s\u00e9culo XVI, foi formalmente reconhecida como um spa: em 1520, o primeiro h\u00f3spede documentado buscou al\u00edvio aqui. A incorpora\u00e7\u00e3o ao Reino da Baviera em 1814 abriu caminhos para o patroc\u00ednio real; Ludwig I encomendou extens\u00f5es que deram ao distrito de spa seus grandes passeios e arcadas. A eleva\u00e7\u00e3o \u00e0 categoria de &#034;Bad&#034; em 1883 marcou sua chegada entre os principais resorts de sa\u00fade da Europa, um &#034;Weltbad&#034;, onde visitantes da corte, da Imperatriz Isabel da \u00c1ustria ao Czar Alexandre II da R\u00fassia e ao Rei Ludwig II da Baviera, buscavam al\u00edvio terap\u00eautico.<\/p>\n<p>Nem toda a hist\u00f3ria de Bad Kissingen \u00e9 refinada. Em 10 de julho de 1866, foi palco de um violento confronto no Mainfeldzug da Guerra Austro-Prussiana, quando as tropas b\u00e1varas resistiram ao avan\u00e7o prussiano e foram derrotadas. O Chanceler Imperial Otto von Bismarck, frequentador ass\u00edduo do spa, sobreviveu a uma tentativa de assassinato durante o Kulturkampf em 1874. Posteriormente, ele ditou o &#034;Ditado de Kissingen&#034; de 1877, estabelecendo os princ\u00edpios da pol\u00edtica externa alem\u00e3; sua antiga resid\u00eancia agora abriga o Museu Bismarck. Em junho de 1911, as prefeituras sediaram negocia\u00e7\u00f5es franco-alem\u00e3s sobre assuntos marroquinos \u2014 um impasse que precipitou a Crise de Agadir, prenunciando as tens\u00f5es do s\u00e9culo XX.<\/p>\n<p>A Primeira Guerra Mundial e suas consequ\u00eancias trouxeram mudan\u00e7as na clientela: a nobreza deu lugar a uma classe m\u00e9dia mais ampla, e o spa permaneceu fechado por apenas um ano, em 1945. \u00c0s v\u00e9speras da Segunda Guerra Mundial, quart\u00e9is militares alem\u00e3es foram erguidos nos limites da cidade; tomados pacificamente pelas for\u00e7as americanas em 1945, tornaram-se o Quartel Daley at\u00e9 o in\u00edcio da d\u00e9cada de 1990. As cl\u00ednicas de previd\u00eancia social do p\u00f3s-guerra impulsionaram o emprego local at\u00e9 que as reformas do seguro sa\u00fade na d\u00e9cada de 1990 reduziram o financiamento dos spas, levando a esfor\u00e7os municipais \u2014 apoiados por uma pesquisa da EMNID que declarou Bad Kissingen o spa mais conhecido da Alemanha \u2014 para diversificar sua base de visitantes. Em 2015, mais de 238.000 visitantes representaram 1,5 milh\u00e3o de pernoites, um testemunho de uma reinven\u00e7\u00e3o bem-sucedida.<\/p>\n<p>As comodidades modernas incluem o KissSalis Therme, inaugurado em fevereiro de 2004 como um spa e centro de lazer, e a Academia de Futebol Germano-Chinesa, inaugurada no final daquele ano para receber os aspirantes ol\u00edmpicos da China. No entanto, o cora\u00e7\u00e3o da cidade continua sendo suas sete fontes minerais, todas provenientes da zona de falha de Kissingen-Ha\u00dffurt e enriquecidas por camadas de sedimentos do Permiano. Seis s\u00e3o frias, ricas em s\u00f3dio, carbonatos e sulfatos; apenas a Fonte termal de Sch\u00f6nborn oferece \u00e1guas mornas para banho. Cada fonte \u2014 da ic\u00f4nica Fonte Rakoczy de 1737, nomeada em homenagem ao her\u00f3i h\u00fangaro Ferenc R\u00e1k\u00f3czi, \u00e0 intermitente Fonte Redonda de 1788 \u2014 continua a atrair visitantes para tratamentos de cura, banhos ou terapias de inala\u00e7\u00e3o.<\/p>\n<p>Bad Kissingen exemplifica um &#034;Weltbad&#034; n\u00e3o apenas em suas \u00e1guas, mas tamb\u00e9m em suas ofertas sociais. Jardins termais e cal\u00e7ad\u00f5es j\u00e1 sediaram concertos, pe\u00e7as de teatro e jogos; cortes\u00e3os e literatos se misturavam em salas de leitura, cavalgavam ou tentavam a sorte no cassino. Sua arquitetura imponente \u2014 quarteir\u00f5es de spas com vilas, com\u00e9rcio e \u00e1reas de tratamento interligados por galerias \u2014 reflete a ambi\u00e7\u00e3o de integrar perfeitamente os espa\u00e7os p\u00fablicos com jardins, parques e a paisagem ribeirinha. No s\u00e9culo XIX, tel\u00e9grafos, telefones e transportes de \u00faltima gera\u00e7\u00e3o, al\u00e9m de lojas de luxo e diversos hot\u00e9is, dotaram a cidade de confortos n\u00e3o encontrados nem mesmo em algumas grandes cidades.<\/p>\n<p>Administrativamente, desde 2016, Bad Kissingen formou um centro regional conjunto com Bad Neustadt, abrigando autoridades estaduais da Baviera e oferecendo espa\u00e7os para confer\u00eancias que capitalizam sua localiza\u00e7\u00e3o central. A arquitetura religiosa reflete seu passado cosmopolita: a barroca Igreja de Santiago ostenta ru\u00ednas de uma torre do s\u00e9culo XIV sob estuque do s\u00e9culo XVIII, a bas\u00edlica neog\u00f3tica do Sagrado Cora\u00e7\u00e3o (consagrada em 1884) eleva-se 67 metros em dire\u00e7\u00e3o ao c\u00e9u, e igrejas protestantes, anglicanas e ortodoxas russas do s\u00e9culo XIX atestam uma clientela pluralista. A presen\u00e7a judaica, registrada no s\u00e9culo XIII, \u00e9 comemorada hoje em uma exposi\u00e7\u00e3o permanente no Centro Comunit\u00e1rio Judaico.<\/p>\n<p>Ao atravessar o Saale da Franc\u00f4nia, os visitantes encontram cinco pontes rodovi\u00e1rias e doze passarelas, incluindo uma ponte antiderrapante para cavalos em Schweizer Haus; duas art\u00e9rias rodovi\u00e1rias (A 7 e A 71) ficam ao alcance, ao longo das rodovias federais B 286 e B 287. A um quil\u00f4metro ao norte da cidade fica o aeroporto de Bad Kissingen. De abril a outubro, a linha de dilig\u00eancias para Bad Bocklet oferece uma conex\u00e3o viva com viagens antigas; \u00f4nibus urbanos e regionais \u2014 gratuitos com um cart\u00e3o de spa \u2014 atendem rotas locais, enquanto o navio a vapor Saaleschiffahrt desliza entre Rosengarten e Unterer Saline. A esta\u00e7\u00e3o terminal da cidade une as linhas Gem\u00fcnden\u2013Bad Kissingen e Ebenhausen\u2013Bad Kissingen, com servi\u00e7os diretos para Schweinfurt, W\u00fcrzburg, Bamberg, Frankfurt e al\u00e9m.<\/p>\n<p>Para vistas panor\u00e2micas, as torres g\u00eameas do Castelo de Botenlauben erguem-se em uma crista a sudeste, com suas muralhas do s\u00e9culo XII evocando a tradi\u00e7\u00e3o dos cruzados e as conflagra\u00e7\u00f5es da Guerra dos Camponeses; o Festival de Botenlauben, realizado anualmente em meados de setembro, anima essas ru\u00ednas. A oeste, o parque com 284 metros de altura e o pavilh\u00e3o de 1848 (o &#034;Bellevue&#034;) da colina Altenberg oferecem vistas do distrito termal coroado por um memorial a Sissi. Mais ao sul, a Torre do Jubileu de Wittelsbach, com 33 metros de altura, erguida em 1907 para marcar o centen\u00e1rio da Baviera, ergue-se no topo de Scheinberg, a 420 metros de altitude, com um mirante acess\u00edvel por 120 degraus.<\/p>\n<p>No n\u00facleo hist\u00f3rico, a Nova Prefeitura ocupa o antigo Castelo de Lochner-Heu\u00dflein (1707-1710), uma joia barroca de Dientzenhofer, convertida para uso municipal em 1929. Nas proximidades, a Antiga Prefeitura, em estilo renascentista, constru\u00edda em 1577, serve como centro de exposi\u00e7\u00f5es culturais. O patrim\u00f4nio industrial sobrevive em bombas de salmoura e em se\u00e7\u00f5es reconstru\u00eddas da torre de gradua\u00e7\u00e3o nas Salinas Inferiores, relembrando o legado milenar da cidade na produ\u00e7\u00e3o de sal. O s\u00edtio de Upper Saline, datado de 1767, abriga o Museu de Upper Saline e o Museu Bismarck, este \u00faltimo preservando a resid\u00eancia termal e a c\u00e2mara de ditado do chanceler.<\/p>\n<p>Monumentos espalhados pelos jardins do spa homenageiam figuras como o pavilh\u00e3o da Imperatriz Elisabeth e est\u00e1tuas dos Reis Ludwig I e Maximiliano II, do Chanceler Bismarck e do arquiteto Balthasar Neumann. Um memorial a Anton Boxberger ergue-se no roseiral, perto da Fonte Rakoczy. Torres de observa\u00e7\u00e3o \u2014 a Torre Bismarck em Sinnberg e a Torre Ludwig em Staffelsh\u00f6he \u2014 convidam \u00e0 contempla\u00e7\u00e3o silenciosa das colinas arborizadas e dos meandros do Saale abaixo.<\/p>\n<p>Os museus enriquecem a tape\u00e7aria hist\u00f3rica: o Departamento de Sal e Produ\u00e7\u00e3o de Sal do Museu Upper Saline explora mil\u00eanios de extra\u00e7\u00e3o; as se\u00e7\u00f5es Kissingen Spa e Toy World evocam a vida no spa; o Museu Julius Cardinal D\u00f6pfner, no antigo mosteiro, tra\u00e7a a heran\u00e7a eclesi\u00e1stica; e a exposi\u00e7\u00e3o do Centro Comunit\u00e1rio Judaico reconta s\u00e9culos de vida judaica aqui.<\/p>\n<p>O cora\u00e7\u00e3o pedestre de Bad Kissingen pulsa ao longo da Ludwigstra\u00dfe e da Marktstra\u00dfe, entre a Pra\u00e7a da Prefeitura, a Pra\u00e7a do Mercado e a Marienplatz, enquanto a Berliner Platz marca o centro de \u00f4nibus regional. A Theaterplatz fica em frente ao teatro termal; essas vielas interligadas guiam os visitantes do charme medieval ao esplendor termal. Os parques proporcionam relaxamento: o Salinenpromenade serpenteia de Hausen, passando pelas salinas e pela torre de formatura, at\u00e9 a passarela Schweizerhaus; os jardins termais, cercados pelo edif\u00edcio com arcadas, desdobram-se em torno de fontes, canteiros e palmeirais antes reservados \u00e0 realeza; e o Roseiral adjacente, nascido dos regulamentos termais de 1912, agora floresce com mais de 12.000 rosas em 155 variedades, coroadas todo m\u00eas de junho pela Rainha das Rosas no Baile das Rosas.<\/p>\n<p>Para atividades mais ativas, o KissSalis Therme oferece piscinas termais, parque de saunas e \u00e1reas de fitness; uma piscina coberta funciona nos meses de inverno; e a piscina no terra\u00e7o \u2014 reformada em 1988 \u2014 conta com uma raia de 50 metros, plataforma de mergulho e tobo\u00e1guas com vista para o Rh\u00f6n. O Parque de Vida Selvagem Klaushof e o segundo clube de golfe mais antigo da Baviera convidam a encontros com a natureza e o esporte.<\/p>\n<p>Ao longo de s\u00e9culos de transforma\u00e7\u00e3o, Bad Kissingen manteve sua ess\u00eancia como um lugar onde fontes minerais e aspira\u00e7\u00f5es humanas convergem. Sua hist\u00f3ria multifacetada \u2014 das antigas salinas e da supervis\u00e3o de abadias medievais aos passeios aristocr\u00e1ticos, \u00e0s revoltas de guerra e \u00e0 reinven\u00e7\u00e3o moderna \u2014 permanece palp\u00e1vel na arquitetura, nos rituais e na paisagem. Aqui, no vale do Saale da Franc\u00f4nia, a busca pela sa\u00fade moldou uma cidade que continua a acolher quem busca descanso, reflex\u00e3o e autenticidade \u2014 uma consist\u00eancia de esp\u00edrito t\u00e3o duradoura quanto suas fontes.<\/p>","protected":false},"excerpt":{"rendered":"<p>Bad Kissingen, uma pitoresca cidade termal aninhada na regi\u00e3o b\u00e1vara da Baixa Franc\u00f4nia, na Alemanha, ostenta uma rica hist\u00f3ria e uma popula\u00e7\u00e3o de aproximadamente 22.000 habitantes. Este local encantador, situado ao longo do rio Saale, na Franc\u00f4nia, e ao sul das montanhas do Rh\u00f6n, \u00e9 h\u00e1 muito tempo famoso por suas fontes termais curativas e recentemente ganhou reconhecimento internacional como parte do Patrim\u00f4nio Mundial da UNESCO &#034;Grandes Cidades Termais da Europa&#034;.<\/p>","protected":false},"author":1,"featured_media":17556,"parent":13736,"menu_order":0,"comment_status":"closed","ping_status":"closed","template":"elementor_theme","meta":{"_eb_attr":"","footnotes":""},"class_list":["post-16648","page","type-page","status-publish","has-post-thumbnail"],"_links":{"self":[{"href":"https:\/\/travelshelper.com\/pt\/wp-json\/wp\/v2\/pages\/16648","targetHints":{"allow":["GET"]}}],"collection":[{"href":"https:\/\/travelshelper.com\/pt\/wp-json\/wp\/v2\/pages"}],"about":[{"href":"https:\/\/travelshelper.com\/pt\/wp-json\/wp\/v2\/types\/page"}],"author":[{"embeddable":true,"href":"https:\/\/travelshelper.com\/pt\/wp-json\/wp\/v2\/users\/1"}],"replies":[{"embeddable":true,"href":"https:\/\/travelshelper.com\/pt\/wp-json\/wp\/v2\/comments?post=16648"}],"version-history":[{"count":0,"href":"https:\/\/travelshelper.com\/pt\/wp-json\/wp\/v2\/pages\/16648\/revisions"}],"up":[{"embeddable":true,"href":"https:\/\/travelshelper.com\/pt\/wp-json\/wp\/v2\/pages\/13736"}],"wp:featuredmedia":[{"embeddable":true,"href":"https:\/\/travelshelper.com\/pt\/wp-json\/wp\/v2\/media\/17556"}],"wp:attachment":[{"href":"https:\/\/travelshelper.com\/pt\/wp-json\/wp\/v2\/media?parent=16648"}],"curies":[{"name":"wp","href":"https:\/\/api.w.org\/{rel}","templated":true}]}}