{"id":16218,"date":"2024-09-22T18:20:15","date_gmt":"2024-09-22T18:20:15","guid":{"rendered":"https:\/\/travelshelper.com\/staging\/?page_id=16218"},"modified":"2026-03-11T22:53:01","modified_gmt":"2026-03-11T22:53:01","slug":"jachymov","status":"publish","type":"page","link":"https:\/\/travelshelper.com\/pt\/destinations\/europe\/czech-republic\/jachymov\/","title":{"rendered":"J\u00e1chymov"},"content":{"rendered":"<p>Aninhada no alto das Montanhas Ore, ao longo da fronteira tcheco-alem\u00e3, J\u00e1chymov ocupa um vale estreito a 733 metros acima do n\u00edvel do mar, ladeado por picos imponentes como Kl\u00ednovec (1.244 m) e Bo\u017e\u00eddarsk\u00fd \u0160pi\u010d\u00e1k (1.115 m). Apesar de uma popula\u00e7\u00e3o atual de aproximadamente 2.300 habitantes, as fachadas desgastadas e as ruas \u00edngremes e sinuosas da cidade lembram uma \u00e9poca em que ela estava entre os maiores centros urbanos do Reino da Bo\u00eamia. A converg\u00eancia de riqueza mineral, metalurgia pioneira e spas imbuiu este lugar de uma influ\u00eancia de longo alcance \u2014 sua cunhagem de prata emprestou seu nome ao t\u00e1ler e, por fim, ao d\u00f3lar; seu ur\u00e2nio testemunhou tanto avan\u00e7os cient\u00edficos quanto trag\u00e9dias humanas; e suas fontes ricas em rad\u00f4nio geraram os primeiros banhos terap\u00eauticos do mundo \u00e0 base de \u00e1guas radioativas.<\/p>\n<p>J\u00e1chymov come\u00e7ou como uma depress\u00e3o sem nome conhecida em alem\u00e3o simplesmente como &#034;Thal&#034;, ou &#034;vale&#034;. Isso mudou em 1516, quando Steffan Schlick fundou um assentamento sob o nome de Sankt Joachimsthal \u2014 &#034;Vale de S\u00e3o Joaquim&#034; \u2014 posteriormente tcheco para J\u00e1chymov. As paredes \u00edngremes do vale carregam as cicatrizes de s\u00e9culos de extra\u00e7\u00e3o, enquanto encostas arborizadas se elevam em dire\u00e7\u00e3o \u00e0s serras que outrora definiam as rotas comerciais entre a Bo\u00eamia e a Sax\u00f4nia. Hoje, a cidade \u00e9 dividida em cinco partes municipais \u2014 J\u00e1chymov propriamente dita, Mari\u00e1nsk\u00e1, Nov\u00e9 M\u011bsto, Such\u00e1 e Vr\u0161ek \u2014 cada uma refletindo camadas de desenvolvimento que acompanharam ondas sucessivas de mineradores, patronos nobres e, mais tarde, visitantes em busca de sa\u00fade.<\/p>\n<p>A descoberta do min\u00e9rio de prata em 1512 transformou J\u00e1chymov quase da noite para o dia. Sob o patroc\u00ednio da fam\u00edlia Schlick, seguiu-se um r\u00e1pido crescimento populacional e, em 1534, a cidade ostentava cerca de 20.000 habitantes \u2014 tornando-se a segunda mais populosa da Bo\u00eamia. A cunhagem tornou-se central para a ind\u00fastria local: a partir de 1520, moedas de prata conhecidas como Joachimsthalers eram laminadas em prensas da casa da moeda instaladas em uma instala\u00e7\u00e3o real constru\u00edda entre 1533 e 1536. Esses &#034;thalers&#034; circularam por toda a Europa, e seu nome se transformou em &#034;tolar&#034; em tcheco, &#034;daalder&#034; em holand\u00eas e, por fim, &#034;dollar&#034; em ingl\u00eas. Quando Fernando I confiscou os direitos de minera\u00e7\u00e3o em 1528, os Condes de Schlick perderam seu monop\u00f3lio, mas a lenda do Joachimsthaler perdurou, e seu legado lingu\u00edstico perdurou em moedas ao redor do mundo.<\/p>\n<p>As formid\u00e1veis \u200b\u200bopera\u00e7\u00f5es de fundi\u00e7\u00e3o de J\u00e1chymov atra\u00edram Georgius Agricola, o m\u00e9dico e naturalista alem\u00e3o cujas observa\u00e7\u00f5es entre 1527 e 1531 lan\u00e7aram as bases para a mineralogia moderna. Ele documentou projetos de fornos, t\u00e9cnicas de separa\u00e7\u00e3o de min\u00e9rios e a qu\u00edmica da fundi\u00e7\u00e3o, publicando suas descobertas em De re metallica (1556). O trabalho de Agricola guiaria gera\u00e7\u00f5es de metal\u00fargicos. No entanto, os mesmos processos que enriqueceram a Bo\u00eamia tamb\u00e9m traziam perigos: os mineiros inalavam poeira nociva e suportavam condi\u00e7\u00f5es \u00e1rduas, prenunciando relatos posteriores de doen\u00e7as ocupacionais.<\/p>\n<p>A agita\u00e7\u00e3o religiosa obscureceu a prosperidade de J\u00e1chymov. A cidade abra\u00e7ou o luteranismo na d\u00e9cada de 1520, construindo a Igreja de S\u00e3o Joaquim (1534-1540) como o primeiro santu\u00e1rio protestante no Reino da Bo\u00eamia. Com a Guerra de Esmalcalda, as tropas sax\u00e3s ocuparam o vale e, ap\u00f3s a Contrarreforma de 1621, muitas fam\u00edlias luteranas fugiram para territ\u00f3rios sax\u00f5es. Posteriormente, os ritos cat\u00f3licos prevaleceram, e J\u00e1chymov tornou-se um centro distrital dos Habsburgos dentro da \u00c1ustria-Hungria at\u00e9 a dissolu\u00e7\u00e3o do imp\u00e9rio em 1918. Embora a prata tenha permanecido importante ao longo do s\u00e9culo XVIII, a expans\u00e3o da minera\u00e7\u00e3o de n\u00edquel, bismuto, chumbo, ars\u00eanio, cobalto, estanho e, no s\u00e9culo XIX, de ur\u00e2nio, diversificou a economia extrativa local.<\/p>\n<p>Em meados do s\u00e9culo XIX, surgiram novas ind\u00fastrias al\u00e9m da minera\u00e7\u00e3o: pigmentos \u00e0 base de ur\u00e2nio e uma f\u00e1brica de tabaco foram inauguradas em 1856 e 1860, respectivamente. Em 1873, um inc\u00eandio devastador destruiu grandes \u00e1reas do n\u00facleo urbano. A reconstru\u00e7\u00e3o introduziu fachadas barrocas e neocl\u00e1ssicas sobre as estruturas renascentistas remanescentes. A casa patr\u00edcia n\u00ba 131, datada por volta de 1520, abrigou a farm\u00e1cia mais antiga da Bo\u00eamia. A prefeitura, originalmente erguida na d\u00e9cada de 1530 em uma antiga resid\u00eancia de Schlick, ganhou toques de Art Nouveau em 1901-1902 e agora abriga uma rara biblioteca escolar de latim em seu por\u00e3o abobadado.<\/p>\n<p>Em 1898, em um dep\u00f3sito de rejeitos de uraninita, Maria Sk\u0142odowska-Curie identificou um novo elemento \u2014 o r\u00e1dio \u2014, transformando J\u00e1chymov na principal fonte mundial desse metal precioso at\u00e9 a Primeira Guerra Mundial. Uma d\u00e9cada depois, em 1929, o m\u00e9dico internista de Praga, Dr. Josef L\u00f6wy, associou &#034;emana\u00e7\u00f5es misteriosas&#034; nas minas ao c\u00e2ncer de pulm\u00e3o entre os mineiros. Apesar da melhoria na ventila\u00e7\u00e3o, dos sistemas de pulveriza\u00e7\u00e3o de \u00e1gua e do aumento da remunera\u00e7\u00e3o, a morbidade permaneceu alta. Relatos publicados desse per\u00edodo registram uma expectativa de vida m\u00e9dia de aproximadamente 42 anos entre os trabalhadores da minera\u00e7\u00e3o de ur\u00e2nio. Essas estat\u00edsticas sombrias prenunciavam os cap\u00edtulos mais sombrios do s\u00e9culo XX.<\/p>\n<p>Ap\u00f3s o Acordo de Munique de 1938, J\u00e1chymov foi anexada pela Alemanha nazista. O ur\u00e2nio extra\u00eddo entre 1939 e 1945 alimentou as ambi\u00e7\u00f5es nucleares do Terceiro Reich, que, em \u00faltima an\u00e1lise, n\u00e3o conseguiu construir um reator funcional. Concomitantemente, campos de trabalho for\u00e7ado surgiram ao redor das minas. Prisioneiros de guerra sovi\u00e9ticos suportaram condi\u00e7\u00f5es brutais, assim como os presos pol\u00edticos tchecos mantidos sob o regime comunista ap\u00f3s 1948. A minera\u00e7\u00e3o persistiu at\u00e9 1964, deixando um legado de contamina\u00e7\u00e3o ambiental e humana.<\/p>\n<p>Paralelamente \u00e0 sua heran\u00e7a mineradora, J\u00e1chymov cultivava uma tradi\u00e7\u00e3o de hidroterapia. Uma fonte com \u00e1gua rica em rad\u00f4nio foi explorada em 1864, mas foi somente em 1906 que o primeiro spa de rad\u00f4nio da Europa foi inaugurado. Inspirado nas vizinhas Karlovy Vary e Mari\u00e1nsk\u00e9 L\u00e1zn\u011b, o Centro Termal Agricola (1906-1911) utilizou a radioatividade da fonte \u2014 com base na hip\u00f3tese contestada da hormese por radia\u00e7\u00e3o \u2014 para tratar doen\u00e7as neurol\u00f3gicas, reum\u00e1ticas, dermatoses e at\u00e9 mesmo condi\u00e7\u00f5es metab\u00f3licas, como gota e diabetes. Hoje, sob supervis\u00e3o m\u00e9dica, os visitantes mergulham em banhos carregados com rad\u00f4nio dissolvido (\u00b2\u00b2\u00b2Rn), acreditando em seus efeitos analg\u00e9sicos e anti-inflamat\u00f3rios, apesar do debate em curso na comunidade cient\u00edfica.<\/p>\n<p>Com a maioria das opera\u00e7\u00f5es de minera\u00e7\u00e3o fechadas, a mina Svornost \u2014 fundada em 1525 \u2014 continua sendo a mina em funcionamento mais antiga da Europa. Em outros lugares, o complexo Eduard foi reaproveitado como um centro de biatlo, oferecendo instala\u00e7\u00f5es de esqui e tiro em quil\u00f4metros de trilhas. A inclus\u00e3o de J\u00e1chymov na inscri\u00e7\u00e3o da Regi\u00e3o de Minera\u00e7\u00e3o da Montanha do Min\u00e9rio como Patrim\u00f4nio Mundial da UNESCO reconhece uma paisagem cultural rica em monumentos t\u00e9cnicos: po\u00e7os de minas, montes de esc\u00f3ria, fundi\u00e7\u00f5es e sistemas de gest\u00e3o de \u00e1gua. O Museu da Casa da Moeda Real J\u00e1chymov, instalado no pr\u00e9dio da casa da moeda do s\u00e9culo XVI, registra t\u00e9cnicas de cunhagem e a hist\u00f3ria monet\u00e1ria. A Coluna da Sant\u00edssima Trindade (1703) permanece como sentinela na pra\u00e7a da cidade, enquanto o adjacente Castelo de Freudenstein \u2014 outrora uma fortaleza defensiva constru\u00edda por volta de 1520 \u2014 preserva duas torres (a Torre de Schlick e a chamada Prach\u00e1rna) de suas muralhas em ru\u00ednas.<\/p>\n<p>A zona de monumentos urbanos da cidade preserva um conjunto cont\u00edguo de casas burguesas com portais intrincados, cujos n\u00facleos renascentistas foram envolvidos por reformas barrocas e neocl\u00e1ssicas. Entre os locais sagrados est\u00e3o a Igreja de Todos os Santos (in\u00edcio do Renascimento, 1520), not\u00e1vel por suas se\u00e7\u00f5es em enxaimel; a Igreja de S\u00e3o Joaquim, que evoluiu de seu projeto luterano original por meio de uma reforma barroca (1764-1785) e uma reconstru\u00e7\u00e3o pseudog\u00f3tica ap\u00f3s um inc\u00eandio na d\u00e9cada de 1870; e a igreja evang\u00e9lica (1904), um exemplo not\u00e1vel de forma pseudorenascentista. A arquitetura termal enriquece ainda mais o tecido urbano: o neocl\u00e1ssico Radium Palace Hotel (1912) recebeu luminares como o compositor Richard Strauss, o estadista Tom\u00e1\u0161 G. Masaryk e o rei Fuad I do Egito. Um monumento de 1966 do escultor Karel Lidick\u00fd comemora o trabalho dos Curie aqui, e sua inscri\u00e7\u00e3o marca a heran\u00e7a do r\u00e1dio de J\u00e1chymov.<\/p>\n<p>A J\u00e1chymov de hoje equilibra lembran\u00e7as com recrea\u00e7\u00e3o. Sem liga\u00e7\u00e3o ferrovi\u00e1ria, depende da rodovia I\/25 para acesso e de um servi\u00e7o de \u00f4nibus para Karlovy Vary. No inverno, tr\u00eas esta\u00e7\u00f5es de esqui \u2014 Novako, Kl\u00ednovec e Kl\u00ednovec-Neklid \u2014 atraem entusiastas de esqui alpino e cross-country, enquanto a pista de biatlo em Eduard relembra o passado austero das minas, reaproveitado para o esporte. O Parque Aqu\u00e1tico Georgius Agricola oferece lazer em ambientes fechados, e seu nome homenageia o ancestral cient\u00edfico da cidade. Cercada por densas florestas de con\u00edferas e pastagens de altitude, J\u00e1chymov oferece um encontro em camadas: o eco de picaretas no subsolo, o aroma de pinheiros no ar da montanha e o zumbido abafado das modernas instala\u00e7\u00f5es de spa. Em suas fachadas de pedra e ruas sinuosas, a cidade preserva os ecos de lingotes de prata, caldeir\u00f5es de min\u00e9rio derretido, ganhadores do Pr\u00eamio Nobel e prisioneiros cujas vidas estavam ligadas \u00e0s suas veias subterr\u00e2neas.<\/p>\n<p>A narrativa de J\u00e1chymov n\u00e3o \u00e9 um triunfo ininterrupto nem uma trag\u00e9dia incessante, mas uma tape\u00e7aria de ambi\u00e7\u00e3o humana \u2014 econ\u00f4mica, cient\u00edfica, pol\u00edtica e terap\u00eautica \u2014 tecida no terreno irregular das Montanhas Metal\u00edferas. Suas moedas moldaram o com\u00e9rcio global; seu r\u00e1dio alimentou tanto o otimismo m\u00e9dico quanto o sofrimento humano; suas fontes sustentaram a f\u00e9 em fontes subterr\u00e2neas de cura. O vale que outrora deu origem a uma moeda hom\u00f4nima agora convida \u00e0 reflex\u00e3o sobre a complexa intera\u00e7\u00e3o entre recursos, ind\u00fastria e comunidade. Em meio a pedras recortadas e n\u00e9voas de inverno, J\u00e1chymov perdura como um testemunho da adapta\u00e7\u00e3o, da mem\u00f3ria e da resson\u00e2ncia duradoura do lugar.<\/p>","protected":false},"excerpt":{"rendered":"<p>J\u00e1chymov, uma pequena cidade termal localizada na regi\u00e3o de Karlovy Vary, na Rep\u00fablica Tcheca, tem uma popula\u00e7\u00e3o de cerca de 2.400 habitantes. Este assentamento hist\u00f3rico, localizado nas Montanhas Metal\u00edferas, influenciou significativamente a hist\u00f3ria europeia, especialmente nas \u00e1reas de minera\u00e7\u00e3o, economia e ci\u00eancias da sa\u00fade.<\/p>","protected":false},"author":1,"featured_media":29465,"parent":14322,"menu_order":0,"comment_status":"closed","ping_status":"closed","template":"elementor_theme","meta":{"_eb_attr":"","footnotes":""},"class_list":["post-16218","page","type-page","status-publish","has-post-thumbnail"],"_links":{"self":[{"href":"https:\/\/travelshelper.com\/pt\/wp-json\/wp\/v2\/pages\/16218","targetHints":{"allow":["GET"]}}],"collection":[{"href":"https:\/\/travelshelper.com\/pt\/wp-json\/wp\/v2\/pages"}],"about":[{"href":"https:\/\/travelshelper.com\/pt\/wp-json\/wp\/v2\/types\/page"}],"author":[{"embeddable":true,"href":"https:\/\/travelshelper.com\/pt\/wp-json\/wp\/v2\/users\/1"}],"replies":[{"embeddable":true,"href":"https:\/\/travelshelper.com\/pt\/wp-json\/wp\/v2\/comments?post=16218"}],"version-history":[{"count":0,"href":"https:\/\/travelshelper.com\/pt\/wp-json\/wp\/v2\/pages\/16218\/revisions"}],"up":[{"embeddable":true,"href":"https:\/\/travelshelper.com\/pt\/wp-json\/wp\/v2\/pages\/14322"}],"wp:featuredmedia":[{"embeddable":true,"href":"https:\/\/travelshelper.com\/pt\/wp-json\/wp\/v2\/media\/29465"}],"wp:attachment":[{"href":"https:\/\/travelshelper.com\/pt\/wp-json\/wp\/v2\/media?parent=16218"}],"curies":[{"name":"wp","href":"https:\/\/api.w.org\/{rel}","templated":true}]}}