{"id":15986,"date":"2024-09-22T01:16:31","date_gmt":"2024-09-22T01:16:31","guid":{"rendered":"https:\/\/travelshelper.com\/staging\/?page_id=15986"},"modified":"2024-09-22T01:19:54","modified_gmt":"2024-09-22T01:19:54","slug":"termos-e-condicoes","status":"publish","type":"page","link":"https:\/\/travelshelper.com\/pt\/terms-and-conditions\/","title":{"rendered":"Termos e Condi\u00e7\u00f5es"},"content":{"rendered":"<div data-elementor-type=\"wp-page\" data-elementor-id=\"15986\" class=\"elementor elementor-15986\">\n\t\t\t\t<div class=\"elementor-element elementor-element-1aa50f8 e-flex e-con-boxed e-con e-parent\" data-id=\"1aa50f8\" data-element_type=\"container\" data-e-type=\"container\">\n\t\t\t\t\t<div class=\"e-con-inner\">\n\t\t<div class=\"elementor-element elementor-element-36c71f6b e-con-full e-flex e-con e-child\" data-id=\"36c71f6b\" data-element_type=\"container\" data-e-type=\"container\">\n\t\t\t\t<div class=\"elementor-element elementor-element-21e4fe46 elementor-widget elementor-widget-text-editor\" data-id=\"21e4fe46\" data-element_type=\"widget\" data-e-type=\"widget\" data-widget_type=\"text-editor.default\">\n\t\t\t\t\t\t\t\t\t<h1>Termos e Condi\u00e7\u00f5es<\/h1>\n<p><\/p>\n<p>\u00daltima atualiza\u00e7\u00e3o: 26\/09\/2024<\/p>\n<p><\/p>\n<p>1.\u00a0<strong>Introdu\u00e7\u00e3o<\/strong><\/p>\n<p><\/p>\n<p>Bem-vindo ao\u00a0<strong>Ajudante de viagem S<\/strong>\u00a0(\u201cEmpresa\u201d, \u201cn\u00f3s\u201d, \u201cnosso\u201d, \u201cnos\u201d)!<\/p>\n<p><\/p>\n<p>Estes Termos de Servi\u00e7o (\u201cTermos\u201d, \u201cTermos de Servi\u00e7o\u201d) regem o uso do nosso site localizado em\u00a0<strong>https:\/\/travelshelper.com<\/strong>\u00a0(em conjunto ou individualmente \u201cServi\u00e7o\u201d) operado por\u00a0<strong>Ajudante de viagem S<\/strong>.<\/p>\n<p><\/p>\n<p>Nossa Pol\u00edtica de Privacidade tamb\u00e9m rege o uso do nosso Servi\u00e7o e explica como coletamos, protegemos e divulgamos informa\u00e7\u00f5es resultantes do uso de nossas p\u00e1ginas da web.<\/p>\n<p><\/p>\n<p>Seu contrato conosco inclui estes Termos e nossa Pol\u00edtica de Privacidade (\u201cContratos\u201d). Voc\u00ea reconhece que leu e compreendeu os Contratos e concorda em se comprometer com eles.<\/p>\n<p><\/p>\n<p>Se voc\u00ea n\u00e3o concordar (ou n\u00e3o puder cumprir) os Contratos, n\u00e3o poder\u00e1 usar o Servi\u00e7o, mas informe-nos enviando um e-mail para\u00a0<strong>office@travelshelper.com<\/strong>\u00a0para que possamos tentar encontrar uma solu\u00e7\u00e3o. Estes Termos se aplicam a todos os visitantes, usu\u00e1rios e outras pessoas que desejam acessar ou utilizar o Servi\u00e7o.<\/p>\n<p><\/p>\n<p>2.\u00a0<strong>Comunica\u00e7\u00f5es<\/strong><\/p>\n<p><\/p>\n<p>Ao utilizar nosso Servi\u00e7o, voc\u00ea concorda em assinar newsletters, materiais de marketing ou promocionais e outras informa\u00e7\u00f5es que possamos enviar. No entanto, voc\u00ea pode optar por n\u00e3o receber nenhuma ou todas essas comunica\u00e7\u00f5es acessando o link de cancelamento de assinatura ou enviando um e-mail para office@travelshelper.com.<\/p>\n<p><\/p>\n<p>3.\u00a0<strong>Concursos, sorteios e promo\u00e7\u00f5es<\/strong><\/p>\n<p><\/p>\n<p>Quaisquer concursos, sorteios ou outras promo\u00e7\u00f5es (coletivamente, &#034;Promo\u00e7\u00f5es&#034;) disponibilizados atrav\u00e9s do Servi\u00e7o podem ser regidos por regras distintas destes Termos de Servi\u00e7o. Se voc\u00ea participar de qualquer Promo\u00e7\u00e3o, consulte as regras aplic\u00e1veis, bem como nossa Pol\u00edtica de Privacidade. Caso as regras de uma Promo\u00e7\u00e3o entrem em conflito com estes Termos de Servi\u00e7o, as regras da Promo\u00e7\u00e3o ser\u00e3o aplicadas.<\/p>\n<p><\/p>\n<p>4.\u00a0<strong>Contente<\/strong><\/p>\n<p><\/p>\n<p>Nosso Servi\u00e7o permite que voc\u00ea publique, vincule, armazene, compartilhe e disponibilize de outra forma determinadas informa\u00e7\u00f5es, textos, gr\u00e1ficos, v\u00eddeos ou outros materiais (\u201cConte\u00fado\u201d). Voc\u00ea \u00e9 respons\u00e1vel pelo Conte\u00fado que publica no Servi\u00e7o ou por meio dele, incluindo sua legalidade, confiabilidade e adequa\u00e7\u00e3o.<\/p>\n<p><\/p>\n<p>Ao publicar Conte\u00fado no Servi\u00e7o ou por meio dele, Voc\u00ea declara e garante que: (i) o Conte\u00fado \u00e9 seu (voc\u00ea o possui) e\/ou voc\u00ea tem o direito de us\u00e1-lo e o direito de nos conceder os direitos e a licen\u00e7a conforme previsto nestes Termos, e (ii) que a publica\u00e7\u00e3o do seu Conte\u00fado no Servi\u00e7o ou por meio dele n\u00e3o viola os direitos de privacidade, direitos de publicidade, direitos autorais, direitos contratuais ou quaisquer outros direitos de qualquer pessoa ou entidade. Reservamo-nos o direito de encerrar a conta de qualquer pessoa que infrinja direitos autorais.<\/p>\n<p><\/p>\n<p>Voc\u00ea ret\u00e9m todos os seus direitos sobre qualquer Conte\u00fado que enviar, publicar ou exibir no Servi\u00e7o ou por meio dele, sendo respons\u00e1vel por proteger esses direitos. N\u00e3o assumimos qualquer responsabilidade pelo Conte\u00fado que voc\u00ea ou terceiros publicarem no Servi\u00e7o ou por meio dele. No entanto, ao publicar Conte\u00fado usando o Servi\u00e7o, voc\u00ea nos concede o direito e a licen\u00e7a para usar, modificar, executar publicamente, exibir publicamente, reproduzir e distribuir tal Conte\u00fado no Servi\u00e7o e por meio dele. Voc\u00ea concorda que esta licen\u00e7a inclui o direito de disponibilizarmos seu Conte\u00fado a outros usu\u00e1rios do Servi\u00e7o, que tamb\u00e9m podem usar seu Conte\u00fado sujeito a estes Termos.<\/p>\n<p><\/p>\n<p>O Travel S Helper tem o direito, mas n\u00e3o a obriga\u00e7\u00e3o, de monitorar e editar todo o Conte\u00fado fornecido pelos usu\u00e1rios.<\/p>\n<p><\/p>\n<p>Al\u00e9m disso, o Conte\u00fado encontrado neste Servi\u00e7o ou por meio dele \u00e9 propriedade da Travel S Helper ou utilizado com permiss\u00e3o. Voc\u00ea n\u00e3o pode distribuir, modificar, transmitir, reutilizar, baixar, republicar, copiar ou usar o referido Conte\u00fado, no todo ou em parte, para fins comerciais ou para ganho pessoal, sem nossa autoriza\u00e7\u00e3o pr\u00e9via e expressa por escrito.<\/p>\n<p><\/p>\n<p>5.\u00a0<strong>Usos Proibidos<\/strong><\/p>\n<p><\/p>\n<p>Voc\u00ea poder\u00e1 utilizar o Servi\u00e7o apenas para fins legais e de acordo com os Termos. Voc\u00ea concorda em n\u00e3o utilizar o Servi\u00e7o:<\/p>\n<p><\/p>\n<p>0.1. De qualquer forma que viole qualquer lei ou regulamento nacional ou internacional aplic\u00e1vel.<\/p>\n<p><\/p>\n<p>0.2. Com a finalidade de explorar, prejudicar ou tentar explorar ou prejudicar menores de qualquer forma, expondo-os a conte\u00fado inapropriado ou de outra forma.<\/p>\n<p><\/p>\n<p>0.3. Transmitir ou providenciar o envio de qualquer material publicit\u00e1rio ou promocional, incluindo \u201clixo eletr\u00f4nico\u201d, \u201ccarta em cadeia\u201d, \u201cspam\u201d ou qualquer outra solicita\u00e7\u00e3o semelhante.<\/p>\n<p><\/p>\n<p>0.4. Personificar ou tentar personificar a Empresa, um funcion\u00e1rio da Empresa, outro usu\u00e1rio ou qualquer outra pessoa ou entidade.<\/p>\n<p><\/p>\n<p>0.5. De qualquer forma que infrinja os direitos de terceiros, ou que seja ilegal, amea\u00e7ador, fraudulento ou prejudicial, ou em conex\u00e3o com qualquer prop\u00f3sito ou atividade il\u00edcita, fraudulenta ou prejudicial.<\/p>\n<p><\/p>\n<p>0.6. Envolver-se em qualquer outra conduta que restrinja ou iniba o uso ou o desfrute do Servi\u00e7o por qualquer pessoa, ou que, conforme determinado por n\u00f3s, possa prejudicar ou ofender a Empresa ou os usu\u00e1rios do Servi\u00e7o ou exp\u00f4-los a responsabilidades.<\/p>\n<p><\/p>\n<p>Al\u00e9m disso, voc\u00ea concorda em n\u00e3o:<\/p>\n<p><\/p>\n<p>0.1. Usar o Servi\u00e7o de qualquer maneira que possa desabilitar, sobrecarregar, danificar ou prejudicar o Servi\u00e7o ou interferir no uso do Servi\u00e7o por terceiros, incluindo sua capacidade de se envolver em atividades em tempo real por meio do Servi\u00e7o.<\/p>\n<p><\/p>\n<p>0.2. Usar qualquer rob\u00f4, spider ou outro dispositivo, processo ou meio autom\u00e1tico para acessar o Servi\u00e7o para qualquer finalidade, incluindo monitorar ou copiar qualquer material do Servi\u00e7o.<\/p>\n<p><\/p>\n<p>0.3. Utilizar qualquer processo manual para monitorar ou copiar qualquer material do Servi\u00e7o ou para qualquer outro prop\u00f3sito n\u00e3o autorizado sem o nosso consentimento pr\u00e9vio por escrito.<\/p>\n<p><\/p>\n<p>0.4. Usar qualquer dispositivo, software ou rotina que interfira no funcionamento adequado do Servi\u00e7o.<\/p>\n<p><\/p>\n<p>0.5. Introduzir v\u00edrus, cavalos de Troia, worms, bombas l\u00f3gicas ou outros materiais maliciosos ou tecnologicamente prejudiciais.<\/p>\n<p><\/p>\n<p>0.6. Tentar obter acesso n\u00e3o autorizado, interferir, danificar ou interromper qualquer parte do Servi\u00e7o, o servidor no qual o Servi\u00e7o est\u00e1 armazenado ou qualquer servidor, computador ou banco de dados conectado ao Servi\u00e7o.<\/p>\n<p><\/p>\n<p>0.7. Ataque o servi\u00e7o por meio de um ataque de nega\u00e7\u00e3o de servi\u00e7o ou um ataque de nega\u00e7\u00e3o de servi\u00e7o distribu\u00eddo.<\/p>\n<p><\/p>\n<p>0.8. Tomar qualquer a\u00e7\u00e3o que possa prejudicar ou falsificar a classifica\u00e7\u00e3o da Empresa.<\/p>\n<p><\/p>\n<p>0.9. Tentar interferir de qualquer outra forma no funcionamento adequado do Servi\u00e7o.<\/p>\n<p><\/p>\n<p>6.\u00a0<strong>An\u00e1lise<\/strong><\/p>\n<p><\/p>\n<p>Podemos usar provedores de servi\u00e7os terceirizados para monitorar e analisar o uso do nosso servi\u00e7o.<\/p>\n<p><\/p>\n<p>7.\u00a0<strong>Proibido o uso por menores<\/strong><\/p>\n<p><\/p>\n<p>O Servi\u00e7o destina-se apenas ao acesso e uso por indiv\u00edduos com pelo menos dezoito (18) anos de idade. Ao acessar ou utilizar o Servi\u00e7o, voc\u00ea garante e declara que tem pelo menos dezoito (18) anos de idade e plena autoridade, direito e capacidade para celebrar este contrato e cumprir todos os termos e condi\u00e7\u00f5es dos Termos. Se voc\u00ea n\u00e3o tiver pelo menos dezoito (18) anos de idade, estar\u00e1 proibido de acessar e utilizar o Servi\u00e7o.<\/p>\n<p><\/p>\n<p>8.\u00a0<strong>Propriedade intelectual<\/strong><\/p>\n<p><\/p>\n<p>O Servi\u00e7o e seu conte\u00fado original (excluindo o Conte\u00fado fornecido pelos usu\u00e1rios), recursos e funcionalidades s\u00e3o e permanecer\u00e3o propriedade exclusiva da Travel S Helper e seus licenciadores. O Servi\u00e7o \u00e9 protegido por direitos autorais, marcas registradas e outras leis de pa\u00edses estrangeiros. Nossas marcas registradas n\u00e3o podem ser usadas em conex\u00e3o com nenhum produto ou servi\u00e7o sem o consentimento pr\u00e9vio por escrito da Travel S Helper.<\/p>\n<p><\/p>\n<p>9.\u00a0<strong>Pol\u00edtica de direitos autorais<\/strong><\/p>\n<p><\/p>\n<p>Respeitamos os direitos de propriedade intelectual de terceiros. \u00c9 nossa pol\u00edtica responder a qualquer reclama\u00e7\u00e3o de que o Conte\u00fado publicado no Servi\u00e7o infringe os direitos autorais ou outros direitos de propriedade intelectual (\u201cViola\u00e7\u00e3o\u201d) de qualquer pessoa ou entidade.<\/p>\n<p><\/p>\n<p>Se voc\u00ea for detentor de direitos autorais ou estiver autorizado em nome de um, e acreditar que o trabalho protegido por direitos autorais foi copiado de uma forma que constitui viola\u00e7\u00e3o de direitos autorais, envie sua reclama\u00e7\u00e3o por e-mail para office@travelshelper.com, com o assunto: \u201cViola\u00e7\u00e3o de direitos autorais\u201d e inclua em sua reclama\u00e7\u00e3o uma descri\u00e7\u00e3o detalhada da suposta viola\u00e7\u00e3o, conforme detalhado abaixo, em \u201cNotifica\u00e7\u00e3o e procedimento do DMCA para reivindica\u00e7\u00f5es de viola\u00e7\u00e3o de direitos autorais\u201d.<\/p>\n<p><\/p>\n<p>Voc\u00ea pode ser responsabilizado por danos (incluindo custos e honor\u00e1rios advocat\u00edcios) por deturpa\u00e7\u00e3o ou reivindica\u00e7\u00f5es de m\u00e1-f\u00e9 sobre a viola\u00e7\u00e3o de qualquer Conte\u00fado encontrado no e\/ou por meio do Servi\u00e7o de seus direitos autorais.<\/p>\n<p><\/p>\n<p>10.\u00a0<strong>Aviso DMCA e procedimento para reclama\u00e7\u00f5es de viola\u00e7\u00e3o de direitos autorais<\/strong><\/p>\n<p><\/p>\n<p>Voc\u00ea pode enviar uma notifica\u00e7\u00e3o de acordo com o Digital Millennium Copyright Act (DMCA) fornecendo ao nosso Agente de Direitos Autorais as seguintes informa\u00e7\u00f5es por escrito (consulte 17 USC 512(c)(3) para mais detalhes):<\/p>\n<p><\/p>\n<p>0.1. uma assinatura eletr\u00f4nica ou f\u00edsica da pessoa autorizada a agir em nome do propriet\u00e1rio do interesse dos direitos autorais;<\/p>\n<p><\/p>\n<p>0.2. uma descri\u00e7\u00e3o do trabalho protegido por direitos autorais que voc\u00ea alega ter sido violado, incluindo o URL (ou seja, endere\u00e7o da p\u00e1gina da web) do local onde o trabalho protegido por direitos autorais existe ou uma c\u00f3pia do trabalho protegido por direitos autorais;<\/p>\n<p><\/p>\n<p>0.3. identifica\u00e7\u00e3o da URL ou outro local espec\u00edfico no Servi\u00e7o onde o material que voc\u00ea alega estar infringindo est\u00e1 localizado;<\/p>\n<p><\/p>\n<p>0.4. seu endere\u00e7o, n\u00famero de telefone e endere\u00e7o de e-mail;<\/p>\n<p><\/p>\n<p>0.5. uma declara\u00e7\u00e3o sua de que voc\u00ea acredita de boa-f\u00e9 que o uso contestado n\u00e3o \u00e9 autorizado pelo propriet\u00e1rio dos direitos autorais, seu agente ou pela lei;<\/p>\n<p><\/p>\n<p>0.6. uma declara\u00e7\u00e3o sua, feita sob pena de perj\u00fario, de que as informa\u00e7\u00f5es acima em seu aviso s\u00e3o precisas e que voc\u00ea \u00e9 o detentor dos direitos autorais ou est\u00e1 autorizado a agir em nome do detentor dos direitos autorais.<\/p>\n<p><\/p>\n<p>Voc\u00ea pode entrar em contato com nosso Agente de Direitos Autorais por e-mail em office@travelshelper.com.<\/p>\n<p><\/p>\n<p>11.\u00a0<strong>Relat\u00f3rio de erros e feedback<\/strong><\/p>\n<p><\/p>\n<p>Voc\u00ea pode nos fornecer, diretamente pelo e-mail office@travelshelper.com ou por meio de sites e ferramentas de terceiros, informa\u00e7\u00f5es e feedback sobre erros, sugest\u00f5es de melhorias, ideias, problemas, reclama\u00e7\u00f5es e outros assuntos relacionados ao nosso Servi\u00e7o (\u201cFeedback\u201d). Voc\u00ea reconhece e concorda que: (i) voc\u00ea n\u00e3o reter\u00e1, adquirir\u00e1 ou reivindicar\u00e1 qualquer direito de propriedade intelectual ou outro direito, t\u00edtulo ou interesse no Feedback; (ii) a Empresa pode ter ideias de desenvolvimento semelhantes ao Feedback; (iii) o Feedback n\u00e3o cont\u00e9m informa\u00e7\u00f5es confidenciais ou informa\u00e7\u00f5es propriet\u00e1rias suas ou de terceiros; e (iv) a Empresa n\u00e3o tem nenhuma obriga\u00e7\u00e3o de confidencialidade com rela\u00e7\u00e3o ao Feedback. Caso a transfer\u00eancia da propriedade do Feedback n\u00e3o seja poss\u00edvel devido \u00e0s leis obrigat\u00f3rias aplic\u00e1veis, voc\u00ea concede \u00e0 Empresa e suas afiliadas o direito exclusivo, transfer\u00edvel, irrevog\u00e1vel, gratuito, sublicenci\u00e1vel, ilimitado e perp\u00e9tuo de usar (incluindo copiar, modificar, criar trabalhos derivados, publicar, distribuir e comercializar) o Feedback de qualquer maneira e para qualquer finalidade.<\/p>\n<p><\/p>\n<p>12.\u00a0<strong>Links para outros sites<\/strong><\/p>\n<p><\/p>\n<p>Nosso Servi\u00e7o pode conter links para sites ou servi\u00e7os de terceiros que n\u00e3o s\u00e3o de propriedade ou controlados pela Travel S Helper.<\/p>\n<p><\/p>\n<p>A Travel S Helper n\u00e3o tem controle e n\u00e3o assume qualquer responsabilidade pelo conte\u00fado, pol\u00edticas de privacidade ou pr\u00e1ticas de quaisquer sites ou servi\u00e7os de terceiros. N\u00e3o garantimos as ofertas de nenhuma dessas entidades\/indiv\u00edduos ou de seus sites.<\/p>\n<p><\/p>\n<p>VOC\u00ca RECONHECE E CONCORDA QUE A EMPRESA N\u00c3O SER\u00c1 RESPONS\u00c1VEL, DIRETA OU INDIRETAMENTE, POR QUALQUER DANO OU PERDA CAUSADOS OU ALEGADAMENTE CAUSADOS POR OU EM CONEX\u00c3O COM O USO OU CONFIAN\u00c7A EM QUALQUER CONTE\u00daDO, BENS OU SERVI\u00c7OS DISPON\u00cdVEIS EM OU ATRAV\u00c9S DE TAIS SITES OU SERVI\u00c7OS DE TERCEIROS.<\/p>\n<p><\/p>\n<p>RECOMENDAMOS FORTEMENTE QUE VOC\u00ca LER OS TERMOS DE SERVI\u00c7O E AS POL\u00cdTICAS DE PRIVACIDADE DE QUAISQUER SITES OU SERVI\u00c7OS DE TERCEIROS QUE VOC\u00ca VISITAR.<\/p>\n<p><\/p>\n<p>13.\u00a0<strong>Isen\u00e7\u00e3o de garantia<\/strong><\/p>\n<p><\/p>\n<p>ESTES SERVI\u00c7OS S\u00c3O FORNECIDOS PELA EMPRESA &#034;NO ESTADO EM QUE SE ENCONTRAM&#034; E &#034;CONFORME DISPON\u00cdVEL&#034;. A EMPRESA N\u00c3O FAZ NENHUMA REPRESENTA\u00c7\u00c3O OU GARANTIA DE QUALQUER TIPO, EXPRESSA OU IMPL\u00cdCITA, QUANTO \u00c0 OPERA\u00c7\u00c3O DE SEUS SERVI\u00c7OS, OU \u00c0S INFORMA\u00c7\u00d5ES, CONTE\u00daDO OU MATERIAIS NELES INCLU\u00cdDOS. VOC\u00ca CONCORDA EXPRESSAMENTE QUE O USO DESTES SERVI\u00c7OS, DE SEU CONTE\u00daDO E DE QUAISQUER SERVI\u00c7OS OU ITENS OBTIDOS DE N\u00d3S \u00c9 POR SUA CONTA E RISCO.<\/p>\n<p><\/p>\n<p>NEM A EMPRESA NEM QUALQUER PESSOA ASSOCIADA \u00c0 EMPRESA FAZ QUALQUER GARANTIA OU REPRESENTA\u00c7\u00c3O COM RESPEITO \u00c0 INTEGRALIDADE, SEGURAN\u00c7A, CONFIABILIDADE, QUALIDADE, PRECIS\u00c3O OU DISPONIBILIDADE DOS SERVI\u00c7OS. SEM LIMITAR O EXPOSTO ACIMA, NEM A EMPRESA NEM QUALQUER PESSOA ASSOCIADA \u00c0 EMPRESA REPRESENTA OU GARANTE QUE OS SERVI\u00c7OS, SEU CONTE\u00daDO OU QUAISQUER SERVI\u00c7OS OU ITENS OBTIDOS ATRAV\u00c9S DOS SERVI\u00c7OS SER\u00c3O PRECISOS, CONFI\u00c1VEIS, LIVRES DE ERROS OU ININTERRUPTOS, QUE OS DEFEITOS SER\u00c3O CORRIGIDOS, QUE OS SERVI\u00c7OS OU O SERVIDOR QUE OS DISPONIBILIZA EST\u00c3O LIVRES DE V\u00cdRUS OU OUTROS COMPONENTES NOCIVOS OU QUE OS SERVI\u00c7OS OU QUAISQUER SERVI\u00c7OS OU ITENS OBTIDOS ATRAV\u00c9S DOS SERVI\u00c7OS ATENDER\u00c3O DE OUTRA FORMA \u00c0S SUAS NECESSIDADES OU EXPECTATIVAS.<\/p>\n<p><\/p>\n<p>A EMPRESA, POR MEIO DESTE, SE ISENTA DE TODAS AS GARANTIAS DE QUALQUER TIPO, EXPRESSAS OU IMPL\u00cdCITAS, ESTATUT\u00c1RIAS OU DE OUTRA FORMA, INCLUINDO, MAS N\u00c3O SE LIMITANDO A, QUAISQUER GARANTIAS DE COMERCIALIZA\u00c7\u00c3O, N\u00c3O VIOLA\u00c7\u00c3O E ADEQUA\u00c7\u00c3O A UM PROP\u00d3SITO ESPEC\u00cdFICO.<\/p>\n<p><\/p>\n<p>O EXPOSTO ACIMA N\u00c3O AFETA QUAISQUER GARANTIAS QUE N\u00c3O POSSAM SER EXCLU\u00cdDAS OU LIMITADAS SOB A LEI APLIC\u00c1VEL.<\/p>\n<p><\/p>\n<p>14.\u00a0<strong>Limita\u00e7\u00e3o de responsabilidade<\/strong><\/p>\n<p><\/p>\n<p>EXCETO SE PROIBIDO POR LEI, VOC\u00ca ISENTAR\u00c1 A N\u00d3S E A NOSSOS FUNCION\u00c1RIOS, DIRETORES, FUNCION\u00c1RIOS E AGENTES DE QUALQUER DANO INDIRETO, PUNITIVO, ESPECIAL, INCIDENTAL OU CONSEQUENCIAL, INDEPENDENTEMENTE DE COMO ELE OCORRE (INCLUINDO HONOR\u00c1RIOS ADVOCAT\u00cdCIOS E TODOS OS CUSTOS E DESPESAS RELACIONADOS DE LIT\u00cdGIO E ARBITRAGEM, OU EM JULGAMENTO OU RECURSO, SE HOUVER, INDEPENDENTEMENTE DE LIT\u00cdGIO OU ARBITRAGEM INSTITU\u00cdDOS OU N\u00c3O), SEJA EM UMA A\u00c7\u00c3O CONTRATUAL, NEGLIG\u00caNCIA OU OUTRA A\u00c7\u00c3O IL\u00cdCITA, OU DECORRENTE DE OU EM CONEX\u00c3O COM ESTE CONTRATO, INCLUINDO, SEM LIMITA\u00c7\u00c3O, QUALQUER REIVINDICA\u00c7\u00c3O POR DANOS PESSOAIS OU DANOS \u00c0 PROPRIEDADE, DECORRENTES DESTE CONTRATO E QUALQUER VIOLA\u00c7\u00c3O POR VOC\u00ca DE QUAISQUER LEIS, ESTATUTOS, NORMAS OU REGULAMENTOS FEDERAIS, ESTADUAIS OU LOCAIS, MESMO QUE A EMPRESA TENHA SIDO AVISADA ANTERIORMENTE DA POSSIBILIDADE DE TAIS DANOS. EXCETO QUANDO PROIBIDO POR LEI, SE HOUVER RESPONSABILIDADE CONSTATADA POR PARTE DA EMPRESA, ESTA SER\u00c1 LIMITADA AO VALOR PAGO PELOS PRODUTOS E\/OU SERVI\u00c7OS, E SOB NENHUMA CIRCUNST\u00c2NCIA HAVER\u00c1 DANOS CONSEQUENCIAIS OU PUNITIVOS. ALGUNS ESTADOS N\u00c3O PERMITEM A EXCLUS\u00c3O OU LIMITA\u00c7\u00c3O DE DANOS PUNITIVOS, INCIDENTAIS OU CONSEQUENCIAIS, PORTANTO, A LIMITA\u00c7\u00c3O OU EXCLUS\u00c3O ANTERIOR PODE N\u00c3O SE APLICAR A VOC\u00ca.<\/p>\n<p><\/p>\n<p>15.\u00a0<strong>Rescis\u00e3o<\/strong><\/p>\n<p><\/p>\n<p>Podemos encerrar ou suspender sua conta e barrar o acesso ao Servi\u00e7o imediatamente, sem aviso pr\u00e9vio ou responsabilidade, a nosso exclusivo crit\u00e9rio, por qualquer motivo e sem limita\u00e7\u00e3o, incluindo, mas n\u00e3o se limitando a, uma viola\u00e7\u00e3o dos Termos.<\/p>\n<p><\/p>\n<p>Se desejar encerrar sua conta, voc\u00ea pode simplesmente interromper o uso do Servi\u00e7o.<\/p>\n<p><\/p>\n<p>Todas as disposi\u00e7\u00f5es dos Termos que, por sua natureza, devem sobreviver \u00e0 rescis\u00e3o, sobreviver\u00e3o \u00e0 rescis\u00e3o, incluindo, sem limita\u00e7\u00e3o, disposi\u00e7\u00f5es de propriedade, isen\u00e7\u00f5es de garantia, indeniza\u00e7\u00e3o e limita\u00e7\u00f5es de responsabilidade.<\/p>\n<p><\/p>\n<p>16.\u00a0<strong>Lei aplic\u00e1vel<\/strong><\/p>\n<p><\/p>\n<p>Estes Termos ser\u00e3o regidos e interpretados de acordo com as leis da Holanda, sendo que a lei aplic\u00e1vel se aplica ao contrato sem levar em conta suas disposi\u00e7\u00f5es sobre conflito de leis.<\/p>\n<p><\/p>\n<p>Nossa falha em fazer valer qualquer direito ou disposi\u00e7\u00e3o destes Termos n\u00e3o ser\u00e1 considerada uma ren\u00fancia a tais direitos. Se qualquer disposi\u00e7\u00e3o destes Termos for considerada inv\u00e1lida ou inexequ\u00edvel por um tribunal, as demais disposi\u00e7\u00f5es destes Termos permanecer\u00e3o em vigor. Estes Termos constituem o acordo integral entre n\u00f3s em rela\u00e7\u00e3o ao nosso Servi\u00e7o e substituem quaisquer acordos anteriores que possamos ter tido entre n\u00f3s em rela\u00e7\u00e3o ao Servi\u00e7o.<\/p>\n<p><\/p>\n<p>17.\u00a0<strong>Mudan\u00e7as no servi\u00e7o<\/strong><\/p>\n<p><\/p>\n<p>Reservamo-nos o direito de retirar ou alterar o nosso Servi\u00e7o, e qualquer servi\u00e7o ou material que fornecemos atrav\u00e9s do Servi\u00e7o, a nosso exclusivo crit\u00e9rio e sem aviso pr\u00e9vio. N\u00e3o seremos respons\u00e1veis \u200b\u200bse, por qualquer motivo, todo ou parte do Servi\u00e7o estiver indispon\u00edvel a qualquer momento ou por qualquer per\u00edodo. Ocasionalmente, poderemos restringir o acesso a algumas partes do Servi\u00e7o, ou a todo o Servi\u00e7o, a usu\u00e1rios, incluindo usu\u00e1rios registrados.<\/p>\n<p><\/p>\n<p>18.\u00a0<strong>Altera\u00e7\u00f5es aos Termos<\/strong><\/p>\n<p><\/p>\n<p>Podemos alterar os Termos a qualquer momento, publicando as altera\u00e7\u00f5es neste site. \u00c9 sua responsabilidade revisar estes Termos periodicamente.<\/p>\n<p><\/p>\n<p>O uso cont\u00ednuo da Plataforma ap\u00f3s a publica\u00e7\u00e3o dos Termos revisados \u200b\u200bsignifica que voc\u00ea aceita e concorda com as altera\u00e7\u00f5es. Recomendamos que voc\u00ea verifique esta p\u00e1gina com frequ\u00eancia para estar ciente de quaisquer altera\u00e7\u00f5es, pois elas s\u00e3o vinculativas.<\/p>\n<p><\/p>\n<p>Ao continuar a acessar ou utilizar nosso Servi\u00e7o ap\u00f3s a entrada em vigor de quaisquer revis\u00f5es, voc\u00ea concorda em se comprometer com os termos revisados. Caso n\u00e3o concorde com os novos termos, voc\u00ea n\u00e3o estar\u00e1 mais autorizado a utilizar o Servi\u00e7o.<\/p>\n<p><\/p>\n<p>19.\u00a0<strong>Ren\u00fancia e Divisibilidade<\/strong><\/p>\n<p><\/p>\n<p>Nenhuma ren\u00fancia pela Empresa de qualquer termo ou condi\u00e7\u00e3o estabelecida nos Termos ser\u00e1 considerada uma ren\u00fancia adicional ou cont\u00ednua de tal termo ou condi\u00e7\u00e3o ou uma ren\u00fancia de qualquer outro termo ou condi\u00e7\u00e3o, e qualquer falha da Empresa em fazer valer um direito ou disposi\u00e7\u00e3o sob os Termos n\u00e3o constituir\u00e1 uma ren\u00fancia de tal direito ou disposi\u00e7\u00e3o.<\/p>\n<p><\/p>\n<p>Se qualquer disposi\u00e7\u00e3o dos Termos for considerada por um tribunal ou outro tribunal de jurisdi\u00e7\u00e3o competente como inv\u00e1lida, ilegal ou inexequ\u00edvel por qualquer motivo, tal disposi\u00e7\u00e3o ser\u00e1 eliminada ou limitada ao m\u00ednimo necess\u00e1rio para que as disposi\u00e7\u00f5es restantes dos Termos continuem em pleno vigor e efeito.<\/p>\n<p><\/p>\n<p>20.\u00a0<strong>Reconhecimento<\/strong><\/p>\n<p><\/p>\n<p>AO USAR O SERVI\u00c7O OU OUTROS SERVI\u00c7OS FORNECIDOS POR N\u00d3S, VOC\u00ca RECONHECE QUE LEU ESTES TERMOS DE SERVI\u00c7O E CONCORDA EM ESTAR VINCULADO A ELES.<\/p>\n<p><\/p>\n<p>21.\u00a0<strong>Contate-nos<\/strong><\/p>\n<p><\/p>\n<p>Por favor, envie seu feedback, coment\u00e1rios e solicita\u00e7\u00f5es de suporte t\u00e9cnico por e-mail:\u00a0<a href=\"mailto:office@travelshelper.com\"><strong>office@travelshelper.com<\/strong><\/a>.<\/p>\n<p><\/p>\t\t\t\t\t\t\t\t<\/div>\n\t\t\t\t<\/div>\n\t\t\t\t\t<\/div>\n\t\t\t\t<\/div>\n\t\t\t\t<\/div>","protected":false},"excerpt":{"rendered":"<p>Terms And Conditions Last updated: 2024-09-26 1.\u00a0Introduction Welcome to\u00a0Travel S Helper\u00a0(\u201cCompany\u201d, \u201cwe\u201d, \u201cour\u201d, \u201cus\u201d)! These Terms of Service (\u201cTerms\u201d, \u201cTerms of Service\u201d) govern your use of our website located at\u00a0https:\/\/travelshelper.com\u00a0(together or individually \u201cService\u201d) operated by\u00a0Travel S Helper. Our Privacy Policy also governs your use of our Service and explains how we collect, safeguard and disclose [&hellip;]<\/p>\n","protected":false},"author":1,"featured_media":0,"parent":0,"menu_order":0,"comment_status":"closed","ping_status":"closed","template":"elementor_header_footer","meta":{"_eb_attr":"","footnotes":""},"class_list":["post-15986","page","type-page","status-publish"],"_links":{"self":[{"href":"https:\/\/travelshelper.com\/pt\/wp-json\/wp\/v2\/pages\/15986","targetHints":{"allow":["GET"]}}],"collection":[{"href":"https:\/\/travelshelper.com\/pt\/wp-json\/wp\/v2\/pages"}],"about":[{"href":"https:\/\/travelshelper.com\/pt\/wp-json\/wp\/v2\/types\/page"}],"author":[{"embeddable":true,"href":"https:\/\/travelshelper.com\/pt\/wp-json\/wp\/v2\/users\/1"}],"replies":[{"embeddable":true,"href":"https:\/\/travelshelper.com\/pt\/wp-json\/wp\/v2\/comments?post=15986"}],"version-history":[{"count":0,"href":"https:\/\/travelshelper.com\/pt\/wp-json\/wp\/v2\/pages\/15986\/revisions"}],"wp:attachment":[{"href":"https:\/\/travelshelper.com\/pt\/wp-json\/wp\/v2\/media?parent=15986"}],"curies":[{"name":"wp","href":"https:\/\/api.w.org\/{rel}","templated":true}]}}