{"id":15974,"date":"2024-09-22T01:11:09","date_gmt":"2024-09-22T01:11:09","guid":{"rendered":"https:\/\/travelshelper.com\/staging\/?page_id=15974"},"modified":"2024-09-22T01:13:07","modified_gmt":"2024-09-22T01:13:07","slug":"aviso-legal","status":"publish","type":"page","link":"https:\/\/travelshelper.com\/pt\/disclaimer\/","title":{"rendered":"Isen\u00e7\u00e3o de responsabilidade"},"content":{"rendered":"<div data-elementor-type=\"wp-page\" data-elementor-id=\"15974\" class=\"elementor elementor-15974\">\n\t\t\t\t<div class=\"elementor-element elementor-element-6f0bcdfa e-flex e-con-boxed e-con e-parent\" data-id=\"6f0bcdfa\" data-element_type=\"container\" data-e-type=\"container\">\n\t\t\t\t\t<div class=\"e-con-inner\">\n\t\t<div class=\"elementor-element elementor-element-627d6690 e-con-full e-flex e-con e-child\" data-id=\"627d6690\" data-element_type=\"container\" data-e-type=\"container\">\n\t\t\t\t<div class=\"elementor-element elementor-element-428000a8 elementor-widget elementor-widget-text-editor\" data-id=\"428000a8\" data-element_type=\"widget\" data-e-type=\"widget\" data-widget_type=\"text-editor.default\">\n\t\t\t\t\t\t\t\t\t<p><\/p><p>\u00daltima atualiza\u00e7\u00e3o: 26\/09\/2024<\/p><p> <\/p><p><strong>ISEN\u00c7\u00c3O DE RESPONSABILIDADE DO SITE<\/strong><\/p><p> <\/p><p>As informa\u00e7\u00f5es fornecidas por\u00a0<strong>Ajudante de viagem S<\/strong>\u00a0(\u201cEmpresa\u201d, \u201cn\u00f3s\u201d, \u201cnosso\u201d, \u201cnos\u201d) em\u00a0<strong>https:\/\/travelshelper.com<\/strong>\u00a0(o \u201cSite\u201d) destina-se apenas a fins informativos gerais. Todas as informa\u00e7\u00f5es no Site s\u00e3o fornecidas de boa-f\u00e9; no entanto, n\u00e3o oferecemos nenhuma representa\u00e7\u00e3o ou garantia de qualquer tipo, expressa ou impl\u00edcita, quanto \u00e0 exatid\u00e3o, adequa\u00e7\u00e3o, validade, confiabilidade, disponibilidade ou integralidade de qualquer informa\u00e7\u00e3o no Site.<\/p><p> <\/p><p>EM NENHUMA CIRCUNST\u00c2NCIA TEREMOS QUALQUER RESPONSABILIDADE PERANTE VOC\u00ca POR QUALQUER PERDA OU DANO DE QUALQUER TIPO INCORRIDO COMO RESULTADO DO USO DO SITE OU DA CONFIAN\u00c7A EM QUALQUER INFORMA\u00c7\u00c3O FORNECIDA NELE. O USO DO SITE E A CONFIAN\u00c7A EM QUALQUER INFORMA\u00c7\u00c3O NELE CONTIDAS S\u00c3O EXCLUSIVAMENTE POR SUA CONTA E RISCO.<\/p><p> <\/p><p><strong>ISEN\u00c7\u00c3O DE RESPONSABILIDADE DE LINKS EXTERNOS<\/strong><\/p><p> <\/p><p>O Site pode conter (ou voc\u00ea pode ser enviado atrav\u00e9s do Site) links para outros sites ou conte\u00fado pertencente ou origin\u00e1rio de terceiros, ou links para sites e recursos. Tais links externos n\u00e3o s\u00e3o investigados, monitorados ou verificados quanto \u00e0 precis\u00e3o, adequa\u00e7\u00e3o, validade, confiabilidade, disponibilidade ou integralidade por n\u00f3s.<\/p><p> <\/p><p>N\u00c3O GARANTIMOS, ENDOSSAMOS, GARANTEMOS OU ASSUMIMOS RESPONSABILIDADE PELA PRECIS\u00c3O OU CONFIABILIDADE DE QUALQUER INFORMA\u00c7\u00c3O OFERECIDA POR SITES DE TERCEIROS VINCULADOS ATRAV\u00c9S DO SITE, OU POR QUALQUER SITE OU RECURSO VINCULADO EM QUALQUER BANNER OU OUTRO AN\u00daNCIO. N\u00c3O SEREMOS PARTE OU DE QUALQUER FORMA RESPONS\u00c1VEIS POR MONITORAR QUALQUER TRANSA\u00c7\u00c3O ENTRE VOC\u00ca E TERCEIROS FORNECEDORES DE PRODUTOS OU SERVI\u00c7OS.<\/p><p> <\/p><p><strong>ISEN\u00c7\u00c3O DE RESPONSABILIDADE DE AFILIADOS<\/strong><\/p><p> <\/p><p>O Site pode conter links para sites afiliados, e podemos receber uma comiss\u00e3o de afiliado por quaisquer compras ou a\u00e7\u00f5es feitas por voc\u00ea nos sites afiliados usando tais links.<\/p><p> <\/p><p><strong>ISEN\u00c7\u00c3O DE RESPONSABILIDADE DE DEPOIMENTOS<\/strong><\/p><p> <\/p><p>O Site pode conter depoimentos de usu\u00e1rios de nossos produtos e\/ou servi\u00e7os. Esses depoimentos refletem as experi\u00eancias e opini\u00f5es reais desses usu\u00e1rios. No entanto, as experi\u00eancias s\u00e3o pessoais e podem n\u00e3o ser necessariamente representativas de todos os usu\u00e1rios de nossos produtos e\/ou servi\u00e7os. N\u00e3o afirmamos, e voc\u00ea n\u00e3o deve presumir, que todos os usu\u00e1rios ter\u00e3o as mesmas experi\u00eancias.<\/p><p> <\/p><p>SEUS RESULTADOS INDIVIDUAIS PODEM VARIAR.<\/p><p> <\/p><p>Os depoimentos no Site s\u00e3o enviados em diversos formatos, como texto, \u00e1udio e\/ou v\u00eddeo, e s\u00e3o revisados \u200b\u200bpor n\u00f3s antes de serem publicados. Eles aparecem no Site na \u00edntegra, conforme fornecidos pelos usu\u00e1rios, exceto pela corre\u00e7\u00e3o de erros gramaticais ou de digita\u00e7\u00e3o. Alguns depoimentos podem ter sido abreviados por quest\u00f5es de brevidade, caso o depoimento completo contenha informa\u00e7\u00f5es irrelevantes e irrelevantes para o p\u00fablico em geral.<\/p><p> <\/p><p>As opini\u00f5es e pontos de vista contidos nos depoimentos pertencem exclusivamente ao usu\u00e1rio individual e n\u00e3o refletem nossos pontos de vista e opini\u00f5es.<\/p><p> <\/p><p><strong>ISEN\u00c7\u00c3O DE RESPONSABILIDADE POR ERROS E OMISS\u00d5ES<\/strong><\/p><p> <\/p><p>Embora tenhamos feito todos os esfor\u00e7os para garantir que as informa\u00e7\u00f5es contidas neste site tenham sido obtidas de fontes confi\u00e1veis, a Travel S Helper n\u00e3o se responsabiliza por quaisquer erros ou omiss\u00f5es, nem pelos resultados obtidos com o uso dessas informa\u00e7\u00f5es. Todas as informa\u00e7\u00f5es neste site s\u00e3o fornecidas &#034;no estado em que se encontram&#034;, sem garantia de integridade, precis\u00e3o, atualidade ou dos resultados obtidos com o uso dessas informa\u00e7\u00f5es, e sem garantia de qualquer tipo, expressa ou impl\u00edcita, incluindo, entre outras, garantias de desempenho, comerciabilidade e adequa\u00e7\u00e3o a uma finalidade espec\u00edfica.<\/p><p> <\/p><p>Em nenhuma hip\u00f3tese a Travel S Helper, suas parcerias ou corpora\u00e7\u00f5es relacionadas, ou seus parceiros, agentes ou funcion\u00e1rios ser\u00e3o respons\u00e1veis \u200b\u200bperante voc\u00ea ou qualquer outra pessoa por qualquer decis\u00e3o tomada ou a\u00e7\u00e3o tomada com base nas informa\u00e7\u00f5es deste Site ou por quaisquer danos consequentes, especiais ou similares, mesmo se avisados \u200b\u200bda possibilidade de tais danos.<\/p><p> <\/p><p><strong>ISEN\u00c7\u00c3O DE RESPONSABILIDADE PARA COLABORADORES CONVIDADOS<\/strong><\/p><p> <\/p><p>Este Site pode incluir conte\u00fado de colaboradores convidados e quaisquer pontos de vista ou opini\u00f5es expressas em tais postagens s\u00e3o pessoais e n\u00e3o representam aqueles da Travel S Helper ou de qualquer um de seus funcion\u00e1rios ou afiliados, a menos que explicitamente declarado.<\/p><p> <\/p><p><strong>ISEN\u00c7\u00c3O DE RESPONSABILIDADE SOBRE LOGOTIPOS E MARCAS REGISTRADAS<\/strong><\/p><p> <\/p><p>All logos and trademarks of third parties referenced on\u00a0https:\/\/travelshelper.com\u00a0are the trademarks and logos of their respective owners. Any inclusion of such trademarks or logos does not imply or constitute any approval, endorsement or sponsorship of\u00a0Travel S Helper\u00a0by such owners.<\/p><p> <\/p><p><strong>CONTATE-NOS<\/strong><\/p><p> <\/p><p>Caso voc\u00ea tenha algum feedback, coment\u00e1rio, solicita\u00e7\u00e3o de suporte t\u00e9cnico ou outras d\u00favidas, entre em contato conosco por e-mail:\u00a0<strong>office@travelshelper.com<\/strong>.<\/p><p><\/p>\t\t\t\t\t\t\t\t<\/div>\n\t\t\t\t<\/div>\n\t\t\t\t\t<\/div>\n\t\t\t\t<\/div>\n\t\t\t\t<\/div>","protected":false},"excerpt":{"rendered":"<p>Last updated: 2024-09-26 WEBSITE DISCLAIMER The information provided by\u00a0Travel S Helper\u00a0(\u201cCompany\u201d, \u201cwe\u201d, \u201cour\u201d, \u201cus\u201d) on\u00a0https:\/\/travelshelper.com\u00a0(the \u201cSite\u201d) is for general informational purposes only. All information on the Site is provided in good faith, however we make no representation or warranty of any kind, express or implied, regarding the accuracy, adequacy, validity, reliability, availability, or completeness of [&hellip;]<\/p>\n","protected":false},"author":1,"featured_media":0,"parent":0,"menu_order":0,"comment_status":"closed","ping_status":"closed","template":"elementor_header_footer","meta":{"_eb_attr":"","footnotes":""},"class_list":["post-15974","page","type-page","status-publish"],"_links":{"self":[{"href":"https:\/\/travelshelper.com\/pt\/wp-json\/wp\/v2\/pages\/15974","targetHints":{"allow":["GET"]}}],"collection":[{"href":"https:\/\/travelshelper.com\/pt\/wp-json\/wp\/v2\/pages"}],"about":[{"href":"https:\/\/travelshelper.com\/pt\/wp-json\/wp\/v2\/types\/page"}],"author":[{"embeddable":true,"href":"https:\/\/travelshelper.com\/pt\/wp-json\/wp\/v2\/users\/1"}],"replies":[{"embeddable":true,"href":"https:\/\/travelshelper.com\/pt\/wp-json\/wp\/v2\/comments?post=15974"}],"version-history":[{"count":0,"href":"https:\/\/travelshelper.com\/pt\/wp-json\/wp\/v2\/pages\/15974\/revisions"}],"wp:attachment":[{"href":"https:\/\/travelshelper.com\/pt\/wp-json\/wp\/v2\/media?parent=15974"}],"curies":[{"name":"wp","href":"https:\/\/api.w.org\/{rel}","templated":true}]}}