{"id":15466,"date":"2024-09-21T13:48:07","date_gmt":"2024-09-21T13:48:07","guid":{"rendered":"https:\/\/travelshelper.com\/staging\/?page_id=15466"},"modified":"2026-03-11T21:44:36","modified_gmt":"2026-03-11T21:44:36","slug":"ashgabat","status":"publish","type":"page","link":"https:\/\/travelshelper.com\/pt\/destinations\/asia\/turkmenistan\/ashgabat\/","title":{"rendered":"Ashgabat"},"content":{"rendered":"<p>Situada no limiar do deserto de Karakum e protegida pelo sop\u00e9 do Kopetdag, Asgabate ergue-se das areias claras como uma miragem que ganhou subst\u00e2ncia. A uma altitude que oscila entre duzentos e duzentos e cinquenta e cinco metros acima do n\u00edvel do mar, a cidade repousa sobre sedimentos depositados pelo antigo Mar de Parat\u00e9tis, com funda\u00e7\u00f5es ao mesmo tempo fr\u00e1geis e hist\u00f3ricas. A menos de trinta quil\u00f4metros da fronteira com o Ir\u00e3, Asgabate ocupa uma plan\u00edcie o\u00e1sis propensa a tremores, mas resiste aos movimentos da terra com uma determina\u00e7\u00e3o inabal\u00e1vel \u2014 uma determina\u00e7\u00e3o que definiu seu car\u00e1ter desde o momento em que os soldados russos desenharam os primeiros mapas da aldeia tribal em 1881.<\/p>\n<p>De suas origens como um modesto assentamento de iurtas Ahal Teke \u2014 totalizando talvez quatro mil, segundo os primeiros visitantes russos \u2014, Asgabate evoluiu abruptamente ap\u00f3s 1881 para uma cidade-guarni\u00e7\u00e3o com menos de tr\u00eas mil habitantes, quase inteiramente russa em sua composi\u00e7\u00e3o. A chegada da Ferrovia Transcaspiana na virada do s\u00e9culo abriu a cidade para migrantes do C\u00e1ucaso, do Vale do Volga e da P\u00e9rsia, quase dobrando sua popula\u00e7\u00e3o em uma d\u00e9cada. Em 1911, cerca de 45 mil moradores lotavam suas ruas; russos \u00e9tnicos formavam a maioria, acompanhados por arm\u00eanios, persas e alguns outros grupos. Em 1924, o assentamento, ent\u00e3o conhecido pelo nome sovi\u00e9tico de Poltoratsk, tornou-se a sede da Rep\u00fablica Socialista Sovi\u00e9tica Turcomena, e logo depois a propor\u00e7\u00e3o de turcomanos dentro dos limites da cidade come\u00e7ou a aumentar, embora gradualmente, \u00e0 medida que as pol\u00edticas sovi\u00e9ticas remodelavam a sociedade. Apesar dessas mudan\u00e7as, um terremoto catacl\u00edsmico em outubro de 1948 destruiu grande parte do tecido urbano, espalhando trag\u00e9dia pelas avenidas de Ashgabat e relegando bairros inteiros a escombros.<\/p>\n<p>No entanto, a devasta\u00e7\u00e3o provou ser pouco mais do que um prel\u00fadio para a regenera\u00e7\u00e3o. Nas d\u00e9cadas seguintes, o Canal Karakum, constru\u00eddo pelos sovi\u00e9ticos, transportou as \u00e1guas do Amu Darya pela cidade de leste a oeste, sustentando jardins e novas constru\u00e7\u00f5es. Quando o Turcomenist\u00e3o conquistou a independ\u00eancia em 1991, o presidente Saparmurat Niyazov embarcou em um ambicioso programa de renova\u00e7\u00e3o urbana. Sob sua dire\u00e7\u00e3o, empresas estrangeiras \u2014 principalmente a francesa Bouygues e as empresas turcas Polimeks e Gap \u0130n\u015faat \u2014 moldaram uma linguagem arquitet\u00f4nica enraizada em colunas greco-romanas e c\u00fapulas persas, cada superf\u00edcie revestida de m\u00e1rmore branco luminoso. Boulevards inteiros brilhavam ao sol, enquanto pilares e front\u00f5es davam lugar a fontes monumentais e pra\u00e7as projetadas para impressionar cidad\u00e3os e diplomatas.<\/p>\n<p>Hoje, a popula\u00e7\u00e3o de Ashgabat ultrapassa um milh\u00e3o de habitantes, com os turcomanos constituindo mais de tr\u00eas quartos dos residentes. Os russos representam cerca de dez por cento, enquanto comunidades menores de uzbeques, azeris, turcos e outros mant\u00eam seus pr\u00f3prios enclaves culturais. Administrativamente, a cidade se divide em quatro distritos principais: Bagty\u00fdarlyk, Berkararlyk, B\u00fczme\u00fdin e K\u00f6petdag. Esses etraplar absorvem uma constela\u00e7\u00e3o de microdistritos \u2014 setores numerados e bairros nomeados como Howdan A, B e W, e a s\u00e9rie Parahat \u2014 cada um estabelecido para agilizar os servi\u00e7os p\u00fablicos e a gest\u00e3o habitacional, embora sem governan\u00e7a local independente. Os limites mut\u00e1veis \u200b\u200bdessas unidades refletem a reinven\u00e7\u00e3o incessante de Ashgabat: distritos que antes ostentavam os nomes de Lenin e Niyazov foram fundidos e renomeados, enquanto os planos para um quinto distrito, Altyn etraby, centrado na rec\u00e9m-batizada zona tur\u00edstica do Lago Dourado, foram anunciados em 2020.<\/p>\n<p>Por tr\u00e1s de sua fachada reluzente, no entanto, a renova\u00e7\u00e3o da cidade teve um custo humano. A demoli\u00e7\u00e3o de torres de apartamentos com fachada de m\u00e1rmore frequentemente implicou na remo\u00e7\u00e3o de casas unifamiliares \u2014 resid\u00eancias reconstru\u00eddas ap\u00f3s o terremoto de 1948, mas nunca registradas formalmente \u2014 e, em muitos casos, os inquilinos foram despejados sem indeniza\u00e7\u00e3o. Distritos como Ruhabat e antigas comunidades de dacha em Berzengi e Choganly desapareceram sob as escavadeiras, deixando seus moradores \u00e0 deriva.<\/p>\n<p>Geograficamente, Ashgabat possui um clima ao mesmo tempo in\u00f3spito e impressionante. Os ver\u00f5es s\u00e3o escaldantes: as tardes de julho costumam atingir uma m\u00e9dia m\u00e1xima de 38,3 \u00b0C e, em raras ocasi\u00f5es, ultrapassam 47 \u00b0C. As noites trazem apenas uma leve tr\u00e9gua, com m\u00ednimas em torno de 23,8 \u00b0C. Os invernos s\u00e3o breves e frios, com temperaturas chegando a pouco abaixo de zero ocasionalmente; registros hist\u00f3ricos registram uma m\u00ednima de -24,1 \u00b0C em 1969. A precipita\u00e7\u00e3o dificilmente prejudica o sol implac\u00e1vel, raramente ultrapassando duzentos mil\u00edmetros por ano. No entanto, em abril de 2022, a cidade registrou mais de trezentos mil\u00edmetros de precipita\u00e7\u00e3o, quebrando as normas mensais e lembrando os habitantes da imprevisibilidade desta plan\u00edcie cercada por deserto.<\/p>\n<p>A arquitetura continua sendo a marca registrada mais not\u00e1vel de Asgabate. Ap\u00f3s a decad\u00eancia de Niyazov em 2006, a prefer\u00eancia por c\u00fapulas diminuiu, exceto em espa\u00e7os sagrados, dando lugar a motivos modernistas que sinalizam a fun\u00e7\u00e3o de um edif\u00edcio. Um globo terrestre ergue-se no topo do Minist\u00e9rio das Rela\u00e7\u00f5es Exteriores, cujo interior serve como sala de confer\u00eancias; uma moeda estilizada coroa o Banco de Desenvolvimento; o Minist\u00e9rio da Sa\u00fade e Ind\u00fastria M\u00e9dica adota a forma de um caduceu; um hospital odontol\u00f3gico assemelha-se a um molar de grandes dimens\u00f5es; e o terminal em forma de falc\u00e3o do Aeroporto Internacional de Asgabate aponta para o c\u00e9u, com sua expans\u00e3o de US$ 2,3 bilh\u00f5es capaz de processar quatorze milh\u00f5es de passageiros por ano.<\/p>\n<p>A pele de m\u00e1rmore branco estende-se at\u00e9 a torre de televis\u00e3o, cuja Estrela de Oguzkhan, octogonal \u2014 o emblema da antiga linhagem turca \u2014 entrou para o Guinness Book como a maior estrela arquitet\u00f4nica. Monumentos c\u00edvicos proliferam: desde a independ\u00eancia, est\u00e1tuas de Lenin e Pushkin foram acompanhadas por homenagens a Magtymguly Pyragy, Taras Shevchenko, Alp Arslan e Mustafa Kemal Atat\u00fcrk. Em parques como Ylham e o complexo VDNH, bustos heroicos guardam cal\u00e7ad\u00f5es arborizados. Uma ef\u00edgie dourada de Niyazov girou no topo do Arco da Neutralidade, orientando-se em dire\u00e7\u00e3o ao sol at\u00e9 sua remo\u00e7\u00e3o em 2010, sob o presidente Gurbanguly Berdimuhamedov.<\/p>\n<p>Acr\u00e9scimos recentes comprovam o patroc\u00ednio estatal cont\u00ednuo \u00e0 arte p\u00fablica. Em maio de 2015, uma imagem monumental do presidente em exerc\u00edcio foi inaugurada perto do est\u00e1dio nacional. Em 2020, memoriais de bronze surgiram para comemorar a ra\u00e7a de c\u00e3es turcomanos Alabay e um Monumento \u00e0 Bicicleta foi inaugurado em pra\u00e7as circulares. Em maio de 2024, uma escultura de sessenta metros de Magtymguly Pyragy, o poeta e fil\u00f3sofo do s\u00e9culo XVIII cujos versos pulsam na consci\u00eancia turcomena, foi erguida na base do Kopetdag. Em outubro seguinte, uma est\u00e1tua do poeta cazaque Abai Qunanbaiuly foi colocada no Parque Lachyn, destacando o di\u00e1logo cultural transnacional da cidade. Dentro do Complexo Cultural e Parque Magtymguly Pyragy, vinte e quatro figuras de m\u00e1rmore prestam homenagem a luminares de Dante e Goethe a Tagore e Langston Hughes, cada uma capturada com a inten\u00e7\u00e3o de evocar o esp\u00edrito \u00fanico de sua obra.<\/p>\n<p>No entanto, por tr\u00e1s da grandeza, esconde-se a mem\u00f3ria. O complexo memorial de Bekrewe homenageia os mortos na Batalha de Geok Tepe e na Segunda Guerra Mundial, exibindo um touro de bronze carregando o globo terrestre \u2014 uma alus\u00e3o ao terremoto de 1948 \u2014 e guerreiros turcomanos ladeando uma vi\u00fava em luto. O Complexo Memorial Halk Hakydasy, administrado pelo Estado, inaugurado em 2014, celebra os sacrif\u00edcios dos conflitos do final do s\u00e9culo XIX, da Segunda Guerra Mundial e das v\u00edtimas do terremoto, com suas paredes adornadas com cenas em baixo-relevo da hist\u00f3ria turcomena.<\/p>\n<p>A arquitetura religiosa tra\u00e7a outra camada do passado de Asgabate. Em 1908, a cidade tornou-se o lar da primeira Casa de Adora\u00e7\u00e3o Bah\u00e1&#039;\u00ed do mundo, cercada por jardins formais e complementada por uma escola, hospital, casa de h\u00f3spedes e alojamentos para jardineiros. Sob a seculariza\u00e7\u00e3o sovi\u00e9tica, a propriedade foi abandonada em 1928 e transformada em galeria de arte at\u00e9 que o terremoto a danificou irreparavelmente; foi demolida em 1963. Hoje, a paisagem religiosa compreende mesquitas como a Mesquita T\u00fcrkmenba\u015fy Ruhy, o edif\u00edcio \u00c4rtogrul Gazy, financiado pela Turquia e inspirado na Mesquita Sultan Ahmed de Istambul, e santu\u00e1rios menores em bairros vizinhos. As igrejas tamb\u00e9m persistem: cinco locais de culto crist\u00e3os, incluindo quatro par\u00f3quias ortodoxas russas \u2014 Santo Alexandre Nevsky, S\u00e3o Nicolau, o Milagroso, Cristo Ressurrei\u00e7\u00e3o e Santos Cirilo e Met\u00f3dio \u2014 e uma capela cat\u00f3lica romana dentro da nunciatura papal, sustentam uma modesta presen\u00e7a crist\u00e3 em meio ao escrut\u00ednio oficial das minorias religiosas.<\/p>\n<p>A vida cultural se desenvolve em museus e teatros espalhados por pra\u00e7as de m\u00e1rmore. O Museu Estatal do Centro Cultural Estatal do Turcomenist\u00e3o, ocupando mais de cento e sessenta mil metros quadrados, apresenta cole\u00e7\u00f5es que v\u00e3o desde antiguidades partas at\u00e9 a moderna tecelagem de tapetes, enquanto o Museu do Presidente documenta as pol\u00edticas interna e externa da rep\u00fablica. O Museu de Etnografia e Hist\u00f3ria Local examina a flora e o folclore turcomanos, e iniciativas privadas como o ART-bazar, inaugurado em 2024, exibem artesanato contempor\u00e2neo. Locais de artes c\u00eanicas \u2014 do Teatro Nacional Musical e Dram\u00e1tico Magtymguly ao Circo Estatal Turcomenist\u00e3o \u2014 oferecem programas de \u00f3pera, teatro e marionetes. Cinemas, incluindo o pioneiro Cinema A\u015fgabat tridimensional, ficam ao lado de outras seis telas, algumas instaladas em novos complexos comerciais. A Biblioteca Estatal, fundada em 1892 e com status nacional em 1992, possui mais de seis milh\u00f5es de volumes; a Biblioteca Estadual Infantil, com um quarto de milh\u00e3o de itens, nutre jovens leitores.<\/p>\n<p>O parque oferece um ref\u00fagio do m\u00e1rmore e do tr\u00e2nsito. O jardim bot\u00e2nico, fundado em 1929 e o mais antigo do g\u00eanero na \u00c1sia Central, abrange dezoito hectares e abriga mais de quinhentas esp\u00e9cies de plantas. O primeiro parque \u2014 o Parque Ashgabat \u2014 data de 1887 e continua sendo um palco para passeios em fam\u00edlia, enquanto outros espa\u00e7os verdes, como o G\u00fcne\u015f, o Parque da Amizade Turcomeno-Turco e o Parque da Independ\u00eancia, refletem la\u00e7os diplom\u00e1ticos. O cal\u00e7ad\u00e3o artificial \u00e0 beira do lago no Lago Dourado promete lazer e esportes aqu\u00e1ticos. O parque de divers\u00f5es chamado Mundo dos Contos de Turkmenbashi, com brinquedos projetados em estilo patrocinado pelo Estado, oferece uma vers\u00e3o local do entretenimento internacional.<\/p>\n<p>Sob essas camadas de infraestrutura, Asgabate sustenta uma realidade custosa para estrangeiros. Pesquisas realizadas em 2019 e 2020 a classificaram como a cidade mais cara do mundo para expatriados e a segunda mais cara no geral, consequ\u00eancia da forte infla\u00e7\u00e3o e das pesadas taxas de importa\u00e7\u00e3o. O transporte dentro da cidade combina \u00f4nibus \u2014 mais de setecentos ve\u00edculos atendendo a uma rede com mais de dois mil quil\u00f4metros de rotas \u2014 com t\u00e1xis, identificados por pequenas placas verdes no teto. Um circuito de monotrilho dentro da Vila Ol\u00edmpica, inaugurado em 2016, \u00e9 o primeiro da \u00c1sia Central, enquanto telef\u00e9ricos conectam as vias urbanas ao sop\u00e9 do Kopetdag. Al\u00e9m dos limites da cidade, seiscentos quil\u00f4metros de autobahn conectam Asgabate a Tejen, Mary e T\u00fcrkmenabat, e al\u00e9m, aos estados vizinhos, enquanto a esta\u00e7\u00e3o ferrovi\u00e1ria revitalizada ancora rotas de longa dist\u00e2ncia nas linhas Transcaspiana e Transkarakum.<\/p>\n<p>O nome de Asgabate mudou a cada era: antes &#034;a Cidade do Amor&#034;, agora comumente chamada de &#034;a Cidade do M\u00e1rmore Branco&#034;. Aqui, a vis\u00e3o de um homem \u2013 primeiro de administradores coloniais, depois de uma rep\u00fablica sovi\u00e9tica e, finalmente, de uma na\u00e7\u00e3o independente \u2013 esculpiu cada pra\u00e7a e fachada. Os visitantes que chegam aos terminais revestidos de m\u00e1rmore podem sentir como se tivessem entrado em outro mundo, onde a simetria e a escala prevalecem, e onde cada coluna, c\u00fapula e monumento negocia entre o peso da hist\u00f3ria e o sil\u00eancio do deserto. Nessa tens\u00e3o reside a ess\u00eancia de Asgabate: ao mesmo tempo fr\u00e1gil e indom\u00e1vel, uma capital esculpida em areia e convic\u00e7\u00e3o, sempre equilibrada entre o brilho da terra e o brilho da ambi\u00e7\u00e3o.<\/p>","protected":false},"excerpt":{"rendered":"<p>Asgabate, a capital e cidade mais populosa do Turcomenist\u00e3o, exemplifica a singular fus\u00e3o de hist\u00f3ria e modernidade do pa\u00eds. Com uma popula\u00e7\u00e3o de 1.030.063 habitantes segundo o censo de 2022, esta cidade da \u00c1sia Central est\u00e1 aninhada entre o deserto de Karakum e a cordilheira de Kopetdag, a cerca de 50 quil\u00f4metros da fronteira entre o Ir\u00e3 e o Turcomenist\u00e3o. Como centro pol\u00edtico, comercial e cultural, Asgabate \u00e9 o cora\u00e7\u00e3o do Turcomenist\u00e3o.<\/p>","protected":false},"author":1,"featured_media":3617,"parent":15457,"menu_order":0,"comment_status":"closed","ping_status":"closed","template":"elementor_theme","meta":{"_eb_attr":"","footnotes":""},"class_list":["post-15466","page","type-page","status-publish","has-post-thumbnail"],"_links":{"self":[{"href":"https:\/\/travelshelper.com\/pt\/wp-json\/wp\/v2\/pages\/15466","targetHints":{"allow":["GET"]}}],"collection":[{"href":"https:\/\/travelshelper.com\/pt\/wp-json\/wp\/v2\/pages"}],"about":[{"href":"https:\/\/travelshelper.com\/pt\/wp-json\/wp\/v2\/types\/page"}],"author":[{"embeddable":true,"href":"https:\/\/travelshelper.com\/pt\/wp-json\/wp\/v2\/users\/1"}],"replies":[{"embeddable":true,"href":"https:\/\/travelshelper.com\/pt\/wp-json\/wp\/v2\/comments?post=15466"}],"version-history":[{"count":0,"href":"https:\/\/travelshelper.com\/pt\/wp-json\/wp\/v2\/pages\/15466\/revisions"}],"up":[{"embeddable":true,"href":"https:\/\/travelshelper.com\/pt\/wp-json\/wp\/v2\/pages\/15457"}],"wp:featuredmedia":[{"embeddable":true,"href":"https:\/\/travelshelper.com\/pt\/wp-json\/wp\/v2\/media\/3617"}],"wp:attachment":[{"href":"https:\/\/travelshelper.com\/pt\/wp-json\/wp\/v2\/media?parent=15466"}],"curies":[{"name":"wp","href":"https:\/\/api.w.org\/{rel}","templated":true}]}}