{"id":15420,"date":"2024-09-20T23:51:22","date_gmt":"2024-09-20T23:51:22","guid":{"rendered":"https:\/\/travelshelper.com\/staging\/?page_id=15420"},"modified":"2026-03-11T18:34:32","modified_gmt":"2026-03-11T18:34:32","slug":"ulan-bator","status":"publish","type":"page","link":"https:\/\/travelshelper.com\/pt\/destinations\/asia\/mongolia\/ulaanbaatar\/","title":{"rendered":"Ulan Bator"},"content":{"rendered":"<p>Ulaanbaatar ocupa um lugar onde o ar de alta altitude encontra a vastid\u00e3o das estepes da Mong\u00f3lia. A cerca de 1.350 metros acima do n\u00edvel do mar, repousa em um vale fluvial esculpido pelo Tuul, um afluente do Selenge. Cercada por quatro picos sentinelas \u2014 Songino Khairkhan a oeste, Chingeltei e Bayanzurkh ao norte, e a arborizada Montanha Bogd Khan ao sul \u2014 a cidade sofre com o anticiclone siberiano que traz seus invernos notoriamente rigorosos e ver\u00f5es breves e quentes. Apesar da dor das manh\u00e3s de -40 \u00b0C, a temperatura m\u00e9dia anual de Ulaanbaatar de 0,2 \u00b0C a torna a capital nacional mais fria do mundo em m\u00e9dia anual, uma marca compartilhada apenas em extremo por Nuuk, na Groenl\u00e2ndia. Sua classifica\u00e7\u00e3o clim\u00e1tica abrange a fronteira entre os tipos semi\u00e1rido frio (BSk) e sub\u00e1rtico (Dwc), com as oscila\u00e7\u00f5es bruscas entre as altas temperaturas de 39 \u00b0C em julho e a quietude \u00e1rtica em janeiro moldando tanto sua arquitetura quanto seu modo de vida.<\/p>\n\n\n\n<p>A moderna Ulaanbaatar remonta a 1639, quando Zanabazar, o primeiro l\u00edder espiritual do budismo mongol, estabeleceu um enclave mon\u00e1stico m\u00f3vel conhecido como \u00d6rg\u00f6\u00f6. N\u00f4made por necessidade, este centro religioso mudou 29 vezes ao longo de quase 140 anos, atado aos ritmos da sociedade pastoril da Mong\u00f3lia. Somente em 1778 \u00d6rg\u00f6\u00f6 abandonou definitivamente a mobilidade, ancorando perto do rio Tuul, ao longo da rota de caravanas entre Kyakhta, na fronteira russo-chinesa, e Pequim. Com a queda da dinastia Qing em 1911, a cidade floresceu al\u00e9m de suas origens eclesi\u00e1sticas, tornando-se um caldeir\u00e3o de independ\u00eancia. Tornou-se a capital do ef\u00eamero Bogd Khanate sob o oitavo Jebtsundamba Khutuktu e, ap\u00f3s a revolu\u00e7\u00e3o comunista de 1921, foi rebatizada de Ulaanbaatar \u2014 Her\u00f3i Vermelho \u2014 em 1924 com o nascimento da Rep\u00fablica Popular da Mong\u00f3lia.<\/p>\n\n\n\n<p>O planejamento da era sovi\u00e9tica transformou a face de Ulaanbaatar na d\u00e9cada de 1950. Gers de madeira deram lugar a blocos de apartamentos uniformes, avenidas se alargaram e pra\u00e7as p\u00fablicas ganharam nova grandiosidade. A Pra\u00e7a S\u00fckhbaatar, no cora\u00e7\u00e3o da cidade, exibe seus her\u00f3is: Damdin S\u00fckhbaatar montado em seu corcel e Gengis Khan olhando para o norte, ladeado pelo Pal\u00e1cio do Governo e pela curva da Avenida da Paz. No entanto, rel\u00edquias do passado perduram \u2014 o Mosteiro de Gandantegchinlen, o Pal\u00e1cio de Inverno de Bogd Khan e o Templo Choijin Lama oferecem lembran\u00e7as da cidade mon\u00e1stica que outrora tra\u00e7ava as rotas de circunvala\u00e7\u00e3o dos peregrinos, agora impressas na malha vi\u00e1ria. Desde que os protestos democr\u00e1ticos de 1990 derrubaram o regime de partido \u00fanico, Ulaanbaatar recebeu migrantes em n\u00fameros sem precedentes, dobrando sua popula\u00e7\u00e3o de menos de um milh\u00e3o em 2007 para aproximadamente 1,6 milh\u00e3o no final de 2022.<\/p>\n\n\n\n<p>Esse r\u00e1pido crescimento ultrapassou a infraestrutura, deixando dois ter\u00e7os dos moradores dos distritos de gers na periferia norte. Sem \u00e1gua pot\u00e1vel, saneamento b\u00e1sico e estradas pavimentadas, esses bairros dependem de gers e fog\u00f5es a carv\u00e3o constru\u00eddos por eles mesmos. No inverno, eles sufocam a cidade com uma n\u00e9voa sufocante, enquanto Ulaanbaatar conquista uma das piores classifica\u00e7\u00f5es de qualidade do ar do planeta. As taxas de pneumonia infantil aumentam e o impacto na sa\u00fade p\u00fablica se torna tang\u00edvel a cada contagem laboratorial de material particulado. Enquanto isso, no n\u00facleo central, um boom na constru\u00e7\u00e3o civil impulsiona novos arranha-c\u00e9us \u2014 alguns licenciados, outros erguidos em um limbo legal \u2014 testemunho de uma economia ao mesmo tempo pujante e desregulamentada.<\/p>\n\n\n\n<p>Como centro pol\u00edtico e financeiro da Mong\u00f3lia, Ulaanbaatar abriga quase metade da popula\u00e7\u00e3o do pa\u00eds dentro de seus limites municipais. Governada separadamente da vizinha prov\u00edncia de T\u00f6v \u2014 cuja capital, Zuunmod, fica 43 quil\u00f4metros ao sul \u2014 a cidade concentra as institui\u00e7\u00f5es culturais, sedes corporativas e art\u00e9rias de transporte do pa\u00eds. MCS Group, Tavan Bogd e Mobicom est\u00e3o entre os conglomerados locais com ra\u00edzes aqui, ao lado de empreendimentos de minera\u00e7\u00e3o estrangeiros que exploram dep\u00f3sitos de ouro pr\u00f3ximos em Boroo e al\u00e9m. Os setores de servi\u00e7os respondem por cerca de 43% do PIB da cidade, enquanto a minera\u00e7\u00e3o contribui com outros 25%. No entanto, o espectro da volatilidade dos pre\u00e7os das commodities, como visto na crise de 2008, estimula iniciativas de diversifica\u00e7\u00e3o, dando origem a startups em tecnologia, finan\u00e7as e turismo.<\/p>\n\n\n\n<p>Dentro dessa tape\u00e7aria urbana florescem formas de arte antigas e modernas. Mosteiros guardam tesouros: a est\u00e1tua dourada de Avalokite\u015bvara, de 26,5 metros, no Mosteiro de Gandan, e as galerias repletas de curiosidades do Templo Choijin Lama sobreviveram aos expurgos que arrasaram tantos locais religiosos. O Museu de Belas Artes de Zanabazar consagra obras-primas do artista-santo mais c\u00e9lebre da Mong\u00f3lia, enquanto o Museu Nacional tra\u00e7a pegadas humanas desde os tempos pr\u00e9-hist\u00f3ricos at\u00e9 o Imp\u00e9rio Mongol. A \u00d3pera de Ulaanbaatar apresenta bal\u00e9 e sinfonia em parceria com institui\u00e7\u00f5es como os grupos de artes c\u00eanicas de Boston. Grupos folcl\u00f3ricos \u2014 Tumen Ekh, o Conjunto Morin Khuur e a Grande Orquestra Nacional Estatal \u2014 viajam pelo mundo, levando a resson\u00e2ncia de longas can\u00e7\u00f5es, violinos com cabe\u00e7a de cavalo e dan\u00e7as de m\u00e1scaras Tsam a palcos distantes.<\/p>\n\n\n\n<p>Parques e \u00e1reas protegidas formam um arco ao redor da cidade. A zona protegida de Bogd Khan Uul, uma rel\u00edquia de conserva\u00e7\u00e3o do s\u00e9culo XII com 67.300 hectares, abriga lari\u00e7os e pinheiros em seus flancos e ecoa as ru\u00ednas do Mosteiro de Manjusri, do s\u00e9culo XII. O Parque Nacional Gorkhi-Terelj, 70 quil\u00f4metros a leste, convida os visitantes a visitar suas trilhas e a est\u00e1tua equestre de Genghis Khan, de 40 metros de altura, espremida em sua base por barracas de souvenirs. Dentro dos limites da cidade, o Parque Nacional de Jardins \u2014 55 hectares plantados com mais de 100.000 \u00e1rvores \u2014 visa instruir os cidad\u00e3os sobre a gest\u00e3o ambiental, enquanto bosques menores homenageiam figuras de outrora ou fomentam a amizade entre Coreia e Mong\u00f3lia.<\/p>\n\n\n\n<p>O tecido urbano de Ulaanbaatar entrela\u00e7a o antigo e o novo. A Avenida da Paz, outrora a Ch\u00f6l\u00f6\u00f6 de \u00d6rg\u00f6\u00f6, estende-se de leste a oeste pela pra\u00e7a central, com suas cal\u00e7adas ladeadas por lojas de departamentos do Estado e caf\u00e9s que oferecem buuz cozido no vapor e doces. O anel vi\u00e1rio Ikh Toiruu tra\u00e7a os caminhos de ora\u00e7\u00e3o dos peregrinos ao redor de templos desaparecidos, cruzando com Narnii Zam, a Estrada do Sol, cortesia da ajuda japonesa. Os distritos de ger ao norte erguem-se logo adiante, com sua malha de ruas de terra pontuada por mercados informais. Ao sul, bairros ricos se espalham em dire\u00e7\u00e3o a Tuul, onde dachas de ver\u00e3o \u2014 zuslan, que lembram as dachas russas \u2014 se empoleiram entre \u00e1lamos e salgueiros, oferecendo churrascos de fim de semana e, ocasionalmente, o cavalo de um pastor pastando ao final do dia.<\/p>\n\n\n\n<p>O transporte p\u00fablico sustenta uma cidade com mais de 660.000 ve\u00edculos registrados. Os \u00f4nibus predominam: 950 ve\u00edculos de dezenove empresas percorrem 105 rotas, transportando quase meio milh\u00e3o de passageiros por dia. Um sistema de tarifa com cart\u00e3o inteligente \u201cU Money\u201d substituiu os cobradores em 2015, agilizando viagens que custam de 300 a 500 t\u00f6gr\u00f6g para adultos. Tr\u00f3lebus e micro-\u00f4nibus preenchem as lacunas; t\u00e1xis oficiais, agora com 372, circulam em pontos marcados, enquanto t\u00e1xis sem licen\u00e7a e aplicativos de transporte por aplicativo como o UBCab prosperam na sombra. O tr\u00e2nsito se arrasta ao longo da Peace Avenue, Ikh Toiruu, Narnii Zam e Chinggis Avenue, com velocidades m\u00e9dias no hor\u00e1rio de pico caindo para menos de 9 km\/h em 2021 e com proje\u00e7\u00e3o de queda ainda maior com o aumento do congestionamento.<\/p>\n\n\n\n<p>Liga\u00e7\u00f5es ferrovi\u00e1rias ligam Ulaanbaatar \u00e0 R\u00fassia e \u00e0 China atrav\u00e9s da Ferrovia Transmongoliana, e cinco helipontos pontilham seu horizonte. O Aeroporto Internacional Chinggis Khaan, inaugurado em 2021 em Sergelen, na prov\u00edncia de T\u00f6v, substituiu o antigo campo Buyant-Ukhaa. Seus terminais abrigam rotas para a Europa, o Leste Asi\u00e1tico e centros de aimag dom\u00e9sticos, ligados \u00e0 cidade por \u00f4nibus circulares e rodovias. Na cidade, os planejadores de transporte lutam contra inunda\u00e7\u00f5es; apenas 16% das estradas pavimentadas possuem drenagem, tornando o degelo da primavera um risco de inunda\u00e7\u00e3o nos bairros mais pobres.<\/p>\n\n\n\n<p>Para os visitantes, a praticidade converge com a hist\u00f3ria. Caixas eletr\u00f4nicos s\u00e3o abundantes \u2014 os bancos Golomt e TDB liberam t\u00f6gr\u00f6g em cart\u00f5es internacionais, embora taxas de cerca de 3% se apliquem, e apenas m\u00e1quinas de aeroporto aceitam Cirrus. Ao longo da Avenida da Paz, casas de c\u00e2mbio oferecem taxas competitivas, enquanto os principais hot\u00e9is trocam moeda a qualquer hora. A criminalidade concentra-se na periferia: \u00e1reas de ger, becos sem ilumina\u00e7\u00e3o e mercados lotados exigem vigil\u00e2ncia contra furtos; o centro da cidade permanece relativamente seguro em compara\u00e7\u00e3o. Incidentes xen\u00f3fobos envolvendo transeuntes embriagados surgem ocasionalmente; a discri\u00e7\u00e3o em bares e t\u00e1xis e viajar em grupos \u00e0 noite mitigam a maior parte dos riscos.<\/p>\n\n\n\n<p>Em sua sexta fase de exist\u00eancia \u2014 a mobilidade mon\u00e1stica de 1639 a 1778; a Urga da dinastia Qing de 1778 a 1924; a Rep\u00fablica Socialista de 1924 a 1990; a conturbada d\u00e9cada de 1990; e o crescimento explosivo desde 2000 \u2014 Ulaanbaatar revela camadas de identidade. Cada estrato deixa vest\u00edgios: cercas de madeira que lembram os recintos dos templos; apartamentos da era sovi\u00e9tica dando lugar a torres envidra\u00e7adas; gers manchados de lama sombreados por letreiros de neon de hot\u00e9is. Em meio a extremos de temperatura e desigualdade, Ulaanbaatar persiste como o centro nervoso da Mong\u00f3lia, forjando a modernidade com base em costumes n\u00f4mades, aprendizado budista e adapta\u00e7\u00e3o resiliente \u00e0s adversidades. Seu horizonte em constante mudan\u00e7a espelha as estepes al\u00e9m \u2014 abertas para o c\u00e9u, moldadas pelo vento e animadas pelas pessoas que chamam este vale frio de lar.<\/p>","protected":false},"excerpt":{"rendered":"<p>Ulaanbaatar, a capital e maior cidade da Mong\u00f3lia, tem uma popula\u00e7\u00e3o de 1,6 milh\u00e3o de habitantes e \u00e9 reconhecida como a capital mais fria do mundo, com base na temperatura m\u00e9dia anual. Esta vibrante cidade, localizada no centro-norte da Mong\u00f3lia, a uma altitude de cerca de 1.300 metros, ostenta uma hist\u00f3ria fascinante que remonta a quase quatro s\u00e9culos. A transforma\u00e7\u00e3o da cidade de um centro mon\u00e1stico budista n\u00f4made em um polo urbano contempor\u00e2neo reflete a rica heran\u00e7a cultural da Mong\u00f3lia e seu desenvolvimento como na\u00e7\u00e3o.<\/p>","protected":false},"author":1,"featured_media":3043,"parent":15411,"menu_order":0,"comment_status":"closed","ping_status":"closed","template":"elementor_theme","meta":{"_eb_attr":"","footnotes":""},"class_list":["post-15420","page","type-page","status-publish","has-post-thumbnail"],"_links":{"self":[{"href":"https:\/\/travelshelper.com\/pt\/wp-json\/wp\/v2\/pages\/15420","targetHints":{"allow":["GET"]}}],"collection":[{"href":"https:\/\/travelshelper.com\/pt\/wp-json\/wp\/v2\/pages"}],"about":[{"href":"https:\/\/travelshelper.com\/pt\/wp-json\/wp\/v2\/types\/page"}],"author":[{"embeddable":true,"href":"https:\/\/travelshelper.com\/pt\/wp-json\/wp\/v2\/users\/1"}],"replies":[{"embeddable":true,"href":"https:\/\/travelshelper.com\/pt\/wp-json\/wp\/v2\/comments?post=15420"}],"version-history":[{"count":0,"href":"https:\/\/travelshelper.com\/pt\/wp-json\/wp\/v2\/pages\/15420\/revisions"}],"up":[{"embeddable":true,"href":"https:\/\/travelshelper.com\/pt\/wp-json\/wp\/v2\/pages\/15411"}],"wp:featuredmedia":[{"embeddable":true,"href":"https:\/\/travelshelper.com\/pt\/wp-json\/wp\/v2\/media\/3043"}],"wp:attachment":[{"href":"https:\/\/travelshelper.com\/pt\/wp-json\/wp\/v2\/media?parent=15420"}],"curies":[{"name":"wp","href":"https:\/\/api.w.org\/{rel}","templated":true}]}}