{"id":15411,"date":"2024-09-20T23:46:15","date_gmt":"2024-09-20T23:46:15","guid":{"rendered":"https:\/\/travelshelper.com\/staging\/?page_id=15411"},"modified":"2026-03-11T18:34:23","modified_gmt":"2026-03-11T18:34:23","slug":"mongolia","status":"publish","type":"page","link":"https:\/\/travelshelper.com\/pt\/destinations\/asia\/mongolia\/","title":{"rendered":"Mong\u00f3lia"},"content":{"rendered":"<p>A Mong\u00f3lia ocupa uma vasta extens\u00e3o do interior asi\u00e1tico, um territ\u00f3rio soberano de aproximadamente 1.564.116 quil\u00f4metros quadrados sem acesso a nenhum mar ou lago. Limitada ao norte pela R\u00fassia e ao sul e sudeste pela China, ela se destaca como a maior na\u00e7\u00e3o sem litoral n\u00e3o adjacente a um mar interior. Seu relevo se desdobra em tra\u00e7os largos: pastagens onduladas se estendem pelo planalto central, enquanto cadeias de montanhas se erguem ao norte e oeste, e o Deserto de Gobi \u2014 uma pastagem mais do que um mar de areia \u00e1rido \u2014 se estende ao longo de seus limites ao sul. Com uma popula\u00e7\u00e3o total que mal ultrapassa 3,5 milh\u00f5es de habitantes, a Mong\u00f3lia det\u00e9m o recorde de menor densidade populacional entre os estados independentes. Metade de seus habitantes reside em Ulaanbaatar, a capital mais fria do mundo, deixando o territ\u00f3rio restante notavelmente aberto e escassamente habitado.<\/p>\n\n\n\n<p>O extremo leste da Mong\u00f3lia situa-se perto de 120\u00b0 E de longitude, alinhando-se aproximadamente com Hangzhou, na China, enquanto sua fronteira oeste se aproxima de 87\u00b0 E \u2014 quase a longitude de Calcut\u00e1. Sua extens\u00e3o latitudinal, de aproximadamente 41\u00b0 N a pouco mais de 52\u00b0 N, coloca o pa\u00eds entre os paralelos de Roma e Berlim, ou entre Chicago e Saskatoon. No entanto, essas refer\u00eancias geogr\u00e1ficas desmentem os extremos clim\u00e1ticos que definem a vida neste planalto. A precipita\u00e7\u00e3o anual diminui de norte a sul, de cerca de 200 a 350 mil\u00edmetros nas terras altas florestadas para at\u00e9 40 mil\u00edmetros em partes do Gobi. Os invernos trazem um anticiclone siberiano implac\u00e1vel, elevando as temperaturas em alguns vales abaixo de -30\u00b0 C, enquanto os ver\u00f5es podem produzir calor intenso e, fora do deserto, rajadas de chuva.<\/p>\n\n\n\n<p>A hist\u00f3ria humana da Mong\u00f3lia remonta a mil\u00eanios de confedera\u00e7\u00f5es n\u00f4mades. Antes da ascens\u00e3o de Genghis Khan em 1206, as estepes foram governadas em diferentes \u00e9pocas pelos Xiongnu, Xianbei, Rouran e sucessivos caganatos turcos e uigures. Quando Tem\u00fcjin \u2014 mais tarde Genghis Khan \u2014 unificou os mong\u00f3is, deu in\u00edcio \u00e0 cria\u00e7\u00e3o do que se tornaria o maior imp\u00e9rio terrestre cont\u00edguo da hist\u00f3ria. Sob seu neto Kublai Khan, a China propriamente dita caiu e a dinastia Yuan foi estabelecida. Ap\u00f3s o colapso do Yuan em 1368, as fac\u00e7\u00f5es mong\u00f3is retornaram \u00e0 rivalidade interna at\u00e9 que as eras de Dayan Khan e Tumen Zasagt Khan trouxeram relativa coes\u00e3o no s\u00e9culo XVI.<\/p>\n\n\n\n<p>Foi tamb\u00e9m durante o s\u00e9culo XVI que o budismo tibetano se enraizou entre os mong\u00f3is. Sob o patroc\u00ednio da dinastia Qing, que absorveu a Mong\u00f3lia Exterior no s\u00e9culo XVII, as institui\u00e7\u00f5es mon\u00e1sticas floresceram: no in\u00edcio do s\u00e9culo XX, um em cada tr\u00eas homens adultos vivia como monge budista. A queda da dinastia Qing em 1911 abriu caminho para uma declara\u00e7\u00e3o de independ\u00eancia; a autonomia total foi assegurada em 1921, seguida apenas pelo estabelecimento de uma rep\u00fablica socialista alinhada aos sovi\u00e9ticos em 1924. Com a revolu\u00e7\u00e3o democr\u00e1tica pac\u00edfica de 1990 e a promulga\u00e7\u00e3o de uma nova constitui\u00e7\u00e3o dois anos depois, a Mong\u00f3lia adotou um sistema multipartid\u00e1rio e iniciou a transi\u00e7\u00e3o para uma economia de mercado.<\/p>\n\n\n\n<p>Hoje, cerca de trinta por cento dos mong\u00f3is mant\u00eam uma exist\u00eancia n\u00f4made ou semin\u00f4made. Os cavalos continuam sendo o eixo da mobilidade e da cultura; as tradicionais gers de feltro (conhecidas em ingl\u00eas como yurts) abrigam fam\u00edlias em movimento, presas a rebanhos de ovelhas, cabras, gado, cavalos ou camelos. Embora os templos-ger tenham evolu\u00eddo para grandes mosteiros com tijolos e vigas nos s\u00e9culos XVI e XVII, a forma cil\u00edndrica e as coberturas de feltro perduram como o emblema da vida mongol. As lamaserias frequentemente come\u00e7aram como aglomerados de gers, expandindo-se posteriormente para sal\u00f5es hexagonais ou dodeca\u00e9dricos, cobertos por telhados piramidais \u2014 aproxima\u00e7\u00f5es da curva de uma ger \u2014 antes de desenvolver bases quadril\u00e1teras e topos em forma de marquise.<\/p>\n\n\n\n<p>Etnicamente, a Mong\u00f3lia \u00e9 amplamente homog\u00eanea: os mong\u00f3is \u00e9tnicos compreendem cerca de noventa e cinco por cento da popula\u00e7\u00e3o, com o subgrupo Khalkha representando oitenta e seis por cento dessa maioria. As minorias turcas \u2014 incluindo cazaques e tuvanos \u2014 constituem cerca de quatro e meio por cento, enquanto russos, chineses, coreanos e americanos formam contingentes menores. Linguisticamente, a l\u00edngua oficial \u00e9 o mongol, um membro da fam\u00edlia das l\u00ednguas mong\u00f3licas, padronizada no dialeto Khalkha. O cazaque predomina em Bayan-\u00d6lgii aimag e o tuvano em partes de Kh\u00f6vsg\u00f6l. Desde a d\u00e9cada de 1940, o mongol foi inscrito em cir\u00edlico; ap\u00f3s a transi\u00e7\u00e3o democr\u00e1tica, houve um modesto renascimento da escrita vertical tradicional, oficialmente restaurada em 2025 para uso legal e administrativo ao lado do cir\u00edlico, embora o uso di\u00e1rio permane\u00e7a amplamente limitado a contextos cerimoniais.<\/p>\n\n\n\n<p>A religi\u00e3o na Mong\u00f3lia reflete camadas de cren\u00e7a: o budismo Vajrayana \u00e9 praticado por pouco mais de cinquenta por cento da popula\u00e7\u00e3o adulta, enquanto quarenta por cento se identificam como n\u00e3o religiosos. As pr\u00e1ticas xam\u00e2nicas perduram como substrato cultural, e o islamismo, principalmente entre os cazaques \u00e9tnicos, representa cerca de tr\u00eas por cento. A mistura de rituais budistas e xam\u00e2nicos continua a moldar cerim\u00f4nias comunit\u00e1rias e individuais, desde oferendas sazonais at\u00e9 enterros celestes em vales remotos.<\/p>\n\n\n\n<p>A economia da Mong\u00f3lia se baseia em sua heran\u00e7a pastoral e em sua riqueza mineral. A pecu\u00e1ria e a agricultura, juntas, representam cerca de dezesseis por cento do PIB; a minera\u00e7\u00e3o \u2014 concentrada em cobre, carv\u00e3o, molibd\u00eanio, estanho, tungst\u00eanio e ouro \u2014 contribui com cerca de vinte e dois por cento. A produ\u00e7\u00e3o de caxemira, sozinha, representa um quinto da produ\u00e7\u00e3o bruta mundial. O com\u00e9rcio atacadista e varejista, os servi\u00e7os, o transporte, a armazenagem e o mercado imobili\u00e1rio tamb\u00e9m ocupam parcelas significativas na composi\u00e7\u00e3o econ\u00f4mica. No entanto, al\u00e9m desses setores formais, uma economia informal \u2014 estimada em pelo menos um ter\u00e7o do PIB oficial \u2014 permeia a vida rural e urbana.<\/p>\n\n\n\n<p>O com\u00e9rcio externo do pa\u00eds \u00e9 fortemente orientado para a China, que absorve quase oitenta por cento das exporta\u00e7\u00f5es, enquanto fornece um pouco mais de um ter\u00e7o das importa\u00e7\u00f5es. Em 2023, o crescimento real do PIB da Mong\u00f3lia atingiu sete por cento, impulsionado em grande parte pela produ\u00e7\u00e3o recorde de carv\u00e3o para o mercado chin\u00eas; os menores custos globais de alimentos e combust\u00edveis ajudaram a conter a infla\u00e7\u00e3o para cerca de sete por cento no in\u00edcio de 2024. Apesar de um aumento robusto nos volumes de importa\u00e7\u00e3o, um super\u00e1vit em conta corrente foi registrado, embora quedas nos pre\u00e7os das commodities possam alterar o equil\u00edbrio nos pr\u00f3ximos anos. O Banco Mundial considera as perspectivas de m\u00e9dio prazo da Mong\u00f3lia como promissoras, temperadas por press\u00f5es inflacion\u00e1rias, flutua\u00e7\u00f5es da demanda externa e riscos fiscais vinculados a passivos contingentes. De acordo com o Banco Asi\u00e1tico de Desenvolvimento, cerca de vinte e sete por cento dos mong\u00f3is viviam abaixo da linha nacional de pobreza em 2022, enquanto o PIB per capita era pr\u00f3ximo a doze mil d\u00f3lares americanos.<\/p>\n\n\n\n<p>A infraestrutura financeira inclui a Bolsa de Valores da Mong\u00f3lia, criada em 1991. Em 2024, ela listava cerca de 180 empresas, com uma capitaliza\u00e7\u00e3o de mercado combinada de aproximadamente 3,2 bilh\u00f5es de d\u00f3lares americanos. A Corpora\u00e7\u00e3o Financeira Internacional (IFC) classificou a Mong\u00f3lia em octog\u00e9simo primeiro lugar globalmente em facilidade para fazer neg\u00f3cios. Os servi\u00e7os banc\u00e1rios e de cr\u00e9dito concentram-se em Ulaanbaatar e em alguns centros provinciais, deixando muitas comunidades regionais dependentes de empr\u00e9stimos informais ou escambo.<\/p>\n\n\n\n<p>Art\u00e9rias de transporte atravessam a imensid\u00e3o do pa\u00eds. A Ferrovia Transmongoliana liga a linha Transiberiana em Ulan-Ude, na R\u00fassia, atravessa Ulaanbaatar e segue para o sul para se conectar \u00e0s redes ferrovi\u00e1rias chinesas em Erenhot. Uma liga\u00e7\u00e3o separada de carga, dos campos de carv\u00e3o de Tavan Tolgoi at\u00e9 a fronteira chinesa, abrange cerca de 233 quil\u00f4metros. As estradas al\u00e9m dos corredores pavimentados de Ulaanbaatar tendem a ser de cascalho ou trilhos simples; as rotas pavimentadas estendem-se para oeste e leste ao longo da Estrada do Mil\u00eanio, at\u00e9 as fronteiras russa e chinesa, e entre as principais cidades. Os projetos de constru\u00e7\u00e3o de estradas visam melhorar a conectividade, mas existem apenas cerca de 4.800 quil\u00f4metros de estradas pavimentadas, dos quais 1.800 quil\u00f4metros foram conclu\u00eddos somente em 2013.<\/p>\n\n\n\n<p>O transporte a\u00e9reo atende tanto \u00e0s necessidades dom\u00e9sticas quanto internacionais. O Aeroporto Internacional Chinggis Khaan, a cerca de 52 quil\u00f4metros ao sul de Ulaanbaatar, \u00e9 a principal porta de entrada. Voos diretos ligam a Mong\u00f3lia \u00e0 Coreia do Sul, China, Tail\u00e2ndia, Hong Kong, Jap\u00e3o, R\u00fassia, Alemanha e Turquia. A MIAT Mongolian Airlines opera rotas internacionais; companhias a\u00e9reas como a Aero Mongolia e a Hunnu Airlines oferecem voos dom\u00e9sticos e regionais.<\/p>\n\n\n\n<p>Administrativamente, a Mong\u00f3lia \u00e9 dividida em vinte e uma aimags (prov\u00edncias) e um munic\u00edpio provincial, Ulaanbaatar. Cada aimag compreende v\u00e1rios soums (subprov\u00edncias), tipicamente com quinze a vinte e dois por prov\u00edncia. Cultural e geograficamente, o pa\u00eds pode ser segmentado em cinco regi\u00f5es: Mong\u00f3lia Central (abrangendo Ulaanbaatar e Arkhangai), Mong\u00f3lia Oriental (o cora\u00e7\u00e3o das estepes e local de nascimento de Genghis Khan), o Gobi, Mong\u00f3lia Setentrional (altas florestas e o Lago Kh\u00f6vsg\u00f6l) e Mong\u00f3lia Ocidental (diversas tribos ao redor do Lago Uvs e do maci\u00e7o de Tavan Bogd).<\/p>\n\n\n\n<p>O maci\u00e7o de Tavan Bogd, no extremo oeste da Mong\u00f3lia, atinge seu z\u00eanite no Pico Kh\u00fciten (4.374 m). Pr\u00f3ximo, o Lago Uvs e sua bacia circundante \u2014 compartilhados com a Rep\u00fablica Russa de Tuva \u2014 constituem Patrim\u00f4nio Mundial da UNESCO. O Lago Kh\u00f6vsg\u00f6l, um vasto corpo de \u00e1gua doce ao norte, oferece paisagens alpinas e abriga esp\u00e9cies aqu\u00e1ticas \u00fanicas, como o camar\u00e3o-siberiano. Os rios Onon e Kherlen, afluentes orientais da bacia do Amur, abrigam a lampreia-de-riacho-oriental e o lagostim-dauriano e a ostra-perolada. Epis\u00f3dios de frio extremo, conhecidos localmente como zud, dizimam periodicamente o gado, ressaltando a fragilidade das pastagens e os riscos econ\u00f4micos da pastor\u00edcia.<\/p>\n\n\n\n<p>A bandeira da Mong\u00f3lia ostenta o s\u00edmbolo do Soyombo: um emblema estilizado de fogo e sol representando o sol, a lua, as estrelas e o c\u00e9u, inspirado na cosmologia budista. Este \u00edcone tamb\u00e9m aparece nas portas de ger, em moedas e em pr\u00e9dios p\u00fablicos. Falando em dinheiro, o t\u00f6gr\u00f6g mongol (c\u00f3digo ISO MNT, s\u00edmbolo \u20ae) circula em valores de 1 a 20.000. Fora do pa\u00eds, a troca por t\u00f6gr\u00f6g \u00e9 rara; recomenda-se que os viajantes levem d\u00f3lares americanos para despesas maiores, embora o t\u00f6gr\u00f6g de pequeno valor continue essencial para transa\u00e7\u00f5es rurais.<\/p>\n\n\n\n<p>As pr\u00e1ticas culin\u00e1rias refletem o clima e a economia pastoril. Latic\u00ednios \u2014 byaslag (queijo fresco), \u00f6r\u00f6m (creme de leite coalhado) e aaruul (coalhada seca) \u2014 e carne dominam a dieta. Buuz (bolinhos de carne cozidos no vapor), khuushuur (p\u00e3es achatados fritos e recheados com carne) e tsuivan (macarr\u00e3o frito com carne) constituem os alimentos b\u00e1sicos urbanos, cada um custando alguns milhares de t\u00f6gr\u00f6g. Pastores rurais podem preparar boodog, um assado de cabra ou marmota cozido dentro da pele do animal por meio de pedras aquecidas, ou khorkhog, no qual carneiro, vegetais e pedras quentes cozinham em fogo baixo em uma chaleira selada. Airag \u2014 leite de \u00e9gua fermentado \u2014 \u00e9 a bebida tradicional, enquanto arkhi \u2014 licor de leite destilado \u2014 serve tanto para fins medicinais quanto sociais. Marcas de vodca da Mong\u00f3lia, como Chinggis Khaan, Soyombo e Golden Chinggis, est\u00e3o amplamente dispon\u00edveis, assim como cervejas importadas e locais.<\/p>\n\n\n\n<p>Os turistas encontram poucas estradas formais fora dos grandes centros; as viagens terrestres frequentemente envolvem dirigir por estepes abertas, cavalgadas, caravanas de camelos no Gobi ou at\u00e9 mesmo refazer trechos da antiga Rota da Seda. As acomoda\u00e7\u00f5es variam de acampamentos de gers perto de Ulaanbaatar a alojamentos b\u00e1sicos em cidades provinciais, com muitos viajantes optando por pernoitar com fam\u00edlias n\u00f4mades \u2014 uma oportunidade de compartilhar refei\u00e7\u00f5es de carneiro cozido e ch\u00e1 com leite e testemunhar cantos guturais, ca\u00e7a \u00e0 \u00e1guia ou cerim\u00f4nias xam\u00e2nicas. Os entusiastas da vida selvagem podem procurar o cavalo de Przewalski no Parque Nacional Khustain Nuruu, o \u00edbex-siberiano em Altai Tavan Bogd ou as migra\u00e7\u00f5es de p\u00e1ssaros em Uvs Nuur.<\/p>\n\n\n\n<p>Considera\u00e7\u00f5es de seguran\u00e7a incluem condi\u00e7\u00f5es clim\u00e1ticas imprevis\u00edveis, especialmente no inverno, e c\u00e3es de guarda circulando em \u00e1reas rurais. A aus\u00eancia de tampas de bueiro em zonas urbanas e periurbanas representa riscos ocultos, principalmente em condi\u00e7\u00f5es de baixa visibilidade. Os visitantes devem respeitar as sensibilidades locais, principalmente o forte sentimento anti-China: refer\u00eancias \u00e0 Mong\u00f3lia Interior como Mong\u00f3lia Meridional ou cr\u00edticas \u00e0 pol\u00edtica chinesa podem ser ofensivas.<\/p>\n\n\n\n<p>A Mong\u00f3lia continua sendo uma das \u00faltimas extens\u00f5es de terra aberta onde as tradi\u00e7\u00f5es n\u00f4mades persistem em grande escala. Seus picos e desertos, suas estepes pontilhadas de ger\u00e2nios e sua cidade semi-perdida em camadas de invers\u00e3o invernal formam uma na\u00e7\u00e3o antiga e adapt\u00e1vel, moldada pelo clima, pela conquista e pelas culturas resilientes das estepes. Aqui, sob a &#034;Terra do C\u00e9u Azul&#034;, aspira\u00e7\u00f5es modernas e ritmos ancestrais coexistem em uma paisagem t\u00e3o formid\u00e1vel quanto vasta.<\/p>","protected":false},"excerpt":{"rendered":"<p>A Mong\u00f3lia, situada no Leste Asi\u00e1tico, \u00e9 uma na\u00e7\u00e3o sem litoral com uma popula\u00e7\u00e3o de 3,5 milh\u00f5es de habitantes. Ela se distingue por ser o estado soberano mais escassamente povoado do mundo, abrangendo uma vasta \u00e1rea de 1.564.116 quil\u00f4metros quadrados. Este pa\u00eds extenso, situado entre a R\u00fassia ao norte e a China ao sul, apresenta um relevo variado que abrange estepes gram\u00edneas, \u00e1reas montanhosas e o famoso Deserto de Gobi. A Mong\u00f3lia, o maior pa\u00eds sem litoral sem acesso a um mar fechado, apresenta um perfil geogr\u00e1fico distinto que influenciou sua hist\u00f3ria, cultura e desenvolvimento.<\/p>","protected":false},"author":1,"featured_media":4234,"parent":24063,"menu_order":0,"comment_status":"closed","ping_status":"closed","template":"elementor_theme","meta":{"_eb_attr":"","footnotes":""},"class_list":["post-15411","page","type-page","status-publish","has-post-thumbnail"],"_links":{"self":[{"href":"https:\/\/travelshelper.com\/pt\/wp-json\/wp\/v2\/pages\/15411","targetHints":{"allow":["GET"]}}],"collection":[{"href":"https:\/\/travelshelper.com\/pt\/wp-json\/wp\/v2\/pages"}],"about":[{"href":"https:\/\/travelshelper.com\/pt\/wp-json\/wp\/v2\/types\/page"}],"author":[{"embeddable":true,"href":"https:\/\/travelshelper.com\/pt\/wp-json\/wp\/v2\/users\/1"}],"replies":[{"embeddable":true,"href":"https:\/\/travelshelper.com\/pt\/wp-json\/wp\/v2\/comments?post=15411"}],"version-history":[{"count":0,"href":"https:\/\/travelshelper.com\/pt\/wp-json\/wp\/v2\/pages\/15411\/revisions"}],"up":[{"embeddable":true,"href":"https:\/\/travelshelper.com\/pt\/wp-json\/wp\/v2\/pages\/24063"}],"wp:featuredmedia":[{"embeddable":true,"href":"https:\/\/travelshelper.com\/pt\/wp-json\/wp\/v2\/media\/4234"}],"wp:attachment":[{"href":"https:\/\/travelshelper.com\/pt\/wp-json\/wp\/v2\/media?parent=15411"}],"curies":[{"name":"wp","href":"https:\/\/api.w.org\/{rel}","templated":true}]}}