{"id":15241,"date":"2024-09-20T19:44:33","date_gmt":"2024-09-20T19:44:33","guid":{"rendered":"https:\/\/travelshelper.com\/staging\/?page_id=15241"},"modified":"2026-03-11T19:15:03","modified_gmt":"2026-03-11T19:15:03","slug":"filipinas","status":"publish","type":"page","link":"https:\/\/travelshelper.com\/pt\/destinations\/asia\/philippines\/","title":{"rendered":"Filipinas"},"content":{"rendered":"<p>As Filipinas s\u00e3o uma rep\u00fablica arquipel\u00e1gica com mais de 7.600 ilhas espalhadas pelo Pac\u00edfico Ocidental. Sua extens\u00e3o territorial \u2014 aproximadamente 300.000 quil\u00f4metros quadrados \u2014 abrange cerca de 1.850 quil\u00f4metros da ilha de Luzon, ao norte, at\u00e9 Mindanao, ao sul. Essas ilhas se dividem em tr\u00eas grupos principais: Luzon, Visayas e Mindanao. O litoral do pa\u00eds \u2014 medindo mais de 36.000 quil\u00f4metros no total \u2014 \u00e9 banhado pelo Mar da China Meridional, pelo Mar das Filipinas e pelo Mar das Celebes. As fronteiras mar\u00edtimas abrangem Taiwan, Jap\u00e3o, Palau, Indon\u00e9sia, Mal\u00e1sia, Vietn\u00e3 e China. Manila \u00e9 a capital, enquanto Quezon City, tamb\u00e9m dentro da regi\u00e3o metropolitana de Manila, det\u00e9m o t\u00edtulo de cidade mais populosa. Com mais de 110 milh\u00f5es de habitantes, as Filipinas ocupam a d\u00e9cima segunda posi\u00e7\u00e3o em popula\u00e7\u00e3o mundial.<\/p>\n\n\n\n<p>O Monte Apo, o pico mais alto do pa\u00eds, com 2.954 metros, permanece como sentinela sobre o sul de Mindanao. No norte de Luzon, o rio Cagayan corre por mais de 520 quil\u00f4metros antes de desaguar no Canal Babuyan. A Ba\u00eda de Manila \u2014 em cujas margens fica a capital \u2014 liga-se, atrav\u00e9s do rio Pasig, \u00e0 Laguna de Bay, o maior lago do arquip\u00e9lago. O local fica na borda oeste do Anel de Fogo do Pac\u00edfico, onde ocorrem cinco terremotos registrados diariamente. Embora a maioria dos tremores passe despercebida, as ilhas registraram grandes eventos \u2014 o terremoto do Golfo de Moro em 1976 e o \u200b\u200btremor de Luzon em 1990, entre eles. Vinte e tr\u00eas vulc\u00f5es permanecem ativos; Mayon, Taal, Canlaon e Bulusan lideram em frequ\u00eancia eruptiva.<\/p>\n\n\n\n<p>Sob suas turbul\u00eancias s\u00edsmicas, as Filipinas abrigam riquezas minerais substanciais. Sua geologia produz dep\u00f3sitos inexplorados de ouro \u2014 superados apenas pela \u00c1frica do Sul \u2014 juntamente com cobre, pal\u00e1dio, n\u00edquel, cromo, molibd\u00eanio, platina e zinco. No entanto, preocupa\u00e7\u00f5es ambientais e resist\u00eancia social t\u00eam mantido grandes \u00e1reas subdesenvolvidas. Acima do solo, o arquip\u00e9lago abriga um dos centros de biodiversidade mais ricos do planeta. Suas florestas abrigam cerca de 13.500 esp\u00e9cies de plantas \u2014 3.500 end\u00eamicas \u2014 incluindo 8.000 plantas com flores e quase mil orqu\u00eddeas. A fauna conta com mais de 20.000 insetos, 686 esp\u00e9cies de aves e mais de 500 esp\u00e9cies de r\u00e9pteis e mam\u00edferos, muitas delas n\u00e3o encontradas em nenhum outro lugar. Os ecossistemas marinhos, situados no Tri\u00e2ngulo de Coral, ostentam a maior diversidade de peixes costeiros do mundo e mais de 3.200 esp\u00e9cies de peixes registradas.<\/p>\n\n\n\n<p>Situadas perto do Equador, as Filipinas apresentam um clima tropical mar\u00edtimo com tr\u00eas esta\u00e7\u00f5es: um intervalo quente e seco de mar\u00e7o a maio; chuvas de junho a novembro; e meses mais frios e secos de dezembro a fevereiro. A precipita\u00e7\u00e3o anual varia drasticamente \u2014 at\u00e9 5.000 mm nas encostas expostas do leste, menos de 1.000 mm em vales protegidos. Os ventos das mon\u00e7\u00f5es mudam duas vezes por ano: o &#034;habagat&#034; de sudoeste e o &#034;amihan&#034; de nordeste. Anualmente, cerca de dezenove ciclones tropicais entram na \u00c1rea de Responsabilidade das Filipinas; oito ou nove normalmente atingem o continente. Registros hist\u00f3ricos mostram que a tempestade mais pesada atingiu 2.210 mm ao redor de Baguio em meados de julho de 1911. A vulnerabilidade do arquip\u00e9lago a condi\u00e7\u00f5es clim\u00e1ticas extremas e \u00e0 eleva\u00e7\u00e3o do n\u00edvel do mar o coloca entre as na\u00e7\u00f5es mais sens\u00edveis ao clima do mundo.<\/p>\n\n\n\n<p>Para proteger sua riqueza natural, o governo designou mais de 200 \u00e1reas protegidas, abrangendo mais de 7,7 milh\u00f5es de hectares. Tr\u00eas locais \u2014 o Recife de Tubbataha, o Rio Subterr\u00e2neo de Puerto Princesa e o Santu\u00e1rio de Vida Selvagem do Monte Hamiguitan \u2014 s\u00e3o Patrim\u00f4nio Mundial da UNESCO. O reflorestamento e a restaura\u00e7\u00e3o de habitats t\u00eam apresentado progressos modestos em um contexto de desmatamento secular, que reduziu a cobertura florestal de 70% em 1900 para menos de 20% no final do s\u00e9culo XX.<\/p>\n\n\n\n<p>Muito antes do contato com os europeus, os negritos habitavam as ilhas. Eles foram sucedidos por ondas sucessivas de marinheiros austron\u00e9sios que trouxeram cren\u00e7as animistas, seguidas por ideias hindu-budistas e pela cultura marcial do islamismo no sul. A partir do s\u00e9culo IX, os la\u00e7os comerciais com dinastias chinesas levaram \u00e0 chegada e integra\u00e7\u00e3o de comerciantes chineses. Em 1543, o navegador espanhol Ruy L\u00f3pez de Villalobos batizou as ilhas de &#034;Las Islas Filipinas&#034; em homenagem a Filipe II de Castela. Ao longo dos tr\u00eas s\u00e9culos seguintes, a Espanha consolidou o catolicismo como a f\u00e9 dominante e fez de Manila um pilar fundamental no com\u00e9rcio de gale\u00f5es entre a \u00c1sia e as Am\u00e9ricas, atraindo colonos da Pen\u00ednsula Ib\u00e9rica e da Am\u00e9rica Latina.<\/p>\n\n\n\n<p>No final do s\u00e9culo XIX, o sentimento nacionalista deu origem \u00e0 Revolu\u00e7\u00e3o Filipina de 1896. A subsequente Guerra Hispano-Americana, em 1898, resultou na cess\u00e3o do territ\u00f3rio pela Espanha aos Estados Unidos. L\u00edderes filipinos proclamaram a Primeira Rep\u00fablica das Filipinas, mas a Guerra Filipino-Americana se seguiu, deixando o arquip\u00e9lago sob controle americano. A ocupa\u00e7\u00e3o japonesa seguiu na Segunda Guerra Mundial, at\u00e9 que as for\u00e7as americanas libertaram o pa\u00eds em 1945. Em 4 de julho de 1946, as Filipinas conquistaram a independ\u00eancia total.<\/p>\n\n\n\n<p>A democracia do p\u00f3s-guerra sofreu uma interrup\u00e7\u00e3o durante a presid\u00eancia de Ferdinand Marcos, marcada pela lei marcial de 1972 a 1981. A Revolu\u00e7\u00e3o do Poder Popular de 1986 derrubou Marcos sem derramamento de sangue e levou \u00e0 Constitui\u00e7\u00e3o da Quinta Rep\u00fablica de 1987. Desde ent\u00e3o, a na\u00e7\u00e3o mant\u00e9m um sistema presidencial unit\u00e1rio. No entanto, problemas de pobreza, desigualdade e corrup\u00e7\u00e3o institucional persistem. Os grupos etnolingu\u00edsticos somam mais de 100, incluindo tagalo, visaya, ilocano, bikol e waray, al\u00e9m de comunidades ind\u00edgenas como os igorot e lumad. Aproximadamente 60% da popula\u00e7\u00e3o vive em \u00e1reas costeiras e mais da metade em centros urbanos.<\/p>\n\n\n\n<p>A economia filipina \u2014 34\u00aa maior do mundo em PIB nominal \u2014 migrou da agricultura para os servi\u00e7os e a ind\u00fastria. Em 2025, sua produ\u00e7\u00e3o \u00e9 estimada em US$ 508 bilh\u00f5es. A for\u00e7a de trabalho se aproxima de 50 milh\u00f5es, com uma taxa de desemprego pr\u00f3xima a 3%. As reservas internacionais ultrapassam US$ 100 bilh\u00f5es, e a rela\u00e7\u00e3o d\u00edvida\/PIB caiu de uma alta recente de 63,7% para cerca de 60%. O peso ancora as transa\u00e7\u00f5es dom\u00e9sticas.<\/p>\n\n\n\n<p>O pa\u00eds continua sendo um importador l\u00edquido e carrega d\u00edvida externa. Suas principais exporta\u00e7\u00f5es incluem semicondutores, m\u00e1quinas el\u00e9tricas e componentes eletr\u00f4nicos, enquanto as principais importa\u00e7\u00f5es variam de m\u00e1quinas a combust\u00edveis minerais. As exporta\u00e7\u00f5es agr\u00edcolas \u2014 coco, banana e abacaxi \u2014 complementam seu status como o maior produtor mundial de abac\u00e1 e um dos principais exportadores de min\u00e9rio de n\u00edquel. Desde 2010, o crescimento do PIB tem sido em m\u00e9dia de 6% a 7% ao ano, impulsionado principalmente pelo setor de servi\u00e7os. Mas os ganhos econ\u00f4micos se concentram na regi\u00e3o metropolitana de Manila, aprofundando as disparidades regionais. As remessas de trabalhadores filipinos no exterior \u2014 totalizando mais de US$ 37 bilh\u00f5es em 2023 \u2014 representam aproximadamente 8,5% do PIB. A terceiriza\u00e7\u00e3o de processos de neg\u00f3cios floresceu: cerca de 1,3 milh\u00e3o de filipinos trabalham em call centers em todo o mundo.<\/p>\n\n\n\n<p>As rodovias transportam quase todas as viagens intermunicipais e mais da metade da movimenta\u00e7\u00e3o de cargas. A Rodovia Pan-Filipina conecta as principais ilhas, enquanto a Rodovia N\u00e1utica Strong Republic integra rodovias e linhas de balsas. Os ic\u00f4nicos jeepneys compartilham art\u00e9rias com \u00f4nibus, vans e triciclos. O congestionamento cr\u00f4nico assola a regi\u00e3o metropolitana de Manila. O servi\u00e7o ferrovi\u00e1rio permanece escasso, limitado principalmente \u00e0 regi\u00e3o metropolitana de Manila e prov\u00edncias vizinhas, embora um plano de revitaliza\u00e7\u00e3o preveja a expans\u00e3o da extens\u00e3o das linhas dos atuais menos de 80 km para mais de 240 km. O transporte a\u00e9reo concentra-se no Aeroporto Internacional Ninoy Aquino e em uma rede de 90 aeroportos estatais, sendo oito internacionais. A Philippine Airlines e a Cebu Pacific dominam os voos dom\u00e9sticos. As conex\u00f5es mar\u00edtimas, desde as tradicionais bancas at\u00e9 os navios modernos, conectam mais de 1.800 portos; Manila, Batangas, Cebu e outros ancoram a Rede de Transporte da ASEAN.<\/p>\n\n\n\n<p>Com uma idade m\u00e9dia de 25 anos e uma taxa de crescimento decrescente, as Filipinas s\u00e3o jovens, mas est\u00e3o se urbanizando: mais da metade de seus cidad\u00e3os vive em cidades. A pobreza caiu de quase 50% em 1985 para cerca de 18% em 2021, e a desigualdade de renda diminuiu desde 2012. A diversidade \u00e9tnica e lingu\u00edstica permanece alta, moldada por s\u00e9culos de migra\u00e7\u00e3o e diversos legados coloniais.<\/p>\n\n\n\n<p>Embora o estado seja laico, a f\u00e9 desempenha um papel central. Quase 79% dos filipinos aderem ao catolicismo romano; denomina\u00e7\u00f5es protestantes e igrejas locais independentes comp\u00f5em a maioria crist\u00e3. O islamismo, predominantemente sunita, representa cerca de 6% da popula\u00e7\u00e3o, concentrada em Mindanao e ilhas adjacentes.<\/p>\n\n\n\n<p>A arte filipina remonta a esculturas e objetos rituais ind\u00edgenas. O dom\u00ednio espanhol introduziu a pintura e a escultura religiosas; figuras-chave incluem o entalhador de ret\u00e1bulos Juan de los Santos e o pintor Damian Domingo, fundador da primeira academia de arte em Binondo em 1821. Juan Luna e F\u00e9lix Resurrecci\u00f3n Hidalgo conquistaram reconhecimento internacional no final do s\u00e9culo XIX. O modernismo se consolidou nas obras de Victorio Edades nas d\u00e9cadas de 1920 e 1930, enquanto as cenas pastorais de Fernando Amorsolo definiram as paisagens de meados do s\u00e9culo.<\/p>\n\n\n\n<p>As moradias tradicionais variam do bahay kubo de nipa e bambu ao bahay na bato de pedra e madeira das cidades da era espanhola. Igrejas barrocas resistentes a terremotos \u2014 quatro das quais formam um conjunto tombado pela UNESCO \u2014 testemunham a adapta\u00e7\u00e3o local de estilos europeus. Os planos diretores do per\u00edodo americano de Daniel Burnham moldaram partes de Manila e Baguio, introduzindo edif\u00edcios governamentais neocl\u00e1ssicos e teatros Art D\u00e9co.<\/p>\n\n\n\n<p>A culin\u00e1ria filipina combina influ\u00eancias malaias, espanholas, chinesas e americanas, com uma prefer\u00eancia por sabores equilibrados entre doce, azedo e salgado. Existem in\u00fameras varia\u00e7\u00f5es regionais \u2014 o arroz continua sendo um alimento b\u00e1sico, embora a mandioca prevale\u00e7a em algumas comunidades do sul. O adobo serve como prato nacional n\u00e3o oficial; lech\u00f3n, sinigang, pancit e lumpia preenchem as mesas di\u00e1rias. Sobremesas \u2014 kakanin como bibingka e suman \u2014 apresentam ingredientes ind\u00edgenas como ube e calamansi. As refei\u00e7\u00f5es s\u00e3o feitas com colher e garfo, embora a tradi\u00e7\u00e3o comunit\u00e1ria kamayan de comer com as m\u00e3os persista.<\/p>\n\n\n\n<p>A etiqueta filipina reflete as ra\u00edzes do leste asi\u00e1tico e hisp\u00e2nicas. A comunica\u00e7\u00e3o indireta honra hiya (vergonha) e delicadeza (dec\u00eancia), enquanto as intera\u00e7\u00f5es entre homens e mulheres carregam um machismo cort\u00eas. Os mais velhos merecem respeito e prioridade nos assentos no transporte p\u00fablico; os visitantes devem se dirigir aos mais velhos usando honor\u00edficos educados. A hospitalidade \u00e9 genu\u00edna; uma sauda\u00e7\u00e3o calorosa e o uso de termos locais \u2014 po e opo em tagalo \u2014 s\u00e3o muito \u00fateis. A pontualidade, no entanto, muitas vezes cede lugar \u00e0 flexibilidade social conhecida como &#034;tempo filipino&#034;.<\/p>\n\n\n\n<p>Evite gritos ou confrontos abertos. Ao corrigir algu\u00e9m, opte pela privacidade. Demonstra\u00e7\u00f5es p\u00fablicas de afeto, embora toleradas nas cidades, continuam sendo controversas em outros lugares. Os la\u00e7os familiares se estendem por gera\u00e7\u00f5es sob o mesmo teto; falar mal de parentes \u00e9 um convite \u00e0 ofensa.<\/p>\n\n\n\n<p>O turismo contribui modestamente \u2014 cerca de 5% do PIB \u2014, mas as Filipinas atraem mergulhadores, banhistas e viajantes culturais. Boracay, El Nido e Coron frequentemente lideram listas internacionais; Cebu, Bohol e Siargao oferecem sol, surfe e patrim\u00f4nio cultural. A infraestrutura varia de acordo com a regi\u00e3o, mas muitos filipinos falam ingl\u00eas e recebem estrangeiros com sorrisos largos. Os viajantes devem respeitar as leis locais, os costumes e abra\u00e7ar os contrastes desiguais do pa\u00eds: arranha-c\u00e9us reluzentes ao lado de assentamentos informais, praias serenas em meio a colinas vulc\u00e2nicas, devo\u00e7\u00e3o silenciosa em meio a festivais vibrantes.<\/p>\n\n\n\n<p>Em cada ilha, em cada cidade, as Filipinas apresentam um di\u00e1logo constante entre terra e mar, passado e presente, desafio e resili\u00eancia. Sua for\u00e7a reside no hibridismo \u2014 de povos, paisagens e hist\u00f3rias \u2014 unidos pela f\u00e9 compartilhada, pela festividade e por um otimismo sereno que perdura apesar das tempestades, terremotos e dos fardos da pol\u00edtica. Conhecer as Filipinas \u00e9 testemunhar uma na\u00e7\u00e3o que se reinventa continuamente, ilha por ilha, gera\u00e7\u00e3o ap\u00f3s gera\u00e7\u00e3o.<\/p>","protected":false},"excerpt":{"rendered":"<p>As Filipinas s\u00e3o um arquip\u00e9lago localizado no Sudeste Asi\u00e1tico, com uma popula\u00e7\u00e3o superior a 110 milh\u00f5es de habitantes, distribu\u00eddos por 7.641 ilhas. A Rep\u00fablica das Filipinas est\u00e1 situada em uma localiza\u00e7\u00e3o estrat\u00e9gica no oeste do Oceano Pac\u00edfico, abrangendo uma \u00e1rea de aproximadamente 300.000 quil\u00f4metros quadrados. O arquip\u00e9lago filipino compreende tr\u00eas regi\u00f5es geogr\u00e1ficas principais: Luzon ao norte, Visayas na regi\u00e3o central e Mindanao ao sul. As ilhas s\u00e3o banhadas por grandes massas de \u00e1gua: o Mar da China Meridional a oeste, o Mar das Filipinas a leste e o Mar das Celebes ao sul. Essas caracter\u00edsticas refor\u00e7am a heran\u00e7a mar\u00edtima do pa\u00eds e sustentam um ecossistema diversificado.<\/p>","protected":false},"author":1,"featured_media":3745,"parent":24063,"menu_order":0,"comment_status":"closed","ping_status":"closed","template":"elementor_theme","meta":{"_eb_attr":"","footnotes":""},"class_list":["post-15241","page","type-page","status-publish","has-post-thumbnail"],"_links":{"self":[{"href":"https:\/\/travelshelper.com\/pt\/wp-json\/wp\/v2\/pages\/15241","targetHints":{"allow":["GET"]}}],"collection":[{"href":"https:\/\/travelshelper.com\/pt\/wp-json\/wp\/v2\/pages"}],"about":[{"href":"https:\/\/travelshelper.com\/pt\/wp-json\/wp\/v2\/types\/page"}],"author":[{"embeddable":true,"href":"https:\/\/travelshelper.com\/pt\/wp-json\/wp\/v2\/users\/1"}],"replies":[{"embeddable":true,"href":"https:\/\/travelshelper.com\/pt\/wp-json\/wp\/v2\/comments?post=15241"}],"version-history":[{"count":0,"href":"https:\/\/travelshelper.com\/pt\/wp-json\/wp\/v2\/pages\/15241\/revisions"}],"up":[{"embeddable":true,"href":"https:\/\/travelshelper.com\/pt\/wp-json\/wp\/v2\/pages\/24063"}],"wp:featuredmedia":[{"embeddable":true,"href":"https:\/\/travelshelper.com\/pt\/wp-json\/wp\/v2\/media\/3745"}],"wp:attachment":[{"href":"https:\/\/travelshelper.com\/pt\/wp-json\/wp\/v2\/media?parent=15241"}],"curies":[{"name":"wp","href":"https:\/\/api.w.org\/{rel}","templated":true}]}}