{"id":15033,"date":"2024-09-20T14:08:14","date_gmt":"2024-09-20T14:08:14","guid":{"rendered":"https:\/\/travelshelper.com\/staging\/?page_id=15033"},"modified":"2026-03-11T17:39:31","modified_gmt":"2026-03-11T17:39:31","slug":"tel-aviv","status":"publish","type":"page","link":"https:\/\/travelshelper.com\/pt\/destinations\/asia\/israel\/tel-aviv\/","title":{"rendered":"Tel Aviv"},"content":{"rendered":"<p>Tel Aviv-Yafo, frequentemente chamada simplesmente de Tel Aviv, ergue-se na costa mediterr\u00e2nea de Israel como uma cidade de contrastes, onde pedras antigas e a\u00e7o moderno coexistem em harmonia. Fundada em 1909 por pioneiros judeus sob o nome de Ahuzat Bayit, a cidade surgiu das dunas de areia que outrora margeavam o porto de Jaffa, da era otomana. Em um ano, adotou o nome Tel Aviv \u2014 &#034;Conto da Primavera&#034; \u2014, emprestado da tradu\u00e7\u00e3o hebraica de Nahum Sokolow do romance Altneuland, de Theodor Herzl. Em 1934, Tel Aviv se separou do munic\u00edpio de Jaffa; em 1950, reunificou-se formalmente sob a designa\u00e7\u00e3o Tel Aviv-Yafo, refletindo tanto sua ess\u00eancia moderna quanto seu antecedente milenar.<\/p>\n\n\n\n<p>Geograficamente, Tel Aviv ocupa cerca de 52 quil\u00f4metros quadrados de plan\u00edcie costeira aplainada a aproximadamente 32\u00b005\u2032N, 34\u00b048\u2032E. Sua fronteira oeste banha o Mediterr\u00e2neo, coroada por penhascos e areia indolente, enquanto no interior o Rio Yarkon marca uma franja verdejante. Embora seus solos permane\u00e7am arenosos e de baixa fertilidade, as interven\u00e7\u00f5es dos planejadores urbanos \u2014 desde o projeto de cidade-jardim de Patrick Geddes at\u00e9 a recente transforma\u00e7\u00e3o de uma usina el\u00e9trica extinta no parque Gan HaHashmal \u2014 incorporaram espa\u00e7os verdes ao tecido urbano. Hoje, os parques ocupam quase um quinto da \u00e1rea da cidade: s\u00f3 o Parque Yarkon recebe cerca de 16 milh\u00f5es de visitantes anualmente, e o apag\u00e3o anual para a Hora do Planeta atesta o orgulho municipal pelo status de Tel Aviv como a cidade mais verde de Israel.<\/p>\n\n\n\n<p>De um pico demogr\u00e1fico de aproximadamente 390.000 habitantes no in\u00edcio da d\u00e9cada de 1960, a popula\u00e7\u00e3o de Tel Aviv diminuiu para cerca de 317.000 na d\u00e9cada de 1980, antes de retomar o crescimento na d\u00e9cada de 1990. Em 2025, quase meio milh\u00e3o de habitantes a chamam de lar, com proje\u00e7\u00e3o de aumento para 600.000 at\u00e9 2035, segundo os planos urbanos atuais. Judeus de diversas origens \u2014 asquenazes, sefarditas, mizrahi, et\u00edopes, centro-asi\u00e1ticos e outros \u2014 constituem mais de 90% dos habitantes, enquanto \u00e1rabes mu\u00e7ulmanos, crist\u00e3os, drusos e grupos n\u00e3o classificados preenchem o restante. O hebraico reina, mas russo, \u00e1rabe, ingl\u00eas e uma s\u00e9rie de l\u00ednguas africanas e asi\u00e1ticas animam as ruas. Um contingente consider\u00e1vel de trabalhadores estrangeiros e refugiados reside principalmente no sul, infundindo aos bairros texturas sociais em camadas.<\/p>\n\n\n\n<p>Os marcadores socioecon\u00f4micos dividem Tel Aviv em norte e sul. Bairros ao norte, como Ramat Aviv e Afeka, ostentam resid\u00eancias de luxo, o campus da Universidade de Tel Aviv e as \u00e1reas arborizadas do Parque Yarkon. Os bairros ao sul, por outro lado, carregam a marca de sucessivas migra\u00e7\u00f5es e rendas modestas, embora bols\u00f5es como Neve Tzedek \u2014 o primeiro sub\u00farbio judeu da cidade, erguido em 1887 \u2014 tenham passado por uma meticulosa restaura\u00e7\u00e3o e agora rivalizem com o norte em prest\u00edgio. O centro de Tel Aviv concentra as finan\u00e7as e o com\u00e9rcio ao longo da Rodovia Ayalon, onde o imponente trio de torres do Azrieli Center preside a segunda maior economia per capita de Israel no Oriente M\u00e9dio.<\/p>\n\n\n\n<p>De fato, Tel Aviv est\u00e1 entre os principais motores de inova\u00e7\u00e3o do mundo. Uma cidade global beta+, classificada em 53\u00ba lugar no \u00cdndice de Centros Financeiros Globais de 2022, ela ancora o Silicon Wadi, o corredor de alta tecnologia de Israel. A zona de Kiryat Atidim, inaugurada em 1972, lan\u00e7ou as primeiras sementes; na d\u00e9cada de 2010, o n\u00famero de startups ultrapassou setecentas, colocando Tel Aviv como o quarto maior ecossistema global de startups. Embaixadas estrangeiras se alinham em suas ruas, e os visitantes internacionais ultrapassam 2,5 milh\u00f5es a cada ano, atra\u00eddos pelas praias, pela vida noturna e pela reputa\u00e7\u00e3o da cidade como a mais cara do mundo para se viver.<\/p>\n\n\n\n<p>A variedade de museus e espa\u00e7os culturais de Tel Aviv reflete um s\u00e9culo de efervesc\u00eancia art\u00edstica. O bairro da Cidade Branca, Patrim\u00f4nio Mundial da UNESCO desde 2003, re\u00fane mais de cinco mil exemplares da arquitetura de estilo internacional e Bauhaus, fruto da colabora\u00e7\u00e3o de arquitetos emigrantes europeus que fugiram do nazismo na d\u00e9cada de 1930. Al\u00e9m das avenidas arborizadas de Neve Tzedek e Rothschild Boulevard, os pontos tur\u00edsticos variam do Museu Eretz Israel e do Museu de Arte de Tel Aviv \u00e0s institui\u00e7\u00f5es de hist\u00f3ria militar Palmach e Batey Haosef. A dan\u00e7a e a m\u00fasica florescem no Centro Suzanne Dellal, no Heichal HaTarbut e no Centro de Artes C\u00eanicas de Tel Aviv, cada um apresentando \u00f3pera, concertos filarm\u00f4nicos e dan\u00e7a contempor\u00e2nea.<\/p>\n\n\n\n<p>Jaffa continua sendo a alma da cidade \u2014 um labirinto de vielas de pedra onde as hist\u00f3rias \u00e1rabe e judaica convergem. Seu antigo porto, repleto de vest\u00edgios arqueol\u00f3gicos, abriga galerias, caf\u00e9s e o evento anual Open House Tel Aviv, quando resid\u00eancias particulares e p\u00e1tios secretos s\u00e3o abertos ao p\u00fablico. A restaura\u00e7\u00e3o ali, e nas vielas bo\u00eamias de Floren\u00e7a, cultivou um gosto pela arte de rua colorida, mercados perfumados e folia noturna que consolida o apelido de Tel Aviv de &#034;a cidade que nunca dorme&#034;.<\/p>\n\n\n\n<p>Em termos arquitet\u00f4nicos, Tel Aviv nunca para de redefinir seu horizonte. A Torre Shalom Meir, erguida em 1965 como o primeiro arranha-c\u00e9u de Israel, cedeu lugar em meados da d\u00e9cada de 1990 a uma prolifera\u00e7\u00e3o de arranha-c\u00e9us. Um plano diretor de 2010 limita a constru\u00e7\u00e3o de novas torres ao longo da costa para preservar a visibilidade, ao mesmo tempo em que canaliza novos edif\u00edcios de escrit\u00f3rios e hot\u00e9is a leste da Rua Ibn Gabirol. O fechamento do Aeroporto Sde Dov liberou terrenos \u00e0 beira-mar para arranha-c\u00e9us de luxo, mesmo com o novo VLT de Tel Aviv e a futura rede de metr\u00f4 prometendo remodelar o tr\u00e2nsito e a densidade urbana.<\/p>\n\n\n\n<p>O clima \u00e9 inequivocamente mediterr\u00e2neo: ver\u00f5es de cinco meses se estendem de junho a outubro, pontuados por calor \u00famido que pode elevar as temperaturas acima de 35 \u00b0C durante as ondas de calor do outono ou da primavera. Os invernos s\u00e3o amenos e chuvosos, com m\u00e1ximas m\u00e9dias em janeiro pr\u00f3ximas a 18 \u00b0C e m\u00ednimas em torno de 10 \u00b0C; geadas e neve permanecem praticamente inexistentes. A precipita\u00e7\u00e3o anual totaliza cerca de 528 mm, concentrada entre outubro e abril.<\/p>\n\n\n\n<p>A vida culin\u00e1ria em Tel Aviv reflete seu DNA cosmopolita. A culin\u00e1ria local compartilha card\u00e1pios com influ\u00eancias globais: barracas de falafel cercam mais de cem bares de sushi, enquanto o sorvete de halva com calda de t\u00e2maras e pistache \u00e9 um testemunho da tradi\u00e7\u00e3o levantina. Caf\u00e9s, mercados e restaurantes povoam todos os bairros, atendendo a sensibilidades seculares e religiosas.<\/p>\n\n\n\n<p>Art\u00e9rias de transporte irradiam do centro da cidade. A Rodovia Ayalon serpenteia de norte a sul, conectando-se \u00e0s rotas nacionais em dire\u00e7\u00e3o a Haifa e Jerusal\u00e9m. \u00d4nibus, t\u00e1xis compartilhados (sheruts) e cinco esta\u00e7\u00f5es ferrovi\u00e1rias transportam mais de um milh\u00e3o de passageiros por m\u00eas, embora o Shabat e a observ\u00e2ncia dos festivais suspendam os servi\u00e7os de trem. Em agosto de 2023, a Linha Vermelha inaugural do VLT (Ve\u00edculo Leve sobre Trilhos) entrou em opera\u00e7\u00e3o, com as Linhas Roxa e Verde em constru\u00e7\u00e3o e um sistema completo de metr\u00f4 previsto para ser inaugurado no in\u00edcio da d\u00e9cada de 2030.<\/p>\n\n\n\n<p>Influ\u00eancias religiosas e seculares coexistem em institui\u00e7\u00f5es formais e na pr\u00e1tica cotidiana. Mais de quinhentas sinagogas em atividade, desde a Grande Sinagoga da d\u00e9cada de 1930 at\u00e9 novos centros de estudo judaico secular. Dezenas de igrejas atendem diplomatas e comunidades de migrantes, enquanto o munic\u00edpio abriga um centro comunit\u00e1rio LGBT que promove uma parada do orgulho LGBTQIA+ com cerca de duzentos mil participantes, tornando Tel Aviv um s\u00edmbolo global de toler\u00e2ncia e vitalidade urbana.<\/p>\n\n\n\n<p>Desde seus prim\u00f3rdios como uma pequena propriedade nas dunas de Jaffa at\u00e9 sua posi\u00e7\u00e3o atual como vanguarda econ\u00f4mica e cultural de Israel, Tel Aviv-Yafo perdura como uma cidade definida por uma transforma\u00e7\u00e3o cont\u00ednua. Seus bairros multifacetados, sua vibrante cena art\u00edstica e suas praias emblem\u00e1ticas mapeiam a hist\u00f3ria de um lugar onde hist\u00f3ria e modernidade convergem \u2014 um testemunho da intera\u00e7\u00e3o duradoura entre pessoas, lugares e prop\u00f3sitos.<\/p>","protected":false},"excerpt":{"rendered":"<p>Tel Aviv-Yafo, tamb\u00e9m conhecida como Tel Aviv, \u00e9 a cidade mais populosa da regi\u00e3o metropolitana de Gush Dan, em Israel, com uma popula\u00e7\u00e3o de 474.530 habitantes. Localizada ao longo da pitoresca costa mediterr\u00e2nea israelense, essa din\u00e2mica \u00e1rea metropolitana tornou-se o n\u00facleo econ\u00f4mico e t\u00e9cnico do pa\u00eds, consolidando-se como uma pot\u00eancia global de alta tecnologia. A import\u00e2ncia da cidade transcende suas fronteiras, j\u00e1 que abriga a maioria das embaixadas estrangeiras de Israel, refor\u00e7ando seu papel como entidade central nas rela\u00e7\u00f5es internacionais.<\/p>","protected":false},"author":1,"featured_media":3981,"parent":15000,"menu_order":0,"comment_status":"closed","ping_status":"closed","template":"elementor_theme","meta":{"_eb_attr":"","footnotes":""},"class_list":["post-15033","page","type-page","status-publish","has-post-thumbnail"],"_links":{"self":[{"href":"https:\/\/travelshelper.com\/pt\/wp-json\/wp\/v2\/pages\/15033","targetHints":{"allow":["GET"]}}],"collection":[{"href":"https:\/\/travelshelper.com\/pt\/wp-json\/wp\/v2\/pages"}],"about":[{"href":"https:\/\/travelshelper.com\/pt\/wp-json\/wp\/v2\/types\/page"}],"author":[{"embeddable":true,"href":"https:\/\/travelshelper.com\/pt\/wp-json\/wp\/v2\/users\/1"}],"replies":[{"embeddable":true,"href":"https:\/\/travelshelper.com\/pt\/wp-json\/wp\/v2\/comments?post=15033"}],"version-history":[{"count":0,"href":"https:\/\/travelshelper.com\/pt\/wp-json\/wp\/v2\/pages\/15033\/revisions"}],"up":[{"embeddable":true,"href":"https:\/\/travelshelper.com\/pt\/wp-json\/wp\/v2\/pages\/15000"}],"wp:featuredmedia":[{"embeddable":true,"href":"https:\/\/travelshelper.com\/pt\/wp-json\/wp\/v2\/media\/3981"}],"wp:attachment":[{"href":"https:\/\/travelshelper.com\/pt\/wp-json\/wp\/v2\/media?parent=15033"}],"curies":[{"name":"wp","href":"https:\/\/api.w.org\/{rel}","templated":true}]}}