{"id":14970,"date":"2024-09-20T13:10:19","date_gmt":"2024-09-20T13:10:19","guid":{"rendered":"https:\/\/travelshelper.com\/staging\/?page_id=14970"},"modified":"2026-03-11T13:11:10","modified_gmt":"2026-03-11T13:11:10","slug":"teera","status":"publish","type":"page","link":"https:\/\/travelshelper.com\/pt\/destinations\/asia\/iran\/tehran\/","title":{"rendered":"Teer\u00e3"},"content":{"rendered":"<p>Teer\u00e3 se estende pelas encostas ao sul da cordilheira Alborz, uma cidade de contrastes estonteantes onde pedras antigas se encontram ao lado de torres de vidro e a\u00e7o. A 1.200 metros acima do n\u00edvel do mar, seus distritos planos ao sul pressionam o deserto central, enquanto ao norte, colinas se elevam em dire\u00e7\u00e3o a picos que ultrapassam 2.000 metros. At\u00e9 2025, quase 9,8 milh\u00f5es de pessoas chamar\u00e3o seus limites municipais de lar e, com mais de 16,8 milh\u00f5es na \u00e1rea metropolitana mais ampla, Teer\u00e3 \u00e9 a cidade mais populosa da \u00c1sia Ocidental e a segunda maior \u00e1rea metropolitana do Oriente M\u00e9dio, depois do Cairo. Atrav\u00e9s de suas camadas hist\u00f3ricas e sua topografia fragmentada, a capital iraniana revela tanto sua resist\u00eancia quanto os atritos que acompanham o r\u00e1pido crescimento.<\/p>\n\n\n\n<p>Muito antes de sediar o governo iraniano, o solo sob Teer\u00e3 pertencia a Rhages, conhecido na antiguidade como um importante assentamento medo. Situada a poucos quil\u00f4metros ao sul do atual centro da cidade, Ray (como ainda \u00e9 chamada) testemunhou a ascens\u00e3o e a queda de imp\u00e9rios. Suas muralhas foram rompidas por invasores \u00e1rabes, turcos e mong\u00f3is, e apenas fragmentos permanecem em meio \u00e0 expans\u00e3o suburbana. Ao longo dos s\u00e9culos, Ray foi absorvida pela Grande Teer\u00e3, e suas ru\u00ednas servem como testemunhas silenciosas da implac\u00e1vel expans\u00e3o e transforma\u00e7\u00e3o da cidade.<\/p>\n\n\n\n<p>Em 1786, Agha Mohammad Khan, da dinastia Qajar, declarou Teer\u00e3 a capital do Ir\u00e3. Ele buscava uma sede de poder mais segura do que os centros din\u00e1sticos tradicionais, pr\u00f3xima o suficiente do C\u00e1ucaso \u2014 ent\u00e3o disputado nas Guerras Russo-Iranianas \u2014, mas protegida de rivalidades entre fac\u00e7\u00f5es. Essa decis\u00e3o inaugurou uma era de constru\u00e7\u00e3o: pal\u00e1cios modestos, quart\u00e9is militares e a funda\u00e7\u00e3o do que se tornaria a extensa m\u00e1quina burocr\u00e1tica de um Estado moderno. Mesmo em meio ao decl\u00ednio Qajar, o perfil de Teer\u00e3 cresceu de forma constante, com sua popula\u00e7\u00e3o dobrando sob Fath-Ali Shah. Na virada do s\u00e9culo XIX, novas ruas e pra\u00e7as p\u00fablicas tomaram forma, sendo a mais proeminente a Toopkhaneh (atual Pra\u00e7a Imam Khomeini). As mesquitas no centro da cidade ganharam nova ornamenta\u00e7\u00e3o, \u00e0 medida que os servi\u00e7os urbanos e as institui\u00e7\u00f5es c\u00edvicas superavam os antigos port\u00f5es e caravan\u00e7arais.<\/p>\n\n\n\n<p>O s\u00e9culo XX foi um per\u00edodo de profundas mudan\u00e7as. Reza Shah Pahlavi embarcou em projetos de constru\u00e7\u00e3o em larga escala na d\u00e9cada de 1920, introduzindo avenidas de inspira\u00e7\u00e3o europeia e as bases de uma infraestrutura moderna. O Aeroporto de Mehrabad inaugurou suas pistas e linhas ferrovi\u00e1rias cruzavam a plan\u00edcie. \u00c0 medida que o estado de Pahlavi modernizava escolas, minist\u00e9rios e espa\u00e7os culturais, Teer\u00e3 atraiu migrantes de todas as prov\u00edncias. Entre os censos de 2006 e 2016, a popula\u00e7\u00e3o da cidade aumentou de 7.711.230 habitantes, distribu\u00eddos em 2.286.787 domic\u00edlios, para 8.693.706 habitantes, distribu\u00eddos em 2.911.065 domic\u00edlios. At\u00e9 2025, cerca de 9,8 milh\u00f5es de habitantes viver\u00e3o dentro de seus limites oficiais. Esse aumento remodelou o tecido social de Teer\u00e3: em uma pesquisa da Universidade de Teer\u00e3 de 2010, 63% dos entrevistados nasceram na cidade, 75% se identificaram como persas \u00e9tnicos e quase 98% eram fluentes em persa, com 13% tamb\u00e9m falando uma l\u00edngua europeia.<\/p>\n\n\n\n<p>A \u00e1rea municipal de Teer\u00e3 \u00e9 dividida em 22 distritos. Vinte deles est\u00e3o localizados no Distrito Central do Condado de Teer\u00e3; os distritos 1 e 20 se estendem pelos condados de Shemiranat e Ray. Os distritos ao sul \u2014 onde fica a esta\u00e7\u00e3o ferrovi\u00e1ria a 1.117 metros acima do n\u00edvel do mar \u2014 s\u00e3o mais planos e densamente constru\u00eddos, enquanto os bairros ao norte se erguem ao longo das encostas. A Rua Valiasr, a espinha dorsal da cidade, se estende por 17,3 quil\u00f4metros do sul at\u00e9 a Pra\u00e7a Tajrish, a 1.712,6 metros. Al\u00e9m disso, Velenjak se eleva a quase 2.000 metros.<\/p>\n\n\n\n<p>Riqueza e modernidade concentram-se no norte: enclaves como Zafaraniyeh, Jord\u00e2nia, Elahiyeh e Niavaran s\u00e3o conhecidos por embaixadas, apartamentos em arranha-c\u00e9us e parques arborizados. Em contraste, o centro de Teer\u00e3 abriga minist\u00e9rios e sedes comerciais, enquanto o sul permanece mais acess\u00edvel, por\u00e9m densamente povoado.<\/p>\n\n\n\n<p>O clima de Teer\u00e3 oscila entre o semi\u00e1rido frio (BSk) e o semi\u00e1rido quente (BSh). Os ver\u00f5es s\u00e3o quentes e secos, frequentemente ultrapassando os 38 \u00b0C em julho; os invernos trazem dias frios e chuvosos. As montanhas Alborz moldam as brisas locais: \u00e0 noite, a &#034;brisa Tochal&#034; desce dos picos enquanto esfria, oferecendo al\u00edvio aos moradores da parte alta da cidade. No ver\u00e3o, os ventos dos desertos do sul podem elevar as temperaturas, enquanto as correntes planet\u00e1rias de oeste trazem poeira e chuva ocasional. As colinas do norte, com seus jardins e corredores verdes, costumam ser de dois a tr\u00eas graus Celsius mais frias do que o sul, sufocado pelo concreto.<\/p>\n\n\n\n<p>Embora os persas \u00e9tnicos constituam a maioria \u2014 cerca de 75% se autoidentificaram em 2010 \u2014 os azeris iranianos comp\u00f5em o segundo maior grupo, com cerca de 10% a 15%, seguidos pelos mazanderanis, com 5%. Comunidades menores de curdos, arm\u00eanios, georgianos, bakhtyaris, talish, baluches, ass\u00edrios, \u00e1rabes, judeus e circassianos acrescentam novas vertentes \u00e0 tape\u00e7aria da cidade, embora a maioria tenha se assimilado linguisticamente ao dialeto persa dominante em Teer\u00e3. Ap\u00f3s a Revolu\u00e7\u00e3o de 1979, muitos teeranis emigraram \u2014 principalmente para os Estados Unidos, Alemanha, Su\u00e9cia e Canad\u00e1 \u2014, deixando lacunas em certos c\u00edrculos profissionais e fluxos de remessas intensos.<\/p>\n\n\n\n<p>O islamismo xiita duodecimano \u00e9 a religi\u00e3o oficial e a f\u00e9 da maioria. Mu\u00e7ulmanos sunitas e adeptos de ordens sufis coexistem com denomina\u00e7\u00f5es crist\u00e3s, judeus, zoroastristas e uma pequena minoria bah\u00e1&#039;\u00ed. Uma modesta comunidade sikh mant\u00e9m um gurdwara, visitado pelo primeiro-ministro indiano Manmohan Singh em 2012. Em uma &#034;Pesquisa de Teer\u00e3&#034; de 2016, 53,5% dos entrevistados classificaram a religi\u00e3o como &#034;muito importante&#034;, 31,1% como &#034;bastante importante&#034;, 10,5% &#034;pouco importante&#034; e 4,8% &#034;nada importante&#034;.<\/p>\n\n\n\n<p>A heran\u00e7a real de Teer\u00e3 \u00e9 vis\u00edvel em seus pal\u00e1cios. O Pal\u00e1cio de Golestan, um complexo Qajar de sal\u00f5es espelhados e terra\u00e7os de m\u00e1rmore, situa-se no centro hist\u00f3rico da cidade. Ao norte, os pal\u00e1cios de Sa&#039;dabad e Niavaran, antigas resid\u00eancias de ver\u00e3o da dinastia Pahlavi, erguem-se em terrenos arborizados. O Pal\u00e1cio de Marmar, revestido de m\u00e1rmore, exibe mobili\u00e1rio europeu e vistas deslumbrantes. Juntos, esses locais tra\u00e7am uma jornada da realeza do s\u00e9culo XVIII ao modernismo de meados do s\u00e9culo XX.<\/p>\n\n\n\n<p>A cena museol\u00f3gica de Teer\u00e3 abrange \u00e9pocas e m\u00eddias. O Museu Nacional abriga achados arqueol\u00f3gicos dos medos aos sass\u00e2nidas. Pr\u00f3ximo, o Museu do Tapete exibe obras-primas da tecelagem persa, enquanto o Museu Abgineh se concentra na arte em vidro e cer\u00e2mica. O Museu do Cinema, situado no Jardim Ferdows, celebra a hist\u00f3ria do cinema iraniano. O Museu de Arte Contempor\u00e2nea ostenta a melhor cole\u00e7\u00e3o moderna do pa\u00eds \u2014 Van Gogh, Picasso e Warhol convivem lado a lado com artistas iranianos pioneiros. O Museu Nacional de Joias guarda uma das maiores cole\u00e7\u00f5es de joias da coroa do mundo.<\/p>\n\n\n\n<p>A cada primavera, a Feira Internacional do Livro de Teer\u00e3 atrai editores, acad\u00eamicos e leitores aos pavilh\u00f5es de exposi\u00e7\u00e3o Shahr Aftab. Feiras e festivais acontecem o ano todo, de exposi\u00e7\u00f5es de autom\u00f3veis a feiras de artesanato, exibindo tanto o patrim\u00f4nio cultural quanto a criatividade emergente.<\/p>\n\n\n\n<p>Mais de 2.100 parques pontilham a metr\u00f3pole, cobrindo mais de 12.600 hectares \u2014 20% da \u00e1rea de Teer\u00e3. O Parque Jamshidie, antiga propriedade do pr\u00edncipe Qajar, tornou-se um bosque p\u00fablico sob a Imperatriz Farah Pahlavi. O Jardim das Aves, o maior avi\u00e1rio do Ir\u00e3, abriga dezenas de esp\u00e9cies, enquanto o zool\u00f3gico da cidade abriga cerca de 290 vertebrados. O Parque Ab\u2011o\u2011Atash (\u201c\u00c1gua e Fogo\u201d) encanta as crian\u00e7as com fontes e torres de inc\u00eandio emolduradas por um anfiteatro ao ar livre.<\/p>\n\n\n\n<p>Como cora\u00e7\u00e3o econ\u00f4mico do Ir\u00e3, Teer\u00e3 emprega 30% da for\u00e7a de trabalho do setor p\u00fablico e quase metade das principais empresas industriais do pa\u00eds. F\u00e1bricas produzem autom\u00f3veis, eletr\u00f4nicos, t\u00eaxteis, a\u00e7\u00facar, cimento e produtos qu\u00edmicos; showrooms de carpetes e m\u00f3veis ocupam os distritos comerciais. Refinarias de petr\u00f3leo \u2014 Pars, Speedy e Behran \u2014 operam dentro dos limites da cidade. Embora as san\u00e7\u00f5es limitem muitas empresas estrangeiras, a Bolsa de Valores de Teer\u00e3 continua sendo uma das principais bolsas globais, refletindo tanto a volatilidade quanto as oportunidades.<\/p>\n\n\n\n<p>Apesar dos planos oficiais de realocar a capital \u2014 impulsionados pelo risco s\u00edsmico e pela polui\u00e7\u00e3o do ar \u2014 Teer\u00e3 permanece teimosamente central. Suas rodovias arteriais foram constru\u00eddas para 300.000 ve\u00edculos; hoje, mais de cinco milh\u00f5es de carros congestionam as ruas. Os \u00f4nibus circulam desde a d\u00e9cada de 1920, e o sistema Bus Rapid Transit, inaugurado em 2008, agora transporta 1,8 milh\u00e3o de passageiros diariamente em dez linhas e 215 esta\u00e7\u00f5es. Os tr\u00f3lebus, introduzidos pela primeira vez em 1992, foram desativados por volta de 2013, mas reativados em 2016 em uma \u00fanica rota de 1,8 quil\u00f4metro com ve\u00edculos \u0160koda reformados.<\/p>\n\n\n\n<p>As duas primeiras linhas do metr\u00f4 de Teer\u00e3 foram inauguradas em 2001; at\u00e9 2025, oito linhas passar\u00e3o por baixo da cidade, ligando os sub\u00farbios ao centro. Acima do solo, mais de 200.000 t\u00e1xis circulam por todos os bairros, com os t\u00e1xis do aeroporto cobrando tarifas mais altas. O Aeroporto de Mehrabad opera voos dom\u00e9sticos e fretados; o Aeroporto Internacional Imam Khomeini, 50 quil\u00f4metros ao sul, \u00e9 a porta de entrada para o tr\u00e1fego a\u00e9reo global. A esta\u00e7\u00e3o ferrovi\u00e1ria central despacha trens para todo o pa\u00eds e conecta-os \u00e0 Europa atrav\u00e9s do lend\u00e1rio Expresso Teer\u00e3-Europa.<\/p>\n\n\n\n<p>A qualidade do ar \u00e9 um problema preocupante h\u00e1 muito tempo. A topografia em formato de tigela, a r\u00e1pida motoriza\u00e7\u00e3o e as emiss\u00f5es industriais conspiram para aprisionar a polui\u00e7\u00e3o atmosf\u00e9rica, levando a discuss\u00f5es sobre a transfer\u00eancia da sede do governo para outro lugar. No entanto, a resili\u00eancia da cidade \u00e9 evidente: novos cintur\u00f5es verdes, c\u00f3digos de constru\u00e7\u00e3o mais rigorosos e a expans\u00e3o do transporte p\u00fablico buscam aliviar o congestionamento e a polui\u00e7\u00e3o.<\/p>\n\n\n\n<p>Terremotos representam outro perigo. Apesar dos tremores frequentes, nenhum grande terremoto atingiu Teer\u00e3 desde 1830. A constru\u00e7\u00e3o moderna de arranha-c\u00e9us agora inclui estruturas refor\u00e7adas e amortecedores s\u00edsmicos; ainda assim, a justaposi\u00e7\u00e3o de estruturas centen\u00e1rias e torres imponentes ressalta tanto a ambi\u00e7\u00e3o da cidade quanto sua vulnerabilidade.<\/p>\n\n\n\n<p>Teer\u00e3 resiste a caracteriza\u00e7\u00f5es simplistas. Pode parecer opressora \u2014 buzinas soam no tr\u00e2nsito congestionado e torres altas podem bloquear a brisa da montanha \u2014, mas h\u00e1 bols\u00f5es de calma que perduram. Em vielas arborizadas, fontes murmuram sob pl\u00e1tanos; em caf\u00e9s do norte, estudantes debatem o futuro; em mesquitas hist\u00f3ricas, o m\u00e1rmore polido brilha sob vitrais. Festivais antigos e novos \u2014 Nowruz, Chaharshanbe Suri, Yald\u0101 e at\u00e9 o Halloween \u2014 unem os bairros em mem\u00f3rias e folia.<\/p>\n\n\n\n<p>Longe de ser uma capital monol\u00edtica, Teer\u00e3 \u00e9 um mosaico de mem\u00f3rias e aspira\u00e7\u00f5es. Suas ruas carregam as pegadas de conquistadores e revolucion\u00e1rios, poetas e engenheiros. Aqui, cada pedra e torre conta uma hist\u00f3ria de resist\u00eancia, adapta\u00e7\u00e3o e o zumbido incessante da vida. Em suas contradi\u00e7\u00f5es \u2014 antiga e moderna, verde e cinza, populosa e serena \u2014 Teer\u00e3 revela tanto seus fardos quanto sua pulsa\u00e7\u00e3o duradoura.<\/p>","protected":false},"excerpt":{"rendered":"<p>Teer\u00e3, a capital e maior cidade do Ir\u00e3, \u00e9 uma metr\u00f3pole vibrante com uma popula\u00e7\u00e3o de mais de 9,4 milh\u00f5es de habitantes dentro dos limites da cidade e cerca de 16,8 milh\u00f5es na regi\u00e3o metropolitana mais ampla. Teer\u00e3 \u00e9 a cidade mais populosa do Ir\u00e3 e da \u00c1sia Ocidental. \u00c9 a segunda maior regi\u00e3o metropolitana do Oriente M\u00e9dio, superada apenas pelo Cairo, e a 24\u00aa \u00e1rea metropolitana mais populosa do mundo. A extensa jurisdi\u00e7\u00e3o da cidade inclui outros munic\u00edpios, incluindo a Cidade Nova de Andisheh, Islam Shahr, Qods, Shahryar, Pakdasht e Shamiran, que coletivamente constituem a regi\u00e3o da Grande Teer\u00e3.<\/p>","protected":false},"author":1,"featured_media":3136,"parent":14947,"menu_order":0,"comment_status":"closed","ping_status":"closed","template":"elementor_theme","meta":{"_eb_attr":"","footnotes":""},"class_list":["post-14970","page","type-page","status-publish","has-post-thumbnail"],"_links":{"self":[{"href":"https:\/\/travelshelper.com\/pt\/wp-json\/wp\/v2\/pages\/14970","targetHints":{"allow":["GET"]}}],"collection":[{"href":"https:\/\/travelshelper.com\/pt\/wp-json\/wp\/v2\/pages"}],"about":[{"href":"https:\/\/travelshelper.com\/pt\/wp-json\/wp\/v2\/types\/page"}],"author":[{"embeddable":true,"href":"https:\/\/travelshelper.com\/pt\/wp-json\/wp\/v2\/users\/1"}],"replies":[{"embeddable":true,"href":"https:\/\/travelshelper.com\/pt\/wp-json\/wp\/v2\/comments?post=14970"}],"version-history":[{"count":0,"href":"https:\/\/travelshelper.com\/pt\/wp-json\/wp\/v2\/pages\/14970\/revisions"}],"up":[{"embeddable":true,"href":"https:\/\/travelshelper.com\/pt\/wp-json\/wp\/v2\/pages\/14947"}],"wp:featuredmedia":[{"embeddable":true,"href":"https:\/\/travelshelper.com\/pt\/wp-json\/wp\/v2\/media\/3136"}],"wp:attachment":[{"href":"https:\/\/travelshelper.com\/pt\/wp-json\/wp\/v2\/media?parent=14970"}],"curies":[{"name":"wp","href":"https:\/\/api.w.org\/{rel}","templated":true}]}}