{"id":14896,"date":"2024-09-20T11:50:26","date_gmt":"2024-09-20T11:50:26","guid":{"rendered":"https:\/\/travelshelper.com\/staging\/?page_id=14896"},"modified":"2026-03-11T17:36:34","modified_gmt":"2026-03-11T17:36:34","slug":"fukuoka","status":"publish","type":"page","link":"https:\/\/travelshelper.com\/pt\/destinations\/asia\/japan\/fukuoka\/","title":{"rendered":"Fukuoka"},"content":{"rendered":"<p>Fukuoka, o cora\u00e7\u00e3o pulsante de Kyushu, ocupa uma faixa de terra crescente ao longo da costa norte da Ba\u00eda de Hakata. Como capital da Prefeitura de Fukuoka, \u00e9 a sexta maior cidade do Jap\u00e3o, com seu horizonte pontuado por torres modernas e pelos ombros verdes das montanhas circundantes. Deste ponto de vista, compreende-se por que o local serviu como janela do Jap\u00e3o para a \u00c1sia por s\u00e9culos. Localizada a apenas 180 quil\u00f4metros de Busan \u2014 sua cidade-irm\u00e3 do outro lado do Mar de Genkai \u2014 Fukuoka oferece uma sensa\u00e7\u00e3o palp\u00e1vel de abertura a correntes estrangeiras, ao mesmo tempo em que nutre uma cultura inconfundivelmente local.<\/p>\n\n\n\n<p>A presen\u00e7a humana aqui remonta ao per\u00edodo Jomon, mas foi durante a era Yayoi que o cultivo de arroz e os primeiros assentamentos tomaram forma ao longo das margens f\u00e9rteis da ba\u00eda. No per\u00edodo Yamato, a influ\u00eancia pol\u00edtica come\u00e7ou a se consolidar, mas Fukuoka permaneceu distante dos centros imperiais de Kyoto e, posteriormente, de Edo. Essa dist\u00e2ncia fomentou um dialeto e costumes que perduram at\u00e9 hoje, conferindo \u00e0 cidade seu ritmo e calor caracter\u00edsticos.<\/p>\n\n\n\n<p>No per\u00edodo Edo, as cidades g\u00eameas de Hakata e Fukuoka viviam lado a lado. Uma era um centro comercial, a outra, um dom\u00ednio samurai; a lenda conta que, em 1889, samurais locais intervieram na disputa pelo nome da cidade resultante da fus\u00e3o, garantindo a vit\u00f3ria de &#034;Fukuoka&#034; \u2014 embora seu porto e principal esta\u00e7\u00e3o ferrovi\u00e1ria ainda ostentassem o nome Hakata. Essas hist\u00f3rias, sejam elas totalmente factuais ou tingidas de folclore, ilustram a capacidade da cidade de equilibrar duas identidades sem diminuir nenhuma delas.<\/p>\n\n\n\n<p>Em meados do s\u00e9culo XX, o crescimento de Fukuoka acelerou. A cidade obteve o status de decreto governamental em 1\u00ba de abril de 1972 e, em 2005, a Grande Fukuoka \u2014 sua \u00e1rea metropolitana mais ampla, incluindo Kitakyushu \u2014 contava com cerca de 2,5 milh\u00f5es de habitantes. Naquele ano, Fukuoka tamb\u00e9m ultrapassou Kobe em popula\u00e7\u00e3o urbana e, em julho de 2011, eclipsou Kyoto, marcando a primeira vez desde a funda\u00e7\u00e3o de Kyoto em 794 que uma cidade ocidental a ultrapassou. Em mar\u00e7o de 2023, a contagem oficial atingiu 1.632.713 habitantes, divididos entre aproximadamente 770.000 homens e 862.000 mulheres, resultando em uma densidade populacional de cerca de 4.515 habitantes por quil\u00f4metro quadrado em sua \u00e1rea de 343 quil\u00f4metros quadrados.<\/p>\n\n\n\n<p>A mudan\u00e7a demogr\u00e1fica da cidade tem se destacado por sua jovialidade e abertura. Ela se destaca como a cidade grande com crescimento mais r\u00e1pido do Jap\u00e3o, com uma propor\u00e7\u00e3o de residentes estrangeiros aumentando mais rapidamente do que em qualquer outro lugar do pa\u00eds entre 2012 e 2017. Estudantes internacionais \u2014 quase dez mil a cada ano \u2014 chegam para participar de programas em universidades locais, enquanto cerca de 200 confer\u00eancias atraem especialistas globais para seus centros de confer\u00eancias. At\u00e9 mesmo o n\u00famero anual de moradores de rua, que chegou a atingir um pico pr\u00f3ximo a mil em 2009, caiu para a casa das centenas, refletindo programas sociais coordenados.<\/p>\n\n\n\n<p>A geografia mar\u00edtima de Fukuoka tamb\u00e9m molda seu clima. Delimitada em tr\u00eas lados por montanhas e aberta ao norte para o Mar de Genkai, a cidade desfruta de um regime subtropical \u00famido. As temperaturas anuais m\u00e9dias s\u00e3o de 16,3 \u00b0C, a umidade fica em torno de 70% e o sol totaliza cerca de 1.811 horas. Os invernos permanecem amenos \u2014 raramente caindo abaixo de zero \u2014 e a queda de neve \u00e9 \u200b\u200buma pincelada delicada, em vez de um manto, ao contr\u00e1rio das neves mais pesadas da costa do Mar do Jap\u00e3o, no Jap\u00e3o. A primavera se desenrola com a flora\u00e7\u00e3o das cerejeiras no final de mar\u00e7o ou in\u00edcio de abril, levando a uma esta\u00e7\u00e3o chuvosa de seis semanas, de junho a julho, quando as m\u00e1ximas di\u00e1rias sobem para 30 \u00b0C sob forte umidade. Os ver\u00f5es atingem o pico em torno de 37 \u00b0C, temperados pela brisa mar\u00edtima, e o outono \u2014 frequentemente considerado a melhor esta\u00e7\u00e3o \u2014 traz ar puro e calor suave, embora tuf\u00f5es ocasionais fa\u00e7am sua presen\u00e7a ser sentida at\u00e9 setembro.<\/p>\n\n\n\n<p>Tremores s\u00edsmicos tamb\u00e9m fazem parte da realidade de Fukuoka, embora menos frequentes do que mais ao norte. Em 20 de mar\u00e7o de 2005, um terremoto de intensidade inferior a 6 atingiu o local \u00e0s 10h53, hor\u00e1rio local, originando-se de uma extens\u00e3o da falha de Kego sob o Mar de Genkai. Uma vida foi perdida, mais de 400 pessoas ficaram feridas e a Ilha de Genkai suportou o peso dos danos, levando a evacua\u00e7\u00f5es em massa. As casas tradicionais de madeira em Daimy\u014d e Imaizumi foram as mais afetadas, muitas posteriormente marcadas para demoli\u00e7\u00e3o. Os pagamentos de seguros se aproximaram de \u00a5 15,8 bilh\u00f5es. Um m\u00eas depois, em 20 de abril, um segundo tremor registrou 5+ na escala, ressaltando o alcance da falha. Estudos desde ent\u00e3o ampliaram o comprimento conhecido da falha de Kego para 40 quil\u00f4metros e revisaram sua probabilidade de um terremoto significativo para cima.<\/p>\n\n\n\n<p>A vida econ\u00f4mica em Fukuoka \u00e9 ancorada por servi\u00e7os e inova\u00e7\u00e3o. \u00c9 considerada o principal polo de startups do Jap\u00e3o, a \u00fanica zona nacional dedicada a novos empreendimentos, com incentivos para vistos, incentivos fiscais e redes de consultoria. Grandes corpora\u00e7\u00f5es como Iwataya e Kyushu Electric Power compartilham o horizonte com empresas de tecnologia e log\u00edstica \u00e1geis. Enquanto a ind\u00fastria pesada se concentra em Kitakyushu, a \u00e1rea metropolitana de Fukuoka \u2013 a quarta maior do Jap\u00e3o em PIB \u2013 gerou US$ 101,6 bilh\u00f5es em 2010. Em termos de poder de compra, sua produ\u00e7\u00e3o rivaliza com a de Melbourne e Barcelona.<\/p>\n\n\n\n<p>A infraestrutura de transporte refor\u00e7a a proemin\u00eancia regional de Fukuoka. A Esta\u00e7\u00e3o Hakata \u2014 terminal das linhas Sany\u014d e Kyushu Shinkansen \u2014 serve como porta de entrada para Honshu e Kagoshima. O metr\u00f4 municipal, com suas linhas K\u016bk\u014d, Hakozaki e Nanakuma (esta \u00faltima inaugurada em fevereiro de 2005), conecta o aeroporto, o centro da cidade e os bairros suburbanos. A operadora ferrovi\u00e1ria privada Nishi-Nippon Railroad transporta passageiros para \u014cmuta, enquanto a JR Kyushu e parceiros coreanos operam hidrof\u00f3lios para Busan. O Aeroporto de Fukuoka, situado dentro dos limites da cidade, opera voos dom\u00e9sticos e uma lista crescente de rotas internacionais. O porto de Hakata, juntamente com seu terminal de cruzeiros recentemente expandido, recebeu mais de 400 atraca\u00e7\u00f5es de navios at\u00e9 2016, muitos deles com visitantes da China e de Taiwan.<\/p>\n\n\n\n<p>As autoridades comerciais e tur\u00edsticas de Fukuoka capitalizaram essa conectividade. A cada ano, mais de dois milh\u00f5es de visitantes estrangeiros chegam, atra\u00eddos por especialidades locais como mentaiko, ramen com osso de porco ao estilo Hakata e motsunabe. \u00c0 noite, aglomerados de yatai \u2014 barracas de rua \u2014 surgem ao longo das margens dos rios Nakasu e Tenjin, oferecendo ramen e yakitori sob lanternas de papel. Explora\u00e7\u00f5es diurnas revelam para\u00edsos do varejo: a galeria labir\u00edntica do Canal City, o complexo moderno do JR Hakata City e as butiques ribeirinhas do Hakata Riverain.<\/p>\n\n\n\n<p>A cultura tamb\u00e9m floresce. O ACROS Fukuoka, a &#034;Encruzilhada Asi\u00e1tica Sobre o Mar&#034;, ergue-se em uma fachada verde em camadas no Parque Central Tenjin, abrigando uma sala sinf\u00f4nica e espa\u00e7os para exposi\u00e7\u00f5es. O Pr\u00eamio de Cultura Asi\u00e1tica de Fukuoka, estabelecido pela prefeitura, homenageia contribui\u00e7\u00f5es not\u00e1veis \u200b\u200b\u00e0 arte e ao conhecimento regional. Museus, galerias e teatros pontilham a malha urbana, enquanto a vizinha Sasaguri abriga o monumental Buda reclinado de Nanzoin \u2014 42 metros de bronze fundido, um dos maiores do mundo em materiais sint\u00e9ticos.<\/p>\n\n\n\n<p>Camadas hist\u00f3ricas perduram em pedra e bosque. As muralhas ca\u00eddas e as torres reconstru\u00eddas do Castelo de Fukuoka permanecem no Parque Maizuru, adjacente ao lago refletivo do Parque \u014chori. Templos como o T\u014dch\u014d-ji, o Santu\u00e1rio Hakozaki, o Kashii e o J\u014dten-ji relembram eras de patroc\u00ednio do xogunato. Al\u00e9m da parte ocidental da cidade, as praias de Itoshima \u2014 Futamigaura e Keya \u2014 atraem com suas ondas e areia, pontuadas por santu\u00e1rios antigos e pelo encontro anual de m\u00fasica ao vivo Sunset. No interior, os bordos outonais e os caminhos ladeados por est\u00e1tuas do Raizan Sennyo-ji destacam os contornos espirituais da regi\u00e3o.<\/p>\n\n\n\n<p>O pre\u00e7o acess\u00edvel aumenta o apelo de Fukuoka. Reconhecida em 2006 pela Newsweek como uma das cidades mais din\u00e2micas do mundo e, posteriormente, pela Monocle como uma das 25 cidades mais habit\u00e1veis, a cidade combina transporte p\u00fablico eficiente, ruas limpas e proximidade com a \u00c1sia. Feiras noturnas e festivais revelam uma urbanidade que parece ao mesmo tempo tranquila e produtiva.<\/p>\n\n\n\n<p>Por fim, o mosaico demogr\u00e1fico e a popula\u00e7\u00e3o jovem da cidade lhe conferem uma sensa\u00e7\u00e3o de dinamismo. Universidades, incubadoras, emissoras \u2014 incluindo RKB Mainichi e Love FM \u2014 e uma bolsa de valores local refor\u00e7am uma autoconfian\u00e7a que desmente sua periferia geogr\u00e1fica. Em Fukuoka, as vastas correntes da hist\u00f3ria e da modernidade convergem para a ba\u00eda: onde comerciantes antes trocavam mercadorias a vela, startups agora trocam ideias por cabo de fibra \u00f3ptica. No entanto, apesar de cada transforma\u00e7\u00e3o, a cidade mant\u00e9m um fio de calor \u2014 uma corrente oculta de identidade local que transforma estranhos em frequentadores ass\u00edduos, mesmo que seja apenas por uma tigela de ramen fumegante sob a luz de uma lanterna.<\/p>","protected":false},"excerpt":{"rendered":"<p>Fukuoka, a sexta maior cidade do Jap\u00e3o e sede da Prefeitura de Fukuoka, \u00e9 uma metr\u00f3pole din\u00e2mica localizada nas praias da Ba\u00eda de Hakata, na costa norte da Ilha de Kyushu. Com uma popula\u00e7\u00e3o de mais de 1,6 milh\u00e3o de habitantes, Fukuoka \u00e9 a cidade mais populosa de Kyushu e o principal centro urbano a oeste da regi\u00e3o metropolitana de Keihanshin. Esta metr\u00f3pole vibrante, historicamente um canal entre o Jap\u00e3o e o continente asi\u00e1tico, possui uma hist\u00f3ria profunda que remonta \u00e0 antiguidade e permanece parte integrante da estrutura econ\u00f4mica e cultural do Jap\u00e3o.<\/p>","protected":false},"author":1,"featured_media":2995,"parent":14797,"menu_order":0,"comment_status":"closed","ping_status":"closed","template":"elementor_theme","meta":{"_eb_attr":"","footnotes":""},"class_list":["post-14896","page","type-page","status-publish","has-post-thumbnail"],"_links":{"self":[{"href":"https:\/\/travelshelper.com\/pt\/wp-json\/wp\/v2\/pages\/14896","targetHints":{"allow":["GET"]}}],"collection":[{"href":"https:\/\/travelshelper.com\/pt\/wp-json\/wp\/v2\/pages"}],"about":[{"href":"https:\/\/travelshelper.com\/pt\/wp-json\/wp\/v2\/types\/page"}],"author":[{"embeddable":true,"href":"https:\/\/travelshelper.com\/pt\/wp-json\/wp\/v2\/users\/1"}],"replies":[{"embeddable":true,"href":"https:\/\/travelshelper.com\/pt\/wp-json\/wp\/v2\/comments?post=14896"}],"version-history":[{"count":0,"href":"https:\/\/travelshelper.com\/pt\/wp-json\/wp\/v2\/pages\/14896\/revisions"}],"up":[{"embeddable":true,"href":"https:\/\/travelshelper.com\/pt\/wp-json\/wp\/v2\/pages\/14797"}],"wp:featuredmedia":[{"embeddable":true,"href":"https:\/\/travelshelper.com\/pt\/wp-json\/wp\/v2\/media\/2995"}],"wp:attachment":[{"href":"https:\/\/travelshelper.com\/pt\/wp-json\/wp\/v2\/media?parent=14896"}],"curies":[{"name":"wp","href":"https:\/\/api.w.org\/{rel}","templated":true}]}}