{"id":14854,"date":"2024-09-20T11:08:01","date_gmt":"2024-09-20T11:08:01","guid":{"rendered":"https:\/\/travelshelper.com\/staging\/?page_id=14854"},"modified":"2026-03-11T18:23:44","modified_gmt":"2026-03-11T18:23:44","slug":"nozawa-onsen","status":"publish","type":"page","link":"https:\/\/travelshelper.com\/pt\/destinations\/asia\/japan\/nozawa-onsen\/","title":{"rendered":"Nozawa Onsen"},"content":{"rendered":"<p>Nozawaonsen, aninhada nas montanhas do nordeste da prov\u00edncia de Nagano, ocupa quase 58 quil\u00f4metros quadrados de terreno variado. A popula\u00e7\u00e3o da vila era de 3.653 habitantes, distribu\u00eddos em 1.395 domic\u00edlios em 1\u00ba de abril de 2019, resultando em uma densidade de 63 habitantes por quil\u00f4metro quadrado. Esses n\u00fameros revelam o ritmo de vida fren\u00e9tico da regi\u00e3o, onde o espa\u00e7o para florestas, terra\u00e7os de arroz e vielas sinuosas prevalece sobre o desenvolvimento denso.<\/p>\n\n\n\n<p>Situada a aproximadamente uma hora de carro da cidade de Nagano, Nozawaonsen situa-se entre picos que se elevam a 1.650 metros no Monte Kenashi e vales fluviais que descem a cerca de 300 metros acima do n\u00edvel do mar. Ao sul, a serra de Kenashi emoldura o horizonte, enquanto o rio Chikuma \u2013 o rio mais longo do Jap\u00e3o \u2013 esculpe a fronteira oeste. Al\u00e9m desse curso d&#039;\u00e1gua, fica a cidade de Iiyama, cujo contorno urbano s\u00f3 \u00e9 vis\u00edvel quando o ar do vale clareia. Ao norte e a leste, a vila encontra Sakae, outra comunidade moldada por encostas \u00edngremes e neves profundas no inverno. Dentro dessas fronteiras, surgem microclimas, temperando o calor do ver\u00e3o com as brisas da tarde e trazendo fortes nevascas de dezembro a abril.<\/p>\n\n\n\n<p>A classifica\u00e7\u00e3o clim\u00e1tica de Nozawaonsen \u00e9 continental \u00famido (K\u00f6ppen Dfa), caracterizada pela umidade no ver\u00e3o e meses frios no inverno. As temperaturas m\u00e9dias anuais giram em torno de 10,4\u00b0C, subindo para cerca de 23,3\u00b0C em agosto e caindo para -1,6\u00b0C em janeiro. A precipita\u00e7\u00e3o anual chega a 1.782 mil\u00edmetros, sendo janeiro tipicamente o m\u00eas mais chuvoso, com a queda de neve formando o famoso manto branco da vila. Essa conflu\u00eancia de altitude e precipita\u00e7\u00e3o favorece tanto o cultivo de arroz no fundo do vale quanto as extensas florestas de con\u00edferas mais acima.<\/p>\n\n\n\n<p>Evid\u00eancias de ocupa\u00e7\u00e3o humana em Nozawaonsen remontam \u00e0 sua localiza\u00e7\u00e3o na antiga prov\u00edncia de Shinano. Textos de meados do per\u00edodo Kamakura registram um assentamento chamado Yuyama, literalmente &#034;vila de montanha com fontes termais&#034;, que reflete as piscinas geot\u00e9rmicas que definem a vida local. A lenda atribui ao monge Gy\u014bki, do s\u00e9culo VIII, a descoberta pioneira dessas fontes, uma associa\u00e7\u00e3o que as dota de uma suave aura de santidade. Em 1870, 24 pousadas atendiam quase 25.000 visitantes em busca de banhos curativos, um testemunho da longa reputa\u00e7\u00e3o dessas \u00e1guas minerais.<\/p>\n\n\n\n<p>Administrativamente, a vila moderna evoluiu por meio de uma s\u00e9rie de fus\u00f5es e reclassifica\u00e7\u00f5es. Em abril de 1889, Toyosato emergiu sob o novo sistema municipal japon\u00eas. Tr\u00eas anos depois, uniu-se a Takano para formar Zuiho, mas parte dessa vila se juntou a Iiyama em 1954. O restante, reorganizado em 1\u00ba de abril de 1955, adotou o nome de Nozawaonsen, vinculando a identidade administrativa \u00e0s fontes termais que moldam a cultura e a economia locais.<\/p>\n\n\n\n<p>Agricultura e turismo constituem os dois pilares da subsist\u00eancia de Nozawaonsen. Campos \u00edngremes se estendem pelas encostas, onde arroz de montanha, vegetais e soba prosperam sob cuidadosa administra\u00e7\u00e3o. Enquanto isso, o turismo sazonal aumenta a cada inverno, gra\u00e7as a uma das esta\u00e7\u00f5es de esqui mais antigas do Jap\u00e3o. Inaugurada h\u00e1 mais de 70 anos, a \u00e1rea de esqui abrange 297 hectares em trilhas que come\u00e7am a 1.650 metros e descem por florestas repletas de montes de neve. Mais de cinquenta quil\u00f4metros de pistas preparadas variam de declives suaves para iniciantes a desafiadoras pistas pretas. Vinte e tr\u00eas telef\u00e9ricos e duas g\u00f4ndolas transportam os esquiadores para cima, e a descida mais longa se estende por dez quil\u00f4metros, proporcionando vislumbres dos Alpes Japoneses e, em dias claros, do Mar do Jap\u00e3o.<\/p>\n\n\n\n<p>As oportunidades fora de pista atraem esquiadores experientes para campos de neve mais profundos, embora a vila recomende a contrata\u00e7\u00e3o de um guia local. Um parque de terreno oferece saltos, trilhos e um tubo de 80 metros para snowboarders que buscam emo\u00e7\u00f5es controladas. Na cidade, a Nozawa Onsen Arena, inaugurada em 1993, combina uma pista de gelo com sauna e sol\u00e1rio. Um centro de sa\u00fade comunit\u00e1rio, anteriormente conhecido como Kurhaus, oferece salas de vapor e banhos ao ar livre.<\/p>\n\n\n\n<p>No entanto, a atra\u00e7\u00e3o que define a vila continua sendo sua rede de fontes termais. Trinta fontes minerais individuais alimentam treze banhos p\u00fablicos ou ryokans; cada bacia oferece composi\u00e7\u00f5es minerais, temperaturas e rituais distintos. Bares gratuitos \u2013 entre eles O-yu, Matsuba No-yu, Taki No-yu e outros dez \u2013 ficam ao lado de estabelecimentos pagos, como o Furusato Onsen e o Sparena, voltado para fam\u00edlias. Os visitantes costumam percorrer ruas estreitas de paralelep\u00edpedos para experimentar v\u00e1rios banhos em um \u00fanico dia, apreciando como as \u00e1guas com cheiro de ferro ou enxofre de cada piscina evocam sensa\u00e7\u00f5es sutilmente diferentes e supostos benef\u00edcios \u00e0 sa\u00fade.<\/p>\n\n\n\n<p>O patrim\u00f4nio cultural prospera nos dezoito tesouros designados de Nozawaonsen. Um tesouro intang\u00edvel, o Festival do Fogo, \u00e9 reconhecido nacionalmente como um Importante Patrim\u00f4nio Cultural Folcl\u00f3rico Imaterial. Os dezessete restantes, incluindo um cedro de 300 anos no santu\u00e1rio da vila, ostentam designa\u00e7\u00f5es locais.<\/p>\n\n\n\n<p>O Festival do Fogo, realizado anualmente em 15 de janeiro, \u00e9 tanto um rito comunit\u00e1rio quanto um espet\u00e1culo. Homens de quarenta, quarenta e um e quarenta e dois anos \u2014 as idades consideradas mais necessitadas de purifica\u00e7\u00e3o espiritual \u2014 e aqueles de vinte e cinco anos se re\u00fanem para construir um santu\u00e1rio de madeira de tr\u00eas andares chamado shadan. Constru\u00eddo silenciosamente e sem fixadores de metal, o santu\u00e1rio se eleva a dez metros de altura e oito de largura. Totens, conhecidos como hatsuakarikago, preparados pelas fam\u00edlias cujos filhos nasceram no ano anterior, acompanham o shadan; esses totens t\u00eam de nove a dez metros de altura, enfeitados com sinos de vento, talism\u00e3s de papel e bras\u00f5es de fam\u00edlia.<\/p>\n\n\n\n<p>Em 13 de janeiro, mestres carpinteiros guiam os yakudoshi no transporte de um tronco de faia japonesa de vinte metros da Esta\u00e7\u00e3o de Esqui de Hikage. No dia seguinte, o shadan toma forma na pra\u00e7a da vila. \u00c0s 19h do dia 15, uma pederneira passada de gera\u00e7\u00e3o em gera\u00e7\u00e3o acende a primeira tocha. Os participantes cantam can\u00e7\u00f5es tradicionais, servem saqu\u00ea para os espectadores e formam uma prociss\u00e3o iluminada por tochas at\u00e9 o local. L\u00e1, a estrutura \u00e9 cercada por homens empunhando tochas; os alde\u00f5es mais jovens tentam acender a base do santu\u00e1rio, protegidos pelos jovens de 25 anos, enquanto os de 42 anos cavalgam no topo, simbolizando a intersec\u00e7\u00e3o entre a juventude e a meia-idade.<\/p>\n\n\n\n<p>Ap\u00f3s uma hora e meia a duas horas, o santu\u00e1rio se desfaz em chamas, e o brilho do fogo ilumina a profunda noite de janeiro. Os organizadores mant\u00eam rigorosa seguran\u00e7a: guardi\u00f5es supervisionam os jovens de 25 anos, e aqueles envolvidos em trabalhos pesados \u200b\u200bse abst\u00eam de \u00e1lcool. A lota\u00e7\u00e3o costuma atingir a capacidade m\u00e1xima, e as acomoda\u00e7\u00f5es se esgotam com meses de anteced\u00eancia.<\/p>\n\n\n\n<p>Est\u00e1tuas de Dosojin \u2014 esculturas em madeira de uma divindade masculina e feminina \u2014 pontilham a vila. Pintadas e colocadas nas portas, essas figuras representam as humildes esperan\u00e7as do casamento: dois indiv\u00edduos de apar\u00eancia modesta que encontraram a felicidade na uni\u00e3o. Elas refor\u00e7am os temas do festival de comunidade, fertilidade e tutela protetora.<\/p>\n\n\n\n<p>A acessibilidade a Nozawaonsen enfatiza tanto o isolamento quanto a conex\u00e3o. Embora nenhuma ferrovia de passageiros passe diretamente pela vila, cinco esta\u00e7\u00f5es da Linha Iiyama ficam a menos de um quil\u00f4metro de suas fronteiras. As esta\u00e7\u00f5es Togari-Nozawaonsen e Kamisakai levam os viajantes mais perto do centro. Para quem chega de shinkansen, a Esta\u00e7\u00e3o Iiyama da Linha Hokuriku Shinkansen liga a vila a T\u00f3quio em aproximadamente duas horas. Um \u00f4nibus operado pela vila segue o hor\u00e1rio do shinkansen, garantindo conex\u00f5es perfeitas.<\/p>\n\n\n\n<p>Trilhas para caminhadas na neve e caminhadas cruzam as montanhas ao redor quando a neve permite. Passeios diurnos revelam cachoeiras escondidas, bosques de cedros e vistas deslumbrantes que real\u00e7am a intera\u00e7\u00e3o entre montanha e vale. Dentro da vila, ruas estreitas abrigam uma variedade de pousadas tradicionais, albergues, restaurantes especializados em soba e saqu\u00ea locais, lojas de souvenirs e vendedores ambulantes.<\/p>\n\n\n\n<p>O charme de Nozawaonsen reside na mistura de perseveran\u00e7a r\u00fastica e hospitalidade refinada. Campos, florestas e nascentes coexistem com telef\u00e9ricos modernos e visitantes internacionais. O sil\u00eancio do inverno d\u00e1 lugar a festivais iluminados por lanternas, e a vegeta\u00e7\u00e3o do ver\u00e3o suaviza as bordas das trilhas \u00edngremes. Aqui, o gotejar lento das \u00e1guas minerais e o bater dos esquis na neve incrustada definem ritmos de vida moldados pelas esta\u00e7\u00f5es, pela tradi\u00e7\u00e3o e pelo conforto duradouro do calor geot\u00e9rmico.<\/p>","protected":false},"excerpt":{"rendered":"<p>Nozawaonsen \u00e9 uma cidade pitoresca localizada na regi\u00e3o montanhosa da prov\u00edncia de Nagano, no Jap\u00e3o, com uma popula\u00e7\u00e3o de cerca de 3.653 habitantes, distribu\u00eddos entre 1.395 fam\u00edlias em 1\u00ba de abril de 2019. Esta encantadora localidade, com uma densidade populacional de 63 pessoas por quil\u00f4metro quadrado, possui uma \u00e1rea de 57,96 quil\u00f4metros quadrados (22,38 milhas quadradas), proporcionando um ref\u00fagio tranquilo das vibrantes \u00e1reas urbanas do Jap\u00e3o. Nozawaonsen, localizada na regi\u00e3o norte da prov\u00edncia de Nagano, exemplifica o charme duradouro da paisagem rural japonesa e seu rico legado cultural.<\/p>","protected":false},"author":1,"featured_media":3842,"parent":14797,"menu_order":0,"comment_status":"closed","ping_status":"closed","template":"elementor_theme","meta":{"_eb_attr":"","footnotes":""},"class_list":["post-14854","page","type-page","status-publish","has-post-thumbnail"],"_links":{"self":[{"href":"https:\/\/travelshelper.com\/pt\/wp-json\/wp\/v2\/pages\/14854","targetHints":{"allow":["GET"]}}],"collection":[{"href":"https:\/\/travelshelper.com\/pt\/wp-json\/wp\/v2\/pages"}],"about":[{"href":"https:\/\/travelshelper.com\/pt\/wp-json\/wp\/v2\/types\/page"}],"author":[{"embeddable":true,"href":"https:\/\/travelshelper.com\/pt\/wp-json\/wp\/v2\/users\/1"}],"replies":[{"embeddable":true,"href":"https:\/\/travelshelper.com\/pt\/wp-json\/wp\/v2\/comments?post=14854"}],"version-history":[{"count":0,"href":"https:\/\/travelshelper.com\/pt\/wp-json\/wp\/v2\/pages\/14854\/revisions"}],"up":[{"embeddable":true,"href":"https:\/\/travelshelper.com\/pt\/wp-json\/wp\/v2\/pages\/14797"}],"wp:featuredmedia":[{"embeddable":true,"href":"https:\/\/travelshelper.com\/pt\/wp-json\/wp\/v2\/media\/3842"}],"wp:attachment":[{"href":"https:\/\/travelshelper.com\/pt\/wp-json\/wp\/v2\/media?parent=14854"}],"curies":[{"name":"wp","href":"https:\/\/api.w.org\/{rel}","templated":true}]}}