{"id":14797,"date":"2024-09-20T09:51:48","date_gmt":"2024-09-20T09:51:48","guid":{"rendered":"https:\/\/travelshelper.com\/staging\/?page_id=14797"},"modified":"2026-03-11T17:39:09","modified_gmt":"2026-03-11T17:39:09","slug":"japao","status":"publish","type":"page","link":"https:\/\/travelshelper.com\/pt\/destinations\/asia\/japan\/","title":{"rendered":"Jap\u00e3o"},"content":{"rendered":"<p>O Jap\u00e3o \u00e9 uma na\u00e7\u00e3o insular no Leste Asi\u00e1tico, como uma fina pincelada na borda do Oceano Pac\u00edfico. Sua principal massa terrestre compreende quatro ilhas principais \u2014 Hokkaido, Honshu, Shikoku e Kyushu \u2014, al\u00e9m de mais de quatorze mil ilhas menores que se espalham por quase 3.000 quil\u00f4metros, desde a foz fria do Mar de Okhotsk, ao norte, at\u00e9 as \u00e1guas subtropicais do Mar da China Oriental, ao sul. Cobrindo 377.975 quil\u00f4metros quadrados, o Jap\u00e3o equilibra montanhas escarpadas e florestas densas com estreitas plan\u00edcies costeiras, onde tr\u00eas quartos de seu territ\u00f3rio restringem a atividade agr\u00edcola e o assentamento urbano \u00e0 costa leste.<\/p>\n\n\n\n<p>Geologicamente, o Jap\u00e3o ocupa uma posi\u00e7\u00e3o inst\u00e1vel no Anel de Fogo do Pac\u00edfico. Terremotos percorrem suas ilhas com frequ\u00eancia inquietante, e cones vulc\u00e2nicos \u2014 mais de cem deles ativos \u2014 rompem o c\u00e9u em um testemunho silencioso de for\u00e7as subterr\u00e2neas. A mem\u00f3ria do Grande Terremoto de T\u00f3quio de 1923, que ceifou mais de 140.000 vidas, permanece na consci\u00eancia coletiva da na\u00e7\u00e3o, assim como convuls\u00f5es mais recentes: o Grande Terremoto de Hanshin, em 1995, e o tremor de T\u014dhoku, em 2011, que desencadeou um tsunami devastador e uma crise nuclear.<\/p>\n\n\n\n<p>O clima varia acentuadamente de norte a sul. Em Hokkaido, os invernos se estendem em epis\u00f3dios longos e g\u00e9lidos, e lagos e campos ficam sob pesadas camadas de neve. Em dire\u00e7\u00e3o ao sul, a costa oeste de Honshu evoca frio e umidade, com os ventos do Mar do Jap\u00e3o acumulando montes de neve a cada inverno. As terras altas no centro de Honshu experimentam amplas oscila\u00e7\u00f5es sazonais de temperatura, enquanto a costa do Pac\u00edfico sob T\u00f3quio e Osaka aquece em ver\u00f5es \u00famidos e amolece sob geadas ocasionais no inverno. Ao sul, as ilhas Ry\u016bky\u016bs e Nanp\u014d sofrem com chuvas subtropicais, cujo calor \u00e9 interrompido apenas pela frente de mon\u00e7\u00f5es do in\u00edcio de maio e pela chegada de tuf\u00f5es no final do ver\u00e3o.<\/p>\n\n\n\n<p>O mundo vivo reflete essa diversidade de terras e climas. As florestas, que cobrem dois ter\u00e7os do arquip\u00e9lago, abrigam mais de noventa mil esp\u00e9cies. Ursos pardos pastam pesadamente nos pinhais de Hokkaido; macacos-japoneses descansam nas piscinas onsen fumegantes; raridades como a salamandra-gigante deslizam pelos riachos das montanhas. No interior, as \u00e1guas ancestrais do Lago Biwa correm sob bosques de bordos e cedros; ao longo da costa, p\u00e2ntanos e p\u00e2ntanos acolhem aves migrat\u00f3rias em cinquenta e tr\u00eas s\u00edtios Ramsar em todo o pa\u00eds.<\/p>\n\n\n\n<p>O assentamento humano nessas ilhas remonta a pelo menos quarenta mil anos, entrando no registro arqueol\u00f3gico do Paleol\u00edtico Superior. De grupos d\u00edspares de ca\u00e7adores-coletores, surgiram pol\u00edticas regionais, que no s\u00e9culo IV se fundiram em reinos cortes\u00e3os sob um imperador no que hoje \u00e9 Nara. Essa era promoveu a primeira s\u00edntese entre cren\u00e7a estrangeira e rito ind\u00edgena: o budismo chegou da Coreia, as ideias confucionistas e tao\u00edstas vieram da China, e as pr\u00e1ticas xinto\u00edstas, profundamente enraizadas em rituais e mitologias, surgiram da rever\u00eancia local pela natureza.<\/p>\n\n\n\n<p>No s\u00e9culo XII, governantes militares conhecidos como xogum detinham a autoridade de fato, presidindo hierarquias samurais e dom\u00ednios feudais. Os xogunatos Kamakura e Ashikaga perduraram at\u00e9 a turbulenta Era dos Estados Combatentes, no s\u00e9culo XVI. Em 1600, Tokugawa Ieyasu estabeleceu uma nova ordem a partir de Edo (atual T\u00f3quio), impondo uma pol\u00edtica de reclus\u00e3o nacional que perdurou por dois s\u00e9culos e meio. Sob o regime Tokugawa, a sociedade assumiu uma r\u00edgida estrutura de classes: os samurais comandavam honra e privil\u00e9gios; comerciantes, artes\u00e3os e agricultores desempenhavam pap\u00e9is distintos; comunidades marginalizadas, os burakumin, realizavam tarefas consideradas impuras.<\/p>\n\n\n\n<p>A chegada dos navios negros do Comodoro Perry em 1853 quebrou o isolamento das ilhas. Em quinze anos, o xogunato Tokugawa caiu e o imperador Meiji recuperou o poder real. O per\u00edodo Meiji do Jap\u00e3o se desenrolou em uma onda de reformas: dom\u00ednios feudais foram dissolvidos, ferrovias estenderam faixas de a\u00e7o por todo o territ\u00f3rio, f\u00e1bricas surgiram nas plan\u00edcies costeiras e um ex\u00e9rcito imperial marchou para o exterior. O crescimento industrial impulsionou a na\u00e7\u00e3o para o cen\u00e1rio mundial, mas tamb\u00e9m semeou ambi\u00e7\u00f5es militaristas. No final do s\u00e9culo XIX, o Jap\u00e3o disputava influ\u00eancia na Coreia e na China; em 1937, lan\u00e7ou uma invas\u00e3o em larga escala da China e, em 1941, atacou os Estados Unidos e as col\u00f4nias europeias.<\/p>\n\n\n\n<p>A derrota veio em 1945, ap\u00f3s o bombardeio de cidades e a explos\u00e3o at\u00f4mica sobre Hiroshima e Nagasaki. Sob a ocupa\u00e7\u00e3o dos Aliados, o Jap\u00e3o reescreveu sua constitui\u00e7\u00e3o, renunciando \u00e0 guerra, mesmo enquanto constru\u00eda uma For\u00e7a de Autodefesa. Um aumento na produ\u00e7\u00e3o industrial no p\u00f3s-guerra produziu motocicletas, carros e eletr\u00f4nicos que levaram o &#034;Made in Japan&#034; para os lares do mundo todo. Na d\u00e9cada de 1960, a recupera\u00e7\u00e3o econ\u00f4mica acelerou para um crescimento impressionante: rodovias e trens-bala ligavam cidades; arranha-c\u00e9us sinalizavam o poder corporativo; os padr\u00f5es de vida aumentaram vertiginosamente.<\/p>\n\n\n\n<p>Hoje, o Jap\u00e3o \u00e9 uma monarquia constitucional com uma legislatura bicameral, a Dieta Nacional. O imperador serve como figura cerimonial; o poder pol\u00edtico reside em assembleias eleitas e em um primeiro-ministro nomeado. O Jap\u00e3o \u00e9 o \u00fanico membro asi\u00e1tico do Grupo dos Sete, mas sua Constitui\u00e7\u00e3o de 1947 pro\u00edbe o uso de for\u00e7a militar para conquistas. Apesar disso, suas For\u00e7as de Autodefesa est\u00e3o entre as mais bem equipadas do mundo, e as parcerias de seguran\u00e7a com os Estados Unidos colocaram T\u00f3quio entre os primeiros grandes aliados de Washington fora da OTAN.<\/p>\n\n\n\n<p>Economicamente, o Jap\u00e3o \u00e9 o quinto maior do mundo em PIB nominal. F\u00e1bricas fervilham nas regi\u00f5es de Ch\u016bbu e Kant\u014d, produzindo autom\u00f3veis, semicondutores e equipamentos de precis\u00e3o. Laborat\u00f3rios de rob\u00f3tica aprimoram a automa\u00e7\u00e3o que molda f\u00e1bricas de Osaka a Yokohama. No entanto, o pa\u00eds tamb\u00e9m enfrenta uma d\u00edvida p\u00fablica crescente \u2014 que se aproxima de duas vezes e meia o PIB \u2014 e uma taxa de pobreza acima de 15%, apesar do baixo desemprego. Um modelo voltado para a exporta\u00e7\u00e3o conecta o Jap\u00e3o a mercados que v\u00e3o da China aos Estados Unidos, mas a depend\u00eancia energ\u00e9tica \u2014 especialmente de combust\u00edveis f\u00f3sseis importados \u2014 torna a economia vulner\u00e1vel \u00e0s oscila\u00e7\u00f5es globais de pre\u00e7os.<\/p>\n\n\n\n<p>Em termos demogr\u00e1ficos, o Jap\u00e3o encontra-se numa encruzilhada. A sua popula\u00e7\u00e3o de 123 milh\u00f5es atingiu o pico nos \u00faltimos anos; em 2025, um em cada quatro habitantes ter\u00e1 mais de 65 anos. Uma vida inteira de baixas taxas de natalidade e imigra\u00e7\u00e3o insignificante eleva as previs\u00f5es para 88 milh\u00f5es at\u00e9 2065. Salas de aula cada vez menores e cidades rurais esvaziadas de fam\u00edlias jovens ecoam por todo o interior, mesmo com os 23 bairros de T\u00f3quio continuando superlotados.<\/p>\n\n\n\n<p>Diante desses desafios, a sociedade japonesa persevera com base na l\u00edngua e na cren\u00e7a. O japon\u00eas, membro da fam\u00edlia japonesa, utiliza um sistema de escrita de kanji e kana que entrela\u00e7a logografias e silab\u00e1rios. L\u00ednguas regionais \u2014 dialetos ryukyuanos em Okinawa, o quase extinto ainu em Hokkaido \u2014 sugerem camadas mais profundas de heran\u00e7a. Entre as pr\u00e1ticas religiosas, o xinto\u00edsmo e o budismo se entrela\u00e7am: santu\u00e1rios realizam ritos sazonais; templos guardam caminhos iluminados por lanternas em festivais de lanternas; cerim\u00f4nias seculares de casamentos e funerais incorporam ambas as tradi\u00e7\u00f5es.<\/p>\n\n\n\n<p>A vida cultural pulsa nas artes e na performance. O artesanato tradicional \u2014 laca, cer\u00e2mica e tecidos de seda \u2014 mant\u00e9m t\u00e9cnicas seculares, aliadas ao design moderno. No palco, m\u00e1scaras noh evocam esp\u00edritos et\u00e9reos, atores de kabuki se transformam em trajes elaborados e fantoches de bunraku encenam hist\u00f3rias de lealdade e perda. Cal\u00edgrafos sopram pinceladas no papel, enquanto mestres do ch\u00e1 orquestram ritmos cerimoniais de tigela, batedor e \u00e1gua.<\/p>\n\n\n\n<p>A culin\u00e1ria japonesa inspira respeito global, mas \u00e9 insepar\u00e1vel de seu local de origem. Os balc\u00f5es de sushi no distrito de Tsukiji, em T\u00f3quio, se enchem de peixes da manh\u00e3; as mesas de kaiseki de Kyoto oferecem pratos sazonais, como haicai, em formato comest\u00edvel; os mares frios de Hokkaido produzem ovas de caranguejo e salm\u00e3o. Arroz, soja e algas marinhas comp\u00f5em as refei\u00e7\u00f5es di\u00e1rias; doces wagashi acompanham a cerim\u00f4nia do ch\u00e1 verde. No dia a dia, tigelas de ramen e pratos de curry \u2014 origin\u00e1rios da \u00cdndia Brit\u00e2nica \u2014 ancoram conforto e praticidade.<\/p>\n\n\n\n<p>A infraestrutura de transportes representa promessa e precis\u00e3o. Mais de um milh\u00e3o de quil\u00f4metros de estradas conectam cidades e vilas; trens de alta velocidade Shinkansen atravessam t\u00faneis a quase 300 quil\u00f4metros por hora; ferrovias regionais cruzam montanhas e plan\u00edcies. O transporte a\u00e9reo continua robusto em 280 aeroportos, com Haneda servindo como o segundo centro mais movimentado da \u00c1sia. Os superportos da Ba\u00eda de T\u00f3quio e de Osaka movimentam milh\u00f5es de cont\u00eaineres, mantendo o com\u00e9rcio fluindo em uma na\u00e7\u00e3o forjada pela importa\u00e7\u00e3o e exporta\u00e7\u00e3o.<\/p>\n\n\n\n<p>A vida no Jap\u00e3o se desenrola em meio a uma coreografia de costumes sociais. O respeito permeia as intera\u00e7\u00f5es cotidianas: rever\u00eancias pontuam os cumprimentos; cart\u00f5es de visita s\u00e3o trocados com as duas m\u00e3os; sapatos s\u00e3o tirados na soleira da porta. A etiqueta em espa\u00e7os p\u00fablicos \u2014 trens silenciosos, lixeiras separadas para reciclagem \u2014 revela uma insist\u00eancia coletiva em considera\u00e7\u00e3o. Os visitantes aprendem a evitar apoiar os hashis em p\u00e9 no arroz, a tomar banho antes de entrar em banheiras comunit\u00e1rias e a agradecer pessoalmente e por meio de bilhetes escritos \u00e0 m\u00e3o.<\/p>\n\n\n\n<p>No entanto, por tr\u00e1s desses rituais, existe um esp\u00edrito de adapta\u00e7\u00e3o. A cultura pop japonesa se estende a animes, mang\u00e1s e videogames, moldando a cultura jovem tanto nas ruas secund\u00e1rias de T\u00f3quio quanto nos caf\u00e9s rurais. A coopera\u00e7\u00e3o e o consenso mant\u00eam unidas as hierarquias no local de trabalho, mesmo que algumas mulheres e grupos minorit\u00e1rios pressionem por uma igualdade mais ampla. Em meio a uma sociedade em envelhecimento, as inova\u00e7\u00f5es em rob\u00f3tica e sa\u00fade visam aliviar o fardo do cuidado.<\/p>\n\n\n\n<p>Um pa\u00eds de contrastes, o Jap\u00e3o equilibra preserva\u00e7\u00e3o e mudan\u00e7a. Templos antigos erguem-se perto de torres de vidro; festivais em vilarejos animam ruas iluminadas por lanternas, enquanto letreiros de neon brilham no alto. Nos jardins, o musgo cobre as pedras ao lado de cachoeiras artificiais; nas cidades, lanternas de papel balan\u00e7am sob teias de fios el\u00e9tricos. \u00c9 essa intera\u00e7\u00e3o de mem\u00f3ria e inven\u00e7\u00e3o, de humildade e ambi\u00e7\u00e3o, que confere ao Jap\u00e3o sua intensidade silenciosa e presen\u00e7a duradoura no cen\u00e1rio mundial.<\/p>","protected":false},"excerpt":{"rendered":"<p>O Jap\u00e3o, uma na\u00e7\u00e3o insular localizada na costa leste da \u00c1sia, com uma popula\u00e7\u00e3o de cerca de 124 milh\u00f5es em 2024, era o nono pa\u00eds mais populoso do mundo. Esta na\u00e7\u00e3o arquipel\u00e1gica \u00e9 composta por quatro ilhas principais e v\u00e1rias ilhas menores, cobrindo uma \u00e1rea de 377.975 quil\u00f4metros quadrados (145.937 milhas quadradas) no Oceano Pac\u00edfico. A localiza\u00e7\u00e3o geogr\u00e1fica distinta da regi\u00e3o, delimitada pelo Mar do Jap\u00e3o a oeste e que se estende do Mar de Okhotsk ao norte ao Mar da China Oriental ao sul, influenciou significativamente sua hist\u00f3ria, cultura e import\u00e2ncia mundial.<\/p>","protected":false},"author":1,"featured_media":5237,"parent":24063,"menu_order":0,"comment_status":"closed","ping_status":"closed","template":"elementor_theme","meta":{"_eb_attr":"","footnotes":""},"class_list":["post-14797","page","type-page","status-publish","has-post-thumbnail"],"_links":{"self":[{"href":"https:\/\/travelshelper.com\/pt\/wp-json\/wp\/v2\/pages\/14797","targetHints":{"allow":["GET"]}}],"collection":[{"href":"https:\/\/travelshelper.com\/pt\/wp-json\/wp\/v2\/pages"}],"about":[{"href":"https:\/\/travelshelper.com\/pt\/wp-json\/wp\/v2\/types\/page"}],"author":[{"embeddable":true,"href":"https:\/\/travelshelper.com\/pt\/wp-json\/wp\/v2\/users\/1"}],"replies":[{"embeddable":true,"href":"https:\/\/travelshelper.com\/pt\/wp-json\/wp\/v2\/comments?post=14797"}],"version-history":[{"count":0,"href":"https:\/\/travelshelper.com\/pt\/wp-json\/wp\/v2\/pages\/14797\/revisions"}],"up":[{"embeddable":true,"href":"https:\/\/travelshelper.com\/pt\/wp-json\/wp\/v2\/pages\/24063"}],"wp:featuredmedia":[{"embeddable":true,"href":"https:\/\/travelshelper.com\/pt\/wp-json\/wp\/v2\/media\/5237"}],"wp:attachment":[{"href":"https:\/\/travelshelper.com\/pt\/wp-json\/wp\/v2\/media?parent=14797"}],"curies":[{"name":"wp","href":"https:\/\/api.w.org\/{rel}","templated":true}]}}